{"id":8598,"date":"2024-05-13T15:54:43","date_gmt":"2024-05-13T15:54:43","guid":{"rendered":"https:\/\/www.unitetopbalermachine.com\/product\/may-keo-soi-thuy-luc-nong-dong-ny-de-ban\/"},"modified":"2024-11-19T03:57:32","modified_gmt":"2024-11-19T03:57:32","slug":"may-keo-soi-thuy-luc-nong-dong-ny-de-ban","status":"publish","type":"product","link":"https:\/\/www.unitetopbalermachine.com\/vi\/product\/may-keo-soi-thuy-luc-nong-dong-ny-de-ban.html","title":{"rendered":"M\u00e1y k\u00e9o s\u1ee3i th\u1ee7y l\u1ef1c n\u00f3ng d\u00f2ng NY \u0111\u1ec3 b\u00e1n"},"content":{"rendered":"<h2>M\u00e1y k\u00e9o s\u1ee3i n\u00f3ng l\u00e0 g\u00ec?<\/h2>\n<p><img fetchpriority=\"high\" decoding=\"async\" class=\"wp-image-2269 alignright\" src=\"https:\/\/www.unitetopbalermachine.com\/wp-content\/uploads\/2024\/05\/maxresdefault-1-e1715614182546.jpg\" alt=\"M\u00e1y k\u00e9o s\u1ee3i n\u00f3ng\" width=\"392\" height=\"221\" srcset=\"https:\/\/www.unitetopbalermachine.com\/wp-content\/uploads\/2024\/05\/maxresdefault-1-e1715614182546.jpg 1280w, https:\/\/www.unitetopbalermachine.com\/wp-content\/uploads\/2024\/05\/maxresdefault-1-e1715614182546-300x169.jpg 300w, https:\/\/www.unitetopbalermachine.com\/wp-content\/uploads\/2024\/05\/maxresdefault-1-e1715614182546-1024x576.jpg 1024w, https:\/\/www.unitetopbalermachine.com\/wp-content\/uploads\/2024\/05\/maxresdefault-1-e1715614182546-768x432.jpg 768w, https:\/\/www.unitetopbalermachine.com\/wp-content\/uploads\/2024\/05\/maxresdefault-1-e1715614182546-600x338.jpg 600w\" sizes=\"(max-width: 392px) 100vw, 392px\" \/><\/p>\n<p><strong>M\u00e1y k\u00e9o s\u1ee3i n\u00f3ng<\/strong> l\u00e0 m\u1ed9t quy tr\u00ecnh gia c\u00f4ng kim lo\u1ea1i \u0111\u00f2i h\u1ecfi ph\u1ea3i xoay m\u1ed9t mi\u1ebfng kim lo\u1ea1i tr\u00ean m\u00e1y ti\u1ec7n trong khi \u00e1p d\u1ee5ng nhi\u1ec7t \u0111\u1ed9 cao t\u1eeb \u0111\u00e8n kh\u00f2 v\u00e0o ph\u00f4i. Khi kim lo\u1ea1i \u0111\u1ea1t \u0111\u1ebfn nhi\u1ec7t \u0111\u1ed9 cao, n\u00f3 tr\u1edf n\u00ean d\u1ec5 u\u1ed1n. T\u1ea1i th\u1eddi \u0111i\u1ec3m n\u00e0y, vi\u1ec7c \u0111\u1ecbnh h\u00ecnh di\u1ec5n ra khi m\u1ed9t c\u00f4ng c\u1ee5 chuy\u00ean d\u1ee5ng tr\u00ean m\u00e1y ti\u1ec7n \u00e9p v\u00e0o b\u1ec1 m\u1eb7t \u0111\u01b0\u1ee3c l\u00e0m n\u00f3ng, khi\u1ebfn b\u1ec1 m\u1eb7t b\u1ecb bi\u1ebfn d\u1ea1ng ho\u1eb7c m\u00e9o m\u00f3 khi quay.<\/p>\n<p>Ph\u01b0\u01a1ng ph\u00e1p n\u00e0y cho ph\u00e9p t\u1ea1o ra c\u00e1c h\u00ecnh d\u1ea1ng v\u00e0 \u0111\u01b0\u1eddng vi\u1ec1n ph\u1ee9c t\u1ea1p v\u1edbi \u0111\u1ed9 ch\u00ednh x\u00e1c cao. Ngo\u00e0i ra, c\u00e1c b\u1ed9 ph\u1eadn c\u00f3 th\u1ec3 \u0111\u01b0\u1ee3c chuy\u1ec3n ti\u1ebfp tr\u01a1n tru ho\u1eb7c thu h\u1eb9p xu\u1ed1ng \u0111\u01b0\u1eddng k\u00ednh nh\u1ecf h\u01a1n v\u1edbi l\u1ef1c t\u1ed1i thi\u1ec3u, t\u1ea1o ra l\u1edbp ho\u00e0n thi\u1ec7n li\u1ec1n m\u1ea1ch t\u1ea1i \u0111i\u1ec3m chuy\u1ec3n ti\u1ebfp.<\/p>\n<h2>Nguy\u00ean l\u00fd ho\u1ea1t \u0111\u1ed9ng<\/h2>\n<div class=\"ast-oembed-container \" style=\"height: 100%;\"><iframe title=\"NY-180 Hydraulic steel cylinder hot spinning necking-in machine\" width=\"500\" height=\"281\" src=\"https:\/\/www.youtube.com\/embed\/8PQoklGcfYE?feature=oembed\" frameborder=\"0\" allow=\"accelerometer; autoplay; clipboard-write; encrypted-media; gyroscope; picture-in-picture; web-share\" referrerpolicy=\"strict-origin-when-cross-origin\" allowfullscreen><\/iframe><\/div>\n<ul>\n<li>\u0110\u1eb7t \u1ed1ng li\u1ec1n m\u1ea1ch c\u00f3 \u0111\u01b0\u1eddng k\u00ednh v\u00e0 chi\u1ec1u d\u00e0i c\u1ee5 th\u1ec3 v\u00e0o th\u00f9ng tr\u1ee5c ch\u00ednh.<\/li>\n<li>T\u1ea1o \u00e1p l\u1ef1c th\u00f4ng qua xi lanh th\u1ee7y l\u1ef1c \u0111\u1ec3 k\u1eb9p v\u00e0 xoay \u1ed1ng nhanh ch\u00f3ng.<\/li>\n<li>L\u00e0m n\u00f3ng \u0111\u1ea7u \u0111\u1ebfn nhi\u1ec7t \u0111\u1ed9 nhi\u1ec7t d\u1ebbo, sau \u0111\u00f3 \u0111i\u1ec1u khi\u1ec3n piston xi lanh xoay \u0111\u1ec3 \u0111\u1ea9y thanh r\u0103ng v\u1ec1 ph\u00eda tr\u01b0\u1edbc, d\u1eabn \u0111\u1ed9ng b\u00e1nh r\u0103ng quay.<\/li>\n<li>Do tr\u1ee5c b\u00e1nh r\u0103ng quay, khu\u00f4n \u0111\u00f3ng s\u1ebd \u0111\u00f9n \u1ed1ng th\u00e9p nhi\u1ec7t d\u1ebbo th\u00e0nh b\u1ec1 m\u1eb7t c\u00f3 h\u00ecnh d\u1ea1ng nh\u1ea5t \u0111\u1ecbnh.<\/li>\n<\/ul>\n<h2>\u1ee8ng d\u1ee5ng<\/h2>\n<p>Th\u00edch h\u1ee3p cho s\u1ea3n xu\u1ea5t h\u00e0ng lo\u1ea1t c\u00e1c b\u00ecnh ch\u1ecbu \u00e1p l\u1ef1c nh\u01b0 b\u00ecnh ch\u1eefa ch\u00e1y c\u1ee1 nh\u1ecf v\u00e0 v\u1eeba, c\u00e1c lo\u1ea1i b\u00ecnh ch\u1ecbu \u00e1p l\u1ef1c, h\u1ed9p thu gom n\u1ed3i h\u01a1i, v.v.<\/p>\n<h2>Nh\u1eefng v\u1eadt li\u1ec7u n\u00e0o ph\u00f9 h\u1ee3p \u0111\u1ec3 k\u00e9o s\u1ee3i n\u00f3ng?<\/h2>\n<p>K\u00e9o s\u1ee3i n\u00f3ng ch\u1ee7 y\u1ebfu \u0111\u01b0\u1ee3c s\u1eed d\u1ee5ng v\u1edbi nh\u00f4m, th\u00e9p v\u00e0 h\u1ee3p kim. Vi\u1ec7c l\u1ef1a ch\u1ecdn v\u1eadt li\u1ec7u ph\u1ee5 thu\u1ed9c v\u00e0o \u1ee9ng d\u1ee5ng v\u00e0 c\u00e1c \u0111\u1eb7c t\u00ednh mong mu\u1ed1n c\u1ee7a s\u1ea3n ph\u1ea9m cu\u1ed1i c\u00f9ng.<\/p>\n<h2 class=\"fl-icon-wrap\">Th\u00f4ng s\u1ed1 k\u1ef9 thu\u1eadt<\/h2>\n<table border=\"1\" cellspacing=\"0\">\n<tbody>\n<tr>\n<td valign=\"top\" width=\"85\">Ng\u01b0\u1eddi m\u1eabu<\/td>\n<td valign=\"top\" width=\"127\">T\u1ed1c \u0111\u1ed9 tr\u1ee5c ch\u00ednh (v\u00f2ng\/ph\u00fat)<\/td>\n<td valign=\"top\" width=\"130\">Xi lanh k\u1eb9p\uff08KN\uff09<\/td>\n<td valign=\"top\" width=\"189\">Xi lanh \u0111\u00f3ng v\u00e0 nghi\u1ec1n (KN)<\/td>\n<td valign=\"top\" width=\"85\">C\u00f4ng su\u1ea5t (KW)<\/td>\n<\/tr>\n<tr>\n<td valign=\"top\" width=\"85\">NY-180<\/td>\n<td valign=\"top\" width=\"127\">350-400<\/td>\n<td valign=\"top\" width=\"130\">110<\/td>\n<td valign=\"top\" width=\"189\">60<\/td>\n<td valign=\"top\" width=\"85\">22<\/td>\n<\/tr>\n<tr>\n<td valign=\"top\" width=\"85\">NY-219<\/td>\n<td valign=\"top\" width=\"127\">350<\/td>\n<td valign=\"top\" width=\"130\">180<\/td>\n<td valign=\"top\" width=\"189\">60<\/td>\n<td valign=\"top\" width=\"85\">37<\/td>\n<\/tr>\n<tr>\n<td valign=\"top\" width=\"85\">NY-299<\/td>\n<td valign=\"top\" width=\"127\">320<\/td>\n<td valign=\"top\" width=\"130\">415<\/td>\n<td valign=\"top\" width=\"189\">76<\/td>\n<td valign=\"top\" width=\"85\">74<\/td>\n<\/tr>\n<\/tbody>\n<\/table>\n<p><img decoding=\"async\" class=\"size-full wp-image-2320 aligncenter\" src=\"https:\/\/www.unitetopbalermachine.com\/wp-content\/uploads\/2024\/05\/1-1.jpg\" alt=\"M\u00e1y k\u00e9o s\u1ee3i n\u00f3ng\" width=\"1440\" height=\"1080\" srcset=\"https:\/\/www.unitetopbalermachine.com\/wp-content\/uploads\/2024\/05\/1-1.jpg 1440w, https:\/\/www.unitetopbalermachine.com\/wp-content\/uploads\/2024\/05\/1-1-300x225.jpg 300w, https:\/\/www.unitetopbalermachine.com\/wp-content\/uploads\/2024\/05\/1-1-1024x768.jpg 1024w, https:\/\/www.unitetopbalermachine.com\/wp-content\/uploads\/2024\/05\/1-1-768x576.jpg 768w, https:\/\/www.unitetopbalermachine.com\/wp-content\/uploads\/2024\/05\/1-1-600x450.jpg 600w\" sizes=\"(max-width: 1440px) 100vw, 1440px\" \/> <img decoding=\"async\" class=\"size-full wp-image-2321 aligncenter\" src=\"https:\/\/www.unitetopbalermachine.com\/wp-content\/uploads\/2024\/05\/2.jpg\" alt=\"M\u00e1y k\u00e9o s\u1ee3i n\u00f3ng \u0111\u1ec3 b\u00e1n\" width=\"1440\" height=\"1080\" srcset=\"https:\/\/www.unitetopbalermachine.com\/wp-content\/uploads\/2024\/05\/2.jpg 1440w, https:\/\/www.unitetopbalermachine.com\/wp-content\/uploads\/2024\/05\/2-300x225.jpg 300w, https:\/\/www.unitetopbalermachine.com\/wp-content\/uploads\/2024\/05\/2-1024x768.jpg 1024w, https:\/\/www.unitetopbalermachine.com\/wp-content\/uploads\/2024\/05\/2-768x576.jpg 768w, https:\/\/www.unitetopbalermachine.com\/wp-content\/uploads\/2024\/05\/2-600x450.jpg 600w\" sizes=\"(max-width: 1440px) 100vw, 1440px\" \/><\/p>\n","protected":false},"excerpt":{"rendered":"<ul>\n<li>M\u00e1y k\u00e9o s\u1ee3i n\u00f3ng d\u00f2ng NY c\u00f3 ba th\u00f4ng s\u1ed1 k\u1ef9 thu\u1eadt: NY-180, NY-219 v\u00e0 NY-299.<\/li>\n<li>\u0110\u01b0\u1ee3c trang b\u1ecb ch\u1ee9c n\u0103ng k\u1eb9p th\u1ee7y l\u1ef1c v\u00e0 ch\u1ee9c n\u0103ng quay th\u1ee7y l\u1ef1c<\/li>\n<li>Thi\u1ebft k\u1ebf \u0111\u1ed9c \u0111\u00e1o, c\u00f4ng ngh\u1ec7 h\u00e0ng \u0111\u1ea7u.<\/li>\n<li>Ch\u00fang \u0111\u01b0\u1ee3c s\u1eed d\u1ee5ng \u0111\u1ec3 x\u1eed l\u00fd c\u00e1c b\u00ecnh oxy l\u1ecfng, \u1ed1ng d\u1eabn h\u01a1i v\u00e0 \u1ed1ng.<\/li>\n<li>Ch\u1ebf \u0111\u1ed9 v\u1eadn h\u00e0nh: C\u00f3 ch\u1ebf \u0111\u1ed9 th\u1ee7 c\u00f4ng v\u00e0 b\u00e1n t\u1ef1 \u0111\u1ed9ng.<\/li>\n<li>\u0110\u1eb7c bi\u1ec7t th\u00edch h\u1ee3p cho c\u00e1c nh\u00e0 s\u1ea3n xu\u1ea5t b\u00ecnh ch\u1eefa ch\u00e1y.<\/li>\n<\/ul>\n<h4>K\u00edch th\u01b0\u1edbc chai th\u00e9p<\/h4>\n<p>&nbsp;<\/p>\n<table border=\"1\" cellspacing=\"0\">\n<tbody>\n<tr>\n<td valign=\"top\" width=\"90\">Ng\u01b0\u1eddi m\u1eabu<\/td>\n<td valign=\"top\" width=\"127\">Ph\u1ea1m vi \u0111\u01b0\u1eddng k\u00ednh<\/td>\n<td valign=\"top\" width=\"130\">Ng\u1eafn nh\u1ea5t\uff08mm\uff09<\/td>\n<td valign=\"top\" width=\"130\">D\u00e0i nh\u1ea5t (mm)<\/td>\n<\/tr>\n<tr>\n<td valign=\"top\" width=\"90\">NY-180<\/td>\n<td valign=\"top\" width=\"127\">\u03c6120-180<\/td>\n<td valign=\"top\" width=\"130\">260-400<\/td>\n<td valign=\"top\" width=\"130\">1400<\/td>\n<\/tr>\n<tr>\n<td valign=\"top\" width=\"90\">NY-219<\/td>\n<td valign=\"top\" width=\"127\">\u03c6219<\/td>\n<td valign=\"top\" width=\"130\">400<\/td>\n<td valign=\"top\" width=\"130\">1900<\/td>\n<\/tr>\n<tr>\n<td valign=\"top\" width=\"90\">NY-299<\/td>\n<td valign=\"top\" width=\"127\">\u03c6299<\/td>\n<td valign=\"top\" width=\"130\">450<\/td>\n<td valign=\"top\" width=\"130\">2100<\/td>\n<\/tr>\n<\/tbody>\n<\/table>\n","protected":false},"featured_media":8599,"template":"","meta":{"site-sidebar-layout":"default","site-content-layout":"","ast-site-content-layout":"default","site-content-style":"default","site-sidebar-style":"default","ast-global-header-display":"","ast-banner-title-visibility":"","ast-main-header-display":"","ast-hfb-above-header-display":"","ast-hfb-below-header-display":"","ast-hfb-mobile-header-display":"","site-post-title":"","ast-breadcrumbs-content":"","ast-featured-img":"","footer-sml-layout":"","theme-transparent-header-meta":"default","adv-header-id-meta":"","stick-header-meta":"","header-above-stick-meta":"","header-main-stick-meta":"","header-below-stick-meta":"","astra-migrate-meta-layouts":"set","ast-page-background-enabled":"default","ast-page-background-meta":{"desktop":{"background-color":"var(--ast-global-color-4)","background-image":"","background-repeat":"repeat","background-position":"center center","background-size":"auto","background-attachment":"scroll","background-type":"","background-media":"","overlay-type":"","overlay-color":"","overlay-opacity":"","overlay-gradient":""},"tablet":{"background-color":"","background-image":"","background-repeat":"repeat","background-position":"center center","background-size":"auto","background-attachment":"scroll","background-type":"","background-media":"","overlay-type":"","overlay-color":"","overlay-opacity":"","overlay-gradient":""},"mobile":{"background-color":"","background-image":"","background-repeat":"repeat","background-position":"center center","background-size":"auto","background-attachment":"scroll","background-type":"","background-media":"","overlay-type":"","overlay-color":"","overlay-opacity":"","overlay-gradient":""}},"ast-content-background-meta":{"desktop":{"background-color":"var(--ast-global-color-5)","background-image":"","background-repeat":"repeat","background-position":"center center","background-size":"auto","background-attachment":"scroll","background-type":"","background-media":"","overlay-type":"","overlay-color":"","overlay-opacity":"","overlay-gradient":""},"tablet":{"background-color":"var(--ast-global-color-5)","background-image":"","background-repeat":"repeat","background-position":"center center","background-size":"auto","background-attachment":"scroll","background-type":"","background-media":"","overlay-type":"","overlay-color":"","overlay-opacity":"","overlay-gradient":""},"mobile":{"background-color":"var(--ast-global-color-5)","background-image":"","background-repeat":"repeat","background-position":"center center","background-size":"auto","background-attachment":"scroll","background-type":"","background-media":"","overlay-type":"","overlay-color":"","overlay-opacity":"","overlay-gradient":""}}},"product_brand":[],"product_cat":[130],"product_tag":[],"class_list":{"0":"post-8598","1":"product","2":"type-product","3":"status-publish","4":"has-post-thumbnail","6":"product_cat-chua-phan-loai","7":"desktop-align-left","8":"tablet-align-left","9":"mobile-align-left","11":"first","12":"instock","13":"shipping-taxable","14":"product-type-simple"},"_links":{"self":[{"href":"https:\/\/www.unitetopbalermachine.com\/vi\/wp-json\/wp\/v2\/product\/8598","targetHints":{"allow":["GET"]}}],"collection":[{"href":"https:\/\/www.unitetopbalermachine.com\/vi\/wp-json\/wp\/v2\/product"}],"about":[{"href":"https:\/\/www.unitetopbalermachine.com\/vi\/wp-json\/wp\/v2\/types\/product"}],"wp:featuredmedia":[{"embeddable":true,"href":"https:\/\/www.unitetopbalermachine.com\/vi\/wp-json\/wp\/v2\/media\/8599"}],"wp:attachment":[{"href":"https:\/\/www.unitetopbalermachine.com\/vi\/wp-json\/wp\/v2\/media?parent=8598"}],"wp:term":[{"taxonomy":"product_brand","embeddable":true,"href":"https:\/\/www.unitetopbalermachine.com\/vi\/wp-json\/wp\/v2\/product_brand?post=8598"},{"taxonomy":"product_cat","embeddable":true,"href":"https:\/\/www.unitetopbalermachine.com\/vi\/wp-json\/wp\/v2\/product_cat?post=8598"},{"taxonomy":"product_tag","embeddable":true,"href":"https:\/\/www.unitetopbalermachine.com\/vi\/wp-json\/wp\/v2\/product_tag?post=8598"}],"curies":[{"name":"wp","href":"https:\/\/api.w.org\/{rel}","templated":true}]}}