{"id":8587,"date":"2024-05-06T05:38:29","date_gmt":"2024-05-06T05:38:29","guid":{"rendered":"https:\/\/www.unitetopbalermachine.com\/product\/may-cat-thuy-luc-alligator-series-q43\/"},"modified":"2025-07-24T08:23:50","modified_gmt":"2025-07-24T08:23:50","slug":"may-cat-thuy-luc-alligator-series-q43","status":"publish","type":"product","link":"https:\/\/www.unitetopbalermachine.com\/vi\/product\/may-cat-thuy-luc-alligator-series-q43.html","title":{"rendered":"M\u00e1y c\u1eaft th\u1ee7y l\u1ef1c Alligator Series Q43"},"content":{"rendered":"<h2 class=\"page_title\">M\u00e1y c\u1eaft c\u00e1 s\u1ea5u ph\u1ebf li\u1ec7u th\u1ee7y l\u1ef1c Q43 Series<\/h2>\n<p style=\"text-align: center;\"> <iframe title=\"Tr\u00ecnh ph\u00e1t video YouTube\" src=\"https:\/\/www.youtube.com\/embed\/54J_ySjnjaw?si=k5JnzYdT_ot-5unv\" width=\"560\" height=\"315\" frameborder=\"0\" allowfullscreen=\"allowfullscreen\"><\/iframe><\/p>\n<h2>C\u00e1c th\u00e0nh ph\u1ea7n ch\u00ednh c\u1ee7a m\u00e1y c\u1eaft th\u1ee7y l\u1ef1c Alligator<\/h2>\n<p>L\u01b0\u1ee1i c\u1eaft, t\u1ea5m \u00e9p, xi lanh, \u0111\u1ed9ng c\u01a1, m\u00e1y b\u01a1m, th\u00f9ng d\u1ea7u, van v\u00e0 h\u1ed9p \u0111i\u1ec1u khi\u1ec3n \u0111i\u1ec7n \u0111\u1ec1u c\u00f3 trong m\u00e1y c\u1eaft c\u00e1 s\u1ea5u th\u1ee7y l\u1ef1c c\u1ee7a ch\u00fang t\u00f4i.<\/p>\n<p><img fetchpriority=\"high\" decoding=\"async\" class=\"wp-image-1629 aligncenter\" src=\"https:\/\/www.unitetopbalermachine.com\/wp-content\/uploads\/2024\/05\/20220520144013_46021-1024x611.jpg\" alt=\"M\u00e1y c\u1eaft ph\u1ebf li\u1ec7u th\u1ee7y l\u1ef1c Alligator\" width=\"692\" height=\"413\" srcset=\"https:\/\/www.unitetopbalermachine.com\/wp-content\/uploads\/2024\/05\/20220520144013_46021-1024x611.jpg 1024w, https:\/\/www.unitetopbalermachine.com\/wp-content\/uploads\/2024\/05\/20220520144013_46021-600x358.jpg 600w, https:\/\/www.unitetopbalermachine.com\/wp-content\/uploads\/2024\/05\/20220520144013_46021-300x179.jpg 300w, https:\/\/www.unitetopbalermachine.com\/wp-content\/uploads\/2024\/05\/20220520144013_46021-768x459.jpg 768w, https:\/\/www.unitetopbalermachine.com\/wp-content\/uploads\/2024\/05\/20220520144013_46021.jpg 1298w\" sizes=\"(max-width: 692px) 100vw, 692px\" \/><\/p>\n<p><strong>L\u01b0\u1ee1i c\u1eaft<\/strong><br \/>\nL\u01b0\u1ee1i dao ch\u1ecbu l\u1ef1c \u0111\u01b0\u1ee3c thi\u1ebft k\u1ebf \u0111\u1ec3 c\u1eaft kim lo\u1ea1i m\u1ea1nh m\u1ebd, ch\u00ednh x\u00e1c v\u1edbi kh\u1ea3 n\u0103ng ch\u1ed1ng m\u00e0i m\u00f2n tuy\u1ec7t v\u1eddi v\u00e0 tu\u1ed5i th\u1ecd ho\u1ea1t \u0111\u1ed9ng l\u00e2u d\u00e0i.<\/p>\n<p><strong>T\u1ea5m \u00e9p<\/strong><br \/>\nGi\u1eef ch\u1eb7t v\u1eadt li\u1ec7u ph\u1ebf li\u1ec7u trong qu\u00e1 tr\u00ecnh c\u1eaft, ng\u0103n ng\u1eeba s\u1ef1 d\u1ecbch chuy\u1ec3n v\u00e0 \u0111\u1ea3m b\u1ea3o \u0111\u1ed9 \u1ed5n \u0111\u1ecbnh khi c\u1eaft c\u0169ng nh\u01b0 an to\u00e0n cho ng\u01b0\u1eddi v\u1eadn h\u00e0nh.<\/p>\n<p><strong>Xi lanh \u00e9p<\/strong><br \/>\n\u00c1p d\u1ee5ng l\u1ef1c th\u1ee7y l\u1ef1c h\u01b0\u1edbng xu\u1ed1ng \u0111\u1ec3 truy\u1ec1n \u0111\u1ed9ng cho t\u1ea5m \u00e9p, gi\u1eef ch\u1eb7t v\u1eadt li\u1ec7u t\u1ea1i ch\u1ed7 tr\u01b0\u1edbc khi c\u1eaft.<\/p>\n<p><strong>Xi lanh c\u1eaft<\/strong><br \/>\nK\u00edch ho\u1ea1t l\u01b0\u1ee1i c\u1eaft v\u1edbi \u00e1p su\u1ea5t cao, \u0111\u1ea3m b\u1ea3o chuy\u1ec3n \u0111\u1ed9ng hi\u1ec7u qu\u1ea3 v\u00e0 nh\u1ea5t qu\u00e1n khi c\u1eaft nhi\u1ec1u lo\u1ea1i kim lo\u1ea1i kh\u00e1c nhau.<\/p>\n<p><strong>B\u1ed3n ch\u1ee9a d\u1ea7u<\/strong><br \/>\nL\u01b0u tr\u1eef v\u00e0 cung c\u1ea5p d\u1ea7u th\u1ee7y l\u1ef1c cho h\u1ec7 th\u1ed1ng, \u0111\u1ea3m b\u1ea3o m\u00e1y ho\u1ea1t \u0111\u1ed9ng tr\u01a1n tru, \u1ed5n \u0111\u1ecbnh v\u00e0 li\u00ean t\u1ee5c.<\/p>\n<p><strong>Van<\/strong><br \/>\n\u0110i\u1ec1u ch\u1ec9nh h\u01b0\u1edbng v\u00e0 \u00e1p su\u1ea5t c\u1ee7a d\u00f2ng ch\u1ea5t l\u1ecfng th\u1ee7y l\u1ef1c, ki\u1ec3m so\u00e1t c\u1ea3 ch\u1ee9c n\u0103ng c\u1ee7a xi lanh \u00e9p v\u00e0 c\u1eaft.<\/p>\n<p><strong>\u0110\u1ed9ng c\u01a1<\/strong><br \/>\n\u0110i\u1ec1u khi\u1ec3n b\u01a1m th\u1ee7y l\u1ef1c \u0111\u1ec3 v\u1eadn h\u00e0nh m\u00e1y b\u1eb1ng c\u00e1ch chuy\u1ec3n \u0111\u1ed5i n\u0103ng l\u01b0\u1ee3ng \u0111i\u1ec7n th\u00e0nh n\u0103ng l\u01b0\u1ee3ng c\u01a1 h\u1ecdc.<\/p>\n<p><strong>H\u1ed9p \u0111i\u1ec7n<\/strong><br \/>\nCh\u1ee9a h\u1ec7 th\u1ed1ng \u0111i\u1ec1u khi\u1ec3n \u0111i\u1ec7n, cho ph\u00e9p t\u1ef1 \u0111\u1ed9ng h\u00f3a, kh\u00f3a an to\u00e0n v\u00e0 ch\u1ee9c n\u0103ng m\u00e1y \u0111\u01b0\u1ee3c ph\u1ed1i h\u1ee3p.<\/p>\n<p><strong>B\u01a1m<\/strong><br \/>\nCung c\u1ea5p d\u1ea7u th\u1ee7y l\u1ef1c \u00e1p su\u1ea5t cao cho c\u00e1c xi lanh, cho ph\u00e9p th\u1ef1c hi\u1ec7n c\u00e1c ho\u1ea1t \u0111\u1ed9ng c\u1eaft v\u00e0 \u00e9p m\u1ea1nh m\u1ebd, hi\u1ec7u qu\u1ea3.<\/p>\n<h2>C\u00e1c t\u00ednh n\u0103ng ch\u00ednh c\u1ee7a m\u00e1y c\u1eaft c\u00e1 s\u1ea5u th\u1ee7y l\u1ef1c<\/h2>\n<p>M\u00e1y c\u1eaft c\u00e1 s\u1ea5u th\u1ee7y l\u1ef1c c\u1ee7a ch\u00fang t\u00f4i \u0111\u01b0\u1ee3c ch\u1ebf t\u1ea1o b\u1eb1ng th\u00e9p c\u01b0\u1eddng \u0111\u1ed9 cao v\u00e0 khung h\u00e0n d\u1ea1ng h\u1ed9p, \u0111\u1ea3m b\u1ea3o kh\u1ea3 n\u0103ng ch\u1ed1ng va \u0111\u1eadp v\u00e0 \u0111\u1ed9 b\u1ec1n v\u01b0\u1ee3t tr\u1ed9i cho c\u00e1c ho\u1ea1t \u0111\u1ed9ng li\u00ean t\u1ee5c ch\u1ecbu t\u1ea3i n\u1eb7ng.<\/p>\n<table class=\"table0610\">\n<tbody>\n<tr>\n<td width=\"284\"><img decoding=\"async\" class=\"alignnone size-full wp-image-12226\" src=\"https:\/\/www.unitetopbalermachine.com\/wp-content\/uploads\/2025\/06\/Metal-Baler-Guide-Sleeve-Rust-Proof-Treatment.webp\" alt=\"\u1ed0ng d\u1eabn h\u01b0\u1edbng m\u00e1y \u0111\u00f3ng ki\u1ec7n kim lo\u1ea1i ch\u1ed1ng g\u1ec9\" width=\"600\" height=\"380\" srcset=\"https:\/\/www.unitetopbalermachine.com\/wp-content\/uploads\/2025\/06\/Metal-Baler-Guide-Sleeve-Rust-Proof-Treatment.webp 600w, https:\/\/www.unitetopbalermachine.com\/wp-content\/uploads\/2025\/06\/Metal-Baler-Guide-Sleeve-Rust-Proof-Treatment-300x190.webp 300w\" sizes=\"(max-width: 600px) 100vw, 600px\" \/><\/td>\n<td width=\"284\"><strong>\u1ed0ng d\u1eabn h\u01b0\u1edbng ch\u1ed1ng g\u1ec9<\/strong><\/p>\n<p>X\u1eed l\u00fd ch\u1ed1ng \u0103n m\u00f2n \u0111\u1eb7c bi\u1ec7t gi\u00fap t\u0103ng \u0111\u1ed9 b\u1ec1n l\u00e2u d\u00e0i v\u00e0 v\u1eadn h\u00e0nh tr\u01a1n tru trong \u0111i\u1ec1u ki\u1ec7n l\u00e0m vi\u1ec7c kh\u1eafc nghi\u1ec7t.<\/td>\n<\/tr>\n<tr>\n<td width=\"284\"><strong>\u1ed0ng \u0111\u1ed3ng thay th\u1ebf cho v\u00f2ng \u0111\u1ec7m k\u00edn<\/strong><\/p>\n<p>\u0110\u01b0\u1ee3c n\u00e2ng c\u1ea5p b\u1eb1ng \u1ed1ng \u0111\u1ed3ng \u0111\u1ec3 c\u1ea3i thi\u1ec7n \u0111\u00e1ng k\u1ec3 kh\u1ea3 n\u0103ng ch\u1ed1ng m\u00e0i m\u00f2n v\u00e0 hi\u1ec7u su\u1ea5t b\u1ecbt k\u00edn, gi\u1ea3m t\u1ea7n su\u1ea5t b\u1ea3o tr\u00ec.<\/td>\n<td width=\"284\"><img decoding=\"async\" class=\"alignnone size-full wp-image-12238\" src=\"https:\/\/www.unitetopbalermachine.com\/wp-content\/uploads\/2025\/06\/Copper-Sleeve-Instead-of-Sealing-Ring-in-Metal-Baler-Assembly.webp\" alt=\"\u1ed0ng b\u1ecdc \u0111\u1ed3ng thay th\u1ebf cho v\u00f2ng \u0111\u1ec7m trong c\u1ee5m m\u00e1y \u0111\u00f3ng ki\u1ec7n kim lo\u1ea1i\" width=\"600\" height=\"380\" srcset=\"https:\/\/www.unitetopbalermachine.com\/wp-content\/uploads\/2025\/06\/Copper-Sleeve-Instead-of-Sealing-Ring-in-Metal-Baler-Assembly.webp 600w, https:\/\/www.unitetopbalermachine.com\/wp-content\/uploads\/2025\/06\/Copper-Sleeve-Instead-of-Sealing-Ring-in-Metal-Baler-Assembly-300x190.webp 300w\" sizes=\"(max-width: 600px) 100vw, 600px\" \/><\/td>\n<\/tr>\n<tr>\n<td width=\"284\"><img loading=\"lazy\" decoding=\"async\" class=\"alignnone size-full wp-image-12262\" src=\"https:\/\/www.unitetopbalermachine.com\/wp-content\/uploads\/2025\/06\/Multiple-Security-Protection.webp\" alt=\"B\u1ea3o v\u1ec7 nhi\u1ec1u l\u1edbp b\u1ea3o m\u1eadt\" width=\"600\" height=\"380\" srcset=\"https:\/\/www.unitetopbalermachine.com\/wp-content\/uploads\/2025\/06\/Multiple-Security-Protection.webp 600w, https:\/\/www.unitetopbalermachine.com\/wp-content\/uploads\/2025\/06\/Multiple-Security-Protection-300x190.webp 300w\" sizes=\"(max-width: 600px) 100vw, 600px\" \/><\/td>\n<td width=\"284\"><strong>B\u1ea3o v\u1ec7 an to\u00e0n to\u00e0n di\u1ec7n<\/strong><\/p>\n<p>\u0110\u01b0\u1ee3c t\u00edch h\u1ee3p v\u1edbi c\u00e1c n\u00fat \u0111i\u1ec1u khi\u1ec3n th\u1ee7 c\u00f4ng, v\u1ecf b\u1ea3o v\u1ec7 v\u00e0 c\u00f4ng t\u1eafc d\u1eebng kh\u1ea9n c\u1ea5p \u0111\u1ec3 \u0111\u1ea3m b\u1ea3o ho\u1ea1t \u0111\u1ed9ng an to\u00e0n v\u00e0 kh\u00f4ng c\u00f3 l\u1ed7i.<\/td>\n<\/tr>\n<\/tbody>\n<\/table>\n<style>.table0610{border:none;} .table0610 td{border:none;}<\/style>\n<h2>Th\u00f4ng s\u1ed1 k\u1ef9 thu\u1eadt s\u1ea3n ph\u1ea9m<\/h2>\n<table border=\"1\" cellspacing=\"0\">\n<tbody>\n<tr>\n<td valign=\"top\" width=\"80\">\n<p align=\"center\">Ng\u01b0\u1eddi m\u1eabu<\/p>\n<\/td>\n<td valign=\"top\" width=\"119\">L\u1ef1c c\u1eaft t\u1ed1i \u0111a (T\u1ea5n)<\/td>\n<td valign=\"top\" width=\"92\">Chi\u1ec1u d\u00e0i l\u01b0\u1ee1i dao (mm)<\/td>\n<td valign=\"top\" width=\"112\">K\u00edch th\u01b0\u1edbc c\u1eaft t\u1ed1i \u0111a (mm)<\/td>\n<td valign=\"top\" width=\"134\">T\u1ea7n su\u1ea5t c\u1eaft (l\u1ea7n\/ph\u00fat)<\/td>\n<td valign=\"top\" width=\"66\">\n<p align=\"center\">C\u00f4ng su\u1ea5t (kw)<\/p>\n<\/td>\n<\/tr>\n<tr>\n<td valign=\"top\" width=\"80\">\n<p align=\"center\">Q43-630<\/p>\n<\/td>\n<td valign=\"top\" width=\"119\">\n<p align=\"center\">63<\/p>\n<\/td>\n<td valign=\"top\" width=\"92\">\n<p align=\"center\">600\/800<\/p>\n<\/td>\n<td valign=\"top\" width=\"112\">\n<p align=\"center\">35&#215;35 \u03c640<\/p>\n<\/td>\n<td valign=\"top\" width=\"134\">\n<p align=\"center\">10-12<\/p>\n<\/td>\n<td valign=\"top\" width=\"66\">\n<p align=\"center\">7.5<\/p>\n<\/td>\n<\/tr>\n<tr>\n<td valign=\"top\" width=\"80\">\n<p align=\"center\">Q43-1200<\/p>\n<\/td>\n<td valign=\"top\" width=\"119\">\n<p align=\"center\">120<\/p>\n<\/td>\n<td valign=\"top\" width=\"92\">\n<p align=\"center\">600\/800<\/p>\n<\/td>\n<td valign=\"top\" width=\"112\">\n<p align=\"center\">50&#215;50 \u03c655<\/p>\n<\/td>\n<td valign=\"top\" width=\"134\">\n<p align=\"center\">10-12<\/p>\n<\/td>\n<td valign=\"top\" width=\"66\">\n<p align=\"center\">15<\/p>\n<\/td>\n<\/tr>\n<tr>\n<td valign=\"top\" width=\"80\">\n<p align=\"center\">Q43-1600<\/p>\n<\/td>\n<td valign=\"top\" width=\"119\">\n<p align=\"center\">160<\/p>\n<\/td>\n<td valign=\"top\" width=\"92\">\n<p align=\"center\">700\/800<\/p>\n<\/td>\n<td valign=\"top\" width=\"112\">\n<p align=\"center\">55&#215;55 \u03c663<\/p>\n<\/td>\n<td valign=\"top\" width=\"134\">\n<p align=\"center\">8-10<\/p>\n<\/td>\n<td valign=\"top\" width=\"66\">\n<p align=\"center\">18.5<\/p>\n<\/td>\n<\/tr>\n<tr>\n<td valign=\"top\" width=\"80\">\n<p align=\"center\">Q43-2000<\/p>\n<\/td>\n<td valign=\"top\" width=\"119\">\n<p align=\"center\">200<\/p>\n<\/td>\n<td valign=\"top\" width=\"92\">\n<p align=\"center\">800\/1000<\/p>\n<\/td>\n<td valign=\"top\" width=\"112\">\n<p align=\"center\">65&#215;65 \u03c670<\/p>\n<\/td>\n<td valign=\"top\" width=\"134\">\n<p align=\"center\">8-10<\/p>\n<\/td>\n<td valign=\"top\" width=\"66\">\n<p align=\"center\">22<\/p>\n<\/td>\n<\/tr>\n<tr>\n<td valign=\"top\" width=\"80\">\n<p align=\"center\">Q43-2500<\/p>\n<\/td>\n<td valign=\"top\" width=\"119\">\n<p align=\"center\">250<\/p>\n<\/td>\n<td valign=\"top\" width=\"92\">\n<p align=\"center\">1000\/1200<\/p>\n<\/td>\n<td valign=\"top\" width=\"112\">\n<p align=\"center\">70&#215;70 \u03c680<\/p>\n<\/td>\n<td valign=\"top\" width=\"134\">\n<p align=\"center\">6-8<\/p>\n<\/td>\n<td valign=\"top\" width=\"66\">\n<p align=\"center\">2&#215;15<\/p>\n<\/td>\n<\/tr>\n<tr>\n<td valign=\"top\" width=\"80\">\n<p align=\"center\">Q43-3150<\/p>\n<\/td>\n<td valign=\"top\" width=\"119\">\n<p align=\"center\">315<\/p>\n<\/td>\n<td valign=\"top\" width=\"92\">\n<p align=\"center\">1200<\/p>\n<\/td>\n<td valign=\"top\" width=\"112\">\n<p align=\"center\">75&#215;75 \u03c685<\/p>\n<\/td>\n<td valign=\"top\" width=\"134\">\n<p align=\"center\">6-8<\/p>\n<\/td>\n<td valign=\"top\" width=\"66\">\n<p align=\"center\">2&#215;18.5<\/p>\n<\/td>\n<\/tr>\n<tr>\n<td valign=\"top\" width=\"80\">\n<p align=\"center\">Q43-4000<\/p>\n<\/td>\n<td valign=\"top\" width=\"119\">\n<p align=\"center\">400<\/p>\n<\/td>\n<td valign=\"top\" width=\"92\">\n<p align=\"center\">1200\/1500<\/p>\n<\/td>\n<td valign=\"top\" width=\"112\">\n<p align=\"center\">90&#215;90 \u03c6100<\/p>\n<\/td>\n<td valign=\"top\" width=\"134\">\n<p align=\"center\">4-8<\/p>\n<\/td>\n<td valign=\"top\" width=\"66\">\n<p align=\"center\">2&#215;22<\/p>\n<\/td>\n<\/tr>\n<tr>\n<td valign=\"top\" width=\"80\">\n<p align=\"center\">Q43-5000<\/p>\n<\/td>\n<td valign=\"top\" width=\"119\">\n<p align=\"center\">500<\/p>\n<\/td>\n<td valign=\"top\" width=\"92\">\n<p align=\"center\">1600<\/p>\n<\/td>\n<td valign=\"top\" width=\"112\">\n<p align=\"center\">100&#215;100 \u03c6100<\/p>\n<\/td>\n<td valign=\"top\" width=\"134\">\n<p align=\"center\">4-8<\/p>\n<\/td>\n<td valign=\"top\" width=\"66\">\n<p align=\"center\">2&#215;30<\/p>\n<\/td>\n<\/tr>\n<tr>\n<td valign=\"top\" width=\"80\">\n<p align=\"center\">Q43-6000<\/p>\n<\/td>\n<td valign=\"top\" width=\"119\">\n<p align=\"center\">600<\/p>\n<\/td>\n<td valign=\"top\" width=\"92\">\n<p align=\"center\">1600\/1800<\/p>\n<\/td>\n<td valign=\"top\" width=\"112\">\n<p align=\"center\">110&#215;110 \u03c6120<\/p>\n<\/td>\n<td valign=\"top\" width=\"134\">\n<p align=\"center\">4-8<\/p>\n<\/td>\n<td valign=\"top\" width=\"66\">\n<p align=\"center\">2&#215;45<\/p>\n<\/td>\n<\/tr>\n<\/tbody>\n<\/table>\n<h2>\u1ee8ng d\u1ee5ng<\/h2>\n<p>M\u00e1y c\u1eaft c\u00e1 s\u1ea5u ph\u1ebf li\u1ec7u th\u1ee7y l\u1ef1c r\u1ea5t linh ho\u1ea1t v\u00e0 \u0111\u01b0\u1ee3c s\u1eed d\u1ee5ng trong nhi\u1ec1u m\u00f4i tr\u01b0\u1eddng kh\u00e1c nhau nh\u1edd thi\u1ebft k\u1ebf ch\u1eafc ch\u1eafn v\u00e0 ho\u1ea1t \u0111\u1ed9ng hi\u1ec7u qu\u1ea3.<\/p>\n<p>Sau \u0111\u00e2y l\u00e0 m\u1ed9t s\u1ed1 \u1ee9ng d\u1ee5ng \u0111i\u1ec3n h\u00ecnh:<\/p>\n<ol>\n<li><strong>B\u00e3i ph\u1ebf li\u1ec7u:<\/strong> M\u00e1y c\u1eaft c\u00e1 s\u1ea5u r\u1ea5t c\u1ea7n thi\u1ebft trong c\u00e1c b\u00e3i ph\u1ebf li\u1ec7u \u0111\u1ec3 c\u1eaft kim lo\u1ea1i th\u00e0nh c\u00e1c k\u00edch th\u01b0\u1edbc d\u1ec5 qu\u1ea3n l\u00fd tr\u01b0\u1edbc khi x\u1eed l\u00fd ho\u1eb7c v\u1eadn chuy\u1ec3n.<\/li>\n<li><strong>C\u01a1 s\u1edf t\u00e1i ch\u1ebf:<\/strong> Gi\u00fap t\u00e1i ch\u1ebf b\u1eb1ng c\u00e1ch c\u1eaft kim lo\u1ea1i v\u1ee5n th\u00e0nh nh\u1eefng m\u1ea3nh nh\u1ecf h\u01a1n, gi\u00fap vi\u1ec7c x\u1eed l\u00fd v\u00e0 ch\u1ebf bi\u1ebfn nhi\u1ec1u lo\u1ea1i kim lo\u1ea1i d\u1ec5 d\u00e0ng h\u01a1n.<\/li>\n<li><strong>Th\u00e1o d\u1ee1 \u00f4 t\u00f4:<\/strong> \u0110\u01b0\u1ee3c s\u1eed d\u1ee5ng trong ng\u00e0nh c\u00f4ng nghi\u1ec7p \u00f4 t\u00f4, \u0111\u1eb7c bi\u1ec7t l\u00e0 trong vi\u1ec7c th\u00e1o d\u1ee1 c\u00e1c xe c\u0169 ho\u1eb7c b\u1ecb h\u01b0 h\u1ecfng \u0111\u1ec3 t\u00e1ch c\u00e1c b\u1ed9 ph\u1eadn kim lo\u1ea1i kh\u00e1c nhau.<\/li>\n<li><strong>C\u00f4ng tr\u01b0\u1eddng x\u00e2y d\u1ef1ng: <\/strong> Nh\u1eefng <a href=\"https:\/\/www.unitetopbalermachine.com\/vi\/may-cat-kim-loai-thuy-luc.html\">m\u00e1y c\u1eaft kim lo\u1ea1i <\/a> n\u00e0y h\u1eefu \u00edch \u0111\u1ec3 c\u1eaft c\u1ed1t th\u00e9p, d\u1ea7m th\u00e9p v\u00e0 c\u00e1c v\u1eadt li\u1ec7u x\u00e2y d\u1ef1ng b\u1eb1ng kim lo\u1ea1i kh\u00e1c t\u1ea1i c\u00f4ng tr\u01b0\u1eddng \u0111\u1ec3 x\u1eed l\u00fd ho\u1eb7c t\u00e1i ch\u1ebf d\u1ec5 d\u00e0ng h\u01a1n.<\/li>\n<li><strong>Nh\u00e0 m\u00e1y s\u1ea3n xu\u1ea5t:<\/strong> H\u1ed7 tr\u1ee3 c\u1eaft b\u1ecf c\u00e1c b\u1ed9 ph\u1eadn v\u00e0 v\u1eadt li\u1ec7u d\u01b0 th\u1eeba trong qu\u00e1 tr\u00ecnh s\u1ea3n xu\u1ea5t, gi\u00fap duy tr\u00ec hi\u1ec7u qu\u1ea3 v\u00e0 gi\u1ea3m thi\u1ec3u ch\u1ea5t th\u1ea3i.<\/li>\n<li><strong>X\u01b0\u1edfng ch\u1ebf t\u1ea1o kim lo\u1ea1i: <\/strong> \u0110\u01b0\u1ee3c s\u1eed d\u1ee5ng \u0111\u1ec3 c\u1eaft ch\u00ednh x\u00e1c c\u00e1c t\u1ea5m kim lo\u1ea1i, thanh kim lo\u1ea1i v\u00e0 c\u00e1c h\u00ecnh d\u1ea1ng kh\u00e1c theo k\u00edch th\u01b0\u1edbc c\u1ee5 th\u1ec3 theo y\u00eau c\u1ea7u ch\u1ebf t\u1ea1o t\u00f9y ch\u1ec9nh.<\/li>\n<li><strong>X\u01b0\u1edfng \u0111\u00fac: <\/strong> H\u1eefu \u00edch \u0111\u1ec3 c\u1eaft c\u00e1c m\u1ea3nh kim lo\u1ea1i l\u1edbn v\u00e0 ph\u1ebf li\u1ec7u th\u00e0nh k\u00edch th\u01b0\u1edbc nh\u1ecf h\u01a1n, ph\u00f9 h\u1ee3p \u0111\u1ec3 \u0111\u01b0a v\u00e0o l\u00f2 nung.<\/li>\n<li><strong>Ph\u00e1 t\u00e0u: <\/strong> \u0110\u01b0\u1ee3c s\u1eed d\u1ee5ng \u0111\u1ec3 ph\u00e1 d\u1ee1 t\u00e0u, c\u1eaft xuy\u00ean qua c\u00e1c t\u1ea5m kim lo\u1ea1i d\u00e0y v\u00e0 c\u00e1c c\u1ea5u tr\u00fac m\u1ed9t c\u00e1ch hi\u1ec7u qu\u1ea3.<\/li>\n<\/ol>\n<h2>Nh\u00e0 cung c\u1ea5p h\u1ee3p t\u00e1c<\/h2>\n<p>M\u00e1y c\u1eaft c\u00e1 s\u1ea5u ph\u1ebf li\u1ec7u th\u1ee7y l\u1ef1c c\u1ee7a ch\u00fang t\u00f4i c\u00f3 c\u00e1c th\u00e0nh ph\u1ea7n t\u00f9y ch\u1ec9nh, ch\u1ea5t l\u01b0\u1ee3ng cao t\u1eeb c\u00e1c th\u01b0\u01a1ng hi\u1ec7u to\u00e0n c\u1ea7u n\u1ed5i ti\u1ebfng. Ch\u00fang t\u00f4i \u0111\u00e3 duy tr\u00ec quan h\u1ec7 \u0111\u1ed1i t\u00e1c k\u00e9o d\u00e0i h\u00e0ng th\u1eadp k\u1ef7 v\u1edbi c\u00e1c nh\u00e0 cung c\u1ea5p h\u00e0ng \u0111\u1ea7u nh\u01b0 Siemens, NOK Omron, Schneider, Chint v\u00e0 Mitsubishi, \u0111\u1ea3m b\u1ea3o hi\u1ec7u su\u1ea5t v\u00e0 \u0111\u1ed9 tin c\u1eady v\u01b0\u1ee3t tr\u1ed9i. <\/p>\n<p><img loading=\"lazy\" decoding=\"async\" class=\"wp-image-1707 aligncenter\" src=\"https:\/\/www.unitetopbalermachine.com\/wp-content\/uploads\/2024\/05\/COOPERATIVE-SUPPLIERS-1024x256.jpg\" alt=\"NH\u00c0 CUNG C\u1ea4P H\u1ee2P T\u00c1C\" width=\"701\" height=\"175\" srcset=\"https:\/\/www.unitetopbalermachine.com\/wp-content\/uploads\/2024\/05\/COOPERATIVE-SUPPLIERS-1024x256.jpg 1024w, https:\/\/www.unitetopbalermachine.com\/wp-content\/uploads\/2024\/05\/COOPERATIVE-SUPPLIERS-600x150.jpg 600w, https:\/\/www.unitetopbalermachine.com\/wp-content\/uploads\/2024\/05\/COOPERATIVE-SUPPLIERS-300x75.jpg 300w, https:\/\/www.unitetopbalermachine.com\/wp-content\/uploads\/2024\/05\/COOPERATIVE-SUPPLIERS-768x192.jpg 768w, https:\/\/www.unitetopbalermachine.com\/wp-content\/uploads\/2024\/05\/COOPERATIVE-SUPPLIERS.jpg 1200w\" sizes=\"(max-width: 701px) 100vw, 701px\" \/><\/p>\n<p>&nbsp;<\/p>\n","protected":false},"excerpt":{"rendered":"<ul>\n<li>S\u1eed d\u1ee5ng h\u1ec7 th\u1ed1ng truy\u1ec1n \u0111\u1ed9ng th\u1ee7y l\u1ef1c \u0111\u1ec3 v\u1eadn h\u00e0nh, mang l\u1ea1i nhi\u1ec1u \u01b0u \u0111i\u1ec3m nh\u01b0 k\u00edch th\u01b0\u1edbc nh\u1ecf g\u1ecdn, nh\u1eb9, \u00edt ti\u1ebfng \u1ed3n v\u00e0 chuy\u1ec3n \u0111\u1ed9ng \u00eam \u00e1i so v\u1edbi m\u00e1y c\u1eaft c\u01a1 h\u1ecdc truy\u1ec1n th\u1ed1ng.<\/li>\n<li>Chi\u1ec1u d\u00e0i l\u01b0\u1ee1i dao t\u1eeb 400mm \u0111\u1ebfn 1800mm v\u1edbi l\u1ef1c c\u1eaft t\u1eeb 63-600 t\u1ea5n, ph\u00f9 h\u1ee3p \u0111\u1ec3 c\u1eaft nhi\u1ec1u lo\u1ea1i v\u1eadt li\u1ec7u kh\u00e1c nhau, bao g\u1ed3m c\u1ea3 \u00f4 t\u00f4 ph\u1ebf li\u1ec7u v\u1edbi l\u01b0\u1ee1i dao d\u00e0i h\u01a1n 700mm.<\/li>\n<li>C\u00f3 th\u1ec3 \u0111i\u1ec1u khi\u1ec3n th\u1ee7 c\u00f4ng ho\u1eb7c l\u1eadp tr\u00ecnh th\u00f4ng qua PLC \u0111\u1ec3 v\u1eadn h\u00e0nh t\u1ef1 \u0111\u1ed9ng.<\/li>\n<li>C\u00e1c l\u1ef1a ch\u1ecdn ngu\u1ed3n \u0111i\u1ec7n bao g\u1ed3m \u0111i\u1ec7n ho\u1eb7c d\u1ea7u diesel, d\u1ec5 di chuy\u1ec3n v\u00e0 c\u00f3 th\u1ec3 ho\u1ea1t \u0111\u1ed9ng m\u00e0 kh\u00f4ng c\u1ea7n ngu\u1ed3n \u0111i\u1ec7n c\u1ed1 \u0111\u1ecbnh.<\/li>\n<\/ul>\n<table border=\"1\" cellspacing=\"0\">\n<tbody>\n<tr>\n<td valign=\"top\" width=\"225\">Ng\u01b0\u1eddi m\u1eabu<\/td>\n<td valign=\"top\" width=\"225\">D\u00f2ng Q43<\/td>\n<\/tr>\n<tr>\n<td valign=\"top\" width=\"225\">L\u1ef1c c\u1eaft t\u1ed1i \u0111a<\/td>\n<td valign=\"top\" width=\"225\">63-600 t\u1ea5n<\/td>\n<\/tr>\n<tr>\n<td valign=\"top\" width=\"225\">Chi\u1ec1u d\u00e0i l\u01b0\u1ee1i dao<\/td>\n<td valign=\"top\" width=\"225\">600-1800mm<\/td>\n<\/tr>\n<tr>\n<td valign=\"top\" width=\"225\">\u0110\u1ed9ng c\u01a1<\/td>\n<td valign=\"top\" width=\"225\">7.5kw-90kw<\/td>\n<\/tr>\n<tr>\n<td valign=\"top\" width=\"225\">M\u00e0u s\u1eafc<\/td>\n<td valign=\"top\" width=\"225\">Phong t\u1ee5c<\/td>\n<\/tr>\n<tr>\n<td valign=\"top\" width=\"225\">Ho\u1ea1t \u0111\u1ed9ng<\/td>\n<td valign=\"top\" width=\"225\">Ki\u1ec3m so\u00e1t th\u1ee7 c\u00f4ng<\/td>\n<\/tr>\n<\/tbody>\n<\/table>\n<p>&nbsp;<\/p>\n","protected":false},"featured_media":8588,"template":"","meta":{"site-sidebar-layout":"default","site-content-layout":"","ast-site-content-layout":"default","site-content-style":"default","site-sidebar-style":"default","ast-global-header-display":"","ast-banner-title-visibility":"","ast-main-header-display":"","ast-hfb-above-header-display":"","ast-hfb-below-header-display":"","ast-hfb-mobile-header-display":"","site-post-title":"","ast-breadcrumbs-content":"","ast-featured-img":"","footer-sml-layout":"","theme-transparent-header-meta":"default","adv-header-id-meta":"","stick-header-meta":"","header-above-stick-meta":"","header-main-stick-meta":"","header-below-stick-meta":"","astra-migrate-meta-layouts":"set","ast-page-background-enabled":"default","ast-page-background-meta":{"desktop":{"background-color":"var(--ast-global-color-4)","background-image":"","background-repeat":"repeat","background-position":"center center","background-size":"auto","background-attachment":"scroll","background-type":"","background-media":"","overlay-type":"","overlay-color":"","overlay-opacity":"","overlay-gradient":""},"tablet":{"background-color":"","background-image":"","background-repeat":"repeat","background-position":"center center","background-size":"auto","background-attachment":"scroll","background-type":"","background-media":"","overlay-type":"","overlay-color":"","overlay-opacity":"","overlay-gradient":""},"mobile":{"background-color":"","background-image":"","background-repeat":"repeat","background-position":"center center","background-size":"auto","background-attachment":"scroll","background-type":"","background-media":"","overlay-type":"","overlay-color":"","overlay-opacity":"","overlay-gradient":""}},"ast-content-background-meta":{"desktop":{"background-color":"var(--ast-global-color-5)","background-image":"","background-repeat":"repeat","background-position":"center center","background-size":"auto","background-attachment":"scroll","background-type":"","background-media":"","overlay-type":"","overlay-color":"","overlay-opacity":"","overlay-gradient":""},"tablet":{"background-color":"var(--ast-global-color-5)","background-image":"","background-repeat":"repeat","background-position":"center center","background-size":"auto","background-attachment":"scroll","background-type":"","background-media":"","overlay-type":"","overlay-color":"","overlay-opacity":"","overlay-gradient":""},"mobile":{"background-color":"var(--ast-global-color-5)","background-image":"","background-repeat":"repeat","background-position":"center center","background-size":"auto","background-attachment":"scroll","background-type":"","background-media":"","overlay-type":"","overlay-color":"","overlay-opacity":"","overlay-gradient":""}}},"product_brand":[],"product_cat":[129],"product_tag":[],"class_list":{"0":"post-8587","1":"product","2":"type-product","3":"status-publish","4":"has-post-thumbnail","6":"product_cat-keo-cat-kim-loai-phe-lieu","7":"desktop-align-left","8":"tablet-align-left","9":"mobile-align-left","11":"first","12":"instock","13":"shipping-taxable","14":"product-type-simple"},"_links":{"self":[{"href":"https:\/\/www.unitetopbalermachine.com\/vi\/wp-json\/wp\/v2\/product\/8587","targetHints":{"allow":["GET"]}}],"collection":[{"href":"https:\/\/www.unitetopbalermachine.com\/vi\/wp-json\/wp\/v2\/product"}],"about":[{"href":"https:\/\/www.unitetopbalermachine.com\/vi\/wp-json\/wp\/v2\/types\/product"}],"wp:featuredmedia":[{"embeddable":true,"href":"https:\/\/www.unitetopbalermachine.com\/vi\/wp-json\/wp\/v2\/media\/8588"}],"wp:attachment":[{"href":"https:\/\/www.unitetopbalermachine.com\/vi\/wp-json\/wp\/v2\/media?parent=8587"}],"wp:term":[{"taxonomy":"product_brand","embeddable":true,"href":"https:\/\/www.unitetopbalermachine.com\/vi\/wp-json\/wp\/v2\/product_brand?post=8587"},{"taxonomy":"product_cat","embeddable":true,"href":"https:\/\/www.unitetopbalermachine.com\/vi\/wp-json\/wp\/v2\/product_cat?post=8587"},{"taxonomy":"product_tag","embeddable":true,"href":"https:\/\/www.unitetopbalermachine.com\/vi\/wp-json\/wp\/v2\/product_tag?post=8587"}],"curies":[{"name":"wp","href":"https:\/\/api.w.org\/{rel}","templated":true}]}}