{"id":8583,"date":"2024-05-06T11:58:33","date_gmt":"2024-05-06T11:58:33","guid":{"rendered":"https:\/\/www.unitetopbalermachine.com\/product\/may-cat-thuy-luc-hang-nang-q91y-series\/"},"modified":"2025-03-10T02:16:33","modified_gmt":"2025-03-10T02:16:33","slug":"may-cat-thuy-luc-hang-nang-q91y-series","status":"publish","type":"product","link":"https:\/\/www.unitetopbalermachine.com\/vi\/product\/may-cat-thuy-luc-hang-nang-q91y-series.html","title":{"rendered":"M\u00e1y c\u1eaft th\u1ee7y l\u1ef1c h\u1ea1ng n\u1eb7ng Q91Y Series"},"content":{"rendered":"<h2>Th\u00f4ng s\u1ed1 k\u1ef9 thu\u1eadt s\u1ea3n ph\u1ea9m<\/h2>\n<table border=\"1\" cellspacing=\"0\">\n<tbody>\n<tr>\n<td valign=\"top\" width=\"103\">\n<p align=\"center\">Ng\u01b0\u1eddi m\u1eabu<\/p>\n<\/td>\n<td valign=\"top\" width=\"122\">L\u1ef1c c\u1eaft t\u1ed1i \u0111a (T\u1ea5n)<\/td>\n<td valign=\"top\" width=\"158\">\n<p align=\"center\">K\u00edch th\u01b0\u1edbc bu\u1ed3ng (mm)<\/p>\n<\/td>\n<td valign=\"top\" width=\"92\">Chi\u1ec1u d\u00e0i l\u01b0\u1ee1i dao (mm)<\/td>\n<td valign=\"top\" width=\"112\">\n<p align=\"center\">C\u00f4ng su\u1ea5t (T\/H)<\/p>\n<\/td>\n<td valign=\"top\" width=\"134\">T\u1ea7n su\u1ea5t c\u1eaft (l\u1ea7n\/ph\u00fat)<\/td>\n<td valign=\"top\" width=\"66\">\n<p align=\"center\">C\u00f4ng su\u1ea5t (Kw)<\/p>\n<\/td>\n<\/tr>\n<tr>\n<td valign=\"top\" width=\"103\">\n<p align=\"center\">Q91Y-2500<\/p>\n<\/td>\n<td valign=\"top\" width=\"122\">\n<p align=\"center\">250<\/p>\n<\/td>\n<td valign=\"top\" width=\"158\">\n<p align=\"center\">3000\u00d71200\u00d7900<\/p>\n<\/td>\n<td valign=\"top\" width=\"92\">\n<p align=\"center\">1200<\/p>\n<\/td>\n<td valign=\"top\" width=\"112\">\n<p align=\"center\">2-3T<\/p>\n<\/td>\n<td valign=\"top\" width=\"134\">\n<p align=\"center\">3-5<\/p>\n<\/td>\n<td valign=\"top\" width=\"66\">\n<p align=\"center\">2\u00d730<\/p>\n<\/td>\n<\/tr>\n<tr>\n<td valign=\"top\" width=\"103\">\n<p align=\"center\">Q91Y-3150<\/p>\n<\/td>\n<td valign=\"top\" width=\"122\">\n<p align=\"center\">315<\/p>\n<\/td>\n<td valign=\"top\" width=\"158\">\n<p align=\"center\">5000\u00d71400\u00d71200<\/p>\n<\/td>\n<td valign=\"top\" width=\"92\">\n<p align=\"center\">1400<\/p>\n<\/td>\n<td valign=\"top\" width=\"112\">\n<p align=\"center\">3-4T<\/p>\n<\/td>\n<td valign=\"top\" width=\"134\">\n<p align=\"center\">3-5<\/p>\n<\/td>\n<td valign=\"top\" width=\"66\">\n<p align=\"center\">45+22<\/p>\n<\/td>\n<\/tr>\n<tr>\n<td valign=\"top\" width=\"103\">\n<p align=\"center\">Q91Y-4000<\/p>\n<\/td>\n<td valign=\"top\" width=\"122\">\n<p align=\"center\">400<\/p>\n<\/td>\n<td valign=\"top\" width=\"158\">\n<p align=\"center\">6000\u00d71400\u00d71200<\/p>\n<\/td>\n<td valign=\"top\" width=\"92\">\n<p align=\"center\">1400<\/p>\n<\/td>\n<td valign=\"top\" width=\"112\">\n<p align=\"center\">5-6T<\/p>\n<\/td>\n<td valign=\"top\" width=\"134\">\n<p align=\"center\">3-5<\/p>\n<\/td>\n<td valign=\"top\" width=\"66\">\n<p align=\"center\">2\u00d745<\/p>\n<\/td>\n<\/tr>\n<tr>\n<td valign=\"top\" width=\"103\">\n<p align=\"center\">Q91Y-5000<\/p>\n<\/td>\n<td valign=\"top\" width=\"122\">\n<p align=\"center\">500<\/p>\n<\/td>\n<td valign=\"top\" width=\"158\">\n<p align=\"center\">6000\u00d71600\u00d7900<\/p>\n<\/td>\n<td valign=\"top\" width=\"92\">\n<p align=\"center\">1600<\/p>\n<\/td>\n<td valign=\"top\" width=\"112\">\n<p align=\"center\">6-8T<\/p>\n<\/td>\n<td valign=\"top\" width=\"134\">\n<p align=\"center\">3-5<\/p>\n<\/td>\n<td valign=\"top\" width=\"66\">\n<p align=\"center\">3\u00d745<\/p>\n<\/td>\n<\/tr>\n<tr>\n<td valign=\"top\" width=\"103\">\n<p align=\"center\">Q91Y-6300<\/p>\n<\/td>\n<td valign=\"top\" width=\"122\">\n<p align=\"center\">630<\/p>\n<\/td>\n<td valign=\"top\" width=\"158\">\n<p align=\"center\">8000\u00d71800\u00d71200<\/p>\n<\/td>\n<td valign=\"top\" width=\"92\">\n<p align=\"center\">1800<\/p>\n<\/td>\n<td valign=\"top\" width=\"112\">\n<p align=\"center\">12-15T<\/p>\n<\/td>\n<td valign=\"top\" width=\"134\">\n<p align=\"center\">3-5<\/p>\n<\/td>\n<td valign=\"top\" width=\"66\">\n<p align=\"center\">4\u00d745<\/p>\n<\/td>\n<\/tr>\n<tr>\n<td valign=\"top\" width=\"103\">\n<p align=\"center\">Q91Y-8000<\/p>\n<\/td>\n<td valign=\"top\" width=\"122\">\n<p align=\"center\">800<\/p>\n<\/td>\n<td valign=\"top\" width=\"158\">\n<p align=\"center\">8000\u00d71800\u00d71200<\/p>\n<\/td>\n<td valign=\"top\" width=\"92\">\n<p align=\"center\">1800<\/p>\n<\/td>\n<td valign=\"top\" width=\"112\">\n<p align=\"center\">16-18T<\/p>\n<\/td>\n<td valign=\"top\" width=\"134\">\n<p align=\"center\">3-5<\/p>\n<\/td>\n<td valign=\"top\" width=\"66\">\n<p align=\"center\">5\u00d745<\/p>\n<\/td>\n<\/tr>\n<tr>\n<td valign=\"top\" width=\"103\">\n<p align=\"center\">Q91Y-10000<\/p>\n<\/td>\n<td valign=\"top\" width=\"122\">\n<p align=\"center\">1000<\/p>\n<\/td>\n<td valign=\"top\" width=\"158\">\n<p align=\"center\">8000\u00d71800\u00d71200<\/p>\n<\/td>\n<td valign=\"top\" width=\"92\">\n<p align=\"center\">1800<\/p>\n<\/td>\n<td valign=\"top\" width=\"112\">\n<p align=\"center\">18-22T<\/p>\n<\/td>\n<td valign=\"top\" width=\"134\">\n<p align=\"center\">3-5<\/p>\n<\/td>\n<td valign=\"top\" width=\"66\">\n<p align=\"center\">6\u00d745<\/p>\n<\/td>\n<\/tr>\n<tr>\n<td valign=\"top\" width=\"103\">\n<p align=\"center\">Q91Y-12500<\/p>\n<\/td>\n<td valign=\"top\" width=\"122\">\n<p align=\"center\">1250<\/p>\n<\/td>\n<td valign=\"top\" width=\"158\">\n<p align=\"center\">10000\u00d72000\u00d71400<\/p>\n<\/td>\n<td valign=\"top\" width=\"92\">\n<p align=\"center\">2000<\/p>\n<\/td>\n<td valign=\"top\" width=\"112\">\n<p align=\"center\">20-25T<\/p>\n<\/td>\n<td valign=\"top\" width=\"134\">\n<p align=\"center\">3-5<\/p>\n<\/td>\n<td valign=\"top\" width=\"66\">\n<p align=\"center\">7\u00d745<\/p>\n<\/td>\n<\/tr>\n<\/tbody>\n<\/table>\n<h2>Video qu\u00e1 tr\u00ecnh c\u1eaft<\/h2>\n<div class=\"ast-oembed-container \" style=\"height: 100%;\"><iframe title=\"Q91Y heavy duty scrap metal shear machine\" width=\"500\" height=\"281\" src=\"https:\/\/www.youtube.com\/embed\/tC2AMSLZOd0?feature=oembed\" frameborder=\"0\" allow=\"accelerometer; autoplay; clipboard-write; encrypted-media; gyroscope; picture-in-picture; web-share\" referrerpolicy=\"strict-origin-when-cross-origin\" allowfullscreen><\/iframe><\/div>\n<h2>\u1ee8ng d\u1ee5ng<\/h2>\n<p>M\u00e1y c\u1eaft c\u1ed5ng tr\u1ee5c h\u1ea1ng n\u1eb7ng \u0111\u00f3ng vai tr\u00f2 quan tr\u1ecdng trong vi\u1ec7c x\u1eed l\u00fd v\u00e0 v\u1eadn chuy\u1ec3n v\u1eadt li\u1ec7u hi\u1ec7u qu\u1ea3 trong m\u1ed9t s\u1ed1 ng\u00e0nh c\u00f4ng nghi\u1ec7p. Sau \u0111\u00e2y l\u00e0 nh\u1eefng ng\u00e0nh c\u00f4ng nghi\u1ec7p ch\u00ednh m\u00e0 m\u00e1y c\u1eaft c\u1ed5ng tr\u1ee5c \u0111\u01b0\u1ee3c s\u1eed d\u1ee5ng r\u1ed9ng r\u00e3i:<\/p>\n<ol>\n<li><strong>T\u00e1i ch\u1ebf ph\u1ebf li\u1ec7u kim lo\u1ea1i:<\/strong> M\u00e1y c\u1eaft c\u1ed5ng tr\u1ee5c \u0111\u00f3ng vai tr\u00f2 quan tr\u1ecdng trong c\u00e1c c\u01a1 s\u1edf t\u00e1i ch\u1ebf, n\u01a1i ch\u00fang \u0111\u01b0\u1ee3c s\u1eed d\u1ee5ng \u0111\u1ec3 c\u1eaft v\u00e0 chu\u1ea9n b\u1ecb c\u00e1c m\u1ea3nh ph\u1ebf li\u1ec7u l\u1edbn \u0111\u1ec3 t\u00e1i ch\u1ebf ho\u1eb7c b\u00e1n l\u1ea1i.<\/li>\n<li><strong>\u00d4 t\u00f4:<\/strong> \u0110\u01b0\u1ee3c s\u1eed d\u1ee5ng \u0111\u1ec3 th\u00e1o d\u1ee1 c\u00e1c lo\u1ea1i xe c\u0169 v\u00e0 kh\u00f4ng s\u1eed d\u1ee5ng \u0111\u01b0\u1ee3c, c\u1eaft c\u00e1c b\u1ed9 ph\u1eadn kim lo\u1ea1i nh\u01b0 khung v\u00e0 t\u1ea5m th\u00e2n xe \u0111\u1ec3 t\u00e1i ch\u1ebf.<\/li>\n<li><strong>X\u00e2y d\u1ef1ng v\u00e0 Ph\u00e1 d\u1ee1: <\/strong> Gi\u00fap qu\u1ea3n l\u00fd v\u1eadt li\u1ec7u th\u1ea3i b\u1eb1ng c\u00e1ch c\u1eaft xuy\u00ean qua c\u00e1c d\u1ea7m kim lo\u1ea1i, \u1ed1ng v\u00e0 c\u00e1c m\u1ea3nh v\u1ee5n x\u00e2y d\u1ef1ng kh\u00e1c, t\u1ea1o \u0111i\u1ec1u ki\u1ec7n thu\u1eadn l\u1ee3i cho vi\u1ec7c t\u00e1i ch\u1ebf v\u00e0 x\u1eed l\u00fd.<\/li>\n<li><strong>S\u1ea3n xu\u1ea5t:<\/strong> Trong c\u00e1c ng\u00e0nh s\u1ea3n xu\u1ea5t, \u0111\u1eb7c bi\u1ec7t l\u00e0 nh\u1eefng ng\u00e0nh li\u00ean quan \u0111\u1ebfn ch\u1ebf t\u1ea1o kim lo\u1ea1i, m\u00e1y c\u1eaft c\u1ed5ng tr\u1ee5c gi\u00fap c\u1eaft b\u1ecf c\u00e1c ph\u1ea7n kim lo\u1ea1i th\u1eeba ho\u1eb7c kh\u00f4ng mong mu\u1ed1n.<\/li>\n<li><strong>\u0110\u00f3ng t\u00e0u v\u00e0 s\u1eeda ch\u1eefa:<\/strong> H\u1eefu \u00edch trong vi\u1ec7c c\u1eaft c\u00e1c t\u1ea5m kim lo\u1ea1i d\u00e0y v\u00e0 d\u1ea7m trong qu\u00e1 tr\u00ecnh \u0111\u00f3ng ho\u1eb7c th\u00e1o d\u1ee1 t\u00e0u.<\/li>\n<li><strong>Ng\u00e0nh \u0111\u01b0\u1eddng s\u1eaft: <\/strong> \u0110\u01b0\u1ee3c s\u1eed d\u1ee5ng \u0111\u1ec3 c\u1eaft \u0111\u01b0\u1eddng ray v\u00e0 c\u00e1c b\u1ed9 ph\u1eadn kim lo\u1ea1i kh\u00e1c trong qu\u00e1 tr\u00ecnh b\u1ea3o tr\u00ec v\u00e0 ng\u1eebng ho\u1ea1t \u0111\u1ed9ng \u0111\u01b0\u1eddng ray xe l\u1eeda.<\/li>\n<\/ol>\n<h2>Nh\u00e0 cung c\u1ea5p h\u1ee3p t\u00e1c<\/h2>\n<p><img fetchpriority=\"high\" decoding=\"async\" class=\"wp-image-1707 aligncenter\" src=\"https:\/\/www.unitetopbalermachine.com\/wp-content\/uploads\/2024\/05\/COOPERATIVE-SUPPLIERS-1024x256.jpg\" alt=\"NH\u00c0 CUNG C\u1ea4P H\u1ee2P T\u00c1C\" width=\"701\" height=\"175\" srcset=\"https:\/\/www.unitetopbalermachine.com\/wp-content\/uploads\/2024\/05\/COOPERATIVE-SUPPLIERS-1024x256.jpg 1024w, https:\/\/www.unitetopbalermachine.com\/wp-content\/uploads\/2024\/05\/COOPERATIVE-SUPPLIERS-600x150.jpg 600w, https:\/\/www.unitetopbalermachine.com\/wp-content\/uploads\/2024\/05\/COOPERATIVE-SUPPLIERS-300x75.jpg 300w, https:\/\/www.unitetopbalermachine.com\/wp-content\/uploads\/2024\/05\/COOPERATIVE-SUPPLIERS-768x192.jpg 768w, https:\/\/www.unitetopbalermachine.com\/wp-content\/uploads\/2024\/05\/COOPERATIVE-SUPPLIERS.jpg 1200w\" sizes=\"(max-width: 701px) 100vw, 701px\" \/><\/p>\n","protected":false},"excerpt":{"rendered":"<ul>\n<li>M\u00e1y c\u1eaft c\u1ed5ng tr\u1ee5c c\u00f3 c\u1ea5u tr\u00fac t\u1ea5m th\u00e9p h\u00e0n ch\u1eafc ch\u1eafn, tr\u1ea3i qua qu\u00e1 tr\u00ecnh l\u00e3o h\u00f3a nh\u00e2n t\u1ea1o v\u00e0 \u1ee7 \u0111\u1ec3 gi\u1ea3m \u1ee9ng su\u1ea5t h\u00e0n, \u0111\u1ea3m b\u1ea3o \u0111\u1ed9 ch\u00ednh x\u00e1c v\u00e0 \u0111\u1ed9 \u1ed5n \u0111\u1ecbnh cao.<\/li>\n<li>L\u01b0\u1ee1i dao \u0111\u01b0\u1ee3c ch\u1ebf t\u1ea1o t\u1eeb th\u00e9p d\u1ee5ng c\u1ee5 c\u1eaft b\u1ec1n b\u1ec9, c\u00f3 tu\u1ed5i th\u1ecd v\u00e0 \u0111\u1ed9 b\u1ec1n cao.<\/li>\n<li>Kho\u1ea3ng c\u00e1ch gi\u1eefa l\u01b0\u1ee1i dao c\u00f3 th\u1ec3 \u0111i\u1ec1u ch\u1ec9nh, gi\u00fap t\u0103ng c\u01b0\u1eddng \u0111\u1ed9 ch\u00ednh x\u00e1c khi l\u00e0m vi\u1ec7c c\u1ee7a m\u00e1y v\u00e0 tu\u1ed5i th\u1ecd c\u1ee7a l\u01b0\u1ee1i dao.<\/li>\n<li>H\u1ed9p v\u1eadt li\u1ec7u c\u1ee7a m\u00e1y c\u1eaft c\u1ed5ng tr\u1ee5c \u0111\u01b0\u1ee3c l\u00e0m t\u1eeb th\u00e9p k\u1ebft c\u1ea5u h\u00e0n v\u00e0 \u0111\u01b0\u1ee3c l\u00f3t b\u1eb1ng t\u1ea5m th\u00e9p NM500 \u0111\u1ec3 c\u00f3 kh\u1ea3 n\u0103ng ch\u1ed1ng m\u00e0i m\u00f2n v\u01b0\u1ee3t tr\u1ed9i. N\u00f3 c\u00f3 \u0111\u1ea7u \u0111\u1ea9y \u0111\u01b0\u1ee3c \u0111i\u1ec1u khi\u1ec3n b\u1edfi h\u1ec7 th\u1ed1ng th\u1ee7y l\u1ef1c chuy\u00ean d\u1ee5ng, mang l\u1ea1i ch\u1ee9c n\u0103ng t\u1ef1 \u0111\u1ed9ng tr\u01a1n tru v\u00e0 b\u1ea3o v\u1ec7 qu\u00e1 t\u1ea3i \u0111\u00e1ng tin c\u1eady.<\/li>\n<li>H\u1ec7 th\u1ed1ng th\u1ee7y l\u1ef1c c\u1ee7a m\u00e1y \u0111\u01b0\u1ee3c thi\u1ebft k\u1ebf \u0111\u1ed9c \u0111\u00e1o v\u1edbi quy\u1ec1n s\u1edf h\u1eefu \u0111\u1ed9c quy\u1ec1n. N\u00f3 bao g\u1ed3m m\u1ed9t m\u1ea1ch vi sai trong xi lanh c\u1eaft ch\u00ednh \u0111\u1ec3 t\u0103ng hi\u1ec7u su\u1ea5t n\u0103ng l\u01b0\u1ee3ng \u0111\u1ed9ng h\u1ecdc, v\u1edbi thi\u1ebft k\u1ebf nh\u1ecf g\u1ecdn gi\u00fap gi\u1ea3m k\u1ebft n\u1ed1i th\u1ee7y l\u1ef1c v\u00e0 h\u1ec7 th\u1ed1ng s\u01b0\u1edfi \u1ea5m \u0111\u1ec3 c\u00f3 hi\u1ec7u su\u1ea5t \u0111\u00e1ng tin c\u1eady.<\/li>\n<li>B\u1ec3 ch\u1ee9a d\u1ea7u \u0111\u01b0\u1ee3c thi\u1ebft k\u1ebf chu \u0111\u00e1o v\u1edbi th\u1ec3 t\u00edch l\u1edbn v\u00e0 \u0111\u1ed9 c\u1ee9ng k\u1ebft c\u1ea5u cao, c\u00f3 v\u00e1ch ng\u0103n t\u00e1ch bi\u1ec7t c\u1ed5ng h\u1ed3i d\u1ea7u v\u00e0 c\u1ed5ng h\u00fat \u0111\u1ec3 gi\u1ea3m thi\u1ec3u hi\u1ec7u qu\u1ea3 hi\u1ec7n t\u01b0\u1ee3ng n\u00f3ng d\u1ea7u th\u1ee7y l\u1ef1c.<\/li>\n<\/ul>\n","protected":false},"featured_media":8584,"template":"","meta":{"site-sidebar-layout":"default","site-content-layout":"","ast-site-content-layout":"default","site-content-style":"default","site-sidebar-style":"default","ast-global-header-display":"","ast-banner-title-visibility":"","ast-main-header-display":"","ast-hfb-above-header-display":"","ast-hfb-below-header-display":"","ast-hfb-mobile-header-display":"","site-post-title":"","ast-breadcrumbs-content":"","ast-featured-img":"","footer-sml-layout":"","theme-transparent-header-meta":"default","adv-header-id-meta":"","stick-header-meta":"","header-above-stick-meta":"","header-main-stick-meta":"","header-below-stick-meta":"","astra-migrate-meta-layouts":"set","ast-page-background-enabled":"default","ast-page-background-meta":{"desktop":{"background-color":"var(--ast-global-color-4)","background-image":"","background-repeat":"repeat","background-position":"center center","background-size":"auto","background-attachment":"scroll","background-type":"","background-media":"","overlay-type":"","overlay-color":"","overlay-opacity":"","overlay-gradient":""},"tablet":{"background-color":"","background-image":"","background-repeat":"repeat","background-position":"center center","background-size":"auto","background-attachment":"scroll","background-type":"","background-media":"","overlay-type":"","overlay-color":"","overlay-opacity":"","overlay-gradient":""},"mobile":{"background-color":"","background-image":"","background-repeat":"repeat","background-position":"center center","background-size":"auto","background-attachment":"scroll","background-type":"","background-media":"","overlay-type":"","overlay-color":"","overlay-opacity":"","overlay-gradient":""}},"ast-content-background-meta":{"desktop":{"background-color":"var(--ast-global-color-5)","background-image":"","background-repeat":"repeat","background-position":"center center","background-size":"auto","background-attachment":"scroll","background-type":"","background-media":"","overlay-type":"","overlay-color":"","overlay-opacity":"","overlay-gradient":""},"tablet":{"background-color":"var(--ast-global-color-5)","background-image":"","background-repeat":"repeat","background-position":"center center","background-size":"auto","background-attachment":"scroll","background-type":"","background-media":"","overlay-type":"","overlay-color":"","overlay-opacity":"","overlay-gradient":""},"mobile":{"background-color":"var(--ast-global-color-5)","background-image":"","background-repeat":"repeat","background-position":"center center","background-size":"auto","background-attachment":"scroll","background-type":"","background-media":"","overlay-type":"","overlay-color":"","overlay-opacity":"","overlay-gradient":""}}},"product_brand":[],"product_cat":[129],"product_tag":[],"class_list":{"0":"post-8583","1":"product","2":"type-product","3":"status-publish","4":"has-post-thumbnail","6":"product_cat-keo-cat-kim-loai-phe-lieu","7":"desktop-align-left","8":"tablet-align-left","9":"mobile-align-left","11":"first","12":"instock","13":"shipping-taxable","14":"product-type-simple"},"_links":{"self":[{"href":"https:\/\/www.unitetopbalermachine.com\/vi\/wp-json\/wp\/v2\/product\/8583","targetHints":{"allow":["GET"]}}],"collection":[{"href":"https:\/\/www.unitetopbalermachine.com\/vi\/wp-json\/wp\/v2\/product"}],"about":[{"href":"https:\/\/www.unitetopbalermachine.com\/vi\/wp-json\/wp\/v2\/types\/product"}],"wp:featuredmedia":[{"embeddable":true,"href":"https:\/\/www.unitetopbalermachine.com\/vi\/wp-json\/wp\/v2\/media\/8584"}],"wp:attachment":[{"href":"https:\/\/www.unitetopbalermachine.com\/vi\/wp-json\/wp\/v2\/media?parent=8583"}],"wp:term":[{"taxonomy":"product_brand","embeddable":true,"href":"https:\/\/www.unitetopbalermachine.com\/vi\/wp-json\/wp\/v2\/product_brand?post=8583"},{"taxonomy":"product_cat","embeddable":true,"href":"https:\/\/www.unitetopbalermachine.com\/vi\/wp-json\/wp\/v2\/product_cat?post=8583"},{"taxonomy":"product_tag","embeddable":true,"href":"https:\/\/www.unitetopbalermachine.com\/vi\/wp-json\/wp\/v2\/product_tag?post=8583"}],"curies":[{"name":"wp","href":"https:\/\/api.w.org\/{rel}","templated":true}]}}