{"id":12766,"date":"2025-03-13T01:04:10","date_gmt":"2025-03-13T01:04:10","guid":{"rendered":"https:\/\/www.unitetopbalermachine.com\/product\/may-cat-thung-chua-phe-lieu-thuy-luc-dieu-khien-tu-dong-dong-ws\/"},"modified":"2026-03-18T10:30:59","modified_gmt":"2026-03-18T10:30:59","slug":"may-cat-thung-chua-phe-lieu-thuy-luc-dieu-khien-tu-dong-dong-ws","status":"publish","type":"product","link":"https:\/\/www.unitetopbalermachine.com\/vi\/may-cat-thung-chua-phe-lieu-thuy-luc-dieu-khien-tu-dong-dong-ws.html","title":{"rendered":"M\u00e1y c\u1eaft th\u00f9ng ch\u1ee9a ph\u1ebf li\u1ec7u th\u1ee7y l\u1ef1c \u0111i\u1ec1u khi\u1ec3n t\u1ef1 \u0111\u1ed9ng d\u00f2ng WS"},"content":{"rendered":"<h2>Chi ti\u1ebft s\u1ea3n xu\u1ea5t<\/h2>\n<p>M\u00e1y c\u1eaft th\u00f9ng kim lo\u1ea1i ph\u1ebf li\u1ec7u th\u1ee7y l\u1ef1c d\u00f2ng WS r\u1ea5t h\u1eefu \u00edch cho ng\u00e0nh c\u00f4ng nghi\u1ec7p t\u00e1i ch\u1ebf kim lo\u1ea1i. M\u1ecdi qu\u1ed1c gia hi\u1ec7n \u0111ang ph\u1ea3i \u0111\u1ed1i m\u1eb7t v\u1edbi v\u1ea5n \u0111\u1ec1 khan hi\u1ebfm t\u00e0i nguy\u00ean. Ph\u01b0\u01a1ng ph\u00e1p t\u00e1i ch\u1ebf t\u1ed1t nh\u1ea5t l\u00e0 m\u1ed9t ch\u1ee7 \u0111\u1ec1 quan tr\u1ecdng \u1edf c\u1ea3 c\u00e1c qu\u1ed1c gia c\u00f4ng nghi\u1ec7p h\u00f3a v\u00e0 \u0111ang ph\u00e1t tri\u1ec3n. \u0110\u1ec3 \u0111\u00e1p \u1ee9ng nhu c\u1ea7u c\u1ee7a kh\u00e1ch h\u00e0ng, ch\u00fang t\u00f4i thi\u1ebft k\u1ebf nhi\u1ec1u lo\u1ea1i m\u00e1y c\u1eaft th\u00f9ng kim lo\u1ea1i ph\u1ebf li\u1ec7u th\u1ee7y l\u1ef1c \u0111\u1ec3 h\u1ecd x\u1eed l\u00fd kim lo\u1ea1i ph\u1ebf li\u1ec7u.<\/p>\n<p>M\u00e1y c\u1eaft th\u00f9ng ch\u1ee9a ph\u1ebf li\u1ec7u th\u1ee7y l\u1ef1c d\u00f2ng WS ph\u00f9 h\u1ee3p cho c\u00e1c ng\u00e0nh c\u00f4ng nghi\u1ec7p thu h\u1ed3i v\u00e0 x\u1eed l\u00fd s\u1eaft th\u00e9p c\u1ee1 l\u1edbn, c\u0169ng nh\u01b0 luy\u1ec7n kim lo\u1ea1i m\u00e0u. M\u00e1y c\u1eaft n\u00e0y c\u00f3 th\u1ec3 c\u1eaft nhi\u1ec1u lo\u1ea1i kim lo\u1ea1i h\u00ecnh d\u1ea1ng kh\u00e1c nhau, bao g\u1ed3m th\u00e9p tr\u00f2n, th\u00e9p vu\u00f4ng, th\u00e9p k\u00eanh, th\u00e9p g\u00f3c, th\u00e9p ch\u1eef I v\u00e0 th\u00e9p t\u1ea5m, c\u0169ng nh\u01b0 t\u1ea5t c\u1ea3 c\u00e1c lo\u1ea1i k\u1ebft c\u1ea5u ph\u1ebf li\u1ec7u v\u00e0 th\u00e9p ph\u1ebf li\u1ec7u c\u1eaft ngu\u1ed9i, gi\u00fap d\u1ec5 d\u00e0ng \u0111\u00f3ng g\u00f3i, l\u01b0u tr\u1eef v\u00e0 v\u1eadn chuy\u1ec3n, \u0111\u1ed3ng th\u1eddi cho ph\u00e9p luy\u1ec7n kim \u0111i\u1ec7n t\u00edch \u0111\u1ea1t ti\u00eau chu\u1ea9n.<\/p>\n<h3>\u0110\u1eb7c tr\u01b0ng<\/h3>\n<ul>\n<li>M\u00e1y c\u1eaft th\u00f9ng kim lo\u1ea1i ph\u1ebf li\u1ec7u th\u1ee7y l\u1ef1c d\u00f2ng WS s\u1eed d\u1ee5ng h\u1ec7 th\u1ed1ng truy\u1ec1n \u0111\u1ed9ng th\u1ee7y l\u1ef1c.<\/li>\n<li>So v\u1edbi c\u00e1c m\u00e1y c\u1eaft c\u01a1 h\u1ecdc truy\u1ec1n th\u1ed1ng, m\u00e1y c\u1eaft th\u00f9ng ch\u1ee9a ph\u1ebf li\u1ec7u th\u1ee7y l\u1ef1c d\u00f2ng WS c\u1ee7a ch\u00fang t\u00f4i c\u00f3 thi\u1ebft k\u1ebf nh\u1ecf g\u1ecdn, c\u1ea5u tr\u00fac nh\u1eb9, qu\u00e1n t\u00ednh th\u1ea5p, gi\u1ea3m ti\u1ebfng \u1ed3n v\u00e0 v\u1eadn h\u00e0nh \u00eam \u00e1i.<\/li>\n<li>M\u00e1y c\u1eaft th\u00f9ng ch\u1ee9a ph\u1ebf li\u1ec7u th\u1ee7y l\u1ef1c d\u00f2ng WS v\u1eadn h\u00e0nh \u0111\u01a1n gi\u1ea3n v\u00e0 an to\u00e0n, cho ph\u00e9p \u0111i\u1ec1u ch\u1ec9nh l\u01b0\u1ee1i c\u1eaft d\u1ec5 d\u00e0ng.<\/li>\n<li>M\u00e1y c\u1eaft th\u00f9ng kim lo\u1ea1i ph\u1ebf li\u1ec7u th\u1ee7y l\u1ef1c d\u00f2ng WS c\u00f3 \u0111\u1ed9 b\u1ec1n cao v\u00e0 t\u0103ng n\u0103ng su\u1ea5t.<\/li>\n<li>H\u1ec7 th\u1ed1ng \u0111i\u1ec1u khi\u1ec3n t\u1ef1 \u0111\u1ed9ng PLC d\u1ec5 s\u1eed d\u1ee5ng v\u00e0 b\u1ea3o tr\u00ec.<\/li>\n<li>M\u00e1y c\u1eaft th\u00f9ng kim lo\u1ea1i ph\u1ebf li\u1ec7u th\u1ee7y l\u1ef1c thu\u1ed9c d\u00f2ng WS c\u1ee7a ch\u00fang t\u00f4i ph\u00f9 h\u1ee3p v\u1edbi nhi\u1ec1u lo\u1ea1i kim lo\u1ea1i kh\u00e1c nhau.<\/li>\n<\/ul>\n<h2>\u1ee8ng d\u1ee5ng<\/h2>\n<p><img fetchpriority=\"high\" decoding=\"async\" class=\"alignnone size-full wp-image-11466\" src=\"https:\/\/www.unitetopbalermachine.com\/wp-content\/uploads\/2025\/03\/Automatic-Control-Hydraulic-Scrap-Metal-Container-Shear-Machine-Applications.jpg\" alt=\"\u1ee8ng d\u1ee5ng c\u1ee7a m\u00e1y c\u1eaft th\u00f9ng ch\u1ee9a ph\u1ebf li\u1ec7u th\u1ee7y l\u1ef1c \u0111i\u1ec1u khi\u1ec3n t\u1ef1 \u0111\u1ed9ng\" width=\"1200\" height=\"205\" srcset=\"https:\/\/www.unitetopbalermachine.com\/wp-content\/uploads\/2025\/03\/Automatic-Control-Hydraulic-Scrap-Metal-Container-Shear-Machine-Applications.jpg 1200w, https:\/\/www.unitetopbalermachine.com\/wp-content\/uploads\/2025\/03\/Automatic-Control-Hydraulic-Scrap-Metal-Container-Shear-Machine-Applications-300x51.jpg 300w, https:\/\/www.unitetopbalermachine.com\/wp-content\/uploads\/2025\/03\/Automatic-Control-Hydraulic-Scrap-Metal-Container-Shear-Machine-Applications-1024x175.jpg 1024w, https:\/\/www.unitetopbalermachine.com\/wp-content\/uploads\/2025\/03\/Automatic-Control-Hydraulic-Scrap-Metal-Container-Shear-Machine-Applications-768x131.jpg 768w, https:\/\/www.unitetopbalermachine.com\/wp-content\/uploads\/2025\/03\/Automatic-Control-Hydraulic-Scrap-Metal-Container-Shear-Machine-Applications-600x103.jpg 600w\" sizes=\"(max-width: 1200px) 100vw, 1200px\" \/><\/p>\n<h2>Th\u00f4ng s\u1ed1 k\u1ef9 thu\u1eadt<\/h2>\n<table>\n<tbody>\n<tr>\n<td><strong>Ng\u01b0\u1eddi m\u1eabu<\/strong><\/td>\n<td><strong>L\u1ef1c c\u1eaft t\u1ed1i \u0111a (T\u1ea5n)<\/strong><\/td>\n<td><strong>Chi\u1ec1u d\u00e0i l\u01b0\u1ee1i dao (mm)<\/strong><\/td>\n<td><strong>Chi\u1ec1u cao c\u1eaft (mm)<\/strong><\/td>\n<td><strong>T\u1ea7n su\u1ea5t c\u1eaft (l\u1ea7n\/ph\u00fat)<\/strong><\/td>\n<td><strong>Quy\u1ec1n l\u1ef1c<\/strong><strong>\uff08kw\uff09<\/strong><\/td>\n<\/tr>\n<tr>\n<td>WS-630<\/td>\n<td>630<\/td>\n<td>1400<\/td>\n<td>420\/300<\/td>\n<td>8-10<\/td>\n<td>110<\/td>\n<\/tr>\n<tr>\n<td>WS-800<\/td>\n<td>800<\/td>\n<td>1600<\/td>\n<td>420\/300<\/td>\n<td>12-18<\/td>\n<td>150<\/td>\n<\/tr>\n<tr>\n<td>WS-1000<\/td>\n<td>1000<\/td>\n<td>1600\/2100<\/td>\n<td>420\/500<\/td>\n<td>15-25<\/td>\n<td>275<\/td>\n<\/tr>\n<\/tbody>\n<\/table>\n<h2>Nh\u00e0 cung c\u1ea5p h\u1ee3p t\u00e1c<\/h2>\n<p><img decoding=\"async\" class=\"size-full wp-image-11297 aligncenter\" src=\"https:\/\/www.unitetopbalermachine.com\/wp-content\/uploads\/2025\/03\/Cooperative-Suppliers.jpg\" alt=\"Nh\u00e0 cung c\u1ea5p h\u1ee3p t\u00e1c\" width=\"900\" height=\"422\" srcset=\"https:\/\/www.unitetopbalermachine.com\/wp-content\/uploads\/2025\/03\/Cooperative-Suppliers.jpg 900w, https:\/\/www.unitetopbalermachine.com\/wp-content\/uploads\/2025\/03\/Cooperative-Suppliers-300x141.jpg 300w, https:\/\/www.unitetopbalermachine.com\/wp-content\/uploads\/2025\/03\/Cooperative-Suppliers-768x360.jpg 768w, https:\/\/www.unitetopbalermachine.com\/wp-content\/uploads\/2025\/03\/Cooperative-Suppliers-600x281.jpg 600w\" sizes=\"(max-width: 900px) 100vw, 900px\" \/><\/p>\n<h2>Xem m\u00e1y c\u1eaft ki\u1ec7n kim lo\u1ea1i ph\u1ebf li\u1ec7u th\u1ee7y l\u1ef1c d\u00f2ng WS d\u00f9ng \u0111\u1ec3 c\u1eaft kim lo\u1ea1i \u0111ang ho\u1ea1t \u0111\u1ed9ng!<\/h2>\n<div class=\"ast-oembed-container \" style=\"height: 100%;\"><iframe title=\"Chinese Manufacture Automatic Control WS Series Hydraulic Scrap Metal Container Shear Machine\" width=\"500\" height=\"281\" src=\"https:\/\/www.youtube.com\/embed\/QnC-QROUEIU?feature=oembed\" frameborder=\"0\" allow=\"accelerometer; autoplay; clipboard-write; encrypted-media; gyroscope; picture-in-picture; web-share\" referrerpolicy=\"strict-origin-when-cross-origin\" allowfullscreen><\/iframe><\/div>\n","protected":false},"excerpt":{"rendered":"<p>V\u1edbi h\u01a1n 25 n\u0103m kinh nghi\u1ec7m s\u1ea3n xu\u1ea5t, ch\u00fang t\u00f4i \u0111\u00e3 cung c\u1ea5p h\u01a1n 3.000 gi\u1ea3i ph\u00e1p t\u00e1i ch\u1ebf kim lo\u1ea1i ph\u1ebf li\u1ec7u t\u00f9y ch\u1ec9nh.<\/p>\n<table>\n<tbody>\n<tr>\n<td>N\u01a1i xu\u1ea5t x\u1ee9<\/td>\n<td>JIANGYIN, CHINA<\/td>\n<\/tr>\n<tr>\n<td>Ng\u01b0\u1eddi m\u1eabu<\/td>\n<td>WS-630<\/td>\n<\/tr>\n<tr>\n<td>L\u1ef1c c\u1eaft t\u1ed1i \u0111a<\/td>\n<td>630 t\u1ea5n<\/td>\n<\/tr>\n<tr>\n<td>Chi\u1ec1u d\u00e0i l\u01b0\u1ee1i dao<\/td>\n<td>1400mm<\/td>\n<\/tr>\n<tr>\n<td>\u0110\u1ed9ng c\u01a1<\/td>\n<td>110kw<\/td>\n<\/tr>\n<tr>\n<td>M\u00e0u s\u1eafc<\/td>\n<td>Phong t\u1ee5c<\/td>\n<\/tr>\n<tr>\n<td>Ho\u1ea1t \u0111\u1ed9ng<\/td>\n<td>Ki\u1ec3m so\u00e1t t\u1ef1 \u0111\u1ed9ng<\/td>\n<\/tr>\n<\/tbody>\n<\/table>\n","protected":false},"featured_media":11489,"template":"","meta":{"site-sidebar-layout":"default","site-content-layout":"","ast-site-content-layout":"default","site-content-style":"default","site-sidebar-style":"default","ast-global-header-display":"","ast-banner-title-visibility":"","ast-main-header-display":"","ast-hfb-above-header-display":"","ast-hfb-below-header-display":"","ast-hfb-mobile-header-display":"","site-post-title":"","ast-breadcrumbs-content":"","ast-featured-img":"","footer-sml-layout":"","theme-transparent-header-meta":"default","adv-header-id-meta":"","stick-header-meta":"","header-above-stick-meta":"","header-main-stick-meta":"","header-below-stick-meta":"","astra-migrate-meta-layouts":"set","ast-page-background-enabled":"default","ast-page-background-meta":{"desktop":{"background-color":"var(--ast-global-color-4)","background-image":"","background-repeat":"repeat","background-position":"center center","background-size":"auto","background-attachment":"scroll","background-type":"","background-media":"","overlay-type":"","overlay-color":"","overlay-opacity":"","overlay-gradient":""},"tablet":{"background-color":"","background-image":"","background-repeat":"repeat","background-position":"center center","background-size":"auto","background-attachment":"scroll","background-type":"","background-media":"","overlay-type":"","overlay-color":"","overlay-opacity":"","overlay-gradient":""},"mobile":{"background-color":"","background-image":"","background-repeat":"repeat","background-position":"center center","background-size":"auto","background-attachment":"scroll","background-type":"","background-media":"","overlay-type":"","overlay-color":"","overlay-opacity":"","overlay-gradient":""}},"ast-content-background-meta":{"desktop":{"background-color":"var(--ast-global-color-5)","background-image":"","background-repeat":"repeat","background-position":"center center","background-size":"auto","background-attachment":"scroll","background-type":"","background-media":"","overlay-type":"","overlay-color":"","overlay-opacity":"","overlay-gradient":""},"tablet":{"background-color":"var(--ast-global-color-5)","background-image":"","background-repeat":"repeat","background-position":"center center","background-size":"auto","background-attachment":"scroll","background-type":"","background-media":"","overlay-type":"","overlay-color":"","overlay-opacity":"","overlay-gradient":""},"mobile":{"background-color":"var(--ast-global-color-5)","background-image":"","background-repeat":"repeat","background-position":"center center","background-size":"auto","background-attachment":"scroll","background-type":"","background-media":"","overlay-type":"","overlay-color":"","overlay-opacity":"","overlay-gradient":""}}},"product_brand":[],"product_cat":[129],"product_tag":[],"class_list":{"0":"post-12766","1":"product","2":"type-product","3":"status-publish","4":"has-post-thumbnail","6":"product_cat-keo-cat-kim-loai-phe-lieu","7":"desktop-align-left","8":"tablet-align-left","9":"mobile-align-left","11":"first","12":"instock","13":"shipping-taxable","14":"product-type-simple"},"_links":{"self":[{"href":"https:\/\/www.unitetopbalermachine.com\/vi\/wp-json\/wp\/v2\/product\/12766","targetHints":{"allow":["GET"]}}],"collection":[{"href":"https:\/\/www.unitetopbalermachine.com\/vi\/wp-json\/wp\/v2\/product"}],"about":[{"href":"https:\/\/www.unitetopbalermachine.com\/vi\/wp-json\/wp\/v2\/types\/product"}],"wp:featuredmedia":[{"embeddable":true,"href":"https:\/\/www.unitetopbalermachine.com\/vi\/wp-json\/wp\/v2\/media\/11489"}],"wp:attachment":[{"href":"https:\/\/www.unitetopbalermachine.com\/vi\/wp-json\/wp\/v2\/media?parent=12766"}],"wp:term":[{"taxonomy":"product_brand","embeddable":true,"href":"https:\/\/www.unitetopbalermachine.com\/vi\/wp-json\/wp\/v2\/product_brand?post=12766"},{"taxonomy":"product_cat","embeddable":true,"href":"https:\/\/www.unitetopbalermachine.com\/vi\/wp-json\/wp\/v2\/product_cat?post=12766"},{"taxonomy":"product_tag","embeddable":true,"href":"https:\/\/www.unitetopbalermachine.com\/vi\/wp-json\/wp\/v2\/product_tag?post=12766"}],"curies":[{"name":"wp","href":"https:\/\/api.w.org\/{rel}","templated":true}]}}