{"id":12741,"date":"2025-03-13T01:06:24","date_gmt":"2025-03-13T01:06:24","guid":{"rendered":"https:\/\/www.unitetopbalermachine.com\/product\/may-cat-kien-phe-lieu-thuy-luc-hang-nang-hbs\/"},"modified":"2025-07-28T02:20:54","modified_gmt":"2025-07-28T02:20:54","slug":"may-cat-kien-phe-lieu-thuy-luc-hang-nang-hbs","status":"publish","type":"product","link":"https:\/\/www.unitetopbalermachine.com\/vi\/may-cat-kien-phe-lieu-thuy-luc-hang-nang.html","title":{"rendered":"M\u00e1y c\u1eaft ki\u1ec7n ph\u1ebf li\u1ec7u th\u1ee7y l\u1ef1c h\u1ea1ng n\u1eb7ng"},"content":{"rendered":"<h2>M\u00f4 t\u1ea3 s\u1ea3n ph\u1ea9m<\/h2>\n<p>M\u00e1y c\u1eaft ph\u1ebf li\u1ec7u th\u1ee7y l\u1ef1c n\u00e0y l\u00fd t\u01b0\u1edfng \u0111\u1ec3 x\u1eed l\u00fd nhi\u1ec1u lo\u1ea1i v\u1eadt li\u1ec7u ph\u1ebf li\u1ec7u kh\u00e1c nhau, khi\u1ebfn n\u00f3 tr\u1edf th\u00e0nh m\u00e1y thi\u1ebft y\u1ebfu cho c\u00e1c c\u01a1 s\u1edf t\u00e1i ch\u1ebf kim lo\u1ea1i, nh\u00e0 m\u00e1y th\u00e9p v\u00e0 b\u00e3i ph\u1ebf li\u1ec7u c\u00f4ng nghi\u1ec7p.<\/p>\n<p>M\u00e1y ho\u1ea1t \u0111\u1ed9ng b\u1eb1ng c\u00e1ch \u00e9p c\u00e1c mi\u1ebfng kim lo\u1ea1i theo hai ho\u1eb7c ba chi\u1ec1u b\u1eb1ng n\u1eafp \u00e9p, c\u00e1nh v\u00e0 b\u1ed9 \u0111\u1ea9y, sau \u0111\u00f3 c\u1eaft ho\u1eb7c b\u1ebb ch\u00fang th\u00e0nh c\u00e1c k\u00edch th\u01b0\u1edbc d\u1ec5 qu\u1ea3n l\u00fd.<\/p>\n<h3>Kh\u1ea3 n\u0103ng ch\u00ednh:<\/h3>\n<p><strong>N\u00e9n tr\u01b0\u1edbc v\u00e0 c\u1eaft ph\u1ebf li\u1ec7u<\/strong><br \/>\nV\u1eadt li\u1ec7u ph\u1ebf li\u1ec7u c\u1ed3ng k\u1ec1nh \u0111\u01b0\u1ee3c n\u00e9n ch\u1eb7t hi\u1ec7u qu\u1ea3 tr\u01b0\u1edbc khi c\u1eaft, t\u1ed1i \u0111a h\u00f3a hi\u1ec7u qu\u1ea3 x\u1eed l\u00fd v\u00e0 gi\u1ea3m th\u1ec3 t\u00edch v\u1eadt li\u1ec7u \u0111\u1ec3 d\u1ec5 d\u00e0ng x\u1eed l\u00fd v\u00e0 v\u1eadn chuy\u1ec3n.<\/p>\n<p><strong>Thanh c\u1eaft v\u00e0 thanh \u0111\u1ecbnh h\u00ecnh<\/strong><br \/>\nThanh kim lo\u1ea1i, d\u1ea7m v\u00e0 c\u1ea5u tr\u00fac k\u1ebft c\u1ea5u \u0111\u01b0\u1ee3c c\u1eaft ch\u00ednh x\u00e1c th\u00e0nh c\u00e1c chi\u1ec1u d\u00e0i \u0111\u1ed3ng \u0111\u1ec1u, \u0111\u1ea3m b\u1ea3o \u0111\u01b0\u1eddng c\u1eaft s\u1ea1ch v\u00e0 ch\u00ednh x\u00e1c \u0111\u1ec3 t\u00e1i ch\u1ebf ho\u1eb7c s\u1eed d\u1ee5ng l\u1ea1i.<\/p>\n<p><strong>G\u00f3i Light Scrap<\/strong><br \/>\nV\u1eadt li\u1ec7u ph\u1ebf li\u1ec7u nh\u1eb9 \u0111\u01b0\u1ee3c n\u00e9n ch\u1eb7t \u0111\u1ec3 c\u1ea3i thi\u1ec7n hi\u1ec7u qu\u1ea3 l\u01b0u tr\u1eef v\u00e0 h\u1eadu c\u1ea7n, t\u0103ng m\u1eadt \u0111\u1ed9 ph\u1ebf li\u1ec7u \u0111\u1ec3 v\u1eadn chuy\u1ec3n hi\u1ec7u qu\u1ea3 h\u01a1n v\u1ec1 m\u1eb7t chi ph\u00ed.<\/p>\n<p><strong>B\u00f3p v\u00e0 c\u1eaft th\u00e2n xe<\/strong><br \/>\nPh\u1ebf li\u1ec7u \u00f4 t\u00f4 l\u1edbn \u0111\u01b0\u1ee3c \u00e9p v\u00e0 c\u1eaft hi\u1ec7u qu\u1ea3, t\u1ea1o \u0111i\u1ec1u ki\u1ec7n thu\u1eadn l\u1ee3i cho qu\u00e1 tr\u00ecnh t\u00e1i ch\u1ebf b\u1eb1ng c\u00e1ch gi\u1ea3m c\u1ea5u tr\u00fac xe th\u00e0nh nh\u1eefng m\u1ea3nh nh\u1ecf h\u01a1n, d\u1ec5 qu\u1ea3n l\u00fd h\u01a1n.<\/p>\n<h2>Th\u00f4ng s\u1ed1 k\u1ef9 thu\u1eadt<\/h2>\n<table>\n<tbody>\n<tr>\n<td rowspan=\"2\" width=\"13.1800%\">Ng\u01b0\u1eddi m\u1eabu<\/td>\n<td width=\"14.9200%\">L\u1ef1c c\u1eaft t\u1ed1i \u0111a<\/td>\n<td width=\"13.0800%\">M\u1edf ngu\u1ed3n c\u1ea5p d\u1eef li\u1ec7u<\/td>\n<td width=\"10.5600%\">K\u00edch th\u01b0\u1edbc ki\u1ec7n<\/td>\n<td width=\"10.1800%\">Chi\u1ec1u d\u00e0i l\u01b0\u1ee1i dao<\/td>\n<td width=\"12.8800%\">T\u1ef7 l\u1ec7 s\u1ea3n xu\u1ea5t<\/td>\n<td width=\"14.3000%\">T\u1ea7n s\u1ed1 c\u1eaft<\/td>\n<td width=\"10.8000%\">\u0110\u1ed9ng c\u01a1 ch\u00ednh<\/td>\n<\/tr>\n<tr>\n<td width=\"14.9200%\">(t\u1ea5n)<\/td>\n<td width=\"13.0800%\">(mm)<\/td>\n<td width=\"10.5600%\">(mm)<\/td>\n<td width=\"10.1800%\">(mm)<\/td>\n<td width=\"12.8800%\">(t\u1ea5n\/gi\u1edd)<\/td>\n<td width=\"14.3000%\">(l\u1ea7n\/ph\u00fat)<\/td>\n<td width=\"10.8000%\">(kW)<\/td>\n<\/tr>\n<tr>\n<td width=\"13.1800%\">LT-HBS-500<\/td>\n<td width=\"14.9200%\">500<\/td>\n<td width=\"13.0800%\">4800\u00d72240<\/td>\n<td width=\"10.5600%\">650\u00d7550<\/td>\n<td width=\"10.1800%\">750<\/td>\n<td width=\"12.8800%\">5.5-15<\/td>\n<td rowspan=\"2\" width=\"14.3000%\">3-4<\/td>\n<td width=\"10.8000%\">(2+1)\u00d790<\/td>\n<\/tr>\n<tr>\n<td width=\"13.1800%\">LT-HBS-630<\/td>\n<td width=\"14.9200%\">600<\/td>\n<td width=\"13.0800%\">6000\u00d72500<\/td>\n<td width=\"10.5600%\">720\u00d7650<\/td>\n<td width=\"10.1800%\">880<\/td>\n<td width=\"12.8800%\">8.0-22.0<\/td>\n<td width=\"10.8000%\">(3+1)\u00d790<\/td>\n<\/tr>\n<\/tbody>\n<\/table>\n","protected":false},"excerpt":{"rendered":"<p>M\u00e1y c\u1eaft ki\u1ec7n ph\u1ebf li\u1ec7u th\u1ee7y l\u1ef1c h\u1ea1ng n\u1eb7ng c\u1ee7a ch\u00fang t\u00f4i mang l\u1ea1i hi\u1ec7u qu\u1ea3 cao trong vi\u1ec7c x\u1eed l\u00fd nhi\u1ec1u lo\u1ea1i ph\u1ebf li\u1ec7u kim lo\u1ea1i th\u00f4ng qua c\u01a1 ch\u1ebf n\u00e9n v\u00e0 c\u1eaft tr\u01b0\u1edbc m\u1ea1nh m\u1ebd.<\/p>\n<p>M\u00e1y c\u00f3 th\u1ec3 x\u1eed l\u00fd hi\u1ec7u qu\u1ea3 nhi\u1ec1u lo\u1ea1i v\u1eadt li\u1ec7u kh\u00e1c nhau, t\u1eeb thanh v\u00e0 thanh \u0111\u1ecbnh h\u00ecnh \u0111\u1ebfn th\u00e2n xe, \u0111\u1ea3m b\u1ea3o c\u1eaft ch\u00ednh x\u00e1c v\u00e0 \u0111\u1ed3ng \u0111\u1ec1u. H\u1ec7 th\u1ed1ng th\u1ee7y l\u1ef1c m\u1ea1nh m\u1ebd cung c\u1ea5p l\u1ef1c c\u1eaft m\u1ea1nh m\u1ebd, cho ph\u00e9p v\u1eadn h\u00e0nh nhanh ch\u00f3ng v\u00e0 \u0111\u00e1ng tin c\u1eady, \u0111\u1ed3ng th\u1eddi gi\u1ea3m th\u1ec3 t\u00edch v\u1eadt li\u1ec7u \u0111\u1ec3 d\u1ec5 d\u00e0ng x\u1eed l\u00fd h\u01a1n.<\/p>\n<p>V\u1edbi kh\u1ea3 n\u0103ng \u0111i\u1ec1u khi\u1ec3n t\u1ef1 \u0111\u1ed9ng v\u00e0 k\u1ebft c\u1ea5u b\u1ec1n b\u1ec9, m\u00e1y n\u00e2ng cao n\u0103ng su\u1ea5t v\u00e0 \u0111\u1ea3m b\u1ea3o hi\u1ec7u su\u1ea5t l\u00e2u d\u00e0i trong c\u00e1c \u1ee9ng d\u1ee5ng t\u00e1i ch\u1ebf ph\u1ebf li\u1ec7u kh\u1eaft khe.<\/p>\n<ul>\n<li>L\u1ef1c c\u1eaft th\u1ee7y l\u1ef1c m\u1ea1nh m\u1ebd<\/li>\n<li>K\u1ebft c\u1ea5u b\u1ec1n b\u1ec9 ch\u1ecbu l\u1ef1c cao<\/li>\n<li>X\u1eed l\u00fd v\u1eadt li\u1ec7u ph\u1ebf li\u1ec7u \u0111a n\u0103ng<\/li>\n<li>Hi\u1ec7u su\u1ea5t s\u1ea3n xu\u1ea5t t\u1eeb 5,5 \u0111\u1ebfn 22 t\u1ea5n m\u1ed7i gi\u1edd<\/li>\n<\/ul>\n","protected":false},"featured_media":11149,"template":"","meta":{"site-sidebar-layout":"default","site-content-layout":"","ast-site-content-layout":"default","site-content-style":"default","site-sidebar-style":"default","ast-global-header-display":"","ast-banner-title-visibility":"","ast-main-header-display":"","ast-hfb-above-header-display":"","ast-hfb-below-header-display":"","ast-hfb-mobile-header-display":"","site-post-title":"","ast-breadcrumbs-content":"","ast-featured-img":"","footer-sml-layout":"","theme-transparent-header-meta":"default","adv-header-id-meta":"","stick-header-meta":"","header-above-stick-meta":"","header-main-stick-meta":"","header-below-stick-meta":"","astra-migrate-meta-layouts":"set","ast-page-background-enabled":"default","ast-page-background-meta":{"desktop":{"background-color":"var(--ast-global-color-4)","background-image":"","background-repeat":"repeat","background-position":"center center","background-size":"auto","background-attachment":"scroll","background-type":"","background-media":"","overlay-type":"","overlay-color":"","overlay-opacity":"","overlay-gradient":""},"tablet":{"background-color":"","background-image":"","background-repeat":"repeat","background-position":"center center","background-size":"auto","background-attachment":"scroll","background-type":"","background-media":"","overlay-type":"","overlay-color":"","overlay-opacity":"","overlay-gradient":""},"mobile":{"background-color":"","background-image":"","background-repeat":"repeat","background-position":"center center","background-size":"auto","background-attachment":"scroll","background-type":"","background-media":"","overlay-type":"","overlay-color":"","overlay-opacity":"","overlay-gradient":""}},"ast-content-background-meta":{"desktop":{"background-color":"var(--ast-global-color-5)","background-image":"","background-repeat":"repeat","background-position":"center center","background-size":"auto","background-attachment":"scroll","background-type":"","background-media":"","overlay-type":"","overlay-color":"","overlay-opacity":"","overlay-gradient":""},"tablet":{"background-color":"var(--ast-global-color-5)","background-image":"","background-repeat":"repeat","background-position":"center center","background-size":"auto","background-attachment":"scroll","background-type":"","background-media":"","overlay-type":"","overlay-color":"","overlay-opacity":"","overlay-gradient":""},"mobile":{"background-color":"var(--ast-global-color-5)","background-image":"","background-repeat":"repeat","background-position":"center center","background-size":"auto","background-attachment":"scroll","background-type":"","background-media":"","overlay-type":"","overlay-color":"","overlay-opacity":"","overlay-gradient":""}}},"product_brand":[],"product_cat":[129],"product_tag":[],"class_list":{"0":"post-12741","1":"product","2":"type-product","3":"status-publish","4":"has-post-thumbnail","6":"product_cat-keo-cat-kim-loai-phe-lieu","7":"desktop-align-left","8":"tablet-align-left","9":"mobile-align-left","11":"first","12":"instock","13":"shipping-taxable","14":"product-type-simple"},"_links":{"self":[{"href":"https:\/\/www.unitetopbalermachine.com\/vi\/wp-json\/wp\/v2\/product\/12741","targetHints":{"allow":["GET"]}}],"collection":[{"href":"https:\/\/www.unitetopbalermachine.com\/vi\/wp-json\/wp\/v2\/product"}],"about":[{"href":"https:\/\/www.unitetopbalermachine.com\/vi\/wp-json\/wp\/v2\/types\/product"}],"wp:featuredmedia":[{"embeddable":true,"href":"https:\/\/www.unitetopbalermachine.com\/vi\/wp-json\/wp\/v2\/media\/11149"}],"wp:attachment":[{"href":"https:\/\/www.unitetopbalermachine.com\/vi\/wp-json\/wp\/v2\/media?parent=12741"}],"wp:term":[{"taxonomy":"product_brand","embeddable":true,"href":"https:\/\/www.unitetopbalermachine.com\/vi\/wp-json\/wp\/v2\/product_brand?post=12741"},{"taxonomy":"product_cat","embeddable":true,"href":"https:\/\/www.unitetopbalermachine.com\/vi\/wp-json\/wp\/v2\/product_cat?post=12741"},{"taxonomy":"product_tag","embeddable":true,"href":"https:\/\/www.unitetopbalermachine.com\/vi\/wp-json\/wp\/v2\/product_tag?post=12741"}],"curies":[{"name":"wp","href":"https:\/\/api.w.org\/{rel}","templated":true}]}}