{"id":12737,"date":"2025-04-09T02:45:48","date_gmt":"2025-04-09T02:45:48","guid":{"rendered":"https:\/\/www.unitetopbalermachine.com\/product\/may-ep-phe-lieu-thuy-luc-di-dong-dieu-khien-tu-dong-dong-y81m\/"},"modified":"2025-07-25T12:38:33","modified_gmt":"2025-07-25T12:38:33","slug":"may-ep-phe-lieu-thuy-luc-di-dong-dieu-khien-tu-dong-dong-y81m","status":"publish","type":"product","link":"https:\/\/www.unitetopbalermachine.com\/vi\/may-ep-phe-lieu-thuy-luc-di-dong-dieu-khien-tu-dong-dong-y81m.html","title":{"rendered":"M\u00e1y \u00e9p ph\u1ebf li\u1ec7u th\u1ee7y l\u1ef1c di \u0111\u1ed9ng \u0111i\u1ec1u khi\u1ec3n t\u1ef1 \u0111\u1ed9ng d\u00f2ng Y81M"},"content":{"rendered":"<h2>T\u1ed5ng quan v\u1ec1 s\u1ea3n ph\u1ea9m<\/h2>\n<p>Th\u1ebf h\u1ec7 m\u00e1y \u0111\u00f3ng ki\u1ec7n di \u0111\u1ed9ng m\u1edbi s\u1eed d\u1ee5ng s\u01a1 mi r\u01a1 mo\u00f3c l\u00e0m ph\u01b0\u01a1ng ti\u1ec7n v\u1eadn chuy\u1ec3n di \u0111\u1ed9ng v\u00e0 \u0111\u01b0\u1ee3c trang b\u1ecb h\u1ec7 th\u1ed1ng xi lanh ch\u00ednh d\u1ea1ng \u1ed1ng l\u1ed3ng hi\u1ec7u su\u1ea5t cao, ph\u00e1 v\u1ee1 nh\u1eefng h\u1ea1n ch\u1ebf c\u1ee7a ho\u1ea1t \u0111\u1ed9ng c\u1ed1 \u0111\u1ecbnh truy\u1ec1n th\u1ed1ng v\u00e0 k\u1ebft h\u1ee3p ho\u00e0n h\u1ea3o kh\u1ea3 n\u0103ng \u0111\u00f3ng ki\u1ec7n hi\u1ec7u qu\u1ea3 v\u1edbi kh\u1ea3 n\u0103ng di chuy\u1ec3n linh ho\u1ea1t!<\/p>\n<p>Cho d\u00f9 l\u00e0 nhu c\u1ea7u t\u00e1i ch\u1ebf ch\u1ea5t th\u1ea3i, n\u00e9n ch\u1ea5t th\u1ea3i c\u00f4ng nghi\u1ec7p hay \u0111\u00f3ng ki\u1ec7n kim lo\u1ea1i, b\u1ea1n ch\u1ec9 c\u1ea7n m\u1ed9t thi\u1ebft b\u1ecb \u0111\u1ec3 th\u1ef1c hi\u1ec7n c\u00e1c ho\u1ea1t \u0111\u1ed9ng m\u1ecdi l\u00fac m\u1ecdi n\u01a1i, gi\u00fap ti\u1ebft ki\u1ec7m th\u1eddi gian, c\u00f4ng s\u1ee9c v\u00e0 chi ph\u00ed!<\/p>\n<h2>\u01afu \u0111i\u1ec3m c\u1ed1t l\u00f5i<\/h2>\n<p><img fetchpriority=\"high\" decoding=\"async\" class=\"size-full wp-image-11955 aligncenter\" src=\"https:\/\/www.unitetopbalermachine.com\/wp-content\/uploads\/2025\/04\/Y81M-Mobile-Hydraulic-Scrap-Metal-Baler-1.jpg\" alt=\"M\u00e1y \u00e9p ph\u1ebf li\u1ec7u th\u1ee7y l\u1ef1c di \u0111\u1ed9ng Y81M\" width=\"1200\" height=\"526\" srcset=\"https:\/\/www.unitetopbalermachine.com\/wp-content\/uploads\/2025\/04\/Y81M-Mobile-Hydraulic-Scrap-Metal-Baler-1.jpg 1200w, https:\/\/www.unitetopbalermachine.com\/wp-content\/uploads\/2025\/04\/Y81M-Mobile-Hydraulic-Scrap-Metal-Baler-1-300x132.jpg 300w, https:\/\/www.unitetopbalermachine.com\/wp-content\/uploads\/2025\/04\/Y81M-Mobile-Hydraulic-Scrap-Metal-Baler-1-1024x449.jpg 1024w, https:\/\/www.unitetopbalermachine.com\/wp-content\/uploads\/2025\/04\/Y81M-Mobile-Hydraulic-Scrap-Metal-Baler-1-768x337.jpg 768w, https:\/\/www.unitetopbalermachine.com\/wp-content\/uploads\/2025\/04\/Y81M-Mobile-Hydraulic-Scrap-Metal-Baler-1-600x263.jpg 600w\" sizes=\"(max-width: 1200px) 100vw, 1200px\" \/><\/p>\n<p><strong>Ho\u1ea1t \u0111\u1ed9ng di \u0111\u1ed9ng, ph\u1ea1m vi ph\u1ee7 s\u00f3ng to\u00e0n di\u1ec7n<\/strong><\/p>\n<ul>\n<li>V\u1edbi thi\u1ebft k\u1ebf khung g\u1ea7m s\u01a1 mi r\u01a1 mo\u00f3c, lo\u1ea1i m\u00e1y n\u00e0y tu\u00e2n th\u1ee7 c\u00e1c ti\u00eau chu\u1ea9n v\u1eadn t\u1ea3i \u0111\u01b0\u1eddng b\u1ed9, cho ph\u00e9p v\u1eadn chuy\u1ec3n nhanh ch\u00f3ng v\u00e0 lo\u1ea1i b\u1ecf nhu c\u1ea7u v\u1ec1 \u0111\u1ecba \u0111i\u1ec3m c\u1ed1 \u0111\u1ecbnh.<\/li>\n<li>Cung c\u1ea5p ph\u1ea1m vi ho\u1ea1t \u0111\u1ed9ng tr\u00ean to\u00e0n qu\u1ed1c, l\u00fd t\u01b0\u1edfng cho vi\u1ec7c x\u1eed l\u00fd ph\u1ebf li\u1ec7u kim lo\u1ea1i t\u1ea1i c\u00f4ng tr\u01b0\u1eddng x\u00e2y d\u1ef1ng v\u00e0 d\u1ecbch v\u1ee5 l\u01b0u \u0111\u1ed9ng cho c\u00e1c nh\u00e0 m\u00e1y ch\u1ebf bi\u1ebfn kim lo\u1ea1i.<\/li>\n<\/ul>\n<p><strong>Xi lanh ch\u00ednh d\u1ea1ng \u1ed1ng l\u1ed3ng m\u1ea1nh m\u1ebd<\/strong><\/p>\n<ul>\n<li>\u0110\u01b0\u1ee3c trang b\u1ecb xi lanh th\u1ee7y l\u1ef1c d\u1ea1ng \u1ed1ng l\u1ed3ng c\u00f3 \u0111\u1ed9 ch\u00ednh x\u00e1c cao, m\u00e1y t\u1ea1o ra l\u1ef1c \u0111\u1ea9y m\u1ea1nh m\u1ebd v\u00e0 h\u00e0nh tr\u00ecnh n\u00e9n d\u00e0i. Hi\u1ec7u su\u1ea5t n\u00e9n \u0111\u01b0\u1ee3c t\u0103ng 30%, d\u1ec5 d\u00e0ng x\u1eed l\u00fd nhu c\u1ea7u \u0111\u00f3ng g\u00f3i m\u1eadt \u0111\u1ed9 cao.<\/li>\n<li>H\u1ec7 th\u1ed1ng th\u1ee7y l\u1ef1c th\u00f4ng minh duy tr\u00ec \u00e1p su\u1ea5t \u1ed5n \u0111\u1ecbnh v\u00e0 c\u00f3 th\u1ec3 ki\u1ec3m so\u00e1t, \u0111\u1ea3m b\u1ea3o \u0111\u1ed9 ch\u1eb7t ch\u1ebd c\u1ee7a bao b\u00ec v\u00e0 gi\u1ea3m nguy c\u01a1 v\u1eadt li\u1ec7u b\u1ecb l\u1ecfng l\u1ebbo.<\/li>\n<\/ul>\n<p><strong>Thi\u1ebft k\u1ebf m\u00f4-\u0111un, kh\u1ea3 n\u0103ng th\u00edch \u1ee9ng linh ho\u1ea1t<\/strong><\/p>\n<ul>\n<li>M\u00f4-\u0111un m\u00e1y \u00e9p ki\u1ec7n ph\u00eda tr\u00ean c\u00f3 th\u1ec3 t\u00f9y ch\u1ec9nh, cho ph\u00e9p c\u1ea5u h\u00ecnh \u00e1p su\u1ea5t theo y\u00eau c\u1ea7u (50-5000 t\u1ea5n).<\/li>\n<li>Thi\u1ebft k\u1ebf c\u1ea5u tr\u00fac m\u1edf gi\u00fap b\u1ea3o tr\u00ec d\u1ec5 d\u00e0ng, trong khi c\u00e1c th\u00e0nh ph\u1ea7n ch\u00ednh c\u00f3 kh\u1ea3 n\u0103ng ch\u1ed1ng m\u00e0i m\u00f2n v\u00e0 ch\u1ed1ng va \u0111\u1eadp, k\u00e9o d\u00e0i tu\u1ed5i th\u1ecd l\u00ean 50%.<\/li>\n<\/ul>\n<p><strong>Ki\u1ec3m so\u00e1t th\u00f4ng minh, an to\u00e0n v\u00e0 hi\u1ec7u qu\u1ea3<\/strong><\/p>\n<ul>\n<li>H\u1ec7 th\u1ed1ng c\u00f3 giao di\u1ec7n \u0111i\u1ec1u khi\u1ec3n \u0111i\u1ec7n t\u1eed m\u1ed9t n\u00fat b\u1ea5m \u0111\u01a1n gi\u1ea3n, tr\u1ef1c quan v\u00e0 h\u1ed7 tr\u1ee3 gi\u00e1m s\u00e1t t\u1eeb xa v\u00e0 ch\u1ea9n \u0111o\u00e1n l\u1ed7i.<\/li>\n<li>Nhi\u1ec1u bi\u1ec7n ph\u00e1p an to\u00e0n, bao g\u1ed3m b\u1ea3o v\u1ec7 qu\u00e1 t\u1ea3i th\u1ee7y l\u1ef1c, phanh kh\u1ea9n c\u1ea5p v\u00e0 gi\u00e1 \u0111\u1ee1 ch\u1ed1ng \u0111\u1ed5, \u0111\u1ea3m b\u1ea3o ho\u1ea1t \u0111\u1ed9ng an to\u00e0n.<\/li>\n<\/ul>\n<h2>\u0110i\u1ec3m n\u1ed5i b\u1eadt v\u1ec1 k\u1ef9 thu\u1eadt<\/h2>\n<p><strong>Khung g\u1ea7m xe \u0111\u1ea7u k\u00e9o<\/strong><\/p>\n<ul>\n<li>Tu\u00e2n th\u1ee7 c\u00e1c ti\u00eau chu\u1ea9n v\u1eadn t\u1ea3i \u0111\u01b0\u1eddng b\u1ed9 qu\u1ed1c gia, h\u1ec7 th\u1ed1ng phanh ABS ti\u00eau chu\u1ea9n ph\u00f9 h\u1ee3p v\u1edbi nhi\u1ec1u lo\u1ea1i \u0111\u1ea7u m\u00e1y k\u00e9o kh\u00e1c nhau.<\/li>\n<li>Thi\u1ebft b\u1ecb \u0111\u00e3 s\u1eb5n s\u00e0ng ho\u1ea1t \u0111\u1ed9ng t\u1ea1i \u0111\u1ecba \u0111i\u1ec3m chuy\u1ec3n giao m\u00e0 kh\u00f4ng c\u1ea7n ph\u1ea3i b\u1ed1c d\u1ee1 th\u00eam.<\/li>\n<\/ul>\n<p><strong>C\u1ea5u tr\u00fac xi lanh ch\u00ednh d\u1ea1ng \u1ed1ng l\u1ed3ng<\/strong><\/p>\n<ul>\n<li>V\u1edbi thi\u1ebft k\u1ebf xi lanh d\u1ea1ng \u1ed1ng l\u1ed3ng, s\u1ea3n ph\u1ea9m c\u00f3 h\u00e0nh tr\u00ecnh n\u00e9n d\u00e0i h\u01a1n, t\u0103ng kh\u1ea3 n\u0103ng x\u1eed l\u00fd \u0111\u01a1n v\u00e0 gi\u1ea3m t\u1ea7n su\u1ea5t ho\u1ea1t \u0111\u1ed9ng.<\/li>\n<li>Ph\u1edbt xi lanh \u0111\u01b0\u1ee3c l\u00e0m b\u1eb1ng v\u1eadt li\u1ec7u nh\u1eadp kh\u1ea9u, ch\u1ecbu \u0111\u01b0\u1ee3c \u00e1p su\u1ea5t v\u00e0 nhi\u1ec7t \u0111\u1ed9 cao, lo\u1ea1i b\u1ecf hi\u1ec7u qu\u1ea3 nguy c\u01a1 r\u00f2 r\u1ec9 d\u1ea7u.<\/li>\n<\/ul>\n<p><strong>Ti\u1ebft ki\u1ec7m n\u0103ng l\u01b0\u1ee3ng v\u00e0 b\u1ea3o v\u1ec7 m\u00f4i tr\u01b0\u1eddng<\/strong><\/p>\n<ul>\n<li>H\u1ec7 th\u1ed1ng th\u1ee7y l\u1ef1c \u00edt ti\u1ebfng \u1ed3n \u0111\u00e1p \u1ee9ng ti\u00eau ch\u00ed b\u1ea3o v\u1ec7 m\u00f4i tr\u01b0\u1eddng khi ho\u1ea1t \u0111\u1ed9ng \u1edf m\u1ee9c \u2264 75 dB.<\/li>\n<li>M\u00e1y ph\u00e1t \u0111i\u1ec7n ho\u1eb7c ngu\u1ed3n \u0111i\u1ec7n b\u00ean ngo\u00e0i t\u00f9y ch\u1ecdn cho ph\u00e9p ho\u1ea1t \u0111\u1ed9ng trong m\u00f4i tr\u01b0\u1eddng kh\u00f4ng c\u00f3 \u0111i\u1ec7n.<\/li>\n<\/ul>\n<h2>M\u00e1y \u00e9p ph\u1ebf li\u1ec7u di \u0111\u1ed9ng ho\u1ea1t \u0111\u1ed9ng nh\u01b0 th\u1ebf n\u00e0o?<\/h2>\n<div class=\"ast-oembed-container \" style=\"height: 100%;\"><iframe title=\"Y81M mobile baler for scrap metal recycling\" width=\"500\" height=\"281\" src=\"https:\/\/www.youtube.com\/embed\/QsryQpbWRrg?feature=oembed\" frameborder=\"0\" allow=\"accelerometer; autoplay; clipboard-write; encrypted-media; gyroscope; picture-in-picture; web-share\" referrerpolicy=\"strict-origin-when-cross-origin\" allowfullscreen><\/iframe><\/div>\n<h2>C\u00e1c t\u00ecnh hu\u1ed1ng \u1ee9ng d\u1ee5ng<\/h2>\n<ul>\n<li><strong>L\u0129nh v\u1ef1c c\u00f4ng nghi\u1ec7p:<\/strong> n\u00e9n v\u00e0 gi\u1ea3m th\u1ec3 t\u00edch c\u00e1c v\u1eadt li\u1ec7u c\u00f3 th\u1ec3 t\u00e1i ch\u1ebf nh\u01b0 ph\u1ebf li\u1ec7u kim lo\u1ea1i, nh\u1ef1a, th\u00f9ng carton, x\u1ed1p, v.v.<\/li>\n<li><strong>L\u0129nh v\u1ef1c b\u1ea3o v\u1ec7 m\u00f4i tr\u01b0\u1eddng:<\/strong> x\u1eed l\u00fd n\u00e9n di \u0111\u1ed9ng ph\u1ebf li\u1ec7u kim lo\u1ea1i v\u00e0 \u0111\u1ed3 gia d\u1ee5ng th\u1ea3i b\u1ecf \u0111\u1ec3 gi\u1ea3m chi ph\u00ed v\u1eadn chuy\u1ec3n.<\/li>\n<\/ul>\n<h2>D\u1ecbch v\u1ee5 to\u00e0n di\u1ec7n c\u1ee7a ch\u00fang t\u00f4i<\/h2>\n<ul>\n<li>\u0110\u1ed9i ng\u0169 chuy\u00ean nghi\u1ec7p cung c\u1ea5p c\u00e1c gi\u1ea3i ph\u00e1p t\u00f9y ch\u1ec9nh.<\/li>\n<li>H\u1ed7 tr\u1ee3 k\u1ef9 thu\u1eadt sau b\u00e1n h\u00e0ng 24 gi\u1edd.<\/li>\n<li>B\u1ea3o h\u00e0nh 1 n\u0103m cho to\u00e0n b\u1ed9 m\u00e1y, b\u1ea3o tr\u00ec tr\u1ecdn \u0111\u1eddi cho c\u00e1c linh ki\u1ec7n c\u1ed1t l\u00f5i.<\/li>\n<\/ul>\n<h2>Nh\u00e0 cung c\u1ea5p h\u1ee3p t\u00e1c<\/h2>\n<p><img decoding=\"async\" class=\"alignnone size-full wp-image-1707\" src=\"https:\/\/www.unitetopbalermachine.com\/wp-content\/uploads\/2024\/05\/COOPERATIVE-SUPPLIERS.jpg\" alt=\"NH\u00c0 CUNG C\u1ea4P H\u1ee2P T\u00c1C\" width=\"1200\" height=\"300\" srcset=\"https:\/\/www.unitetopbalermachine.com\/wp-content\/uploads\/2024\/05\/COOPERATIVE-SUPPLIERS.jpg 1200w, https:\/\/www.unitetopbalermachine.com\/wp-content\/uploads\/2024\/05\/COOPERATIVE-SUPPLIERS-600x150.jpg 600w, https:\/\/www.unitetopbalermachine.com\/wp-content\/uploads\/2024\/05\/COOPERATIVE-SUPPLIERS-300x75.jpg 300w, https:\/\/www.unitetopbalermachine.com\/wp-content\/uploads\/2024\/05\/COOPERATIVE-SUPPLIERS-1024x256.jpg 1024w, https:\/\/www.unitetopbalermachine.com\/wp-content\/uploads\/2024\/05\/COOPERATIVE-SUPPLIERS-768x192.jpg 768w\" sizes=\"(max-width: 1200px) 100vw, 1200px\" \/><\/p>\n","protected":false},"excerpt":{"rendered":"<p>V\u1edbi h\u01a1n 25 n\u0103m kinh nghi\u1ec7m s\u1ea3n xu\u1ea5t, ch\u00fang t\u00f4i \u0111\u00e3 cung c\u1ea5p c\u00e1c gi\u1ea3i ph\u00e1p t\u00e1i ch\u1ebf kim lo\u1ea1i ph\u1ebf li\u1ec7u t\u00f9y ch\u1ec9nh cho h\u01a1n 3.000 b\u1ed9 s\u1ea3n ph\u1ea9m.<\/p>\n<table>\n<tbody>\n<tr>\n<td>N\u01a1i xu\u1ea5t x\u1ee9<\/td>\n<td>JIANGYIN, CHINA<\/td>\n<\/tr>\n<tr>\n<td>Ng\u01b0\u1eddi m\u1eabu<\/td>\n<td>D\u00f2ng Y81M<\/td>\n<\/tr>\n<tr>\n<td>\u00c1p su\u1ea5t th\u1ee7y l\u1ef1c<\/td>\n<td>250 t\u1ea5n<\/td>\n<\/tr>\n<tr>\n<td>K\u00edch th\u01b0\u1edbc ki\u1ec7n<\/td>\n<td>500 *500 mm ho\u1eb7c T\u00f9y ch\u1ec9nh<\/td>\n<\/tr>\n<tr>\n<td>K\u00edch th\u01b0\u1edbc bu\u1ed3ng<\/td>\n<td>2500*1750*1000 mm ho\u1eb7c T\u00f9y ch\u1ec9nh<\/td>\n<\/tr>\n<tr>\n<td>\u0110\u01b0\u1eddng ra ngo\u00e0i<\/td>\n<td>Chuy\u1ec3n ti\u1ebfp ki\u1ec7n h\u00e0ng<\/p>\n<p>L\u1eadt ki\u1ec7n h\u00e0ng<\/p>\n<p>\u0110\u1ea9y ki\u1ec7n ra<\/td>\n<\/tr>\n<tr>\n<td>M\u00e0u s\u1eafc<\/td>\n<td>Phong t\u1ee5c<\/td>\n<\/tr>\n<tr>\n<td>Ho\u1ea1t \u0111\u1ed9ng<\/td>\n<td>\u0110i\u1ec1u khi\u1ec3n th\u1ee7 c\u00f4ng ho\u1eb7c PLC<\/td>\n<\/tr>\n<\/tbody>\n<\/table>\n","protected":false},"featured_media":11918,"template":"","meta":{"site-sidebar-layout":"default","site-content-layout":"","ast-site-content-layout":"default","site-content-style":"default","site-sidebar-style":"default","ast-global-header-display":"","ast-banner-title-visibility":"","ast-main-header-display":"","ast-hfb-above-header-display":"","ast-hfb-below-header-display":"","ast-hfb-mobile-header-display":"","site-post-title":"","ast-breadcrumbs-content":"","ast-featured-img":"","footer-sml-layout":"","theme-transparent-header-meta":"default","adv-header-id-meta":"","stick-header-meta":"","header-above-stick-meta":"","header-main-stick-meta":"","header-below-stick-meta":"","astra-migrate-meta-layouts":"set","ast-page-background-enabled":"default","ast-page-background-meta":{"desktop":{"background-color":"var(--ast-global-color-4)","background-image":"","background-repeat":"repeat","background-position":"center center","background-size":"auto","background-attachment":"scroll","background-type":"","background-media":"","overlay-type":"","overlay-color":"","overlay-opacity":"","overlay-gradient":""},"tablet":{"background-color":"","background-image":"","background-repeat":"repeat","background-position":"center center","background-size":"auto","background-attachment":"scroll","background-type":"","background-media":"","overlay-type":"","overlay-color":"","overlay-opacity":"","overlay-gradient":""},"mobile":{"background-color":"","background-image":"","background-repeat":"repeat","background-position":"center center","background-size":"auto","background-attachment":"scroll","background-type":"","background-media":"","overlay-type":"","overlay-color":"","overlay-opacity":"","overlay-gradient":""}},"ast-content-background-meta":{"desktop":{"background-color":"var(--ast-global-color-5)","background-image":"","background-repeat":"repeat","background-position":"center center","background-size":"auto","background-attachment":"scroll","background-type":"","background-media":"","overlay-type":"","overlay-color":"","overlay-opacity":"","overlay-gradient":""},"tablet":{"background-color":"var(--ast-global-color-5)","background-image":"","background-repeat":"repeat","background-position":"center center","background-size":"auto","background-attachment":"scroll","background-type":"","background-media":"","overlay-type":"","overlay-color":"","overlay-opacity":"","overlay-gradient":""},"mobile":{"background-color":"var(--ast-global-color-5)","background-image":"","background-repeat":"repeat","background-position":"center center","background-size":"auto","background-attachment":"scroll","background-type":"","background-media":"","overlay-type":"","overlay-color":"","overlay-opacity":"","overlay-gradient":""}}},"product_brand":[],"product_cat":[128],"product_tag":[],"class_list":{"0":"post-12737","1":"product","2":"type-product","3":"status-publish","4":"has-post-thumbnail","6":"product_cat-may-ep-phe-lieu-kim-loai","7":"desktop-align-left","8":"tablet-align-left","9":"mobile-align-left","11":"first","12":"instock","13":"shipping-taxable","14":"product-type-simple"},"_links":{"self":[{"href":"https:\/\/www.unitetopbalermachine.com\/vi\/wp-json\/wp\/v2\/product\/12737","targetHints":{"allow":["GET"]}}],"collection":[{"href":"https:\/\/www.unitetopbalermachine.com\/vi\/wp-json\/wp\/v2\/product"}],"about":[{"href":"https:\/\/www.unitetopbalermachine.com\/vi\/wp-json\/wp\/v2\/types\/product"}],"wp:featuredmedia":[{"embeddable":true,"href":"https:\/\/www.unitetopbalermachine.com\/vi\/wp-json\/wp\/v2\/media\/11918"}],"wp:attachment":[{"href":"https:\/\/www.unitetopbalermachine.com\/vi\/wp-json\/wp\/v2\/media?parent=12737"}],"wp:term":[{"taxonomy":"product_brand","embeddable":true,"href":"https:\/\/www.unitetopbalermachine.com\/vi\/wp-json\/wp\/v2\/product_brand?post=12737"},{"taxonomy":"product_cat","embeddable":true,"href":"https:\/\/www.unitetopbalermachine.com\/vi\/wp-json\/wp\/v2\/product_cat?post=12737"},{"taxonomy":"product_tag","embeddable":true,"href":"https:\/\/www.unitetopbalermachine.com\/vi\/wp-json\/wp\/v2\/product_tag?post=12737"}],"curies":[{"name":"wp","href":"https:\/\/api.w.org\/{rel}","templated":true}]}}