{"id":12716,"date":"2025-03-13T01:05:19","date_gmt":"2025-03-13T01:05:19","guid":{"rendered":"https:\/\/www.unitetopbalermachine.com\/product\/may-nghien-phe-lieu-thuy-luc-dong-cbj\/"},"modified":"2025-07-25T07:48:58","modified_gmt":"2025-07-25T07:48:58","slug":"may-nghien-phe-lieu-thuy-luc-dong-cbj","status":"publish","type":"product","link":"https:\/\/www.unitetopbalermachine.com\/vi\/may-nghien-phe-lieu-thuy-luc-dong-cbj.html","title":{"rendered":"M\u00e1y nghi\u1ec1n ph\u1ebf li\u1ec7u th\u1ee7y l\u1ef1c d\u00f2ng CBJ"},"content":{"rendered":"<h2>Gi\u1edbi thi\u1ec7u s\u1ea3n ph\u1ea9m<\/h2>\n<p>M\u00e1y nghi\u1ec1n ki\u1ec7n ph\u1ebf li\u1ec7u th\u1ee7y l\u1ef1c d\u00f2ng CBJ ph\u00f9 h\u1ee3p cho c\u00e1c c\u00f4ng ty thu h\u1ed3i kim lo\u1ea1i, nh\u00e0 m\u00e1y th\u00e9p ph\u1ebf li\u1ec7u, doanh nghi\u1ec7p luy\u1ec7n kim v\u00e0 \u0111\u00fac, nh\u1eb1m c\u1ea3i thi\u1ec7n ch\u1ea5t l\u01b0\u1ee3ng s\u1ea3n xu\u1ea5t s\u1eaft v\u00e0 th\u00e9p ph\u1ebf li\u1ec7u, cung c\u1ea5p thi\u1ebft b\u1ecb chuy\u00ean nghi\u1ec7p c\u00f3 ch\u1ea5t l\u01b0\u1ee3ng cao.<\/p>\n<p>M\u00e1y nghi\u1ec1n ki\u1ec7n ph\u1ebf li\u1ec7u th\u1ee7y l\u1ef1c d\u00f2ng CBJ, c\u00f2n \u0111\u01b0\u1ee3c g\u1ecdi l\u00e0 m\u00e1y nghi\u1ec1n kh\u1ed1i \u00e9p, l\u00e0 thi\u1ebft b\u1ecb th\u00e1o d\u1ee1 ki\u1ec7n ph\u1ebf li\u1ec7u chuy\u00ean nghi\u1ec7p th\u1ebf h\u1ec7 m\u1edbi, m\u1ed9t lo\u1ea1i thi\u1ebft b\u1ecb ki\u1ec3m tra. M\u00e1y nghi\u1ec1n ki\u1ec7n ph\u1ebf li\u1ec7u th\u1ee7y l\u1ef1c d\u00f2ng CBJ c\u00f3 th\u1ec3 ph\u00e1t hi\u1ec7n t\u1ea1p ch\u1ea5t trong ki\u1ec7n ph\u1ebf li\u1ec7u, \u0111\u1ea3m b\u1ea3o h\u00e0m l\u01b0\u1ee3ng th\u00e9p ph\u1ebf li\u1ec7u, \u0111\u1ea3m b\u1ea3o ch\u1ea5t l\u01b0\u1ee3ng s\u1ea3n ph\u1ea9m th\u00e9p ph\u1ebf li\u1ec7u, duy tr\u00ec s\u1ef1 \u1ed5n \u0111\u1ecbnh c\u1ee7a th\u1ecb tr\u01b0\u1eddng th\u00e9p ph\u1ebf li\u1ec7u. M\u00e1y nghi\u1ec1n ki\u1ec7n ph\u1ebf li\u1ec7u th\u1ee7y l\u1ef1c d\u00f2ng CBJ \u0111\u01b0\u1ee3c s\u1eed d\u1ee5ng r\u1ed9ng r\u00e3i trong c\u00e1c ng\u00e0nh c\u00f4ng nghi\u1ec7p th\u00e9p, luy\u1ec7n kim, th\u00e9p, c\u1ea7u c\u1ea3ng v\u00e0 c\u00e1c ng\u00e0nh c\u00f4ng nghi\u1ec7p kh\u00e1c.<\/p>\n<h3>\u0110\u1eb7c tr\u01b0ng<\/h3>\n<ul>\n<li>M\u00e1y nghi\u1ec1n ki\u1ec7n ph\u1ebf li\u1ec7u th\u1ee7y l\u1ef1c d\u00f2ng CBJ c\u00f3 nhi\u1ec1u th\u00f4ng s\u1ed1 k\u1ef9 thu\u1eadt v\u00e0 m\u1eabu m\u00e3 kh\u00e1c nhau, c\u00f3 th\u1ec3 \u0111\u00e1p \u1ee9ng nhu c\u1ea7u c\u1ee7a nhi\u1ec1u kh\u00e1ch h\u00e0ng kh\u00e1c nhau.<\/li>\n<li>C\u00f3 th\u1ec3 b\u1ed5 sung nhi\u1ec1u lo\u1ea1i m\u00e1y kh\u00e1c nhau t\u00f9y theo y\u00eau c\u1ea7u c\u1ee7a kh\u00e1ch h\u00e0ng.<\/li>\n<li>M\u00e1y nghi\u1ec1n ph\u1ebf li\u1ec7u th\u1ee7y l\u1ef1c d\u00f2ng CBJ kh\u00f4ng c\u1ea7n ph\u1ea3i s\u1eeda ch\u1eefa v\u00e0 l\u1eafp \u0111\u1eb7t.<\/li>\n<li>V\u1eadn h\u00e0nh PLC \u0111\u01a1n gi\u1ea3n, \u0111\u1ed9 \u1ed5n \u0111\u1ecbnh cao, h\u1ec7 s\u1ed1 an to\u00e0n cao, t\u00e1ch bi\u1ec7t ho\u00e0n to\u00e0n.<\/li>\n<li>M\u00e1y nghi\u1ec1n ki\u1ec7n ph\u1ebf li\u1ec7u th\u1ee7y l\u1ef1c d\u00f2ng CBJ c\u00f3 \u0111\u1ed9 \u1ed3n th\u1ea5p, kh\u00f4ng rung.<\/li>\n<li>M\u1ee9c \u0111\u1ed9 t\u1ef1 \u0111\u1ed9ng h\u00f3a cao, n\u0103ng su\u1ea5t cao.<\/li>\n<li>Trong qu\u00e1 tr\u00ecnh v\u1eadn h\u00e0nh m\u00e1y nghi\u1ec1n ki\u1ec7n ph\u1ebf li\u1ec7u th\u1ee7y l\u1ef1c d\u00f2ng CBJ, kh\u00f4ng \u0111\u01b0\u1ee3c s\u1eeda ch\u1eefa, kh\u00f4ng \u0111\u01b0\u1ee3c ch\u1ea1m v\u00e0o c\u00e1c b\u1ed9 ph\u1eadn chuy\u1ec3n \u0111\u1ed9ng, kh\u00f4ng \u0111\u01b0\u1ee3c \u1ea5n v\u1eadt li\u1ec7u trong h\u1ed9p v\u1eadt li\u1ec7u b\u1eb1ng tay ho\u1eb7c ch\u00e2n.<\/li>\n<\/ul>\n<h3>Nguy\u00ean l\u00fd ho\u1ea1t \u0111\u1ed9ng<\/h3>\n<p>M\u00e1y b\u1ebb ki\u1ec7n ph\u1ebf li\u1ec7u th\u1ee7y l\u1ef1c d\u00f2ng CBJ s\u1eed d\u1ee5ng b\u01a1m p\u00edt t\u00f4ng th\u1ee7y l\u1ef1c \u0111\u1ec3 cung c\u1ea5p d\u1ea7u cho m\u1ea1ch d\u1ea7u t\u00edch h\u1ee3p, sau \u0111\u00f3 s\u1eed d\u1ee5ng van ph\u00e2n ph\u1ed1i th\u1ee7 c\u00f4ng \u0111\u1ec3 chuy\u1ec3n d\u1ea7u \u0111\u1ebfn xi lanh th\u1ee7y l\u1ef1c nh\u1eb1m t\u1ea1o ra n\u0103ng l\u01b0\u1ee3ng. T\u00f9y theo t\u00ecnh hu\u1ed1ng th\u1ef1c t\u1ebf, \u00e1p su\u1ea5t c\u00f3 th\u1ec3 \u0111\u01b0\u1ee3c \u0111i\u1ec1u ch\u1ec9nh \u0111\u1ebfn m\u1ee9c \u0111\u1ecbnh m\u1ee9c c\u1ea7n thi\u1ebft (\u0111\u1ed3ng h\u1ed3 \u0111o \u00e1p su\u1ea5t s\u1ebd hi\u1ec3n th\u1ecb m\u1ee9c \u0111\u1ecbnh m\u1ee9c). \u0110\u1ec3 t\u00e1ch m\u00e1y \u00e9p th\u1ee7y l\u1ef1c, h\u00e3y n\u1eafm c\u1ea7n g\u1ea1t th\u1ee7y l\u1ef1c v\u00e0 b\u00f3p ch\u1eb7t. Sau \u0111\u00f3, s\u1eed d\u1ee5ng ph\u01b0\u01a1ng ph\u00e1p ph\u00e2n t\u00e1ch nhi\u1ec1u l\u1ea7n \u0111\u1ec3 th\u00e1o r\u1eddi c\u00e1c ki\u1ec7n.<\/p>\n<h3>C\u00e1c th\u00e0nh ph\u1ea7n ch\u00ednh<\/h3>\n<p>M\u00e1y nghi\u1ec1n ph\u1ebf li\u1ec7u th\u1ee7y l\u1ef1c d\u00f2ng CBJ bao g\u1ed3m \u0111\u1ed9ng c\u01a1, th\u00f9ng ch\u1ee9a d\u1ea7u, b\u01a1m d\u1ea7u, b\u1ed9 \u0111i\u1ec1u khi\u1ec3n, d\u1ea7m b\u01b0\u1edbm, h\u1ec7 th\u1ed1ng th\u1ee7y l\u1ef1c v\u00e0 \u0111\u1ed9ng c\u01a1 ch\u00ednh.<\/p>\n<table class=\"table0313\">\n<tbody>\n<tr>\n<td><img fetchpriority=\"high\" decoding=\"async\" class=\"alignnone size-full wp-image-11224\" src=\"https:\/\/www.unitetopbalermachine.com\/wp-content\/uploads\/2025\/03\/Scrap-Bale-Breaker.jpg\" alt=\"M\u00e1y nghi\u1ec1n ki\u1ec7n ph\u1ebf li\u1ec7u\" width=\"600\" height=\"337\" srcset=\"https:\/\/www.unitetopbalermachine.com\/wp-content\/uploads\/2025\/03\/Scrap-Bale-Breaker.jpg 600w, https:\/\/www.unitetopbalermachine.com\/wp-content\/uploads\/2025\/03\/Scrap-Bale-Breaker-300x169.jpg 300w\" sizes=\"(max-width: 600px) 100vw, 600px\" \/><\/td>\n<td>1. D\u1ec5 d\u00e0ng h\u01a1n \u0111\u1ec3 gi\u1ea3i n\u00e9n<br \/>\nM\u00e1y nghi\u1ec1n ki\u1ec7n ph\u1ebf li\u1ec7u th\u1ee7y l\u1ef1c d\u00f2ng CBJ s\u1eed d\u1ee5ng c\u1ea5u tr\u00fac m\u00f3c v\u00e0 c\u00e0ng khoa h\u1ecdc h\u01a1n, c\u00e1c c\u00e0ng m\u00f3c c\u1eaft v\u00e0o ki\u1ec7n h\u00e0ng t\u1ed1t h\u01a1n, gi\u00fap vi\u1ec7c th\u00e1o ki\u1ec7n d\u1ec5 d\u00e0ng h\u01a1n.<\/td>\n<\/tr>\n<tr>\n<td>2. L\u01b0\u1ee1i dao \u0111\u1ea7u vu\u1ed1t c\u00f3 th\u1ec3 thay th\u1ebf<br \/>\nL\u01b0\u1ee1i th\u00e9p h\u1ee3p kim c\u01b0\u1eddng \u0111\u1ed9 cao c\u00f3 th\u1ec3 thay th\u1ebf \u0111\u01b0\u1ee3c s\u1eed d\u1ee5ng \u1edf \u0111\u1ea7u m\u00f3c c\u00e2u, gi\u00fap c\u1ea3i thi\u1ec7n kh\u1ea3 n\u0103ng ch\u1ed1ng m\u00e0i m\u00f2n v\u00e0 tu\u1ed5i th\u1ecd c\u1ee7a m\u00f3c c\u00e2u.<\/td>\n<td><img decoding=\"async\" class=\"alignnone size-full wp-image-11236\" src=\"https:\/\/www.unitetopbalermachine.com\/wp-content\/uploads\/2025\/03\/Scrap-Bale-Breaker-Claw-Head-Blade.jpg\" alt=\"L\u01b0\u1ee1i dao \u0111\u1ea7u m\u00f3ng vu\u1ed1t ph\u00e1 ki\u1ec7n ph\u1ebf li\u1ec7u\" width=\"600\" height=\"329\" srcset=\"https:\/\/www.unitetopbalermachine.com\/wp-content\/uploads\/2025\/03\/Scrap-Bale-Breaker-Claw-Head-Blade.jpg 600w, https:\/\/www.unitetopbalermachine.com\/wp-content\/uploads\/2025\/03\/Scrap-Bale-Breaker-Claw-Head-Blade-300x165.jpg 300w\" sizes=\"(max-width: 600px) 100vw, 600px\" \/><\/td>\n<\/tr>\n<tr>\n<td><img decoding=\"async\" class=\"alignnone size-full wp-image-11248\" src=\"https:\/\/www.unitetopbalermachine.com\/wp-content\/uploads\/2025\/03\/Scrap-Bale-Breaker-Machine-Guide-Rail.jpg\" alt=\"\u0110\u01b0\u1eddng ray d\u1eabn h\u01b0\u1edbng m\u00e1y nghi\u1ec1n ki\u1ec7n ph\u1ebf li\u1ec7u\" width=\"600\" height=\"324\" srcset=\"https:\/\/www.unitetopbalermachine.com\/wp-content\/uploads\/2025\/03\/Scrap-Bale-Breaker-Machine-Guide-Rail.jpg 600w, https:\/\/www.unitetopbalermachine.com\/wp-content\/uploads\/2025\/03\/Scrap-Bale-Breaker-Machine-Guide-Rail-300x162.jpg 300w\" sizes=\"(max-width: 600px) 100vw, 600px\" \/><\/td>\n<td>3. Thi\u1ebft k\u1ebf ch\u1ed1ng m\u00e0i m\u00f2n c\u1ee7a c\u00e1c b\u1ed9 ph\u1eadn ch\u00ednh, thanh d\u1eabn h\u01b0\u1edbng<br \/>\nTheo \u0111\u1eb7c t\u00ednh m\u00e0i m\u00f2n c\u1ee7a thanh ray d\u1eabn h\u01b0\u1edbng v\u00e0 c\u00e1c b\u1ed9 ph\u1eadn li\u00ean quan kh\u00e1c c\u1ee7a khung, t\u1ea5m th\u00e9p h\u1ee3p kim ch\u1ecbu m\u00e0i m\u00f2n c\u00f3 \u0111\u1ed9 b\u1ec1n cao \u0111\u01b0\u1ee3c l\u1eafp \u0111\u1eb7t tr\u00ean khung.<\/td>\n<\/tr>\n<\/tbody>\n<\/table>\n<h2>Th\u00f4ng s\u1ed1 k\u1ef9 thu\u1eadt<\/h2>\n<table class=\"border:0 !important;\">\n<tbody>\n<tr>\n<td><strong>Ng\u01b0\u1eddi m\u1eabu<\/strong><\/td>\n<td><strong>\u00c1p su\u1ea5t danh ngh\u0129a (T\u1ea5n)<\/strong><\/td>\n<td><strong>K\u00edch th\u01b0\u1edbc ki\u1ec7n c\u00f3 th\u1ec3 th\u00e1o r\u1eddi (mm)<\/strong><\/td>\n<td><strong>C\u00f4ng su\u1ea5t (KW)<\/strong><\/td>\n<\/tr>\n<tr>\n<td>CBJ-1200<\/td>\n<td>120<\/td>\n<td>\u2264 600 x 600<\/td>\n<td>18.5<\/td>\n<\/tr>\n<tr>\n<td>CBJ-1600<\/td>\n<td>160<\/td>\n<td>\u2264 800 x 800<\/td>\n<td>22<\/td>\n<\/tr>\n<tr>\n<td>CBJ-3150<\/td>\n<td>315<\/td>\n<td>\u2264 800 x 800<\/td>\n<td>45<\/td>\n<\/tr>\n<\/tbody>\n<\/table>\n<h2>\u1ee8ng d\u1ee5ng<\/h2>\n<p><img loading=\"lazy\" decoding=\"async\" class=\"alignnone size-full wp-image-11430\" src=\"https:\/\/www.unitetopbalermachine.com\/wp-content\/uploads\/2025\/03\/Hydraulic-Scrap-Bale-Breaker-Machine-Applications.jpg\" alt=\"\u1ee8ng d\u1ee5ng c\u1ee7a m\u00e1y nghi\u1ec1n ph\u1ebf li\u1ec7u th\u1ee7y l\u1ef1c\" width=\"1200\" height=\"202\" srcset=\"https:\/\/www.unitetopbalermachine.com\/wp-content\/uploads\/2025\/03\/Hydraulic-Scrap-Bale-Breaker-Machine-Applications.jpg 1200w, https:\/\/www.unitetopbalermachine.com\/wp-content\/uploads\/2025\/03\/Hydraulic-Scrap-Bale-Breaker-Machine-Applications-300x51.jpg 300w, https:\/\/www.unitetopbalermachine.com\/wp-content\/uploads\/2025\/03\/Hydraulic-Scrap-Bale-Breaker-Machine-Applications-1024x172.jpg 1024w, https:\/\/www.unitetopbalermachine.com\/wp-content\/uploads\/2025\/03\/Hydraulic-Scrap-Bale-Breaker-Machine-Applications-768x129.jpg 768w, https:\/\/www.unitetopbalermachine.com\/wp-content\/uploads\/2025\/03\/Hydraulic-Scrap-Bale-Breaker-Machine-Applications-600x101.jpg 600w\" sizes=\"(max-width: 1200px) 100vw, 1200px\" \/><\/p>\n<h2>Nh\u00e0 cung c\u1ea5p h\u1ee3p t\u00e1c<\/h2>\n<p><img loading=\"lazy\" decoding=\"async\" class=\"alignnone size-full wp-image-1707\" src=\"https:\/\/www.unitetopbalermachine.com\/wp-content\/uploads\/2024\/05\/COOPERATIVE-SUPPLIERS.jpg\" alt=\"NH\u00c0 CUNG C\u1ea4P H\u1ee2P T\u00c1C\" width=\"1200\" height=\"300\" srcset=\"https:\/\/www.unitetopbalermachine.com\/wp-content\/uploads\/2024\/05\/COOPERATIVE-SUPPLIERS.jpg 1200w, https:\/\/www.unitetopbalermachine.com\/wp-content\/uploads\/2024\/05\/COOPERATIVE-SUPPLIERS-600x150.jpg 600w, https:\/\/www.unitetopbalermachine.com\/wp-content\/uploads\/2024\/05\/COOPERATIVE-SUPPLIERS-300x75.jpg 300w, https:\/\/www.unitetopbalermachine.com\/wp-content\/uploads\/2024\/05\/COOPERATIVE-SUPPLIERS-1024x256.jpg 1024w, https:\/\/www.unitetopbalermachine.com\/wp-content\/uploads\/2024\/05\/COOPERATIVE-SUPPLIERS-768x192.jpg 768w\" sizes=\"(max-width: 1200px) 100vw, 1200px\" \/><\/p>\n<h2>Xem m\u00e1y nghi\u1ec1n ph\u1ebf li\u1ec7u th\u1ee7y l\u1ef1c CBJ series ho\u1ea1t \u0111\u1ed9ng nh\u01b0 th\u1ebf n\u00e0o!<\/h2>\n<div class=\"ast-oembed-container \" style=\"height: 100%;\"><iframe title=\"CBJ Series hydraulic scrap bale breaker machine\" width=\"500\" height=\"281\" src=\"https:\/\/www.youtube.com\/embed\/HTI9-rj-4lY?feature=oembed\" frameborder=\"0\" allow=\"accelerometer; autoplay; clipboard-write; encrypted-media; gyroscope; picture-in-picture; web-share\" referrerpolicy=\"strict-origin-when-cross-origin\" allowfullscreen><\/iframe><\/div>\n<style>.table0313{border:none;}.table0313 td{border:none;}<\/style>\n","protected":false},"excerpt":{"rendered":"<p>M\u00e1y nghi\u1ec1n ph\u1ebf li\u1ec7u th\u1ee7y l\u1ef1c d\u00f2ng CBJ n\u00e2ng cao ch\u1ea5t l\u01b0\u1ee3ng ph\u1ebf li\u1ec7u \u0111\u1ec3 thu h\u1ed3i kim lo\u1ea1i, nh\u00e0 m\u00e1y th\u00e9p v\u00e0 luy\u1ec7n kim, \u0111\u00f3ng vai tr\u00f2 l\u00e0 m\u00e1y th\u00e1o d\u1ee1 v\u00e0 th\u1eed nghi\u1ec7m chuy\u00ean nghi\u1ec7p.<\/p>\n<p><strong>Ch\u1ee9c n\u0103ng:<\/strong> M\u00e1y nghi\u1ec1n ki\u1ec7n ph\u1ebf li\u1ec7u th\u1ee7y l\u1ef1c d\u00f2ng CBJ \u0111\u01b0\u1ee3c thi\u1ebft k\u1ebf \u0111\u1eb7c bi\u1ec7t \u0111\u1ec3 nghi\u1ec1n c\u00e1c ki\u1ec7n ph\u1ebf li\u1ec7u n\u00e9n t\u1eeb xe ch\u1edf ch\u1ea5t th\u1ea3i ho\u1eb7c th\u00e9p ph\u1ebf li\u1ec7u.<\/p>\n<p><strong>Y\u00eau c\u1ea7u \u0111\u1ed1i v\u1edbi kh\u1ed1i ki\u1ec7n ph\u1ebf li\u1ec7u: <\/strong> k\u00edch th\u01b0\u1edbc t\u1ed1i \u0111a 2000mm (D) \u00d7 800mm (R) \u00d7 800mm (C), v\u1edbi m\u1eadt \u0111\u1ed9 kh\u00f4ng qu\u00e1 2,5 t\u1ea5n\/m\u00b3.<\/p>\n<ul>\n<li>H\u1ec7 th\u1ed1ng th\u1ee7y l\u1ef1c m\u1ea1nh m\u1ebd<\/li>\n<li>Gi\u1ea3m chi ph\u00ed lao \u0111\u1ed9ng<\/li>\n<li>X\u1eed l\u00fd nhi\u1ec1u k\u00edch c\u1ee1 ki\u1ec7n kh\u00e1c nhau<\/li>\n<li>\u00c1p su\u1ea5t danh ngh\u0129a: 120~315 t\u1ea5n<\/li>\n<\/ul>\n","protected":false},"featured_media":11405,"template":"","meta":{"site-sidebar-layout":"default","site-content-layout":"","ast-site-content-layout":"default","site-content-style":"default","site-sidebar-style":"default","ast-global-header-display":"","ast-banner-title-visibility":"","ast-main-header-display":"","ast-hfb-above-header-display":"","ast-hfb-below-header-display":"","ast-hfb-mobile-header-display":"","site-post-title":"","ast-breadcrumbs-content":"","ast-featured-img":"","footer-sml-layout":"","theme-transparent-header-meta":"default","adv-header-id-meta":"","stick-header-meta":"","header-above-stick-meta":"","header-main-stick-meta":"","header-below-stick-meta":"","astra-migrate-meta-layouts":"set","ast-page-background-enabled":"default","ast-page-background-meta":{"desktop":{"background-color":"var(--ast-global-color-4)","background-image":"","background-repeat":"repeat","background-position":"center center","background-size":"auto","background-attachment":"scroll","background-type":"","background-media":"","overlay-type":"","overlay-color":"","overlay-opacity":"","overlay-gradient":""},"tablet":{"background-color":"","background-image":"","background-repeat":"repeat","background-position":"center center","background-size":"auto","background-attachment":"scroll","background-type":"","background-media":"","overlay-type":"","overlay-color":"","overlay-opacity":"","overlay-gradient":""},"mobile":{"background-color":"","background-image":"","background-repeat":"repeat","background-position":"center center","background-size":"auto","background-attachment":"scroll","background-type":"","background-media":"","overlay-type":"","overlay-color":"","overlay-opacity":"","overlay-gradient":""}},"ast-content-background-meta":{"desktop":{"background-color":"var(--ast-global-color-5)","background-image":"","background-repeat":"repeat","background-position":"center center","background-size":"auto","background-attachment":"scroll","background-type":"","background-media":"","overlay-type":"","overlay-color":"","overlay-opacity":"","overlay-gradient":""},"tablet":{"background-color":"var(--ast-global-color-5)","background-image":"","background-repeat":"repeat","background-position":"center center","background-size":"auto","background-attachment":"scroll","background-type":"","background-media":"","overlay-type":"","overlay-color":"","overlay-opacity":"","overlay-gradient":""},"mobile":{"background-color":"var(--ast-global-color-5)","background-image":"","background-repeat":"repeat","background-position":"center center","background-size":"auto","background-attachment":"scroll","background-type":"","background-media":"","overlay-type":"","overlay-color":"","overlay-opacity":"","overlay-gradient":""}}},"product_brand":[],"product_cat":[181],"product_tag":[],"class_list":{"0":"post-12716","1":"product","2":"type-product","3":"status-publish","4":"has-post-thumbnail","6":"product_cat-may-nghien-kien-phe-lieu","7":"desktop-align-left","8":"tablet-align-left","9":"mobile-align-left","11":"first","12":"instock","13":"shipping-taxable","14":"product-type-simple"},"_links":{"self":[{"href":"https:\/\/www.unitetopbalermachine.com\/vi\/wp-json\/wp\/v2\/product\/12716","targetHints":{"allow":["GET"]}}],"collection":[{"href":"https:\/\/www.unitetopbalermachine.com\/vi\/wp-json\/wp\/v2\/product"}],"about":[{"href":"https:\/\/www.unitetopbalermachine.com\/vi\/wp-json\/wp\/v2\/types\/product"}],"wp:featuredmedia":[{"embeddable":true,"href":"https:\/\/www.unitetopbalermachine.com\/vi\/wp-json\/wp\/v2\/media\/11405"}],"wp:attachment":[{"href":"https:\/\/www.unitetopbalermachine.com\/vi\/wp-json\/wp\/v2\/media?parent=12716"}],"wp:term":[{"taxonomy":"product_brand","embeddable":true,"href":"https:\/\/www.unitetopbalermachine.com\/vi\/wp-json\/wp\/v2\/product_brand?post=12716"},{"taxonomy":"product_cat","embeddable":true,"href":"https:\/\/www.unitetopbalermachine.com\/vi\/wp-json\/wp\/v2\/product_cat?post=12716"},{"taxonomy":"product_tag","embeddable":true,"href":"https:\/\/www.unitetopbalermachine.com\/vi\/wp-json\/wp\/v2\/product_tag?post=12716"}],"curies":[{"name":"wp","href":"https:\/\/api.w.org\/{rel}","templated":true}]}}