{"id":12715,"date":"2025-03-13T01:05:47","date_gmt":"2025-03-13T01:05:47","guid":{"rendered":"https:\/\/www.unitetopbalermachine.com\/product\/day-chuyen-nghien-phe-lieu-dong-psx\/"},"modified":"2026-03-18T10:12:01","modified_gmt":"2026-03-18T10:12:01","slug":"day-chuyen-nghien-phe-lieu-dong-psx","status":"publish","type":"product","link":"https:\/\/www.unitetopbalermachine.com\/vi\/day-chuyen-nghien-phe-lieu-dong-psx.html","title":{"rendered":"D\u00e2y chuy\u1ec1n nghi\u1ec1n ph\u1ebf li\u1ec7u d\u00f2ng PSX"},"content":{"rendered":"<h2>T\u00ednh n\u0103ng<\/h2>\n<p>1. \u0110\u01b0\u1ee3c trang b\u1ecb c\u00e1c h\u1ec7 th\u1ed1ng ki\u1ec3m so\u00e1t b\u1ee5i, ti\u1ebfng \u1ed3n v\u00e0 phun l\u00e0m m\u00e1t, c\u00f9ng c\u00e1c h\u1ec7 th\u1ed1ng kh\u00e1c, nh\u1eb1m \u0111\u00e1p \u1ee9ng c\u00e1c ti\u00eau chu\u1ea9n m\u00f4i tr\u01b0\u1eddng c\u1ee7a d\u1ef1 \u00e1n.<\/p>\n<p>2. \u0110\u1ec3 \u0111\u00e1p \u1ee9ng y\u00eau c\u1ea7u v\u1ec1 s\u1ea3n xu\u1ea5t an to\u00e0n v\u00e0 hi\u1ec7u qu\u1ea3, h\u1ec7 th\u1ed1ng c\u00f3 th\u1ec3 \u0111\u01b0\u1ee3c trang b\u1ecb h\u1ec7 th\u1ed1ng gi\u00e1m s\u00e1t video to\u00e0n di\u1ec7n qua m\u1ea1ng, h\u1ec7 th\u1ed1ng \u0111i\u1ec1u khi\u1ec3n t\u00edch h\u1ee3p t\u1ef1 \u0111\u1ed9ng v\u00e0 h\u1ec7 th\u1ed1ng v\u1eadn h\u00e0nh v\u00e0 b\u1ea3o tr\u00ec t\u1eeb xa.<\/p>\n<p>3. C\u00e1c ph\u1ee5 ki\u1ec7n c\u1ee7a thi\u1ebft b\u1ecb c\u00f3 t\u00ednh linh ho\u1ea1t cao v\u00e0 d\u1ec5 b\u1ea3o tr\u00ec, \u0111\u1ed3ng th\u1eddi c\u1ea5u tr\u00fac c\u1ed1t l\u00f5i c\u1ee7a thi\u1ebft b\u1ecb c\u00f3 \u01b0u \u0111i\u1ec3m n\u1ed5i b\u1eadt l\u00e0 thi\u1ebft k\u1ebf \u0111\u1ed9c l\u1eadp.<\/p>\n<p>4. C\u1ea5u tr\u00fac c\u1ea5p li\u1ec7u c\u1ee7a t\u1ea5m x\u00edch, chuy\u1ec3n \u0111\u1ed9ng v\u00e0 hi\u1ec7u su\u1ea5t ho\u1ea1t \u0111\u1ed9ng \u0111\u1ec1u \u0111\u01b0\u1ee3c c\u1ea3i thi\u1ec7n nh\u1edd \u0111\u1ed9ng c\u01a1 th\u1ee7y l\u1ef1c m\u00f4-men xo\u1eafn l\u1edbn cung c\u1ea5p n\u0103ng l\u01b0\u1ee3ng cho con l\u0103n t\u1ea3i tr\u01b0\u1edbc. H\u1ec7 th\u1ed1ng n\u00e0y c\u0169ng ti\u00eau th\u1ee5 \u00edt n\u0103ng l\u01b0\u1ee3ng h\u01a1n. <\/p>\n<h2>C\u00e1c th\u00e0nh ph\u1ea7n ch\u00ednh c\u1ee7a d\u00e2y chuy\u1ec1n nghi\u1ec1n ph\u1ebf li\u1ec7u kim lo\u1ea1i<\/h2>\n<h3>H\u1ec7 th\u1ed1ng c\u1ea5p li\u1ec7u v\u00e0 ph\u00e2n lo\u1ea1i s\u01a1 b\u1ed9<\/h3>\n<ul>\n<li>B\u1ed3n ch\u1ee9a ch\u1ecbu t\u1ea3i n\u1eb7ng: D\u00f9ng \u0111\u1ec3 l\u01b0u tr\u1eef t\u1ea1m th\u1eddi c\u00e1c v\u1eadt li\u1ec7u ph\u1ebf li\u1ec7u v\u00e0 \u0111\u1ea3m b\u1ea3o vi\u1ec7c c\u1ea5p li\u1ec7u li\u00ean t\u1ee5c v\u00e0o m\u00e1y nghi\u1ec1n.<\/li>\n<li>B\u0103ng t\u1ea3i: V\u1eadn chuy\u1ec3n ph\u1ebf li\u1ec7u \u0111\u1ebfn m\u00e1y nghi\u1ec1n ho\u1eb7c khu v\u1ef1c ti\u1ec1n x\u1eed l\u00fd.<\/li>\n<li>M\u00e1y t\u00e1ch t\u1eeb: T\u00e1ch c\u00e1c kim lo\u1ea1i ch\u1ee9a s\u1eaft ra kh\u1ecfi c\u00e1c v\u1eadt li\u1ec7u phi kim lo\u1ea1i.<\/li>\n<li>Tr\u1ea1m ph\u00e2n lo\u1ea1i th\u1ee7 c\u00f4ng ho\u1eb7c c\u01a1 kh\u00ed: Lo\u1ea1i b\u1ecf c\u00e1c v\u1eadt ph\u1ea9m qu\u00e1 kh\u1ed5, nguy hi\u1ec3m ho\u1eb7c kh\u00f4ng th\u1ec3 c\u1eaft nh\u1ecf.<\/li>\n<\/ul>\n<h3>Thi\u1ebft b\u1ecb nghi\u1ec1n s\u01a1 c\u1ea5p<\/h3>\n<ul>\n<li>M\u00e1y nghi\u1ec1n hai tr\u1ee5c c\u1ee1 l\u1edbn: Nghi\u1ec1n c\u00e1c m\u1ea3nh ph\u1ebf li\u1ec7u c\u1ee1 l\u1edbn nh\u01b0 \u00f4 t\u00f4 v\u00e0 \u0111\u1ed3 gia d\u1ee5ng.<\/li>\n<li>M\u00e1y nghi\u1ec1n tr\u1ee5c \u0111\u01a1n: L\u00fd t\u01b0\u1edfng cho ph\u1ebf li\u1ec7u nh\u1eb9, cho ph\u00e9p x\u1eed l\u00fd nhanh ch\u00f3ng.<\/li>\n<li>M\u00e1y nghi\u1ec1n b\u1ed1n tr\u1ee5c: X\u1eed l\u00fd c\u00e1c lo\u1ea1i v\u1eadt li\u1ec7u \u0111\u1eb7c bi\u1ec7t, mang l\u1ea1i kh\u1ea3 n\u0103ng nghi\u1ec1n m\u1ecbn h\u01a1n.<\/li>\n<\/ul>\n<h3>Xay nhuy\u1ec5n v\u00e0 nghi\u1ec1n h\u1ea1t th\u1ee9 c\u1ea5p<\/h3>\n<ul>\n<li>M\u00e1y c\u1eaft v\u00e0 nghi\u1ec1n: C\u1eaft v\u00e0 n\u00e9n c\u00e1c lo\u1ea1i v\u1eadt li\u1ec7u kim lo\u1ea1i c\u1ee5 th\u1ec3.<\/li>\n<li>M\u00e1y nghi\u1ec1n b\u00faa: Ti\u1ebfp t\u1ee5c nghi\u1ec1n n\u00e1t c\u00e1c v\u1eadt li\u1ec7u \u0111\u00e3 \u0111\u01b0\u1ee3c c\u1eaft nh\u1ecf \u0111\u1ec3 ki\u1ec3m so\u00e1t k\u00edch th\u01b0\u1edbc h\u1ea1t.<\/li>\n<li>M\u00e1y nghi\u1ec1n con l\u0103n: Th\u1ef1c hi\u1ec7n nghi\u1ec1n m\u1ecbn v\u00e0 n\u00e9n ch\u1eb7t.<\/li>\n<\/ul>\n<h3>H\u1ec7 th\u1ed1ng ph\u00e2n t\u00e1ch v\u00e0 ph\u00e2n lo\u1ea1i<\/h3>\n<ul>\n<li>M\u00e1y t\u00e1ch t\u1eeb: Lo\u1ea1i b\u1ecf c\u00e1c kim lo\u1ea1i ch\u1ee9a s\u1eaft m\u1ed9t l\u1ea7n n\u1eefa \u0111\u1ec3 \u0111\u1ea1t \u0111\u1ed9 tinh khi\u1ebft cao h\u01a1n.<\/li>\n<li>M\u00e1y t\u00e1ch d\u00f2ng \u0111i\u1ec7n xo\u00e1y: T\u00e1ch \u0111\u1ed3ng, nh\u00f4m v\u00e0 c\u00e1c kim lo\u1ea1i m\u00e0u kh\u00e1c kh\u1ecfi c\u00e1c ch\u1ea5t phi kim lo\u1ea1i.<\/li>\n<li>M\u00e1y s\u00e0ng rung: Ph\u00e2n lo\u1ea1i v\u1eadt li\u1ec7u theo k\u00edch th\u01b0\u1edbc, t\u00e1ch c\u00e1c h\u1ea1t c\u00f3 k\u00edch th\u01b0\u1edbc kh\u00e1c nhau.<\/li>\n<li>M\u00e1y ph\u00e2n t\u00e1ch kh\u00f4ng kh\u00ed: Ph\u00e2n t\u00e1ch v\u1eadt li\u1ec7u d\u1ef1a tr\u00ean s\u1ef1 kh\u00e1c bi\u1ec7t v\u1ec1 m\u1eadt \u0111\u1ed9.<\/li>\n<\/ul>\n<h3>V\u1eadn chuy\u1ec3n &amp; L\u01b0u tr\u1eef<\/h3>\n<ul>\n<li>H\u1ec7 th\u1ed1ng b\u0103ng t\u1ea3i: V\u1eadn chuy\u1ec3n nguy\u00ean li\u1ec7u hi\u1ec7u qu\u1ea3 gi\u1eefa c\u00e1c c\u00f4ng \u0111o\u1ea1n.<\/li>\n<li>B\u1ed3n ch\u1ee9a\/B\u1ec3 ch\u1ee9a: D\u00f9ng \u0111\u1ec3 l\u01b0u tr\u1eef c\u00e1c h\u1ea1t ho\u1eb7c kh\u1ed1i kim lo\u1ea1i \u0111\u00e3 qua x\u1eed l\u00fd.<\/li>\n<li>M\u00e1y \u0111\u00f3ng ki\u1ec7n\/m\u00e1y n\u00e9n: N\u00e9n c\u00e1c v\u1eadt li\u1ec7u \u0111\u00e3 \u0111\u01b0\u1ee3c c\u1eaft nh\u1ecf th\u00e0nh c\u00e1c kh\u1ed1i ho\u1eb7c ki\u1ec7n ti\u00eau chu\u1ea9n \u0111\u1ec3 v\u1eadn chuy\u1ec3n.<\/li>\n<\/ul>\n<h3>Ki\u1ec3m so\u00e1t b\u1ee5i v\u00e0 l\u00e0m m\u00e1t<\/h3>\n<ul>\n<li>H\u1ec7 th\u1ed1ng l\u00e0m m\u00e1t b\u1eb1ng phun s\u01b0\u01a1ng: Ng\u0103n ch\u1eb7n t\u00ecnh tr\u1ea1ng qu\u00e1 nhi\u1ec7t trong qu\u00e1 tr\u00ecnh b\u0103m nh\u1ecf.<\/li>\n<li>H\u1ec7 th\u1ed1ng thu gom b\u1ee5i: Gi\u1ea3m thi\u1ec3u t\u00e1c \u0111\u1ed9ng c\u1ee7a b\u1ee5i kim lo\u1ea1i \u0111\u1ed1i v\u1edbi m\u00f4i tr\u01b0\u1eddng v\u00e0 thi\u1ebft b\u1ecb.<\/li>\n<li>Thi\u1ebft b\u1ecb gi\u1ea3m ti\u1ebfng \u1ed3n: \u0110\u1ea3m b\u1ea3o d\u00e2y chuy\u1ec1n s\u1ea3n xu\u1ea5t tu\u00e2n th\u1ee7 c\u00e1c ti\u00eau chu\u1ea9n m\u00f4i tr\u01b0\u1eddng.<\/li>\n<\/ul>\n<h3>H\u1ec7 th\u1ed1ng \u0111i\u1ec1u khi\u1ec3n v\u00e0 an to\u00e0n<\/h3>\n<ul>\n<li>H\u1ec7 th\u1ed1ng \u0111i\u1ec1u khi\u1ec3n trung t\u00e2m PLC: Cho ph\u00e9p t\u1ef1 \u0111\u1ed9ng h\u00f3a v\u00e0 gi\u00e1m s\u00e1t to\u00e0n b\u1ed9 d\u00e2y chuy\u1ec1n s\u1ea3n xu\u1ea5t.<\/li>\n<li>V\u1eadn h\u00e0nh v\u00e0 gi\u00e1m s\u00e1t t\u1eeb xa: H\u1ed7 tr\u1ee3 qu\u1ea3n l\u00fd v\u00e0 b\u1ea3o tr\u00ec t\u1eeb xa.<\/li>\n<li>H\u1ec7 th\u1ed1ng camera gi\u00e1m s\u00e1t: \u0110\u1ea3m b\u1ea3o an to\u00e0n v\u1eadn h\u00e0nh v\u00e0 h\u1ed7 tr\u1ee3 vi\u1ec7c theo d\u00f5i c\u00e1c s\u1ef1 c\u1ed1.<\/li>\n<\/ul>\n<h2>Th\u00f4ng s\u1ed1 k\u1ef9 thu\u1eadt<\/h2>\n<table>\n<tbody>\n<tr>\n<td>M\u1eabu<\/td>\n<td>&nbsp;<\/p>\n<p>Chi\u1ec1u r\u1ed9ng c\u1eeda n\u1ea1p (mm)<\/p>\n<\/td>\n<td>&nbsp;<\/p>\n<p>C\u00f4ng su\u1ea5t m\u00e1y (kW\/HP)<\/td>\n<td>&nbsp;<\/p>\n<p>C\u00f4ng su\u1ea5t (t\/h)<\/td>\n<\/tr>\n<tr>\n<td>PSX-90<\/td>\n<td>1000<\/td>\n<td>90 (120)<\/td>\n<td>2-3<\/td>\n<\/tr>\n<tr>\n<td>PSX-160<\/td>\n<td>1200<\/td>\n<td>160(212)<\/td>\n<td>4-6<\/td>\n<\/tr>\n<tr>\n<td>PSX-400<\/td>\n<td>1400<\/td>\n<td>400(535)<\/td>\n<td>6-10<\/td>\n<\/tr>\n<tr>\n<td>PSX-500<\/td>\n<td>1600<\/td>\n<td>500(670)<\/td>\n<td>12-18<\/td>\n<\/tr>\n<tr>\n<td>PSX-700<\/td>\n<td rowspan=\"3\">2200<\/td>\n<td>750(1000)<\/td>\n<td>15-20<\/td>\n<\/tr>\n<tr>\n<td>PSX-900<\/td>\n<td>900(1200)<\/td>\n<td>20-25<\/td>\n<\/tr>\n<tr>\n<td>PSX-1200<\/td>\n<td>1200(1600)<\/td>\n<td>25-30<\/td>\n<\/tr>\n<tr>\n<td>PSX-1500<\/td>\n<td>2500<\/td>\n<td>1500(2000)<\/td>\n<td>30-50<\/td>\n<\/tr>\n<tr>\n<td>PSX-2250<\/td>\n<td><\/td>\n<td>2250(3000)<\/td>\n<td>50-70<\/td>\n<\/tr>\n<\/tbody>\n<\/table>\n<h2>Quy tr\u00ecnh v\u1eadn h\u00e0nh c\u1ee5 th\u1ec3<\/h2>\n<p><strong>1. N\u1ea1p nguy\u00ean li\u1ec7u v\u00e0 ph\u00e2n lo\u1ea1i s\u01a1 b\u1ed9<\/strong><br \/>\nC\u00e1c lo\u1ea1i ph\u1ebf li\u1ec7u, bao g\u1ed3m th\u00e2n xe \u00f4 t\u00f4 \u0111\u00e3 h\u1ecfng, t\u00f4n m\u1ea1 k\u1ebdm v\u00e0 c\u00e1c thi\u1ebft b\u1ecb gia d\u1ee5ng c\u0169, \u0111\u01b0\u1ee3c \u0111\u01b0a v\u00e0o m\u00e1y nghi\u1ec1n th\u00f4ng qua h\u1ec7 th\u1ed1ng b\u0103ng t\u1ea3i ho\u1eb7c g\u1ea7u x\u00fac. C\u00e1c v\u1eadt li\u1ec7u c\u1ee1 l\u1edbn ho\u1eb7c nguy hi\u1ec3m \u0111\u01b0\u1ee3c ph\u00e2n lo\u1ea1i s\u01a1 b\u1ed9 b\u1eb1ng tay ho\u1eb7c b\u1eb1ng m\u00e1y \u0111\u1ec3 \u0111\u1ea3m b\u1ea3o qu\u00e1 tr\u00ecnh x\u1eed l\u00fd an to\u00e0n v\u00e0 tr\u00e1nh g\u00e2y h\u01b0 h\u1ecfng cho thi\u1ebft b\u1ecb. <\/p>\n<p><strong>2. Qu\u00e1 tr\u00ecnh nghi\u1ec1n s\u01a1 c\u1ea5p<\/strong><br \/>\nPh\u1ebf li\u1ec7u \u0111\u01b0\u1ee3c \u0111\u01b0a v\u00e0o bu\u1ed3ng nghi\u1ec1n s\u01a1 c\u1ea5p, n\u01a1i c\u00e1c b\u00faa quay v\u1edbi t\u1ed1c \u0111\u1ed9 cao s\u1ebd nghi\u1ec1n n\u00e1t v\u00e0 x\u00e9 nh\u1ecf v\u1eadt li\u1ec7u. L\u1ef1c va \u0111\u1eadp gi\u00fap ph\u00e2n t\u00e1ch kh\u1ed1i ph\u1ebf li\u1ec7u th\u00e0nh c\u00e1c m\u1ea3nh nh\u1ecf h\u01a1n, \u0111\u1ed3ng th\u1eddi lo\u1ea1i b\u1ecf l\u1edbp ph\u1ee7 v\u00e0 c\u00e1c t\u1ea1p ch\u1ea5t b\u00e1m tr\u00ean b\u1ec1 m\u1eb7t. <\/p>\n<p><strong>3. Ph\u00e2n t\u00e1ch t\u1eeb t\u00ednh<\/strong><br \/>\nSau khi \u0111\u01b0\u1ee3c c\u1eaft nh\u1ecf, ph\u1ebf li\u1ec7u \u0111\u00e3 qua x\u1eed l\u00fd s\u1ebd \u0111i qua m\u1ed9t m\u00e1y ph\u00e2n t\u00e1ch t\u1eeb t\u00ednh c\u00f4ng su\u1ea5t l\u1edbn. B\u01b0\u1edbc n\u00e0y gi\u00fap lo\u1ea1i b\u1ecf hi\u1ec7u qu\u1ea3 c\u00e1c v\u1eadt li\u1ec7u s\u1eaft t\u1eeb kh\u1ecfi c\u00e1c th\u00e0nh ph\u1ea7n phi s\u1eaft t\u1eeb, \u0111\u1ea3m b\u1ea3o ph\u1ebf li\u1ec7u th\u00e9p \u0111\u00e1p \u1ee9ng c\u00e1c y\u00eau c\u1ea7u v\u1ec1 \u0111\u1ed9 tinh khi\u1ebft \u0111\u1ec3 s\u1ea3n xu\u1ea5t th\u00e9p. <\/p>\n<p><strong>4. T\u1ed1i \u01b0u h\u00f3a m\u1eadt \u0111\u1ed9 v\u00e0 k\u00edch th\u01b0\u1edbc<\/strong><br \/>\nV\u1eadt li\u1ec7u \u0111\u00e3 \u0111\u01b0\u1ee3c b\u0103m nh\u1ecf s\u1ebd \u0111\u01b0\u1ee3c x\u1eed l\u00fd th\u00eam \u0111\u1ec3 t\u0103ng m\u1eadt \u0111\u1ed9 v\u00e0 \u0111\u1ed9 \u0111\u1ed3ng \u0111\u1ec1u. C\u00f3 th\u1ec3 s\u1eed d\u1ee5ng c\u00e1c c\u01a1 ch\u1ebf c\u00e1n ho\u1eb7c \u00e9p b\u1ed5 sung \u0111\u1ec3 \u0111\u1ea1t \u0111\u01b0\u1ee3c t\u1ef7 tr\u1ecdng th\u1ec3 t\u00edch theo y\u00eau c\u1ea7u, gi\u00fap ph\u1ebf li\u1ec7u ph\u00f9 h\u1ee3p h\u01a1n cho vi\u1ec7c n\u1ea1p l\u00f2. <\/p>\n<p><strong>5. Thu gom b\u1ee5i v\u00e0 c\u1eb7n b\u00e3<\/strong><br \/>\nH\u1ec7 th\u1ed1ng thu gom b\u1ee5i ti\u00ean ti\u1ebfn gi\u00fap thu gi\u1eef c\u00e1c h\u1ea1t m\u1ecbn v\u00e0 t\u1ea1p ch\u1ea5t sinh ra trong qu\u00e1 tr\u00ecnh c\u1eaft nh\u1ecf, \u0111\u1ea3m b\u1ea3o tu\u00e2n th\u1ee7 c\u00e1c quy \u0111\u1ecbnh v\u1ec1 m\u00f4i tr\u01b0\u1eddng v\u00e0 ng\u0103n ng\u1eeba c\u00e1c nguy c\u01a1 t\u1ea1i n\u01a1i l\u00e0m vi\u1ec7c. C\u00e1c v\u1eadt li\u1ec7u nh\u1eb9 nh\u01b0 nh\u1ef1a, x\u1ed1p v\u00e0 c\u1eb7n v\u1ea3i \u0111\u01b0\u1ee3c t\u00e1ch ri\u00eang v\u00e0 lo\u1ea1i b\u1ecf. <\/p>\n<p><strong>6. Ph\u00e2n lo\u1ea1i kim lo\u1ea1i m\u00e0u<\/strong><br \/>\nTh\u00f4ng qua c\u00e1c thi\u1ebft b\u1ecb t\u00e1ch d\u00f2ng \u0111i\u1ec7n xo\u00e1y v\u00e0 m\u00e1y ph\u00e2n lo\u1ea1i kh\u00ed, c\u00e1c kim lo\u1ea1i m\u00e0u nh\u01b0 nh\u00f4m v\u00e0 \u0111\u1ed3ng \u0111\u01b0\u1ee3c t\u00e1ch ra kh\u1ecfi d\u00f2ng ph\u1ebf li\u1ec7u \u0111\u00e3 \u0111\u01b0\u1ee3c c\u1eaft nh\u1ecf, \u0111\u1ea3m b\u1ea3o thu h\u1ed3i t\u1ed1i \u0111a nguy\u00ean li\u1ec7u v\u00e0 gi\u1ea3m thi\u1ec3u ch\u1ea5t th\u1ea3i.<\/p>\n<p><strong>7. X\u1ea3 s\u1ea3n ph\u1ea9m v\u00e0 l\u01b0u tr\u1eef<\/strong><br \/>\nPh\u1ebf li\u1ec7u \u0111\u00e3 qua x\u1eed l\u00fd cu\u1ed1i c\u00f9ng \u0111\u01b0\u1ee3c x\u1ea3 xu\u1ed1ng h\u1ec7 th\u1ed1ng b\u0103ng t\u1ea3i \u0111\u1ec3 thu gom v\u00e0 l\u01b0u tr\u1eef. Ph\u1ebf li\u1ec7u th\u00e9p ch\u1ea5t l\u01b0\u1ee3ng cao, nay \u0111\u00e3 lo\u1ea1i b\u1ecf t\u1ea1p ch\u1ea5t v\u00e0 c\u00f3 m\u1eadt \u0111\u1ed9 \u0111\u1ed3ng \u0111\u1ec1u, s\u1eb5n s\u00e0ng \u0111\u1ec3 s\u1eed d\u1ee5ng tr\u1ef1c ti\u1ebfp trong l\u00f2 \u0111i\u1ec7n ho\u1eb7c c\u00e1c quy tr\u00ecnh tinh ch\u1ebf ti\u1ebfp theo. <\/p>\n<p><strong>8. Ki\u1ec3m so\u00e1t ch\u1ea5t l\u01b0\u1ee3ng v\u00e0 ki\u1ec3m tra<\/strong><br \/>\nTr\u01b0\u1edbc khi xu\u1ea5t h\u00e0ng ho\u1eb7c n\u1ea1p v\u00e0o l\u00f2, ph\u1ebf li\u1ec7u \u0111\u00e3 \u0111\u01b0\u1ee3c b\u0103m nh\u1ecf s\u1ebd tr\u1ea3i qua c\u00e1c b\u01b0\u1edbc ki\u1ec3m tra ch\u1ea5t l\u01b0\u1ee3ng. C\u00e1c th\u00f4ng s\u1ed1 nh\u01b0 m\u1eadt \u0111\u1ed9, \u0111\u1ed9 tinh khi\u1ebft v\u00e0 m\u1ee9c \u0111\u1ed9 nhi\u1ec5m b\u1ea9n \u0111\u01b0\u1ee3c theo d\u00f5i \u0111\u1ec3 \u0111\u1ea3m b\u1ea3o \u0111\u00e1p \u1ee9ng c\u00e1c ti\u00eau chu\u1ea9n c\u1ee7a nh\u00e0 m\u00e1y th\u00e9p \u0111\u1ed1i v\u1edbi \u201cv\u1eadt li\u1ec7u m\u1ecbn \u0111\u01b0a v\u00e0o l\u00f2\u201d. <\/p>\n<h2>\u1ee8ng d\u1ee5ng<\/h2>\n<p>C\u00e1c d\u00e2y chuy\u1ec1n m\u00e1y nghi\u1ec1n ph\u1ebf li\u1ec7u c\u1ee7a ch\u00fang t\u00f4i mang l\u1ea1i hi\u1ec7u qu\u1ea3, \u0111\u1ed9 an to\u00e0n v\u00e0 \u0111\u1ed9 tin c\u1eady cao khi x\u1eed l\u00fd \u0111a d\u1ea1ng c\u00e1c lo\u1ea1i v\u1eadt li\u1ec7u t\u1eeb nhi\u1ec1u ng\u00e0nh c\u00f4ng nghi\u1ec7p kh\u00e1c nhau. C\u00e1c \u1ee9ng d\u1ee5ng ch\u00ednh bao g\u1ed3m: <\/p>\n<p><strong>T\u00e1i ch\u1ebf ph\u1ebf li\u1ec7u \u00f4 t\u00f4<\/strong><br \/>\nX\u1eed l\u00fd hi\u1ec7u qu\u1ea3 th\u00e2n xe, c\u1ea3n xe v\u00e0 c\u00e1c b\u1ed9 ph\u1eadn \u00f4 t\u00f4 kh\u00e1c \u0111\u00e3 h\u1ecfng, gi\u00fap gi\u1ea3m kh\u1ed1i l\u01b0\u1ee3ng v\u00e0 chu\u1ea9n b\u1ecb nguy\u00ean li\u1ec7u cho qu\u00e1 tr\u00ecnh thu h\u1ed3i kim lo\u1ea1i.<\/p>\n<p><strong>Ch\u1ebf bi\u1ebfn thi\u1ebfc v\u00e0 nh\u00f4m<\/strong><br \/>\nX\u1eed l\u00fd c\u00e1c s\u1ea3n ph\u1ea9m nh\u01b0 h\u1ed9p thi\u1ebfc, t\u1ea5m nh\u00f4m v\u00e0 c\u00e1c lo\u1ea1i kim lo\u1ea1i nh\u1eb9 kh\u00e1c m\u1ed9t c\u00e1ch ch\u00ednh x\u00e1c, \u0111\u1ea3m b\u1ea3o m\u1ee9c \u0111\u1ed9 nhi\u1ec5m b\u1ea9n t\u1ed1i thi\u1ec3u v\u00e0 s\u1ea3n ph\u1ea9m \u0111\u1ea7u ra ch\u1ea5t l\u01b0\u1ee3ng cao.<\/p>\n<p><strong>T\u00e1i ch\u1ebf thi\u1ebft b\u1ecb gia d\u1ee5ng<\/strong><br \/>\nR\u1ea5t ph\u00f9 h\u1ee3p \u0111\u1ec3 nghi\u1ec1n n\u00e1t t\u1ee7 l\u1ea1nh, m\u00e1y gi\u1eb7t, \u0111i\u1ec1u h\u00f2a kh\u00f4ng kh\u00ed v\u00e0 c\u00e1c thi\u1ebft b\u1ecb \u0111i\u1ec7n t\u1eed, gi\u00fap qu\u00e1 tr\u00ecnh thu h\u1ed3i v\u00e0 t\u00e1i ch\u1ebf nguy\u00ean li\u1ec7u di\u1ec5n ra hi\u1ec7u qu\u1ea3.<\/p>\n<p><strong>Ph\u1ebf li\u1ec7u c\u00f4ng nghi\u1ec7p &amp; Ch\u1ea5t th\u1ea3i s\u1ea3n xu\u1ea5t<\/strong><br \/>\nCh\u1ebf bi\u1ebfn t\u1ea5m kim lo\u1ea1i, ph\u1ebf li\u1ec7u s\u1eaft, ph\u1ebf li\u1ec7u th\u00e9p v\u00e0 c\u1eb7n b\u00e3 s\u1ea3n xu\u1ea5t t\u1ea1i nh\u00e0 m\u00e1y, t\u1ed1i \u01b0u h\u00f3a vi\u1ec7c x\u1eed l\u00fd ph\u1ebf li\u1ec7u trong c\u00e1c c\u01a1 s\u1edf c\u00f4ng nghi\u1ec7p.<\/p>\n<p><strong>Nh\u00e0 m\u00e1y thu h\u1ed3i v\u00e0 t\u00e1i ch\u1ebf v\u1eadt li\u1ec7u<\/strong><br \/>\nH\u1ed7 tr\u1ee3 c\u00e1c ho\u1ea1t \u0111\u1ed9ng t\u00e1i ch\u1ebf quy m\u00f4 l\u1edbn th\u00f4ng qua vi\u1ec7c t\u00edch h\u1ee3p v\u1edbi c\u00e1c h\u1ec7 th\u1ed1ng ph\u00e2n lo\u1ea1i, t\u00e1ch bi\u1ec7t v\u00e0 x\u1eed l\u00fd sau thu gom nh\u1eb1m \u0111\u1ea1t hi\u1ec7u qu\u1ea3 t\u1ed1i \u0111a.<\/p>\n<p><strong>Ph\u1ebf li\u1ec7u x\u00e2y d\u1ef1ng v\u00e0 ph\u00e1 d\u1ee1<\/strong><br \/>\nGi\u1ea3m k\u00edch th\u01b0\u1edbc c\u1ee7a c\u00e1c m\u1ea3nh v\u1ee5n kim lo\u1ea1i c\u1ed3ng k\u1ec1nh t\u1eeb c\u00e1c d\u1ef1 \u00e1n x\u00e2y d\u1ef1ng v\u00e0 ph\u00e1 d\u1ee1 xu\u1ed1ng m\u1ee9c d\u1ec5 x\u1eed l\u00fd, t\u1ea1o \u0111i\u1ec1u ki\u1ec7n thu\u1eadn l\u1ee3i cho vi\u1ec7c v\u1eadn chuy\u1ec3n v\u00e0 t\u00e1i ch\u1ebf.<\/p>\n<p><strong>N\u0103ng l\u01b0\u1ee3ng m\u1edbi &amp; T\u00e1i ch\u1ebf pin<\/strong><br \/>\nX\u1eed l\u00fd an to\u00e0n v\u1ecf pin, m\u00f4-\u0111un lithium v\u00e0 c\u00e1c linh ki\u1ec7n kh\u00e1c, g\u00f3p ph\u1ea7n th\u00fac \u0111\u1ea9y ho\u1ea1t \u0111\u1ed9ng t\u00e1i ch\u1ebf b\u1ec1n v\u1eefng trong c\u00e1c ng\u00e0nh n\u0103ng l\u01b0\u1ee3ng m\u1edbi n\u1ed5i.<\/p>\n","protected":false},"excerpt":{"rendered":"<p>D\u00f2ng m\u00e1y nghi\u1ec1n ph\u1ebf li\u1ec7u PSX c\u1ee7a ch\u00fang t\u00f4i \u0111\u01b0\u1ee3c thi\u1ebft k\u1ebf \u0111\u1ec3 bi\u1ebfn c\u00e1c v\u1eadt li\u1ec7u ph\u1ebf th\u1ea3i nh\u01b0 lon r\u1ed7ng, t\u1ea5m thi\u1ebfc, th\u00e2n xe \u00f4 t\u00f4 v\u00e0 c\u00e1c thi\u1ebft b\u1ecb gia d\u1ee5ng th\u00e0nh th\u00e9p ch\u1ea5t l\u01b0\u1ee3ng cao.<\/p>\n<p>Qu\u00e1 tr\u00ecnh nghi\u1ec1n nh\u1ecf s\u1ebd gi\u00fap m\u00e1y lo\u1ea1i b\u1ecf l\u1edbp ph\u1ee7, t\u0103ng m\u1eadt \u0111\u1ed9 v\u00e0 kh\u1ea3 n\u0103ng h\u00f2a tan c\u1ee7a v\u1eadt li\u1ec7u, \u0111\u1ed3ng th\u1eddi ng\u0103n ch\u1eb7n nguy c\u01a1 n\u1ed5, t\u1eeb \u0111\u00f3 cung c\u1ea5p nguy\u00ean li\u1ec7u n\u1ea1p l\u00f2 ch\u1ea5t l\u01b0\u1ee3ng cao cho c\u00e1c nh\u00e0 m\u00e1y th\u00e9p.<\/p>\n<ul>\n<li>Con l\u0103n truy\u1ec1n \u0111\u1ed9ng th\u1ee7y l\u1ef1c<\/li>\n<li>H\u1ec7 th\u1ed1ng b\u1ea3o v\u1ec7 m\u00f4i tr\u01b0\u1eddng<\/li>\n<li>\u0110i\u1ec1u khi\u1ec3n t\u1eeb xa t\u1ef1 \u0111\u1ed9ng<\/li>\n<li>D\u1ec5 b\u1ea3o tr\u00ec<\/li>\n<li>N\u0103ng su\u1ea5t s\u1ea3n xu\u1ea5t t\u1eeb 2 \u0111\u1ebfn 70 t\u1ea5n m\u1ed7i gi\u1edd<\/li>\n<\/ul>\n","protected":false},"featured_media":11345,"template":"","meta":{"site-sidebar-layout":"default","site-content-layout":"","ast-site-content-layout":"default","site-content-style":"default","site-sidebar-style":"default","ast-global-header-display":"","ast-banner-title-visibility":"","ast-main-header-display":"","ast-hfb-above-header-display":"","ast-hfb-below-header-display":"","ast-hfb-mobile-header-display":"","site-post-title":"","ast-breadcrumbs-content":"","ast-featured-img":"","footer-sml-layout":"","theme-transparent-header-meta":"default","adv-header-id-meta":"","stick-header-meta":"","header-above-stick-meta":"","header-main-stick-meta":"","header-below-stick-meta":"","astra-migrate-meta-layouts":"set","ast-page-background-enabled":"default","ast-page-background-meta":{"desktop":{"background-color":"var(--ast-global-color-4)","background-image":"","background-repeat":"repeat","background-position":"center center","background-size":"auto","background-attachment":"scroll","background-type":"","background-media":"","overlay-type":"","overlay-color":"","overlay-opacity":"","overlay-gradient":""},"tablet":{"background-color":"","background-image":"","background-repeat":"repeat","background-position":"center center","background-size":"auto","background-attachment":"scroll","background-type":"","background-media":"","overlay-type":"","overlay-color":"","overlay-opacity":"","overlay-gradient":""},"mobile":{"background-color":"","background-image":"","background-repeat":"repeat","background-position":"center center","background-size":"auto","background-attachment":"scroll","background-type":"","background-media":"","overlay-type":"","overlay-color":"","overlay-opacity":"","overlay-gradient":""}},"ast-content-background-meta":{"desktop":{"background-color":"var(--ast-global-color-5)","background-image":"","background-repeat":"repeat","background-position":"center center","background-size":"auto","background-attachment":"scroll","background-type":"","background-media":"","overlay-type":"","overlay-color":"","overlay-opacity":"","overlay-gradient":""},"tablet":{"background-color":"var(--ast-global-color-5)","background-image":"","background-repeat":"repeat","background-position":"center center","background-size":"auto","background-attachment":"scroll","background-type":"","background-media":"","overlay-type":"","overlay-color":"","overlay-opacity":"","overlay-gradient":""},"mobile":{"background-color":"var(--ast-global-color-5)","background-image":"","background-repeat":"repeat","background-position":"center center","background-size":"auto","background-attachment":"scroll","background-type":"","background-media":"","overlay-type":"","overlay-color":"","overlay-opacity":"","overlay-gradient":""}}},"product_brand":[],"product_cat":[180],"product_tag":[],"class_list":{"0":"post-12715","1":"product","2":"type-product","3":"status-publish","4":"has-post-thumbnail","6":"product_cat-day-chuyen-nghien-phe-lieu","7":"desktop-align-left","8":"tablet-align-left","9":"mobile-align-left","11":"first","12":"instock","13":"shipping-taxable","14":"product-type-simple"},"_links":{"self":[{"href":"https:\/\/www.unitetopbalermachine.com\/vi\/wp-json\/wp\/v2\/product\/12715","targetHints":{"allow":["GET"]}}],"collection":[{"href":"https:\/\/www.unitetopbalermachine.com\/vi\/wp-json\/wp\/v2\/product"}],"about":[{"href":"https:\/\/www.unitetopbalermachine.com\/vi\/wp-json\/wp\/v2\/types\/product"}],"wp:featuredmedia":[{"embeddable":true,"href":"https:\/\/www.unitetopbalermachine.com\/vi\/wp-json\/wp\/v2\/media\/11345"}],"wp:attachment":[{"href":"https:\/\/www.unitetopbalermachine.com\/vi\/wp-json\/wp\/v2\/media?parent=12715"}],"wp:term":[{"taxonomy":"product_brand","embeddable":true,"href":"https:\/\/www.unitetopbalermachine.com\/vi\/wp-json\/wp\/v2\/product_brand?post=12715"},{"taxonomy":"product_cat","embeddable":true,"href":"https:\/\/www.unitetopbalermachine.com\/vi\/wp-json\/wp\/v2\/product_cat?post=12715"},{"taxonomy":"product_tag","embeddable":true,"href":"https:\/\/www.unitetopbalermachine.com\/vi\/wp-json\/wp\/v2\/product_tag?post=12715"}],"curies":[{"name":"wp","href":"https:\/\/api.w.org\/{rel}","templated":true}]}}