{"id":12705,"date":"2025-03-13T01:03:40","date_gmt":"2025-03-13T01:03:40","guid":{"rendered":"https:\/\/www.unitetopbalermachine.com\/product\/may-cat-kien-thuy-luc-dong-ydj\/"},"modified":"2025-07-25T05:43:36","modified_gmt":"2025-07-25T05:43:36","slug":"may-cat-kien-thuy-luc-dong-ydj","status":"publish","type":"product","link":"https:\/\/www.unitetopbalermachine.com\/vi\/may-cat-kien-thuy-luc-dong-ydj.html","title":{"rendered":"M\u00e1y c\u1eaft ki\u1ec7n th\u1ee7y l\u1ef1c d\u00f2ng YDJ"},"content":{"rendered":"<h2>Th\u00f4ng s\u1ed1 k\u1ef9 thu\u1eadt<\/h2>\n<table>\n<tbody>\n<tr>\n<td>Ng\u01b0\u1eddi m\u1eabu<\/td>\n<td>L\u1ef1c c\u1eaft t\u1ed1i \u0111a (T\u1ea5n)<\/td>\n<td>K\u00edch th\u01b0\u1edbc h\u1ed9p \u00e9p (mm\uff09<\/td>\n<td>Ti\u1ebft di\u1ec7n ki\u1ec7n (mm)<\/td>\n<td>T\u1ea7n su\u1ea5t c\u1eaft (l\u1ea7n\/ph\u00fat)<\/td>\n<td>C\u00f4ng su\u1ea5t (kw)<\/td>\n<\/tr>\n<tr>\n<td>YDJ-4000<\/td>\n<td>400<\/td>\n<td>4000x1500x800<\/td>\n<td>500&#215;400<\/td>\n<td>4-7<\/td>\n<td>2&#215;45<\/td>\n<\/tr>\n<tr>\n<td>YDJ-5000<\/td>\n<td>500<\/td>\n<td>5000x2000x900<\/td>\n<td>650&#215;500<\/td>\n<td>4-7<\/td>\n<td>3&#215;45<\/td>\n<\/tr>\n<tr>\n<td>YDJ-6300<\/td>\n<td>630<\/td>\n<td>6000x2200x1200<\/td>\n<td>720&#215;650<\/td>\n<td>4-7<\/td>\n<td>6&#215;45<\/td>\n<\/tr>\n<\/tbody>\n<\/table>\n<h2>C\u00e1c th\u00e0nh ph\u1ea7n ch\u00ednh<\/h2>\n<p><img fetchpriority=\"high\" decoding=\"async\" class=\"alignnone size-full wp-image-11490\" src=\"https:\/\/www.unitetopbalermachine.com\/wp-content\/uploads\/2025\/03\/YDJ-Series-Hydraulic-Baler-Shear-Machine-Key-Components.jpg\" alt=\"C\u00e1c th\u00e0nh ph\u1ea7n ch\u00ednh c\u1ee7a m\u00e1y c\u1eaft ki\u1ec7n th\u1ee7y l\u1ef1c d\u00f2ng YDJ\" width=\"1200\" height=\"537\" srcset=\"https:\/\/www.unitetopbalermachine.com\/wp-content\/uploads\/2025\/03\/YDJ-Series-Hydraulic-Baler-Shear-Machine-Key-Components.jpg 1200w, https:\/\/www.unitetopbalermachine.com\/wp-content\/uploads\/2025\/03\/YDJ-Series-Hydraulic-Baler-Shear-Machine-Key-Components-300x134.jpg 300w, https:\/\/www.unitetopbalermachine.com\/wp-content\/uploads\/2025\/03\/YDJ-Series-Hydraulic-Baler-Shear-Machine-Key-Components-1024x458.jpg 1024w, https:\/\/www.unitetopbalermachine.com\/wp-content\/uploads\/2025\/03\/YDJ-Series-Hydraulic-Baler-Shear-Machine-Key-Components-768x344.jpg 768w, https:\/\/www.unitetopbalermachine.com\/wp-content\/uploads\/2025\/03\/YDJ-Series-Hydraulic-Baler-Shear-Machine-Key-Components-600x269.jpg 600w\" sizes=\"(max-width: 1200px) 100vw, 1200px\" \/><\/p>\n<p>M\u00e1y c\u1eaft ki\u1ec7n th\u1ee7y l\u1ef1c d\u00f2ng YDJ c\u1ee7a ch\u00fang t\u00f4i t\u00edch h\u1ee3p c\u00e1c h\u1ec7 th\u1ed1ng th\u1ee7y l\u1ef1c, \u0111i\u1ec7n v\u00e0 c\u01a1 kh\u00ed ti\u00ean ti\u1ebfn \u0111\u1ec3 \u0111\u1ea3m b\u1ea3o qu\u00e1 tr\u00ecnh x\u1eed l\u00fd kim lo\u1ea1i hi\u1ec7u qu\u1ea3 v\u00e0 \u0111\u00e1ng tin c\u1eady.<\/p>\n<ul>\n<li><strong>H\u1ec7 th\u1ed1ng th\u1ee7y l\u1ef1c:<\/strong> C\u00f3 van, b\u01a1m v\u00e0 xi lanh th\u1ee7y l\u1ef1c \u00e1p su\u1ea5t cao t\u1ea1o ra l\u1ef1c c\u1eaft v\u00e0 l\u1ef1c \u00e9p m\u1ea1nh m\u1ebd v\u1edbi kh\u1ea3 n\u0103ng ki\u1ec3m so\u00e1t ch\u00ednh x\u00e1c.<\/li>\n<li><strong>B\u00f4i tr\u01a1n &amp; Gi\u00e1m s\u00e1t:<\/strong> \u0110\u01b0\u1ee3c trang b\u1ecb h\u1ec7 th\u1ed1ng b\u00f4i tr\u01a1n t\u1ef1 \u0111\u1ed9ng v\u00e0 c\u1ea3m bi\u1ebfn \u00e1p su\u1ea5t \u0111\u1ec3 t\u1ed1i \u01b0u h\u00f3a ho\u1ea1t \u0111\u1ed9ng c\u1ee7a m\u00e1y v\u00e0 k\u00e9o d\u00e0i tu\u1ed5i th\u1ecd.<\/li>\n<li><strong>H\u1ec7 th\u1ed1ng \u0111i\u1ec1u khi\u1ec3n:<\/strong> H\u1ec7 th\u1ed1ng \u0111i\u1ec1u khi\u1ec3n PLC ti\u00ean ti\u1ebfn v\u00e0 b\u1ed9 truy\u1ec1n \u0111\u1ed9ng servo \u0111\u1ea3m b\u1ea3o t\u1ef1 \u0111\u1ed9ng h\u00f3a li\u1ec1n m\u1ea1ch, hi\u1ec7u qu\u1ea3 cao v\u00e0 hi\u1ec7u su\u1ea5t \u1ed5n \u0111\u1ecbnh.<\/li>\n<li><strong>An to\u00e0n &amp; B\u1ea3o v\u1ec7:<\/strong> Bao g\u1ed3m ch\u1ee9c n\u0103ng d\u1eebng kh\u1ea9n c\u1ea5p, van gi\u1ea3m \u00e1p v\u00e0 v\u1ecf b\u1ea3o v\u1ec7 \u0111\u1ec3 v\u1eadn h\u00e0nh an to\u00e0n.<\/li>\n<li><strong>C\u1ea5u tr\u00fac c\u01a1 kh\u00ed:<\/strong> C\u00e1c th\u00e0nh ph\u1ea7n th\u00e9p ch\u1ecbu l\u1ef1c, c\u00e1c b\u1ed9 ph\u1eadn gia c\u00f4ng ch\u00ednh x\u00e1c v\u00e0 v\u1eadt li\u1ec7u ch\u1ed1ng m\u00e0i m\u00f2n gi\u00fap t\u0103ng \u0111\u1ed9 b\u1ec1n v\u00e0 hi\u1ec7u su\u1ea5t.<\/li>\n<\/ul>\n<h2>\u1ee8ng d\u1ee5ng<\/h2>\n<p>M\u00e1y c\u1eaft ki\u1ec7n th\u1ee7y l\u1ef1c d\u00f2ng YDJ c\u1ee7a ch\u00fang t\u00f4i \u0111\u1ea3m b\u1ea3o x\u1eed l\u00fd kim lo\u1ea1i hi\u1ec7u qu\u1ea3, l\u00fd t\u01b0\u1edfng cho vi\u1ec7c t\u00e1i ch\u1ebf ph\u1ebf li\u1ec7u, gi\u1ea3m thi\u1ec3u ch\u1ea5t th\u1ea3i v\u00e0 thu h\u1ed3i v\u1eadt li\u1ec7u.<\/p>\n<p><strong>T\u1ea3i tr\u01b0\u1edbc v\u00e0 c\u1eaft<\/strong><br \/>\nT\u1ea3i tr\u01b0\u1edbc v\u00e0 c\u1eaft hi\u1ec7u qu\u1ea3 nhi\u1ec1u lo\u1ea1i kim lo\u1ea1i ph\u1ebf li\u1ec7u, t\u1ed1i \u01b0u h\u00f3a qu\u00e1 tr\u00ecnh x\u1eed l\u00fd \u0111\u1ec3 t\u00e1i ch\u1ebf v\u00e0 gi\u1ea3m kh\u1ed1i l\u01b0\u1ee3ng v\u1eadt li\u1ec7u \u0111\u1ec3 d\u1ec5 x\u1eed l\u00fd h\u01a1n.<\/p>\n<p><strong>c\u1ed1t th\u00e9p ch\u1ecbu c\u1eaft<\/strong><br \/>\nC\u1eaft hi\u1ec7u qu\u1ea3 c\u00e1c k\u1ebft c\u1ea5u kim lo\u1ea1i gia c\u1ed1, \u0111\u1ea3m b\u1ea3o c\u1eaft ch\u00ednh x\u00e1c c\u00e1c v\u1eadt li\u1ec7u d\u00e0y \u0111\u1ec3 x\u1eed l\u00fd ph\u1ebf li\u1ec7u v\u00e0 t\u00e1i ch\u1ebf.<\/p>\n<p><strong>V\u1eadt li\u1ec7u m\u1ecfng \u0111\u00f3ng g\u00f3i<\/strong><br \/>\nN\u00e9n v\u00e0 \u0111\u00f3ng g\u00f3i c\u00e1c v\u1eadt li\u1ec7u kim lo\u1ea1i m\u1ecfng, t\u0103ng hi\u1ec7u qu\u1ea3 l\u01b0u tr\u1eef v\u00e0 s\u1ef1 thu\u1eadn ti\u1ec7n khi v\u1eadn chuy\u1ec3n \u0111\u1ed3ng th\u1eddi v\u1eabn duy tr\u00ec ch\u1ea5t l\u01b0\u1ee3ng t\u00e1i ch\u1ebf.<\/p>\n<p><strong>N\u00e9n, c\u1eaft th\u00e2n xe<\/strong><br \/>\nN\u00e9n v\u00e0 c\u1eaft to\u00e0n b\u1ed9 th\u00e2n xe, t\u1ea1o \u0111i\u1ec1u ki\u1ec7n thu\u1eadn l\u1ee3i cho qu\u00e1 tr\u00ecnh t\u00e1i ch\u1ebf v\u00e0 gi\u1ea3m kh\u1ed1i l\u01b0\u1ee3ng \u0111\u1ec3 thu h\u1ed3i v\u1eadt li\u1ec7u hi\u1ec7u qu\u1ea3.<\/p>\n<h2>Xem m\u00e1y c\u1eaft ki\u1ec7n th\u1ee7y l\u1ef1c d\u00f2ng YDJ d\u00f9ng \u0111\u1ec3 c\u1eaft kim lo\u1ea1i \u0111ang ho\u1ea1t \u0111\u1ed9ng!<\/h2>\n<div class=\"ast-oembed-container \" style=\"height: 100%;\"><iframe title=\"630 tons YDJ baler shear machine for scrap metal shear\" width=\"500\" height=\"281\" src=\"https:\/\/www.youtube.com\/embed\/Ir3TahMqm0o?feature=oembed\" frameborder=\"0\" allow=\"accelerometer; autoplay; clipboard-write; encrypted-media; gyroscope; picture-in-picture; web-share\" referrerpolicy=\"strict-origin-when-cross-origin\" allowfullscreen><\/iframe><\/div>\n","protected":false},"excerpt":{"rendered":"<p>M\u00e1y c\u1eaft ki\u1ec7n th\u1ee7y l\u1ef1c d\u00f2ng YDJ c\u1ee7a ch\u00fang t\u00f4i c\u00f3 kh\u1ea3 n\u0103ng t\u1ea3i tr\u01b0\u1edbc, n\u00e9n v\u00e0 c\u1eaft m\u1ea1nh m\u1ebd, gi\u00fap m\u00e1y tr\u1edf n\u00ean l\u00fd t\u01b0\u1edfng \u0111\u1ec3 x\u1eed l\u00fd ph\u1ebf li\u1ec7u kim lo\u1ea1i m\u1ed9t c\u00e1ch hi\u1ec7u qu\u1ea3.<\/p>\n<p>\u0110\u01b0\u1ee3c thi\u1ebft k\u1ebf \u0111\u1ec3 c\u1eaft c\u1ed1t th\u00e9p, n\u00e9n th\u00e2n xe v\u00e0 \u0111\u00f3ng g\u00f3i v\u1eadt li\u1ec7u m\u1ecfng, s\u1ea3n ph\u1ea9m \u0111\u1ea3m b\u1ea3o t\u1ea1o ra ki\u1ec7n v\u1eadt li\u1ec7u c\u00f3 m\u1eadt \u0111\u1ed9 cao \u0111\u1ec3 t\u1ed1i \u01b0u h\u00f3a qu\u00e1 tr\u00ecnh v\u1eadn chuy\u1ec3n v\u00e0 t\u00e1i ch\u1ebf.<\/p>\n<p>H\u1ec7 th\u1ed1ng th\u1ee7y l\u1ef1c ti\u00ean ti\u1ebfn mang l\u1ea1i kh\u1ea3 n\u0103ng ho\u1ea1t \u0111\u1ed9ng \u1ed5n \u0111\u1ecbnh, l\u1ef1c c\u1eaft cao v\u00e0 hi\u1ec7u su\u1ea5t \u0111\u00e1ng tin c\u1eady, gi\u00fap gi\u1ea3m chi ph\u00ed lao \u0111\u1ed9ng \u0111\u1ed3ng th\u1eddi n\u00e2ng cao n\u0103ng su\u1ea5t.<\/p>\n<ul>\n<li>Kh\u1ea3 n\u0103ng c\u1eaft cao<\/li>\n<li>X\u1eed l\u00fd v\u1eadt li\u1ec7u \u0111a n\u0103ng<\/li>\n<li>H\u1ec7 th\u1ed1ng th\u1ee7y l\u1ef1c m\u1ea1nh m\u1ebd<\/li>\n<li>K\u00edch th\u01b0\u1edbc h\u1ed9p b\u00e1o ch\u00ed c\u00f3 th\u1ec3 t\u00f9y ch\u1ec9nh<\/li>\n<\/ul>\n","protected":false},"featured_media":11198,"template":"","meta":{"site-sidebar-layout":"default","site-content-layout":"","ast-site-content-layout":"default","site-content-style":"default","site-sidebar-style":"default","ast-global-header-display":"","ast-banner-title-visibility":"","ast-main-header-display":"","ast-hfb-above-header-display":"","ast-hfb-below-header-display":"","ast-hfb-mobile-header-display":"","site-post-title":"","ast-breadcrumbs-content":"","ast-featured-img":"","footer-sml-layout":"","theme-transparent-header-meta":"default","adv-header-id-meta":"","stick-header-meta":"","header-above-stick-meta":"","header-main-stick-meta":"","header-below-stick-meta":"","astra-migrate-meta-layouts":"set","ast-page-background-enabled":"default","ast-page-background-meta":{"desktop":{"background-color":"var(--ast-global-color-4)","background-image":"","background-repeat":"repeat","background-position":"center center","background-size":"auto","background-attachment":"scroll","background-type":"","background-media":"","overlay-type":"","overlay-color":"","overlay-opacity":"","overlay-gradient":""},"tablet":{"background-color":"","background-image":"","background-repeat":"repeat","background-position":"center center","background-size":"auto","background-attachment":"scroll","background-type":"","background-media":"","overlay-type":"","overlay-color":"","overlay-opacity":"","overlay-gradient":""},"mobile":{"background-color":"","background-image":"","background-repeat":"repeat","background-position":"center center","background-size":"auto","background-attachment":"scroll","background-type":"","background-media":"","overlay-type":"","overlay-color":"","overlay-opacity":"","overlay-gradient":""}},"ast-content-background-meta":{"desktop":{"background-color":"var(--ast-global-color-5)","background-image":"","background-repeat":"repeat","background-position":"center center","background-size":"auto","background-attachment":"scroll","background-type":"","background-media":"","overlay-type":"","overlay-color":"","overlay-opacity":"","overlay-gradient":""},"tablet":{"background-color":"var(--ast-global-color-5)","background-image":"","background-repeat":"repeat","background-position":"center center","background-size":"auto","background-attachment":"scroll","background-type":"","background-media":"","overlay-type":"","overlay-color":"","overlay-opacity":"","overlay-gradient":""},"mobile":{"background-color":"var(--ast-global-color-5)","background-image":"","background-repeat":"repeat","background-position":"center center","background-size":"auto","background-attachment":"scroll","background-type":"","background-media":"","overlay-type":"","overlay-color":"","overlay-opacity":"","overlay-gradient":""}}},"product_brand":[],"product_cat":[129],"product_tag":[],"class_list":{"0":"post-12705","1":"product","2":"type-product","3":"status-publish","4":"has-post-thumbnail","6":"product_cat-keo-cat-kim-loai-phe-lieu","7":"desktop-align-left","8":"tablet-align-left","9":"mobile-align-left","11":"first","12":"instock","13":"shipping-taxable","14":"product-type-simple"},"_links":{"self":[{"href":"https:\/\/www.unitetopbalermachine.com\/vi\/wp-json\/wp\/v2\/product\/12705","targetHints":{"allow":["GET"]}}],"collection":[{"href":"https:\/\/www.unitetopbalermachine.com\/vi\/wp-json\/wp\/v2\/product"}],"about":[{"href":"https:\/\/www.unitetopbalermachine.com\/vi\/wp-json\/wp\/v2\/types\/product"}],"wp:featuredmedia":[{"embeddable":true,"href":"https:\/\/www.unitetopbalermachine.com\/vi\/wp-json\/wp\/v2\/media\/11198"}],"wp:attachment":[{"href":"https:\/\/www.unitetopbalermachine.com\/vi\/wp-json\/wp\/v2\/media?parent=12705"}],"wp:term":[{"taxonomy":"product_brand","embeddable":true,"href":"https:\/\/www.unitetopbalermachine.com\/vi\/wp-json\/wp\/v2\/product_brand?post=12705"},{"taxonomy":"product_cat","embeddable":true,"href":"https:\/\/www.unitetopbalermachine.com\/vi\/wp-json\/wp\/v2\/product_cat?post=12705"},{"taxonomy":"product_tag","embeddable":true,"href":"https:\/\/www.unitetopbalermachine.com\/vi\/wp-json\/wp\/v2\/product_tag?post=12705"}],"curies":[{"name":"wp","href":"https:\/\/api.w.org\/{rel}","templated":true}]}}