{"id":12684,"date":"2025-03-13T01:04:45","date_gmt":"2025-03-13T01:04:45","guid":{"rendered":"https:\/\/www.unitetopbalermachine.com\/product\/may-nghien-kim-loai-dieu-khien-tu-dong-dong-spj\/"},"modified":"2026-03-18T10:03:36","modified_gmt":"2026-03-18T10:03:36","slug":"may-nghien-kim-loai-dieu-khien-tu-dong-dong-spj","status":"publish","type":"product","link":"https:\/\/www.unitetopbalermachine.com\/vi\/may-nghien-kim-loai-dieu-khien-tu-dong-dong-spj.html","title":{"rendered":"M\u00e1y nghi\u1ec1n kim lo\u1ea1i \u0111i\u1ec1u khi\u1ec3n t\u1ef1 \u0111\u1ed9ng d\u00f2ng SPJ"},"content":{"rendered":"<h2>Chi ti\u1ebft s\u1ea3n ph\u1ea9m<\/h2>\n<p>M\u00e1y nghi\u1ec1n kim lo\u1ea1i l\u00e0 m\u1ed9t thi\u1ebft b\u1ecb \u0111a n\u0103ng v\u00e0 linh ho\u1ea1t, \u0111\u01b0\u1ee3c thi\u1ebft k\u1ebf v\u1edbi c\u1ea5u tr\u00fac m\u00f4-\u0111un ti\u00eau chu\u1ea9n, \u0111\u1ea3m b\u1ea3o kh\u1ea3 n\u0103ng thay th\u1ebf linh ki\u1ec7n tuy\u1ec7t v\u1eddi. M\u00e1y \u0111\u01b0\u1ee3c trang b\u1ecb c\u00e1c l\u01b0\u1ee1i dao ph\u1ee5 l\u00e0m t\u1eeb th\u00e9p r\u00e8n khu\u00f4n ch\u00ednh x\u00e1c, gi\u00fap t\u0103ng c\u01b0\u1eddng \u0111\u1ed9 b\u1ec1n v\u00e0 hi\u1ec7u su\u1ea5t c\u1eaft. <\/p>\n<p>Ch\u1ee9c n\u0103ng ch\u00ednh c\u1ee7a m\u00e1y l\u00e0 c\u1eaft nh\u1ecf v\u00e0 n\u00e9n c\u00e1c v\u1eadt li\u1ec7u kim lo\u1ea1i c\u1ee1 l\u1edbn, bao g\u1ed3m th\u00f9ng phuy qu\u00e1 kh\u1ed5 v\u00e0 ph\u1ebf li\u1ec7u kim lo\u1ea1i c\u1ed3ng k\u1ec1nh, gi\u00fap ch\u00fang tr\u1edf n\u00ean g\u1ecdn g\u00e0ng h\u01a1n \u0111\u1ec3 v\u1eadn chuy\u1ec3n v\u00e0 t\u00e1i ch\u1ebf hi\u1ec7u qu\u1ea3. B\u1eb1ng c\u00e1ch c\u1eaft nh\u1ecf v\u1eadt li\u1ec7u xu\u1ed1ng k\u00edch th\u01b0\u1edbc t\u1ea5m theo y\u00eau c\u1ea7u, m\u00e1y gi\u00fap t\u0103ng m\u1eadt \u0111\u1ed9 t\u00edch l\u0169y, t\u1ea1o \u0111i\u1ec1u ki\u1ec7n thu\u1eadn l\u1ee3i h\u01a1n cho vi\u1ec7c x\u1eed l\u00fd v\u00e0 t\u00e1i s\u1eed d\u1ee5ng. V\u1edbi thi\u1ebft k\u1ebf hi\u1ec7n \u0111\u1ea1i, k\u1ebft c\u1ea5u ch\u1eafc ch\u1eafn v\u00e0 ki\u1ec3u d\u00e1ng g\u1ecdn nh\u1eb9, m\u00e1y kh\u00f4ng ch\u1ec9 n\u00e2ng cao n\u0103ng l\u1ef1c x\u1eed l\u00fd v\u00e0 hi\u1ec7u qu\u1ea3 c\u1eaft nh\u1ecf m\u00e0 c\u00f2n m\u1edf r\u1ed9ng ph\u1ea1m vi \u1ee9ng d\u1ee5ng.  <\/p>\n<p>\u0110\u01b0\u1ee3c s\u1eed d\u1ee5ng r\u1ed9ng r\u00e3i \u0111\u1ec3 nghi\u1ec1n n\u00e1t ph\u1ebf li\u1ec7u kim lo\u1ea1i, m\u00e1y nghi\u1ec1n gi\u00fap t\u1ed1i \u01b0u h\u00f3a m\u1eadt \u0111\u1ed9 kh\u1ed1i l\u01b0\u1ee3ng, t\u1eeb \u0111\u00f3 \u0111\u01a1n gi\u1ea3n h\u00f3a quy tr\u00ecnh logistics v\u00e0 t\u00e1i ch\u1ebf. M\u00e1y \u0111\u1eb7c bi\u1ec7t hi\u1ec7u qu\u1ea3 trong vi\u1ec7c x\u1eed l\u00fd th\u00f9ng s\u01a1n, th\u00f9ng d\u1ea7u diesel, t\u1ea5m s\u1eaft m\u1ecfng, v\u1ecf xe \u00f4 t\u00f4, kh\u1ed1i kim lo\u1ea1i n\u00e9n v\u00e0 ph\u1ebf li\u1ec7u t\u1ea5m kim lo\u1ea1i. C\u00e1c l\u01b0\u1ee1i dao \u0111\u01b0\u1ee3c ch\u1ebf t\u1ea1o t\u1eeb th\u00e9p h\u1ee3p kim c\u00f3 \u0111\u1ed9 b\u1ec1n cao, \u0111\u1ea3m b\u1ea3o kh\u1ea3 n\u0103ng ch\u1ed1ng m\u00e0i m\u00f2n v\u00e0 \u0111\u1ed9 b\u1ec1n v\u01b0\u1ee3t tr\u1ed9i, gi\u00fap m\u00e1y ho\u1ea1t \u0111\u1ed9ng \u0111\u00e1ng tin c\u1eady trong c\u00e1c c\u00f4ng vi\u1ec7c n\u1eb7ng nh\u1ecdc k\u00e9o d\u00e0i.  <\/p>\n<h3>T\u00ednh n\u0103ng<\/h3>\n<p>1. L\u01b0\u1ee1i dao chuy\u1ec3n \u0111\u1ed9ng ch\u1eafc ch\u1eafn gi\u00fap n\u00e2ng cao hi\u1ec7u qu\u1ea3 nghi\u1ec1n, v\u1edbi ph\u1ea7n \u0111\u00fac b\u1eb1ng th\u00e9p h\u1ee3p kim \u0111\u1ea3m b\u1ea3o \u0111\u1ed9 b\u1ec1n v\u00e0 tu\u1ed5i th\u1ecd cao.<\/p>\n<p>2. T\u1ea5m khung d\u00e0y c\u00f3 kh\u1ea3 n\u0103ng ch\u1ecbu m\u00f4-men xo\u1eafn cao, mang l\u1ea1i \u0111\u1ed9 b\u1ec1n v\u00e0 \u0111\u1ed9 \u1ed5n \u0111\u1ecbnh v\u01b0\u1ee3t tr\u1ed9i.<\/p>\n<p>3. \u0110\u01b0\u1ee3c trang b\u1ecb h\u1ec7 th\u1ed1ng \u0111i\u1ec1u khi\u1ec3n t\u1ef1 \u0111\u1ed9ng b\u1eb1ng vi \u0111i\u1ec1u khi\u1ec3n (PLC), cho ph\u00e9p kh\u1edfi \u0111\u1ed9ng, d\u1eebng, \u0111\u1ea3o chi\u1ec1u v\u00e0 b\u1ea3o v\u1ec7 qu\u00e1 t\u1ea3i v\u1edbi ch\u1ee9c n\u0103ng \u0111\u1ea3o chi\u1ec1u t\u1ef1 \u0111\u1ed9ng.<\/p>\n<p>4. M\u00e1y nghi\u1ec1n kim lo\u1ea1i c\u1ee7a ch\u00fang t\u00f4i ho\u1ea1t \u0111\u1ed9ng \u1edf t\u1ed1c \u0111\u1ed9 th\u1ea5p v\u1edbi m\u00f4-men xo\u1eafn cao, t\u1ea1o ra ti\u1ebfng \u1ed3n v\u00e0 b\u1ee5i \u1edf m\u1ee9c t\u1ed1i thi\u1ec3u \u0111\u1ed3ng th\u1eddi \u0111\u00e1p \u1ee9ng c\u00e1c ti\u00eau chu\u1ea9n b\u1ea3o v\u1ec7 m\u00f4i tr\u01b0\u1eddng.<\/p>\n<p>5. \u0110\u01b0\u1ee3c thi\u1ebft k\u1ebf \u0111\u1ec3 d\u1ec5 d\u00e0ng \u0111i\u1ec1u ch\u1ec9nh, chi ph\u00ed b\u1ea3o tr\u00ec th\u1ea5p v\u00e0 mang l\u1ea1i hi\u1ec7u qu\u1ea3 kinh t\u1ebf l\u00e2u d\u00e0i.<\/p>\n<p>6. \u0110\u1ed9 d\u00e0y d\u1ee5ng c\u1ee5 v\u00e0 s\u1ed1 l\u01b0\u1ee3ng r\u0103ng dao c\u00f3 th\u1ec3 \u0111\u01b0\u1ee3c \u0111i\u1ec1u ch\u1ec9nh \u0111\u1ec3 ph\u00f9 h\u1ee3p v\u1edbi c\u00e1c y\u00eau c\u1ea7u gia c\u00f4ng v\u1eadt li\u1ec7u kh\u00e1c nhau.<\/p>\n<h2>Nguy\u00ean l\u00fd ho\u1ea1t \u0111\u1ed9ng c\u1ee7a m\u00e1y nghi\u1ec1n kim lo\u1ea1i<\/h2>\n<p>V\u1eadt li\u1ec7u \u0111\u01b0\u1ee3c \u0111\u01b0a v\u00e0o m\u00e1y b\u0103m b\u00ean trong th\u00f9ng, sau \u0111\u00f3 \u0111\u01b0\u1ee3c b\u0103m nh\u1ecf th\u00e0nh c\u00e1c m\u1ea3nh nh\u1ecf \u0111\u1ec3 \u0111\u00e1p \u1ee9ng y\u00eau c\u1ea7u t\u1eeb ph\u1ea7n d\u01b0\u1edbi c\u1ee7a th\u00f9ng sau khi l\u01b0\u1ee1i b\u0103m \u0111\u00e3 th\u1ef1c hi\u1ec7n c\u00e1c thao t\u00e1c x\u00e9, \u00e9p, c\u1eaft v\u00e0 c\u00e1c thao t\u00e1c to\u00e0n di\u1ec7n kh\u00e1c.<\/p>\n<p>S\u1ef1 ra \u0111\u1eddi c\u1ee7a m\u00e1y nghi\u1ec1n kim lo\u1ea1i kh\u00f4ng ch\u1ec9 gi\u1ea3i quy\u1ebft \u0111\u01b0\u1ee3c v\u1ea5n \u0111\u1ec1 ch\u1ea5t \u0111\u1ed1ng v\u1eadt li\u1ec7u tr\u00ean di\u1ec7n t\u00edch r\u1ed9ng th\u00f4ng qua qu\u00e1 tr\u00ecnh x\u1eed l\u00fd, m\u00e0 c\u00f2n gi\u00fap vi\u1ec7c v\u1eadn chuy\u1ec3n v\u00e0 t\u00e1i ch\u1ebf tr\u1edf n\u00ean d\u1ec5 d\u00e0ng h\u01a1n. C\u00e1c b\u1ed9 ph\u1eadn quan tr\u1ecdng nh\u1ea5t trong quy tr\u00ecnh n\u00e0y l\u00e0 \u0111\u1ea7u c\u1eaft v\u00e0 \u0111\u1ed9ng c\u01a1; m\u00e1y nghi\u1ec1n kim lo\u1ea1i c\u00f3 ch\u1ee9c n\u0103ng x\u00e9 nh\u1ecf v\u1eadt li\u1ec7u kim lo\u1ea1i, do \u0111\u00f3 y\u00eau c\u1ea7u v\u1ec1 \u0111\u1ed9 c\u1ee9ng v\u00e0 kh\u1ea3 n\u0103ng ch\u1ed1ng m\u00e0i m\u00f2n c\u1ee7a \u0111\u1ea7u c\u1eaft l\u00e0 r\u1ea5t cao; n\u1ebfu kh\u00f4ng \u0111\u00e1p \u1ee9ng \u0111\u01b0\u1ee3c c\u00e1c y\u00eau c\u1ea7u n\u00e0y, m\u00e1y s\u1ebd b\u1ecb h\u01b0 h\u1ecfng. <\/p>\n<h2>Th\u00f4ng tin chi ti\u1ebft v\u1ec1 m\u00e1y nghi\u1ec1n kim lo\u1ea1i<\/h2>\n<table class=\"table03132\">\n<tbody>\n<tr>\n<td><img fetchpriority=\"high\" decoding=\"async\" class=\"alignnone size-full wp-image-11261\" src=\"https:\/\/www.unitetopbalermachine.com\/wp-content\/uploads\/2025\/03\/Metal-Shredder-Machine-Blade.jpg\" alt=\"L\u01b0\u1ee1i dao c\u1ee7a m\u00e1y nghi\u1ec1n kim lo\u1ea1i\" width=\"600\" height=\"450\" srcset=\"https:\/\/www.unitetopbalermachine.com\/wp-content\/uploads\/2025\/03\/Metal-Shredder-Machine-Blade.jpg 600w, https:\/\/www.unitetopbalermachine.com\/wp-content\/uploads\/2025\/03\/Metal-Shredder-Machine-Blade-300x225.jpg 300w\" sizes=\"(max-width: 600px) 100vw, 600px\" \/><\/td>\n<td>1. L\u01b0\u1ee1i dao m\u00e1y nghi\u1ec1n kim lo\u1ea1i<br \/>\nCh\u00fang t\u00f4i c\u00f3 th\u1ec3 t\u00f9y ch\u1ec9nh l\u01b0\u1ee1i dao m\u00e1y nghi\u1ec1n kim lo\u1ea1i cho qu\u00fd kh\u00e1ch d\u1ef1a tr\u00ean lo\u1ea1i v\u1eadt li\u1ec7u c\u1ee7a m\u00e1y nghi\u1ec1n kim lo\u1ea1i.<\/td>\n<\/tr>\n<tr>\n<td><img decoding=\"async\" class=\"alignnone size-full wp-image-11273\" src=\"https:\/\/www.unitetopbalermachine.com\/wp-content\/uploads\/2025\/03\/Metal-Shredder-Machine-Control-Button.jpg\" alt=\"N\u00fat \u0111i\u1ec1u khi\u1ec3n m\u00e1y nghi\u1ec1n kim lo\u1ea1i\" width=\"600\" height=\"661\" srcset=\"https:\/\/www.unitetopbalermachine.com\/wp-content\/uploads\/2025\/03\/Metal-Shredder-Machine-Control-Button.jpg 600w, https:\/\/www.unitetopbalermachine.com\/wp-content\/uploads\/2025\/03\/Metal-Shredder-Machine-Control-Button-272x300.jpg 272w\" sizes=\"(max-width: 600px) 100vw, 600px\" \/><\/td>\n<td>2. N\u00fat \u0111i\u1ec1u khi\u1ec3n<br \/>\nM\u00e1y nghi\u1ec1n kim lo\u1ea1i c\u1ee7a ch\u00fang t\u00f4i \u0111\u01b0\u1ee3c trang b\u1ecb h\u1ec7 th\u1ed1ng \u0111i\u1ec1u khi\u1ec3n t\u1ef1 \u0111\u1ed9ng, gi\u00fap vi\u1ec7c v\u1eadn h\u00e0nh tr\u1edf n\u00ean thu\u1eadn ti\u1ec7n h\u01a1n v\u00e0 vi\u1ec7c b\u1ea3o tr\u00ec c\u0169ng r\u1ea5t \u0111\u01a1n gi\u1ea3n.<\/td>\n<\/tr>\n<tr>\n<td><img decoding=\"async\" class=\"alignnone size-full wp-image-11285\" src=\"https:\/\/www.unitetopbalermachine.com\/wp-content\/uploads\/2025\/03\/Small-All-In-One-Metal-Shredder-Machine.jpg\" alt=\"M\u00e1y h\u1ee7y t\u00e0i li\u1ec7u kim lo\u1ea1i nh\u1ecf \u0111a n\u0103ng\" width=\"600\" height=\"453\" srcset=\"https:\/\/www.unitetopbalermachine.com\/wp-content\/uploads\/2025\/03\/Small-All-In-One-Metal-Shredder-Machine.jpg 600w, https:\/\/www.unitetopbalermachine.com\/wp-content\/uploads\/2025\/03\/Small-All-In-One-Metal-Shredder-Machine-300x227.jpg 300w\" sizes=\"(max-width: 600px) 100vw, 600px\" \/><\/td>\n<td>3. M\u00e1y \u0111a n\u0103ng<br \/>\nM\u00e1y nghi\u1ec1n kim lo\u1ea1i \u0111a n\u0103ng c\u1ee1 nh\u1ecf c\u1ee7a ch\u00fang t\u00f4i c\u00f3 thi\u1ebft k\u1ebf \u0111\u1eb7c bi\u1ec7t, chi\u1ebfm di\u1ec7n t\u00edch nh\u1ecf v\u00e0 \u0111\u01b0\u1ee3c trang b\u1ecb c\u00e1c t\u00ednh n\u0103ng an to\u00e0n v\u00e0 ti\u1ec7n l\u1ee3i.<\/td>\n<\/tr>\n<\/tbody>\n<\/table>\n<h2>C\u00e1c lo\u1ea1i m\u00e1y nghi\u1ec1n kim lo\u1ea1i c\u1ee7a ch\u00fang t\u00f4i<\/h2>\n<p><img loading=\"lazy\" decoding=\"async\" class=\"size-full wp-image-14322 aligncenter\" src=\"https:\/\/www.unitetopbalermachine.com\/wp-content\/uploads\/2025\/03\/Metal-Shredder-Types.jpg\" alt=\"C\u00e1c lo\u1ea1i m\u00e1y nghi\u1ec1n kim lo\u1ea1i\" width=\"900\" height=\"600\" srcset=\"https:\/\/www.unitetopbalermachine.com\/wp-content\/uploads\/2025\/03\/Metal-Shredder-Types.jpg 900w, https:\/\/www.unitetopbalermachine.com\/wp-content\/uploads\/2025\/03\/Metal-Shredder-Types-300x200.jpg 300w, https:\/\/www.unitetopbalermachine.com\/wp-content\/uploads\/2025\/03\/Metal-Shredder-Types-768x512.jpg 768w, https:\/\/www.unitetopbalermachine.com\/wp-content\/uploads\/2025\/03\/Metal-Shredder-Types-600x400.jpg 600w\" sizes=\"(max-width: 900px) 100vw, 900px\" \/><\/p>\n<h3>M\u00e1y nghi\u1ec1n kim lo\u1ea1i tr\u1ee5c \u0111\u01a1n<\/h3>\n<ul>\n<li>\u0110\u01b0\u1ee3c t\u1ed1i \u01b0u h\u00f3a cho ph\u1ebf li\u1ec7u c\u00f3 kh\u1ed1i l\u01b0\u1ee3ng t\u1eeb nh\u1eb9 \u0111\u1ebfn trung b\u00ecnh, mang l\u1ea1i hi\u1ec7u qu\u1ea3 c\u1eaft nh\u1ecf \u1ed5n \u0111\u1ecbnh.<\/li>\n<li>D\u1ec5 d\u00e0ng b\u1ea3o tr\u00ec nh\u1edd l\u01b0\u1ee1i dao c\u00f3 th\u1ec3 thay th\u1ebf, gi\u00fap gi\u1ea3m thi\u1ec3u th\u1eddi gian ng\u1eebng ho\u1ea1t \u0111\u1ed9ng.<\/li>\n<li>Thi\u1ebft k\u1ebf ti\u1ebft ki\u1ec7m n\u0103ng l\u01b0\u1ee3ng gi\u00fap gi\u1ea3m chi ph\u00ed v\u1eadn h\u00e0nh m\u00e0 kh\u00f4ng l\u00e0m gi\u1ea3m t\u00ednh n\u0103ng.<\/li>\n<\/ul>\n<h3>M\u00e1y nghi\u1ec1n kim lo\u1ea1i hai tr\u1ee5c<\/h3>\n<ul>\n<li>X\u1eed l\u00fd ph\u1ebf li\u1ec7u c\u1ee1 l\u1edbn v\u00e0 c\u1ee9ng h\u01a1n v\u1edbi c\u00f4ng su\u1ea5t x\u1eed l\u00fd cao h\u01a1n.<\/li>\n<li>H\u1ec7 th\u1ed1ng hai tr\u1ee5c quay \u0111\u1ea3m b\u1ea3o qu\u00e1 tr\u00ecnh c\u1eaft nh\u1ecf \u0111\u1ed3ng \u0111\u1ec1u v\u00e0 gi\u1ea3m t\u00ecnh tr\u1ea1ng k\u1eb9t v\u1eadt li\u1ec7u.<\/li>\n<li>C\u1ea5u tr\u00fac ch\u1eafc ch\u1eafn, ph\u00f9 h\u1ee3p cho c\u00e1c ho\u1ea1t \u0111\u1ed9ng c\u00f4ng nghi\u1ec7p n\u1eb7ng li\u00ean t\u1ee5c.<\/li>\n<\/ul>\n<h3>M\u00e1y nghi\u1ec1n kim lo\u1ea1i di \u0111\u1ed9ng<\/h3>\n<ul>\n<li>Vi\u1ec7c l\u1eafp \u0111\u1eb7t linh ho\u1ea1t cho ph\u00e9p v\u1eadn h\u00e0nh t\u1ea1i nhi\u1ec1u \u0111\u1ecba \u0111i\u1ec3m ho\u1eb7c trong c\u00e1c m\u00f4i tr\u01b0\u1eddng t\u1ea1m th\u1eddi.<\/li>\n<li>Thi\u1ebft k\u1ebf nh\u1ecf g\u1ecdn, linh ho\u1ea1t, ph\u00f9 h\u1ee3p \u0111\u1ec3 x\u1eed l\u00fd ph\u1ebf li\u1ec7u ngay t\u1ea1i hi\u1ec7n tr\u01b0\u1eddng.<\/li>\n<li>Vi\u1ec7c l\u1eafp \u0111\u1eb7t v\u00e0 v\u1eadn chuy\u1ec3n nhanh ch\u00f3ng gi\u00fap gi\u1ea3m th\u1eddi gian ng\u1eebng ho\u1ea1t \u0111\u1ed9ng v\u00e0 chi ph\u00ed h\u1eadu c\u1ea7n.<\/li>\n<\/ul>\n<h3>M\u00e1y nghi\u1ec1n c\u00f4ng nghi\u1ec7p c\u00f4ng su\u1ea5t l\u1edbn<\/h3>\n<ul>\n<li>\u0110\u01b0\u1ee3c thi\u1ebft k\u1ebf \u0111\u1ec3 t\u00e1i ch\u1ebf kim lo\u1ea1i li\u00ean t\u1ee5c v\u1edbi kh\u1ed1i l\u01b0\u1ee3ng l\u1edbn trong m\u00f4i tr\u01b0\u1eddng c\u00f4ng nghi\u1ec7p.<\/li>\n<li>Rotor v\u00e0 khung \u0111\u01b0\u1ee3c gia c\u1ed1 c\u00f3 kh\u1ea3 n\u0103ng ch\u1ecbu \u0111\u01b0\u1ee3c s\u1ef1 m\u00e0i m\u00f2n v\u00e0 h\u01b0 h\u1ecfng nghi\u00eam tr\u1ecdng.<\/li>\n<li>K\u00edch th\u01b0\u1edbc \u0111\u1ea7u ra c\u00f3 th\u1ec3 t\u00f9y ch\u1ec9nh \u0111\u1ec3 \u0111\u00e1p \u1ee9ng c\u00e1c y\u00eau c\u1ea7u kh\u1eaft khe trong qu\u00e1 tr\u00ecnh x\u1eed l\u00fd ti\u1ebfp theo.<\/li>\n<\/ul>\n<h2>\u1ee8ng d\u1ee5ng<\/h2>\n<p>M\u00e1y nghi\u1ec1n kim lo\u1ea1i \u0111\u01b0\u1ee3c \u1ee9ng d\u1ee5ng r\u1ed9ng r\u00e3i trong nhi\u1ec1u ng\u00e0nh c\u00f4ng nghi\u1ec7p, gi\u00fap n\u00e2ng cao hi\u1ec7u qu\u1ea3 t\u00e1i ch\u1ebf v\u00e0 gi\u1ea3m chi ph\u00ed x\u1eed l\u00fd ch\u1ea5t th\u1ea3i.<\/p>\n<ul>\n<li><strong>T\u00e1i ch\u1ebf \u00f4 t\u00f4:<\/strong> Nghi\u1ec1n n\u00e1t th\u00e2n xe, khung g\u1ea7m v\u00e0 c\u00e1c b\u1ed9 ph\u1eadn kim lo\u1ea1i \u0111\u1ec3 thu h\u1ed3i ph\u1ebf li\u1ec7u.<\/li>\n<li><strong>Ch\u1ebf bi\u1ebfn c\u00e1p v\u00e0 d\u00e2y \u0111i\u1ec7n:<\/strong> Ch\u1ebf bi\u1ebfn hi\u1ec7u qu\u1ea3 ph\u1ebf li\u1ec7u c\u00e1p \u0111\u1ed3ng, nh\u00f4m v\u00e0 h\u1ed7n h\u1ee3p.<\/li>\n<li><strong>Ph\u1ebf li\u1ec7u th\u00e9p, nh\u00f4m v\u00e0 \u0111\u1ed3ng:<\/strong> X\u1eed l\u00fd ph\u1ebf li\u1ec7u c\u00f4ng nghi\u1ec7p c\u1ee1 l\u1edbn th\u00e0nh c\u00e1c m\u1ea3nh c\u00f3 k\u00edch th\u01b0\u1edbc \u0111\u1ed3ng \u0111\u1ec1u \u0111\u1ec3 ph\u1ee5c v\u1ee5 cho c\u00e1c c\u00f4ng \u0111o\u1ea1n ch\u1ebf bi\u1ebfn ti\u1ebfp theo.<\/li>\n<li><strong>T\u00e1i ch\u1ebf r\u00e1c th\u1ea3i \u0111i\u1ec7n t\u1eed:<\/strong> X\u1eed l\u00fd an to\u00e0n c\u00e1c lo\u1ea1i ph\u1ebf li\u1ec7u \u0111i\u1ec7n t\u1eed, bao g\u1ed3m m\u00e1y t\u00ednh, thi\u1ebft b\u1ecb gia d\u1ee5ng v\u00e0 linh ki\u1ec7n \u0111i\u1ec7n t\u1eed.<\/li>\n<li><strong>Gi\u1ea3m thi\u1ec3u ph\u1ebf li\u1ec7u c\u00f4ng nghi\u1ec7p v\u00e0 \u0111\u00fac:<\/strong> T\u1ed1i \u01b0u h\u00f3a quy tr\u00ecnh x\u1eed l\u00fd ph\u1ebf li\u1ec7u kim lo\u1ea1i cho c\u00e1c nh\u00e0 m\u00e1y, x\u01b0\u1edfng \u0111\u00fac v\u00e0 c\u01a1 s\u1edf ch\u1ebf bi\u1ebfn kim lo\u1ea1i.<\/li>\n<\/ul>\n<p><img loading=\"lazy\" decoding=\"async\" class=\"size-full wp-image-11454 aligncenter\" src=\"https:\/\/www.unitetopbalermachine.com\/wp-content\/uploads\/2025\/03\/SPJ-Series-Automatic-Control-Metal-Shredder-Machine-Applications.jpg\" alt=\"\u1ee8ng d\u1ee5ng c\u1ee7a m\u00e1y nghi\u1ec1n kim lo\u1ea1i \u0111i\u1ec1u khi\u1ec3n t\u1ef1 \u0111\u1ed9ng d\u00f2ng SPJ\" width=\"800\" height=\"490\" srcset=\"https:\/\/www.unitetopbalermachine.com\/wp-content\/uploads\/2025\/03\/SPJ-Series-Automatic-Control-Metal-Shredder-Machine-Applications.jpg 800w, https:\/\/www.unitetopbalermachine.com\/wp-content\/uploads\/2025\/03\/SPJ-Series-Automatic-Control-Metal-Shredder-Machine-Applications-300x184.jpg 300w, https:\/\/www.unitetopbalermachine.com\/wp-content\/uploads\/2025\/03\/SPJ-Series-Automatic-Control-Metal-Shredder-Machine-Applications-768x470.jpg 768w, https:\/\/www.unitetopbalermachine.com\/wp-content\/uploads\/2025\/03\/SPJ-Series-Automatic-Control-Metal-Shredder-Machine-Applications-600x368.jpg 600w\" sizes=\"(max-width: 800px) 100vw, 800px\" \/><\/p>\n<h2>Th\u00f4ng s\u1ed1 k\u1ef9 thu\u1eadt<\/h2>\n<table>\n<tbody>\n<tr>\n<td><strong>Ng\u01b0\u1eddi m\u1eabu<\/strong><\/td>\n<td><strong>\u0110\u01b0\u1eddng k\u00ednh l\u01b0\u1ee1i dao (mm)<\/strong><\/td>\n<td><strong>K\u00edch th\u01b0\u1edbc bu\u1ed3ng (mm)<\/strong><\/td>\n<td><strong>C\u00f4ng su\u1ea5t (kg\/gi\u1edd)<\/strong><\/td>\n<td><strong>C\u00f4ng su\u1ea5t (kw)<\/strong><\/td>\n<td><strong>K\u00edch th\u01b0\u1edbc m\u00e1y (mm)<\/strong><\/td>\n<td><strong>Tr\u1ecdng l\u01b0\u1ee3ng (kg)<\/strong><\/td>\n<\/tr>\n<tr>\n<td>SPJ-600<\/td>\n<td>260<\/td>\n<td>600\u00d7550<\/td>\n<td>800-500<\/td>\n<td>15<\/td>\n<td>1800\u00d71300\u00d71700<\/td>\n<td>2850<\/td>\n<\/tr>\n<tr>\n<td>SPJ-800<\/td>\n<td>300<\/td>\n<td>800\u00d7600<\/td>\n<td>500-800<\/td>\n<td>37<\/td>\n<td>2800\u00d71800\u00d72100<\/td>\n<td>4200<\/td>\n<\/tr>\n<tr>\n<td>SPJ-1000<\/td>\n<td>350<\/td>\n<td>1000\u00d7700<\/td>\n<td>800-1500<\/td>\n<td>45<\/td>\n<td>2800\u00d72000\u00d72100<\/td>\n<td>6500<\/td>\n<\/tr>\n<tr>\n<td>SPJ-1200<\/td>\n<td>400<\/td>\n<td>1200\u00d7900<\/td>\n<td>1500-2500<\/td>\n<td>55<\/td>\n<td>2800\u00d72500\u00d72100<\/td>\n<td>7800<\/td>\n<\/tr>\n<tr>\n<td>SPJ-1400<\/td>\n<td>450<\/td>\n<td>1400\u00d7900<\/td>\n<td>2500-4000<\/td>\n<td>75<\/td>\n<td>2800\u00d72800\u00d72100<\/td>\n<td>9600<\/td>\n<\/tr>\n<tr>\n<td>SPJ-1600<\/td>\n<td>500<\/td>\n<td>1600\u00d71000<\/td>\n<td>4000-6000<\/td>\n<td>90<\/td>\n<td>3000\u00d72800\u00d72100<\/td>\n<td>12500<\/td>\n<\/tr>\n<\/tbody>\n<\/table>\n<h2>C\u00e1c nh\u00e0 cung c\u1ea5p h\u1ee3p t\u00e1c<\/h2>\n<p><img loading=\"lazy\" decoding=\"async\" class=\"size-full wp-image-11297 aligncenter\" src=\"https:\/\/www.unitetopbalermachine.com\/wp-content\/uploads\/2025\/03\/Cooperative-Suppliers.jpg\" alt=\"C\u00e1c nh\u00e0 cung c\u1ea5p h\u1ee3p t\u00e1c\" width=\"900\" height=\"422\" srcset=\"https:\/\/www.unitetopbalermachine.com\/wp-content\/uploads\/2025\/03\/Cooperative-Suppliers.jpg 900w, https:\/\/www.unitetopbalermachine.com\/wp-content\/uploads\/2025\/03\/Cooperative-Suppliers-300x141.jpg 300w, https:\/\/www.unitetopbalermachine.com\/wp-content\/uploads\/2025\/03\/Cooperative-Suppliers-768x360.jpg 768w, https:\/\/www.unitetopbalermachine.com\/wp-content\/uploads\/2025\/03\/Cooperative-Suppliers-600x281.jpg 600w\" sizes=\"(max-width: 900px) 100vw, 900px\" \/><\/p>\n<h2>Bao b\u00ec<\/h2>\n<p>Ch\u00fang t\u00f4i s\u1ebd s\u1eed d\u1ee5ng bao b\u00ec m\u00e0ng b\u1ecdc ho\u1eb7c bao b\u00ec g\u1ed7 \u0111\u1ec3 b\u1ea3o v\u1ec7 m\u00e1y nghi\u1ec1n kim lo\u1ea1i d\u00f2ng SPJ; ch\u00fang t\u00f4i s\u1ebd \u0111\u1ea3m b\u1ea3o m\u00e1y nghi\u1ec1n kim lo\u1ea1i d\u00f2ng SPJ \u0111\u01b0\u1ee3c b\u1ea3o v\u1ec7 c\u1ea9n th\u1eadn tr\u01b0\u1edbc khi x\u1ebfp v\u00e0o container.<\/p>\n<p><img loading=\"lazy\" decoding=\"async\" class=\"alignnone size-full wp-image-11442\" src=\"https:\/\/www.unitetopbalermachine.com\/wp-content\/uploads\/2025\/03\/SPJ-Series-Automatic-Control-Metal-Shredder-Machine-Packaging.jpg\" alt=\"M\u00e1y nghi\u1ec1n kim lo\u1ea1i \u0111i\u1ec1u khi\u1ec3n t\u1ef1 \u0111\u1ed9ng d\u00f2ng SPJ v\u00e0 bao b\u00ec\" width=\"1200\" height=\"298\" srcset=\"https:\/\/www.unitetopbalermachine.com\/wp-content\/uploads\/2025\/03\/SPJ-Series-Automatic-Control-Metal-Shredder-Machine-Packaging.jpg 1200w, https:\/\/www.unitetopbalermachine.com\/wp-content\/uploads\/2025\/03\/SPJ-Series-Automatic-Control-Metal-Shredder-Machine-Packaging-300x75.jpg 300w, https:\/\/www.unitetopbalermachine.com\/wp-content\/uploads\/2025\/03\/SPJ-Series-Automatic-Control-Metal-Shredder-Machine-Packaging-1024x254.jpg 1024w, https:\/\/www.unitetopbalermachine.com\/wp-content\/uploads\/2025\/03\/SPJ-Series-Automatic-Control-Metal-Shredder-Machine-Packaging-768x191.jpg 768w, https:\/\/www.unitetopbalermachine.com\/wp-content\/uploads\/2025\/03\/SPJ-Series-Automatic-Control-Metal-Shredder-Machine-Packaging-600x149.jpg 600w\" sizes=\"(max-width: 1200px) 100vw, 1200px\" \/><\/p>\n<h2>H\u00e3y xem m\u00e1y nghi\u1ec1n ph\u1ebf li\u1ec7u kim lo\u1ea1i ho\u1ea1t \u0111\u1ed9ng nh\u01b0 th\u1ebf n\u00e0o!<\/h2>\n<div class=\"ast-oembed-container \" style=\"height: 100%;\"><iframe title=\"Chinese Manufacture Automatic Control SPJ Series metal shredder machine\" width=\"500\" height=\"375\" src=\"https:\/\/www.youtube.com\/embed\/tsPp8oBwaP4?feature=oembed\" frameborder=\"0\" allow=\"accelerometer; autoplay; clipboard-write; encrypted-media; gyroscope; picture-in-picture; web-share\" referrerpolicy=\"strict-origin-when-cross-origin\" allowfullscreen><\/iframe><\/div>\n<style>.table03132{border:none;}.table03132 td{border:none;}<\/style>\n","protected":false},"excerpt":{"rendered":"<p>M\u00e1y nghi\u1ec1n kim lo\u1ea1i c\u1ee7a ch\u00fang t\u00f4i x\u1eed l\u00fd hi\u1ec7u qu\u1ea3 nhi\u1ec1u lo\u1ea1i s\u1ea3n ph\u1ea9m kim lo\u1ea1i kh\u00e1c nhau, bao g\u1ed3m s\u1eaft, lon (lon nh\u00f4m, lon thi\u1ebfc), th\u00f9ng s\u01a1n v\u00e0 nhi\u1ec1u lo\u1ea1i kh\u00e1c. Ch\u00fang t\u00f4i cung c\u1ea5p d\u1ecbch v\u1ee5 ki\u1ec3m tra v\u1eadt li\u1ec7u b\u1eb1ng nguy\u00ean li\u1ec7u th\u00f4 do ch\u00ednh ch\u00fang t\u00f4i chu\u1ea9n b\u1ecb \u0111\u1ec3 \u0111\u1ea3m b\u1ea3o hi\u1ec7u su\u1ea5t t\u1ed1i \u01b0u. <\/p>\n<p>V\u1edbi h\u01a1n 25 n\u0103m kinh nghi\u1ec7m trong l\u0129nh v\u1ef1c s\u1ea3n xu\u1ea5t, ch\u00fang t\u00f4i \u0111\u00e3 cung c\u1ea5p h\u01a1n 3.000 gi\u1ea3i ph\u00e1p t\u00e1i ch\u1ebf ph\u1ebf li\u1ec7u kim lo\u1ea1i \u0111\u01b0\u1ee3c thi\u1ebft k\u1ebf ri\u00eang, nh\u1eb1m \u0111\u00e1p \u1ee9ng nhu c\u1ea7u \u0111a d\u1ea1ng c\u1ee7a c\u00e1c ng\u00e0nh c\u00f4ng nghi\u1ec7p.<\/p>\n<ul>\n<li>Thi\u1ebft k\u1ebf m\u00f4-\u0111un, d\u1ec5 b\u1ea3o tr\u00ec<\/li>\n<li>L\u01b0\u1ee1i dao h\u1ee3p kim c\u00f3 \u0111\u1ed9 b\u1ec1n cao<\/li>\n<li>H\u1ec7 th\u1ed1ng \u0111i\u1ec1u khi\u1ec3n t\u1ef1 \u0111\u1ed9ng PLC<\/li>\n<li>Ti\u1ebfng \u1ed3n th\u1ea5p, m\u00f4-men xo\u1eafn cao<\/li>\n<li>C\u00f3 th\u1ec3 t\u00f9y ch\u1ec9nh cho nhi\u1ec1u lo\u1ea1i v\u1eadt li\u1ec7u kh\u00e1c nhau<\/li>\n<\/ul>\n","protected":false},"featured_media":11332,"template":"","meta":{"site-sidebar-layout":"default","site-content-layout":"","ast-site-content-layout":"default","site-content-style":"default","site-sidebar-style":"default","ast-global-header-display":"","ast-banner-title-visibility":"","ast-main-header-display":"","ast-hfb-above-header-display":"","ast-hfb-below-header-display":"","ast-hfb-mobile-header-display":"","site-post-title":"","ast-breadcrumbs-content":"","ast-featured-img":"","footer-sml-layout":"","theme-transparent-header-meta":"default","adv-header-id-meta":"","stick-header-meta":"","header-above-stick-meta":"","header-main-stick-meta":"","header-below-stick-meta":"","astra-migrate-meta-layouts":"set","ast-page-background-enabled":"default","ast-page-background-meta":{"desktop":{"background-color":"var(--ast-global-color-4)","background-image":"","background-repeat":"repeat","background-position":"center center","background-size":"auto","background-attachment":"scroll","background-type":"","background-media":"","overlay-type":"","overlay-color":"","overlay-opacity":"","overlay-gradient":""},"tablet":{"background-color":"","background-image":"","background-repeat":"repeat","background-position":"center center","background-size":"auto","background-attachment":"scroll","background-type":"","background-media":"","overlay-type":"","overlay-color":"","overlay-opacity":"","overlay-gradient":""},"mobile":{"background-color":"","background-image":"","background-repeat":"repeat","background-position":"center center","background-size":"auto","background-attachment":"scroll","background-type":"","background-media":"","overlay-type":"","overlay-color":"","overlay-opacity":"","overlay-gradient":""}},"ast-content-background-meta":{"desktop":{"background-color":"var(--ast-global-color-5)","background-image":"","background-repeat":"repeat","background-position":"center center","background-size":"auto","background-attachment":"scroll","background-type":"","background-media":"","overlay-type":"","overlay-color":"","overlay-opacity":"","overlay-gradient":""},"tablet":{"background-color":"var(--ast-global-color-5)","background-image":"","background-repeat":"repeat","background-position":"center center","background-size":"auto","background-attachment":"scroll","background-type":"","background-media":"","overlay-type":"","overlay-color":"","overlay-opacity":"","overlay-gradient":""},"mobile":{"background-color":"var(--ast-global-color-5)","background-image":"","background-repeat":"repeat","background-position":"center center","background-size":"auto","background-attachment":"scroll","background-type":"","background-media":"","overlay-type":"","overlay-color":"","overlay-opacity":"","overlay-gradient":""}}},"product_brand":[],"product_cat":[164],"product_tag":[],"class_list":{"0":"post-12684","1":"product","2":"type-product","3":"status-publish","4":"has-post-thumbnail","6":"product_cat-may-nghien-kim-loai","7":"desktop-align-left","8":"tablet-align-left","9":"mobile-align-left","11":"first","12":"instock","13":"shipping-taxable","14":"product-type-simple"},"_links":{"self":[{"href":"https:\/\/www.unitetopbalermachine.com\/vi\/wp-json\/wp\/v2\/product\/12684","targetHints":{"allow":["GET"]}}],"collection":[{"href":"https:\/\/www.unitetopbalermachine.com\/vi\/wp-json\/wp\/v2\/product"}],"about":[{"href":"https:\/\/www.unitetopbalermachine.com\/vi\/wp-json\/wp\/v2\/types\/product"}],"wp:featuredmedia":[{"embeddable":true,"href":"https:\/\/www.unitetopbalermachine.com\/vi\/wp-json\/wp\/v2\/media\/11332"}],"wp:attachment":[{"href":"https:\/\/www.unitetopbalermachine.com\/vi\/wp-json\/wp\/v2\/media?parent=12684"}],"wp:term":[{"taxonomy":"product_brand","embeddable":true,"href":"https:\/\/www.unitetopbalermachine.com\/vi\/wp-json\/wp\/v2\/product_brand?post=12684"},{"taxonomy":"product_cat","embeddable":true,"href":"https:\/\/www.unitetopbalermachine.com\/vi\/wp-json\/wp\/v2\/product_cat?post=12684"},{"taxonomy":"product_tag","embeddable":true,"href":"https:\/\/www.unitetopbalermachine.com\/vi\/wp-json\/wp\/v2\/product_tag?post=12684"}],"curies":[{"name":"wp","href":"https:\/\/api.w.org\/{rel}","templated":true}]}}