{"id":6742,"date":"2024-05-06T10:21:47","date_gmt":"2024-05-06T10:21:47","guid":{"rendered":"https:\/\/www.unitetopbalermachine.com\/product\/q15-serisi-hidrolik-giyotin-hurda-kesme-makinesi\/"},"modified":"2024-10-09T02:54:45","modified_gmt":"2024-10-09T02:54:45","slug":"q15-serisi-hidrolik-giyotin-hurda-kesme-makinesi","status":"publish","type":"product","link":"https:\/\/www.unitetopbalermachine.com\/tr\/product\/q15-serisi-hidrolik-giyotin-hurda-kesme-makinesi.html","title":{"rendered":"Q15 Serisi Hidrolik Giyotin Hurda Kesme Makinesi"},"content":{"rendered":"<h3>\u00dcr\u00fcn \u00d6zellikleri<\/h3>\n<table border=\"1\" cellspacing=\"0\">\n<tbody>\n<tr>\n<td valign=\"top\" width=\"80\">\n<p align=\"center\">\u00d6rnek<\/p>\n<\/td>\n<td style=\"text-align: center;\" valign=\"top\" width=\"119\">Nominal Kuvvet (Kn\/Ton)<\/td>\n<td style=\"text-align: center;\" valign=\"top\" width=\"92\">B\u0131\u00e7ak Uzunlu\u011fu\uff08mm\uff09<\/td>\n<td style=\"text-align: center;\" valign=\"top\" width=\"112\">Maksimum Kesim Boyutu\uff08mm\uff09<\/td>\n<td style=\"text-align: center;\" valign=\"top\" width=\"134\">K\u0131rpma Frekans\u0131\uff08kez\/dakika\uff09<\/td>\n<td valign=\"top\" width=\"66\">\n<p style=\"text-align: center;\" align=\"center\">G\u00fc\u00e7 (kw)<\/p>\n<\/td>\n<\/tr>\n<tr>\n<td valign=\"top\" width=\"80\">\n<p align=\"center\">Q15-630<\/p>\n<\/td>\n<td valign=\"top\" width=\"119\">\n<p align=\"center\">630\/63<\/p>\n<\/td>\n<td valign=\"top\" width=\"92\">\n<p align=\"center\">600<\/p>\n<\/td>\n<td valign=\"top\" width=\"112\">\n<p align=\"center\">8*600<\/p>\n<\/td>\n<td valign=\"top\" width=\"134\">\n<p align=\"center\">4-7<\/p>\n<\/td>\n<td valign=\"top\" width=\"66\">\n<p align=\"center\">11<\/p>\n<\/td>\n<\/tr>\n<tr>\n<td valign=\"top\" width=\"80\">\n<p align=\"center\">Q15-1250<\/p>\n<\/td>\n<td valign=\"top\" width=\"119\">\n<p align=\"center\">1250\/125<\/p>\n<\/td>\n<td valign=\"top\" width=\"92\">\n<p align=\"center\">800\/1200<\/p>\n<\/td>\n<td valign=\"top\" width=\"112\">\n<p align=\"center\">18*800\/1200<\/p>\n<\/td>\n<td valign=\"top\" width=\"134\">\n<p align=\"center\">5-10<\/p>\n<\/td>\n<td valign=\"top\" width=\"66\">\n<p align=\"center\">15<\/p>\n<\/td>\n<\/tr>\n<tr>\n<td valign=\"top\" width=\"80\">\n<p align=\"center\">Q15-1600<\/p>\n<\/td>\n<td valign=\"top\" width=\"119\">\n<p align=\"center\">1600\/160<\/p>\n<\/td>\n<td valign=\"top\" width=\"92\">\n<p align=\"center\">1200<\/p>\n<\/td>\n<td valign=\"top\" width=\"112\">\n<p align=\"center\">20*1200<\/p>\n<\/td>\n<td valign=\"top\" width=\"134\">\n<p align=\"center\">5-10<\/p>\n<\/td>\n<td valign=\"top\" width=\"66\">\n<p align=\"center\">18.5<\/p>\n<\/td>\n<\/tr>\n<tr>\n<td valign=\"top\" width=\"80\">\n<p align=\"center\">Q15-2000<\/p>\n<\/td>\n<td valign=\"top\" width=\"119\">\n<p align=\"center\">2000\/200<\/p>\n<\/td>\n<td valign=\"top\" width=\"92\">\n<p align=\"center\">1200<\/p>\n<\/td>\n<td valign=\"top\" width=\"112\">\n<p align=\"center\">25*1200<\/p>\n<\/td>\n<td valign=\"top\" width=\"134\">\n<p align=\"center\">5-10<\/p>\n<\/td>\n<td valign=\"top\" width=\"66\">\n<p align=\"center\">22<\/p>\n<\/td>\n<\/tr>\n<tr>\n<td valign=\"top\" width=\"80\">\n<p align=\"center\">Q15-2500<\/p>\n<\/td>\n<td valign=\"top\" width=\"119\">\n<p align=\"center\">2500\/250<\/p>\n<\/td>\n<td valign=\"top\" width=\"92\">\n<p align=\"center\">1200<\/p>\n<\/td>\n<td valign=\"top\" width=\"112\">\n<p align=\"center\">28*1200<\/p>\n<\/td>\n<td valign=\"top\" width=\"134\">\n<p align=\"center\">5-10<\/p>\n<\/td>\n<td valign=\"top\" width=\"66\">\n<p align=\"center\">37<\/p>\n<\/td>\n<\/tr>\n<tr>\n<td valign=\"top\" width=\"80\">\n<p align=\"center\">Q15-3150<\/p>\n<\/td>\n<td valign=\"top\" width=\"119\">\n<p align=\"center\">3150\/315<\/p>\n<\/td>\n<td valign=\"top\" width=\"92\">\n<p align=\"center\">1200\/1500<\/p>\n<\/td>\n<td valign=\"top\" width=\"112\">\n<p align=\"center\">32*1200\/1500<\/p>\n<\/td>\n<td valign=\"top\" width=\"134\">\n<p align=\"center\">4-8<\/p>\n<\/td>\n<td valign=\"top\" width=\"66\">\n<p align=\"center\">37<\/p>\n<\/td>\n<\/tr>\n<tr>\n<td valign=\"top\" width=\"80\">\n<p align=\"center\">Q15-4000<\/p>\n<\/td>\n<td valign=\"top\" width=\"119\">\n<p align=\"center\">4000\/400<\/p>\n<\/td>\n<td valign=\"top\" width=\"92\">\n<p align=\"center\">1200\/1800<\/p>\n<\/td>\n<td valign=\"top\" width=\"112\">\n<p align=\"center\">35*1200\/1800<\/p>\n<\/td>\n<td valign=\"top\" width=\"134\">\n<p align=\"center\">5-10<\/p>\n<\/td>\n<td valign=\"top\" width=\"66\">\n<p align=\"center\">44<\/p>\n<\/td>\n<\/tr>\n<tr>\n<td valign=\"top\" width=\"80\">\n<p align=\"center\">Q15-5000<\/p>\n<\/td>\n<td valign=\"top\" width=\"119\">\n<p align=\"center\">5000\/500<\/p>\n<\/td>\n<td valign=\"top\" width=\"92\">\n<p align=\"center\">1200\/2000<\/p>\n<\/td>\n<td valign=\"top\" width=\"112\">\n<p align=\"center\">40*1200\/2000<\/p>\n<\/td>\n<td valign=\"top\" width=\"134\">\n<p align=\"center\">5-10<\/p>\n<\/td>\n<td valign=\"top\" width=\"66\">\n<p align=\"center\">74<\/p>\n<\/td>\n<\/tr>\n<tr>\n<td valign=\"top\" width=\"80\">\n<p align=\"center\">Q15-6300<\/p>\n<\/td>\n<td valign=\"top\" width=\"119\">\n<p align=\"center\">6300\/630<\/p>\n<\/td>\n<td valign=\"top\" width=\"92\">\n<p align=\"center\">900<\/p>\n<\/td>\n<td valign=\"top\" width=\"112\">\n<p align=\"center\">45*900<\/p>\n<\/td>\n<td valign=\"top\" width=\"134\">\n<p align=\"center\">6-10<\/p>\n<\/td>\n<td valign=\"top\" width=\"66\">\n<p align=\"center\">90<\/p>\n<\/td>\n<\/tr>\n<\/tbody>\n<\/table>\n<h3>Uygulamalar<\/h3>\n<p><strong>Hidrolik giyotin kesme makinesi<\/strong>, kal\u0131n ve a\u011f\u0131r metal levhalar\u0131 hassas bir \u015fekilde kesme kabiliyeti nedeniyle \u00e7e\u015fitli end\u00fcstrilerde kapsaml\u0131 uygulamalara sahiptir. Hidrolik giyotin kesme makinesinin yayg\u0131n olarak kullan\u0131ld\u0131\u011f\u0131 baz\u0131 temel end\u00fcstriler \u015funlard\u0131r:<\/p>\n<ol>\n<li><strong>\u00dcretim<\/strong>: Sac ve plakalar\u0131n hassas kesiminin gerekti\u011fi metal \u00fcr\u00fcnlerin \u00fcretiminde yayg\u0131n olarak kullan\u0131l\u0131r.<\/li>\n<li><strong>Otomotiv<\/strong>: Otomotiv end\u00fcstrisinde ara\u00e7lar\u0131n g\u00f6vde par\u00e7alar\u0131 ve di\u011fer yap\u0131sal bile\u015fenleri i\u00e7in metal kesmek amac\u0131yla kullan\u0131l\u0131r.<\/li>\n<li><strong>Gemi Yap\u0131m\u0131<\/strong>: Gemilerin in\u015fas\u0131nda ve onar\u0131m\u0131nda kullan\u0131lan \u00e7elik saclar\u0131n ve di\u011fer malzemelerin kesimi i\u00e7in hayati \u00f6neme sahiptir.<\/li>\n<li><strong>\u0130n\u015faat<\/strong>: Kiri\u015fler ve donat\u0131lar dahil olmak \u00fczere binalar ve di\u011fer altyap\u0131lar i\u00e7in yap\u0131sal \u00e7eli\u011fin kesilmesine yard\u0131mc\u0131 olur.<\/li>\n<li><strong>Havac\u0131l\u0131k<\/strong>: U\u00e7ak par\u00e7alar\u0131 \u00fcretmek i\u00e7in y\u00fcksek mukavemetli ala\u015f\u0131mlar\u0131 ve metalleri kesmek i\u00e7in kullan\u0131l\u0131r.<\/li>\n<li><strong>Metal \u00dcretimi<\/strong>: Metal i\u015flerini \u00f6zelle\u015ftiren at\u00f6lyelerin ayr\u0131lmaz bir par\u00e7as\u0131d\u0131r ve \u00e7e\u015fitli projeler i\u00e7in malzemelerin tam \u00f6zelliklere g\u00f6re kesilmesine yard\u0131mc\u0131 olur.<\/li>\n<li><strong>Geri d\u00f6n\u00fc\u015f\u00fcm<\/strong>: Metal geri d\u00f6n\u00fc\u015f\u00fcm tesislerinde hurda metalleri i\u015flenip yeniden sat\u0131\u015fa haz\u0131rlamak i\u00e7in kullan\u0131l\u0131r.<\/li>\n<li><strong>Demiryolu End\u00fcstrisi<\/strong>: Demiryolu raylar\u0131n\u0131n ve makinelerinin in\u015fas\u0131nda ve bak\u0131m\u0131nda kullan\u0131lan metallerin kesilmesine ve \u015fekillendirilmesine yard\u0131mc\u0131 olur.<\/li>\n<\/ol>\n<h3>Kooperatif Tedarik\u00e7ileri<\/h3>\n<p><img fetchpriority=\"high\" decoding=\"async\" class=\"wp-image-1707 aligncenter\" src=\"https:\/\/www.unitetopbalermachine.com\/wp-content\/uploads\/2024\/05\/COOPERATIVE-SUPPLIERS-1024x256.jpg\" alt=\"KOOPERAT\u0130F TEDAR\u0130K\u00c7\u0130LER\" width=\"701\" height=\"175\" srcset=\"https:\/\/www.unitetopbalermachine.com\/wp-content\/uploads\/2024\/05\/COOPERATIVE-SUPPLIERS-1024x256.jpg 1024w, https:\/\/www.unitetopbalermachine.com\/wp-content\/uploads\/2024\/05\/COOPERATIVE-SUPPLIERS-600x150.jpg 600w, https:\/\/www.unitetopbalermachine.com\/wp-content\/uploads\/2024\/05\/COOPERATIVE-SUPPLIERS-300x75.jpg 300w, https:\/\/www.unitetopbalermachine.com\/wp-content\/uploads\/2024\/05\/COOPERATIVE-SUPPLIERS-768x192.jpg 768w, https:\/\/www.unitetopbalermachine.com\/wp-content\/uploads\/2024\/05\/COOPERATIVE-SUPPLIERS.jpg 1200w\" sizes=\"(max-width: 701px) 100vw, 701px\" \/><\/p>\n<div id=\"highlighter--hover-tools\" style=\"display: none;\">\n<div id=\"highlighter--hover-tools--container\">\n<div class=\"highlighter--icon highlighter--icon-copy\" title=\"Kopyala\"><\/div>\n<div class=\"highlighter--icon highlighter--icon-change-color\" title=\"Renk De\u011fi\u015ftir\"><\/div>\n<div class=\"highlighter--icon highlighter--icon-delete\" title=\"Silmek\"><\/div>\n<\/div>\n<\/div>\n<div id=\"highlighter--hover-tools\" style=\"display: none;\">\n<div id=\"highlighter--hover-tools--container\">\n<div class=\"highlighter--icon highlighter--icon-copy\" title=\"Kopyala\"><\/div>\n<div class=\"highlighter--icon highlighter--icon-change-color\" title=\"Renk De\u011fi\u015ftir\"><\/div>\n<div class=\"highlighter--icon highlighter--icon-delete\" title=\"Silmek\"><\/div>\n<\/div>\n<\/div>\n","protected":false},"excerpt":{"rendered":"<ol>\n<li>Kolay kullan\u0131m ve bak\u0131m i\u00e7in hidrolik tahrik \u00f6zelli\u011fine sahiptir.<\/li>\n<li>Farkl\u0131 kesme ihtiya\u00e7lar\u0131na uygun \u00e7e\u015fitli kesme kuvveti ve b\u0131\u00e7ak uzunluklar\u0131 se\u00e7enekleri sunar.<\/li>\n<li>Herhangi bir temel c\u0131vatas\u0131na ihtiya\u00e7 duymaz ve opsiyonel dizel motorla \u00e7al\u0131\u015ft\u0131r\u0131labilir.<\/li>\n<li>B\u0131\u00e7ak uzunluklar\u0131 600mm, 800mm ve 900mm&#8217;dir.<\/li>\n<li>120 ila 500 ton aras\u0131nda de\u011fi\u015fen 12 kademeli kesme kuvveti sa\u011flar.<\/li>\n<\/ol>\n<table border=\"1\" cellspacing=\"0\">\n<tbody>\n<tr>\n<td valign=\"top\" width=\"225\">Modeli<\/td>\n<td valign=\"top\" width=\"225\">Q15 Serisi<\/td>\n<\/tr>\n<tr>\n<td valign=\"top\" width=\"225\">Maksimum Kesme Kuvveti<\/td>\n<td valign=\"top\" width=\"225\">120-500 Ton<\/td>\n<\/tr>\n<tr>\n<td valign=\"top\" width=\"225\">B\u0131\u00e7ak uzunlu\u011fu<\/td>\n<td valign=\"top\" width=\"225\">600-900mm<\/td>\n<\/tr>\n<tr>\n<td valign=\"top\" width=\"225\">Kesim Boyutu<\/td>\n<td valign=\"top\" width=\"225\">18*500-45*700mm<\/td>\n<\/tr>\n<tr>\n<td valign=\"top\" width=\"225\">Motor<\/td>\n<td valign=\"top\" width=\"225\">15kw-60kw<\/td>\n<\/tr>\n<tr>\n<td valign=\"top\" width=\"225\">Renk<\/td>\n<td valign=\"top\" width=\"225\">Gelenek<\/td>\n<\/tr>\n<tr>\n<td valign=\"top\" width=\"225\">Operasyon<\/td>\n<td valign=\"top\" width=\"225\">Manuel kontrol<\/td>\n<\/tr>\n<\/tbody>\n<\/table>\n","protected":false},"featured_media":6743,"template":"","meta":{"site-sidebar-layout":"default","site-content-layout":"","ast-site-content-layout":"default","site-content-style":"default","site-sidebar-style":"default","ast-global-header-display":"","ast-banner-title-visibility":"","ast-main-header-display":"","ast-hfb-above-header-display":"","ast-hfb-below-header-display":"","ast-hfb-mobile-header-display":"","site-post-title":"","ast-breadcrumbs-content":"","ast-featured-img":"","footer-sml-layout":"","theme-transparent-header-meta":"default","adv-header-id-meta":"","stick-header-meta":"","header-above-stick-meta":"","header-main-stick-meta":"","header-below-stick-meta":"","astra-migrate-meta-layouts":"set","ast-page-background-enabled":"default","ast-page-background-meta":{"desktop":{"background-color":"var(--ast-global-color-4)","background-image":"","background-repeat":"repeat","background-position":"center center","background-size":"auto","background-attachment":"scroll","background-type":"","background-media":"","overlay-type":"","overlay-color":"","overlay-opacity":"","overlay-gradient":""},"tablet":{"background-color":"","background-image":"","background-repeat":"repeat","background-position":"center center","background-size":"auto","background-attachment":"scroll","background-type":"","background-media":"","overlay-type":"","overlay-color":"","overlay-opacity":"","overlay-gradient":""},"mobile":{"background-color":"","background-image":"","background-repeat":"repeat","background-position":"center center","background-size":"auto","background-attachment":"scroll","background-type":"","background-media":"","overlay-type":"","overlay-color":"","overlay-opacity":"","overlay-gradient":""}},"ast-content-background-meta":{"desktop":{"background-color":"var(--ast-global-color-5)","background-image":"","background-repeat":"repeat","background-position":"center center","background-size":"auto","background-attachment":"scroll","background-type":"","background-media":"","overlay-type":"","overlay-color":"","overlay-opacity":"","overlay-gradient":""},"tablet":{"background-color":"var(--ast-global-color-5)","background-image":"","background-repeat":"repeat","background-position":"center center","background-size":"auto","background-attachment":"scroll","background-type":"","background-media":"","overlay-type":"","overlay-color":"","overlay-opacity":"","overlay-gradient":""},"mobile":{"background-color":"var(--ast-global-color-5)","background-image":"","background-repeat":"repeat","background-position":"center center","background-size":"auto","background-attachment":"scroll","background-type":"","background-media":"","overlay-type":"","overlay-color":"","overlay-opacity":"","overlay-gradient":""}}},"product_brand":[],"product_cat":[107],"product_tag":[],"class_list":{"0":"post-6742","1":"product","2":"type-product","3":"status-publish","4":"has-post-thumbnail","6":"product_cat-hurda-metal-kesme","7":"desktop-align-left","8":"tablet-align-left","9":"mobile-align-left","11":"first","12":"instock","13":"shipping-taxable","14":"product-type-simple"},"_links":{"self":[{"href":"https:\/\/www.unitetopbalermachine.com\/tr\/wp-json\/wp\/v2\/product\/6742","targetHints":{"allow":["GET"]}}],"collection":[{"href":"https:\/\/www.unitetopbalermachine.com\/tr\/wp-json\/wp\/v2\/product"}],"about":[{"href":"https:\/\/www.unitetopbalermachine.com\/tr\/wp-json\/wp\/v2\/types\/product"}],"wp:featuredmedia":[{"embeddable":true,"href":"https:\/\/www.unitetopbalermachine.com\/tr\/wp-json\/wp\/v2\/media\/6743"}],"wp:attachment":[{"href":"https:\/\/www.unitetopbalermachine.com\/tr\/wp-json\/wp\/v2\/media?parent=6742"}],"wp:term":[{"taxonomy":"product_brand","embeddable":true,"href":"https:\/\/www.unitetopbalermachine.com\/tr\/wp-json\/wp\/v2\/product_brand?post=6742"},{"taxonomy":"product_cat","embeddable":true,"href":"https:\/\/www.unitetopbalermachine.com\/tr\/wp-json\/wp\/v2\/product_cat?post=6742"},{"taxonomy":"product_tag","embeddable":true,"href":"https:\/\/www.unitetopbalermachine.com\/tr\/wp-json\/wp\/v2\/product_tag?post=6742"}],"curies":[{"name":"wp","href":"https:\/\/api.w.org\/{rel}","templated":true}]}}