{"id":6733,"date":"2024-05-13T15:54:43","date_gmt":"2024-05-13T15:54:43","guid":{"rendered":"https:\/\/www.unitetopbalermachine.com\/product\/satilik-ny-serisi-hidrolik-sicak-egirme-makinesi\/"},"modified":"2024-10-09T02:34:57","modified_gmt":"2024-10-09T02:34:57","slug":"satilik-ny-serisi-hidrolik-sicak-egirme-makinesi","status":"publish","type":"product","link":"https:\/\/www.unitetopbalermachine.com\/tr\/product\/satilik-ny-serisi-hidrolik-sicak-egirme-makinesi.html","title":{"rendered":"Sat\u0131l\u0131k NY Serisi Hidrolik S\u0131cak E\u011firme Makinesi"},"content":{"rendered":"<h2>S\u0131cak \u0130plik E\u011firme Makinas\u0131 Nedir?<\/h2>\n<p><img fetchpriority=\"high\" decoding=\"async\" class=\"wp-image-2269 alignright\" src=\"https:\/\/www.unitetopbalermachine.com\/wp-content\/uploads\/2024\/05\/maxresdefault-1-e1715614182546.jpg\" alt=\"S\u0131cak \u0130plik Makinas\u0131\" width=\"392\" height=\"221\" srcset=\"https:\/\/www.unitetopbalermachine.com\/wp-content\/uploads\/2024\/05\/maxresdefault-1-e1715614182546.jpg 1280w, https:\/\/www.unitetopbalermachine.com\/wp-content\/uploads\/2024\/05\/maxresdefault-1-e1715614182546-300x169.jpg 300w, https:\/\/www.unitetopbalermachine.com\/wp-content\/uploads\/2024\/05\/maxresdefault-1-e1715614182546-1024x576.jpg 1024w, https:\/\/www.unitetopbalermachine.com\/wp-content\/uploads\/2024\/05\/maxresdefault-1-e1715614182546-768x432.jpg 768w, https:\/\/www.unitetopbalermachine.com\/wp-content\/uploads\/2024\/05\/maxresdefault-1-e1715614182546-600x338.jpg 600w\" sizes=\"(max-width: 392px) 100vw, 392px\" \/><\/p>\n<p><strong>Hot spinning machine<\/strong> is a metalworking process that entails rotating a piece of metal on a lathe while applying intense heat from a torch to the workpiece. As the metal reaches a high temperature, it becomes malleable. At this point, shaping occurs as a specialized tool on the lathe presses against the heated surface, causing it to deform or distort as it rotates.<\/p>\n<p>This method allows for the creation of complex shapes and contours with precision. Additionally, parts can be smoothly transitioned or necked down to a smaller diameter with minimal force, resulting in a seamless finish at the transition point.<\/p>\n<h2>\u00c7al\u0131\u015fma Prensibi<\/h2>\n<div class=\"ast-oembed-container \" style=\"height: 100%;\"><iframe title=\"NY-180 Hydraulic steel cylinder hot spinning necking-in machine\" width=\"500\" height=\"281\" src=\"https:\/\/www.youtube.com\/embed\/8PQoklGcfYE?feature=oembed\" frameborder=\"0\" allow=\"accelerometer; autoplay; clipboard-write; encrypted-media; gyroscope; picture-in-picture; web-share\" referrerpolicy=\"strict-origin-when-cross-origin\" allowfullscreen><\/iframe><\/div>\n<ul>\n<li>Ana mil g\u00f6vdesine belirli \u00e7ap ve uzunlukta diki\u015fsiz borular yerle\u015ftirin.<\/li>\n<li>Boruyu s\u0131k\u0131\u015ft\u0131rmak ve h\u0131zla d\u00f6nd\u00fcrmek i\u00e7in hidrolik silindir arac\u0131l\u0131\u011f\u0131yla bas\u0131n\u00e7 uygulay\u0131n.<\/li>\n<li>Kafay\u0131 termoplastik s\u0131cakl\u0131\u011fa kadar \u0131s\u0131t\u0131n, ard\u0131ndan sal\u0131n\u0131m silindiri pistonunu hareket ettirerek kremayeri ileri do\u011fru itin ve di\u015flinin d\u00f6nmesini sa\u011flay\u0131n.<\/li>\n<li>Di\u015fli milinin d\u00f6nmesi nedeniyle, kapatma kal\u0131b\u0131 termoplastik \u00e7elik boruyu belirli bir \u015fekilli y\u00fczeye ekstr\u00fcde eder.<\/li>\n<\/ul>\n<h2>Ba\u015fvuru<\/h2>\n<p>K\u00fc\u00e7\u00fck ve orta boy yang\u0131n s\u00f6nd\u00fcrme t\u00fcpleri, \u00e7e\u015fitli bas\u0131n\u00e7l\u0131 kaplar, kazan toplama kutular\u0131 vb. gibi bas\u0131n\u00e7l\u0131 kaplar\u0131n seri \u00fcretimine uygundur.<\/p>\n<h2>S\u0131cak \u0130plik \u0130\u015flemine Hangi Malzemeler Uygundur?<\/h2>\n<p>S\u0131cak d\u00f6nd\u00fcrme esas olarak al\u00fcminyum, \u00e7elik ve ala\u015f\u0131mlarda kullan\u0131l\u0131r. Malzeme se\u00e7imi uygulamaya ve nihai \u00fcr\u00fcn\u00fcn istenen \u00f6zelliklerine ba\u011fl\u0131d\u0131r.<\/p>\n<h2 class=\"fl-icon-wrap\">\u00d6zellikler<\/h2>\n<table border=\"1\" cellspacing=\"0\">\n<tbody>\n<tr>\n<td valign=\"top\" width=\"85\">\u00d6rnek<\/td>\n<td valign=\"top\" width=\"127\">Mil H\u0131z\u0131 (dev\/dak)<\/td>\n<td valign=\"top\" width=\"130\">S\u0131k\u0131\u015ft\u0131rma silindiri (KN)<\/td>\n<td valign=\"top\" width=\"189\">Kapatma ve ta\u015flama silindiri (KN)<\/td>\n<td valign=\"top\" width=\"85\">G\u00fc\u00e7 (KW)<\/td>\n<\/tr>\n<tr>\n<td valign=\"top\" width=\"85\">NY-180<\/td>\n<td valign=\"top\" width=\"127\">350-400<\/td>\n<td valign=\"top\" width=\"130\">110<\/td>\n<td valign=\"top\" width=\"189\">60<\/td>\n<td valign=\"top\" width=\"85\">22<\/td>\n<\/tr>\n<tr>\n<td valign=\"top\" width=\"85\">NY-219<\/td>\n<td valign=\"top\" width=\"127\">350<\/td>\n<td valign=\"top\" width=\"130\">180<\/td>\n<td valign=\"top\" width=\"189\">60<\/td>\n<td valign=\"top\" width=\"85\">37<\/td>\n<\/tr>\n<tr>\n<td valign=\"top\" width=\"85\">NY-299<\/td>\n<td valign=\"top\" width=\"127\">320<\/td>\n<td valign=\"top\" width=\"130\">415<\/td>\n<td valign=\"top\" width=\"189\">76<\/td>\n<td valign=\"top\" width=\"85\">74<\/td>\n<\/tr>\n<\/tbody>\n<\/table>\n<p><img decoding=\"async\" class=\"size-full wp-image-2320 aligncenter\" src=\"https:\/\/www.unitetopbalermachine.com\/wp-content\/uploads\/2024\/05\/1-1.jpg\" alt=\"S\u0131cak \u0130plik E\u011firme Makineleri\" width=\"1440\" height=\"1080\" srcset=\"https:\/\/www.unitetopbalermachine.com\/wp-content\/uploads\/2024\/05\/1-1.jpg 1440w, https:\/\/www.unitetopbalermachine.com\/wp-content\/uploads\/2024\/05\/1-1-300x225.jpg 300w, https:\/\/www.unitetopbalermachine.com\/wp-content\/uploads\/2024\/05\/1-1-1024x768.jpg 1024w, https:\/\/www.unitetopbalermachine.com\/wp-content\/uploads\/2024\/05\/1-1-768x576.jpg 768w, https:\/\/www.unitetopbalermachine.com\/wp-content\/uploads\/2024\/05\/1-1-600x450.jpg 600w\" sizes=\"(max-width: 1440px) 100vw, 1440px\" \/> <img decoding=\"async\" class=\"size-full wp-image-2321 aligncenter\" src=\"https:\/\/www.unitetopbalermachine.com\/wp-content\/uploads\/2024\/05\/2.jpg\" alt=\"Sat\u0131l\u0131k S\u0131cak \u0130plik E\u011firme Makineleri\" width=\"1440\" height=\"1080\" srcset=\"https:\/\/www.unitetopbalermachine.com\/wp-content\/uploads\/2024\/05\/2.jpg 1440w, https:\/\/www.unitetopbalermachine.com\/wp-content\/uploads\/2024\/05\/2-300x225.jpg 300w, https:\/\/www.unitetopbalermachine.com\/wp-content\/uploads\/2024\/05\/2-1024x768.jpg 1024w, https:\/\/www.unitetopbalermachine.com\/wp-content\/uploads\/2024\/05\/2-768x576.jpg 768w, https:\/\/www.unitetopbalermachine.com\/wp-content\/uploads\/2024\/05\/2-600x450.jpg 600w\" sizes=\"(max-width: 1440px) 100vw, 1440px\" \/><\/p>\n","protected":false},"excerpt":{"rendered":"<ul>\n<li>NY Serisi s\u0131cak e\u011firme makinesi \u00fc\u00e7 farkl\u0131 spesifikasyona sahiptir: NY-180, NY-219 ve NY-299.<\/li>\n<li>Hidrolik s\u0131k\u0131\u015ft\u0131rma ve hidrolik d\u00f6n\u00fc\u015f fonksiyonlar\u0131 ile donat\u0131lm\u0131\u015ft\u0131r<\/li>\n<li>Benzersiz tasar\u0131m, \u00f6nc\u00fc teknoloji.<\/li>\n<li>S\u0131v\u0131 oksijen t\u00fcpleri, kazan kollekt\u00f6r borular\u0131 ve t\u00fcplerinin i\u015flenmesinde kullan\u0131l\u0131rd\u0131.<\/li>\n<li>\u00c7al\u0131\u015fma Modlar\u0131: Manuel ve yar\u0131 otomatik \u00e7al\u0131\u015fma modlar\u0131 mevcuttur.<\/li>\n<li>\u00d6zellikle yang\u0131n s\u00f6nd\u00fcrme cihaz\u0131 \u00fcreticileri i\u00e7in uygundur.<\/li>\n<\/ul>\n<h4>\u00c7elik \u015ei\u015felerin Boyutu<\/h4>\n<p>&nbsp;<\/p>\n<table border=\"1\" cellspacing=\"0\">\n<tbody>\n<tr>\n<td valign=\"top\" width=\"90\">\u00d6rnek<\/td>\n<td valign=\"top\" width=\"127\">\u00c7ap aral\u0131\u011f\u0131<\/td>\n<td valign=\"top\" width=\"130\">En k\u0131sa\uff08mm\uff09<\/td>\n<td valign=\"top\" width=\"130\">En uzun (mm)<\/td>\n<\/tr>\n<tr>\n<td valign=\"top\" width=\"90\">NY-180<\/td>\n<td valign=\"top\" width=\"127\">\u03c6120-180<\/td>\n<td valign=\"top\" width=\"130\">260-400<\/td>\n<td valign=\"top\" width=\"130\">1400<\/td>\n<\/tr>\n<tr>\n<td valign=\"top\" width=\"90\">NY-219<\/td>\n<td valign=\"top\" width=\"127\">\u03c6219<\/td>\n<td valign=\"top\" width=\"130\">400<\/td>\n<td valign=\"top\" width=\"130\">1900<\/td>\n<\/tr>\n<tr>\n<td valign=\"top\" width=\"90\">NY-299<\/td>\n<td valign=\"top\" width=\"127\">\u03c6299<\/td>\n<td valign=\"top\" width=\"130\">450<\/td>\n<td valign=\"top\" width=\"130\">2100<\/td>\n<\/tr>\n<\/tbody>\n<\/table>\n","protected":false},"featured_media":6734,"template":"","meta":{"site-sidebar-layout":"default","site-content-layout":"","ast-site-content-layout":"default","site-content-style":"default","site-sidebar-style":"default","ast-global-header-display":"","ast-banner-title-visibility":"","ast-main-header-display":"","ast-hfb-above-header-display":"","ast-hfb-below-header-display":"","ast-hfb-mobile-header-display":"","site-post-title":"","ast-breadcrumbs-content":"","ast-featured-img":"","footer-sml-layout":"","theme-transparent-header-meta":"default","adv-header-id-meta":"","stick-header-meta":"","header-above-stick-meta":"","header-main-stick-meta":"","header-below-stick-meta":"","astra-migrate-meta-layouts":"set","ast-page-background-enabled":"default","ast-page-background-meta":{"desktop":{"background-color":"var(--ast-global-color-4)","background-image":"","background-repeat":"repeat","background-position":"center center","background-size":"auto","background-attachment":"scroll","background-type":"","background-media":"","overlay-type":"","overlay-color":"","overlay-opacity":"","overlay-gradient":""},"tablet":{"background-color":"","background-image":"","background-repeat":"repeat","background-position":"center center","background-size":"auto","background-attachment":"scroll","background-type":"","background-media":"","overlay-type":"","overlay-color":"","overlay-opacity":"","overlay-gradient":""},"mobile":{"background-color":"","background-image":"","background-repeat":"repeat","background-position":"center center","background-size":"auto","background-attachment":"scroll","background-type":"","background-media":"","overlay-type":"","overlay-color":"","overlay-opacity":"","overlay-gradient":""}},"ast-content-background-meta":{"desktop":{"background-color":"var(--ast-global-color-5)","background-image":"","background-repeat":"repeat","background-position":"center center","background-size":"auto","background-attachment":"scroll","background-type":"","background-media":"","overlay-type":"","overlay-color":"","overlay-opacity":"","overlay-gradient":""},"tablet":{"background-color":"var(--ast-global-color-5)","background-image":"","background-repeat":"repeat","background-position":"center center","background-size":"auto","background-attachment":"scroll","background-type":"","background-media":"","overlay-type":"","overlay-color":"","overlay-opacity":"","overlay-gradient":""},"mobile":{"background-color":"var(--ast-global-color-5)","background-image":"","background-repeat":"repeat","background-position":"center center","background-size":"auto","background-attachment":"scroll","background-type":"","background-media":"","overlay-type":"","overlay-color":"","overlay-opacity":"","overlay-gradient":""}}},"product_brand":[],"product_cat":[108],"product_tag":[],"class_list":{"0":"post-6733","1":"product","2":"type-product","3":"status-publish","4":"has-post-thumbnail","6":"product_cat-siniflandirilmamis","7":"desktop-align-left","8":"tablet-align-left","9":"mobile-align-left","11":"first","12":"instock","13":"shipping-taxable","14":"product-type-simple"},"_links":{"self":[{"href":"https:\/\/www.unitetopbalermachine.com\/tr\/wp-json\/wp\/v2\/product\/6733","targetHints":{"allow":["GET"]}}],"collection":[{"href":"https:\/\/www.unitetopbalermachine.com\/tr\/wp-json\/wp\/v2\/product"}],"about":[{"href":"https:\/\/www.unitetopbalermachine.com\/tr\/wp-json\/wp\/v2\/types\/product"}],"wp:featuredmedia":[{"embeddable":true,"href":"https:\/\/www.unitetopbalermachine.com\/tr\/wp-json\/wp\/v2\/media\/6734"}],"wp:attachment":[{"href":"https:\/\/www.unitetopbalermachine.com\/tr\/wp-json\/wp\/v2\/media?parent=6733"}],"wp:term":[{"taxonomy":"product_brand","embeddable":true,"href":"https:\/\/www.unitetopbalermachine.com\/tr\/wp-json\/wp\/v2\/product_brand?post=6733"},{"taxonomy":"product_cat","embeddable":true,"href":"https:\/\/www.unitetopbalermachine.com\/tr\/wp-json\/wp\/v2\/product_cat?post=6733"},{"taxonomy":"product_tag","embeddable":true,"href":"https:\/\/www.unitetopbalermachine.com\/tr\/wp-json\/wp\/v2\/product_tag?post=6733"}],"curies":[{"name":"wp","href":"https:\/\/api.w.org\/{rel}","templated":true}]}}