{"id":6726,"date":"2024-05-06T11:58:33","date_gmt":"2024-05-06T11:58:33","guid":{"rendered":"https:\/\/www.unitetopbalermachine.com\/product\/q91y-serisi-agir-hizmet-tipi-hidrolik-gantry-kesme-makinesi\/"},"modified":"2025-03-10T02:15:13","modified_gmt":"2025-03-10T02:15:13","slug":"q91y-serisi-agir-hizmet-tipi-hidrolik-gantry-kesme-makinesi","status":"publish","type":"product","link":"https:\/\/www.unitetopbalermachine.com\/tr\/product\/q91y-serisi-agir-hizmet-tipi-hidrolik-gantry-kesme-makinesi.html","title":{"rendered":"Q91Y Serisi A\u011f\u0131r Hizmet Tipi Hidrolik Gantry Kesme Makinesi"},"content":{"rendered":"<h2>\u00dcr\u00fcn \u00d6zellikleri<\/h2>\n<table border=\"1\" cellspacing=\"0\">\n<tbody>\n<tr>\n<td valign=\"top\" width=\"103\">\n<p align=\"center\">\u00d6rnek<\/p>\n<\/td>\n<td valign=\"top\" width=\"122\">Maksimum Kesme Kuvveti (Ton)<\/td>\n<td valign=\"top\" width=\"158\">\n<p align=\"center\">Oda boyutu (mm)<\/p>\n<\/td>\n<td valign=\"top\" width=\"92\">B\u0131\u00e7ak Uzunlu\u011fu(mm)<\/td>\n<td valign=\"top\" width=\"112\">\n<p align=\"center\">Kapasite(T\/H)<\/p>\n<\/td>\n<td valign=\"top\" width=\"134\">K\u0131rpma Frekans\u0131\uff08kez\/dakika\uff09<\/td>\n<td valign=\"top\" width=\"66\">\n<p align=\"center\">G\u00fc\u00e7(Kw)<\/p>\n<\/td>\n<\/tr>\n<tr>\n<td valign=\"top\" width=\"103\">\n<p align=\"center\">Q91Y-2500<\/p>\n<\/td>\n<td valign=\"top\" width=\"122\">\n<p align=\"center\">250<\/p>\n<\/td>\n<td valign=\"top\" width=\"158\">\n<p align=\"center\">3000\u00d71200\u00d7900<\/p>\n<\/td>\n<td valign=\"top\" width=\"92\">\n<p align=\"center\">1200<\/p>\n<\/td>\n<td valign=\"top\" width=\"112\">\n<p align=\"center\">2-3T<\/p>\n<\/td>\n<td valign=\"top\" width=\"134\">\n<p align=\"center\">3-5<\/p>\n<\/td>\n<td valign=\"top\" width=\"66\">\n<p align=\"center\">2\u00d730<\/p>\n<\/td>\n<\/tr>\n<tr>\n<td valign=\"top\" width=\"103\">\n<p align=\"center\">Q91Y-3150<\/p>\n<\/td>\n<td valign=\"top\" width=\"122\">\n<p align=\"center\">315<\/p>\n<\/td>\n<td valign=\"top\" width=\"158\">\n<p align=\"center\">5000\u00d71400\u00d71200<\/p>\n<\/td>\n<td valign=\"top\" width=\"92\">\n<p align=\"center\">1400<\/p>\n<\/td>\n<td valign=\"top\" width=\"112\">\n<p align=\"center\">3-4T<\/p>\n<\/td>\n<td valign=\"top\" width=\"134\">\n<p align=\"center\">3-5<\/p>\n<\/td>\n<td valign=\"top\" width=\"66\">\n<p align=\"center\">45+22<\/p>\n<\/td>\n<\/tr>\n<tr>\n<td valign=\"top\" width=\"103\">\n<p align=\"center\">Q91Y-4000<\/p>\n<\/td>\n<td valign=\"top\" width=\"122\">\n<p align=\"center\">400<\/p>\n<\/td>\n<td valign=\"top\" width=\"158\">\n<p align=\"center\">6000\u00d71400\u00d71200<\/p>\n<\/td>\n<td valign=\"top\" width=\"92\">\n<p align=\"center\">1400<\/p>\n<\/td>\n<td valign=\"top\" width=\"112\">\n<p align=\"center\">5-6T<\/p>\n<\/td>\n<td valign=\"top\" width=\"134\">\n<p align=\"center\">3-5<\/p>\n<\/td>\n<td valign=\"top\" width=\"66\">\n<p align=\"center\">2\u00d745<\/p>\n<\/td>\n<\/tr>\n<tr>\n<td valign=\"top\" width=\"103\">\n<p align=\"center\">Q91Y-5000<\/p>\n<\/td>\n<td valign=\"top\" width=\"122\">\n<p align=\"center\">500<\/p>\n<\/td>\n<td valign=\"top\" width=\"158\">\n<p align=\"center\">6000\u00d71600\u00d7900<\/p>\n<\/td>\n<td valign=\"top\" width=\"92\">\n<p align=\"center\">1600<\/p>\n<\/td>\n<td valign=\"top\" width=\"112\">\n<p align=\"center\">6-8T<\/p>\n<\/td>\n<td valign=\"top\" width=\"134\">\n<p align=\"center\">3-5<\/p>\n<\/td>\n<td valign=\"top\" width=\"66\">\n<p align=\"center\">3\u00d745<\/p>\n<\/td>\n<\/tr>\n<tr>\n<td valign=\"top\" width=\"103\">\n<p align=\"center\">Q91Y-6300<\/p>\n<\/td>\n<td valign=\"top\" width=\"122\">\n<p align=\"center\">630<\/p>\n<\/td>\n<td valign=\"top\" width=\"158\">\n<p align=\"center\">8000\u00d71800\u00d71200<\/p>\n<\/td>\n<td valign=\"top\" width=\"92\">\n<p align=\"center\">1800<\/p>\n<\/td>\n<td valign=\"top\" width=\"112\">\n<p align=\"center\">12-15T<\/p>\n<\/td>\n<td valign=\"top\" width=\"134\">\n<p align=\"center\">3-5<\/p>\n<\/td>\n<td valign=\"top\" width=\"66\">\n<p align=\"center\">4\u00d745<\/p>\n<\/td>\n<\/tr>\n<tr>\n<td valign=\"top\" width=\"103\">\n<p align=\"center\">Q91Y-8000<\/p>\n<\/td>\n<td valign=\"top\" width=\"122\">\n<p align=\"center\">800<\/p>\n<\/td>\n<td valign=\"top\" width=\"158\">\n<p align=\"center\">8000\u00d71800\u00d71200<\/p>\n<\/td>\n<td valign=\"top\" width=\"92\">\n<p align=\"center\">1800<\/p>\n<\/td>\n<td valign=\"top\" width=\"112\">\n<p align=\"center\">16-18T<\/p>\n<\/td>\n<td valign=\"top\" width=\"134\">\n<p align=\"center\">3-5<\/p>\n<\/td>\n<td valign=\"top\" width=\"66\">\n<p align=\"center\">5\u00d745<\/p>\n<\/td>\n<\/tr>\n<tr>\n<td valign=\"top\" width=\"103\">\n<p align=\"center\">Q91Y-10000<\/p>\n<\/td>\n<td valign=\"top\" width=\"122\">\n<p align=\"center\">1000<\/p>\n<\/td>\n<td valign=\"top\" width=\"158\">\n<p align=\"center\">8000\u00d71800\u00d71200<\/p>\n<\/td>\n<td valign=\"top\" width=\"92\">\n<p align=\"center\">1800<\/p>\n<\/td>\n<td valign=\"top\" width=\"112\">\n<p align=\"center\">18-22T<\/p>\n<\/td>\n<td valign=\"top\" width=\"134\">\n<p align=\"center\">3-5<\/p>\n<\/td>\n<td valign=\"top\" width=\"66\">\n<p align=\"center\">6\u00d745<\/p>\n<\/td>\n<\/tr>\n<tr>\n<td valign=\"top\" width=\"103\">\n<p align=\"center\">Q91Y-12500<\/p>\n<\/td>\n<td valign=\"top\" width=\"122\">\n<p align=\"center\">1250<\/p>\n<\/td>\n<td valign=\"top\" width=\"158\">\n<p align=\"center\">10000\u00d72000\u00d71400<\/p>\n<\/td>\n<td valign=\"top\" width=\"92\">\n<p align=\"center\">2000<\/p>\n<\/td>\n<td valign=\"top\" width=\"112\">\n<p align=\"center\">20-25T<\/p>\n<\/td>\n<td valign=\"top\" width=\"134\">\n<p align=\"center\">3-5<\/p>\n<\/td>\n<td valign=\"top\" width=\"66\">\n<p align=\"center\">7\u00d745<\/p>\n<\/td>\n<\/tr>\n<\/tbody>\n<\/table>\n<h2>Kesim \u0130\u015flemi Videosu<\/h2>\n<div class=\"ast-oembed-container \" style=\"height: 100%;\"><iframe title=\"Q91Y heavy duty scrap metal shear machine\" width=\"500\" height=\"281\" src=\"https:\/\/www.youtube.com\/embed\/tC2AMSLZOd0?feature=oembed\" frameborder=\"0\" allow=\"accelerometer; autoplay; clipboard-write; encrypted-media; gyroscope; picture-in-picture; web-share\" referrerpolicy=\"strict-origin-when-cross-origin\" allowfullscreen><\/iframe><\/div>\n<h2>Uygulamalar<\/h2>\n<p>A\u011f\u0131r hizmet tipi gantry kesme makineleri, bir\u00e7ok end\u00fcstride verimli malzeme elle\u00e7leme ve i\u015fleme i\u00e7in hayati \u00f6neme sahiptir. Gantry kesme makinelerinin yayg\u0131n olarak kullan\u0131ld\u0131\u011f\u0131 ba\u015fl\u0131ca end\u00fcstriler \u015funlard\u0131r:<\/p>\n<ol>\n<li><strong>Hurda Metal Geri D\u00f6n\u00fc\u015f\u00fcm\u00fc<\/strong>: Gantry makas makineleri, b\u00fcy\u00fck hurda metal par\u00e7alar\u0131n\u0131 geri d\u00f6n\u00fc\u015f\u00fcm veya yeniden sat\u0131\u015f i\u00e7in kesmek ve haz\u0131rlamak amac\u0131yla kullan\u0131lan geri d\u00f6n\u00fc\u015f\u00fcm tesislerinde hayati \u00f6neme sahiptir.<\/li>\n<li><strong>Otomotiv<\/strong>: Eski ve kullan\u0131lamaz hale gelen ara\u00e7lar\u0131n s\u00f6k\u00fclmesinde, \u015fasi ve g\u00f6vde panelleri gibi metal par\u00e7alar\u0131n kesilerek geri d\u00f6n\u00fc\u015f\u00fcme kazand\u0131r\u0131lmas\u0131nda kullan\u0131l\u0131r.<\/li>\n<li><strong>\u0130n\u015faat ve Y\u0131k\u0131m<\/strong>: Metal kiri\u015fleri, borular\u0131 ve di\u011fer in\u015faat at\u0131klar\u0131n\u0131 keserek at\u0131k malzemelerin y\u00f6netilmesine yard\u0131mc\u0131 olur, geri d\u00f6n\u00fc\u015f\u00fcm\u00fc ve bertaraf\u0131n\u0131 kolayla\u015ft\u0131r\u0131r.<\/li>\n<li><strong>\u00dcretim: <\/strong> \u00dcretim sekt\u00f6rlerinde, \u00f6zellikle metal imalat\u0131n\u0131 i\u00e7eren sekt\u00f6rlerde, portal kesme makineleri fazla veya istenmeyen metal par\u00e7alar\u0131 kesmeye yard\u0131mc\u0131 olur.<\/li>\n<li><strong>Gemi Yap\u0131m\u0131 ve Onar\u0131m\u0131<\/strong>: Gemilerin in\u015fas\u0131 veya s\u00f6k\u00fcm\u00fc s\u0131ras\u0131nda kal\u0131n metal levhalar\u0131 ve kiri\u015fleri kesmede kullan\u0131l\u0131r.<\/li>\n<li><strong>Demiryolu End\u00fcstrisi<\/strong>: Demiryolu raylar\u0131n\u0131n bak\u0131m\u0131 ve devre d\u0131\u015f\u0131 b\u0131rak\u0131lmas\u0131 s\u0131ras\u0131nda raylar\u0131n ve di\u011fer metal par\u00e7alar\u0131n kesilmesinde kullan\u0131l\u0131r.<\/li>\n<\/ol>\n<h2>Kooperatif Tedarik\u00e7ileri<\/h2>\n<p><img fetchpriority=\"high\" decoding=\"async\" class=\"wp-image-1707 aligncenter\" src=\"https:\/\/www.unitetopbalermachine.com\/wp-content\/uploads\/2024\/05\/COOPERATIVE-SUPPLIERS-1024x256.jpg\" alt=\"KOOPERAT\u0130F TEDAR\u0130K\u00c7\u0130LER\" width=\"701\" height=\"175\" srcset=\"https:\/\/www.unitetopbalermachine.com\/wp-content\/uploads\/2024\/05\/COOPERATIVE-SUPPLIERS-1024x256.jpg 1024w, https:\/\/www.unitetopbalermachine.com\/wp-content\/uploads\/2024\/05\/COOPERATIVE-SUPPLIERS-600x150.jpg 600w, https:\/\/www.unitetopbalermachine.com\/wp-content\/uploads\/2024\/05\/COOPERATIVE-SUPPLIERS-300x75.jpg 300w, https:\/\/www.unitetopbalermachine.com\/wp-content\/uploads\/2024\/05\/COOPERATIVE-SUPPLIERS-768x192.jpg 768w, https:\/\/www.unitetopbalermachine.com\/wp-content\/uploads\/2024\/05\/COOPERATIVE-SUPPLIERS.jpg 1200w\" sizes=\"(max-width: 701px) 100vw, 701px\" \/><\/p>\n","protected":false},"excerpt":{"rendered":"<ul>\n<li>Gantry makaslar, kaynak stresini azaltmak i\u00e7in yapay ya\u015flanma ve tavlama i\u015flemine tabi tutulan sa\u011flam kaynakl\u0131 \u00e7elik plaka yap\u0131s\u0131na sahiptir ve y\u00fcksek hassasiyet ve stabilite sa\u011flar.<\/li>\n<li>Dayan\u0131kl\u0131 kesme aleti \u00e7eli\u011finden \u00fcretilen b\u0131\u00e7aklar, uzun kullan\u0131m \u00f6mr\u00fc ve dayan\u0131kl\u0131l\u0131k sunar.<\/li>\n<li>B\u0131\u00e7ak a\u00e7\u0131kl\u0131\u011f\u0131 ayarlanabilir oldu\u011fundan hem makinenin \u00e7al\u0131\u015fma hassasiyeti artar hem de b\u0131\u00e7a\u011f\u0131n \u00f6mr\u00fc uzar.<\/li>\n<li>Gantry kesme makinesinin malzeme kutusu kaynakl\u0131 yap\u0131sal \u00e7elikten yap\u0131lm\u0131\u015ft\u0131r ve \u00fcst\u00fcn a\u015f\u0131nma direnci i\u00e7in NM500 \u00e7elik levha ile kaplanm\u0131\u015ft\u0131r. \u00d6zel bir hidrolik sistem taraf\u0131ndan tahrik edilen bir itme kafas\u0131na sahiptir ve p\u00fcr\u00fczs\u00fcz, otomatik i\u015flevsellik ve g\u00fcvenilir a\u015f\u0131r\u0131 y\u00fck korumas\u0131 sunar.<\/li>\n<li>Makinenin hidrolik sistemi, \u00f6zel m\u00fclkiyet haklar\u0131yla benzersiz bir \u015fekilde tasarlanm\u0131\u015ft\u0131r. Kinetik enerji verimlili\u011fini art\u0131rmak i\u00e7in birincil kesme silindirinde diferansiyel bir devre i\u00e7erir ve g\u00fcvenilir performans i\u00e7in hidrolik ba\u011flant\u0131lar\u0131 ve sistem \u0131s\u0131nmas\u0131n\u0131 azaltan kompakt bir tasar\u0131ma sahiptir.<\/li>\n<li>Ya\u011f tank\u0131, hidrolik ya\u011f\u0131n \u0131s\u0131nmas\u0131n\u0131 etkili bir \u015fekilde en aza indirmek i\u00e7in ya\u011f d\u00f6n\u00fc\u015f ve emme portlar\u0131n\u0131 ay\u0131ran bir b\u00f6lme ile geni\u015f hacimli ve y\u00fcksek yap\u0131sal sa\u011flaml\u0131\u011fa sahip olacak \u015fekilde dikkatlice tasarlanm\u0131\u015ft\u0131r.<\/li>\n<\/ul>\n","protected":false},"featured_media":6727,"template":"","meta":{"site-sidebar-layout":"default","site-content-layout":"","ast-site-content-layout":"default","site-content-style":"default","site-sidebar-style":"default","ast-global-header-display":"","ast-banner-title-visibility":"","ast-main-header-display":"","ast-hfb-above-header-display":"","ast-hfb-below-header-display":"","ast-hfb-mobile-header-display":"","site-post-title":"","ast-breadcrumbs-content":"","ast-featured-img":"","footer-sml-layout":"","theme-transparent-header-meta":"default","adv-header-id-meta":"","stick-header-meta":"","header-above-stick-meta":"","header-main-stick-meta":"","header-below-stick-meta":"","astra-migrate-meta-layouts":"set","ast-page-background-enabled":"default","ast-page-background-meta":{"desktop":{"background-color":"var(--ast-global-color-4)","background-image":"","background-repeat":"repeat","background-position":"center center","background-size":"auto","background-attachment":"scroll","background-type":"","background-media":"","overlay-type":"","overlay-color":"","overlay-opacity":"","overlay-gradient":""},"tablet":{"background-color":"","background-image":"","background-repeat":"repeat","background-position":"center center","background-size":"auto","background-attachment":"scroll","background-type":"","background-media":"","overlay-type":"","overlay-color":"","overlay-opacity":"","overlay-gradient":""},"mobile":{"background-color":"","background-image":"","background-repeat":"repeat","background-position":"center center","background-size":"auto","background-attachment":"scroll","background-type":"","background-media":"","overlay-type":"","overlay-color":"","overlay-opacity":"","overlay-gradient":""}},"ast-content-background-meta":{"desktop":{"background-color":"var(--ast-global-color-5)","background-image":"","background-repeat":"repeat","background-position":"center center","background-size":"auto","background-attachment":"scroll","background-type":"","background-media":"","overlay-type":"","overlay-color":"","overlay-opacity":"","overlay-gradient":""},"tablet":{"background-color":"var(--ast-global-color-5)","background-image":"","background-repeat":"repeat","background-position":"center center","background-size":"auto","background-attachment":"scroll","background-type":"","background-media":"","overlay-type":"","overlay-color":"","overlay-opacity":"","overlay-gradient":""},"mobile":{"background-color":"var(--ast-global-color-5)","background-image":"","background-repeat":"repeat","background-position":"center center","background-size":"auto","background-attachment":"scroll","background-type":"","background-media":"","overlay-type":"","overlay-color":"","overlay-opacity":"","overlay-gradient":""}}},"product_brand":[],"product_cat":[107],"product_tag":[],"class_list":{"0":"post-6726","1":"product","2":"type-product","3":"status-publish","4":"has-post-thumbnail","6":"product_cat-hurda-metal-kesme","7":"desktop-align-left","8":"tablet-align-left","9":"mobile-align-left","11":"first","12":"instock","13":"shipping-taxable","14":"product-type-simple"},"_links":{"self":[{"href":"https:\/\/www.unitetopbalermachine.com\/tr\/wp-json\/wp\/v2\/product\/6726","targetHints":{"allow":["GET"]}}],"collection":[{"href":"https:\/\/www.unitetopbalermachine.com\/tr\/wp-json\/wp\/v2\/product"}],"about":[{"href":"https:\/\/www.unitetopbalermachine.com\/tr\/wp-json\/wp\/v2\/types\/product"}],"wp:featuredmedia":[{"embeddable":true,"href":"https:\/\/www.unitetopbalermachine.com\/tr\/wp-json\/wp\/v2\/media\/6727"}],"wp:attachment":[{"href":"https:\/\/www.unitetopbalermachine.com\/tr\/wp-json\/wp\/v2\/media?parent=6726"}],"wp:term":[{"taxonomy":"product_brand","embeddable":true,"href":"https:\/\/www.unitetopbalermachine.com\/tr\/wp-json\/wp\/v2\/product_brand?post=6726"},{"taxonomy":"product_cat","embeddable":true,"href":"https:\/\/www.unitetopbalermachine.com\/tr\/wp-json\/wp\/v2\/product_cat?post=6726"},{"taxonomy":"product_tag","embeddable":true,"href":"https:\/\/www.unitetopbalermachine.com\/tr\/wp-json\/wp\/v2\/product_tag?post=6726"}],"curies":[{"name":"wp","href":"https:\/\/api.w.org\/{rel}","templated":true}]}}