{"id":12765,"date":"2025-03-13T01:04:10","date_gmt":"2025-03-13T01:04:10","guid":{"rendered":"https:\/\/www.unitetopbalermachine.com\/product\/ws-serisi-otomatik-kontrollu-hidrolik-hurda-metal-konteyner-kesme-makinesi\/"},"modified":"2026-03-18T10:28:59","modified_gmt":"2026-03-18T10:28:59","slug":"ws-serisi-otomatik-kontrollu-hidrolik-hurda-metal-konteyner-kesme-makinesi","status":"publish","type":"product","link":"https:\/\/www.unitetopbalermachine.com\/tr\/ws-serisi-otomatik-kontrollu-hidrolik-hurda-metal-konteyner-kesme-makinesi.html","title":{"rendered":"WS Serisi Otomatik Kontroll\u00fc Hidrolik Hurda Metal Konteyner Kesme Makinesi"},"content":{"rendered":"<h2>\u00dcretim Detay\u0131<\/h2>\n<p>WS serisi hidrolik hurda metal konteyner kesme makinesi, metal geri d\u00f6n\u00fc\u015f\u00fcm sekt\u00f6r\u00fc i\u00e7in olduk\u00e7a faydal\u0131d\u0131r. Her \u00fclke \u015fu anda k\u0131t kaynaklar sorunuyla m\u00fccadele ediyor. Geri d\u00f6n\u00fc\u015f\u00fcme en iyi yakla\u015f\u0131m, hem sanayile\u015fmi\u015f hem de geli\u015fmekte olan \u00fclkelerde \u00f6nemli bir konudur. M\u00fc\u015fterilerimizin ihtiya\u00e7lar\u0131n\u0131 kar\u015f\u0131lamak i\u00e7in, hurda metallerini i\u015fleyebilmeleri i\u00e7in \u00e7e\u015fitli hidrolik hurda metal konteyner kesme makineleri tasarl\u0131yoruz.<\/p>\n<p>WS serisi hidrolik hurda metal konteyner makaslar\u0131, geri kazan\u0131m ve i\u015fleme, b\u00fcy\u00fck demir-\u00e7elik ve demir d\u0131\u015f\u0131 metal eritme end\u00fcstrileri i\u00e7in uygundur. Bu makaslar, yuvarlak, kare, kanall\u0131, a\u00e7\u0131l\u0131, I- ve levha \u00e7elik gibi \u00e7e\u015fitli metal \u015fekillerinin yan\u0131 s\u0131ra her t\u00fcrl\u00fc hurda metal yap\u0131y\u0131 ve so\u011fuk kesme hurda \u00e7eli\u011fini kesebilir, b\u00f6ylece paketleme, depolama ve ta\u015f\u0131ma i\u015flemlerini kolayla\u015ft\u0131r\u0131rken ayn\u0131 zamanda nitelikli \u015farj eritme i\u015flemine de olanak tan\u0131r.<\/p>\n<h3>\u00d6zellikler<\/h3>\n<ul>\n<li>WS serisi hidrolik hurda metal konteyner kesme makinesi hidrolik tahrik kullanmaktad\u0131r.<\/li>\n<li>Geleneksel mekanik kesme makinelerine k\u0131yasla, WS Serisi hidrolik hurda metal konteyner kesme makinemiz kompakt tasar\u0131m, hafif yap\u0131, d\u00fc\u015f\u00fck atalet, azalt\u0131lm\u0131\u015f g\u00fcr\u00fclt\u00fc ve sorunsuz \u00e7al\u0131\u015fma sunar.<\/li>\n<li>Kullan\u0131m\u0131 basit ve g\u00fcvenli olan WS serisi hidrolik hurda metal konteyner kesme makinesi, kesme b\u0131\u00e7a\u011f\u0131n\u0131n kolayca ayarlanmas\u0131n\u0131 sa\u011flar.<\/li>\n<li>WS serisi hidrolik hurda metal konteyner kesme makinas\u0131 uzun \u00f6m\u00fcrl\u00fc olup verimlili\u011fi artt\u0131r\u0131r.<\/li>\n<li>PLC otomatik kontrol\u00fcn kullan\u0131m\u0131 ve bak\u0131m\u0131 kolayd\u0131r.<\/li>\n<li>WS serimizdeki hidrolik hurda metal konteyner kesme makinesi \u00e7e\u015fitli metal tipleri i\u00e7in uygundur.<\/li>\n<\/ul>\n<h2>Uygulamalar<\/h2>\n<p><img fetchpriority=\"high\" decoding=\"async\" class=\"alignnone size-full wp-image-11466\" src=\"https:\/\/www.unitetopbalermachine.com\/wp-content\/uploads\/2025\/03\/Automatic-Control-Hydraulic-Scrap-Metal-Container-Shear-Machine-Applications.jpg\" alt=\"Otomatik Kontroll\u00fc Hidrolik Hurda Metal Konteyner Kesme Makinesi Uygulamalar\u0131\" width=\"1200\" height=\"205\" srcset=\"https:\/\/www.unitetopbalermachine.com\/wp-content\/uploads\/2025\/03\/Automatic-Control-Hydraulic-Scrap-Metal-Container-Shear-Machine-Applications.jpg 1200w, https:\/\/www.unitetopbalermachine.com\/wp-content\/uploads\/2025\/03\/Automatic-Control-Hydraulic-Scrap-Metal-Container-Shear-Machine-Applications-300x51.jpg 300w, https:\/\/www.unitetopbalermachine.com\/wp-content\/uploads\/2025\/03\/Automatic-Control-Hydraulic-Scrap-Metal-Container-Shear-Machine-Applications-1024x175.jpg 1024w, https:\/\/www.unitetopbalermachine.com\/wp-content\/uploads\/2025\/03\/Automatic-Control-Hydraulic-Scrap-Metal-Container-Shear-Machine-Applications-768x131.jpg 768w, https:\/\/www.unitetopbalermachine.com\/wp-content\/uploads\/2025\/03\/Automatic-Control-Hydraulic-Scrap-Metal-Container-Shear-Machine-Applications-600x103.jpg 600w\" sizes=\"(max-width: 1200px) 100vw, 1200px\" \/><\/p>\n<h2>Teknik Parametre<\/h2>\n<table>\n<tbody>\n<tr>\n<td><strong>\u00d6rnek<\/strong><\/td>\n<td><strong>Maksimum Kesme Kuvveti \uff08Ton\uff09<\/strong><\/td>\n<td><strong>B\u0131\u00e7ak Uzunlu\u011fu \uff08mm\uff09<\/strong><\/td>\n<td><strong>Kesme Y\u00fcksekli\u011fi\uff08mm\uff09<\/strong><\/td>\n<td><strong>Kesme Frekans\u0131 \uff08kez\/dakika\uff09<\/strong><\/td>\n<td><strong>G\u00fc\u00e7<\/strong><strong>\uff08kilovat\uff09<\/strong><\/td>\n<\/tr>\n<tr>\n<td>WS-630<\/td>\n<td>630<\/td>\n<td>1400<\/td>\n<td>420\/300<\/td>\n<td>8-10<\/td>\n<td>110<\/td>\n<\/tr>\n<tr>\n<td>WS-800<\/td>\n<td>800<\/td>\n<td>1600<\/td>\n<td>420\/300<\/td>\n<td>12-18<\/td>\n<td>150<\/td>\n<\/tr>\n<tr>\n<td>WS-1000<\/td>\n<td>1000<\/td>\n<td>1600\/2100<\/td>\n<td>420\/500<\/td>\n<td>15-25<\/td>\n<td>275<\/td>\n<\/tr>\n<\/tbody>\n<\/table>\n<h2>Kooperatif Tedarik\u00e7ileri<\/h2>\n<p><img decoding=\"async\" class=\"size-full wp-image-11297 aligncenter\" src=\"https:\/\/www.unitetopbalermachine.com\/wp-content\/uploads\/2025\/03\/Cooperative-Suppliers.jpg\" alt=\"Kooperatif Tedarik\u00e7ileri\" width=\"900\" height=\"422\" srcset=\"https:\/\/www.unitetopbalermachine.com\/wp-content\/uploads\/2025\/03\/Cooperative-Suppliers.jpg 900w, https:\/\/www.unitetopbalermachine.com\/wp-content\/uploads\/2025\/03\/Cooperative-Suppliers-300x141.jpg 300w, https:\/\/www.unitetopbalermachine.com\/wp-content\/uploads\/2025\/03\/Cooperative-Suppliers-768x360.jpg 768w, https:\/\/www.unitetopbalermachine.com\/wp-content\/uploads\/2025\/03\/Cooperative-Suppliers-600x281.jpg 600w\" sizes=\"(max-width: 900px) 100vw, 900px\" \/><\/p>\n<h2>WS Serisi Hidrolik Hurda Metal Konteyner Kesme Balya Makinesini Hareket Halinde \u0130zleyin!<\/h2>\n<div class=\"ast-oembed-container \" style=\"height: 100%;\"><iframe title=\"Chinese Manufacture Automatic Control WS Series Hydraulic Scrap Metal Container Shear Machine\" width=\"500\" height=\"281\" src=\"https:\/\/www.youtube.com\/embed\/QnC-QROUEIU?feature=oembed\" frameborder=\"0\" allow=\"accelerometer; autoplay; clipboard-write; encrypted-media; gyroscope; picture-in-picture; web-share\" referrerpolicy=\"strict-origin-when-cross-origin\" allowfullscreen><\/iframe><\/div>\n","protected":false},"excerpt":{"rendered":"<p>25 y\u0131l\u0131 a\u015fk\u0131n \u00fcretim tecr\u00fcbemizle 3.000&#8217;den fazla \u00f6zelle\u015ftirilmi\u015f hurda metal geri d\u00f6n\u00fc\u015f\u00fcm \u00e7\u00f6z\u00fcm\u00fc sunduk.<\/p>\n<table>\n<tbody>\n<tr>\n<td>Men\u015fe Yeri<\/td>\n<td>JIANGYIN, CHINA<\/td>\n<\/tr>\n<tr>\n<td>Model<\/td>\n<td>WS-630<\/td>\n<\/tr>\n<tr>\n<td>Maksimum Kesme Kuvveti<\/td>\n<td>630 Ton<\/td>\n<\/tr>\n<tr>\n<td>B\u0131\u00e7ak Uzunlu\u011fu<\/td>\n<td>1400mm<\/td>\n<\/tr>\n<tr>\n<td>Motor<\/td>\n<td>110kw<\/td>\n<\/tr>\n<tr>\n<td>Renk<\/td>\n<td>Gelenek<\/td>\n<\/tr>\n<tr>\n<td>Operasyon<\/td>\n<td>Otomatik Kontrol<\/td>\n<\/tr>\n<\/tbody>\n<\/table>\n","protected":false},"featured_media":11488,"template":"","meta":{"site-sidebar-layout":"default","site-content-layout":"","ast-site-content-layout":"default","site-content-style":"default","site-sidebar-style":"default","ast-global-header-display":"","ast-banner-title-visibility":"","ast-main-header-display":"","ast-hfb-above-header-display":"","ast-hfb-below-header-display":"","ast-hfb-mobile-header-display":"","site-post-title":"","ast-breadcrumbs-content":"","ast-featured-img":"","footer-sml-layout":"","theme-transparent-header-meta":"default","adv-header-id-meta":"","stick-header-meta":"","header-above-stick-meta":"","header-main-stick-meta":"","header-below-stick-meta":"","astra-migrate-meta-layouts":"set","ast-page-background-enabled":"default","ast-page-background-meta":{"desktop":{"background-color":"var(--ast-global-color-4)","background-image":"","background-repeat":"repeat","background-position":"center center","background-size":"auto","background-attachment":"scroll","background-type":"","background-media":"","overlay-type":"","overlay-color":"","overlay-opacity":"","overlay-gradient":""},"tablet":{"background-color":"","background-image":"","background-repeat":"repeat","background-position":"center center","background-size":"auto","background-attachment":"scroll","background-type":"","background-media":"","overlay-type":"","overlay-color":"","overlay-opacity":"","overlay-gradient":""},"mobile":{"background-color":"","background-image":"","background-repeat":"repeat","background-position":"center center","background-size":"auto","background-attachment":"scroll","background-type":"","background-media":"","overlay-type":"","overlay-color":"","overlay-opacity":"","overlay-gradient":""}},"ast-content-background-meta":{"desktop":{"background-color":"var(--ast-global-color-5)","background-image":"","background-repeat":"repeat","background-position":"center center","background-size":"auto","background-attachment":"scroll","background-type":"","background-media":"","overlay-type":"","overlay-color":"","overlay-opacity":"","overlay-gradient":""},"tablet":{"background-color":"var(--ast-global-color-5)","background-image":"","background-repeat":"repeat","background-position":"center center","background-size":"auto","background-attachment":"scroll","background-type":"","background-media":"","overlay-type":"","overlay-color":"","overlay-opacity":"","overlay-gradient":""},"mobile":{"background-color":"var(--ast-global-color-5)","background-image":"","background-repeat":"repeat","background-position":"center center","background-size":"auto","background-attachment":"scroll","background-type":"","background-media":"","overlay-type":"","overlay-color":"","overlay-opacity":"","overlay-gradient":""}}},"product_brand":[],"product_cat":[107],"product_tag":[],"class_list":{"0":"post-12765","1":"product","2":"type-product","3":"status-publish","4":"has-post-thumbnail","6":"product_cat-hurda-metal-kesme","7":"desktop-align-left","8":"tablet-align-left","9":"mobile-align-left","11":"first","12":"instock","13":"shipping-taxable","14":"product-type-simple"},"_links":{"self":[{"href":"https:\/\/www.unitetopbalermachine.com\/tr\/wp-json\/wp\/v2\/product\/12765","targetHints":{"allow":["GET"]}}],"collection":[{"href":"https:\/\/www.unitetopbalermachine.com\/tr\/wp-json\/wp\/v2\/product"}],"about":[{"href":"https:\/\/www.unitetopbalermachine.com\/tr\/wp-json\/wp\/v2\/types\/product"}],"wp:featuredmedia":[{"embeddable":true,"href":"https:\/\/www.unitetopbalermachine.com\/tr\/wp-json\/wp\/v2\/media\/11488"}],"wp:attachment":[{"href":"https:\/\/www.unitetopbalermachine.com\/tr\/wp-json\/wp\/v2\/media?parent=12765"}],"wp:term":[{"taxonomy":"product_brand","embeddable":true,"href":"https:\/\/www.unitetopbalermachine.com\/tr\/wp-json\/wp\/v2\/product_brand?post=12765"},{"taxonomy":"product_cat","embeddable":true,"href":"https:\/\/www.unitetopbalermachine.com\/tr\/wp-json\/wp\/v2\/product_cat?post=12765"},{"taxonomy":"product_tag","embeddable":true,"href":"https:\/\/www.unitetopbalermachine.com\/tr\/wp-json\/wp\/v2\/product_tag?post=12765"}],"curies":[{"name":"wp","href":"https:\/\/api.w.org\/{rel}","templated":true}]}}