{"id":12740,"date":"2025-03-13T01:06:24","date_gmt":"2025-03-13T01:06:24","guid":{"rendered":"https:\/\/www.unitetopbalermachine.com\/product\/agir-hizmet-tipi-hidrolik-hurda-balyalama-kesme-makinesi-hbs\/"},"modified":"2025-07-28T02:17:02","modified_gmt":"2025-07-28T02:17:02","slug":"agir-hizmet-tipi-hidrolik-hurda-balyalama-kesme-makinesi-hbs","status":"publish","type":"product","link":"https:\/\/www.unitetopbalermachine.com\/tr\/agir-hizmet-tipi-hidrolik-hurda-balyalama-kesme-makinesi.html","title":{"rendered":"A\u011f\u0131r Hizmet Tipi Hidrolik Hurda Balyalama Kesme Makinesi"},"content":{"rendered":"<h2>\u00dcr\u00fcn A\u00e7\u0131klamas\u0131<\/h2>\n<p>Bu hidrolik hurda kesme makinesi, farkl\u0131 hurda malzeme t\u00fcrlerinin i\u015flenmesi i\u00e7in idealdir ve bu da onu metal geri d\u00f6n\u00fc\u015f\u00fcm tesisleri, \u00e7elik fabrikalar\u0131 ve end\u00fcstriyel hurda sahalar\u0131 i\u00e7in vazge\u00e7ilmez bir makine haline getirir.<\/p>\n<p>Makine, pres kapa\u011f\u0131, kanat ve besleme iticisi yard\u0131m\u0131yla metal par\u00e7alar\u0131 iki veya \u00fc\u00e7 boyutlu olarak presleyerek, daha sonra bunlar\u0131 y\u00f6netilebilir boyutlara keserek veya k\u0131rarak \u00e7al\u0131\u015f\u0131r.<\/p>\n<h3>Temel Yetenekler:<\/h3>\n<p><strong>\u00d6n S\u0131k\u0131\u015ft\u0131rma ve Hurda Kesme<\/strong><br \/>\nHacimli hurda malzemeler kesilmeden \u00f6nce etkili bir \u015fekilde s\u0131k\u0131\u015ft\u0131r\u0131l\u0131r, b\u00f6ylece i\u015fleme verimlili\u011fi en \u00fcst d\u00fczeye \u00e7\u0131kar\u0131l\u0131r ve malzeme hacmi azalt\u0131larak daha kolay elle\u00e7leme ve nakliye sa\u011flan\u0131r.<\/p>\n<p><strong>Kesilmi\u015f \u00c7ubuklar ve Profiller<\/strong><br \/>\nMetal \u00e7ubuklar, kiri\u015fler ve yap\u0131sal profiller, daha fazla geri d\u00f6n\u00fc\u015f\u00fcm veya yeniden kullan\u0131m i\u00e7in temiz ve do\u011fru kesimler sa\u011flayarak, d\u00fczg\u00fcn uzunluklarda hassas bir \u015fekilde kesilir.<\/p>\n<p><strong>Paket Hafif Hurda<\/strong><br \/>\nHafif hurda malzemeler, depolama ve lojistik verimlili\u011fini art\u0131rmak i\u00e7in s\u0131k\u0131\u015ft\u0131r\u0131l\u0131r, hurda yo\u011funlu\u011fu art\u0131r\u0131larak nakliye daha uygun maliyetli hale getirilir.<\/p>\n<p><strong>Araba G\u00f6vdelerini S\u0131k\u0131\u015ft\u0131r\u0131n ve Kesin<\/strong><br \/>\nB\u00fcy\u00fck otomotiv hurdalar\u0131 verimli bir \u015fekilde s\u0131k\u0131\u015ft\u0131r\u0131l\u0131p kesilerek, ara\u00e7 yap\u0131lar\u0131 daha k\u00fc\u00e7\u00fck ve y\u00f6netilebilir par\u00e7alara indirgenerek geri d\u00f6n\u00fc\u015f\u00fcm s\u00fcreci kolayla\u015ft\u0131r\u0131l\u0131yor.<\/p>\n<h2>Teknik \u00d6zellikler<\/h2>\n<table>\n<tbody>\n<tr>\n<td rowspan=\"2\" width=\"13.1800%\">\u00d6rnek<\/td>\n<td width=\"14.9200%\">Maksimum Kesme Kuvveti<\/td>\n<td width=\"13.0800%\">Yem A\u00e7\u0131l\u0131\u015f\u0131<\/td>\n<td width=\"10.5600%\">Balya Boyutu<\/td>\n<td width=\"10.1800%\">B\u0131\u00e7ak Uzunlu\u011fu<\/td>\n<td width=\"12.8800%\">\u00dcretim Oran\u0131<\/td>\n<td width=\"14.3000%\">Kesme Frekans\u0131<\/td>\n<td width=\"10.8000%\">Ana Motor<\/td>\n<\/tr>\n<tr>\n<td width=\"14.9200%\">(ton)<\/td>\n<td width=\"13.0800%\">(mm)<\/td>\n<td width=\"10.5600%\">(mm)<\/td>\n<td width=\"10.1800%\">(mm)<\/td>\n<td width=\"12.8800%\">(ton\/saat)<\/td>\n<td width=\"14.3000%\">(defa\/dakika)<\/td>\n<td width=\"10.8000%\">(kW)<\/td>\n<\/tr>\n<tr>\n<td width=\"13.1800%\">LT-HBS-500<\/td>\n<td width=\"14.9200%\">500<\/td>\n<td width=\"13.0800%\">4800\u00d72240<\/td>\n<td width=\"10.5600%\">650\u00d7550<\/td>\n<td width=\"10.1800%\">750<\/td>\n<td width=\"12.8800%\">5.5-15<\/td>\n<td rowspan=\"2\" width=\"14.3000%\">3-4<\/td>\n<td width=\"10.8000%\">(2+1)\u00d790<\/td>\n<\/tr>\n<tr>\n<td width=\"13.1800%\">LT-HBS-630<\/td>\n<td width=\"14.9200%\">600<\/td>\n<td width=\"13.0800%\">6000\u00d72500<\/td>\n<td width=\"10.5600%\">720\u00d7650<\/td>\n<td width=\"10.1800%\">880<\/td>\n<td width=\"12.8800%\">8.0-22.0<\/td>\n<td width=\"10.8000%\">(3+1)\u00d790<\/td>\n<\/tr>\n<\/tbody>\n<\/table>\n","protected":false},"excerpt":{"rendered":"<p>A\u011f\u0131r Hizmet Tipi Hidrolik Hurda Balyalama Makas Makinemiz, g\u00fc\u00e7l\u00fc \u00f6n s\u0131k\u0131\u015ft\u0131rma ve kesme mekanizmalar\u0131 sayesinde \u00e7e\u015fitli metal hurdalar\u0131n\u0131n i\u015flenmesinde y\u00fcksek verimlilik sa\u011flar.<\/p>\n<p>\u00c7ubuklardan ve profillerden ara\u00e7 g\u00f6vdelerine kadar \u00e7e\u015fitli malzemeleri etkili bir \u015fekilde i\u015fleyerek hassas ve tutarl\u0131 bir kesme i\u015flemi sa\u011flar. Sa\u011flam hidrolik sistem, g\u00fc\u00e7l\u00fc kesme kuvveti sa\u011flayarak h\u0131zl\u0131 ve g\u00fcvenilir bir \u00e7al\u0131\u015fma sa\u011flarken, malzeme hacmini azaltarak daha kolay kullan\u0131m sa\u011flar.<\/p>\n<p>Otomatik kontrolleri ve dayan\u0131kl\u0131 yap\u0131s\u0131yla, zorlu hurda geri d\u00f6n\u00fc\u015f\u00fcm uygulamalar\u0131nda verimlili\u011fi art\u0131r\u0131r ve uzun vadeli performans sa\u011flar.<\/p>\n<ul>\n<li>G\u00fc\u00e7l\u00fc Hidrolik Kesme Kuvveti<\/li>\n<li>A\u011f\u0131r Hizmet Tipi Dayan\u0131kl\u0131 Yap\u0131<\/li>\n<li>\u00c7ok Y\u00f6nl\u00fc Hurda Malzeme Ta\u015f\u0131ma<\/li>\n<li>Saatte 5,5 ila 22 ton aras\u0131 \u00fcretim verimlili\u011fi<\/li>\n<\/ul>\n","protected":false},"featured_media":11148,"template":"","meta":{"site-sidebar-layout":"default","site-content-layout":"","ast-site-content-layout":"default","site-content-style":"default","site-sidebar-style":"default","ast-global-header-display":"","ast-banner-title-visibility":"","ast-main-header-display":"","ast-hfb-above-header-display":"","ast-hfb-below-header-display":"","ast-hfb-mobile-header-display":"","site-post-title":"","ast-breadcrumbs-content":"","ast-featured-img":"","footer-sml-layout":"","theme-transparent-header-meta":"default","adv-header-id-meta":"","stick-header-meta":"","header-above-stick-meta":"","header-main-stick-meta":"","header-below-stick-meta":"","astra-migrate-meta-layouts":"set","ast-page-background-enabled":"default","ast-page-background-meta":{"desktop":{"background-color":"var(--ast-global-color-4)","background-image":"","background-repeat":"repeat","background-position":"center center","background-size":"auto","background-attachment":"scroll","background-type":"","background-media":"","overlay-type":"","overlay-color":"","overlay-opacity":"","overlay-gradient":""},"tablet":{"background-color":"","background-image":"","background-repeat":"repeat","background-position":"center center","background-size":"auto","background-attachment":"scroll","background-type":"","background-media":"","overlay-type":"","overlay-color":"","overlay-opacity":"","overlay-gradient":""},"mobile":{"background-color":"","background-image":"","background-repeat":"repeat","background-position":"center center","background-size":"auto","background-attachment":"scroll","background-type":"","background-media":"","overlay-type":"","overlay-color":"","overlay-opacity":"","overlay-gradient":""}},"ast-content-background-meta":{"desktop":{"background-color":"var(--ast-global-color-5)","background-image":"","background-repeat":"repeat","background-position":"center center","background-size":"auto","background-attachment":"scroll","background-type":"","background-media":"","overlay-type":"","overlay-color":"","overlay-opacity":"","overlay-gradient":""},"tablet":{"background-color":"var(--ast-global-color-5)","background-image":"","background-repeat":"repeat","background-position":"center center","background-size":"auto","background-attachment":"scroll","background-type":"","background-media":"","overlay-type":"","overlay-color":"","overlay-opacity":"","overlay-gradient":""},"mobile":{"background-color":"var(--ast-global-color-5)","background-image":"","background-repeat":"repeat","background-position":"center center","background-size":"auto","background-attachment":"scroll","background-type":"","background-media":"","overlay-type":"","overlay-color":"","overlay-opacity":"","overlay-gradient":""}}},"product_brand":[],"product_cat":[107],"product_tag":[],"class_list":{"0":"post-12740","1":"product","2":"type-product","3":"status-publish","4":"has-post-thumbnail","6":"product_cat-hurda-metal-kesme","7":"desktop-align-left","8":"tablet-align-left","9":"mobile-align-left","11":"first","12":"instock","13":"shipping-taxable","14":"product-type-simple"},"_links":{"self":[{"href":"https:\/\/www.unitetopbalermachine.com\/tr\/wp-json\/wp\/v2\/product\/12740","targetHints":{"allow":["GET"]}}],"collection":[{"href":"https:\/\/www.unitetopbalermachine.com\/tr\/wp-json\/wp\/v2\/product"}],"about":[{"href":"https:\/\/www.unitetopbalermachine.com\/tr\/wp-json\/wp\/v2\/types\/product"}],"wp:featuredmedia":[{"embeddable":true,"href":"https:\/\/www.unitetopbalermachine.com\/tr\/wp-json\/wp\/v2\/media\/11148"}],"wp:attachment":[{"href":"https:\/\/www.unitetopbalermachine.com\/tr\/wp-json\/wp\/v2\/media?parent=12740"}],"wp:term":[{"taxonomy":"product_brand","embeddable":true,"href":"https:\/\/www.unitetopbalermachine.com\/tr\/wp-json\/wp\/v2\/product_brand?post=12740"},{"taxonomy":"product_cat","embeddable":true,"href":"https:\/\/www.unitetopbalermachine.com\/tr\/wp-json\/wp\/v2\/product_cat?post=12740"},{"taxonomy":"product_tag","embeddable":true,"href":"https:\/\/www.unitetopbalermachine.com\/tr\/wp-json\/wp\/v2\/product_tag?post=12740"}],"curies":[{"name":"wp","href":"https:\/\/api.w.org\/{rel}","templated":true}]}}