{"id":12736,"date":"2025-04-09T02:45:48","date_gmt":"2025-04-09T02:45:48","guid":{"rendered":"https:\/\/www.unitetopbalermachine.com\/product\/y81m-serisi-otomatik-kontrollu-mobil-hidrolik-hurda-metal-balyalama-makinesi\/"},"modified":"2025-07-25T12:37:28","modified_gmt":"2025-07-25T12:37:28","slug":"y81m-serisi-otomatik-kontrollu-mobil-hidrolik-hurda-metal-balyalama-makinesi","status":"publish","type":"product","link":"https:\/\/www.unitetopbalermachine.com\/tr\/y81m-serisi-otomatik-kontrollu-mobil-hidrolik-hurda-metal-balyalama-makinesi.html","title":{"rendered":"Y81M Serisi Otomatik Kontroll\u00fc Mobil Hidrolik Hurda Metal Balyalama Makinesi"},"content":{"rendered":"<h2>\u00dcr\u00fcn Genel Bak\u0131\u015f\u0131<\/h2>\n<p>Yeni nesil mobil balya makineleri, mobil ta\u015f\u0131y\u0131c\u0131 olarak yar\u0131 r\u00f6mork kullan\u0131yor ve y\u00fcksek performansl\u0131 teleskopik ana silindir sistemiyle donat\u0131larak, geleneksel sabit operasyonlar\u0131n s\u0131n\u0131rlamalar\u0131n\u0131 ortadan kald\u0131r\u0131yor ve verimli balyalama yeteneklerini esnek hareket kabiliyetiyle m\u00fckemmel bir \u015fekilde birle\u015ftiriyor!<\/p>\n<p>At\u0131k geri d\u00f6n\u00fc\u015f\u00fcm\u00fc, end\u00fcstriyel at\u0131k s\u0131k\u0131\u015ft\u0131rma veya metal balyalama ihtiya\u00e7lar\u0131n\u0131z olsun, istedi\u011finiz zaman, istedi\u011finiz yerde i\u015flemlerinizi ger\u00e7ekle\u015ftirmek i\u00e7in tek bir cihaza ihtiyac\u0131n\u0131z var; zamandan, emekten ve maliyetten tasarruf edin!<\/p>\n<h2>Temel Avantajlar<\/h2>\n<p><img fetchpriority=\"high\" decoding=\"async\" class=\"size-full wp-image-11955 aligncenter\" src=\"https:\/\/www.unitetopbalermachine.com\/wp-content\/uploads\/2025\/04\/Y81M-Mobile-Hydraulic-Scrap-Metal-Baler-1.jpg\" alt=\"Y81M Mobil Hidrolik Hurda Metal Balya Makinesi\" width=\"1200\" height=\"526\" srcset=\"https:\/\/www.unitetopbalermachine.com\/wp-content\/uploads\/2025\/04\/Y81M-Mobile-Hydraulic-Scrap-Metal-Baler-1.jpg 1200w, https:\/\/www.unitetopbalermachine.com\/wp-content\/uploads\/2025\/04\/Y81M-Mobile-Hydraulic-Scrap-Metal-Baler-1-300x132.jpg 300w, https:\/\/www.unitetopbalermachine.com\/wp-content\/uploads\/2025\/04\/Y81M-Mobile-Hydraulic-Scrap-Metal-Baler-1-1024x449.jpg 1024w, https:\/\/www.unitetopbalermachine.com\/wp-content\/uploads\/2025\/04\/Y81M-Mobile-Hydraulic-Scrap-Metal-Baler-1-768x337.jpg 768w, https:\/\/www.unitetopbalermachine.com\/wp-content\/uploads\/2025\/04\/Y81M-Mobile-Hydraulic-Scrap-Metal-Baler-1-600x263.jpg 600w\" sizes=\"(max-width: 1200px) 100vw, 1200px\" \/><\/p>\n<p><strong>Mobil Operasyon, Kapsaml\u0131 Kapsama<\/strong><\/p>\n<ul>\n<li>Yar\u0131 r\u00f6mork \u015fasi tasar\u0131m\u0131na sahip olan bu makine, karayolu ta\u015f\u0131mac\u0131l\u0131\u011f\u0131 standartlar\u0131na uygun olup, h\u0131zl\u0131 transfer imk\u00e2n\u0131 sa\u011fl\u0131yor ve sabit bir alana ihtiya\u00e7 duymuyor.<\/li>\n<li>\u00dclke \u00e7ap\u0131nda operasyonel kapsama alan\u0131 sa\u011flar, in\u015faat sahas\u0131 hurda metal i\u015fleme ve metal i\u015fleme tesisleri i\u00e7in mobil hizmetler i\u00e7in idealdir.<\/li>\n<\/ul>\n<p><strong>G\u00fc\u00e7l\u00fc Teleskopik Ana Silindir<\/strong><\/p>\n<ul>\n<li>Y\u00fcksek hassasiyetli teleskopik hidrolik silindir ile donat\u0131lm\u0131\u015f olan bu \u00fcr\u00fcn, y\u00fcksek itme kuvveti ve uzun bir strok sa\u011flar. S\u0131k\u0131\u015ft\u0131rma verimlili\u011fi %30 art\u0131r\u0131larak y\u00fcksek yo\u011funluklu paketleme taleplerinin zahmetsizce kar\u015f\u0131lanmas\u0131na olanak tan\u0131r.<\/li>\n<li>Ak\u0131ll\u0131 hidrolik sistem, istikrarl\u0131 ve kontrol edilebilir bas\u0131nc\u0131 koruyarak, ambalaj\u0131n s\u00fcrekli kompaktl\u0131\u011f\u0131n\u0131 sa\u011flar ve gev\u015fek malzeme riskini azalt\u0131r.<\/li>\n<\/ul>\n<p><strong>Mod\u00fcler Tasar\u0131m, Esnek Uyarlama<\/strong><\/p>\n<ul>\n<li>\u00dcst balyalama mod\u00fcl\u00fc \u00f6zelle\u015ftirilebilir olup, talep \u00fczerine bas\u0131n\u00e7 tonaj\u0131 konfig\u00fcrasyonuna (50-5000 ton) olanak sa\u011flar.<\/li>\n<li>A\u00e7\u0131k yap\u0131 tasar\u0131m\u0131 kolay bak\u0131m imk\u00e2n\u0131 sa\u011flarken, ana bile\u015fenleri a\u015f\u0131nmaya ve darbeye dayan\u0131kl\u0131d\u0131r, bu da hizmet \u00f6mr\u00fcn\u00fc %50 oran\u0131nda uzat\u0131r.<\/li>\n<\/ul>\n<p><strong>Ak\u0131ll\u0131 Kontrol, G\u00fcvenli ve Verimli<\/strong><\/p>\n<ul>\n<li>Sistem, basit, sezgisel ve uzaktan izleme ve ar\u0131za te\u015fhisini destekleyen tek tu\u015flu elektronik kontrol aray\u00fcz\u00fcne sahiptir.<\/li>\n<li>Hidrolik a\u015f\u0131r\u0131 y\u00fck korumas\u0131, acil frenleme ve anti-damping braketi gibi \u00e7oklu g\u00fcvenlik \u00f6nlemleri g\u00fcvenli \u00e7al\u0131\u015fmay\u0131 sa\u011flar.<\/li>\n<\/ul>\n<h2>Teknik \u00d6ne \u00c7\u0131kanlar<\/h2>\n<p><strong>Yar\u0131 R\u00f6mork \u015easisi<\/strong><\/p>\n<ul>\n<li>Ulusal karayolu ta\u015f\u0131mac\u0131l\u0131\u011f\u0131 standartlar\u0131na uygun, standart ABS fren sistemi \u00e7e\u015fitli trakt\u00f6r ba\u015fl\u0131klar\u0131na uygundur.<\/li>\n<li>\u00dcnite, ilave y\u00fckleme veya bo\u015faltmaya gerek kalmadan transfer sahas\u0131nda \u00e7al\u0131\u015fmaya haz\u0131rd\u0131r.<\/li>\n<\/ul>\n<p><strong>Teleskopik Ana Silindir Yap\u0131s\u0131<\/strong><\/p>\n<ul>\n<li>Teleskopik silindir tasar\u0131m\u0131na sahip olan bu \u00fcr\u00fcn, daha uzun s\u0131k\u0131\u015ft\u0131rma stro\u011fu, art\u0131r\u0131lm\u0131\u015f tek i\u015flem kapasitesi ve azalt\u0131lm\u0131\u015f \u00e7al\u0131\u015fma frekans\u0131 sunuyor.<\/li>\n<li>Silindir contalar\u0131 ithal malzemelerden \u00fcretilmi\u015f olup y\u00fcksek bas\u0131nca ve s\u0131cakl\u0131\u011fa dayan\u0131kl\u0131d\u0131r, ya\u011f s\u0131z\u0131nt\u0131s\u0131 riskini etkin bir \u015fekilde ortadan kald\u0131r\u0131r.<\/li>\n<\/ul>\n<p><strong>Enerji Tasarrufu ve \u00c7evre Koruma<\/strong><\/p>\n<ul>\n<li>D\u00fc\u015f\u00fck g\u00fcr\u00fclt\u00fcl\u00fc hidrolik sistem, \u2264 75 dB&#8217;de \u00e7al\u0131\u015farak \u00e7evre koruma kriterlerini kar\u015f\u0131lamaktad\u0131r.<\/li>\n<li>Opsiyonel jenerat\u00f6r seti veya harici g\u00fc\u00e7 kayna\u011f\u0131 ile elektrik olmayan ortamlarda da \u00e7al\u0131\u015fabilme imk\u00e2n\u0131 sa\u011flanmaktad\u0131r.<\/li>\n<\/ul>\n<h2>Mobil Hurda Metal Balyalama Makinesi Nas\u0131l \u00c7al\u0131\u015f\u0131r?<\/h2>\n<div class=\"ast-oembed-container \" style=\"height: 100%;\"><iframe title=\"Y81M mobile baler for scrap metal recycling\" width=\"500\" height=\"281\" src=\"https:\/\/www.youtube.com\/embed\/QsryQpbWRrg?feature=oembed\" frameborder=\"0\" allow=\"accelerometer; autoplay; clipboard-write; encrypted-media; gyroscope; picture-in-picture; web-share\" referrerpolicy=\"strict-origin-when-cross-origin\" allowfullscreen><\/iframe><\/div>\n<h2>Uygulama senaryolar\u0131<\/h2>\n<ul>\n<li><strong>End\u00fcstriyel alan:<\/strong> Hurda metal, plastik, karton, k\u00f6p\u00fck vb. geri d\u00f6n\u00fc\u015ft\u00fcr\u00fclebilir malzemelerin s\u0131k\u0131\u015ft\u0131r\u0131lmas\u0131 ve hacimlerinin azalt\u0131lmas\u0131.<\/li>\n<li><strong>\u00c7evre koruma alan\u0131:<\/strong> Hurda metal ve at\u0131k ev aletlerinin nakliye maliyetlerini d\u00fc\u015f\u00fcrmek i\u00e7in mobil s\u0131k\u0131\u015ft\u0131rma i\u015flemi.<\/li>\n<\/ul>\n<h2>Kapsaml\u0131 Hizmetlerimiz<\/h2>\n<ul>\n<li>\u00d6zelle\u015ftirilmi\u015f \u00e7\u00f6z\u00fcmler sunmak i\u00e7in profesyonel ekip.<\/li>\n<li>7\/24 sat\u0131\u015f sonras\u0131 teknik destek.<\/li>\n<li>T\u00fcm makine i\u00e7in 1 y\u0131l garanti, \u00e7ekirdek bile\u015fenler i\u00e7in \u00f6m\u00fcr boyu bak\u0131m.<\/li>\n<\/ul>\n<h2>Kooperatif Tedarik\u00e7ileri<\/h2>\n<p><img decoding=\"async\" class=\"alignnone size-full wp-image-1707\" src=\"https:\/\/www.unitetopbalermachine.com\/wp-content\/uploads\/2024\/05\/COOPERATIVE-SUPPLIERS.jpg\" alt=\"KOOPERAT\u0130F TEDAR\u0130K\u00c7\u0130LER\" width=\"1200\" height=\"300\" srcset=\"https:\/\/www.unitetopbalermachine.com\/wp-content\/uploads\/2024\/05\/COOPERATIVE-SUPPLIERS.jpg 1200w, https:\/\/www.unitetopbalermachine.com\/wp-content\/uploads\/2024\/05\/COOPERATIVE-SUPPLIERS-600x150.jpg 600w, https:\/\/www.unitetopbalermachine.com\/wp-content\/uploads\/2024\/05\/COOPERATIVE-SUPPLIERS-300x75.jpg 300w, https:\/\/www.unitetopbalermachine.com\/wp-content\/uploads\/2024\/05\/COOPERATIVE-SUPPLIERS-1024x256.jpg 1024w, https:\/\/www.unitetopbalermachine.com\/wp-content\/uploads\/2024\/05\/COOPERATIVE-SUPPLIERS-768x192.jpg 768w\" sizes=\"(max-width: 1200px) 100vw, 1200px\" \/><\/p>\n","protected":false},"excerpt":{"rendered":"<p>25 y\u0131l\u0131 a\u015fk\u0131n \u00fcretim tecr\u00fcbemizle 3.000&#8217;den fazla set i\u00e7in \u00f6zelle\u015ftirilmi\u015f hurda metal geri d\u00f6n\u00fc\u015f\u00fcm \u00e7\u00f6z\u00fcmleri sa\u011flad\u0131k.<\/p>\n<table>\n<tbody>\n<tr>\n<td>Men\u015fe Yeri<\/td>\n<td>JIANGYIN, CHINA<\/td>\n<\/tr>\n<tr>\n<td>Model<\/td>\n<td>Y81M Serisi<\/td>\n<\/tr>\n<tr>\n<td>Hidrolik bas\u0131n\u00e7<\/td>\n<td>250 Ton<\/td>\n<\/tr>\n<tr>\n<td>Balya boyutu<\/td>\n<td>500 * 500 mm veya \u00d6zel<\/td>\n<\/tr>\n<tr>\n<td>Oda boyutu<\/td>\n<td>2500*1750*1000 mm veya \u00d6zel<\/td>\n<\/tr>\n<tr>\n<td>\u00c7\u0131k\u0131\u015f balya yolu<\/td>\n<td>\u0130leriye do\u011fru balya<\/p>\n<p>Balyay\u0131 d\u0131\u015far\u0131 \u00e7\u0131kar<\/p>\n<p>Balyay\u0131 d\u0131\u015far\u0131 itmek<\/td>\n<\/tr>\n<tr>\n<td>Renk<\/td>\n<td>Gelenek<\/td>\n<\/tr>\n<tr>\n<td>Operasyon<\/td>\n<td>Manuel veya PLC kontrol\u00fc<\/td>\n<\/tr>\n<\/tbody>\n<\/table>\n","protected":false},"featured_media":11917,"template":"","meta":{"site-sidebar-layout":"default","site-content-layout":"","ast-site-content-layout":"default","site-content-style":"default","site-sidebar-style":"default","ast-global-header-display":"","ast-banner-title-visibility":"","ast-main-header-display":"","ast-hfb-above-header-display":"","ast-hfb-below-header-display":"","ast-hfb-mobile-header-display":"","site-post-title":"","ast-breadcrumbs-content":"","ast-featured-img":"","footer-sml-layout":"","theme-transparent-header-meta":"default","adv-header-id-meta":"","stick-header-meta":"","header-above-stick-meta":"","header-main-stick-meta":"","header-below-stick-meta":"","astra-migrate-meta-layouts":"set","ast-page-background-enabled":"default","ast-page-background-meta":{"desktop":{"background-color":"var(--ast-global-color-4)","background-image":"","background-repeat":"repeat","background-position":"center center","background-size":"auto","background-attachment":"scroll","background-type":"","background-media":"","overlay-type":"","overlay-color":"","overlay-opacity":"","overlay-gradient":""},"tablet":{"background-color":"","background-image":"","background-repeat":"repeat","background-position":"center center","background-size":"auto","background-attachment":"scroll","background-type":"","background-media":"","overlay-type":"","overlay-color":"","overlay-opacity":"","overlay-gradient":""},"mobile":{"background-color":"","background-image":"","background-repeat":"repeat","background-position":"center center","background-size":"auto","background-attachment":"scroll","background-type":"","background-media":"","overlay-type":"","overlay-color":"","overlay-opacity":"","overlay-gradient":""}},"ast-content-background-meta":{"desktop":{"background-color":"var(--ast-global-color-5)","background-image":"","background-repeat":"repeat","background-position":"center center","background-size":"auto","background-attachment":"scroll","background-type":"","background-media":"","overlay-type":"","overlay-color":"","overlay-opacity":"","overlay-gradient":""},"tablet":{"background-color":"var(--ast-global-color-5)","background-image":"","background-repeat":"repeat","background-position":"center center","background-size":"auto","background-attachment":"scroll","background-type":"","background-media":"","overlay-type":"","overlay-color":"","overlay-opacity":"","overlay-gradient":""},"mobile":{"background-color":"var(--ast-global-color-5)","background-image":"","background-repeat":"repeat","background-position":"center center","background-size":"auto","background-attachment":"scroll","background-type":"","background-media":"","overlay-type":"","overlay-color":"","overlay-opacity":"","overlay-gradient":""}}},"product_brand":[],"product_cat":[106],"product_tag":[],"class_list":{"0":"post-12736","1":"product","2":"type-product","3":"status-publish","4":"has-post-thumbnail","6":"product_cat-hurda-metal-balyalama-makinesi","7":"desktop-align-left","8":"tablet-align-left","9":"mobile-align-left","11":"first","12":"instock","13":"shipping-taxable","14":"product-type-simple"},"_links":{"self":[{"href":"https:\/\/www.unitetopbalermachine.com\/tr\/wp-json\/wp\/v2\/product\/12736","targetHints":{"allow":["GET"]}}],"collection":[{"href":"https:\/\/www.unitetopbalermachine.com\/tr\/wp-json\/wp\/v2\/product"}],"about":[{"href":"https:\/\/www.unitetopbalermachine.com\/tr\/wp-json\/wp\/v2\/types\/product"}],"wp:featuredmedia":[{"embeddable":true,"href":"https:\/\/www.unitetopbalermachine.com\/tr\/wp-json\/wp\/v2\/media\/11917"}],"wp:attachment":[{"href":"https:\/\/www.unitetopbalermachine.com\/tr\/wp-json\/wp\/v2\/media?parent=12736"}],"wp:term":[{"taxonomy":"product_brand","embeddable":true,"href":"https:\/\/www.unitetopbalermachine.com\/tr\/wp-json\/wp\/v2\/product_brand?post=12736"},{"taxonomy":"product_cat","embeddable":true,"href":"https:\/\/www.unitetopbalermachine.com\/tr\/wp-json\/wp\/v2\/product_cat?post=12736"},{"taxonomy":"product_tag","embeddable":true,"href":"https:\/\/www.unitetopbalermachine.com\/tr\/wp-json\/wp\/v2\/product_tag?post=12736"}],"curies":[{"name":"wp","href":"https:\/\/api.w.org\/{rel}","templated":true}]}}