{"id":12717,"date":"2025-03-13T01:05:19","date_gmt":"2025-03-13T01:05:19","guid":{"rendered":"https:\/\/www.unitetopbalermachine.com\/product\/cbj-serisi-hidrolik-hurda-balya-kirma-makinesi\/"},"modified":"2025-07-25T07:47:59","modified_gmt":"2025-07-25T07:47:59","slug":"cbj-serisi-hidrolik-hurda-balya-kirma-makinesi","status":"publish","type":"product","link":"https:\/\/www.unitetopbalermachine.com\/tr\/cbj-serisi-hidrolik-hurda-balya-kirma-makinesi.html","title":{"rendered":"CBJ Serisi Hidrolik Hurda Balya K\u0131rma Makinesi"},"content":{"rendered":"<h2>\u00dcr\u00fcn Tan\u0131t\u0131m\u0131<\/h2>\n<p>CBJ serisi hidrolik hurda balya k\u0131rma makinesi, metal geri kazan\u0131m \u015firketleri, hurda \u00e7elik tesisleri, eritme ve d\u00f6k\u00fcm i\u015fletmeleri i\u00e7in, hurda demir ve \u00e7elik \u00fcretiminin kalitesini art\u0131rmak, profesyonel ekipmanlar\u0131n y\u00fcksek kaliteli nitelikli \u015farj \u00fcretimini sa\u011flamak i\u00e7in uygundur.<\/p>\n<p>CBJ serisi hidrolik hurda balya k\u0131rma makinesi, pres blok ayr\u0131\u015ft\u0131rma makinesi olarak da bilinir ve hurda metal balyalar\u0131n\u0131n profesyonel olarak par\u00e7alanmas\u0131nda yeni nesil bir test ekipman\u0131d\u0131r. CBJ serisi hidrolik hurda balya k\u0131rma makinesi, kullan\u0131c\u0131 paket blo\u011fundaki kirleri tespit ederek hurda \u00e7eli\u011fin i\u00e7eri\u011fini, hurda \u00e7elik \u00fcr\u00fcnlerinin kalitesini ve hurda \u00e7elik piyasas\u0131n\u0131n istikrar\u0131n\u0131 sa\u011flar. CBJ serisi hidrolik hurda balya k\u0131rma makinesi, \u00e7elik, eritme, \u00e7elik, iskele ve di\u011fer end\u00fcstrilerde yayg\u0131n olarak kullan\u0131lmaktad\u0131r.<\/p>\n<h3>\u00d6zellikler<\/h3>\n<ul>\n<li>CBJ serisi hidrolik hurda balya k\u0131rma makinesi, farkl\u0131 m\u00fc\u015fterilerin ihtiya\u00e7lar\u0131n\u0131 kar\u015f\u0131layabilecek farkl\u0131 \u00f6zelliklere ve modellere sahiptir.<\/li>\n<li>M\u00fc\u015fteri iste\u011fine g\u00f6re \u00e7e\u015fitli makineler eklenebilmektedir.<\/li>\n<li>CBJ serisi hidrolik hurda balya k\u0131rma makinas\u0131n\u0131n sabitlenmesine ve kurulmas\u0131na gerek yoktur.<\/li>\n<li>Basit PLC \u00e7al\u0131\u015fmas\u0131, g\u00fc\u00e7l\u00fc stabilite, y\u00fcksek g\u00fcvenlik fakt\u00f6r\u00fc, tamamen ay\u0131rma.<\/li>\n<li>CBJ serisi hidrolik hurda balya k\u0131rma makinas\u0131 d\u00fc\u015f\u00fck g\u00fcr\u00fclt\u00fcye sahiptir, titre\u015fimsizdir.<\/li>\n<li>Y\u00fcksek otomasyon derecesi, y\u00fcksek verimlilik.<\/li>\n<li>CBJ Serisi hidrolik hurda balya k\u0131rma makinas\u0131n\u0131n \u00e7al\u0131\u015fmas\u0131 s\u0131ras\u0131nda herhangi bir tamir i\u015flemi yapmay\u0131n, hareketli par\u00e7alara dokunmay\u0131n, malzeme kutusundaki malzemeye elinizle veya aya\u011f\u0131n\u0131zla bast\u0131rmay\u0131n.<\/li>\n<\/ul>\n<h3>\u00c7al\u0131\u015fma prensibi<\/h3>\n<p>CBJ serisi hidrolik hurda balya k\u0131rma makinesi, entegre ya\u011f devresine ya\u011f sa\u011flamak i\u00e7in bir hidrolik piston pompas\u0131 kullan\u0131r ve ard\u0131ndan da\u011f\u0131t\u0131lm\u0131\u015f bir manuel valf arac\u0131l\u0131\u011f\u0131yla ya\u011f\u0131 hidrolik silindire aktararak g\u00fc\u00e7 \u00fcretir. Ger\u00e7ek ko\u015fullara g\u00f6re, bas\u0131n\u00e7 gerekli de\u011fere de\u011fi\u015ftirilebilir (bas\u0131n\u00e7 g\u00f6stergesi de\u011feri g\u00f6sterir). Hidrolik balya makinesini ay\u0131rmak i\u00e7in hidrolik manip\u00fclat\u00f6r\u00fc kavray\u0131n ve s\u0131k\u0131n. Ard\u0131ndan, balyalar\u0131 s\u00f6kmek i\u00e7in \u00e7oklu ayr\u0131\u015ft\u0131rma kullan\u0131n.<\/p>\n<h3>Ana bile\u015fenler<\/h3>\n<p>CBJ serisi hidrolik hurda balya k\u0131rma makinas\u0131 motor, ya\u011f tank\u0131, ya\u011f pompas\u0131, manip\u00fclat\u00f6r, kelebek kiri\u015fi, hidrolik sistem ve ana motordan olu\u015fmaktad\u0131r.<\/p>\n<table class=\"table0313\">\n<tbody>\n<tr>\n<td><img fetchpriority=\"high\" decoding=\"async\" class=\"alignnone size-full wp-image-11224\" src=\"https:\/\/www.unitetopbalermachine.com\/wp-content\/uploads\/2025\/03\/Scrap-Bale-Breaker.jpg\" alt=\"Hurda Balya K\u0131r\u0131c\u0131\" width=\"600\" height=\"337\" srcset=\"https:\/\/www.unitetopbalermachine.com\/wp-content\/uploads\/2025\/03\/Scrap-Bale-Breaker.jpg 600w, https:\/\/www.unitetopbalermachine.com\/wp-content\/uploads\/2025\/03\/Scrap-Bale-Breaker-300x169.jpg 300w\" sizes=\"(max-width: 600px) 100vw, 600px\" \/><\/td>\n<td>1. Paketinden \u00e7\u0131karmak daha kolay<br \/>\nCBJ serisi hidrolik hurda balya k\u0131rma makinesi daha bilimsel bir kanca ve pen\u00e7e yap\u0131s\u0131n\u0131 benimsemi\u015ftir, kanca pen\u00e7eleri paketi daha iyi keser ve paketin a\u00e7\u0131lmas\u0131n\u0131 kolayla\u015ft\u0131r\u0131r.<\/td>\n<\/tr>\n<tr>\n<td>2. De\u011fi\u015ftirilebilir pen\u00e7e ba\u015fl\u0131 b\u0131\u00e7ak<br \/>\nKanca pen\u00e7esinin a\u015f\u0131nma direncini ve kullan\u0131m \u00f6mr\u00fcn\u00fc art\u0131rmak i\u00e7in pen\u00e7enin ba\u015f\u0131nda de\u011fi\u015ftirilebilir y\u00fcksek mukavemetli ala\u015f\u0131ml\u0131 \u00e7elik b\u0131\u00e7ak kullan\u0131lm\u0131\u015ft\u0131r.<\/td>\n<td><img decoding=\"async\" class=\"alignnone size-full wp-image-11236\" src=\"https:\/\/www.unitetopbalermachine.com\/wp-content\/uploads\/2025\/03\/Scrap-Bale-Breaker-Claw-Head-Blade.jpg\" alt=\"Hurda Balya K\u0131r\u0131c\u0131 Pen\u00e7e Ba\u015fl\u0131 B\u0131\u00e7ak\" width=\"600\" height=\"329\" srcset=\"https:\/\/www.unitetopbalermachine.com\/wp-content\/uploads\/2025\/03\/Scrap-Bale-Breaker-Claw-Head-Blade.jpg 600w, https:\/\/www.unitetopbalermachine.com\/wp-content\/uploads\/2025\/03\/Scrap-Bale-Breaker-Claw-Head-Blade-300x165.jpg 300w\" sizes=\"(max-width: 600px) 100vw, 600px\" \/><\/td>\n<\/tr>\n<tr>\n<td><img decoding=\"async\" class=\"alignnone size-full wp-image-11248\" src=\"https:\/\/www.unitetopbalermachine.com\/wp-content\/uploads\/2025\/03\/Scrap-Bale-Breaker-Machine-Guide-Rail.jpg\" alt=\"Hurda Balya K\u0131rma Makinesi K\u0131lavuz Ray\u0131\" width=\"600\" height=\"324\" srcset=\"https:\/\/www.unitetopbalermachine.com\/wp-content\/uploads\/2025\/03\/Scrap-Bale-Breaker-Machine-Guide-Rail.jpg 600w, https:\/\/www.unitetopbalermachine.com\/wp-content\/uploads\/2025\/03\/Scrap-Bale-Breaker-Machine-Guide-Rail-300x162.jpg 300w\" sizes=\"(max-width: 600px) 100vw, 600px\" \/><\/td>\n<td>3. Ana par\u00e7alar\u0131n ve k\u0131lavuz ray\u0131n a\u015f\u0131nmaya dayan\u0131kl\u0131 tasar\u0131m\u0131<br \/>\nK\u0131lavuz ray\u0131n ve \u00e7er\u00e7evenin di\u011fer ilgili par\u00e7alar\u0131n\u0131n a\u015f\u0131nma \u00f6zelliklerine g\u00f6re, \u00e7er\u00e7eveye y\u00fcksek mukavemetli a\u015f\u0131nmaya dayan\u0131kl\u0131 ala\u015f\u0131ml\u0131 \u00e7elik levha monte edilir.<\/td>\n<\/tr>\n<\/tbody>\n<\/table>\n<h2>Teknik \u00d6zellikler<\/h2>\n<table class=\"border:0 !important;\">\n<tbody>\n<tr>\n<td><strong>Model<\/strong><\/td>\n<td><strong>Nominal bas\u0131n\u00e7 (Ton)<\/strong><\/td>\n<td><strong>\u00c7\u0131kar\u0131labilir balya boyutu (mm)<\/strong><\/td>\n<td><strong>G\u00fc\u00e7 (KW)<\/strong><\/td>\n<\/tr>\n<tr>\n<td>CBJ-1200<\/td>\n<td>120<\/td>\n<td>\u2264 600 x 600<\/td>\n<td>18.5<\/td>\n<\/tr>\n<tr>\n<td>CBJ-1600<\/td>\n<td>160<\/td>\n<td>\u2264 800 x 800<\/td>\n<td>22<\/td>\n<\/tr>\n<tr>\n<td>CBJ-3150<\/td>\n<td>315<\/td>\n<td>\u2264 800 x 800<\/td>\n<td>45<\/td>\n<\/tr>\n<\/tbody>\n<\/table>\n<h2>Uygulamalar<\/h2>\n<p><img loading=\"lazy\" decoding=\"async\" class=\"alignnone size-full wp-image-11430\" src=\"https:\/\/www.unitetopbalermachine.com\/wp-content\/uploads\/2025\/03\/Hydraulic-Scrap-Bale-Breaker-Machine-Applications.jpg\" alt=\"Hidrolik Hurda Balya K\u0131rma Makinesi Uygulamalar\u0131\" width=\"1200\" height=\"202\" srcset=\"https:\/\/www.unitetopbalermachine.com\/wp-content\/uploads\/2025\/03\/Hydraulic-Scrap-Bale-Breaker-Machine-Applications.jpg 1200w, https:\/\/www.unitetopbalermachine.com\/wp-content\/uploads\/2025\/03\/Hydraulic-Scrap-Bale-Breaker-Machine-Applications-300x51.jpg 300w, https:\/\/www.unitetopbalermachine.com\/wp-content\/uploads\/2025\/03\/Hydraulic-Scrap-Bale-Breaker-Machine-Applications-1024x172.jpg 1024w, https:\/\/www.unitetopbalermachine.com\/wp-content\/uploads\/2025\/03\/Hydraulic-Scrap-Bale-Breaker-Machine-Applications-768x129.jpg 768w, https:\/\/www.unitetopbalermachine.com\/wp-content\/uploads\/2025\/03\/Hydraulic-Scrap-Bale-Breaker-Machine-Applications-600x101.jpg 600w\" sizes=\"(max-width: 1200px) 100vw, 1200px\" \/><\/p>\n<h2>Kooperatif Tedarik\u00e7ileri<\/h2>\n<p><img loading=\"lazy\" decoding=\"async\" class=\"alignnone size-full wp-image-1707\" src=\"https:\/\/www.unitetopbalermachine.com\/wp-content\/uploads\/2024\/05\/COOPERATIVE-SUPPLIERS.jpg\" alt=\"KOOPERAT\u0130F TEDAR\u0130K\u00c7\u0130LER\" width=\"1200\" height=\"300\" srcset=\"https:\/\/www.unitetopbalermachine.com\/wp-content\/uploads\/2024\/05\/COOPERATIVE-SUPPLIERS.jpg 1200w, https:\/\/www.unitetopbalermachine.com\/wp-content\/uploads\/2024\/05\/COOPERATIVE-SUPPLIERS-600x150.jpg 600w, https:\/\/www.unitetopbalermachine.com\/wp-content\/uploads\/2024\/05\/COOPERATIVE-SUPPLIERS-300x75.jpg 300w, https:\/\/www.unitetopbalermachine.com\/wp-content\/uploads\/2024\/05\/COOPERATIVE-SUPPLIERS-1024x256.jpg 1024w, https:\/\/www.unitetopbalermachine.com\/wp-content\/uploads\/2024\/05\/COOPERATIVE-SUPPLIERS-768x192.jpg 768w\" sizes=\"(max-width: 1200px) 100vw, 1200px\" \/><\/p>\n<h2>CBJ serisi Hidrolik Hurda Balya K\u0131rma makinesini \u00e7al\u0131\u015f\u0131rken izleyin!<\/h2>\n<div class=\"ast-oembed-container \" style=\"height: 100%;\"><iframe title=\"CBJ Series hydraulic scrap bale breaker machine\" width=\"500\" height=\"281\" src=\"https:\/\/www.youtube.com\/embed\/HTI9-rj-4lY?feature=oembed\" frameborder=\"0\" allow=\"accelerometer; autoplay; clipboard-write; encrypted-media; gyroscope; picture-in-picture; web-share\" referrerpolicy=\"strict-origin-when-cross-origin\" allowfullscreen><\/iframe><\/div>\n<style>.table0313{border:none;}.table0313 td{border:none;}<\/style>\n","protected":false},"excerpt":{"rendered":"<p>CBJ serisi hidrolik hurda balya k\u0131r\u0131c\u0131, metal geri kazan\u0131m\u0131, \u00e7elik tesisleri ve eritme i\u00e7in hurda kalitesini art\u0131ran, profesyonel bir s\u00f6k\u00fcm ve test makinesi g\u00f6revi g\u00f6ren bir makinedir.<\/p>\n<p><strong>Fonksiyon:<\/strong> CBJ Serisi hidrolik hurda balya k\u0131rma makinesi, at\u0131k ara\u00e7lardan veya hurda \u00e7elikten s\u0131k\u0131\u015ft\u0131r\u0131lan balyalar\u0131 par\u00e7alamak i\u00e7in \u00f6zel olarak tasarlanm\u0131\u015ft\u0131r.<\/p>\n<p><strong>Hurda balya blo\u011fu i\u00e7in gereklilikler:<\/strong> 2000 mm (U) \u00d7 800 mm (G) \u00d7 800 mm (Y) maksimum boyutlara sahip olmal\u0131 ve yo\u011funlu\u011fu 2,5 ton\/m\u00b3&#8217;\u00fc a\u015fmamal\u0131d\u0131r.<\/p>\n<ul>\n<li>G\u00fc\u00e7l\u00fc Hidrolik Sistem<\/li>\n<li>\u0130\u015f\u00e7ilik Maliyetlerini Azalt\u0131r<\/li>\n<li>\u00c7e\u015fitli Balya Boyutlar\u0131n\u0131 \u0130\u015fler<\/li>\n<li>Nominal Bas\u0131n\u00e7: 120~315 Ton<\/li>\n<\/ul>\n","protected":false},"featured_media":11404,"template":"","meta":{"site-sidebar-layout":"default","site-content-layout":"","ast-site-content-layout":"default","site-content-style":"default","site-sidebar-style":"default","ast-global-header-display":"","ast-banner-title-visibility":"","ast-main-header-display":"","ast-hfb-above-header-display":"","ast-hfb-below-header-display":"","ast-hfb-mobile-header-display":"","site-post-title":"","ast-breadcrumbs-content":"","ast-featured-img":"","footer-sml-layout":"","theme-transparent-header-meta":"default","adv-header-id-meta":"","stick-header-meta":"","header-above-stick-meta":"","header-main-stick-meta":"","header-below-stick-meta":"","astra-migrate-meta-layouts":"set","ast-page-background-enabled":"default","ast-page-background-meta":{"desktop":{"background-color":"var(--ast-global-color-4)","background-image":"","background-repeat":"repeat","background-position":"center center","background-size":"auto","background-attachment":"scroll","background-type":"","background-media":"","overlay-type":"","overlay-color":"","overlay-opacity":"","overlay-gradient":""},"tablet":{"background-color":"","background-image":"","background-repeat":"repeat","background-position":"center center","background-size":"auto","background-attachment":"scroll","background-type":"","background-media":"","overlay-type":"","overlay-color":"","overlay-opacity":"","overlay-gradient":""},"mobile":{"background-color":"","background-image":"","background-repeat":"repeat","background-position":"center center","background-size":"auto","background-attachment":"scroll","background-type":"","background-media":"","overlay-type":"","overlay-color":"","overlay-opacity":"","overlay-gradient":""}},"ast-content-background-meta":{"desktop":{"background-color":"var(--ast-global-color-5)","background-image":"","background-repeat":"repeat","background-position":"center center","background-size":"auto","background-attachment":"scroll","background-type":"","background-media":"","overlay-type":"","overlay-color":"","overlay-opacity":"","overlay-gradient":""},"tablet":{"background-color":"var(--ast-global-color-5)","background-image":"","background-repeat":"repeat","background-position":"center center","background-size":"auto","background-attachment":"scroll","background-type":"","background-media":"","overlay-type":"","overlay-color":"","overlay-opacity":"","overlay-gradient":""},"mobile":{"background-color":"var(--ast-global-color-5)","background-image":"","background-repeat":"repeat","background-position":"center center","background-size":"auto","background-attachment":"scroll","background-type":"","background-media":"","overlay-type":"","overlay-color":"","overlay-opacity":"","overlay-gradient":""}}},"product_brand":[],"product_cat":[182],"product_tag":[],"class_list":{"0":"post-12717","1":"product","2":"type-product","3":"status-publish","4":"has-post-thumbnail","6":"product_cat-hurda-balya-kirma-makinesi","7":"desktop-align-left","8":"tablet-align-left","9":"mobile-align-left","11":"first","12":"instock","13":"shipping-taxable","14":"product-type-simple"},"_links":{"self":[{"href":"https:\/\/www.unitetopbalermachine.com\/tr\/wp-json\/wp\/v2\/product\/12717","targetHints":{"allow":["GET"]}}],"collection":[{"href":"https:\/\/www.unitetopbalermachine.com\/tr\/wp-json\/wp\/v2\/product"}],"about":[{"href":"https:\/\/www.unitetopbalermachine.com\/tr\/wp-json\/wp\/v2\/types\/product"}],"wp:featuredmedia":[{"embeddable":true,"href":"https:\/\/www.unitetopbalermachine.com\/tr\/wp-json\/wp\/v2\/media\/11404"}],"wp:attachment":[{"href":"https:\/\/www.unitetopbalermachine.com\/tr\/wp-json\/wp\/v2\/media?parent=12717"}],"wp:term":[{"taxonomy":"product_brand","embeddable":true,"href":"https:\/\/www.unitetopbalermachine.com\/tr\/wp-json\/wp\/v2\/product_brand?post=12717"},{"taxonomy":"product_cat","embeddable":true,"href":"https:\/\/www.unitetopbalermachine.com\/tr\/wp-json\/wp\/v2\/product_cat?post=12717"},{"taxonomy":"product_tag","embeddable":true,"href":"https:\/\/www.unitetopbalermachine.com\/tr\/wp-json\/wp\/v2\/product_tag?post=12717"}],"curies":[{"name":"wp","href":"https:\/\/api.w.org\/{rel}","templated":true}]}}