{"id":12714,"date":"2025-03-13T01:05:47","date_gmt":"2025-03-13T01:05:47","guid":{"rendered":"https:\/\/www.unitetopbalermachine.com\/product\/psx-serisi-hurda-parcalama-hatlari\/"},"modified":"2026-03-18T10:36:32","modified_gmt":"2026-03-18T10:36:32","slug":"psx-serisi-hurda-parcalama-hatlari","status":"publish","type":"product","link":"https:\/\/www.unitetopbalermachine.com\/tr\/psx-serisi-hurda-parcalama-hatlari.html","title":{"rendered":"PSX Serisi Hurda Par\u00e7alama Hatlar\u0131"},"content":{"rendered":"<h2>\u00d6zellikler<\/h2>\n<p>1. Projenin \u00e7evre standartlar\u0131n\u0131 kar\u015f\u0131lamak i\u00e7in toz, g\u00fcr\u00fclt\u00fc ve so\u011futma spreyleri gibi sistemlerle donat\u0131lm\u0131\u015ft\u0131r.<\/p>\n<p>2. G\u00fcvenli ve etkili \u00fcretim gereksinimini kar\u015f\u0131lamak amac\u0131yla sistem, a\u011f tabanl\u0131 \u00e7ok y\u00f6nl\u00fc video g\u00f6zetim sistemi, otomatik entegre kontrol sistemi ve uzaktan i\u015fletme ve bak\u0131m sistemi ile donat\u0131labilir.<\/p>\n<p>3. Ekipman aparatlar\u0131 iyi bir \u00e7ok y\u00f6nl\u00fcl\u00fc\u011fe sahiptir ve bak\u0131m\u0131 kolayd\u0131r ve cihaz\u0131n \u00e7ekirdek yap\u0131s\u0131 ba\u011f\u0131ms\u0131z tasar\u0131m avantaj\u0131na sahiptir.<\/p>\n<p>4. Zincir plakas\u0131 besleme yap\u0131s\u0131, hareketi ve \u00e7al\u0131\u015fma verimlili\u011fi, \u00f6n y\u00fckleme silindirine g\u00fc\u00e7 sa\u011flayan y\u00fcksek torklu hidrolik motorla art\u0131r\u0131lm\u0131\u015ft\u0131r. Ayr\u0131ca daha az enerji t\u00fcketir.<\/p>\n<h2>Teknik \u00d6zellikler<\/h2>\n<table>\n<tbody>\n<tr>\n<td>Model<\/td>\n<td>&nbsp;<\/p>\n<p>Besleme a\u00e7\u0131kl\u0131\u011f\u0131n\u0131n geni\u015fli\u011fi\uff08mm\uff09<\/p>\n<p>&nbsp;<\/td>\n<td>&nbsp;<\/p>\n<p>Makinenin g\u00fcc\u00fc (kw\/HP)<\/td>\n<td>&nbsp;<\/p>\n<p>Kapasite (t\/h)<\/td>\n<\/tr>\n<tr>\n<td>PSX-90<\/td>\n<td>1000<\/td>\n<td>90 (120)<\/td>\n<td>2-3<\/td>\n<\/tr>\n<tr>\n<td>PSX-160<\/td>\n<td>1200<\/td>\n<td>160(212)<\/td>\n<td>4-6<\/td>\n<\/tr>\n<tr>\n<td>PSX-400<\/td>\n<td>1400<\/td>\n<td>400(535)<\/td>\n<td>6-10<\/td>\n<\/tr>\n<tr>\n<td>PSX-500<\/td>\n<td>1600<\/td>\n<td>500(670)<\/td>\n<td>12-18<\/td>\n<\/tr>\n<tr>\n<td>PSX-700<\/td>\n<td rowspan=\"3\">2200<\/td>\n<td>750(1000)<\/td>\n<td>15-20<\/td>\n<\/tr>\n<tr>\n<td>PSX-900<\/td>\n<td>900(1200)<\/td>\n<td>20-25<\/td>\n<\/tr>\n<tr>\n<td>PSX-1200<\/td>\n<td>1200(1600)<\/td>\n<td>25-30<\/td>\n<\/tr>\n<tr>\n<td>PSX-1500<\/td>\n<td>2500<\/td>\n<td>1500(2000)<\/td>\n<td>30-50<\/td>\n<\/tr>\n<tr>\n<td>PSX-2250<\/td>\n<td><\/td>\n<td>2250(3000)<\/td>\n<td>50-70<\/td>\n<\/tr>\n<\/tbody>\n<\/table>\n<h2>Belirli Operasyon S\u00fcreci<\/h2>\n<p><strong>1. Besleme ve \u00d6n Ay\u0131klama<\/strong><br \/>\nHurda ara\u00e7 kaportalar\u0131, teneke sac ve eski ev aletleri gibi hurda malzemeler, bir konvey\u00f6r sistemi veya kep\u00e7e arac\u0131l\u0131\u011f\u0131yla par\u00e7alama makinesine beslenir. B\u00fcy\u00fck veya tehlikeli malzemeler, g\u00fcvenli bir \u015fekilde i\u015flenmesini sa\u011flamak ve ekipmana zarar vermemek i\u00e7in manuel veya mekanik olarak \u00f6nceden ayr\u0131l\u0131r.<\/p>\n<p><strong>2. Birincil Par\u00e7alama<\/strong><br \/>\nHurda, y\u00fcksek h\u0131zl\u0131 d\u00f6nen \u00e7eki\u00e7lerin malzemeleri ezip par\u00e7alad\u0131\u011f\u0131 birincil par\u00e7alama odas\u0131na y\u00f6nlendirilir. Darbe kuvveti, b\u00fcy\u00fck hurday\u0131 daha k\u00fc\u00e7\u00fck par\u00e7alara ay\u0131r\u0131rken ayn\u0131 zamanda kaplamalar\u0131 ve y\u00fczey kirleticilerini de temizler.<\/p>\n<p><strong>3. Manyetik Ay\u0131rma<\/strong><br \/>\nPar\u00e7alama i\u015fleminden sonra, i\u015flenmi\u015f hurda g\u00fc\u00e7l\u00fc bir manyetik ay\u0131r\u0131c\u0131dan ge\u00e7irilir. Bu ad\u0131m, demirli malzemeleri demir d\u0131\u015f\u0131 bile\u015fenlerden verimli bir \u015fekilde ay\u0131rarak \u00e7elik hurdas\u0131n\u0131n \u00e7elik \u00fcretimi i\u00e7in gerekli safl\u0131k gerekliliklerini kar\u015f\u0131lamas\u0131n\u0131 sa\u011flar.<\/p>\n<p><strong>4. Yo\u011funluk ve Boyut Optimizasyonu<\/strong><br \/>\nPar\u00e7alanan malzeme, yo\u011funlu\u011funu ve homojenli\u011fini art\u0131rmak i\u00e7in ileri i\u015flemlerden ge\u00e7irilir. Gerekli hacim \u00f6zg\u00fcl a\u011f\u0131rl\u0131\u011f\u0131na ula\u015fmak i\u00e7in ek haddeleme veya presleme mekanizmalar\u0131 kullan\u0131labilir ve bu da hurday\u0131 f\u0131r\u0131n \u015farj\u0131 i\u00e7in daha uygun hale getirir.<\/p>\n<p><strong>5. Toz ve Kal\u0131nt\u0131 Toplama<\/strong><br \/>\nGeli\u015fmi\u015f toz toplama sistemi, par\u00e7alama s\u0131ras\u0131nda olu\u015fan ince par\u00e7ac\u0131klar\u0131 ve kirleticileri yakalayarak \u00e7evre dostu bir ortam sa\u011flar ve i\u015f yeri tehlikelerini \u00f6nler. Plastik, k\u00f6p\u00fck ve kuma\u015f kal\u0131nt\u0131lar\u0131 gibi hafif malzemeler ayr\u0131\u015ft\u0131r\u0131larak uzakla\u015ft\u0131r\u0131l\u0131r.<\/p>\n<p><strong>6. Demir D\u0131\u015f\u0131 Metallerin Ay\u0131klanmas\u0131<\/strong><br \/>\nEddy ak\u0131m\u0131 ay\u0131r\u0131c\u0131lar\u0131 ve hava s\u0131n\u0131fland\u0131r\u0131c\u0131lar\u0131 sayesinde al\u00fcminyum ve bak\u0131r gibi demir d\u0131\u015f\u0131 metaller par\u00e7alanm\u0131\u015f hurda ak\u0131\u015f\u0131ndan ayr\u0131larak maksimum malzeme geri kazan\u0131m\u0131 sa\u011flan\u0131r ve at\u0131k azalt\u0131l\u0131r.<\/p>\n<p><strong>7. \u00c7\u0131kt\u0131 ve Depolama<\/strong><br \/>\nSon i\u015flemden ge\u00e7en hurda, toplama ve depolama i\u00e7in bir konvey\u00f6r sistemine bo\u015falt\u0131l\u0131r. Art\u0131k kirleticilerden ar\u0131nd\u0131r\u0131lm\u0131\u015f ve homojen yo\u011funlu\u011fa sahip olan y\u00fcksek kaliteli hurda \u00e7elik, elektrikli f\u0131r\u0131nlarda veya ileri rafinasyon i\u015flemlerinde do\u011frudan kullan\u0131ma haz\u0131rd\u0131r.<\/p>\n<p><strong>8. Kalite Kontrol ve Muayene<\/strong><br \/>\nPar\u00e7alanm\u0131\u015f hurda, sevkiyat veya f\u0131r\u0131na y\u00fckleme \u00f6ncesinde kalite kontrollerinden ge\u00e7irilir. Yo\u011funluk, safl\u0131k ve kirlilik seviyeleri gibi parametreler, \u00e7elik fabrikas\u0131n\u0131n &#8220;f\u0131r\u0131na ince malzeme&#8221; gerekliliklerini kar\u015f\u0131lamak i\u00e7in izlenir.<\/p>\n","protected":false},"excerpt":{"rendered":"<p>PSX Serisi hurda par\u00e7alama hatlar\u0131m\u0131z, bo\u015f teneke kutular, teneke levhalar, otomobil g\u00f6vdeleri ve cihazlar gibi at\u0131k malzemeleri y\u00fcksek kaliteli \u00e7eli\u011fe d\u00f6n\u00fc\u015ft\u00fcrmek i\u00e7in tasarlanm\u0131\u015ft\u0131r.<\/p>\n<p>Makine par\u00e7alama i\u015flemiyle kaplamay\u0131 kald\u0131racak, malzemelerin yo\u011funlu\u011funu ve \u00e7\u00f6z\u00fcnme g\u00fcc\u00fcn\u00fc art\u0131racak ve patlamalar\u0131n\u0131 \u00f6nleyecek, bu da \u00e7elik fabrikalar\u0131na iyi f\u0131r\u0131n \u015farjlar\u0131 sa\u011flayacakt\u0131r.<\/p>\n<ul>\n<li>Hidrolik Tahrikli Silindir<\/li>\n<li>\u00c7evre Koruma Sistemi<\/li>\n<li>Otomatik Uzaktan Kumanda<\/li>\n<li>Kolay Bak\u0131m<\/li>\n<li>Saatte 2 ila 70 ton aras\u0131 \u00fcretim verimlili\u011fi<\/li>\n<\/ul>\n","protected":false},"featured_media":11344,"template":"","meta":{"site-sidebar-layout":"default","site-content-layout":"","ast-site-content-layout":"default","site-content-style":"default","site-sidebar-style":"default","ast-global-header-display":"","ast-banner-title-visibility":"","ast-main-header-display":"","ast-hfb-above-header-display":"","ast-hfb-below-header-display":"","ast-hfb-mobile-header-display":"","site-post-title":"","ast-breadcrumbs-content":"","ast-featured-img":"","footer-sml-layout":"","theme-transparent-header-meta":"default","adv-header-id-meta":"","stick-header-meta":"","header-above-stick-meta":"","header-main-stick-meta":"","header-below-stick-meta":"","astra-migrate-meta-layouts":"set","ast-page-background-enabled":"default","ast-page-background-meta":{"desktop":{"background-color":"var(--ast-global-color-4)","background-image":"","background-repeat":"repeat","background-position":"center center","background-size":"auto","background-attachment":"scroll","background-type":"","background-media":"","overlay-type":"","overlay-color":"","overlay-opacity":"","overlay-gradient":""},"tablet":{"background-color":"","background-image":"","background-repeat":"repeat","background-position":"center center","background-size":"auto","background-attachment":"scroll","background-type":"","background-media":"","overlay-type":"","overlay-color":"","overlay-opacity":"","overlay-gradient":""},"mobile":{"background-color":"","background-image":"","background-repeat":"repeat","background-position":"center center","background-size":"auto","background-attachment":"scroll","background-type":"","background-media":"","overlay-type":"","overlay-color":"","overlay-opacity":"","overlay-gradient":""}},"ast-content-background-meta":{"desktop":{"background-color":"var(--ast-global-color-5)","background-image":"","background-repeat":"repeat","background-position":"center center","background-size":"auto","background-attachment":"scroll","background-type":"","background-media":"","overlay-type":"","overlay-color":"","overlay-opacity":"","overlay-gradient":""},"tablet":{"background-color":"var(--ast-global-color-5)","background-image":"","background-repeat":"repeat","background-position":"center center","background-size":"auto","background-attachment":"scroll","background-type":"","background-media":"","overlay-type":"","overlay-color":"","overlay-opacity":"","overlay-gradient":""},"mobile":{"background-color":"var(--ast-global-color-5)","background-image":"","background-repeat":"repeat","background-position":"center center","background-size":"auto","background-attachment":"scroll","background-type":"","background-media":"","overlay-type":"","overlay-color":"","overlay-opacity":"","overlay-gradient":""}}},"product_brand":[],"product_cat":[179],"product_tag":[],"class_list":{"0":"post-12714","1":"product","2":"type-product","3":"status-publish","4":"has-post-thumbnail","6":"product_cat-hurda-parcalama-hatlari","7":"desktop-align-left","8":"tablet-align-left","9":"mobile-align-left","11":"first","12":"instock","13":"shipping-taxable","14":"product-type-simple"},"_links":{"self":[{"href":"https:\/\/www.unitetopbalermachine.com\/tr\/wp-json\/wp\/v2\/product\/12714","targetHints":{"allow":["GET"]}}],"collection":[{"href":"https:\/\/www.unitetopbalermachine.com\/tr\/wp-json\/wp\/v2\/product"}],"about":[{"href":"https:\/\/www.unitetopbalermachine.com\/tr\/wp-json\/wp\/v2\/types\/product"}],"wp:featuredmedia":[{"embeddable":true,"href":"https:\/\/www.unitetopbalermachine.com\/tr\/wp-json\/wp\/v2\/media\/11344"}],"wp:attachment":[{"href":"https:\/\/www.unitetopbalermachine.com\/tr\/wp-json\/wp\/v2\/media?parent=12714"}],"wp:term":[{"taxonomy":"product_brand","embeddable":true,"href":"https:\/\/www.unitetopbalermachine.com\/tr\/wp-json\/wp\/v2\/product_brand?post=12714"},{"taxonomy":"product_cat","embeddable":true,"href":"https:\/\/www.unitetopbalermachine.com\/tr\/wp-json\/wp\/v2\/product_cat?post=12714"},{"taxonomy":"product_tag","embeddable":true,"href":"https:\/\/www.unitetopbalermachine.com\/tr\/wp-json\/wp\/v2\/product_tag?post=12714"}],"curies":[{"name":"wp","href":"https:\/\/api.w.org\/{rel}","templated":true}]}}