{"id":12704,"date":"2025-03-13T01:03:40","date_gmt":"2025-03-13T01:03:40","guid":{"rendered":"https:\/\/www.unitetopbalermachine.com\/product\/ydj-serisi-hidrolik-balya-kesme-makinesi\/"},"modified":"2025-07-25T05:31:05","modified_gmt":"2025-07-25T05:31:05","slug":"ydj-serisi-hidrolik-balya-kesme-makinesi","status":"publish","type":"product","link":"https:\/\/www.unitetopbalermachine.com\/tr\/ydj-serisi-hidrolik-balya-kesme-makinesi.html","title":{"rendered":"YDJ Serisi Hidrolik Balya Kesme Makinesi"},"content":{"rendered":"<h2>Teknik \u00d6zellikler<\/h2>\n<table>\n<tbody>\n<tr>\n<td>\u00d6rnek<\/td>\n<td>Maksimum Kesme Kuvveti (Ton)<\/td>\n<td>Pres kutusu boyutu (mm)<\/td>\n<td>Balya kesiti\uff08mm\uff09<\/td>\n<td>K\u0131rpma Frekans\u0131 (defa\/dakika)<\/td>\n<td>G\u00fc\u00e7 (kw)<\/td>\n<\/tr>\n<tr>\n<td>YDJ-4000<\/td>\n<td>400<\/td>\n<td>4000x1500x800<\/td>\n<td>500&#215;400<\/td>\n<td>4-7<\/td>\n<td>2&#215;45<\/td>\n<\/tr>\n<tr>\n<td>YDJ-5000<\/td>\n<td>500<\/td>\n<td>5000x2000x900<\/td>\n<td>650&#215;500<\/td>\n<td>4-7<\/td>\n<td>3&#215;45<\/td>\n<\/tr>\n<tr>\n<td>YDJ-6300<\/td>\n<td>630<\/td>\n<td>6000x2200x1200<\/td>\n<td>720&#215;650<\/td>\n<td>4-7<\/td>\n<td>6&#215;45<\/td>\n<\/tr>\n<\/tbody>\n<\/table>\n<h2>Temel Bile\u015fenler<\/h2>\n<p><img fetchpriority=\"high\" decoding=\"async\" class=\"alignnone size-full wp-image-11490\" src=\"https:\/\/www.unitetopbalermachine.com\/wp-content\/uploads\/2025\/03\/YDJ-Series-Hydraulic-Baler-Shear-Machine-Key-Components.jpg\" alt=\"YDJ Serisi Hidrolik Balya Kesme Makinesinin Temel Bile\u015fenleri\" width=\"1200\" height=\"537\" srcset=\"https:\/\/www.unitetopbalermachine.com\/wp-content\/uploads\/2025\/03\/YDJ-Series-Hydraulic-Baler-Shear-Machine-Key-Components.jpg 1200w, https:\/\/www.unitetopbalermachine.com\/wp-content\/uploads\/2025\/03\/YDJ-Series-Hydraulic-Baler-Shear-Machine-Key-Components-300x134.jpg 300w, https:\/\/www.unitetopbalermachine.com\/wp-content\/uploads\/2025\/03\/YDJ-Series-Hydraulic-Baler-Shear-Machine-Key-Components-1024x458.jpg 1024w, https:\/\/www.unitetopbalermachine.com\/wp-content\/uploads\/2025\/03\/YDJ-Series-Hydraulic-Baler-Shear-Machine-Key-Components-768x344.jpg 768w, https:\/\/www.unitetopbalermachine.com\/wp-content\/uploads\/2025\/03\/YDJ-Series-Hydraulic-Baler-Shear-Machine-Key-Components-600x269.jpg 600w\" sizes=\"(max-width: 1200px) 100vw, 1200px\" \/><\/p>\n<p>YDJ serisi hidrolik balya kesme makinemiz, verimli ve g\u00fcvenilir metal i\u015flemeyi sa\u011flamak i\u00e7in geli\u015fmi\u015f hidrolik, elektrik ve mekanik sistemleri bir araya getirir.<\/p>\n<ul>\n<li><strong>Hidrolik Sistem:<\/strong> G\u00fc\u00e7l\u00fc kesme ve balyalama kuvvetlerini hassas kontrolle sa\u011flayan y\u00fcksek bas\u0131n\u00e7l\u0131 hidrolik valfler, pompalar ve silindirlere sahiptir.<\/li>\n<li><strong>Ya\u011flama ve \u0130zleme:<\/strong> Makinenin \u00e7al\u0131\u015fmas\u0131n\u0131 optimize etmek ve hizmet \u00f6mr\u00fcn\u00fc uzatmak i\u00e7in otomatik ya\u011flama sistemi ve bas\u0131n\u00e7 sens\u00f6rleri ile donat\u0131lm\u0131\u015ft\u0131r.<\/li>\n<li><strong>Kontrol Sistemi:<\/strong> Geli\u015fmi\u015f PLC kontrol\u00fc ve servo s\u00fcr\u00fcc\u00fcler, kesintisiz otomasyon, y\u00fcksek verimlilik ve istikrarl\u0131 performans sa\u011flar.<\/li>\n<li><strong>G\u00fcvenlik ve Koruma:<\/strong> Acil durdurma fonksiyonlar\u0131, bas\u0131n\u00e7 tahliye vanalar\u0131 ve g\u00fcvenli \u00e7al\u0131\u015fma i\u00e7in koruyucu muhafazalar i\u00e7erir.<\/li>\n<li><strong>Mekanik Yap\u0131:<\/strong> A\u011f\u0131r hizmet tipi \u00e7elik bile\u015fenler, hassas i\u015flenmi\u015f par\u00e7alar ve a\u015f\u0131nmaya dayan\u0131kl\u0131 malzemeler dayan\u0131kl\u0131l\u0131\u011f\u0131 ve performans\u0131 art\u0131r\u0131r.<\/li>\n<\/ul>\n<h2>Uygulamalar<\/h2>\n<p>YDJ serisi hidrolik balya kesme makinemiz, hurda geri d\u00f6n\u00fc\u015f\u00fcm\u00fc, at\u0131k azaltma ve malzeme geri kazan\u0131m\u0131 i\u00e7in ideal olan verimli metal i\u015flemeyi sa\u011flar.<\/p>\n<p><strong>\u00d6n y\u00fckleme ve kesme<\/strong><br \/>\n\u00c7e\u015fitli hurda metalleri verimli bir \u015fekilde \u00f6n y\u00fckler ve keser, geri d\u00f6n\u00fc\u015f\u00fcm i\u00e7in i\u015flemeyi optimize eder ve daha kolay kullan\u0131m i\u00e7in malzeme hacmini azalt\u0131r.<\/p>\n<p><strong>Kesme takviyesi<\/strong><br \/>\nG\u00fc\u00e7lendirilmi\u015f metal yap\u0131lar\u0131 etkili bir \u015fekilde keserek, hurda i\u015fleme ve geri d\u00f6n\u00fc\u015f\u00fcm uygulamalar\u0131 i\u00e7in kal\u0131n malzemelerin hassas bir \u015fekilde kesilmesini sa\u011flar.<\/p>\n<p><strong>Paketlenmi\u015f ince malzeme<\/strong><br \/>\n\u0130nce metal malzemeleri s\u0131k\u0131\u015ft\u0131r\u0131r ve paketler, geri d\u00f6n\u00fc\u015f\u00fcm kalitesini korurken depolama verimlili\u011fini ve nakliye kolayl\u0131\u011f\u0131n\u0131 art\u0131r\u0131r.<\/p>\n<p><strong>S\u0131k\u0131\u015ft\u0131rma, kesme araba g\u00f6vdesi<\/strong><br \/>\nT\u00fcm ara\u00e7 g\u00f6vdelerini s\u0131k\u0131\u015ft\u0131r\u0131r ve keser, geri d\u00f6n\u00fc\u015f\u00fcm s\u00fcrecini kolayla\u015ft\u0131r\u0131r ve verimli malzeme geri kazan\u0131m\u0131 i\u00e7in hacmi azalt\u0131r.<\/p>\n<h2>YDJ Serisi Hidrolik Balya Kesme Makinesini Metal Kesiminde \u0130zleyin!<\/h2>\n<div class=\"ast-oembed-container \" style=\"height: 100%;\"><iframe title=\"630 tons YDJ baler shear machine for scrap metal shear\" width=\"500\" height=\"281\" src=\"https:\/\/www.youtube.com\/embed\/Ir3TahMqm0o?feature=oembed\" frameborder=\"0\" allow=\"accelerometer; autoplay; clipboard-write; encrypted-media; gyroscope; picture-in-picture; web-share\" referrerpolicy=\"strict-origin-when-cross-origin\" allowfullscreen><\/iframe><\/div>\n","protected":false},"excerpt":{"rendered":"<p>YDJ Serisi Hidrolik Balya Makas\u0131m\u0131z, g\u00fc\u00e7l\u00fc \u00f6n y\u00fckleme, s\u0131k\u0131\u015ft\u0131rma ve kesme yetenekleri sunarak hurda metali verimli bir \u015fekilde i\u015flemek i\u00e7in idealdir.<\/p>\n<p>Takviye kesme, ara\u00e7 g\u00f6vdesi s\u0131k\u0131\u015ft\u0131rma ve ince malzeme paketleme i\u00e7in tasarlanm\u0131\u015f olup, optimize edilmi\u015f ta\u015f\u0131ma ve geri d\u00f6n\u00fc\u015f\u00fcm i\u00e7in y\u00fcksek yo\u011funluklu balyalar sa\u011flar.<\/p>\n<p>Geli\u015fmi\u015f hidrolik sistem, istikrarl\u0131 \u00e7al\u0131\u015fma, y\u00fcksek kesme kuvveti ve g\u00fcvenilir performans sa\u011flayarak, \u00fcretkenli\u011fi art\u0131r\u0131rken i\u015f\u00e7ilik maliyetlerini de azalt\u0131r.<\/p>\n<ul>\n<li>Y\u00fcksek Kesme Kuvveti Kapasitesi<\/li>\n<li>\u00c7ok Y\u00f6nl\u00fc Malzeme \u0130\u015fleme<\/li>\n<li>Sa\u011flam Hidrolik Sistem<\/li>\n<li>\u00d6zelle\u015ftirilebilir Pres Kutusu Boyutu<\/li>\n<\/ul>\n","protected":false},"featured_media":11197,"template":"","meta":{"site-sidebar-layout":"default","site-content-layout":"","ast-site-content-layout":"default","site-content-style":"default","site-sidebar-style":"default","ast-global-header-display":"","ast-banner-title-visibility":"","ast-main-header-display":"","ast-hfb-above-header-display":"","ast-hfb-below-header-display":"","ast-hfb-mobile-header-display":"","site-post-title":"","ast-breadcrumbs-content":"","ast-featured-img":"","footer-sml-layout":"","theme-transparent-header-meta":"default","adv-header-id-meta":"","stick-header-meta":"","header-above-stick-meta":"","header-main-stick-meta":"","header-below-stick-meta":"","astra-migrate-meta-layouts":"set","ast-page-background-enabled":"default","ast-page-background-meta":{"desktop":{"background-color":"var(--ast-global-color-4)","background-image":"","background-repeat":"repeat","background-position":"center center","background-size":"auto","background-attachment":"scroll","background-type":"","background-media":"","overlay-type":"","overlay-color":"","overlay-opacity":"","overlay-gradient":""},"tablet":{"background-color":"","background-image":"","background-repeat":"repeat","background-position":"center center","background-size":"auto","background-attachment":"scroll","background-type":"","background-media":"","overlay-type":"","overlay-color":"","overlay-opacity":"","overlay-gradient":""},"mobile":{"background-color":"","background-image":"","background-repeat":"repeat","background-position":"center center","background-size":"auto","background-attachment":"scroll","background-type":"","background-media":"","overlay-type":"","overlay-color":"","overlay-opacity":"","overlay-gradient":""}},"ast-content-background-meta":{"desktop":{"background-color":"var(--ast-global-color-5)","background-image":"","background-repeat":"repeat","background-position":"center center","background-size":"auto","background-attachment":"scroll","background-type":"","background-media":"","overlay-type":"","overlay-color":"","overlay-opacity":"","overlay-gradient":""},"tablet":{"background-color":"var(--ast-global-color-5)","background-image":"","background-repeat":"repeat","background-position":"center center","background-size":"auto","background-attachment":"scroll","background-type":"","background-media":"","overlay-type":"","overlay-color":"","overlay-opacity":"","overlay-gradient":""},"mobile":{"background-color":"var(--ast-global-color-5)","background-image":"","background-repeat":"repeat","background-position":"center center","background-size":"auto","background-attachment":"scroll","background-type":"","background-media":"","overlay-type":"","overlay-color":"","overlay-opacity":"","overlay-gradient":""}}},"product_brand":[],"product_cat":[107],"product_tag":[],"class_list":{"0":"post-12704","1":"product","2":"type-product","3":"status-publish","4":"has-post-thumbnail","6":"product_cat-hurda-metal-kesme","7":"desktop-align-left","8":"tablet-align-left","9":"mobile-align-left","11":"first","12":"instock","13":"shipping-taxable","14":"product-type-simple"},"_links":{"self":[{"href":"https:\/\/www.unitetopbalermachine.com\/tr\/wp-json\/wp\/v2\/product\/12704","targetHints":{"allow":["GET"]}}],"collection":[{"href":"https:\/\/www.unitetopbalermachine.com\/tr\/wp-json\/wp\/v2\/product"}],"about":[{"href":"https:\/\/www.unitetopbalermachine.com\/tr\/wp-json\/wp\/v2\/types\/product"}],"wp:featuredmedia":[{"embeddable":true,"href":"https:\/\/www.unitetopbalermachine.com\/tr\/wp-json\/wp\/v2\/media\/11197"}],"wp:attachment":[{"href":"https:\/\/www.unitetopbalermachine.com\/tr\/wp-json\/wp\/v2\/media?parent=12704"}],"wp:term":[{"taxonomy":"product_brand","embeddable":true,"href":"https:\/\/www.unitetopbalermachine.com\/tr\/wp-json\/wp\/v2\/product_brand?post=12704"},{"taxonomy":"product_cat","embeddable":true,"href":"https:\/\/www.unitetopbalermachine.com\/tr\/wp-json\/wp\/v2\/product_cat?post=12704"},{"taxonomy":"product_tag","embeddable":true,"href":"https:\/\/www.unitetopbalermachine.com\/tr\/wp-json\/wp\/v2\/product_tag?post=12704"}],"curies":[{"name":"wp","href":"https:\/\/api.w.org\/{rel}","templated":true}]}}