{"id":12686,"date":"2025-03-13T01:04:45","date_gmt":"2025-03-13T01:04:45","guid":{"rendered":"https:\/\/www.unitetopbalermachine.com\/product\/spj-serisi-otomatik-kontrollu-metal-parcalama-makinesi\/"},"modified":"2026-03-18T09:55:34","modified_gmt":"2026-03-18T09:55:34","slug":"spj-serisi-otomatik-kontrollu-metal-parcalama-makinesi","status":"publish","type":"product","link":"https:\/\/www.unitetopbalermachine.com\/tr\/spj-serisi-otomatik-kontrollu-metal-parcalama-makinesi.html","title":{"rendered":"SPJ Serisi Otomatik Kontroll\u00fc Metal Par\u00e7alama Makinesi"},"content":{"rendered":"<h2>\u00dcr\u00fcn detaylar\u0131<\/h2>\n<p>Metal par\u00e7alay\u0131c\u0131 makinesi, par\u00e7alar\u0131n birbiriyle m\u00fckemmel \u015fekilde de\u011fi\u015ftirilebilirli\u011fini sa\u011flayan standartla\u015ft\u0131r\u0131lm\u0131\u015f mod\u00fcler bir yap\u0131ya sahip, son derece \u00e7ok y\u00f6nl\u00fc ve \u00e7ok i\u015flevli bir cihazd\u0131r. Hassas kal\u0131pla d\u00f6v\u00fclm\u00fc\u015f \u00e7elikten \u00fcretilmi\u015f yard\u0131mc\u0131 b\u0131\u00e7aklara sahiptir; bu da dayan\u0131kl\u0131l\u0131\u011f\u0131 ve kesme performans\u0131n\u0131 art\u0131r\u0131r. <\/p>\n<p>Bu makinenin temel i\u015flevi, b\u00fcy\u00fck boyutlu variller ve hacimli metal at\u0131klar dahil olmak \u00fczere b\u00fcy\u00fck metal malzemeleri par\u00e7alamak ve s\u0131k\u0131\u015ft\u0131rarak, verimli nakliye ve geri d\u00f6n\u00fc\u015f\u00fcm i\u00e7in daha kompakt hale getirmektir. Malzemeleri istenen levha boyutuna indirgeyerek, y\u0131\u011f\u0131n yo\u011funlu\u011funu art\u0131r\u0131r ve b\u00f6ylece elle\u00e7lemeyi ve yeniden kullan\u0131m\u0131 kolayla\u015ft\u0131r\u0131r. \u015e\u0131k tasar\u0131m\u0131, sa\u011flam yap\u0131s\u0131 ve kompakt boyutlar\u0131yla bu makine, i\u015fleme kapasitesini ve par\u00e7alama verimlili\u011fini art\u0131rmakla kalmaz, ayn\u0131 zamanda uygulama alanlar\u0131n\u0131 da geni\u015fletir.  <\/p>\n<p>Hurda metali par\u00e7alamak i\u00e7in yayg\u0131n olarak kullan\u0131lan par\u00e7alay\u0131c\u0131, lojistik ve geri d\u00f6n\u00fc\u015f\u00fcm s\u00fcre\u00e7lerini kolayla\u015ft\u0131rmak amac\u0131yla y\u0131\u011f\u0131n yo\u011funlu\u011funu optimize etmeye yard\u0131mc\u0131 olur. Bu makine \u00f6zellikle boya kovalar\u0131, dizel varilleri, ince sac levhalar, araba g\u00f6vdeleri, s\u0131k\u0131\u015ft\u0131r\u0131lm\u0131\u015f metal bloklar ve sac hurdalar\u0131n\u0131n i\u015flenmesinde son derece etkilidir. B\u0131\u00e7aklar, ola\u011fan\u00fcst\u00fc a\u015f\u0131nma direnci ve dayan\u0131kl\u0131l\u0131k sa\u011flayan y\u00fcksek mukavemetli ala\u015f\u0131ml\u0131 \u00e7elikten imal edilmi\u015ftir; bu da makineyi uzun vadeli a\u011f\u0131r hizmet uygulamalar\u0131 i\u00e7in g\u00fcvenilir k\u0131lar.  <\/p>\n<h3>\u00d6zellikler<\/h3>\n<p>1. Sa\u011flam hareketli b\u0131\u00e7ak, k\u0131rma verimlili\u011fini art\u0131r\u0131rken, ala\u015f\u0131ml\u0131 \u00e7elik d\u00f6k\u00fcm sayesinde dayan\u0131kl\u0131l\u0131k ve uzun hizmet \u00f6mr\u00fc sa\u011flar.<\/p>\n<p>2. Kal\u0131n \u00e7er\u00e7eve plakas\u0131 y\u00fcksek torka dayanarak ola\u011fan\u00fcst\u00fc bir sa\u011flaml\u0131k ve stabilite sa\u011flar.<\/p>\n<p>3. Bir mikrobilgisayar (PLC) otomatik kontrol sistemi ile donat\u0131lm\u0131\u015f olup, otomatik ters \u00e7evirme i\u015flevi ile birlikte \u00e7al\u0131\u015ft\u0131rma, durdurma, ters \u00e7evirme ve a\u015f\u0131r\u0131 y\u00fck korumas\u0131 sa\u011flar.<\/p>\n<p>4. Metal par\u00e7alay\u0131c\u0131m\u0131z d\u00fc\u015f\u00fck h\u0131zda ve y\u00fcksek torkla \u00e7al\u0131\u015f\u0131r; \u00e7evre koruma standartlar\u0131n\u0131 kar\u015f\u0131larken g\u00fcr\u00fclt\u00fc ve toz olu\u015fumunu en aza indirir.<\/p>\n<p>5. Kolay ayarlama, d\u00fc\u015f\u00fck bak\u0131m maliyetleri ve uzun vadede maliyet etkinli\u011fi sa\u011flayacak \u015fekilde tasarlanm\u0131\u015ft\u0131r.<\/p>\n<p>6. Tak\u0131m kal\u0131nl\u0131\u011f\u0131 ve b\u0131\u00e7ak t\u0131rna\u011f\u0131 say\u0131s\u0131, farkl\u0131 malzeme i\u015fleme gereksinimlerine g\u00f6re \u00f6zelle\u015ftirilebilir.<\/p>\n<h2>Metal par\u00e7alay\u0131c\u0131 makinesinin \u00e7al\u0131\u015fma prensibi<\/h2>\n<p>Malzeme kutunun i\u00e7indeki par\u00e7alama makinesine beslenir ve ard\u0131ndan par\u00e7alama b\u0131\u00e7a\u011f\u0131 taraf\u0131ndan y\u0131rt\u0131lma, s\u0131k\u0131\u015ft\u0131rma, kesme ve di\u011fer kapsaml\u0131 i\u015flemlerden ge\u00e7irildikten sonra, kutunun alt k\u0131sm\u0131ndan \u00e7\u0131kan gereksinimleri kar\u015f\u0131layacak \u015fekilde k\u00fc\u00e7\u00fck par\u00e7alara ayr\u0131l\u0131r.<\/p>\n<p>Metal par\u00e7alay\u0131c\u0131 makinesinin geli\u015ftirilmesi, i\u015fleme yoluyla geni\u015f alandaki malzeme y\u0131\u011f\u0131nlar\u0131n\u0131 ortadan kald\u0131rmakla kalmaz, ayn\u0131 zamanda nakliyesi ve geri d\u00f6n\u00fc\u015f\u00fcm\u00fc de kolayla\u015ft\u0131r\u0131r. S\u00fcrecin en \u00f6nemli par\u00e7alar\u0131 kesici kafa ve motordur; metal par\u00e7alay\u0131c\u0131 makinesi metal malzemeleri par\u00e7alar ve kesici kafan\u0131n sertli\u011fi ile a\u015f\u0131nma direnci konusunda gereksinimler \u00f6zellikle y\u00fcksektir; bu gereksinimler kar\u015f\u0131lanmazsa makine hasar g\u00f6r\u00fcr. <\/p>\n<h2>Metal Par\u00e7alay\u0131c\u0131 Makinesi Detaylar\u0131<\/h2>\n<table class=\"table03132\">\n<tbody>\n<tr>\n<td><img fetchpriority=\"high\" decoding=\"async\" class=\"alignnone size-full wp-image-11261\" src=\"https:\/\/www.unitetopbalermachine.com\/wp-content\/uploads\/2025\/03\/Metal-Shredder-Machine-Blade.jpg\" alt=\"Metal Par\u00e7alay\u0131c\u0131 Makinesi B\u0131\u00e7a\u011f\u0131\" width=\"600\" height=\"450\" srcset=\"https:\/\/www.unitetopbalermachine.com\/wp-content\/uploads\/2025\/03\/Metal-Shredder-Machine-Blade.jpg 600w, https:\/\/www.unitetopbalermachine.com\/wp-content\/uploads\/2025\/03\/Metal-Shredder-Machine-Blade-300x225.jpg 300w\" sizes=\"(max-width: 600px) 100vw, 600px\" \/><\/td>\n<td>1. Metal par\u00e7alay\u0131c\u0131 makinesi b\u0131\u00e7a\u011f\u0131<br \/>\nMetal par\u00e7alay\u0131c\u0131 makinesinin hammadde \u00f6zelliklerine g\u00f6re b\u0131\u00e7a\u011f\u0131 sizin i\u00e7in \u00f6zelle\u015ftirebiliriz.<\/td>\n<\/tr>\n<tr>\n<td><img decoding=\"async\" class=\"alignnone size-full wp-image-11273\" src=\"https:\/\/www.unitetopbalermachine.com\/wp-content\/uploads\/2025\/03\/Metal-Shredder-Machine-Control-Button.jpg\" alt=\"Metal Par\u00e7alay\u0131c\u0131 Makinesi Kontrol D\u00fc\u011fmesi\" width=\"600\" height=\"661\" srcset=\"https:\/\/www.unitetopbalermachine.com\/wp-content\/uploads\/2025\/03\/Metal-Shredder-Machine-Control-Button.jpg 600w, https:\/\/www.unitetopbalermachine.com\/wp-content\/uploads\/2025\/03\/Metal-Shredder-Machine-Control-Button-272x300.jpg 272w\" sizes=\"(max-width: 600px) 100vw, 600px\" \/><\/td>\n<td>2. Kontrol D\u00fc\u011fmesi<br \/>\nMetal par\u00e7alay\u0131c\u0131 makinemiz, kullan\u0131m\u0131 daha kolay hale getiren otomatik kontrol sistemine sahiptir ve bak\u0131m\u0131 kolayd\u0131r.<\/td>\n<\/tr>\n<tr>\n<td><img decoding=\"async\" class=\"alignnone size-full wp-image-11285\" src=\"https:\/\/www.unitetopbalermachine.com\/wp-content\/uploads\/2025\/03\/Small-All-In-One-Metal-Shredder-Machine.jpg\" alt=\"K\u00fc\u00e7\u00fck Boyutlu Hepsi Bir Arada Metal Par\u00e7alay\u0131c\u0131 Makinesi\" width=\"600\" height=\"453\" srcset=\"https:\/\/www.unitetopbalermachine.com\/wp-content\/uploads\/2025\/03\/Small-All-In-One-Metal-Shredder-Machine.jpg 600w, https:\/\/www.unitetopbalermachine.com\/wp-content\/uploads\/2025\/03\/Small-All-In-One-Metal-Shredder-Machine-300x227.jpg 300w\" sizes=\"(max-width: 600px) 100vw, 600px\" \/><\/td>\n<td>3. Hepsi bir arada makine<br \/>\nK\u00fc\u00e7\u00fck boyutlu hepsi bir arada metal par\u00e7alay\u0131c\u0131 makinemiz \u00f6zel bir tasar\u0131ma sahiptir, az yer kaplar ve g\u00fcvenlik ile kullan\u0131\u015fl\u0131l\u0131k \u00f6zelliklerine sahiptir.<\/td>\n<\/tr>\n<\/tbody>\n<\/table>\n<h2>Metal Par\u00e7alay\u0131c\u0131 T\u00fcrlerimiz<\/h2>\n<p><img loading=\"lazy\" decoding=\"async\" class=\"size-full wp-image-14322 aligncenter\" src=\"https:\/\/www.unitetopbalermachine.com\/wp-content\/uploads\/2025\/03\/Metal-Shredder-Types.jpg\" alt=\"Metal Par\u00e7alay\u0131c\u0131 T\u00fcrleri\" width=\"900\" height=\"600\" srcset=\"https:\/\/www.unitetopbalermachine.com\/wp-content\/uploads\/2025\/03\/Metal-Shredder-Types.jpg 900w, https:\/\/www.unitetopbalermachine.com\/wp-content\/uploads\/2025\/03\/Metal-Shredder-Types-300x200.jpg 300w, https:\/\/www.unitetopbalermachine.com\/wp-content\/uploads\/2025\/03\/Metal-Shredder-Types-768x512.jpg 768w, https:\/\/www.unitetopbalermachine.com\/wp-content\/uploads\/2025\/03\/Metal-Shredder-Types-600x400.jpg 600w\" sizes=\"(max-width: 900px) 100vw, 900px\" \/><\/p>\n<h3>Tek Mil Metal Par\u00e7alay\u0131c\u0131<\/h3>\n<ul>\n<li>Hafif ila orta a\u011f\u0131rl\u0131ktaki hurdalar i\u00e7in optimize edilmi\u015ftir ve tutarl\u0131 par\u00e7alama verimlili\u011fi sa\u011flar.<\/li>\n<li>De\u011fi\u015ftirilebilir b\u0131\u00e7aklar sayesinde bak\u0131m kolayl\u0131\u011f\u0131 ve kesinti s\u00fcresinin en aza indirilmesi.<\/li>\n<li>Enerji verimli tasar\u0131m, i\u015flevsellikten \u00f6d\u00fcn vermeden i\u015fletme maliyetlerini d\u00fc\u015f\u00fcr\u00fcr.<\/li>\n<\/ul>\n<h3>\u00c7ift Mil Metal Par\u00e7alay\u0131c\u0131<\/h3>\n<ul>\n<li>Daha b\u00fcy\u00fck ve daha sert hurdalar\u0131, daha y\u00fcksek i\u015fleme kapasitesiyle i\u015fler.<\/li>\n<li>\u00c7ift rotor, homojen par\u00e7alama sa\u011flar ve malzeme s\u0131k\u0131\u015fmas\u0131n\u0131 azalt\u0131r.<\/li>\n<li>S\u00fcrekli ve a\u011f\u0131r end\u00fcstriyel kullan\u0131mlara uygun sa\u011flam yap\u0131.<\/li>\n<\/ul>\n<h3>Mobil Metal Par\u00e7alay\u0131c\u0131<\/h3>\n<ul>\n<li>Esnek kurulum, birden fazla lokasyonda veya ge\u00e7ici kurulumlarda \u00e7al\u0131\u015fmaya olanak tan\u0131r.<\/li>\n<li>Sahada hurda i\u015fleme i\u00e7in hareket kabiliyeti sunan kompakt tasar\u0131m.<\/li>\n<li>H\u0131zl\u0131 kurulum ve nakliye, ar\u0131za s\u00fcresini ve lojistik maliyetlerini azalt\u0131r.<\/li>\n<\/ul>\n<h3>A\u011f\u0131r Hizmet Tipi End\u00fcstriyel Par\u00e7alay\u0131c\u0131<\/h3>\n<ul>\n<li>End\u00fcstriyel ortamlarda s\u00fcrekli ve y\u00fcksek hacimli metal geri d\u00f6n\u00fc\u015f\u00fcm\u00fc i\u00e7in tasarlanm\u0131\u015ft\u0131r.<\/li>\n<li>G\u00fc\u00e7lendirilmi\u015f rotor ve g\u00f6vde, a\u015f\u0131r\u0131 a\u015f\u0131nma ve y\u0131pranmaya dayan\u0131kl\u0131d\u0131r.<\/li>\n<li>Zorlu son i\u015flem gereksinimlerini kar\u015f\u0131lamak i\u00e7in \u00f6zelle\u015ftirilebilir \u00e7\u0131kt\u0131 boyutu.<\/li>\n<\/ul>\n<h2>Uygulamalar<\/h2>\n<p>Metal par\u00e7alama makineleri bir\u00e7ok sekt\u00f6re hizmet ederek geri d\u00f6n\u00fc\u015f\u00fcm verimlili\u011fini art\u0131r\u0131r ve at\u0131k i\u015fleme maliyetlerini d\u00fc\u015f\u00fcr\u00fcr.<\/p>\n<ul>\n<li><strong>Otomotiv Geri D\u00f6n\u00fc\u015f\u00fcm\u00fc:<\/strong> Hurda geri kazan\u0131m\u0131 amac\u0131yla araba g\u00f6vdelerinin, \u015fasilerin ve metal par\u00e7alar\u0131n par\u00e7alanmas\u0131.<\/li>\n<li><strong>Elektrik Kablo ve Tel \u0130\u015fleme:<\/strong> Bak\u0131r, al\u00fcminyum ve kar\u0131\u015f\u0131k kablo hurdalar\u0131n\u0131 verimli bir \u015fekilde i\u015fler.<\/li>\n<li><strong>\u00c7elik, Al\u00fcminyum ve Bak\u0131r Hurdalar\u0131:<\/strong> B\u00fcy\u00fck end\u00fcstriyel hurdalar\u0131, ileri i\u015fleme i\u00e7in tek tip boyutlara indirger.<\/li>\n<li><strong>Elektronik At\u0131k Geri D\u00f6n\u00fc\u015f\u00fcm\u00fc:<\/strong> Bilgisayarlar, ev aletleri ve elektronik bile\u015fenler dahil olmak \u00fczere elektronik at\u0131klar\u0131 g\u00fcvenli bir \u015fekilde i\u015fler.<\/li>\n<li><strong>End\u00fcstriyel ve D\u00f6k\u00fcmhane Hurdalar\u0131n\u0131n Azalt\u0131lmas\u0131:<\/strong> Fabrikalar, d\u00f6k\u00fcmhaneler ve metal i\u015fleme tesislerinde metal at\u0131k y\u00f6netimini optimize eder.<\/li>\n<\/ul>\n<p><img loading=\"lazy\" decoding=\"async\" class=\"size-full wp-image-11454 aligncenter\" src=\"https:\/\/www.unitetopbalermachine.com\/wp-content\/uploads\/2025\/03\/SPJ-Series-Automatic-Control-Metal-Shredder-Machine-Applications.jpg\" alt=\"SPJ Serisi Otomatik Kontroll\u00fc Metal Par\u00e7alay\u0131c\u0131 Makinesi Uygulamalar\u0131\" width=\"800\" height=\"490\" srcset=\"https:\/\/www.unitetopbalermachine.com\/wp-content\/uploads\/2025\/03\/SPJ-Series-Automatic-Control-Metal-Shredder-Machine-Applications.jpg 800w, https:\/\/www.unitetopbalermachine.com\/wp-content\/uploads\/2025\/03\/SPJ-Series-Automatic-Control-Metal-Shredder-Machine-Applications-300x184.jpg 300w, https:\/\/www.unitetopbalermachine.com\/wp-content\/uploads\/2025\/03\/SPJ-Series-Automatic-Control-Metal-Shredder-Machine-Applications-768x470.jpg 768w, https:\/\/www.unitetopbalermachine.com\/wp-content\/uploads\/2025\/03\/SPJ-Series-Automatic-Control-Metal-Shredder-Machine-Applications-600x368.jpg 600w\" sizes=\"(max-width: 800px) 100vw, 800px\" \/><\/p>\n<h2>Teknik \u00d6zellikler<\/h2>\n<table>\n<tbody>\n<tr>\n<td><strong>\u00d6rnek<\/strong><\/td>\n<td><strong>B\u0131\u00e7ak \u00c7ap\u0131 (mm)<\/strong><\/td>\n<td><strong>H\u00fccre Boyutu (mm)<\/strong><\/td>\n<td><strong>Kapasite (kg\/saat)<\/strong><\/td>\n<td><strong>G\u00fc\u00e7(kw)<\/strong><\/td>\n<td><strong>Makine Boyutu (mm)<\/strong><\/td>\n<td><strong>A\u011f\u0131rl\u0131k (kg)<\/strong><\/td>\n<\/tr>\n<tr>\n<td>SPJ-600<\/td>\n<td>260<\/td>\n<td>600\u00d7550<\/td>\n<td>800-500<\/td>\n<td>15<\/td>\n<td>1800\u00d71300\u00d71700<\/td>\n<td>2850<\/td>\n<\/tr>\n<tr>\n<td>SPJ-800<\/td>\n<td>300<\/td>\n<td>800\u00d7600<\/td>\n<td>500-800<\/td>\n<td>37<\/td>\n<td>2800\u00d71800\u00d72100<\/td>\n<td>4200<\/td>\n<\/tr>\n<tr>\n<td>SPJ-1000<\/td>\n<td>350<\/td>\n<td>1000\u00d7700<\/td>\n<td>800-1500<\/td>\n<td>45<\/td>\n<td>2800\u00d72000\u00d72100<\/td>\n<td>6500<\/td>\n<\/tr>\n<tr>\n<td>SPJ-1200<\/td>\n<td>400<\/td>\n<td>1200\u00d7900<\/td>\n<td>1500-2500<\/td>\n<td>55<\/td>\n<td>2800\u00d72500\u00d72100<\/td>\n<td>7800<\/td>\n<\/tr>\n<tr>\n<td>SPJ-1400<\/td>\n<td>450<\/td>\n<td>1400\u00d7900<\/td>\n<td>2500-4000<\/td>\n<td>75<\/td>\n<td>2800\u00d72800\u00d72100<\/td>\n<td>9600<\/td>\n<\/tr>\n<tr>\n<td>SPJ-1600<\/td>\n<td>500<\/td>\n<td>1600\u00d71000<\/td>\n<td>4000-6000<\/td>\n<td>90<\/td>\n<td>3000\u00d72800\u00d72100<\/td>\n<td>12500<\/td>\n<\/tr>\n<\/tbody>\n<\/table>\n<h2>\u0130\u015fbirli\u011fi Yapan Tedarik\u00e7iler<\/h2>\n<p><img loading=\"lazy\" decoding=\"async\" class=\"size-full wp-image-11297 aligncenter\" src=\"https:\/\/www.unitetopbalermachine.com\/wp-content\/uploads\/2025\/03\/Cooperative-Suppliers.jpg\" alt=\"\u0130\u015fbirli\u011fi Yapan Tedarik\u00e7iler\" width=\"900\" height=\"422\" srcset=\"https:\/\/www.unitetopbalermachine.com\/wp-content\/uploads\/2025\/03\/Cooperative-Suppliers.jpg 900w, https:\/\/www.unitetopbalermachine.com\/wp-content\/uploads\/2025\/03\/Cooperative-Suppliers-300x141.jpg 300w, https:\/\/www.unitetopbalermachine.com\/wp-content\/uploads\/2025\/03\/Cooperative-Suppliers-768x360.jpg 768w, https:\/\/www.unitetopbalermachine.com\/wp-content\/uploads\/2025\/03\/Cooperative-Suppliers-600x281.jpg 600w\" sizes=\"(max-width: 900px) 100vw, 900px\" \/><\/p>\n<h2>Ambalaj<\/h2>\n<p>SPJ Serisi metal par\u00e7alay\u0131c\u0131 makinemizi korumak i\u00e7in stre\u00e7 film ambalaj veya ah\u015fap ambalaj kullanaca\u011f\u0131z; konteyneri y\u00fcklemeden \u00f6nce SPJ Serisi metal par\u00e7alay\u0131c\u0131 makinemizi \u00f6zenle koruyaca\u011f\u0131z.<\/p>\n<p><img loading=\"lazy\" decoding=\"async\" class=\"alignnone size-full wp-image-11442\" src=\"https:\/\/www.unitetopbalermachine.com\/wp-content\/uploads\/2025\/03\/SPJ-Series-Automatic-Control-Metal-Shredder-Machine-Packaging.jpg\" alt=\"SPJ Serisi Otomatik Kontroll\u00fc Metal Par\u00e7alay\u0131c\u0131 Makinesi Ambalaj\u0131\" width=\"1200\" height=\"298\" srcset=\"https:\/\/www.unitetopbalermachine.com\/wp-content\/uploads\/2025\/03\/SPJ-Series-Automatic-Control-Metal-Shredder-Machine-Packaging.jpg 1200w, https:\/\/www.unitetopbalermachine.com\/wp-content\/uploads\/2025\/03\/SPJ-Series-Automatic-Control-Metal-Shredder-Machine-Packaging-300x75.jpg 300w, https:\/\/www.unitetopbalermachine.com\/wp-content\/uploads\/2025\/03\/SPJ-Series-Automatic-Control-Metal-Shredder-Machine-Packaging-1024x254.jpg 1024w, https:\/\/www.unitetopbalermachine.com\/wp-content\/uploads\/2025\/03\/SPJ-Series-Automatic-Control-Metal-Shredder-Machine-Packaging-768x191.jpg 768w, https:\/\/www.unitetopbalermachine.com\/wp-content\/uploads\/2025\/03\/SPJ-Series-Automatic-Control-Metal-Shredder-Machine-Packaging-600x149.jpg 600w\" sizes=\"(max-width: 1200px) 100vw, 1200px\" \/><\/p>\n<h2>Hurda Par\u00e7alama Makinesini \u00c7al\u0131\u015f\u0131rken \u0130zleyin!<\/h2>\n<div class=\"ast-oembed-container \" style=\"height: 100%;\"><iframe title=\"Chinese Manufacture Automatic Control SPJ Series metal shredder machine\" width=\"500\" height=\"375\" src=\"https:\/\/www.youtube.com\/embed\/tsPp8oBwaP4?feature=oembed\" frameborder=\"0\" allow=\"accelerometer; autoplay; clipboard-write; encrypted-media; gyroscope; picture-in-picture; web-share\" referrerpolicy=\"strict-origin-when-cross-origin\" allowfullscreen><\/iframe><\/div>\n<style>.table03132{border:none;}.table03132 td{border:none;}<\/style>\n","protected":false},"excerpt":{"rendered":"<p>Metal par\u00e7alay\u0131c\u0131 makinemiz, demir, teneke kutular (al\u00fcminyum teneke kutular, kalay teneke kutular), boya kovalar\u0131 ve daha fazlas\u0131 dahil olmak \u00fczere \u00e7e\u015fitli metal \u00fcr\u00fcnleri verimli bir \u015fekilde i\u015fler. En iyi performans\u0131 sa\u011flamak i\u00e7in haz\u0131rlad\u0131\u011f\u0131m\u0131z hammaddelerle malzeme testleri sunuyoruz. <\/p>\n<p>25 y\u0131l\u0131 a\u015fk\u0131n \u00fcretim tecr\u00fcbemizle, \u00e7e\u015fitli sekt\u00f6rlerin ihtiya\u00e7lar\u0131n\u0131 kar\u015f\u0131lamak \u00fczere \u00f6zel olarak tasarlanm\u0131\u015f 3.000&#8217;den fazla hurda metal geri d\u00f6n\u00fc\u015f\u00fcm \u00e7\u00f6z\u00fcm\u00fc sunmu\u015f bulunmaktay\u0131z.<\/p>\n<ul>\n<li>Mod\u00fcler Tasar\u0131m, Kolay Bak\u0131m<\/li>\n<li>Y\u00fcksek Mukavemetli Ala\u015f\u0131ml\u0131 B\u0131\u00e7aklar<\/li>\n<li>PLC Otomatik Kontrol Sistemi<\/li>\n<li>D\u00fc\u015f\u00fck G\u00fcr\u00fclt\u00fc, Y\u00fcksek Tork<\/li>\n<li>\u00c7e\u015fitli Malzemelere Uyarlanabilir<\/li>\n<\/ul>\n","protected":false},"featured_media":11331,"template":"","meta":{"site-sidebar-layout":"default","site-content-layout":"","ast-site-content-layout":"default","site-content-style":"default","site-sidebar-style":"default","ast-global-header-display":"","ast-banner-title-visibility":"","ast-main-header-display":"","ast-hfb-above-header-display":"","ast-hfb-below-header-display":"","ast-hfb-mobile-header-display":"","site-post-title":"","ast-breadcrumbs-content":"","ast-featured-img":"","footer-sml-layout":"","theme-transparent-header-meta":"default","adv-header-id-meta":"","stick-header-meta":"","header-above-stick-meta":"","header-main-stick-meta":"","header-below-stick-meta":"","astra-migrate-meta-layouts":"set","ast-page-background-enabled":"default","ast-page-background-meta":{"desktop":{"background-color":"var(--ast-global-color-4)","background-image":"","background-repeat":"repeat","background-position":"center center","background-size":"auto","background-attachment":"scroll","background-type":"","background-media":"","overlay-type":"","overlay-color":"","overlay-opacity":"","overlay-gradient":""},"tablet":{"background-color":"","background-image":"","background-repeat":"repeat","background-position":"center center","background-size":"auto","background-attachment":"scroll","background-type":"","background-media":"","overlay-type":"","overlay-color":"","overlay-opacity":"","overlay-gradient":""},"mobile":{"background-color":"","background-image":"","background-repeat":"repeat","background-position":"center center","background-size":"auto","background-attachment":"scroll","background-type":"","background-media":"","overlay-type":"","overlay-color":"","overlay-opacity":"","overlay-gradient":""}},"ast-content-background-meta":{"desktop":{"background-color":"var(--ast-global-color-5)","background-image":"","background-repeat":"repeat","background-position":"center center","background-size":"auto","background-attachment":"scroll","background-type":"","background-media":"","overlay-type":"","overlay-color":"","overlay-opacity":"","overlay-gradient":""},"tablet":{"background-color":"var(--ast-global-color-5)","background-image":"","background-repeat":"repeat","background-position":"center center","background-size":"auto","background-attachment":"scroll","background-type":"","background-media":"","overlay-type":"","overlay-color":"","overlay-opacity":"","overlay-gradient":""},"mobile":{"background-color":"var(--ast-global-color-5)","background-image":"","background-repeat":"repeat","background-position":"center center","background-size":"auto","background-attachment":"scroll","background-type":"","background-media":"","overlay-type":"","overlay-color":"","overlay-opacity":"","overlay-gradient":""}}},"product_brand":[],"product_cat":[165],"product_tag":[],"class_list":{"0":"post-12686","1":"product","2":"type-product","3":"status-publish","4":"has-post-thumbnail","6":"product_cat-metal-parcalama-makinesi","7":"desktop-align-left","8":"tablet-align-left","9":"mobile-align-left","11":"first","12":"instock","13":"shipping-taxable","14":"product-type-simple"},"_links":{"self":[{"href":"https:\/\/www.unitetopbalermachine.com\/tr\/wp-json\/wp\/v2\/product\/12686","targetHints":{"allow":["GET"]}}],"collection":[{"href":"https:\/\/www.unitetopbalermachine.com\/tr\/wp-json\/wp\/v2\/product"}],"about":[{"href":"https:\/\/www.unitetopbalermachine.com\/tr\/wp-json\/wp\/v2\/types\/product"}],"wp:featuredmedia":[{"embeddable":true,"href":"https:\/\/www.unitetopbalermachine.com\/tr\/wp-json\/wp\/v2\/media\/11331"}],"wp:attachment":[{"href":"https:\/\/www.unitetopbalermachine.com\/tr\/wp-json\/wp\/v2\/media?parent=12686"}],"wp:term":[{"taxonomy":"product_brand","embeddable":true,"href":"https:\/\/www.unitetopbalermachine.com\/tr\/wp-json\/wp\/v2\/product_brand?post=12686"},{"taxonomy":"product_cat","embeddable":true,"href":"https:\/\/www.unitetopbalermachine.com\/tr\/wp-json\/wp\/v2\/product_cat?post=12686"},{"taxonomy":"product_tag","embeddable":true,"href":"https:\/\/www.unitetopbalermachine.com\/tr\/wp-json\/wp\/v2\/product_tag?post=12686"}],"curies":[{"name":"wp","href":"https:\/\/api.w.org\/{rel}","templated":true}]}}