{"id":3910,"date":"2024-05-06T10:21:47","date_gmt":"2024-05-06T10:21:47","guid":{"rendered":"https:\/\/www.unitetopbalermachine.com\/product\/maquina-de-cisalhamento-guilhotina-hidraulica-serie-q15\/"},"modified":"2024-09-23T03:17:00","modified_gmt":"2024-09-23T03:17:00","slug":"maquina-de-cisalhamento-guilhotina-hidraulica-serie-q15","status":"publish","type":"product","link":"https:\/\/www.unitetopbalermachine.com\/pt-br\/product\/maquina-de-cisalhamento-guilhotina-hidraulica-serie-q15\/","title":{"rendered":"M\u00e1quina de corte de sucata de guilhotina hidr\u00e1ulica s\u00e9rie Q15"},"content":{"rendered":"<h3>especifica\u00e7\u00f5es do produto<\/h3>\n<table border=\"1\" cellspacing=\"0\">\n<tbody>\n<tr>\n<td valign=\"top\" width=\"80\">\n<p align=\"center\">Modelo<\/p>\n<\/td>\n<td style=\"text-align: center;\" valign=\"top\" width=\"119\">For\u00e7a nominal (Kn\/ton)<\/td>\n<td style=\"text-align: center;\" valign=\"top\" width=\"92\">Comprimento da l\u00e2mina (mm)<\/td>\n<td style=\"text-align: center;\" valign=\"top\" width=\"112\">Tamanho m\u00e1ximo de corte (mm)<\/td>\n<td style=\"text-align: center;\" valign=\"top\" width=\"134\">Frequ\u00eancia de corte (vezes\/min)<\/td>\n<td valign=\"top\" width=\"66\">\n<p style=\"text-align: center;\" align=\"center\">Pot\u00eancia (kw)<\/p>\n<\/td>\n<\/tr>\n<tr>\n<td valign=\"top\" width=\"80\">\n<p align=\"center\">Q15-630<\/p>\n<\/td>\n<td valign=\"top\" width=\"119\">\n<p align=\"center\">630\/63<\/p>\n<\/td>\n<td valign=\"top\" width=\"92\">\n<p align=\"center\">600<\/p>\n<\/td>\n<td valign=\"top\" width=\"112\">\n<p align=\"center\">8*600<\/p>\n<\/td>\n<td valign=\"top\" width=\"134\">\n<p align=\"center\">4-7<\/p>\n<\/td>\n<td valign=\"top\" width=\"66\">\n<p align=\"center\">11<\/p>\n<\/td>\n<\/tr>\n<tr>\n<td valign=\"top\" width=\"80\">\n<p align=\"center\">Q15-1250<\/p>\n<\/td>\n<td valign=\"top\" width=\"119\">\n<p align=\"center\">1250\/125<\/p>\n<\/td>\n<td valign=\"top\" width=\"92\">\n<p align=\"center\">800\/1200<\/p>\n<\/td>\n<td valign=\"top\" width=\"112\">\n<p align=\"center\">18*800\/1200<\/p>\n<\/td>\n<td valign=\"top\" width=\"134\">\n<p align=\"center\">5-10<\/p>\n<\/td>\n<td valign=\"top\" width=\"66\">\n<p align=\"center\">15<\/p>\n<\/td>\n<\/tr>\n<tr>\n<td valign=\"top\" width=\"80\">\n<p align=\"center\">Q15-1600<\/p>\n<\/td>\n<td valign=\"top\" width=\"119\">\n<p align=\"center\">1600\/160<\/p>\n<\/td>\n<td valign=\"top\" width=\"92\">\n<p align=\"center\">1200<\/p>\n<\/td>\n<td valign=\"top\" width=\"112\">\n<p align=\"center\">20*1200<\/p>\n<\/td>\n<td valign=\"top\" width=\"134\">\n<p align=\"center\">5-10<\/p>\n<\/td>\n<td valign=\"top\" width=\"66\">\n<p align=\"center\">18.5<\/p>\n<\/td>\n<\/tr>\n<tr>\n<td valign=\"top\" width=\"80\">\n<p align=\"center\">Q15-2000<\/p>\n<\/td>\n<td valign=\"top\" width=\"119\">\n<p align=\"center\">2000\/200<\/p>\n<\/td>\n<td valign=\"top\" width=\"92\">\n<p align=\"center\">1200<\/p>\n<\/td>\n<td valign=\"top\" width=\"112\">\n<p align=\"center\">25*1200<\/p>\n<\/td>\n<td valign=\"top\" width=\"134\">\n<p align=\"center\">5-10<\/p>\n<\/td>\n<td valign=\"top\" width=\"66\">\n<p align=\"center\">22<\/p>\n<\/td>\n<\/tr>\n<tr>\n<td valign=\"top\" width=\"80\">\n<p align=\"center\">Q15-2500<\/p>\n<\/td>\n<td valign=\"top\" width=\"119\">\n<p align=\"center\">2500\/250<\/p>\n<\/td>\n<td valign=\"top\" width=\"92\">\n<p align=\"center\">1200<\/p>\n<\/td>\n<td valign=\"top\" width=\"112\">\n<p align=\"center\">28*1200<\/p>\n<\/td>\n<td valign=\"top\" width=\"134\">\n<p align=\"center\">5-10<\/p>\n<\/td>\n<td valign=\"top\" width=\"66\">\n<p align=\"center\">37<\/p>\n<\/td>\n<\/tr>\n<tr>\n<td valign=\"top\" width=\"80\">\n<p align=\"center\">Q15-3150<\/p>\n<\/td>\n<td valign=\"top\" width=\"119\">\n<p align=\"center\">3150\/315<\/p>\n<\/td>\n<td valign=\"top\" width=\"92\">\n<p align=\"center\">1200\/1500<\/p>\n<\/td>\n<td valign=\"top\" width=\"112\">\n<p align=\"center\">32*1200\/1500<\/p>\n<\/td>\n<td valign=\"top\" width=\"134\">\n<p align=\"center\">4-8<\/p>\n<\/td>\n<td valign=\"top\" width=\"66\">\n<p align=\"center\">37<\/p>\n<\/td>\n<\/tr>\n<tr>\n<td valign=\"top\" width=\"80\">\n<p align=\"center\">Q15-4000<\/p>\n<\/td>\n<td valign=\"top\" width=\"119\">\n<p align=\"center\">4000\/400<\/p>\n<\/td>\n<td valign=\"top\" width=\"92\">\n<p align=\"center\">1200\/1800<\/p>\n<\/td>\n<td valign=\"top\" width=\"112\">\n<p align=\"center\">35*1200\/1800<\/p>\n<\/td>\n<td valign=\"top\" width=\"134\">\n<p align=\"center\">5-10<\/p>\n<\/td>\n<td valign=\"top\" width=\"66\">\n<p align=\"center\">44<\/p>\n<\/td>\n<\/tr>\n<tr>\n<td valign=\"top\" width=\"80\">\n<p align=\"center\">Q15-5000<\/p>\n<\/td>\n<td valign=\"top\" width=\"119\">\n<p align=\"center\">5000\/500<\/p>\n<\/td>\n<td valign=\"top\" width=\"92\">\n<p align=\"center\">1200\/2000<\/p>\n<\/td>\n<td valign=\"top\" width=\"112\">\n<p align=\"center\">40*1200\/2000<\/p>\n<\/td>\n<td valign=\"top\" width=\"134\">\n<p align=\"center\">5-10<\/p>\n<\/td>\n<td valign=\"top\" width=\"66\">\n<p align=\"center\">74<\/p>\n<\/td>\n<\/tr>\n<tr>\n<td valign=\"top\" width=\"80\">\n<p align=\"center\">Q15-6300<\/p>\n<\/td>\n<td valign=\"top\" width=\"119\">\n<p align=\"center\">6300\/630<\/p>\n<\/td>\n<td valign=\"top\" width=\"92\">\n<p align=\"center\">900<\/p>\n<\/td>\n<td valign=\"top\" width=\"112\">\n<p align=\"center\">45*900<\/p>\n<\/td>\n<td valign=\"top\" width=\"134\">\n<p align=\"center\">6-10<\/p>\n<\/td>\n<td valign=\"top\" width=\"66\">\n<p align=\"center\">90<\/p>\n<\/td>\n<\/tr>\n<\/tbody>\n<\/table>\n<h3>Formul\u00e1rios<\/h3>\n<p> A <strong>m\u00e1quina de guilhotina hidr\u00e1ulica<\/strong> tem amplas aplica\u00e7\u00f5es em v\u00e1rios setores devido \u00e0 sua capacidade de cortar chapas de metal grossas e pesadas com precis\u00e3o. Aqui est\u00e3o algumas das principais ind\u00fastrias onde a m\u00e1quina de guilhotina hidr\u00e1ulica \u00e9 comumente usada: <\/p>\n<ol>\n<li><strong>Fabrica\u00e7\u00e3o:<\/strong> Amplamente empregada na fabrica\u00e7\u00e3o de produtos met\u00e1licos, onde \u00e9 necess\u00e1rio o corte preciso de chapas e chapas.<\/li>\n<li><strong>Automotivo:<\/strong> Utilizado na ind\u00fastria automotiva para cortar metal para pe\u00e7as de carroceria e outros componentes estruturais de ve\u00edculos.<\/li>\n<li><strong>Constru\u00e7\u00e3o Naval: <\/strong> Vital para corte de chapas de a\u00e7o e outros materiais utilizados na constru\u00e7\u00e3o e repara\u00e7\u00e3o de navios.<\/li>\n<li><strong>Constru\u00e7\u00e3o:<\/strong> Ajuda a cortar a\u00e7o estrutural para edif\u00edcios e outras infraestruturas, incluindo vigas e vergalh\u00f5es.<\/li>\n<li><strong>Aeroespacial: <\/strong> Usado para cortar ligas e metais de alta resist\u00eancia para fabricar pe\u00e7as de aeronaves.<\/li>\n<li><strong>Fabrica\u00e7\u00e3o de Metais: <\/strong> Integrante \u00e0s oficinas que customizam serralherias, auxiliando no corte de materiais nas especifica\u00e7\u00f5es exatas para diversos projetos.<\/li>\n<li><strong>Reciclagem:<\/strong> Usado em instala\u00e7\u00f5es de reciclagem de metal para cortar e preparar sucata para processamento e revenda.<\/li>\n<li><strong>Ind\u00fastria Ferrovi\u00e1ria:<\/strong> Auxilia no corte e modelagem de metais utilizados na constru\u00e7\u00e3o e manuten\u00e7\u00e3o de trilhos e m\u00e1quinas ferrovi\u00e1rias.<\/li>\n<\/ol>\n<h3>Fornecedores Cooperativos<\/h3>\n<p><img fetchpriority=\"high\" decoding=\"async\" class=\"wp-image-1707 aligncenter\" src=\"https:\/\/www.unitetopbalermachine.com\/wp-content\/uploads\/2024\/05\/COOPERATIVE-SUPPLIERS-1024x256.jpg\" alt=\"FORNECEDORES COOPERATIVOS\" width=\"701\" height=\"175\" srcset=\"https:\/\/www.unitetopbalermachine.com\/wp-content\/uploads\/2024\/05\/COOPERATIVE-SUPPLIERS-1024x256.jpg 1024w, https:\/\/www.unitetopbalermachine.com\/wp-content\/uploads\/2024\/05\/COOPERATIVE-SUPPLIERS-600x150.jpg 600w, https:\/\/www.unitetopbalermachine.com\/wp-content\/uploads\/2024\/05\/COOPERATIVE-SUPPLIERS-300x75.jpg 300w, https:\/\/www.unitetopbalermachine.com\/wp-content\/uploads\/2024\/05\/COOPERATIVE-SUPPLIERS-768x192.jpg 768w, https:\/\/www.unitetopbalermachine.com\/wp-content\/uploads\/2024\/05\/COOPERATIVE-SUPPLIERS.jpg 1200w\" sizes=\"(max-width: 701px) 100vw, 701px\" \/><\/p>\n<div id=\"highlighter--hover-tools\" style=\"display: none;\">\n<div id=\"highlighter--hover-tools--container\">\n<div class=\"highlighter--icon highlighter--icon-copy\" title=\"Copiar\"><\/div>\n<div class=\"highlighter--icon highlighter--icon-change-color\" title=\"Alterar cor\"><\/div>\n<div class=\"highlighter--icon highlighter--icon-delete\" title=\"Excluir\"><\/div>\n<\/div>\n<\/div>\n<div id=\"highlighter--hover-tools\" style=\"display: none;\">\n<div id=\"highlighter--hover-tools--container\">\n<div class=\"highlighter--icon highlighter--icon-copy\" title=\"Copiar\"><\/div>\n<div class=\"highlighter--icon highlighter--icon-change-color\" title=\"Alterar cor\"><\/div>\n<div class=\"highlighter--icon highlighter--icon-delete\" title=\"Excluir\"><\/div>\n<\/div>\n<\/div>\n","protected":false},"excerpt":{"rendered":"<ol>\n<li>Apresenta um acionamento hidr\u00e1ulico para opera\u00e7\u00e3o direta e f\u00e1cil manuten\u00e7\u00e3o.<\/li>\n<li>Oferece v\u00e1rias op\u00e7\u00f5es de for\u00e7a de cisalhamento e comprimentos de l\u00e2mina para atender \u00e0s diferentes necessidades de corte.<\/li>\n<li>N\u00e3o requer parafusos de fixa\u00e7\u00e3o e pode ser alimentado por um motor diesel opcional.<\/li>\n<li>Os comprimentos da l\u00e2mina incluem 600 mm, 800 mm e 900 mm.<\/li>\n<li>Fornece doze n\u00edveis de for\u00e7a de cisalhamento, variando de 120 a 500 toneladas.<\/li>\n<\/ol>\n<table border=\"1\" cellspacing=\"0\">\n<tbody>\n<tr>\n<td valign=\"top\" width=\"225\">Modelo<\/td>\n<td valign=\"top\" width=\"225\">S\u00e9rie Q15<\/td>\n<\/tr>\n<tr>\n<td valign=\"top\" width=\"225\">For\u00e7a M\u00e1xima de Corte<\/td>\n<td valign=\"top\" width=\"225\">120-500 Toneladas<\/td>\n<\/tr>\n<tr>\n<td valign=\"top\" width=\"225\">Comprimento da L\u00e2mina<\/td>\n<td valign=\"top\" width=\"225\">600-900mm<\/td>\n<\/tr>\n<tr>\n<td valign=\"top\" width=\"225\">Tamanho do Corte<\/td>\n<td valign=\"top\" width=\"225\">18*500-45*700mm<\/td>\n<\/tr>\n<tr>\n<td valign=\"top\" width=\"225\">Motor<\/td>\n<td valign=\"top\" width=\"225\">15kw-60kw<\/td>\n<\/tr>\n<tr>\n<td valign=\"top\" width=\"225\">Cor<\/td>\n<td valign=\"top\" width=\"225\">Personalizado<\/td>\n<\/tr>\n<tr>\n<td valign=\"top\" width=\"225\">Opera\u00e7\u00e3o<\/td>\n<td valign=\"top\" width=\"225\">Controle Manual<\/td>\n<\/tr>\n<\/tbody>\n<\/table>\n","protected":false},"featured_media":3968,"template":"","meta":{"site-sidebar-layout":"default","site-content-layout":"","ast-site-content-layout":"default","site-content-style":"default","site-sidebar-style":"default","ast-global-header-display":"","ast-banner-title-visibility":"","ast-main-header-display":"","ast-hfb-above-header-display":"","ast-hfb-below-header-display":"","ast-hfb-mobile-header-display":"","site-post-title":"","ast-breadcrumbs-content":"","ast-featured-img":"","footer-sml-layout":"","theme-transparent-header-meta":"default","adv-header-id-meta":"","stick-header-meta":"","header-above-stick-meta":"","header-main-stick-meta":"","header-below-stick-meta":"","astra-migrate-meta-layouts":"default","ast-page-background-enabled":"default","ast-page-background-meta":{"desktop":{"background-color":"var(--ast-global-color-4)","background-image":"","background-repeat":"repeat","background-position":"center center","background-size":"auto","background-attachment":"scroll","background-type":"","background-media":"","overlay-type":"","overlay-color":"","overlay-opacity":"","overlay-gradient":""},"tablet":{"background-color":"","background-image":"","background-repeat":"repeat","background-position":"center center","background-size":"auto","background-attachment":"scroll","background-type":"","background-media":"","overlay-type":"","overlay-color":"","overlay-opacity":"","overlay-gradient":""},"mobile":{"background-color":"","background-image":"","background-repeat":"repeat","background-position":"center center","background-size":"auto","background-attachment":"scroll","background-type":"","background-media":"","overlay-type":"","overlay-color":"","overlay-opacity":"","overlay-gradient":""}},"ast-content-background-meta":{"desktop":{"background-color":"var(--ast-global-color-5)","background-image":"","background-repeat":"repeat","background-position":"center center","background-size":"auto","background-attachment":"scroll","background-type":"","background-media":"","overlay-type":"","overlay-color":"","overlay-opacity":"","overlay-gradient":""},"tablet":{"background-color":"var(--ast-global-color-5)","background-image":"","background-repeat":"repeat","background-position":"center center","background-size":"auto","background-attachment":"scroll","background-type":"","background-media":"","overlay-type":"","overlay-color":"","overlay-opacity":"","overlay-gradient":""},"mobile":{"background-color":"var(--ast-global-color-5)","background-image":"","background-repeat":"repeat","background-position":"center center","background-size":"auto","background-attachment":"scroll","background-type":"","background-media":"","overlay-type":"","overlay-color":"","overlay-opacity":"","overlay-gradient":""}}},"product_brand":[],"product_cat":[68],"product_tag":[],"class_list":{"0":"post-3910","1":"product","2":"type-product","3":"status-publish","4":"has-post-thumbnail","6":"product_cat-tesoura-de-sucata","7":"desktop-align-left","8":"tablet-align-left","9":"mobile-align-left","11":"first","12":"instock","13":"shipping-taxable","14":"product-type-simple"},"_links":{"self":[{"href":"https:\/\/www.unitetopbalermachine.com\/pt-br\/wp-json\/wp\/v2\/product\/3910","targetHints":{"allow":["GET"]}}],"collection":[{"href":"https:\/\/www.unitetopbalermachine.com\/pt-br\/wp-json\/wp\/v2\/product"}],"about":[{"href":"https:\/\/www.unitetopbalermachine.com\/pt-br\/wp-json\/wp\/v2\/types\/product"}],"wp:featuredmedia":[{"embeddable":true,"href":"https:\/\/www.unitetopbalermachine.com\/pt-br\/wp-json\/wp\/v2\/media\/3968"}],"wp:attachment":[{"href":"https:\/\/www.unitetopbalermachine.com\/pt-br\/wp-json\/wp\/v2\/media?parent=3910"}],"wp:term":[{"taxonomy":"product_brand","embeddable":true,"href":"https:\/\/www.unitetopbalermachine.com\/pt-br\/wp-json\/wp\/v2\/product_brand?post=3910"},{"taxonomy":"product_cat","embeddable":true,"href":"https:\/\/www.unitetopbalermachine.com\/pt-br\/wp-json\/wp\/v2\/product_cat?post=3910"},{"taxonomy":"product_tag","embeddable":true,"href":"https:\/\/www.unitetopbalermachine.com\/pt-br\/wp-json\/wp\/v2\/product_tag?post=3910"}],"curies":[{"name":"wp","href":"https:\/\/api.w.org\/{rel}","templated":true}]}}