{"id":3906,"date":"2024-05-06T11:58:33","date_gmt":"2024-05-06T11:58:33","guid":{"rendered":"https:\/\/www.unitetopbalermachine.com\/product\/maquina-de-cisalhamento-hidraulico-de-sucata-para-servico-pesado-serie-q91y\/"},"modified":"2025-03-10T02:04:35","modified_gmt":"2025-03-10T02:04:35","slug":"maquina-de-cisalhamento-hidraulico-de-sucata-para-servico-pesado-serie-q91y","status":"publish","type":"product","link":"https:\/\/www.unitetopbalermachine.com\/pt-br\/product\/maquina-de-cisalhamento-hidraulico-de-sucata-para-servico-pesado-serie-q91y\/","title":{"rendered":"M\u00e1quina de cisalhamento hidr\u00e1ulico de p\u00f3rtico para servi\u00e7os pesados \u200b\u200bs\u00e9rie Q91Y"},"content":{"rendered":"<h2>especifica\u00e7\u00f5es do produto<\/h2>\n<table border=\"1\" cellspacing=\"0\">\n<tbody>\n<tr>\n<td valign=\"top\" width=\"103\">\n<p align=\"center\">Modelo<\/p>\n<\/td>\n<td valign=\"top\" width=\"122\">For\u00e7a m\u00e1xima de corte (tonelada)<\/td>\n<td valign=\"top\" width=\"158\">\n<p align=\"center\">Tamanho da c\u00e2mara (mm)<\/p>\n<\/td>\n<td valign=\"top\" width=\"92\">Comprimento da l\u00e2mina (mm)<\/td>\n<td valign=\"top\" width=\"112\">\n<p align=\"center\">Capacidade (T\/H)<\/p>\n<\/td>\n<td valign=\"top\" width=\"134\">Frequ\u00eancia de cisalhamento\uff08vezes\/min\uff09<\/td>\n<td valign=\"top\" width=\"66\">\n<p align=\"center\">Pot\u00eancia (Kw)<\/p>\n<\/td>\n<\/tr>\n<tr>\n<td valign=\"top\" width=\"103\">\n<p align=\"center\">Q91Y-2500<\/p>\n<\/td>\n<td valign=\"top\" width=\"122\">\n<p align=\"center\">250<\/p>\n<\/td>\n<td valign=\"top\" width=\"158\">\n<p align=\"center\">3000\u00d71200\u00d7900<\/p>\n<\/td>\n<td valign=\"top\" width=\"92\">\n<p align=\"center\">1200<\/p>\n<\/td>\n<td valign=\"top\" width=\"112\">\n<p align=\"center\">2-3T<\/p>\n<\/td>\n<td valign=\"top\" width=\"134\">\n<p align=\"center\">3-5<\/p>\n<\/td>\n<td valign=\"top\" width=\"66\">\n<p align=\"center\">2\u00d730<\/p>\n<\/td>\n<\/tr>\n<tr>\n<td valign=\"top\" width=\"103\">\n<p align=\"center\">Q91Y-3150<\/p>\n<\/td>\n<td valign=\"top\" width=\"122\">\n<p align=\"center\">315<\/p>\n<\/td>\n<td valign=\"top\" width=\"158\">\n<p align=\"center\">5000\u00d71400\u00d71200<\/p>\n<\/td>\n<td valign=\"top\" width=\"92\">\n<p align=\"center\">1400<\/p>\n<\/td>\n<td valign=\"top\" width=\"112\">\n<p align=\"center\">3-4T<\/p>\n<\/td>\n<td valign=\"top\" width=\"134\">\n<p align=\"center\">3-5<\/p>\n<\/td>\n<td valign=\"top\" width=\"66\">\n<p align=\"center\">45+22<\/p>\n<\/td>\n<\/tr>\n<tr>\n<td valign=\"top\" width=\"103\">\n<p align=\"center\">Q91Y-4000<\/p>\n<\/td>\n<td valign=\"top\" width=\"122\">\n<p align=\"center\">400<\/p>\n<\/td>\n<td valign=\"top\" width=\"158\">\n<p align=\"center\">6000\u00d71400\u00d71200<\/p>\n<\/td>\n<td valign=\"top\" width=\"92\">\n<p align=\"center\">1400<\/p>\n<\/td>\n<td valign=\"top\" width=\"112\">\n<p align=\"center\">5-6T<\/p>\n<\/td>\n<td valign=\"top\" width=\"134\">\n<p align=\"center\">3-5<\/p>\n<\/td>\n<td valign=\"top\" width=\"66\">\n<p align=\"center\">2\u00d745<\/p>\n<\/td>\n<\/tr>\n<tr>\n<td valign=\"top\" width=\"103\">\n<p align=\"center\">Q91Y-5000<\/p>\n<\/td>\n<td valign=\"top\" width=\"122\">\n<p align=\"center\">500<\/p>\n<\/td>\n<td valign=\"top\" width=\"158\">\n<p align=\"center\">6000\u00d71600\u00d7900<\/p>\n<\/td>\n<td valign=\"top\" width=\"92\">\n<p align=\"center\">1600<\/p>\n<\/td>\n<td valign=\"top\" width=\"112\">\n<p align=\"center\">6-8T<\/p>\n<\/td>\n<td valign=\"top\" width=\"134\">\n<p align=\"center\">3-5<\/p>\n<\/td>\n<td valign=\"top\" width=\"66\">\n<p align=\"center\">3\u00d745<\/p>\n<\/td>\n<\/tr>\n<tr>\n<td valign=\"top\" width=\"103\">\n<p align=\"center\">Q91Y-6300<\/p>\n<\/td>\n<td valign=\"top\" width=\"122\">\n<p align=\"center\">630<\/p>\n<\/td>\n<td valign=\"top\" width=\"158\">\n<p align=\"center\">8000\u00d71800\u00d71200<\/p>\n<\/td>\n<td valign=\"top\" width=\"92\">\n<p align=\"center\">1800<\/p>\n<\/td>\n<td valign=\"top\" width=\"112\">\n<p align=\"center\">12-15T<\/p>\n<\/td>\n<td valign=\"top\" width=\"134\">\n<p align=\"center\">3-5<\/p>\n<\/td>\n<td valign=\"top\" width=\"66\">\n<p align=\"center\">4\u00d745<\/p>\n<\/td>\n<\/tr>\n<tr>\n<td valign=\"top\" width=\"103\">\n<p align=\"center\">Q91Y-8000<\/p>\n<\/td>\n<td valign=\"top\" width=\"122\">\n<p align=\"center\">800<\/p>\n<\/td>\n<td valign=\"top\" width=\"158\">\n<p align=\"center\">8000\u00d71800\u00d71200<\/p>\n<\/td>\n<td valign=\"top\" width=\"92\">\n<p align=\"center\">1800<\/p>\n<\/td>\n<td valign=\"top\" width=\"112\">\n<p align=\"center\">16-18T<\/p>\n<\/td>\n<td valign=\"top\" width=\"134\">\n<p align=\"center\">3-5<\/p>\n<\/td>\n<td valign=\"top\" width=\"66\">\n<p align=\"center\">5\u00d745<\/p>\n<\/td>\n<\/tr>\n<tr>\n<td valign=\"top\" width=\"103\">\n<p align=\"center\">Q91Y-10000<\/p>\n<\/td>\n<td valign=\"top\" width=\"122\">\n<p align=\"center\">1000<\/p>\n<\/td>\n<td valign=\"top\" width=\"158\">\n<p align=\"center\">8000\u00d71800\u00d71200<\/p>\n<\/td>\n<td valign=\"top\" width=\"92\">\n<p align=\"center\">1800<\/p>\n<\/td>\n<td valign=\"top\" width=\"112\">\n<p align=\"center\">18-22T<\/p>\n<\/td>\n<td valign=\"top\" width=\"134\">\n<p align=\"center\">3-5<\/p>\n<\/td>\n<td valign=\"top\" width=\"66\">\n<p align=\"center\">6\u00d745<\/p>\n<\/td>\n<\/tr>\n<tr>\n<td valign=\"top\" width=\"103\">\n<p align=\"center\">Q91Y-12500<\/p>\n<\/td>\n<td valign=\"top\" width=\"122\">\n<p align=\"center\">1250<\/p>\n<\/td>\n<td valign=\"top\" width=\"158\">\n<p align=\"center\">10000\u00d72000\u00d71400<\/p>\n<\/td>\n<td valign=\"top\" width=\"92\">\n<p align=\"center\">2000<\/p>\n<\/td>\n<td valign=\"top\" width=\"112\">\n<p align=\"center\">20-25T<\/p>\n<\/td>\n<td valign=\"top\" width=\"134\">\n<p align=\"center\">3-5<\/p>\n<\/td>\n<td valign=\"top\" width=\"66\">\n<p align=\"center\">7\u00d745<\/p>\n<\/td>\n<\/tr>\n<\/tbody>\n<\/table>\n<h2>V\u00eddeo do processo de corte<\/h2>\n<div class=\"ast-oembed-container \" style=\"height: 100%;\"><iframe title=\"Q91Y heavy duty scrap metal shear machine\" width=\"500\" height=\"281\" src=\"https:\/\/www.youtube.com\/embed\/tC2AMSLZOd0?feature=oembed\" frameborder=\"0\" allow=\"accelerometer; autoplay; clipboard-write; encrypted-media; gyroscope; picture-in-picture; web-share\" referrerpolicy=\"strict-origin-when-cross-origin\" allowfullscreen><\/iframe><\/div>\n<h2>Formul\u00e1rios<\/h2>\n<p>M\u00e1quinas de cisalhamento de p\u00f3rtico para servi\u00e7os pesados \u200b\u200bs\u00e3o cruciais para manuseio e processamento eficiente de materiais em v\u00e1rias ind\u00fastrias. Aqui est\u00e3o as principais ind\u00fastrias onde m\u00e1quinas de cisalhamento de p\u00f3rtico s\u00e3o amplamente utilizadas:<\/p>\n<ol>\n<li><strong>Reciclagem de sucata: <\/strong> As m\u00e1quinas de tesouras de p\u00f3rtico s\u00e3o essenciais em instala\u00e7\u00f5es de reciclagem, onde s\u00e3o usadas para cortar e preparar grandes peda\u00e7os de sucata para reciclagem ou revenda.<\/li>\n<li><strong>Automotivo: <\/strong> Utilizado na desmontagem de ve\u00edculos antigos e inutiliz\u00e1veis, cortando pe\u00e7as met\u00e1licas como molduras e pain\u00e9is de carroceria para reciclagem.<\/li>\n<li><strong>Constru\u00e7\u00e3o e Demoli\u00e7\u00e3o: <\/strong> Ajuda a gerenciar res\u00edduos cortando vigas met\u00e1licas, tubos e outros detritos de constru\u00e7\u00e3o, facilitando a reciclagem e o descarte.<\/li>\n<li><strong>Fabrica\u00e7\u00e3o: <\/strong> Em setores de fabrica\u00e7\u00e3o, especialmente aqueles que envolvem fabrica\u00e7\u00e3o de metais, as m\u00e1quinas de cisalhamento de p\u00f3rtico ajudam a cortar pe\u00e7as met\u00e1licas em excesso ou indesejadas.<\/li>\n<li><strong>Constru\u00e7\u00e3o e Reparo Naval: <\/strong> \u00datil para cortar placas e vigas met\u00e1licas grossas durante a constru\u00e7\u00e3o ou desmontagem de navios.<\/li>\n<li><strong>Ind\u00fastria Ferrovi\u00e1ria:<\/strong> Empregada para cortar trilhos e outras pe\u00e7as met\u00e1licas durante a manuten\u00e7\u00e3o e descomissionamento de trilhos ferrovi\u00e1rios.<\/li>\n<\/ol>\n<h2>Fornecedores Cooperativos<\/h2>\n<p><img fetchpriority=\"high\" decoding=\"async\" class=\"wp-image-1707 aligncenter\" src=\"https:\/\/www.unitetopbalermachine.com\/wp-content\/uploads\/2024\/05\/COOPERATIVE-SUPPLIERS-1024x256.jpg\" alt=\"FORNECEDORES COOPERATIVOS\" width=\"701\" height=\"175\" srcset=\"https:\/\/www.unitetopbalermachine.com\/wp-content\/uploads\/2024\/05\/COOPERATIVE-SUPPLIERS-1024x256.jpg 1024w, https:\/\/www.unitetopbalermachine.com\/wp-content\/uploads\/2024\/05\/COOPERATIVE-SUPPLIERS-600x150.jpg 600w, https:\/\/www.unitetopbalermachine.com\/wp-content\/uploads\/2024\/05\/COOPERATIVE-SUPPLIERS-300x75.jpg 300w, https:\/\/www.unitetopbalermachine.com\/wp-content\/uploads\/2024\/05\/COOPERATIVE-SUPPLIERS-768x192.jpg 768w, https:\/\/www.unitetopbalermachine.com\/wp-content\/uploads\/2024\/05\/COOPERATIVE-SUPPLIERS.jpg 1200w\" sizes=\"(max-width: 701px) 100vw, 701px\" \/><\/p>\n","protected":false},"excerpt":{"rendered":"<ul>\n<li>As tesouras de p\u00f3rtico t\u00eam uma estrutura robusta de chapa de a\u00e7o soldada que passa por envelhecimento artificial e recozimento para aliviar o estresse da soldagem, garantindo alta precis\u00e3o e estabilidade.<\/li>\n<li>As l\u00e2minas, fabricadas em a\u00e7o dur\u00e1vel para ferramentas de corte, oferecem maior vida \u00fatil e longevidade.<\/li>\n<li>A folga da l\u00e2mina \u00e9 ajust\u00e1vel, aumentando a precis\u00e3o de trabalho da m\u00e1quina e a vida \u00fatil da l\u00e2mina.<\/li>\n<li>A caixa de material da m\u00e1quina de cisalhamento de p\u00f3rtico \u00e9 feita de a\u00e7o estrutural soldado e revestida com uma placa de a\u00e7o NM500 para resist\u00eancia superior ao desgaste. Ela apresenta uma cabe\u00e7a de empurrar acionada por um sistema hidr\u00e1ulico dedicado, oferecendo funcionalidade suave e autom\u00e1tica e prote\u00e7\u00e3o confi\u00e1vel contra sobrecarga.<\/li>\n<li>O sistema hidr\u00e1ulico da m\u00e1quina \u00e9 projetado exclusivamente com direitos de propriedade. Ele inclui um circuito diferencial no cilindro de cisalhamento prim\u00e1rio para aumentar a efici\u00eancia da energia cin\u00e9tica, com um design compacto que reduz as conex\u00f5es hidr\u00e1ulicas e o aquecimento do sistema para desempenho confi\u00e1vel.<\/li>\n<li>O tanque de \u00f3leo \u00e9 cuidadosamente projetado com amplo volume e alta rigidez estrutural, com uma divis\u00f3ria separando as portas de retorno e suc\u00e7\u00e3o do \u00f3leo para minimizar efetivamente o aquecimento do \u00f3leo hidr\u00e1ulico.<\/li>\n<\/ul>\n","protected":false},"featured_media":5473,"template":"","meta":{"site-sidebar-layout":"default","site-content-layout":"","ast-site-content-layout":"default","site-content-style":"default","site-sidebar-style":"default","ast-global-header-display":"","ast-banner-title-visibility":"","ast-main-header-display":"","ast-hfb-above-header-display":"","ast-hfb-below-header-display":"","ast-hfb-mobile-header-display":"","site-post-title":"","ast-breadcrumbs-content":"","ast-featured-img":"","footer-sml-layout":"","theme-transparent-header-meta":"default","adv-header-id-meta":"","stick-header-meta":"","header-above-stick-meta":"","header-main-stick-meta":"","header-below-stick-meta":"","astra-migrate-meta-layouts":"set","ast-page-background-enabled":"default","ast-page-background-meta":{"desktop":{"background-color":"var(--ast-global-color-4)","background-image":"","background-repeat":"repeat","background-position":"center center","background-size":"auto","background-attachment":"scroll","background-type":"","background-media":"","overlay-type":"","overlay-color":"","overlay-opacity":"","overlay-gradient":""},"tablet":{"background-color":"","background-image":"","background-repeat":"repeat","background-position":"center center","background-size":"auto","background-attachment":"scroll","background-type":"","background-media":"","overlay-type":"","overlay-color":"","overlay-opacity":"","overlay-gradient":""},"mobile":{"background-color":"","background-image":"","background-repeat":"repeat","background-position":"center center","background-size":"auto","background-attachment":"scroll","background-type":"","background-media":"","overlay-type":"","overlay-color":"","overlay-opacity":"","overlay-gradient":""}},"ast-content-background-meta":{"desktop":{"background-color":"var(--ast-global-color-5)","background-image":"","background-repeat":"repeat","background-position":"center center","background-size":"auto","background-attachment":"scroll","background-type":"","background-media":"","overlay-type":"","overlay-color":"","overlay-opacity":"","overlay-gradient":""},"tablet":{"background-color":"var(--ast-global-color-5)","background-image":"","background-repeat":"repeat","background-position":"center center","background-size":"auto","background-attachment":"scroll","background-type":"","background-media":"","overlay-type":"","overlay-color":"","overlay-opacity":"","overlay-gradient":""},"mobile":{"background-color":"var(--ast-global-color-5)","background-image":"","background-repeat":"repeat","background-position":"center center","background-size":"auto","background-attachment":"scroll","background-type":"","background-media":"","overlay-type":"","overlay-color":"","overlay-opacity":"","overlay-gradient":""}}},"product_brand":[],"product_cat":[68],"product_tag":[],"class_list":{"0":"post-3906","1":"product","2":"type-product","3":"status-publish","4":"has-post-thumbnail","6":"product_cat-tesoura-de-sucata","7":"desktop-align-left","8":"tablet-align-left","9":"mobile-align-left","11":"first","12":"instock","13":"shipping-taxable","14":"product-type-simple"},"_links":{"self":[{"href":"https:\/\/www.unitetopbalermachine.com\/pt-br\/wp-json\/wp\/v2\/product\/3906","targetHints":{"allow":["GET"]}}],"collection":[{"href":"https:\/\/www.unitetopbalermachine.com\/pt-br\/wp-json\/wp\/v2\/product"}],"about":[{"href":"https:\/\/www.unitetopbalermachine.com\/pt-br\/wp-json\/wp\/v2\/types\/product"}],"wp:featuredmedia":[{"embeddable":true,"href":"https:\/\/www.unitetopbalermachine.com\/pt-br\/wp-json\/wp\/v2\/media\/5473"}],"wp:attachment":[{"href":"https:\/\/www.unitetopbalermachine.com\/pt-br\/wp-json\/wp\/v2\/media?parent=3906"}],"wp:term":[{"taxonomy":"product_brand","embeddable":true,"href":"https:\/\/www.unitetopbalermachine.com\/pt-br\/wp-json\/wp\/v2\/product_brand?post=3906"},{"taxonomy":"product_cat","embeddable":true,"href":"https:\/\/www.unitetopbalermachine.com\/pt-br\/wp-json\/wp\/v2\/product_cat?post=3906"},{"taxonomy":"product_tag","embeddable":true,"href":"https:\/\/www.unitetopbalermachine.com\/pt-br\/wp-json\/wp\/v2\/product_tag?post=3906"}],"curies":[{"name":"wp","href":"https:\/\/api.w.org\/{rel}","templated":true}]}}