{"id":3894,"date":"2024-05-06T05:38:29","date_gmt":"2024-05-06T05:38:29","guid":{"rendered":"https:\/\/www.unitetopbalermachine.com\/product\/maquina-de-cisalhamento-jacare-hidraulico-serie-q43\/"},"modified":"2025-07-24T07:15:34","modified_gmt":"2025-07-24T07:15:34","slug":"maquina-de-cisalhamento-jacare-hidraulico-serie-q43","status":"publish","type":"product","link":"https:\/\/www.unitetopbalermachine.com\/pt-br\/product\/maquina-de-cisalhamento-jacare-hidraulico-serie-q43\/","title":{"rendered":"M\u00e1quina de cisalhamento jacar\u00e9 hidr\u00e1ulico s\u00e9rie Q43"},"content":{"rendered":"<h2 class=\"page_title\">M\u00e1quina hidr\u00e1ulica de tesoura de jacar\u00e9 para sucata de metal s\u00e9rie Q43<\/h2>\n<p style=\"text-align: center;\"> <iframe title=\"v\u00eddeo do YouTube\" src=\"https:\/\/www.youtube.com\/embed\/54J_ySjnjaw?si=k5JnzYdT_ot-5unv\" width=\"560\" height=\"315\" frameborder=\"0\" allowfullscreen=\"allowfullscreen\"><\/iframe><\/p>\n<h2>Principais componentes da tesoura hidr\u00e1ulica tipo jacar\u00e9<\/h2>\n<p>A l\u00e2mina de corte, a placa de press\u00e3o, os cilindros, o motor, a bomba, o tanque de \u00f3leo, a v\u00e1lvula e a caixa de controle el\u00e9trico est\u00e3o todos inclu\u00eddos em nossa m\u00e1quina de corte hidr\u00e1ulica tipo jacar\u00e9.<\/p>\n<p><img fetchpriority=\"high\" decoding=\"async\" class=\"wp-image-1629 aligncenter\" src=\"https:\/\/www.unitetopbalermachine.com\/wp-content\/uploads\/2024\/05\/20220520144013_46021-1024x611.jpg\" alt=\"Tesoura de sucata hidr\u00e1ulica jacar\u00e9\" width=\"692\" height=\"413\" srcset=\"https:\/\/www.unitetopbalermachine.com\/wp-content\/uploads\/2024\/05\/20220520144013_46021-1024x611.jpg 1024w, https:\/\/www.unitetopbalermachine.com\/wp-content\/uploads\/2024\/05\/20220520144013_46021-600x358.jpg 600w, https:\/\/www.unitetopbalermachine.com\/wp-content\/uploads\/2024\/05\/20220520144013_46021-300x179.jpg 300w, https:\/\/www.unitetopbalermachine.com\/wp-content\/uploads\/2024\/05\/20220520144013_46021-768x459.jpg 768w, https:\/\/www.unitetopbalermachine.com\/wp-content\/uploads\/2024\/05\/20220520144013_46021.jpg 1298w\" sizes=\"(max-width: 692px) 100vw, 692px\" \/><\/p>\n<p><strong>L\u00e2mina de corte<\/strong><br \/>\nL\u00e2mina de alta resist\u00eancia projetada para corte potente e preciso de metais, com excelente resist\u00eancia ao desgaste e longa vida \u00fatil.<\/p>\n<p><strong>Placa de prensa<\/strong><br \/>\nProtege firmemente o material de sucata durante o corte, evitando deslocamento e garantindo estabilidade de corte e seguran\u00e7a do operador.<\/p>\n<p><strong>Cilindro de prensa<\/strong><br \/>\nAplica for\u00e7a hidr\u00e1ulica para baixo para acionar a placa de press\u00e3o, segurando firmemente o material no lugar antes do corte.<\/p>\n<p><strong>Cilindro de corte<\/strong><br \/>\nAtiva a l\u00e2mina de corte com alta press\u00e3o, garantindo movimento eficiente e consistente para cortar v\u00e1rios tipos de metal.<\/p>\n<p><strong>Tanque de \u00f3leo<\/strong><br \/>\nArmazena e fornece \u00f3leo hidr\u00e1ulico ao sistema, garantindo um desempenho suave, est\u00e1vel e cont\u00ednuo da m\u00e1quina.<\/p>\n<p><strong>V\u00e1lvula<\/strong><br \/>\nRegula a dire\u00e7\u00e3o e a press\u00e3o do fluxo do fluido hidr\u00e1ulico, controlando as fun\u00e7\u00f5es da prensa e do cilindro de corte.<\/p>\n<p><strong>Motor<\/strong><br \/>\nAciona a bomba hidr\u00e1ulica para operar a m\u00e1quina, convertendo energia el\u00e9trica em energia mec\u00e2nica.<\/p>\n<p><strong>Caixa El\u00e9trica<\/strong><br \/>\nAbriga o sistema de controle el\u00e9trico, permitindo automa\u00e7\u00e3o, bloqueios de seguran\u00e7a e fun\u00e7\u00e3o coordenada da m\u00e1quina.<\/p>\n<p><strong>Bombear<\/strong><br \/>\nFornece \u00f3leo hidr\u00e1ulico pressurizado aos cilindros, permitindo opera\u00e7\u00f5es de corte e prensagem fortes e eficientes.<\/p>\n<h2>Principais caracter\u00edsticas da tesoura hidr\u00e1ulica tipo jacar\u00e9<\/h2>\n<p>Nossa tesoura hidr\u00e1ulica tipo jacar\u00e9 \u00e9 constru\u00edda com a\u00e7o de alta resist\u00eancia e uma estrutura soldada tipo caixa, garantindo resist\u00eancia excepcional ao impacto e durabilidade para opera\u00e7\u00f5es pesadas cont\u00ednuas.<\/p>\n<table class=\"table0610\">\n<tbody>\n<tr>\n<td width=\"284\"><img decoding=\"async\" class=\"alignnone size-full wp-image-12226\" src=\"https:\/\/www.unitetopbalermachine.com\/wp-content\/uploads\/2025\/06\/Metal-Baler-Guide-Sleeve-Rust-Proof-Treatment.webp\" alt=\"Luva guia de enfardadeira de metal com tratamento antiferrugem\" width=\"600\" height=\"380\" srcset=\"https:\/\/www.unitetopbalermachine.com\/wp-content\/uploads\/2025\/06\/Metal-Baler-Guide-Sleeve-Rust-Proof-Treatment.webp 600w, https:\/\/www.unitetopbalermachine.com\/wp-content\/uploads\/2025\/06\/Metal-Baler-Guide-Sleeve-Rust-Proof-Treatment-300x190.webp 300w\" sizes=\"(max-width: 600px) 100vw, 600px\" \/><\/td>\n<td width=\"284\"><strong>Mangas de guia \u00e0 prova de ferrugem<\/strong><\/p>\n<p>O tratamento anticorrosivo especial aumenta a durabilidade a longo prazo e a opera\u00e7\u00e3o suave em condi\u00e7\u00f5es de trabalho adversas.<\/td>\n<\/tr>\n<tr>\n<td width=\"284\"><strong>Mangas de cobre no lugar de an\u00e9is de veda\u00e7\u00e3o<\/strong><\/p>\n<p>Atualizado com luvas de cobre para melhorar significativamente a resist\u00eancia ao desgaste e o desempenho da veda\u00e7\u00e3o, reduzindo a frequ\u00eancia de manuten\u00e7\u00e3o.<\/td>\n<td width=\"284\"><img decoding=\"async\" class=\"alignnone size-full wp-image-12238\" src=\"https:\/\/www.unitetopbalermachine.com\/wp-content\/uploads\/2025\/06\/Copper-Sleeve-Instead-of-Sealing-Ring-in-Metal-Baler-Assembly.webp\" alt=\"Manga de cobre em vez de anel de veda\u00e7\u00e3o em conjunto de enfardadeira de metal\" width=\"600\" height=\"380\" srcset=\"https:\/\/www.unitetopbalermachine.com\/wp-content\/uploads\/2025\/06\/Copper-Sleeve-Instead-of-Sealing-Ring-in-Metal-Baler-Assembly.webp 600w, https:\/\/www.unitetopbalermachine.com\/wp-content\/uploads\/2025\/06\/Copper-Sleeve-Instead-of-Sealing-Ring-in-Metal-Baler-Assembly-300x190.webp 300w\" sizes=\"(max-width: 600px) 100vw, 600px\" \/><\/td>\n<\/tr>\n<tr>\n<td width=\"284\"><img loading=\"lazy\" decoding=\"async\" class=\"alignnone size-full wp-image-12262\" src=\"https:\/\/www.unitetopbalermachine.com\/wp-content\/uploads\/2025\/06\/Multiple-Security-Protection.webp\" alt=\"Prote\u00e7\u00e3o de Seguran\u00e7a M\u00faltipla\" width=\"600\" height=\"380\" srcset=\"https:\/\/www.unitetopbalermachine.com\/wp-content\/uploads\/2025\/06\/Multiple-Security-Protection.webp 600w, https:\/\/www.unitetopbalermachine.com\/wp-content\/uploads\/2025\/06\/Multiple-Security-Protection-300x190.webp 300w\" sizes=\"(max-width: 600px) 100vw, 600px\" \/><\/td>\n<td width=\"284\"><strong>Prote\u00e7\u00f5es de seguran\u00e7a abrangentes<\/strong><\/p>\n<p>Integrado com bot\u00f5es de controle manual, gabinetes de prote\u00e7\u00e3o e interruptores de parada de emerg\u00eancia para garantir uma opera\u00e7\u00e3o segura e sem erros.<\/td>\n<\/tr>\n<\/tbody>\n<\/table>\n<style>.table0610{border:none;} .table0610 td{border:none;}<\/style>\n<h2>especifica\u00e7\u00f5es do produto<\/h2>\n<table border=\"1\" cellspacing=\"0\">\n<tbody>\n<tr>\n<td valign=\"top\" width=\"80\">\n<p align=\"center\">Modelo<\/p>\n<\/td>\n<td valign=\"top\" width=\"119\">For\u00e7a m\u00e1xima de corte (tonelada)<\/td>\n<td valign=\"top\" width=\"92\">Comprimento da l\u00e2mina (mm)<\/td>\n<td valign=\"top\" width=\"112\">Tamanho m\u00e1ximo de corte (mm)<\/td>\n<td valign=\"top\" width=\"134\">Frequ\u00eancia de cisalhamento\uff08vezes\/min\uff09<\/td>\n<td valign=\"top\" width=\"66\">\n<p align=\"center\">Pot\u00eancia (kw)<\/p>\n<\/td>\n<\/tr>\n<tr>\n<td valign=\"top\" width=\"80\">\n<p align=\"center\">Q43-630<\/p>\n<\/td>\n<td valign=\"top\" width=\"119\">\n<p align=\"center\">63<\/p>\n<\/td>\n<td valign=\"top\" width=\"92\">\n<p align=\"center\">600\/800<\/p>\n<\/td>\n<td valign=\"top\" width=\"112\">\n<p align=\"center\">35&#215;35 \u03c640<\/p>\n<\/td>\n<td valign=\"top\" width=\"134\">\n<p align=\"center\">10-12<\/p>\n<\/td>\n<td valign=\"top\" width=\"66\">\n<p align=\"center\">7.5<\/p>\n<\/td>\n<\/tr>\n<tr>\n<td valign=\"top\" width=\"80\">\n<p align=\"center\">Q43-1200<\/p>\n<\/td>\n<td valign=\"top\" width=\"119\">\n<p align=\"center\">120<\/p>\n<\/td>\n<td valign=\"top\" width=\"92\">\n<p align=\"center\">600\/800<\/p>\n<\/td>\n<td valign=\"top\" width=\"112\">\n<p align=\"center\">50&#215;50 \u03c655<\/p>\n<\/td>\n<td valign=\"top\" width=\"134\">\n<p align=\"center\">10-12<\/p>\n<\/td>\n<td valign=\"top\" width=\"66\">\n<p align=\"center\">15<\/p>\n<\/td>\n<\/tr>\n<tr>\n<td valign=\"top\" width=\"80\">\n<p align=\"center\">Q43-1600<\/p>\n<\/td>\n<td valign=\"top\" width=\"119\">\n<p align=\"center\">160<\/p>\n<\/td>\n<td valign=\"top\" width=\"92\">\n<p align=\"center\">700\/800<\/p>\n<\/td>\n<td valign=\"top\" width=\"112\">\n<p align=\"center\">55&#215;55 \u03c663<\/p>\n<\/td>\n<td valign=\"top\" width=\"134\">\n<p align=\"center\">8-10<\/p>\n<\/td>\n<td valign=\"top\" width=\"66\">\n<p align=\"center\">18.5<\/p>\n<\/td>\n<\/tr>\n<tr>\n<td valign=\"top\" width=\"80\">\n<p align=\"center\">Q43-2000<\/p>\n<\/td>\n<td valign=\"top\" width=\"119\">\n<p align=\"center\">200<\/p>\n<\/td>\n<td valign=\"top\" width=\"92\">\n<p align=\"center\">800\/1000<\/p>\n<\/td>\n<td valign=\"top\" width=\"112\">\n<p align=\"center\">65&#215;65 \u03c670<\/p>\n<\/td>\n<td valign=\"top\" width=\"134\">\n<p align=\"center\">8-10<\/p>\n<\/td>\n<td valign=\"top\" width=\"66\">\n<p align=\"center\">22<\/p>\n<\/td>\n<\/tr>\n<tr>\n<td valign=\"top\" width=\"80\">\n<p align=\"center\">Q43-2500<\/p>\n<\/td>\n<td valign=\"top\" width=\"119\">\n<p align=\"center\">250<\/p>\n<\/td>\n<td valign=\"top\" width=\"92\">\n<p align=\"center\">1000\/1200<\/p>\n<\/td>\n<td valign=\"top\" width=\"112\">\n<p align=\"center\">70&#215;70 \u03c680<\/p>\n<\/td>\n<td valign=\"top\" width=\"134\">\n<p align=\"center\">6-8<\/p>\n<\/td>\n<td valign=\"top\" width=\"66\">\n<p align=\"center\">2&#215;15<\/p>\n<\/td>\n<\/tr>\n<tr>\n<td valign=\"top\" width=\"80\">\n<p align=\"center\">Q43-3150<\/p>\n<\/td>\n<td valign=\"top\" width=\"119\">\n<p align=\"center\">315<\/p>\n<\/td>\n<td valign=\"top\" width=\"92\">\n<p align=\"center\">1200<\/p>\n<\/td>\n<td valign=\"top\" width=\"112\">\n<p align=\"center\">75&#215;75 \u03c685<\/p>\n<\/td>\n<td valign=\"top\" width=\"134\">\n<p align=\"center\">6-8<\/p>\n<\/td>\n<td valign=\"top\" width=\"66\">\n<p align=\"center\">2&#215;18.5<\/p>\n<\/td>\n<\/tr>\n<tr>\n<td valign=\"top\" width=\"80\">\n<p align=\"center\">Q43-4000<\/p>\n<\/td>\n<td valign=\"top\" width=\"119\">\n<p align=\"center\">400<\/p>\n<\/td>\n<td valign=\"top\" width=\"92\">\n<p align=\"center\">1200\/1500<\/p>\n<\/td>\n<td valign=\"top\" width=\"112\">\n<p align=\"center\">90&#215;90 \u03c6100<\/p>\n<\/td>\n<td valign=\"top\" width=\"134\">\n<p align=\"center\">4-8<\/p>\n<\/td>\n<td valign=\"top\" width=\"66\">\n<p align=\"center\">2&#215;22<\/p>\n<\/td>\n<\/tr>\n<tr>\n<td valign=\"top\" width=\"80\">\n<p align=\"center\">Q43-5000<\/p>\n<\/td>\n<td valign=\"top\" width=\"119\">\n<p align=\"center\">500<\/p>\n<\/td>\n<td valign=\"top\" width=\"92\">\n<p align=\"center\">1600<\/p>\n<\/td>\n<td valign=\"top\" width=\"112\">\n<p align=\"center\">100&#215;100 \u03c6100<\/p>\n<\/td>\n<td valign=\"top\" width=\"134\">\n<p align=\"center\">4-8<\/p>\n<\/td>\n<td valign=\"top\" width=\"66\">\n<p align=\"center\">2&#215;30<\/p>\n<\/td>\n<\/tr>\n<tr>\n<td valign=\"top\" width=\"80\">\n<p align=\"center\">Q43-6000<\/p>\n<\/td>\n<td valign=\"top\" width=\"119\">\n<p align=\"center\">600<\/p>\n<\/td>\n<td valign=\"top\" width=\"92\">\n<p align=\"center\">1600\/1800<\/p>\n<\/td>\n<td valign=\"top\" width=\"112\">\n<p align=\"center\">110&#215;110 \u03c6120<\/p>\n<\/td>\n<td valign=\"top\" width=\"134\">\n<p align=\"center\">4-8<\/p>\n<\/td>\n<td valign=\"top\" width=\"66\">\n<p align=\"center\">2&#215;45<\/p>\n<\/td>\n<\/tr>\n<\/tbody>\n<\/table>\n<h2>Formul\u00e1rios<\/h2>\n<p>As m\u00e1quinas de cisalhamento jacar\u00e9 hidr\u00e1ulico para sucata s\u00e3o vers\u00e1teis e s\u00e3o usadas em v\u00e1rios ambientes devido ao seu design robusto e opera\u00e7\u00e3o eficiente.<\/p>\n<p>Aqui est\u00e3o algumas aplica\u00e7\u00f5es t\u00edpicas:<\/p>\n<ol>\n<li><strong>Sucata<\/strong>: As m\u00e1quinas Alligator Shear s\u00e3o essenciais em p\u00e1tios de sucata para cortar metal em tamanhos gerenci\u00e1veis \u200b\u200bantes do processamento ou envio.<\/li>\n<li><strong>Instala\u00e7\u00f5es de reciclagem:<\/strong> Elas ajudam a reciclar cortando restos de metal em peda\u00e7os menores, facilitando o manuseio e o processamento de v\u00e1rios metais.<\/li>\n<li><strong>Desmontagem de autom\u00f3veis:<\/strong> Usadas na ind\u00fastria automotiva, especialmente na desmontagem de ve\u00edculos velhos ou danificados para separar diferentes componentes de metal.<\/li>\n<li><strong>Canteiros de obras:<\/strong> Essas <a href=\"https:\/\/www.unitetopbalermachine.com\/pt-br\/maquina-hidraulica-de-cisalhamento-de-metal\/\">m\u00e1quinas de tesoura de metal <\/a> s\u00e3o \u00fateis para cortar vergalh\u00f5es, vigas de a\u00e7o e outros materiais de constru\u00e7\u00e3o de metal no local para descarte ou reciclagem mais simples.<\/li>\n<li><strong>Plantas de fabrica\u00e7\u00e3o: <\/strong> Elas auxiliam no corte de pe\u00e7as e materiais em excesso nos processos de fabrica\u00e7\u00e3o, ajudando a manter a efici\u00eancia e reduzir o desperd\u00edcio.<\/li>\n<li><strong>Oficinas de fabrica\u00e7\u00e3o de metal:<\/strong> Empregadas para corte preciso de chapas, barras e outras formas de metal em dimens\u00f5es espec\u00edficas, conforme necess\u00e1rio na fabrica\u00e7\u00e3o personalizada.<\/li>\n<li><strong>Fundi\u00e7\u00f5es: <\/strong> \u00dateis para cortar grandes pe\u00e7as de metal e sucatas em tamanhos menores, prontos para forno.<\/li>\n<li><strong>Desmanche de navios: <\/strong> Usado para desmantelar navios, cortando chapas e estruturas de metal grossas de forma eficiente.<\/li>\n<\/ol>\n<h2>Fornecedores Cooperativos<\/h2>\n<p>Our hydraulic scrap metal alligator shear machines feature customized, high-quality components from renowned global brands.<br \/>\nWe have maintained a decade-long partnership with leading suppliers such as Siemens, NOK Omron, Schneider, Chint, and Mitsubishi, ensuring superior performance and reliability. <\/p>\n<p><img loading=\"lazy\" decoding=\"async\" class=\"wp-image-1707 aligncenter\" src=\"https:\/\/www.unitetopbalermachine.com\/wp-content\/uploads\/2024\/05\/COOPERATIVE-SUPPLIERS-1024x256.jpg\" alt=\"FORNECEDORES COOPERATIVOS\" width=\"701\" height=\"175\" srcset=\"https:\/\/www.unitetopbalermachine.com\/wp-content\/uploads\/2024\/05\/COOPERATIVE-SUPPLIERS-1024x256.jpg 1024w, https:\/\/www.unitetopbalermachine.com\/wp-content\/uploads\/2024\/05\/COOPERATIVE-SUPPLIERS-600x150.jpg 600w, https:\/\/www.unitetopbalermachine.com\/wp-content\/uploads\/2024\/05\/COOPERATIVE-SUPPLIERS-300x75.jpg 300w, https:\/\/www.unitetopbalermachine.com\/wp-content\/uploads\/2024\/05\/COOPERATIVE-SUPPLIERS-768x192.jpg 768w, https:\/\/www.unitetopbalermachine.com\/wp-content\/uploads\/2024\/05\/COOPERATIVE-SUPPLIERS.jpg 1200w\" sizes=\"(max-width: 701px) 100vw, 701px\" \/><\/p>\n<p>&nbsp;<\/p>\n","protected":false},"excerpt":{"rendered":"<ul>\n<li>Usa um acionamento hidr\u00e1ulico para opera\u00e7\u00e3o, oferecendo vantagens como tamanho compacto, leveza, baixo ru\u00eddo e movimento suave em compara\u00e7\u00e3o com tesouras mec\u00e2nicas tradicionais.<\/li>\n<li>Os comprimentos das l\u00e2minas variam de 400 mm a 1800 mm com for\u00e7as de cisalhamento entre 63-600 toneladas, tornando-as adequadas para cortar v\u00e1rios materiais, incluindo carros de sucata para l\u00e2minas acima de 700 mm.<\/li>\n<li>Podem ser controladas manualmente ou programadas via PLC para opera\u00e7\u00e3o autom\u00e1tica.<\/li>\n<li>As op\u00e7\u00f5es de energia incluem el\u00e9trica ou diesel, que \u00e9 port\u00e1til e capaz de operar sem uma fonte de energia fixa.<\/li>\n<\/ul>\n<table border=\"1\" cellspacing=\"0\">\n<tbody>\n<tr>\n<td valign=\"top\" width=\"225\">Modelo<\/td>\n<td valign=\"top\" width=\"225\">S\u00e9rie Q43<\/td>\n<\/tr>\n<tr>\n<td valign=\"top\" width=\"225\">For\u00e7a m\u00e1xima de corte<\/td>\n<td valign=\"top\" width=\"225\">63-600 toneladas<\/td>\n<\/tr>\n<tr>\n<td valign=\"top\" width=\"225\">Comprimento da l\u00e2mina<\/td>\n<td valign=\"top\" width=\"225\">600-1800mm<\/td>\n<\/tr>\n<tr>\n<td valign=\"top\" width=\"225\">Motor<\/td>\n<td valign=\"top\" width=\"225\">7,5 kW-90 kW<\/td>\n<\/tr>\n<tr>\n<td valign=\"top\" width=\"225\">Cor<\/td>\n<td valign=\"top\" width=\"225\">Personalizado<\/td>\n<\/tr>\n<tr>\n<td valign=\"top\" width=\"225\">Opera\u00e7\u00e3o<\/td>\n<td valign=\"top\" width=\"225\">Controle Manual<\/td>\n<\/tr>\n<\/tbody>\n<\/table>\n<p>&nbsp;<\/p>\n","protected":false},"featured_media":3895,"template":"","meta":{"site-sidebar-layout":"default","site-content-layout":"","ast-site-content-layout":"default","site-content-style":"default","site-sidebar-style":"default","ast-global-header-display":"","ast-banner-title-visibility":"","ast-main-header-display":"","ast-hfb-above-header-display":"","ast-hfb-below-header-display":"","ast-hfb-mobile-header-display":"","site-post-title":"","ast-breadcrumbs-content":"","ast-featured-img":"","footer-sml-layout":"","theme-transparent-header-meta":"default","adv-header-id-meta":"","stick-header-meta":"","header-above-stick-meta":"","header-main-stick-meta":"","header-below-stick-meta":"","astra-migrate-meta-layouts":"set","ast-page-background-enabled":"default","ast-page-background-meta":{"desktop":{"background-color":"var(--ast-global-color-4)","background-image":"","background-repeat":"repeat","background-position":"center center","background-size":"auto","background-attachment":"scroll","background-type":"","background-media":"","overlay-type":"","overlay-color":"","overlay-opacity":"","overlay-gradient":""},"tablet":{"background-color":"","background-image":"","background-repeat":"repeat","background-position":"center center","background-size":"auto","background-attachment":"scroll","background-type":"","background-media":"","overlay-type":"","overlay-color":"","overlay-opacity":"","overlay-gradient":""},"mobile":{"background-color":"","background-image":"","background-repeat":"repeat","background-position":"center center","background-size":"auto","background-attachment":"scroll","background-type":"","background-media":"","overlay-type":"","overlay-color":"","overlay-opacity":"","overlay-gradient":""}},"ast-content-background-meta":{"desktop":{"background-color":"var(--ast-global-color-5)","background-image":"","background-repeat":"repeat","background-position":"center center","background-size":"auto","background-attachment":"scroll","background-type":"","background-media":"","overlay-type":"","overlay-color":"","overlay-opacity":"","overlay-gradient":""},"tablet":{"background-color":"var(--ast-global-color-5)","background-image":"","background-repeat":"repeat","background-position":"center center","background-size":"auto","background-attachment":"scroll","background-type":"","background-media":"","overlay-type":"","overlay-color":"","overlay-opacity":"","overlay-gradient":""},"mobile":{"background-color":"var(--ast-global-color-5)","background-image":"","background-repeat":"repeat","background-position":"center center","background-size":"auto","background-attachment":"scroll","background-type":"","background-media":"","overlay-type":"","overlay-color":"","overlay-opacity":"","overlay-gradient":""}}},"product_brand":[],"product_cat":[68],"product_tag":[],"class_list":{"0":"post-3894","1":"product","2":"type-product","3":"status-publish","4":"has-post-thumbnail","6":"product_cat-tesoura-de-sucata","7":"desktop-align-left","8":"tablet-align-left","9":"mobile-align-left","11":"first","12":"instock","13":"shipping-taxable","14":"product-type-simple"},"_links":{"self":[{"href":"https:\/\/www.unitetopbalermachine.com\/pt-br\/wp-json\/wp\/v2\/product\/3894","targetHints":{"allow":["GET"]}}],"collection":[{"href":"https:\/\/www.unitetopbalermachine.com\/pt-br\/wp-json\/wp\/v2\/product"}],"about":[{"href":"https:\/\/www.unitetopbalermachine.com\/pt-br\/wp-json\/wp\/v2\/types\/product"}],"wp:featuredmedia":[{"embeddable":true,"href":"https:\/\/www.unitetopbalermachine.com\/pt-br\/wp-json\/wp\/v2\/media\/3895"}],"wp:attachment":[{"href":"https:\/\/www.unitetopbalermachine.com\/pt-br\/wp-json\/wp\/v2\/media?parent=3894"}],"wp:term":[{"taxonomy":"product_brand","embeddable":true,"href":"https:\/\/www.unitetopbalermachine.com\/pt-br\/wp-json\/wp\/v2\/product_brand?post=3894"},{"taxonomy":"product_cat","embeddable":true,"href":"https:\/\/www.unitetopbalermachine.com\/pt-br\/wp-json\/wp\/v2\/product_cat?post=3894"},{"taxonomy":"product_tag","embeddable":true,"href":"https:\/\/www.unitetopbalermachine.com\/pt-br\/wp-json\/wp\/v2\/product_tag?post=3894"}],"curies":[{"name":"wp","href":"https:\/\/api.w.org\/{rel}","templated":true}]}}