{"id":3882,"date":"2024-05-07T13:16:20","date_gmt":"2024-05-07T13:16:20","guid":{"rendered":"https:\/\/www.unitetopbalermachine.com\/product\/compactador-de-carro-hbb-4800\/"},"modified":"2024-12-13T02:52:10","modified_gmt":"2024-12-13T02:52:10","slug":"compactador-de-carro-hbb-4800","status":"publish","type":"product","link":"https:\/\/www.unitetopbalermachine.com\/pt-br\/product\/compactador-de-carro-hbb-4800\/","title":{"rendered":"Compactador de carro HBB-4800"},"content":{"rendered":"<h2 class=\"page_title\" style=\"text-align: center;\">Enfardadeira \/ registradora hidr\u00e1ulica para carro com garras de sucata<\/h2>\n<p><img fetchpriority=\"high\" decoding=\"async\" class=\"wp-image-1200 aligncenter\" src=\"https:\/\/www.unitetopbalermachine.com\/wp-content\/uploads\/2024\/04\/Car-Balers.webp\" alt=\"Enfardadeiras de autom\u00f3veis\" width=\"689\" height=\"517\" srcset=\"https:\/\/www.unitetopbalermachine.com\/wp-content\/uploads\/2024\/04\/Car-Balers.webp 1024w, https:\/\/www.unitetopbalermachine.com\/wp-content\/uploads\/2024\/04\/Car-Balers-600x450.webp 600w, https:\/\/www.unitetopbalermachine.com\/wp-content\/uploads\/2024\/04\/Car-Balers-300x225.webp 300w, https:\/\/www.unitetopbalermachine.com\/wp-content\/uploads\/2024\/04\/Car-Balers-768x576.webp 768w\" sizes=\"(max-width: 689px) 100vw, 689px\" \/><\/p>\n<h3><\/h3>\n<h3>Caracter\u00edsticos<\/h3>\n<ul>\n<li><strong>Silencioso e eficiente: <\/strong> a enfardadeira automotiva possui um acionamento hidr\u00e1ulico para opera\u00e7\u00e3o silenciosa, altas velocidades de extrus\u00e3o e for\u00e7a vital para blocos de metal coesos.<\/li>\n<li><strong>Constru\u00e7\u00e3o dur\u00e1vel:<\/strong> constru\u00edda com chapas de a\u00e7o padronizadas com soldagem avan\u00e7ada para durabilidade, baixas taxas de falhas e longa vida \u00fatil.<\/li>\n<li><strong>Op\u00e7\u00f5es de resfriamento: <\/strong> oferece um sistema de resfriamento opcional, em variantes resfriadas a \u00e1gua ou a ar, para melhorar a opera\u00e7\u00e3o cont\u00ednua e reduzir falhas.<\/li>\n<li><strong>Veda\u00e7\u00e3o superior:<\/strong> equipada com um anel GRAI importado no cilindro para veda\u00e7\u00e3o superior e resist\u00eancia a alta press\u00e3o.<\/li>\n<li><strong>Design compacto:<\/strong> projetado para f\u00e1cil instala\u00e7\u00e3o sem funda\u00e7\u00e3o fixa e inclui um modo autom\u00e1tico para opera\u00e7\u00e3o simples.<\/li>\n<li><strong>Extrus\u00e3o a frio:<\/strong> usa tecnologia para preservar a integridade do metal e otimizar o uso do material.<\/li>\n<li><strong>Alta efici\u00eancia:<\/strong> mais eficiente do que os m\u00e9todos tradicionais de martelamento ou embalagem mec\u00e2nica.<\/li>\n<\/ul>\n<h2><\/h2>\n<h3>Como funciona um compactador de carro?<\/h3>\n<p style=\"text-align: center;\"><iframe title=\"v\u00eddeo do YouTube\" src=\"https:\/\/www.youtube.com\/embed\/w9cMSOcRoLA?si=-8vQJXZyRehomNDb\" width=\"560\" height=\"315\" frameborder=\"0\" allowfullscreen=\"allowfullscreen\" data-mce-fragment=\"1\"><\/iframe><\/p>\n<ul>\n<li><strong>Prepara\u00e7\u00e3o: <\/strong> Certifique-se do posicionamento do compactador do carro e da funcionalidade dos componentes e, em seguida, limpe a \u00e1rea ao redor.<\/li>\n<li><strong>Carregamento: <\/strong> Posicione corretamente carrocerias de sucata ou pe\u00e7as de metal na \u00e1rea de trabalho da enfardadeira.<\/li>\n<li><strong>Configura\u00e7\u00e3o de par\u00e2metros:<\/strong> ajuste a press\u00e3o e o tempo de compress\u00e3o com base no tipo e tamanho do material.<\/li>\n<li><strong>Iniciar opera\u00e7\u00e3o: <\/strong> ative o compactador de carro, manual ou automaticamente, e monitore se h\u00e1 problemas.<\/li>\n<li><strong>Compress\u00e3o: A<\/strong>plique press\u00e3o hidr\u00e1ulica para compactar sucata em fardos apertados, mantendo a estabilidade.<\/li>\n<li><b>Descarregamento: <\/b>Pare a m\u00e1quina ap\u00f3s a compress\u00e3o e remova os fardos usando as <strong><a href=\"https:\/\/www.unitetopbalermachine.com\/scrap-grabs.html\">garras de casca de laranja<\/a><\/strong>.<\/li>\n<li><b>Limpeza e manuten\u00e7\u00e3o:<\/b> limpe o compactador e a \u00e1rea do carro e execute a manuten\u00e7\u00e3o necess\u00e1ria para funcionalidade a longo prazo.<\/li>\n<\/ul>\n<h3><\/h3>\n<h3>Op\u00e7\u00f5es<\/h3>\n<p>Ao escolher uma enfardadeira de autom\u00f3veis, voc\u00ea pode selecionar entre garra fixa e garra de escavadeira para complementar a opera\u00e7\u00e3o.<\/p>\n<p><img decoding=\"async\" class=\"aligncenter wp-image-2001 size-full\" src=\"https:\/\/www.unitetopbalermachine.com\/wp-content\/uploads\/2024\/05\/Excavator-Scrap-Grapple-vs-fixed.jpg\" alt=\"Garra de sucata\" width=\"726\" height=\"326\" srcset=\"https:\/\/www.unitetopbalermachine.com\/wp-content\/uploads\/2024\/05\/Excavator-Scrap-Grapple-vs-fixed.jpg 726w, https:\/\/www.unitetopbalermachine.com\/wp-content\/uploads\/2024\/05\/Excavator-Scrap-Grapple-vs-fixed-300x135.jpg 300w, https:\/\/www.unitetopbalermachine.com\/wp-content\/uploads\/2024\/05\/Excavator-Scrap-Grapple-vs-fixed-600x269.jpg 600w\" sizes=\"(max-width: 726px) 100vw, 726px\" \/><\/p>\n<h3><\/h3>\n<h3>Fornecedores Cooperativos<\/h3>\n<p><img decoding=\"async\" class=\"wp-image-1707 aligncenter\" src=\"https:\/\/www.unitetopbalermachine.com\/wp-content\/uploads\/2024\/05\/COOPERATIVE-SUPPLIERS-1024x256.jpg\" alt=\"FORNECEDORES COOPERATIVOS\" width=\"701\" height=\"175\" srcset=\"https:\/\/www.unitetopbalermachine.com\/wp-content\/uploads\/2024\/05\/COOPERATIVE-SUPPLIERS-1024x256.jpg 1024w, https:\/\/www.unitetopbalermachine.com\/wp-content\/uploads\/2024\/05\/COOPERATIVE-SUPPLIERS-600x150.jpg 600w, https:\/\/www.unitetopbalermachine.com\/wp-content\/uploads\/2024\/05\/COOPERATIVE-SUPPLIERS-300x75.jpg 300w, https:\/\/www.unitetopbalermachine.com\/wp-content\/uploads\/2024\/05\/COOPERATIVE-SUPPLIERS-768x192.jpg 768w, https:\/\/www.unitetopbalermachine.com\/wp-content\/uploads\/2024\/05\/COOPERATIVE-SUPPLIERS.jpg 1200w\" sizes=\"(max-width: 701px) 100vw, 701px\" \/><\/p>\n","protected":false},"excerpt":{"rendered":"<p>A m\u00e1quina compactadora de carros tamb\u00e9m \u00e9 conhecida como enfardadeira de carros, trituradora de carros ou enfardadeira de carros. \u00c9 um equipamento de servi\u00e7o pesado projetado para comprimir carros sucateados em blocos menores para transporte e reciclagem mais acess\u00edveis. Esta m\u00e1quina utiliza um sistema hidr\u00e1ulico potente capaz de comprimir metal com efici\u00eancia, reduzindo significativamente o volume de carros sucateados. A estrutura da enfardadeira hidr\u00e1ulica de carros sucateados \u00e9 robusta e capaz de suportar altos n\u00edveis de press\u00e3o, garantindo seguran\u00e7a e estabilidade durante o processo de compress\u00e3o.<\/p>\n<table border=\"1\" cellspacing=\"0\">\n<tbody>\n<tr>\n<td valign=\"top\" width=\"225\">Modelo<\/td>\n<td valign=\"top\" width=\"225\">HBB-4800<\/td>\n<\/tr>\n<tr>\n<td valign=\"top\" width=\"225\">Press\u00e3o hidr\u00e1ulica<\/td>\n<td valign=\"top\" width=\"225\">100-250 toneladas<\/td>\n<\/tr>\n<tr>\n<td valign=\"top\" width=\"225\">Tamanho do fardo<\/td>\n<td valign=\"top\" width=\"225\">870\u00d7670 mm \u00d7 comprimento vari\u00e1vel<\/td>\n<\/tr>\n<tr>\n<td valign=\"top\" width=\"225\">Tamanho da c\u00e2mara<\/td>\n<td valign=\"top\" width=\"225\">4800\u00d71720 mm<\/td>\n<\/tr>\n<tr>\n<td valign=\"top\" width=\"225\">Caminho de sa\u00edda do fardo<\/td>\n<td valign=\"top\" width=\"225\">Retire o fardo com a m\u00e1quina de garra<\/td>\n<\/tr>\n<tr>\n<td valign=\"top\" width=\"225\">Cor<\/td>\n<td valign=\"top\" width=\"225\">Personalizado<\/td>\n<\/tr>\n<tr>\n<td valign=\"top\" width=\"225\">Opera\u00e7\u00e3o<\/td>\n<td valign=\"top\" width=\"225\">Controle PLC autom\u00e1tico<\/td>\n<\/tr>\n<\/tbody>\n<\/table>\n<p>&nbsp;<\/p>\n","protected":false},"featured_media":3883,"template":"","meta":{"site-sidebar-layout":"default","site-content-layout":"","ast-site-content-layout":"default","site-content-style":"default","site-sidebar-style":"default","ast-global-header-display":"","ast-banner-title-visibility":"","ast-main-header-display":"","ast-hfb-above-header-display":"","ast-hfb-below-header-display":"","ast-hfb-mobile-header-display":"","site-post-title":"","ast-breadcrumbs-content":"","ast-featured-img":"","footer-sml-layout":"","theme-transparent-header-meta":"default","adv-header-id-meta":"","stick-header-meta":"","header-above-stick-meta":"","header-main-stick-meta":"","header-below-stick-meta":"","astra-migrate-meta-layouts":"set","ast-page-background-enabled":"default","ast-page-background-meta":{"desktop":{"background-color":"var(--ast-global-color-4)","background-image":"","background-repeat":"repeat","background-position":"center center","background-size":"auto","background-attachment":"scroll","background-type":"","background-media":"","overlay-type":"","overlay-color":"","overlay-opacity":"","overlay-gradient":""},"tablet":{"background-color":"","background-image":"","background-repeat":"repeat","background-position":"center center","background-size":"auto","background-attachment":"scroll","background-type":"","background-media":"","overlay-type":"","overlay-color":"","overlay-opacity":"","overlay-gradient":""},"mobile":{"background-color":"","background-image":"","background-repeat":"repeat","background-position":"center center","background-size":"auto","background-attachment":"scroll","background-type":"","background-media":"","overlay-type":"","overlay-color":"","overlay-opacity":"","overlay-gradient":""}},"ast-content-background-meta":{"desktop":{"background-color":"var(--ast-global-color-5)","background-image":"","background-repeat":"repeat","background-position":"center center","background-size":"auto","background-attachment":"scroll","background-type":"","background-media":"","overlay-type":"","overlay-color":"","overlay-opacity":"","overlay-gradient":""},"tablet":{"background-color":"var(--ast-global-color-5)","background-image":"","background-repeat":"repeat","background-position":"center center","background-size":"auto","background-attachment":"scroll","background-type":"","background-media":"","overlay-type":"","overlay-color":"","overlay-opacity":"","overlay-gradient":""},"mobile":{"background-color":"var(--ast-global-color-5)","background-image":"","background-repeat":"repeat","background-position":"center center","background-size":"auto","background-attachment":"scroll","background-type":"","background-media":"","overlay-type":"","overlay-color":"","overlay-opacity":"","overlay-gradient":""}}},"product_brand":[],"product_cat":[66],"product_tag":[],"class_list":{"0":"post-3882","1":"product","2":"type-product","3":"status-publish","4":"has-post-thumbnail","6":"product_cat-enfardadeira-de-sucata","7":"desktop-align-left","8":"tablet-align-left","9":"mobile-align-left","11":"first","12":"instock","13":"shipping-taxable","14":"product-type-simple"},"_links":{"self":[{"href":"https:\/\/www.unitetopbalermachine.com\/pt-br\/wp-json\/wp\/v2\/product\/3882","targetHints":{"allow":["GET"]}}],"collection":[{"href":"https:\/\/www.unitetopbalermachine.com\/pt-br\/wp-json\/wp\/v2\/product"}],"about":[{"href":"https:\/\/www.unitetopbalermachine.com\/pt-br\/wp-json\/wp\/v2\/types\/product"}],"wp:featuredmedia":[{"embeddable":true,"href":"https:\/\/www.unitetopbalermachine.com\/pt-br\/wp-json\/wp\/v2\/media\/3883"}],"wp:attachment":[{"href":"https:\/\/www.unitetopbalermachine.com\/pt-br\/wp-json\/wp\/v2\/media?parent=3882"}],"wp:term":[{"taxonomy":"product_brand","embeddable":true,"href":"https:\/\/www.unitetopbalermachine.com\/pt-br\/wp-json\/wp\/v2\/product_brand?post=3882"},{"taxonomy":"product_cat","embeddable":true,"href":"https:\/\/www.unitetopbalermachine.com\/pt-br\/wp-json\/wp\/v2\/product_cat?post=3882"},{"taxonomy":"product_tag","embeddable":true,"href":"https:\/\/www.unitetopbalermachine.com\/pt-br\/wp-json\/wp\/v2\/product_tag?post=3882"}],"curies":[{"name":"wp","href":"https:\/\/api.w.org\/{rel}","templated":true}]}}