{"id":11973,"date":"2025-03-13T01:04:10","date_gmt":"2025-03-13T01:04:10","guid":{"rendered":"https:\/\/www.unitetopbalermachine.com\/product\/maquina-de-cisalhamento-de-conteineres-de-sucata-hidraulica-com-controle-automatico-da-serie-ws\/"},"modified":"2026-03-18T10:25:48","modified_gmt":"2026-03-18T10:25:48","slug":"maquina-de-cisalhamento-de-conteineres-de-sucata-hidraulica-com-controle-automatico-da-serie-ws","status":"publish","type":"product","link":"https:\/\/www.unitetopbalermachine.com\/pt-br\/maquina-de-cisalhamento-de-conteineres-de-sucata-hidraulica-com-controle-automatico-da-serie-ws.html","title":{"rendered":"M\u00e1quina de cisalhamento de cont\u00eaineres de sucata hidr\u00e1ulica com controle autom\u00e1tico da s\u00e9rie WS"},"content":{"rendered":"<h2>Detalhe da produ\u00e7\u00e3o<\/h2>\n<p>A m\u00e1quina de cisalhamento hidr\u00e1ulico para cont\u00eaineres de sucata da s\u00e9rie WS \u00e9 muito ben\u00e9fica para a ind\u00fastria de reciclagem de metais. Atualmente, todos os pa\u00edses enfrentam o problema da escassez de recursos. A melhor abordagem para a reciclagem \u00e9 um tema importante tanto em pa\u00edses industrializados quanto em desenvolvimento. Para atender \u00e0s necessidades de nossos clientes, projetamos uma variedade de m\u00e1quinas de cisalhamento hidr\u00e1ulico para cont\u00eaineres de sucata para que eles possam manusear sua sucata.<\/p>\n<p>As tesouras hidr\u00e1ulicas para cont\u00eaineres de sucata da s\u00e9rie WS s\u00e3o adequadas para a recupera\u00e7\u00e3o e processamento de grandes ind\u00fastrias de fundi\u00e7\u00e3o de ferro e a\u00e7o e metais n\u00e3o ferrosos. Essas tesouras podem cortar uma variedade de formatos de metal, incluindo a\u00e7o redondo, quadrado, canal, cantoneira, I e chapa, bem como todos os tipos de estruturas de sucata e sucata de a\u00e7o de cisalhamento a frio, facilitando o acondicionamento, o armazenamento e o transporte, al\u00e9m de permitir a fundi\u00e7\u00e3o de carga qualificada.<\/p>\n<h3>Caracter\u00edsticos<\/h3>\n<ul>\n<li>A m\u00e1quina de corte hidr\u00e1ulica de cont\u00eaineres para sucata da s\u00e9rie WS utiliza um acionamento hidr\u00e1ulico.<\/li>\n<li>Em compara\u00e7\u00e3o com m\u00e1quinas de corte mec\u00e2nicas tradicionais, nossa tesoura hidr\u00e1ulica para cont\u00eaineres de sucata da s\u00e9rie WS oferece um design compacto, estrutura leve, baixa in\u00e9rcia, ru\u00eddo reduzido e opera\u00e7\u00e3o suave.<\/li>\n<li>Simples e segura de operar, a m\u00e1quina de corte hidr\u00e1ulico de cont\u00eaineres para sucata met\u00e1lica da s\u00e9rie WS permite f\u00e1cil ajuste da l\u00e2mina de corte.<\/li>\n<li>A m\u00e1quina de corte hidr\u00e1ulica de cont\u00eaineres para sucata da s\u00e9rie WS \u00e9 duradoura e aumenta a produtividade.<\/li>\n<li>O controle autom\u00e1tico PLC \u00e9 simples de usar e manter.<\/li>\n<li>A m\u00e1quina de cisalhamento hidr\u00e1ulico de cont\u00eaineres para sucata de metal da nossa s\u00e9rie WS \u00e9 adequada para uma variedade de tipos de metal.<\/li>\n<\/ul>\n<h2>Formul\u00e1rios<\/h2>\n<p><img fetchpriority=\"high\" decoding=\"async\" class=\"alignnone size-full wp-image-11466\" src=\"https:\/\/www.unitetopbalermachine.com\/wp-content\/uploads\/2025\/03\/Automatic-Control-Hydraulic-Scrap-Metal-Container-Shear-Machine-Applications.jpg\" alt=\"Aplica\u00e7\u00f5es da m\u00e1quina de cisalhamento de cont\u00eaineres de sucata hidr\u00e1ulica de controle autom\u00e1tico\" width=\"1200\" height=\"205\" srcset=\"https:\/\/www.unitetopbalermachine.com\/wp-content\/uploads\/2025\/03\/Automatic-Control-Hydraulic-Scrap-Metal-Container-Shear-Machine-Applications.jpg 1200w, https:\/\/www.unitetopbalermachine.com\/wp-content\/uploads\/2025\/03\/Automatic-Control-Hydraulic-Scrap-Metal-Container-Shear-Machine-Applications-300x51.jpg 300w, https:\/\/www.unitetopbalermachine.com\/wp-content\/uploads\/2025\/03\/Automatic-Control-Hydraulic-Scrap-Metal-Container-Shear-Machine-Applications-1024x175.jpg 1024w, https:\/\/www.unitetopbalermachine.com\/wp-content\/uploads\/2025\/03\/Automatic-Control-Hydraulic-Scrap-Metal-Container-Shear-Machine-Applications-768x131.jpg 768w, https:\/\/www.unitetopbalermachine.com\/wp-content\/uploads\/2025\/03\/Automatic-Control-Hydraulic-Scrap-Metal-Container-Shear-Machine-Applications-600x103.jpg 600w\" sizes=\"(max-width: 1200px) 100vw, 1200px\" \/><\/p>\n<h2>Par\u00e2metro t\u00e9cnico<\/h2>\n<table>\n<tbody>\n<tr>\n<td><strong>Modelo<\/strong><\/td>\n<td><strong>For\u00e7a m\u00e1xima de corte (toneladas)<\/strong><\/td>\n<td><strong>Comprimento da l\u00e2mina (mm)<\/strong><\/td>\n<td><strong>Altura de cisalhamento (mm)<\/strong><\/td>\n<td><strong>Frequ\u00eancia de cisalhamento (vezes\/min)<\/strong><\/td>\n<td><strong>Poder<\/strong><strong>\uff08kw\uff09<\/strong><\/td>\n<\/tr>\n<tr>\n<td>WS-630<\/td>\n<td>630<\/td>\n<td>1400<\/td>\n<td>420\/300<\/td>\n<td>8-10<\/td>\n<td>110<\/td>\n<\/tr>\n<tr>\n<td>WS-800<\/td>\n<td>800<\/td>\n<td>1600<\/td>\n<td>420\/300<\/td>\n<td>12-18<\/td>\n<td>150<\/td>\n<\/tr>\n<tr>\n<td>WS-1000<\/td>\n<td>1000<\/td>\n<td>1600\/2100<\/td>\n<td>420\/500<\/td>\n<td>15-25<\/td>\n<td>275<\/td>\n<\/tr>\n<\/tbody>\n<\/table>\n<h2>Fornecedores Cooperativos<\/h2>\n<p><img decoding=\"async\" class=\"size-full wp-image-11297 aligncenter\" src=\"https:\/\/www.unitetopbalermachine.com\/wp-content\/uploads\/2025\/03\/Cooperative-Suppliers.jpg\" alt=\"Fornecedores Cooperativos\" width=\"900\" height=\"422\" srcset=\"https:\/\/www.unitetopbalermachine.com\/wp-content\/uploads\/2025\/03\/Cooperative-Suppliers.jpg 900w, https:\/\/www.unitetopbalermachine.com\/wp-content\/uploads\/2025\/03\/Cooperative-Suppliers-300x141.jpg 300w, https:\/\/www.unitetopbalermachine.com\/wp-content\/uploads\/2025\/03\/Cooperative-Suppliers-768x360.jpg 768w, https:\/\/www.unitetopbalermachine.com\/wp-content\/uploads\/2025\/03\/Cooperative-Suppliers-600x281.jpg 600w\" sizes=\"(max-width: 900px) 100vw, 900px\" \/><\/p>\n<h2>Assista \u00e0 m\u00e1quina enfardadeira tesoura hidr\u00e1ulica para sucata de metal da s\u00e9rie WS para corte de metal em a\u00e7\u00e3o!<\/h2>\n<div class=\"ast-oembed-container \" style=\"height: 100%;\"><iframe title=\"Chinese Manufacture Automatic Control WS Series Hydraulic Scrap Metal Container Shear Machine\" width=\"500\" height=\"281\" src=\"https:\/\/www.youtube.com\/embed\/QnC-QROUEIU?feature=oembed\" frameborder=\"0\" allow=\"accelerometer; autoplay; clipboard-write; encrypted-media; gyroscope; picture-in-picture; web-share\" referrerpolicy=\"strict-origin-when-cross-origin\" allowfullscreen><\/iframe><\/div>\n","protected":false},"excerpt":{"rendered":"<p>Com mais de 25 anos de experi\u00eancia em produ\u00e7\u00e3o, entregamos mais de 3.000 solu\u00e7\u00f5es personalizadas de reciclagem de sucata met\u00e1lica.<\/p>\n<table>\n<tbody>\n<tr>\n<td>Lugar de origem<\/td>\n<td>JIANGYIN, CHINA<\/td>\n<\/tr>\n<tr>\n<td>Modelo<\/td>\n<td>WS-630<\/td>\n<\/tr>\n<tr>\n<td>For\u00e7a m\u00e1xima de corte<\/td>\n<td>630 toneladas<\/td>\n<\/tr>\n<tr>\n<td>Comprimento da l\u00e2mina<\/td>\n<td>1400mm<\/td>\n<\/tr>\n<tr>\n<td>Motor<\/td>\n<td>110kw<\/td>\n<\/tr>\n<tr>\n<td>Cor<\/td>\n<td>Personalizado<\/td>\n<\/tr>\n<tr>\n<td>Opera\u00e7\u00e3o<\/td>\n<td>Controle Autom\u00e1tico<\/td>\n<\/tr>\n<\/tbody>\n<\/table>\n","protected":false},"featured_media":11484,"template":"","meta":{"site-sidebar-layout":"default","site-content-layout":"","ast-site-content-layout":"default","site-content-style":"default","site-sidebar-style":"default","ast-global-header-display":"","ast-banner-title-visibility":"","ast-main-header-display":"","ast-hfb-above-header-display":"","ast-hfb-below-header-display":"","ast-hfb-mobile-header-display":"","site-post-title":"","ast-breadcrumbs-content":"","ast-featured-img":"","footer-sml-layout":"","theme-transparent-header-meta":"default","adv-header-id-meta":"","stick-header-meta":"","header-above-stick-meta":"","header-main-stick-meta":"","header-below-stick-meta":"","astra-migrate-meta-layouts":"set","ast-page-background-enabled":"default","ast-page-background-meta":{"desktop":{"background-color":"var(--ast-global-color-4)","background-image":"","background-repeat":"repeat","background-position":"center center","background-size":"auto","background-attachment":"scroll","background-type":"","background-media":"","overlay-type":"","overlay-color":"","overlay-opacity":"","overlay-gradient":""},"tablet":{"background-color":"","background-image":"","background-repeat":"repeat","background-position":"center center","background-size":"auto","background-attachment":"scroll","background-type":"","background-media":"","overlay-type":"","overlay-color":"","overlay-opacity":"","overlay-gradient":""},"mobile":{"background-color":"","background-image":"","background-repeat":"repeat","background-position":"center center","background-size":"auto","background-attachment":"scroll","background-type":"","background-media":"","overlay-type":"","overlay-color":"","overlay-opacity":"","overlay-gradient":""}},"ast-content-background-meta":{"desktop":{"background-color":"var(--ast-global-color-5)","background-image":"","background-repeat":"repeat","background-position":"center center","background-size":"auto","background-attachment":"scroll","background-type":"","background-media":"","overlay-type":"","overlay-color":"","overlay-opacity":"","overlay-gradient":""},"tablet":{"background-color":"var(--ast-global-color-5)","background-image":"","background-repeat":"repeat","background-position":"center center","background-size":"auto","background-attachment":"scroll","background-type":"","background-media":"","overlay-type":"","overlay-color":"","overlay-opacity":"","overlay-gradient":""},"mobile":{"background-color":"var(--ast-global-color-5)","background-image":"","background-repeat":"repeat","background-position":"center center","background-size":"auto","background-attachment":"scroll","background-type":"","background-media":"","overlay-type":"","overlay-color":"","overlay-opacity":"","overlay-gradient":""}}},"product_brand":[],"product_cat":[68],"product_tag":[],"class_list":{"0":"post-11973","1":"product","2":"type-product","3":"status-publish","4":"has-post-thumbnail","6":"product_cat-tesoura-de-sucata","7":"desktop-align-left","8":"tablet-align-left","9":"mobile-align-left","11":"first","12":"instock","13":"shipping-taxable","14":"product-type-simple"},"_links":{"self":[{"href":"https:\/\/www.unitetopbalermachine.com\/pt-br\/wp-json\/wp\/v2\/product\/11973","targetHints":{"allow":["GET"]}}],"collection":[{"href":"https:\/\/www.unitetopbalermachine.com\/pt-br\/wp-json\/wp\/v2\/product"}],"about":[{"href":"https:\/\/www.unitetopbalermachine.com\/pt-br\/wp-json\/wp\/v2\/types\/product"}],"wp:featuredmedia":[{"embeddable":true,"href":"https:\/\/www.unitetopbalermachine.com\/pt-br\/wp-json\/wp\/v2\/media\/11484"}],"wp:attachment":[{"href":"https:\/\/www.unitetopbalermachine.com\/pt-br\/wp-json\/wp\/v2\/media?parent=11973"}],"wp:term":[{"taxonomy":"product_brand","embeddable":true,"href":"https:\/\/www.unitetopbalermachine.com\/pt-br\/wp-json\/wp\/v2\/product_brand?post=11973"},{"taxonomy":"product_cat","embeddable":true,"href":"https:\/\/www.unitetopbalermachine.com\/pt-br\/wp-json\/wp\/v2\/product_cat?post=11973"},{"taxonomy":"product_tag","embeddable":true,"href":"https:\/\/www.unitetopbalermachine.com\/pt-br\/wp-json\/wp\/v2\/product_tag?post=11973"}],"curies":[{"name":"wp","href":"https:\/\/api.w.org\/{rel}","templated":true}]}}