{"id":11972,"date":"2025-03-13T01:04:45","date_gmt":"2025-03-13T01:04:45","guid":{"rendered":"https:\/\/www.unitetopbalermachine.com\/product\/maquina-trituradora-de-metal-com-controle-automatico-da-serie-spj\/"},"modified":"2026-03-18T08:50:48","modified_gmt":"2026-03-18T08:50:48","slug":"maquina-trituradora-de-metal-com-controle-automatico-da-serie-spj","status":"publish","type":"product","link":"https:\/\/www.unitetopbalermachine.com\/pt-br\/maquina-trituradora-de-metal-com-controle-automatico-da-serie-spj.html","title":{"rendered":"M\u00e1quina trituradora de metal com controle autom\u00e1tico da s\u00e9rie SPJ"},"content":{"rendered":"<h2>Detalhes do produto<\/h2>\n<p>A trituradora de metal \u00e9 um equipamento altamente vers\u00e1til e multifuncional, projetado com uma estrutura modular padronizada que garante excelente intercambiabilidade das pe\u00e7as. Possui l\u00e2minas auxiliares fabricadas em a\u00e7o forjado com precis\u00e3o, o que aumenta a durabilidade e o desempenho de corte. <\/p>\n<p>Sua principal fun\u00e7\u00e3o \u00e9 triturar e compactar materiais met\u00e1licos de grandes dimens\u00f5es, incluindo tambores de grandes dimens\u00f5es e res\u00edduos met\u00e1licos volumosos, tornando-os mais compactos para um transporte e reciclagem eficientes. Ao reduzir os materiais ao tamanho de chapa necess\u00e1rio, aumenta a densidade de acumula\u00e7\u00e3o, facilitando o manuseio e a reutiliza\u00e7\u00e3o. Com um design elegante, constru\u00e7\u00e3o robusta e estrutura compacta, a m\u00e1quina n\u00e3o s\u00f3 aumenta a capacidade de processamento e a efici\u00eancia de tritura\u00e7\u00e3o, como tamb\u00e9m amplia sua gama de aplica\u00e7\u00f5es.  <\/p>\n<p>Amplamente utilizado para triturar sucata met\u00e1lica, o triturador ajuda a otimizar a densidade aparente, simplificando a log\u00edstica e a reciclagem. \u00c9 particularmente eficaz no processamento de baldes de tinta, tambores de diesel, chapas finas de ferro, carrocerias de autom\u00f3veis, blocos de metal compactado e sucata de chapas met\u00e1licas. As l\u00e2minas s\u00e3o fabricadas em liga de a\u00e7o de alta resist\u00eancia, garantindo excepcional resist\u00eancia ao desgaste e durabilidade, tornando a m\u00e1quina confi\u00e1vel para opera\u00e7\u00f5es pesadas de longo prazo.  <\/p>\n<h3>Caracter\u00edsticas<\/h3>\n<p>1. A l\u00e2mina m\u00f3vel robusta aumenta a efici\u00eancia da tritura\u00e7\u00e3o, com a pe\u00e7a fundida em a\u00e7o-liga garantindo durabilidade e maior vida \u00fatil.<\/p>\n<p>2. A placa de estrutura espessa suporta altos torques, proporcionando resist\u00eancia e estabilidade excepcionais.<\/p>\n<p>3. Equipado com um sistema de controle autom\u00e1tico por microcomputador (PLC), permitindo partida, parada, marcha \u00e0 r\u00e9 e prote\u00e7\u00e3o contra sobrecarga com fun\u00e7\u00e3o de marcha \u00e0 r\u00e9 autom\u00e1tica.<\/p>\n<p>4. Nossa trituradora de metal opera em baixa velocidade com alto torque, produzindo o m\u00ednimo de ru\u00eddo e poeira, ao mesmo tempo em que cumpre as normas de prote\u00e7\u00e3o ambiental.<\/p>\n<p>5. Projetado para facilitar ajustes, reduzir os custos de manuten\u00e7\u00e3o e garantir economia a longo prazo.<\/p>\n<p>6. A espessura da ferramenta e o n\u00famero de garras da l\u00e2mina podem ser personalizados para atender \u00e0s diferentes necessidades de processamento de materiais.<\/p>\n<h2>Princ\u00edpio de funcionamento da trituradora de metal<\/h2>\n<p>O material \u00e9 introduzido na trituradora dentro da caixa e, em seguida, \u00e9 triturado em pequenos peda\u00e7os para atender aos requisitos da parte inferior da caixa, ap\u00f3s a l\u00e2mina de tritura\u00e7\u00e3o ter rasgado, extrudado, cortado e realizado outras a\u00e7\u00f5es abrangentes.<\/p>\n<p>O desenvolvimento da trituradora de metal n\u00e3o s\u00f3 resolve o problema do ac\u00famulo de materiais em grandes \u00e1reas por meio do processamento, como tamb\u00e9m facilita o transporte e a reciclagem. As partes mais importantes do processo s\u00e3o o cabe\u00e7ote de corte e o motor; a trituradora de metal rasga materiais met\u00e1licos, e os requisitos de dureza e resist\u00eancia ao desgaste do cabe\u00e7ote de corte s\u00e3o particularmente elevados; se n\u00e3o forem atendidos, a m\u00e1quina ser\u00e1 danificada. <\/p>\n<h2>Detalhes da trituradora de metal<\/h2>\n<table class=\"table03132\">\n<tbody>\n<tr>\n<td><img fetchpriority=\"high\" decoding=\"async\" class=\"alignnone size-full wp-image-11261\" src=\"https:\/\/www.unitetopbalermachine.com\/wp-content\/uploads\/2025\/03\/Metal-Shredder-Machine-Blade.jpg\" alt=\"L\u00e2mina para triturador de metal\" width=\"600\" height=\"450\" srcset=\"https:\/\/www.unitetopbalermachine.com\/wp-content\/uploads\/2025\/03\/Metal-Shredder-Machine-Blade.jpg 600w, https:\/\/www.unitetopbalermachine.com\/wp-content\/uploads\/2025\/03\/Metal-Shredder-Machine-Blade-300x225.jpg 300w\" sizes=\"(max-width: 600px) 100vw, 600px\" \/><\/td>\n<td>1. L\u00e2mina para trituradora de metal<br \/>\nPodemos personalizar a l\u00e2mina da trituradora de metal de acordo com a mat\u00e9ria-prima utilizada na m\u00e1quina.<\/td>\n<\/tr>\n<tr>\n<td><img decoding=\"async\" class=\"alignnone size-full wp-image-11273\" src=\"https:\/\/www.unitetopbalermachine.com\/wp-content\/uploads\/2025\/03\/Metal-Shredder-Machine-Control-Button.jpg\" alt=\"Bot\u00e3o de controle da trituradora de metal\" width=\"600\" height=\"661\" srcset=\"https:\/\/www.unitetopbalermachine.com\/wp-content\/uploads\/2025\/03\/Metal-Shredder-Machine-Control-Button.jpg 600w, https:\/\/www.unitetopbalermachine.com\/wp-content\/uploads\/2025\/03\/Metal-Shredder-Machine-Control-Button-272x300.jpg 272w\" sizes=\"(max-width: 600px) 100vw, 600px\" \/><\/td>\n<td>2. Bot\u00e3o de controle<br \/>\nNosso triturador de metal possui controle autom\u00e1tico, o que facilita a opera\u00e7\u00e3o e simplifica a manuten\u00e7\u00e3o.<\/td>\n<\/tr>\n<tr>\n<td><img decoding=\"async\" class=\"alignnone size-full wp-image-11285\" src=\"https:\/\/www.unitetopbalermachine.com\/wp-content\/uploads\/2025\/03\/Small-All-In-One-Metal-Shredder-Machine.jpg\" alt=\"Pequena m\u00e1quina trituradora de metal multifuncional\" width=\"600\" height=\"453\" srcset=\"https:\/\/www.unitetopbalermachine.com\/wp-content\/uploads\/2025\/03\/Small-All-In-One-Metal-Shredder-Machine.jpg 600w, https:\/\/www.unitetopbalermachine.com\/wp-content\/uploads\/2025\/03\/Small-All-In-One-Metal-Shredder-Machine-300x227.jpg 300w\" sizes=\"(max-width: 600px) 100vw, 600px\" \/><\/td>\n<td>3. M\u00e1quina multifuncional<br \/>\nNossa pequena trituradora de metal multifuncional possui um design especial, ocupa pouco espa\u00e7o e conta com recursos de seguran\u00e7a e conveni\u00eancia.<\/td>\n<\/tr>\n<\/tbody>\n<\/table>\n<h2>Nossos tipos de trituradores de metal<\/h2>\n<p><img loading=\"lazy\" decoding=\"async\" class=\"size-full wp-image-14322 aligncenter\" src=\"https:\/\/www.unitetopbalermachine.com\/wp-content\/uploads\/2025\/03\/Metal-Shredder-Types.jpg\" alt=\"Tipos de trituradores de metal\" width=\"900\" height=\"600\" srcset=\"https:\/\/www.unitetopbalermachine.com\/wp-content\/uploads\/2025\/03\/Metal-Shredder-Types.jpg 900w, https:\/\/www.unitetopbalermachine.com\/wp-content\/uploads\/2025\/03\/Metal-Shredder-Types-300x200.jpg 300w, https:\/\/www.unitetopbalermachine.com\/wp-content\/uploads\/2025\/03\/Metal-Shredder-Types-768x512.jpg 768w, https:\/\/www.unitetopbalermachine.com\/wp-content\/uploads\/2025\/03\/Metal-Shredder-Types-600x400.jpg 600w\" sizes=\"(max-width: 900px) 100vw, 900px\" \/><\/p>\n<h3>Triturador de metal de eixo \u00fanico<\/h3>\n<ul>\n<li>Otimizado para res\u00edduos leves a m\u00e9dios, proporcionando uma efici\u00eancia de tritura\u00e7\u00e3o consistente.<\/li>\n<li>Manuten\u00e7\u00e3o f\u00e1cil com l\u00e2minas substitu\u00edveis para minimizar o tempo de inatividade.<\/li>\n<li>O design energeticamente eficiente reduz as despesas operacionais sem comprometer a funcionalidade.<\/li>\n<\/ul>\n<h3>Triturador de metal de eixo duplo<\/h3>\n<ul>\n<li>Processa sucata maior e mais resistente com maior capacidade de produ\u00e7\u00e3o.<\/li>\n<li>Os rotores duplos garantem uma tritura\u00e7\u00e3o uniforme e reduzem o risco de entupimento do material.<\/li>\n<li>Constru\u00e7\u00e3o robusta, adequada para opera\u00e7\u00f5es industriais cont\u00ednuas e de alta exig\u00eancia.<\/li>\n<\/ul>\n<h3>Triturador de metal m\u00f3vel<\/h3>\n<ul>\n<li>A instala\u00e7\u00e3o flex\u00edvel permite a opera\u00e7\u00e3o em v\u00e1rios locais ou em configura\u00e7\u00f5es tempor\u00e1rias.<\/li>\n<li>Design compacto com mobilidade para o processamento de sucata no local.<\/li>\n<li>A r\u00e1pida instala\u00e7\u00e3o e o transporte reduzem o tempo de inatividade e os custos log\u00edsticos.<\/li>\n<\/ul>\n<h3>Triturador industrial para servi\u00e7os pesados<\/h3>\n<ul>\n<li>Projetado para a reciclagem cont\u00ednua de grandes volumes de metal em ambientes industriais.<\/li>\n<li>O rotor e a estrutura refor\u00e7ados resistem ao desgaste extremo.<\/li>\n<li>Tamanho de sa\u00edda personaliz\u00e1vel para atender aos exigentes requisitos de processamento posterior.<\/li>\n<\/ul>\n<h2>Aplica\u00e7\u00f5es<\/h2>\n<p>As trituradoras de metal atendem a diversos setores, aumentando a efici\u00eancia da reciclagem e reduzindo os custos de manuseio de res\u00edduos.<\/p>\n<ul>\n<li><strong>Reciclagem automotiva:<\/strong> Tritura\u00e7\u00e3o de carrocerias, chassis e componentes met\u00e1licos para recupera\u00e7\u00e3o de sucata.<\/li>\n<li><strong>Processamento de cabos e fios el\u00e9tricos:<\/strong> Processa com efici\u00eancia sucata de cabos de cobre, alum\u00ednio e mistos.<\/li>\n<li><strong>Sucata de a\u00e7o, alum\u00ednio e cobre:<\/strong> Reduz grandes quantidades de sucata industrial em peda\u00e7os de tamanhos uniformes para processamento posterior.<\/li>\n<li><strong>Reciclagem de lixo eletr\u00f4nico:<\/strong> Lida com res\u00edduos eletr\u00f4nicos de forma segura, incluindo computadores, eletrodom\u00e9sticos e componentes eletr\u00f4nicos.<\/li>\n<li><strong>Redu\u00e7\u00e3o de res\u00edduos industriais e de fundi\u00e7\u00e3o:<\/strong> Otimiza o manuseio de res\u00edduos met\u00e1licos em f\u00e1bricas, fundi\u00e7\u00f5es e instala\u00e7\u00f5es de processamento de metais.<\/li>\n<\/ul>\n<p><img loading=\"lazy\" decoding=\"async\" class=\"size-full wp-image-11454 aligncenter\" src=\"https:\/\/www.unitetopbalermachine.com\/wp-content\/uploads\/2025\/03\/SPJ-Series-Automatic-Control-Metal-Shredder-Machine-Applications.jpg\" alt=\"Aplica\u00e7\u00f5es da trituradora autom\u00e1tica de metal da s\u00e9rie SPJ\" width=\"800\" height=\"490\" srcset=\"https:\/\/www.unitetopbalermachine.com\/wp-content\/uploads\/2025\/03\/SPJ-Series-Automatic-Control-Metal-Shredder-Machine-Applications.jpg 800w, https:\/\/www.unitetopbalermachine.com\/wp-content\/uploads\/2025\/03\/SPJ-Series-Automatic-Control-Metal-Shredder-Machine-Applications-300x184.jpg 300w, https:\/\/www.unitetopbalermachine.com\/wp-content\/uploads\/2025\/03\/SPJ-Series-Automatic-Control-Metal-Shredder-Machine-Applications-768x470.jpg 768w, https:\/\/www.unitetopbalermachine.com\/wp-content\/uploads\/2025\/03\/SPJ-Series-Automatic-Control-Metal-Shredder-Machine-Applications-600x368.jpg 600w\" sizes=\"(max-width: 800px) 100vw, 800px\" \/><\/p>\n<h2>Par\u00e2metros t\u00e9cnicos<\/h2>\n<table>\n<tbody>\n<tr>\n<td><strong>Modelo<\/strong><\/td>\n<td><strong>Di\u00e2metro da l\u00e2mina (mm)<\/strong><\/td>\n<td><strong>Dimens\u00f5es da c\u00e2mara (mm)<\/strong><\/td>\n<td><strong>Capacidade (kg\/h)<\/strong><\/td>\n<td><strong>Pot\u00eancia (kw)<\/strong><\/td>\n<td><strong>Dimens\u00f5es da m\u00e1quina (mm)<\/strong><\/td>\n<td><strong>Peso (kg)<\/strong><\/td>\n<\/tr>\n<tr>\n<td>SPJ-600<\/td>\n<td>260<\/td>\n<td>600\u00d7550<\/td>\n<td>800-500<\/td>\n<td>15<\/td>\n<td>1800\u00d71300\u00d71700<\/td>\n<td>2850<\/td>\n<\/tr>\n<tr>\n<td>SPJ-800<\/td>\n<td>300<\/td>\n<td>800\u00d7600<\/td>\n<td>500-800<\/td>\n<td>37<\/td>\n<td>2800\u00d71800\u00d72100<\/td>\n<td>4200<\/td>\n<\/tr>\n<tr>\n<td>SPJ-1000<\/td>\n<td>350<\/td>\n<td>1000\u00d7700<\/td>\n<td>800-1500<\/td>\n<td>45<\/td>\n<td>2800\u00d72000\u00d72100<\/td>\n<td>6500<\/td>\n<\/tr>\n<tr>\n<td>SPJ-1200<\/td>\n<td>400<\/td>\n<td>1200\u00d7900<\/td>\n<td>1500-2500<\/td>\n<td>55<\/td>\n<td>2800\u00d72500\u00d72100<\/td>\n<td>7800<\/td>\n<\/tr>\n<tr>\n<td>SPJ-1400<\/td>\n<td>450<\/td>\n<td>1400\u00d7900<\/td>\n<td>2500-4000<\/td>\n<td>75<\/td>\n<td>2800\u00d72800\u00d72100<\/td>\n<td>9600<\/td>\n<\/tr>\n<tr>\n<td>SPJ-1600<\/td>\n<td>500<\/td>\n<td>1600\u00d71000<\/td>\n<td>4000-6000<\/td>\n<td>90<\/td>\n<td>3000\u00d72800\u00d72100<\/td>\n<td>12500<\/td>\n<\/tr>\n<\/tbody>\n<\/table>\n<h2>Fornecedores cooperativos<\/h2>\n<p><img loading=\"lazy\" decoding=\"async\" class=\"size-full wp-image-11297 aligncenter\" src=\"https:\/\/www.unitetopbalermachine.com\/wp-content\/uploads\/2025\/03\/Cooperative-Suppliers.jpg\" alt=\"Fornecedores cooperativos\" width=\"900\" height=\"422\" srcset=\"https:\/\/www.unitetopbalermachine.com\/wp-content\/uploads\/2025\/03\/Cooperative-Suppliers.jpg 900w, https:\/\/www.unitetopbalermachine.com\/wp-content\/uploads\/2025\/03\/Cooperative-Suppliers-300x141.jpg 300w, https:\/\/www.unitetopbalermachine.com\/wp-content\/uploads\/2025\/03\/Cooperative-Suppliers-768x360.jpg 768w, https:\/\/www.unitetopbalermachine.com\/wp-content\/uploads\/2025\/03\/Cooperative-Suppliers-600x281.jpg 600w\" sizes=\"(max-width: 900px) 100vw, 900px\" \/><\/p>\n<h2>Embalagem<\/h2>\n<p>Utilizaremos embalagens com filme pl\u00e1stico ou caixas de madeira para proteger nossa trituradora de metal da S\u00e9rie SPJ; garantiremos uma prote\u00e7\u00e3o adequada para nossa trituradora de metal da S\u00e9rie SPJ antes de carregar o cont\u00eainer.<\/p>\n<p><img loading=\"lazy\" decoding=\"async\" class=\"alignnone size-full wp-image-11442\" src=\"https:\/\/www.unitetopbalermachine.com\/wp-content\/uploads\/2025\/03\/SPJ-Series-Automatic-Control-Metal-Shredder-Machine-Packaging.jpg\" alt=\"Embalagem da trituradora de metal com controle autom\u00e1tico da s\u00e9rie SPJ\" width=\"1200\" height=\"298\" srcset=\"https:\/\/www.unitetopbalermachine.com\/wp-content\/uploads\/2025\/03\/SPJ-Series-Automatic-Control-Metal-Shredder-Machine-Packaging.jpg 1200w, https:\/\/www.unitetopbalermachine.com\/wp-content\/uploads\/2025\/03\/SPJ-Series-Automatic-Control-Metal-Shredder-Machine-Packaging-300x75.jpg 300w, https:\/\/www.unitetopbalermachine.com\/wp-content\/uploads\/2025\/03\/SPJ-Series-Automatic-Control-Metal-Shredder-Machine-Packaging-1024x254.jpg 1024w, https:\/\/www.unitetopbalermachine.com\/wp-content\/uploads\/2025\/03\/SPJ-Series-Automatic-Control-Metal-Shredder-Machine-Packaging-768x191.jpg 768w, https:\/\/www.unitetopbalermachine.com\/wp-content\/uploads\/2025\/03\/SPJ-Series-Automatic-Control-Metal-Shredder-Machine-Packaging-600x149.jpg 600w\" sizes=\"(max-width: 1200px) 100vw, 1200px\" \/><\/p>\n<h2>Veja a trituradora de sucata em a\u00e7\u00e3o!<\/h2>\n<div class=\"ast-oembed-container \" style=\"height: 100%;\"><iframe title=\"Chinese Manufacture Automatic Control SPJ Series metal shredder machine\" width=\"500\" height=\"375\" src=\"https:\/\/www.youtube.com\/embed\/tsPp8oBwaP4?feature=oembed\" frameborder=\"0\" allow=\"accelerometer; autoplay; clipboard-write; encrypted-media; gyroscope; picture-in-picture; web-share\" referrerpolicy=\"strict-origin-when-cross-origin\" allowfullscreen><\/iframe><\/div>\n<style>.table03132{border:none;}.table03132 td{border:none;}<\/style>\n","protected":false},"excerpt":{"rendered":"<p>Nossa trituradora de metal processa com efici\u00eancia diversos produtos met\u00e1licos, incluindo ferro, latas (de alum\u00ednio e de estanho), baldes de tinta e muito mais. Oferecemos testes de materiais com nossas mat\u00e9rias-primas preparadas para garantir um desempenho ideal. <\/p>\n<p>Com mais de 25 anos de experi\u00eancia em produ\u00e7\u00e3o, j\u00e1 fornecemos mais de 3.000 solu\u00e7\u00f5es personalizadas de reciclagem de sucata, adaptadas para atender \u00e0s diversas necessidades do setor.<\/p>\n<ul>\n<li>Design modular, f\u00e1cil manuten\u00e7\u00e3o<\/li>\n<li>L\u00e2minas de liga de alta resist\u00eancia<\/li>\n<li>Sistema de controle autom\u00e1tico PLC<\/li>\n<li>Baixo ru\u00eddo, alto torque<\/li>\n<li>Personaliz\u00e1vel para diversos materiais<\/li>\n<\/ul>\n","protected":false},"featured_media":11327,"template":"","meta":{"site-sidebar-layout":"default","site-content-layout":"","ast-site-content-layout":"default","site-content-style":"default","site-sidebar-style":"default","ast-global-header-display":"","ast-banner-title-visibility":"","ast-main-header-display":"","ast-hfb-above-header-display":"","ast-hfb-below-header-display":"","ast-hfb-mobile-header-display":"","site-post-title":"","ast-breadcrumbs-content":"","ast-featured-img":"","footer-sml-layout":"","theme-transparent-header-meta":"default","adv-header-id-meta":"","stick-header-meta":"","header-above-stick-meta":"","header-main-stick-meta":"","header-below-stick-meta":"","astra-migrate-meta-layouts":"set","ast-page-background-enabled":"default","ast-page-background-meta":{"desktop":{"background-color":"var(--ast-global-color-4)","background-image":"","background-repeat":"repeat","background-position":"center center","background-size":"auto","background-attachment":"scroll","background-type":"","background-media":"","overlay-type":"","overlay-color":"","overlay-opacity":"","overlay-gradient":""},"tablet":{"background-color":"","background-image":"","background-repeat":"repeat","background-position":"center center","background-size":"auto","background-attachment":"scroll","background-type":"","background-media":"","overlay-type":"","overlay-color":"","overlay-opacity":"","overlay-gradient":""},"mobile":{"background-color":"","background-image":"","background-repeat":"repeat","background-position":"center center","background-size":"auto","background-attachment":"scroll","background-type":"","background-media":"","overlay-type":"","overlay-color":"","overlay-opacity":"","overlay-gradient":""}},"ast-content-background-meta":{"desktop":{"background-color":"var(--ast-global-color-5)","background-image":"","background-repeat":"repeat","background-position":"center center","background-size":"auto","background-attachment":"scroll","background-type":"","background-media":"","overlay-type":"","overlay-color":"","overlay-opacity":"","overlay-gradient":""},"tablet":{"background-color":"var(--ast-global-color-5)","background-image":"","background-repeat":"repeat","background-position":"center center","background-size":"auto","background-attachment":"scroll","background-type":"","background-media":"","overlay-type":"","overlay-color":"","overlay-opacity":"","overlay-gradient":""},"mobile":{"background-color":"var(--ast-global-color-5)","background-image":"","background-repeat":"repeat","background-position":"center center","background-size":"auto","background-attachment":"scroll","background-type":"","background-media":"","overlay-type":"","overlay-color":"","overlay-opacity":"","overlay-gradient":""}}},"product_brand":[],"product_cat":[162],"product_tag":[],"class_list":{"0":"post-11972","1":"product","2":"type-product","3":"status-publish","4":"has-post-thumbnail","6":"product_cat-maquina-trituradora-de-metal","7":"desktop-align-left","8":"tablet-align-left","9":"mobile-align-left","11":"first","12":"instock","13":"shipping-taxable","14":"product-type-simple"},"_links":{"self":[{"href":"https:\/\/www.unitetopbalermachine.com\/pt-br\/wp-json\/wp\/v2\/product\/11972","targetHints":{"allow":["GET"]}}],"collection":[{"href":"https:\/\/www.unitetopbalermachine.com\/pt-br\/wp-json\/wp\/v2\/product"}],"about":[{"href":"https:\/\/www.unitetopbalermachine.com\/pt-br\/wp-json\/wp\/v2\/types\/product"}],"wp:featuredmedia":[{"embeddable":true,"href":"https:\/\/www.unitetopbalermachine.com\/pt-br\/wp-json\/wp\/v2\/media\/11327"}],"wp:attachment":[{"href":"https:\/\/www.unitetopbalermachine.com\/pt-br\/wp-json\/wp\/v2\/media?parent=11972"}],"wp:term":[{"taxonomy":"product_brand","embeddable":true,"href":"https:\/\/www.unitetopbalermachine.com\/pt-br\/wp-json\/wp\/v2\/product_brand?post=11972"},{"taxonomy":"product_cat","embeddable":true,"href":"https:\/\/www.unitetopbalermachine.com\/pt-br\/wp-json\/wp\/v2\/product_cat?post=11972"},{"taxonomy":"product_tag","embeddable":true,"href":"https:\/\/www.unitetopbalermachine.com\/pt-br\/wp-json\/wp\/v2\/product_tag?post=11972"}],"curies":[{"name":"wp","href":"https:\/\/api.w.org\/{rel}","templated":true}]}}