{"id":11971,"date":"2025-03-13T01:05:19","date_gmt":"2025-03-13T01:05:19","guid":{"rendered":"https:\/\/www.unitetopbalermachine.com\/product\/maquina-desintegradora-de-fardos-de-sucata-hidraulica-serie-cbj\/"},"modified":"2025-07-25T07:54:49","modified_gmt":"2025-07-25T07:54:49","slug":"maquina-desintegradora-de-fardos-de-sucata-hidraulica-serie-cbj","status":"publish","type":"product","link":"https:\/\/www.unitetopbalermachine.com\/pt-br\/maquina-desintegradora-de-fardos-de-sucata-hidraulica-serie-cbj.html","title":{"rendered":"M\u00e1quina desintegradora de fardos de sucata hidr\u00e1ulica s\u00e9rie CBJ"},"content":{"rendered":"<h2>Introdu\u00e7\u00e3o ao produto<\/h2>\n<p>A m\u00e1quina trituradora de fardos de sucata hidr\u00e1ulica s\u00e9rie CBJ \u00e9 adequada para empresas de recupera\u00e7\u00e3o de metais, usinas de sucata de a\u00e7o, empresas de fundi\u00e7\u00e3o e fundi\u00e7\u00e3o, para melhorar a qualidade da produ\u00e7\u00e3o de sucata de ferro e a\u00e7o, para fornecer produ\u00e7\u00e3o de carga qualificada de alta qualidade de equipamentos profissionais.<\/p>\n<p>A m\u00e1quina desintegradora de fardos de sucata hidr\u00e1ulica da s\u00e9rie CBJ, tamb\u00e9m conhecida como m\u00e1quina de desintegra\u00e7\u00e3o de blocos prensados, \u00e9 uma nova gera\u00e7\u00e3o de equipamentos profissionais de desmontagem de fardos de sucata met\u00e1lica, um tipo de equipamento de teste. A m\u00e1quina desintegradora de fardos de sucata hidr\u00e1ulica da s\u00e9rie CBJ pode detectar impurezas nos blocos embalados pelo usu\u00e1rio, garantindo o conte\u00fado da sucata de a\u00e7o, a qualidade dos produtos de sucata e a estabilidade do mercado de sucata de a\u00e7o. A m\u00e1quina desintegradora de fardos de sucata hidr\u00e1ulica da s\u00e9rie CBJ \u00e9 amplamente utilizada nas ind\u00fastrias sider\u00fargica, de fundi\u00e7\u00e3o, sider\u00fargica, de cais e outras.<\/p>\n<h3>Caracter\u00edsticos<\/h3>\n<ul>\n<li>A m\u00e1quina trituradora de fardos de sucata hidr\u00e1ulica da s\u00e9rie CBJ tem diferentes especifica\u00e7\u00f5es e modelos, que podem atender \u00e0s necessidades de diferentes clientes.<\/li>\n<li>Uma variedade de m\u00e1quinas pode ser adicionada de acordo com as necessidades do cliente.<\/li>\n<li>A m\u00e1quina trituradora de fardos de sucata hidr\u00e1ulica da s\u00e9rie CBJ n\u00e3o precisa ser consertada nem instalada.<\/li>\n<li>Opera\u00e7\u00e3o PLC simples, forte estabilidade, alto fator de seguran\u00e7a, separa\u00e7\u00e3o completa.<\/li>\n<li>A m\u00e1quina trituradora de fardos de sucata hidr\u00e1ulica da s\u00e9rie CBJ tem baixo ru\u00eddo e nenhuma vibra\u00e7\u00e3o.<\/li>\n<li>Alto grau de automa\u00e7\u00e3o, alta produtividade.<\/li>\n<li>Durante a opera\u00e7\u00e3o da m\u00e1quina trituradora de fardos de sucata hidr\u00e1ulica da s\u00e9rie CBJ, n\u00e3o repare, n\u00e3o toque nas partes m\u00f3veis, n\u00e3o pressione o material na caixa de material com as m\u00e3os ou os p\u00e9s.<\/li>\n<\/ul>\n<h3>Princ\u00edpio de funcionamento<\/h3>\n<p>A m\u00e1quina desintegradora de fardos de sucata hidr\u00e1ulica da s\u00e9rie CBJ utiliza uma bomba de \u00eambolo hidr\u00e1ulica para fornecer \u00f3leo ao circuito integrado de \u00f3leo, que, por sua vez, utiliza uma v\u00e1lvula manual distribu\u00edda para transferir o \u00f3leo para o cilindro hidr\u00e1ulico, gerando energia. De acordo com as circunst\u00e2ncias reais, a press\u00e3o pode ser ajustada para a classifica\u00e7\u00e3o necess\u00e1ria (o man\u00f4metro indica a classifica\u00e7\u00e3o). Para separar a enfardadeira hidr\u00e1ulica, segure o manipulador hidr\u00e1ulico e aperte-o. Em seguida, use a decomposi\u00e7\u00e3o m\u00faltipla para desmontar os fardos.<\/p>\n<h3>Componentes principais<\/h3>\n<p>A m\u00e1quina de quebra de fardos de sucata hidr\u00e1ulica da s\u00e9rie CBJ \u00e9 composta por um motor, tanque de \u00f3leo, bomba de \u00f3leo, manipulador, viga borboleta, sistema hidr\u00e1ulico e motor principal.<\/p>\n<table class=\"table0313\">\n<tbody>\n<tr>\n<td><img fetchpriority=\"high\" decoding=\"async\" class=\"alignnone size-full wp-image-11224\" src=\"https:\/\/www.unitetopbalermachine.com\/wp-content\/uploads\/2025\/03\/Scrap-Bale-Breaker.jpg\" alt=\"Quebrador de fardos de sucata\" width=\"600\" height=\"337\" srcset=\"https:\/\/www.unitetopbalermachine.com\/wp-content\/uploads\/2025\/03\/Scrap-Bale-Breaker.jpg 600w, https:\/\/www.unitetopbalermachine.com\/wp-content\/uploads\/2025\/03\/Scrap-Bale-Breaker-300x169.jpg 300w\" sizes=\"(max-width: 600px) 100vw, 600px\" \/><\/td>\n<td>1. Mais f\u00e1cil de desembalar<br \/>\nA m\u00e1quina trituradora de fardos de sucata hidr\u00e1ulica da s\u00e9rie CBJ adotou uma estrutura de gancho e garra mais cient\u00edfica, as garras de gancho cortam melhor a embalagem, facilitando o desembalamento.<\/td>\n<\/tr>\n<tr>\n<td>2. L\u00e2mina com cabe\u00e7a de garra substitu\u00edvel<br \/>\nL\u00e2mina de liga de a\u00e7o de alta resist\u00eancia substitu\u00edvel \u00e9 usada na cabe\u00e7a da garra, para melhorar a resist\u00eancia ao desgaste e a vida \u00fatil da garra do gancho.<\/td>\n<td><img decoding=\"async\" class=\"alignnone size-full wp-image-11236\" src=\"https:\/\/www.unitetopbalermachine.com\/wp-content\/uploads\/2025\/03\/Scrap-Bale-Breaker-Claw-Head-Blade.jpg\" alt=\"L\u00e2mina com cabe\u00e7a de garra para quebra-fardos de sucata\" width=\"600\" height=\"329\" srcset=\"https:\/\/www.unitetopbalermachine.com\/wp-content\/uploads\/2025\/03\/Scrap-Bale-Breaker-Claw-Head-Blade.jpg 600w, https:\/\/www.unitetopbalermachine.com\/wp-content\/uploads\/2025\/03\/Scrap-Bale-Breaker-Claw-Head-Blade-300x165.jpg 300w\" sizes=\"(max-width: 600px) 100vw, 600px\" \/><\/td>\n<\/tr>\n<tr>\n<td><img decoding=\"async\" class=\"alignnone size-full wp-image-11248\" src=\"https:\/\/www.unitetopbalermachine.com\/wp-content\/uploads\/2025\/03\/Scrap-Bale-Breaker-Machine-Guide-Rail.jpg\" alt=\"Trilho-guia para m\u00e1quina de quebra de fardos de sucata\" width=\"600\" height=\"324\" srcset=\"https:\/\/www.unitetopbalermachine.com\/wp-content\/uploads\/2025\/03\/Scrap-Bale-Breaker-Machine-Guide-Rail.jpg 600w, https:\/\/www.unitetopbalermachine.com\/wp-content\/uploads\/2025\/03\/Scrap-Bale-Breaker-Machine-Guide-Rail-300x162.jpg 300w\" sizes=\"(max-width: 600px) 100vw, 600px\" \/><\/td>\n<td>3. Design resistente ao desgaste das pe\u00e7as principais, trilho-guia<br \/>\nDe acordo com as caracter\u00edsticas de desgaste do trilho-guia e outras partes relevantes da estrutura, a placa de a\u00e7o de liga de alta resist\u00eancia e resistente ao desgaste \u00e9 instalada na estrutura.<\/td>\n<\/tr>\n<\/tbody>\n<\/table>\n<h2>Especifica\u00e7\u00f5es t\u00e9cnicas<\/h2>\n<table class=\"border:0 !important;\">\n<tbody>\n<tr>\n<td><strong>Modelo<\/strong><\/td>\n<td><strong>Press\u00e3o nominal (ton)<\/strong><\/td>\n<td><strong>Tamanho do fardo remov\u00edvel (mm)<\/strong><\/td>\n<td><strong>Pot\u00eancia (KW)<\/strong><\/td>\n<\/tr>\n<tr>\n<td>CBJ-1200<\/td>\n<td>120<\/td>\n<td>\u2264 600 x 600<\/td>\n<td>18.5<\/td>\n<\/tr>\n<tr>\n<td>CBJ-1600<\/td>\n<td>160<\/td>\n<td>\u2264 800 x 800<\/td>\n<td>22<\/td>\n<\/tr>\n<tr>\n<td>CBJ-3150<\/td>\n<td>315<\/td>\n<td>\u2264 800 x 800<\/td>\n<td>45<\/td>\n<\/tr>\n<\/tbody>\n<\/table>\n<h2>Formul\u00e1rios<\/h2>\n<p><img loading=\"lazy\" decoding=\"async\" class=\"alignnone size-full wp-image-11430\" src=\"https:\/\/www.unitetopbalermachine.com\/wp-content\/uploads\/2025\/03\/Hydraulic-Scrap-Bale-Breaker-Machine-Applications.jpg\" alt=\"Aplica\u00e7\u00f5es da m\u00e1quina de quebra de fardos de sucata hidr\u00e1ulica\" width=\"1200\" height=\"202\" srcset=\"https:\/\/www.unitetopbalermachine.com\/wp-content\/uploads\/2025\/03\/Hydraulic-Scrap-Bale-Breaker-Machine-Applications.jpg 1200w, https:\/\/www.unitetopbalermachine.com\/wp-content\/uploads\/2025\/03\/Hydraulic-Scrap-Bale-Breaker-Machine-Applications-300x51.jpg 300w, https:\/\/www.unitetopbalermachine.com\/wp-content\/uploads\/2025\/03\/Hydraulic-Scrap-Bale-Breaker-Machine-Applications-1024x172.jpg 1024w, https:\/\/www.unitetopbalermachine.com\/wp-content\/uploads\/2025\/03\/Hydraulic-Scrap-Bale-Breaker-Machine-Applications-768x129.jpg 768w, https:\/\/www.unitetopbalermachine.com\/wp-content\/uploads\/2025\/03\/Hydraulic-Scrap-Bale-Breaker-Machine-Applications-600x101.jpg 600w\" sizes=\"(max-width: 1200px) 100vw, 1200px\" \/><\/p>\n<h2>Fornecedores Cooperativos<\/h2>\n<p><img loading=\"lazy\" decoding=\"async\" class=\"alignnone size-full wp-image-1707\" src=\"https:\/\/www.unitetopbalermachine.com\/wp-content\/uploads\/2024\/05\/COOPERATIVE-SUPPLIERS.jpg\" alt=\"FORNECEDORES COOPERATIVOS\" width=\"1200\" height=\"300\" srcset=\"https:\/\/www.unitetopbalermachine.com\/wp-content\/uploads\/2024\/05\/COOPERATIVE-SUPPLIERS.jpg 1200w, https:\/\/www.unitetopbalermachine.com\/wp-content\/uploads\/2024\/05\/COOPERATIVE-SUPPLIERS-600x150.jpg 600w, https:\/\/www.unitetopbalermachine.com\/wp-content\/uploads\/2024\/05\/COOPERATIVE-SUPPLIERS-300x75.jpg 300w, https:\/\/www.unitetopbalermachine.com\/wp-content\/uploads\/2024\/05\/COOPERATIVE-SUPPLIERS-1024x256.jpg 1024w, https:\/\/www.unitetopbalermachine.com\/wp-content\/uploads\/2024\/05\/COOPERATIVE-SUPPLIERS-768x192.jpg 768w\" sizes=\"(max-width: 1200px) 100vw, 1200px\" \/><\/p>\n<h2>Assista ao triturador hidr\u00e1ulico de fardos de sucata da s\u00e9rie CBJ em a\u00e7\u00e3o!<\/h2>\n<div class=\"ast-oembed-container \" style=\"height: 100%;\"><iframe title=\"CBJ Series hydraulic scrap bale breaker machine\" width=\"500\" height=\"281\" src=\"https:\/\/www.youtube.com\/embed\/HTI9-rj-4lY?feature=oembed\" frameborder=\"0\" allow=\"accelerometer; autoplay; clipboard-write; encrypted-media; gyroscope; picture-in-picture; web-share\" referrerpolicy=\"strict-origin-when-cross-origin\" allowfullscreen><\/iframe><\/div>\n<style>.table0313{border:none;}.table0313 td{border:none;}<\/style>\n","protected":false},"excerpt":{"rendered":"<p>O triturador hidr\u00e1ulico de fardos de sucata da s\u00e9rie CBJ melhora a qualidade da sucata para recupera\u00e7\u00e3o de metal, sider\u00fargicas e fundi\u00e7\u00f5es, servindo como uma m\u00e1quina profissional de desmontagem e teste.<\/p>\n<p><strong>Fun\u00e7\u00e3o:<\/strong> A m\u00e1quina trituradora de fardos de sucata hidr\u00e1ulica da s\u00e9rie CBJ foi projetada especificamente para quebrar fardos compactados de ve\u00edculos de descarte ou sucata de a\u00e7o.<\/p>\n<p><strong>Requisitos para bloco de fardos de sucata:<\/strong> dimens\u00f5es m\u00e1ximas de 2000 mm (C) \u00d7 800 mm (L) \u00d7 800 mm (A), com densidade n\u00e3o superior a 2,5 toneladas\/m\u00b3.<\/p>\n<ul>\n<li>Sistema Hidr\u00e1ulico Potente<\/li>\n<li>Reduz os custos de m\u00e3o de obra<\/li>\n<li>Suporta v\u00e1rios tamanhos de fardos<\/li>\n<li>Press\u00e3o nominal: 120~315 toneladas<\/li>\n<\/ul>\n","protected":false},"featured_media":11400,"template":"","meta":{"site-sidebar-layout":"default","site-content-layout":"","ast-site-content-layout":"default","site-content-style":"default","site-sidebar-style":"default","ast-global-header-display":"","ast-banner-title-visibility":"","ast-main-header-display":"","ast-hfb-above-header-display":"","ast-hfb-below-header-display":"","ast-hfb-mobile-header-display":"","site-post-title":"","ast-breadcrumbs-content":"","ast-featured-img":"","footer-sml-layout":"","theme-transparent-header-meta":"default","adv-header-id-meta":"","stick-header-meta":"","header-above-stick-meta":"","header-main-stick-meta":"","header-below-stick-meta":"","astra-migrate-meta-layouts":"set","ast-page-background-enabled":"default","ast-page-background-meta":{"desktop":{"background-color":"var(--ast-global-color-4)","background-image":"","background-repeat":"repeat","background-position":"center center","background-size":"auto","background-attachment":"scroll","background-type":"","background-media":"","overlay-type":"","overlay-color":"","overlay-opacity":"","overlay-gradient":""},"tablet":{"background-color":"","background-image":"","background-repeat":"repeat","background-position":"center center","background-size":"auto","background-attachment":"scroll","background-type":"","background-media":"","overlay-type":"","overlay-color":"","overlay-opacity":"","overlay-gradient":""},"mobile":{"background-color":"","background-image":"","background-repeat":"repeat","background-position":"center center","background-size":"auto","background-attachment":"scroll","background-type":"","background-media":"","overlay-type":"","overlay-color":"","overlay-opacity":"","overlay-gradient":""}},"ast-content-background-meta":{"desktop":{"background-color":"var(--ast-global-color-5)","background-image":"","background-repeat":"repeat","background-position":"center center","background-size":"auto","background-attachment":"scroll","background-type":"","background-media":"","overlay-type":"","overlay-color":"","overlay-opacity":"","overlay-gradient":""},"tablet":{"background-color":"var(--ast-global-color-5)","background-image":"","background-repeat":"repeat","background-position":"center center","background-size":"auto","background-attachment":"scroll","background-type":"","background-media":"","overlay-type":"","overlay-color":"","overlay-opacity":"","overlay-gradient":""},"mobile":{"background-color":"var(--ast-global-color-5)","background-image":"","background-repeat":"repeat","background-position":"center center","background-size":"auto","background-attachment":"scroll","background-type":"","background-media":"","overlay-type":"","overlay-color":"","overlay-opacity":"","overlay-gradient":""}}},"product_brand":[],"product_cat":[161],"product_tag":[],"class_list":{"0":"post-11971","1":"product","2":"type-product","3":"status-publish","4":"has-post-thumbnail","6":"product_cat-maquina-de-quebra-de-fardos-de-sucata","7":"desktop-align-left","8":"tablet-align-left","9":"mobile-align-left","11":"first","12":"instock","13":"shipping-taxable","14":"product-type-simple"},"_links":{"self":[{"href":"https:\/\/www.unitetopbalermachine.com\/pt-br\/wp-json\/wp\/v2\/product\/11971","targetHints":{"allow":["GET"]}}],"collection":[{"href":"https:\/\/www.unitetopbalermachine.com\/pt-br\/wp-json\/wp\/v2\/product"}],"about":[{"href":"https:\/\/www.unitetopbalermachine.com\/pt-br\/wp-json\/wp\/v2\/types\/product"}],"wp:featuredmedia":[{"embeddable":true,"href":"https:\/\/www.unitetopbalermachine.com\/pt-br\/wp-json\/wp\/v2\/media\/11400"}],"wp:attachment":[{"href":"https:\/\/www.unitetopbalermachine.com\/pt-br\/wp-json\/wp\/v2\/media?parent=11971"}],"wp:term":[{"taxonomy":"product_brand","embeddable":true,"href":"https:\/\/www.unitetopbalermachine.com\/pt-br\/wp-json\/wp\/v2\/product_brand?post=11971"},{"taxonomy":"product_cat","embeddable":true,"href":"https:\/\/www.unitetopbalermachine.com\/pt-br\/wp-json\/wp\/v2\/product_cat?post=11971"},{"taxonomy":"product_tag","embeddable":true,"href":"https:\/\/www.unitetopbalermachine.com\/pt-br\/wp-json\/wp\/v2\/product_tag?post=11971"}],"curies":[{"name":"wp","href":"https:\/\/api.w.org\/{rel}","templated":true}]}}