{"id":11970,"date":"2025-03-13T01:05:47","date_gmt":"2025-03-13T01:05:47","guid":{"rendered":"https:\/\/www.unitetopbalermachine.com\/product\/linhas-de-trituracao-de-sucata-da-serie-psx\/"},"modified":"2026-03-18T10:33:44","modified_gmt":"2026-03-18T10:33:44","slug":"linhas-de-trituracao-de-sucata-da-serie-psx","status":"publish","type":"product","link":"https:\/\/www.unitetopbalermachine.com\/pt-br\/linhas-de-trituracao-de-sucata-da-serie-psx.html","title":{"rendered":"Linhas de tritura\u00e7\u00e3o de sucata da s\u00e9rie PSX"},"content":{"rendered":"<h2>Caracter\u00edsticos<\/h2>\n<p>1. Equipado com sistemas de prote\u00e7\u00e3o contra poeira, ru\u00eddo e sprays de resfriamento, entre outros, para atender aos padr\u00f5es ambientais do projeto.<\/p>\n<p>2. Para atender aos requisitos de produ\u00e7\u00e3o segura e eficaz, o sistema pode ser equipado com um sistema de vigil\u00e2ncia por v\u00eddeo em rede, sistema de controle integrado automatizado e sistema de opera\u00e7\u00e3o e manuten\u00e7\u00e3o remota.<\/p>\n<p>3. Os acess\u00f3rios do equipamento t\u00eam boa versatilidade e s\u00e3o f\u00e1ceis de manter, e a estrutura central do dispositivo tem o benef\u00edcio distinto de design independente.<\/p>\n<p>4. A estrutura de alimenta\u00e7\u00e3o da placa de corrente, o movimento e a efici\u00eancia operacional s\u00e3o aprimorados pelo motor hidr\u00e1ulico de alto torque que aciona o rolo de pr\u00e9-carga. Al\u00e9m disso, consome menos energia.<\/p>\n<h2>Especifica\u00e7\u00f5es t\u00e9cnicas<\/h2>\n<table>\n<tbody>\n<tr>\n<td>Modelo<\/td>\n<td>&nbsp;<\/p>\n<p>Largura da abertura de alimenta\u00e7\u00e3o (mm)<\/p>\n<p>&nbsp;<\/td>\n<td>&nbsp;<\/p>\n<p>Pot\u00eancia da m\u00e1quina (kw\/HP)<\/td>\n<td>&nbsp;<\/p>\n<p>Capacidade (t\/h)<\/td>\n<\/tr>\n<tr>\n<td>PSX-90<\/td>\n<td>1000<\/td>\n<td>90 (120)<\/td>\n<td>2-3<\/td>\n<\/tr>\n<tr>\n<td>PSX-160<\/td>\n<td>1200<\/td>\n<td>160(212)<\/td>\n<td>4-6<\/td>\n<\/tr>\n<tr>\n<td>PSX-400<\/td>\n<td>1400<\/td>\n<td>400(535)<\/td>\n<td>6-10<\/td>\n<\/tr>\n<tr>\n<td>PSX-500<\/td>\n<td>1600<\/td>\n<td>500(670)<\/td>\n<td>12-18<\/td>\n<\/tr>\n<tr>\n<td>PSX-700<\/td>\n<td rowspan=\"3\">2200<\/td>\n<td>750(1000)<\/td>\n<td>15-20<\/td>\n<\/tr>\n<tr>\n<td>PSX-900<\/td>\n<td>900(1200)<\/td>\n<td>20-25<\/td>\n<\/tr>\n<tr>\n<td>PSX-1200<\/td>\n<td>1200(1600)<\/td>\n<td>25-30<\/td>\n<\/tr>\n<tr>\n<td>PSX-1500<\/td>\n<td>2500<\/td>\n<td>1500(2000)<\/td>\n<td>30-50<\/td>\n<\/tr>\n<tr>\n<td>PSX-2250<\/td>\n<td><\/td>\n<td>2250(3000)<\/td>\n<td>50-70<\/td>\n<\/tr>\n<\/tbody>\n<\/table>\n<h2>Processo Operacional Espec\u00edfico<\/h2>\n<p><strong>1. Alimenta\u00e7\u00e3o e pr\u00e9-triagem<\/strong><br \/>\nMateriais de sucata, incluindo carrocerias de carros, folha-de-flandres e eletrodom\u00e9sticos antigos, s\u00e3o alimentados no triturador por meio de um sistema de transporte ou ca\u00e7amba. Materiais grandes ou perigosos s\u00e3o pr\u00e9-selecionados manual ou mecanicamente para garantir o processamento seguro e evitar danos ao equipamento.<\/p>\n<p><strong>2. Destrui\u00e7\u00e3o prim\u00e1ria<\/strong><br \/>\nA sucata \u00e9 direcionada para a c\u00e2mara de tritura\u00e7\u00e3o prim\u00e1ria, onde martelos rotativos de alta velocidade trituram e rasgam os materiais. A for\u00e7a do impacto quebra a sucata em fragmentos menores, removendo simultaneamente revestimentos e contaminantes da superf\u00edcie.<\/p>\n<p><strong>3. Separa\u00e7\u00e3o Magn\u00e9tica<\/strong><br \/>\nAp\u00f3s a tritura\u00e7\u00e3o, a sucata processada passa por um potente separador magn\u00e9tico. Essa etapa remove com efici\u00eancia os materiais ferrosos dos componentes n\u00e3o ferrosos, garantindo que a sucata de a\u00e7o atenda aos requisitos de pureza para a fabrica\u00e7\u00e3o de a\u00e7o.<\/p>\n<p><strong>4. Otimiza\u00e7\u00e3o de densidade e tamanho<\/strong><br \/>\nO material triturado passa por um processamento adicional para aumentar sua densidade e uniformidade. Mecanismos adicionais de lamina\u00e7\u00e3o ou prensagem podem ser utilizados para atingir a densidade espec\u00edfica necess\u00e1ria, tornando a sucata mais adequada para o carregamento em fornos.<\/p>\n<p><strong>5. Coleta de p\u00f3 e res\u00edduos<\/strong><br \/>\nUm sistema avan\u00e7ado de coleta de p\u00f3 captura part\u00edculas finas e impurezas geradas durante a tritura\u00e7\u00e3o, mantendo a conformidade ambiental e prevenindo riscos no local de trabalho. Materiais leves, como pl\u00e1sticos, espumas e res\u00edduos de tecido, s\u00e3o separados e removidos.<\/p>\n<p><strong>6. Triagem de metais n\u00e3o ferrosos<\/strong><br \/>\nPor meio de separadores de correntes parasitas e classificadores de ar, metais n\u00e3o ferrosos como alum\u00ednio e cobre s\u00e3o separados do fluxo de sucata triturada, garantindo a m\u00e1xima recupera\u00e7\u00e3o do material e reduzindo o desperd\u00edcio.<\/p>\n<p><strong>7. Sa\u00edda e Armazenamento<\/strong><br \/>\nA sucata final processada \u00e9 descarregada em um sistema de transporte para coleta e armazenamento. A sucata de a\u00e7o de alta qualidade, agora livre de contaminantes e com densidade uniforme, est\u00e1 pronta para uso direto em fornos el\u00e9tricos ou processos de refino posteriores.<\/p>\n<p><strong>8. Controle de Qualidade e Inspe\u00e7\u00e3o<\/strong><br \/>\nAntes do embarque ou carregamento no forno, a sucata triturada passa por verifica\u00e7\u00f5es de controle de qualidade. Par\u00e2metros como densidade, pureza e n\u00edveis de contamina\u00e7\u00e3o s\u00e3o monitorados para atender \u00e0s especifica\u00e7\u00f5es da sider\u00fargica para &#8220;material fino no forno&#8221;.<\/p>\n","protected":false},"excerpt":{"rendered":"<p>Nossas linhas de tritura\u00e7\u00e3o de sucata da s\u00e9rie PSX s\u00e3o feitas para transformar materiais residuais como latas vazias, folhas de flandres, carrocerias de autom\u00f3veis e eletrodom\u00e9sticos em a\u00e7o de alta qualidade.<\/p>\n<p>Ao triturar, a m\u00e1quina remover\u00e1 o revestimento, aumentar\u00e1 a densidade e o poder de dissolu\u00e7\u00e3o dos materiais e impedir\u00e1 que explodam, o que fornecer\u00e1 \u00e0s sider\u00fargicas boas cargas de forno.<\/p>\n<ul>\n<li>Rolo hidr\u00e1ulico<\/li>\n<li>Sistema de Prote\u00e7\u00e3o Ambiental<\/li>\n<li>Controle Remoto Automatizado<\/li>\n<li>F\u00e1cil manuten\u00e7\u00e3o<\/li>\n<li>Efici\u00eancia de produ\u00e7\u00e3o de 2 a 70 toneladas por hora<\/li>\n<\/ul>\n","protected":false},"featured_media":11340,"template":"","meta":{"site-sidebar-layout":"default","site-content-layout":"","ast-site-content-layout":"default","site-content-style":"default","site-sidebar-style":"default","ast-global-header-display":"","ast-banner-title-visibility":"","ast-main-header-display":"","ast-hfb-above-header-display":"","ast-hfb-below-header-display":"","ast-hfb-mobile-header-display":"","site-post-title":"","ast-breadcrumbs-content":"","ast-featured-img":"","footer-sml-layout":"","theme-transparent-header-meta":"default","adv-header-id-meta":"","stick-header-meta":"","header-above-stick-meta":"","header-main-stick-meta":"","header-below-stick-meta":"","astra-migrate-meta-layouts":"set","ast-page-background-enabled":"default","ast-page-background-meta":{"desktop":{"background-color":"var(--ast-global-color-4)","background-image":"","background-repeat":"repeat","background-position":"center center","background-size":"auto","background-attachment":"scroll","background-type":"","background-media":"","overlay-type":"","overlay-color":"","overlay-opacity":"","overlay-gradient":""},"tablet":{"background-color":"","background-image":"","background-repeat":"repeat","background-position":"center center","background-size":"auto","background-attachment":"scroll","background-type":"","background-media":"","overlay-type":"","overlay-color":"","overlay-opacity":"","overlay-gradient":""},"mobile":{"background-color":"","background-image":"","background-repeat":"repeat","background-position":"center center","background-size":"auto","background-attachment":"scroll","background-type":"","background-media":"","overlay-type":"","overlay-color":"","overlay-opacity":"","overlay-gradient":""}},"ast-content-background-meta":{"desktop":{"background-color":"var(--ast-global-color-5)","background-image":"","background-repeat":"repeat","background-position":"center center","background-size":"auto","background-attachment":"scroll","background-type":"","background-media":"","overlay-type":"","overlay-color":"","overlay-opacity":"","overlay-gradient":""},"tablet":{"background-color":"var(--ast-global-color-5)","background-image":"","background-repeat":"repeat","background-position":"center center","background-size":"auto","background-attachment":"scroll","background-type":"","background-media":"","overlay-type":"","overlay-color":"","overlay-opacity":"","overlay-gradient":""},"mobile":{"background-color":"var(--ast-global-color-5)","background-image":"","background-repeat":"repeat","background-position":"center center","background-size":"auto","background-attachment":"scroll","background-type":"","background-media":"","overlay-type":"","overlay-color":"","overlay-opacity":"","overlay-gradient":""}}},"product_brand":[],"product_cat":[160],"product_tag":[],"class_list":{"0":"post-11970","1":"product","2":"type-product","3":"status-publish","4":"has-post-thumbnail","6":"product_cat-linhas-de-trituracao-de-sucata","7":"desktop-align-left","8":"tablet-align-left","9":"mobile-align-left","11":"first","12":"instock","13":"shipping-taxable","14":"product-type-simple"},"_links":{"self":[{"href":"https:\/\/www.unitetopbalermachine.com\/pt-br\/wp-json\/wp\/v2\/product\/11970","targetHints":{"allow":["GET"]}}],"collection":[{"href":"https:\/\/www.unitetopbalermachine.com\/pt-br\/wp-json\/wp\/v2\/product"}],"about":[{"href":"https:\/\/www.unitetopbalermachine.com\/pt-br\/wp-json\/wp\/v2\/types\/product"}],"wp:featuredmedia":[{"embeddable":true,"href":"https:\/\/www.unitetopbalermachine.com\/pt-br\/wp-json\/wp\/v2\/media\/11340"}],"wp:attachment":[{"href":"https:\/\/www.unitetopbalermachine.com\/pt-br\/wp-json\/wp\/v2\/media?parent=11970"}],"wp:term":[{"taxonomy":"product_brand","embeddable":true,"href":"https:\/\/www.unitetopbalermachine.com\/pt-br\/wp-json\/wp\/v2\/product_brand?post=11970"},{"taxonomy":"product_cat","embeddable":true,"href":"https:\/\/www.unitetopbalermachine.com\/pt-br\/wp-json\/wp\/v2\/product_cat?post=11970"},{"taxonomy":"product_tag","embeddable":true,"href":"https:\/\/www.unitetopbalermachine.com\/pt-br\/wp-json\/wp\/v2\/product_tag?post=11970"}],"curies":[{"name":"wp","href":"https:\/\/api.w.org\/{rel}","templated":true}]}}