{"id":11969,"date":"2025-03-13T01:06:24","date_gmt":"2025-03-13T01:06:24","guid":{"rendered":"https:\/\/www.unitetopbalermachine.com\/product\/maquina-de-enfardamento-de-sucata-hidraulica-de-alta-resistencia-hbs\/"},"modified":"2025-04-21T01:38:54","modified_gmt":"2025-04-21T01:38:54","slug":"maquina-de-enfardamento-de-sucata-hidraulica-de-alta-resistencia-hbs","status":"publish","type":"product","link":"https:\/\/www.unitetopbalermachine.com\/pt-br\/maquina-de-enfardamento-de-sucata-hidraulica-de-alta-resistencia-hbs.html","title":{"rendered":"M\u00e1quina de enfardamento de sucata hidr\u00e1ulica de alta resist\u00eancia (HBS)"},"content":{"rendered":"<h2>Descri\u00e7\u00e3o do produto<\/h2>\n<p>Esta tesoura hidr\u00e1ulica para sucata \u00e9 ideal para processar diferentes tipos de materiais de sucata, tornando-a uma m\u00e1quina essencial para instala\u00e7\u00f5es de reciclagem de metais, sider\u00fargicas e p\u00e1tios de sucata industrial.<\/p>\n<p>A m\u00e1quina opera pressionando pe\u00e7as de metal em duas ou tr\u00eas dimens\u00f5es usando uma tampa de press\u00e3o, uma asa e um empurrador de alimenta\u00e7\u00e3o, cortando-as ou quebrando-as em tamanhos control\u00e1veis.<\/p>\n<h3>Principais capacidades:<\/h3>\n<p><strong>Pr\u00e9-compress\u00e3o e corte de sucata<\/strong><br \/>\nMateriais volumosos de sucata s\u00e3o compactados de forma eficaz antes do corte, maximizando a efici\u00eancia do processamento e reduzindo o volume do material para facilitar o manuseio e o transporte.<\/p>\n<p><strong>Barras de corte e perfis<\/strong><br \/>\nBarras de metal, vigas e perfis estruturais s\u00e3o cortados com precis\u00e3o em comprimentos uniformes, garantindo cortes limpos e precisos para posterior reciclagem ou reaproveitamento.<\/p>\n<p><strong>Pacote de sucata leve<\/strong><br \/>\nMateriais leves de sucata s\u00e3o compactados para melhorar a efici\u00eancia de armazenamento e log\u00edstica, aumentando a densidade da sucata para tornar o transporte mais econ\u00f4mico.<\/p>\n<p><strong>Apertar e cortar carrocerias de carros<\/strong><br \/>\nGrandes sucatas automotivas s\u00e3o espremidas e cortadas de forma eficiente, facilitando o processo de reciclagem ao reduzir as estruturas dos ve\u00edculos em peda\u00e7os menores e mais f\u00e1ceis de manusear.<\/p>\n<h2>Especifica\u00e7\u00f5es t\u00e9cnicas<\/h2>\n<table>\n<tbody>\n<tr>\n<td rowspan=\"2\" width=\"13.1800%\">Modelo<\/td>\n<td width=\"14.9200%\">For\u00e7a M\u00e1xima de Corte<\/td>\n<td width=\"13.0800%\">Abertura de alimenta\u00e7\u00e3o<\/td>\n<td width=\"10.5600%\">Tamanho do fardo<\/td>\n<td width=\"10.1800%\">Comprimento da l\u00e2mina<\/td>\n<td width=\"12.8800%\">Taxa de produ\u00e7\u00e3o<\/td>\n<td width=\"14.3000%\">Frequ\u00eancia de corte<\/td>\n<td width=\"10.8000%\">Motor principal<\/td>\n<\/tr>\n<tr>\n<td width=\"14.9200%\">(tonelada)<\/td>\n<td width=\"13.0800%\">(mil\u00edmetros)<\/td>\n<td width=\"10.5600%\">(mil\u00edmetros)<\/td>\n<td width=\"10.1800%\">(mil\u00edmetros)<\/td>\n<td width=\"12.8800%\">(tonelada\/hora)<\/td>\n<td width=\"14.3000%\">(vezes\/min)<\/td>\n<td width=\"10.8000%\">(kW)<\/td>\n<\/tr>\n<tr>\n<td width=\"13.1800%\">LT-HBS-500<\/td>\n<td width=\"14.9200%\">500<\/td>\n<td width=\"13.0800%\">4800\u00d72240<\/td>\n<td width=\"10.5600%\">650\u00d7550<\/td>\n<td width=\"10.1800%\">750<\/td>\n<td width=\"12.8800%\">5.5-15<\/td>\n<td rowspan=\"2\" width=\"14.3000%\">3-4<\/td>\n<td width=\"10.8000%\">(2+1)\u00d790<\/td>\n<\/tr>\n<tr>\n<td width=\"13.1800%\">LT-HBS-630<\/td>\n<td width=\"14.9200%\">600<\/td>\n<td width=\"13.0800%\">6000\u00d72500<\/td>\n<td width=\"10.5600%\">720\u00d7650<\/td>\n<td width=\"10.1800%\">880<\/td>\n<td width=\"12.8800%\">8.0-22.0<\/td>\n<td width=\"10.8000%\">(3+1)\u00d790<\/td>\n<\/tr>\n<\/tbody>\n<\/table>\n","protected":false},"excerpt":{"rendered":"<p>Nossa m\u00e1quina de enfardamento hidr\u00e1ulico de alta resist\u00eancia para sucata oferece alta efici\u00eancia no processamento de v\u00e1rios tipos de sucata met\u00e1lica por meio de poderosos mecanismos de pr\u00e9-compress\u00e3o e corte.<\/p>\n<p>Ela lida com efic\u00e1cia com diversos materiais, desde barras e perfis at\u00e9 carrocerias de autom\u00f3veis, garantindo um corte preciso e consistente. O robusto sistema hidr\u00e1ulico proporciona alta for\u00e7a de corte, permitindo uma opera\u00e7\u00e3o r\u00e1pida e confi\u00e1vel, ao mesmo tempo que reduz o volume do material para facilitar o manuseio.<\/p>\n<p>Com controles automatizados e constru\u00e7\u00e3o dur\u00e1vel, ele aumenta a produtividade e garante desempenho de longo prazo em aplica\u00e7\u00f5es exigentes de reciclagem de sucata.<\/p>\n<ul>\n<li>Poderosa for\u00e7a de corte hidr\u00e1ulico<\/li>\n<li>Constru\u00e7\u00e3o dur\u00e1vel e resistente<\/li>\n<li>Manuseio vers\u00e1til de materiais de sucata<\/li>\n<li>Efici\u00eancia de produ\u00e7\u00e3o de 5,5 a 22 toneladas por hora<\/li>\n<\/ul>\n","protected":false},"featured_media":11144,"template":"","meta":{"site-sidebar-layout":"default","site-content-layout":"","ast-site-content-layout":"default","site-content-style":"default","site-sidebar-style":"default","ast-global-header-display":"","ast-banner-title-visibility":"","ast-main-header-display":"","ast-hfb-above-header-display":"","ast-hfb-below-header-display":"","ast-hfb-mobile-header-display":"","site-post-title":"","ast-breadcrumbs-content":"","ast-featured-img":"","footer-sml-layout":"","theme-transparent-header-meta":"default","adv-header-id-meta":"","stick-header-meta":"","header-above-stick-meta":"","header-main-stick-meta":"","header-below-stick-meta":"","astra-migrate-meta-layouts":"set","ast-page-background-enabled":"default","ast-page-background-meta":{"desktop":{"background-color":"var(--ast-global-color-4)","background-image":"","background-repeat":"repeat","background-position":"center center","background-size":"auto","background-attachment":"scroll","background-type":"","background-media":"","overlay-type":"","overlay-color":"","overlay-opacity":"","overlay-gradient":""},"tablet":{"background-color":"","background-image":"","background-repeat":"repeat","background-position":"center center","background-size":"auto","background-attachment":"scroll","background-type":"","background-media":"","overlay-type":"","overlay-color":"","overlay-opacity":"","overlay-gradient":""},"mobile":{"background-color":"","background-image":"","background-repeat":"repeat","background-position":"center center","background-size":"auto","background-attachment":"scroll","background-type":"","background-media":"","overlay-type":"","overlay-color":"","overlay-opacity":"","overlay-gradient":""}},"ast-content-background-meta":{"desktop":{"background-color":"var(--ast-global-color-5)","background-image":"","background-repeat":"repeat","background-position":"center center","background-size":"auto","background-attachment":"scroll","background-type":"","background-media":"","overlay-type":"","overlay-color":"","overlay-opacity":"","overlay-gradient":""},"tablet":{"background-color":"var(--ast-global-color-5)","background-image":"","background-repeat":"repeat","background-position":"center center","background-size":"auto","background-attachment":"scroll","background-type":"","background-media":"","overlay-type":"","overlay-color":"","overlay-opacity":"","overlay-gradient":""},"mobile":{"background-color":"var(--ast-global-color-5)","background-image":"","background-repeat":"repeat","background-position":"center center","background-size":"auto","background-attachment":"scroll","background-type":"","background-media":"","overlay-type":"","overlay-color":"","overlay-opacity":"","overlay-gradient":""}}},"product_brand":[],"product_cat":[68],"product_tag":[],"class_list":{"0":"post-11969","1":"product","2":"type-product","3":"status-publish","4":"has-post-thumbnail","6":"product_cat-tesoura-de-sucata","7":"desktop-align-left","8":"tablet-align-left","9":"mobile-align-left","11":"first","12":"instock","13":"shipping-taxable","14":"product-type-simple"},"_links":{"self":[{"href":"https:\/\/www.unitetopbalermachine.com\/pt-br\/wp-json\/wp\/v2\/product\/11969","targetHints":{"allow":["GET"]}}],"collection":[{"href":"https:\/\/www.unitetopbalermachine.com\/pt-br\/wp-json\/wp\/v2\/product"}],"about":[{"href":"https:\/\/www.unitetopbalermachine.com\/pt-br\/wp-json\/wp\/v2\/types\/product"}],"wp:featuredmedia":[{"embeddable":true,"href":"https:\/\/www.unitetopbalermachine.com\/pt-br\/wp-json\/wp\/v2\/media\/11144"}],"wp:attachment":[{"href":"https:\/\/www.unitetopbalermachine.com\/pt-br\/wp-json\/wp\/v2\/media?parent=11969"}],"wp:term":[{"taxonomy":"product_brand","embeddable":true,"href":"https:\/\/www.unitetopbalermachine.com\/pt-br\/wp-json\/wp\/v2\/product_brand?post=11969"},{"taxonomy":"product_cat","embeddable":true,"href":"https:\/\/www.unitetopbalermachine.com\/pt-br\/wp-json\/wp\/v2\/product_cat?post=11969"},{"taxonomy":"product_tag","embeddable":true,"href":"https:\/\/www.unitetopbalermachine.com\/pt-br\/wp-json\/wp\/v2\/product_tag?post=11969"}],"curies":[{"name":"wp","href":"https:\/\/api.w.org\/{rel}","templated":true}]}}