{"id":6128,"date":"2024-05-06T10:21:47","date_gmt":"2024-05-06T10:21:47","guid":{"rendered":"https:\/\/www.unitetopbalermachine.com\/product\/hydrauliczna-gilotyna-do-zlomu-serii-q15\/"},"modified":"2024-05-06T10:21:47","modified_gmt":"2024-05-06T10:21:47","slug":"hydrauliczna-gilotyna-do-zlomu-serii-q15","status":"publish","type":"product","link":"https:\/\/www.unitetopbalermachine.com\/pl\/product\/hydrauliczna-gilotyna-do-zlomu-serii-q15\/","title":{"rendered":"Hydrauliczna gilotyna do z\u0142omu serii Q15"},"content":{"rendered":"<h3>Specyfikacja produktu<\/h3>\n<table border=\"1\" cellspacing=\"0\">\n<tbody>\n<tr>\n<td valign=\"top\" width=\"80\">\n<p align=\"center\">Model<\/p>\n<\/td>\n<td style=\"text-align: center;\" valign=\"top\" width=\"119\">Si\u0142a nominalna (kN\/tona)<\/td>\n<td style=\"text-align: center;\" valign=\"top\" width=\"92\">D\u0142ugo\u015b\u0107 ostrza (mm)<\/td>\n<td style=\"text-align: center;\" valign=\"top\" width=\"112\">Maksymalny rozmiar ci\u0119cia (mm)<\/td>\n<td style=\"text-align: center;\" valign=\"top\" width=\"134\">Cz\u0119stotliwo\u015b\u0107 \u015bcinania (razy\/min)<\/td>\n<td valign=\"top\" width=\"66\">\n<p style=\"text-align: center;\" align=\"center\">Moc (kW)<\/p>\n<\/td>\n<\/tr>\n<tr>\n<td valign=\"top\" width=\"80\">\n<p align=\"center\">Q15-630<\/p>\n<\/td>\n<td valign=\"top\" width=\"119\">\n<p align=\"center\">630\/63<\/p>\n<\/td>\n<td valign=\"top\" width=\"92\">\n<p align=\"center\">600<\/p>\n<\/td>\n<td valign=\"top\" width=\"112\">\n<p align=\"center\">8*600<\/p>\n<\/td>\n<td valign=\"top\" width=\"134\">\n<p align=\"center\">4-7<\/p>\n<\/td>\n<td valign=\"top\" width=\"66\">\n<p align=\"center\">11<\/p>\n<\/td>\n<\/tr>\n<tr>\n<td valign=\"top\" width=\"80\">\n<p align=\"center\">Q15-1250<\/p>\n<\/td>\n<td valign=\"top\" width=\"119\">\n<p align=\"center\">1250\/125<\/p>\n<\/td>\n<td valign=\"top\" width=\"92\">\n<p align=\"center\">800\/1200<\/p>\n<\/td>\n<td valign=\"top\" width=\"112\">\n<p align=\"center\">18*800\/1200<\/p>\n<\/td>\n<td valign=\"top\" width=\"134\">\n<p align=\"center\">5-10<\/p>\n<\/td>\n<td valign=\"top\" width=\"66\">\n<p align=\"center\">15<\/p>\n<\/td>\n<\/tr>\n<tr>\n<td valign=\"top\" width=\"80\">\n<p align=\"center\">Q15-1600<\/p>\n<\/td>\n<td valign=\"top\" width=\"119\">\n<p align=\"center\">1600\/160<\/p>\n<\/td>\n<td valign=\"top\" width=\"92\">\n<p align=\"center\">1200<\/p>\n<\/td>\n<td valign=\"top\" width=\"112\">\n<p align=\"center\">20*1200<\/p>\n<\/td>\n<td valign=\"top\" width=\"134\">\n<p align=\"center\">5-10<\/p>\n<\/td>\n<td valign=\"top\" width=\"66\">\n<p align=\"center\">18.5<\/p>\n<\/td>\n<\/tr>\n<tr>\n<td valign=\"top\" width=\"80\">\n<p align=\"center\">Q15-2000<\/p>\n<\/td>\n<td valign=\"top\" width=\"119\">\n<p align=\"center\">2000\/200<\/p>\n<\/td>\n<td valign=\"top\" width=\"92\">\n<p align=\"center\">1200<\/p>\n<\/td>\n<td valign=\"top\" width=\"112\">\n<p align=\"center\">25*1200<\/p>\n<\/td>\n<td valign=\"top\" width=\"134\">\n<p align=\"center\">5-10<\/p>\n<\/td>\n<td valign=\"top\" width=\"66\">\n<p align=\"center\">22<\/p>\n<\/td>\n<\/tr>\n<tr>\n<td valign=\"top\" width=\"80\">\n<p align=\"center\">Q15-2500<\/p>\n<\/td>\n<td valign=\"top\" width=\"119\">\n<p align=\"center\">2500\/250<\/p>\n<\/td>\n<td valign=\"top\" width=\"92\">\n<p align=\"center\">1200<\/p>\n<\/td>\n<td valign=\"top\" width=\"112\">\n<p align=\"center\">28*1200<\/p>\n<\/td>\n<td valign=\"top\" width=\"134\">\n<p align=\"center\">5-10<\/p>\n<\/td>\n<td valign=\"top\" width=\"66\">\n<p align=\"center\">37<\/p>\n<\/td>\n<\/tr>\n<tr>\n<td valign=\"top\" width=\"80\">\n<p align=\"center\">Q15-3150<\/p>\n<\/td>\n<td valign=\"top\" width=\"119\">\n<p align=\"center\">3150\/315<\/p>\n<\/td>\n<td valign=\"top\" width=\"92\">\n<p align=\"center\">1200\/1500<\/p>\n<\/td>\n<td valign=\"top\" width=\"112\">\n<p align=\"center\">32*1200\/1500<\/p>\n<\/td>\n<td valign=\"top\" width=\"134\">\n<p align=\"center\">4-8<\/p>\n<\/td>\n<td valign=\"top\" width=\"66\">\n<p align=\"center\">37<\/p>\n<\/td>\n<\/tr>\n<tr>\n<td valign=\"top\" width=\"80\">\n<p align=\"center\">Q15-4000<\/p>\n<\/td>\n<td valign=\"top\" width=\"119\">\n<p align=\"center\">4000\/400<\/p>\n<\/td>\n<td valign=\"top\" width=\"92\">\n<p align=\"center\">1200\/1800<\/p>\n<\/td>\n<td valign=\"top\" width=\"112\">\n<p align=\"center\">35*1200\/1800<\/p>\n<\/td>\n<td valign=\"top\" width=\"134\">\n<p align=\"center\">5-10<\/p>\n<\/td>\n<td valign=\"top\" width=\"66\">\n<p align=\"center\">44<\/p>\n<\/td>\n<\/tr>\n<tr>\n<td valign=\"top\" width=\"80\">\n<p align=\"center\">Q15-5000<\/p>\n<\/td>\n<td valign=\"top\" width=\"119\">\n<p align=\"center\">5000\/500<\/p>\n<\/td>\n<td valign=\"top\" width=\"92\">\n<p align=\"center\">1200\/2000<\/p>\n<\/td>\n<td valign=\"top\" width=\"112\">\n<p align=\"center\">40*1200\/2000<\/p>\n<\/td>\n<td valign=\"top\" width=\"134\">\n<p align=\"center\">5-10<\/p>\n<\/td>\n<td valign=\"top\" width=\"66\">\n<p align=\"center\">74<\/p>\n<\/td>\n<\/tr>\n<tr>\n<td valign=\"top\" width=\"80\">\n<p align=\"center\">Q15-6300<\/p>\n<\/td>\n<td valign=\"top\" width=\"119\">\n<p align=\"center\">6300\/630<\/p>\n<\/td>\n<td valign=\"top\" width=\"92\">\n<p align=\"center\">900<\/p>\n<\/td>\n<td valign=\"top\" width=\"112\">\n<p align=\"center\">45*900<\/p>\n<\/td>\n<td valign=\"top\" width=\"134\">\n<p align=\"center\">6-10<\/p>\n<\/td>\n<td valign=\"top\" width=\"66\">\n<p align=\"center\">90<\/p>\n<\/td>\n<\/tr>\n<\/tbody>\n<\/table>\n<h3>Aplikacje<\/h3>\n<p> <strong>Hydrauliczna gilotyna <\/strong> ma szerokie zastosowanie w r\u00f3\u017cnych ga\u0142\u0119ziach przemys\u0142u ze wzgl\u0119du na mo\u017cliwo\u015b\u0107 precyzyjnego ci\u0119cia grubych i ci\u0119\u017ckich arkuszy metalu. Oto niekt\u00f3re z kluczowych ga\u0142\u0119zi przemys\u0142u, w kt\u00f3rych powszechnie stosuje si\u0119 hydrauliczn\u0105 gilotyn\u0119:  <\/p>\n<ol>\n<li><strong>Produkcja<\/strong>: Stosowany powszechnie przy wytwarzaniu wyrob\u00f3w metalowych, gdzie wymagane jest precyzyjne ci\u0119cie blach i p\u0142yt.<\/li>\n<li><strong>Motoryzacja<\/strong>: Stosowany w przemy\u015ble motoryzacyjnym do ci\u0119cia metalu na cz\u0119\u015bci nadwozia i inne elementy konstrukcyjne pojazd\u00f3w.<\/li>\n<li><strong>Budowa statk\u00f3w:<\/strong> Niezb\u0119dny do ci\u0119cia blach stalowych i innych materia\u0142\u00f3w wykorzystywanych przy budowie i naprawie statk\u00f3w.<\/li>\n<li><strong>Budownictwo<\/strong>: Pomagamy w ci\u0119ciu konstrukcji stalowych na potrzeby budynk\u00f3w i innej infrastruktury, w tym belek i pr\u0119t\u00f3w zbrojeniowych.<\/li>\n<li><strong>Lotnictwo i kosmonautyka<\/strong>: Stosowany do ci\u0119cia stop\u00f3w i metali o wysokiej wytrzyma\u0142o\u015bci w celu wytwarzania cz\u0119\u015bci samolot\u00f3w.<\/li>\n<li><strong>Obr\u00f3bka metali<\/strong>: Nieod\u0142\u0105czna cz\u0119\u015b\u0107 warsztat\u00f3w, kt\u00f3re zajmuj\u0105 si\u0119 dostosowywaniem prac metalowych do indywidualnych potrzeb, pomoc w ci\u0119ciu materia\u0142\u00f3w wed\u0142ug dok\u0142adnych specyfikacji na potrzeby r\u00f3\u017cnych projekt\u00f3w.<\/li>\n<li><strong>Recykling<\/strong>: stosowany w zak\u0142adach recyklingu metali do ci\u0119cia i przygotowywania z\u0142omu do przetworzenia i odsprzeda\u017cy.<\/li>\n<li><strong>Przemys\u0142 kolejowy<\/strong>: pomaga w ci\u0119ciu i kszta\u0142towaniu metali wykorzystywanych przy budowie i konserwacji tor\u00f3w kolejowych oraz maszyn.<\/li>\n<\/ol>\n<h3>Dostawcy kooperatywni<\/h3>\n<p><img fetchpriority=\"high\" decoding=\"async\" class=\"wp-image-1707 aligncenter\" src=\"https:\/\/www.unitetopbalermachine.com\/wp-content\/uploads\/2024\/05\/COOPERATIVE-SUPPLIERS-1024x256.jpg\" alt=\"DOSTAWCY SP\u00d3\u0141DZIELNI\" width=\"701\" height=\"175\" srcset=\"https:\/\/www.unitetopbalermachine.com\/wp-content\/uploads\/2024\/05\/COOPERATIVE-SUPPLIERS-1024x256.jpg 1024w, https:\/\/www.unitetopbalermachine.com\/wp-content\/uploads\/2024\/05\/COOPERATIVE-SUPPLIERS-600x150.jpg 600w, https:\/\/www.unitetopbalermachine.com\/wp-content\/uploads\/2024\/05\/COOPERATIVE-SUPPLIERS-300x75.jpg 300w, https:\/\/www.unitetopbalermachine.com\/wp-content\/uploads\/2024\/05\/COOPERATIVE-SUPPLIERS-768x192.jpg 768w, https:\/\/www.unitetopbalermachine.com\/wp-content\/uploads\/2024\/05\/COOPERATIVE-SUPPLIERS.jpg 1200w\" sizes=\"(max-width: 701px) 100vw, 701px\" \/><\/p>\n<div id=\"highlighter--hover-tools\" style=\"display: none;\">\n<div id=\"highlighter--hover-tools--container\">\n<div class=\"highlighter--icon highlighter--icon-copy\" title=\"Kopia\"><\/div>\n<div class=\"highlighter--icon highlighter--icon-change-color\" title=\"Mieni\u0107 si\u0119\"><\/div>\n<div class=\"highlighter--icon highlighter--icon-delete\" title=\"Usuwa\u0107\"><\/div>\n<\/div>\n<\/div>\n<div id=\"highlighter--hover-tools\" style=\"display: none;\">\n<div id=\"highlighter--hover-tools--container\">\n<div class=\"highlighter--icon highlighter--icon-copy\" title=\"Kopia\"><\/div>\n<div class=\"highlighter--icon highlighter--icon-change-color\" title=\"Mieni\u0107 si\u0119\"><\/div>\n<div class=\"highlighter--icon highlighter--icon-delete\" title=\"Usuwa\u0107\"><\/div>\n<\/div>\n<\/div>\n","protected":false},"excerpt":{"rendered":"<ol>\n<li>Wyposa\u017cony w nap\u0119d hydrauliczny, zapewniaj\u0105cy prost\u0105 obs\u0142ug\u0119 i \u0142atw\u0105 konserwacj\u0119.<\/li>\n<li>Oferuje r\u00f3\u017cne opcje si\u0142y \u015bcinania i d\u0142ugo\u015bci ostrza, aby sprosta\u0107 r\u00f3\u017cnym potrzebom ci\u0119cia.<\/li>\n<li>Nie wymaga \u015brub fundamentowych i mo\u017ce by\u0107 nap\u0119dzany opcjonalnym silnikiem wysokopr\u0119\u017cnym.<\/li>\n<li>D\u0142ugo\u015bci ostrzy wynosz\u0105 600 mm, 800 mm i 900 mm.<\/li>\n<li>Zapewnia dwana\u015bcie poziom\u00f3w si\u0142y \u015bcinaj\u0105cej w zakresie od 120 do 500 ton.<\/li>\n<\/ol>\n<table border=\"1\" cellspacing=\"0\">\n<tbody>\n<tr>\n<td valign=\"top\" width=\"225\">Model<\/td>\n<td valign=\"top\" width=\"225\">Seria Q15<\/td>\n<\/tr>\n<tr>\n<td valign=\"top\" width=\"225\">Maksymalna si\u0142a ci\u0119cia<\/td>\n<td valign=\"top\" width=\"225\">120-500 ton<\/td>\n<\/tr>\n<tr>\n<td valign=\"top\" width=\"225\">D\u0142ugo\u015b\u0107 ostrza<\/td>\n<td valign=\"top\" width=\"225\">600-900mm<\/td>\n<\/tr>\n<tr>\n<td valign=\"top\" width=\"225\">Rozmiar ci\u0119cia<\/td>\n<td valign=\"top\" width=\"225\">18*500-45*700mm<\/td>\n<\/tr>\n<tr>\n<td valign=\"top\" width=\"225\">Silnik<\/td>\n<td valign=\"top\" width=\"225\">15kw-60kw<\/td>\n<\/tr>\n<tr>\n<td valign=\"top\" width=\"225\">Kolor<\/td>\n<td valign=\"top\" width=\"225\">Zwyczaj<\/td>\n<\/tr>\n<tr>\n<td valign=\"top\" width=\"225\">Dzia\u0142anie<\/td>\n<td valign=\"top\" width=\"225\">Sterowanie r\u0119czne<\/td>\n<\/tr>\n<\/tbody>\n<\/table>\n","protected":false},"featured_media":6129,"template":"","meta":{"site-sidebar-layout":"default","site-content-layout":"","ast-site-content-layout":"default","site-content-style":"default","site-sidebar-style":"default","ast-global-header-display":"","ast-banner-title-visibility":"","ast-main-header-display":"","ast-hfb-above-header-display":"","ast-hfb-below-header-display":"","ast-hfb-mobile-header-display":"","site-post-title":"","ast-breadcrumbs-content":"","ast-featured-img":"","footer-sml-layout":"","theme-transparent-header-meta":"default","adv-header-id-meta":"","stick-header-meta":"","header-above-stick-meta":"","header-main-stick-meta":"","header-below-stick-meta":"","astra-migrate-meta-layouts":"default","ast-page-background-enabled":"default","ast-page-background-meta":{"desktop":{"background-color":"var(--ast-global-color-4)","background-image":"","background-repeat":"repeat","background-position":"center center","background-size":"auto","background-attachment":"scroll","background-type":"","background-media":"","overlay-type":"","overlay-color":"","overlay-opacity":"","overlay-gradient":""},"tablet":{"background-color":"","background-image":"","background-repeat":"repeat","background-position":"center center","background-size":"auto","background-attachment":"scroll","background-type":"","background-media":"","overlay-type":"","overlay-color":"","overlay-opacity":"","overlay-gradient":""},"mobile":{"background-color":"","background-image":"","background-repeat":"repeat","background-position":"center center","background-size":"auto","background-attachment":"scroll","background-type":"","background-media":"","overlay-type":"","overlay-color":"","overlay-opacity":"","overlay-gradient":""}},"ast-content-background-meta":{"desktop":{"background-color":"var(--ast-global-color-5)","background-image":"","background-repeat":"repeat","background-position":"center center","background-size":"auto","background-attachment":"scroll","background-type":"","background-media":"","overlay-type":"","overlay-color":"","overlay-opacity":"","overlay-gradient":""},"tablet":{"background-color":"var(--ast-global-color-5)","background-image":"","background-repeat":"repeat","background-position":"center center","background-size":"auto","background-attachment":"scroll","background-type":"","background-media":"","overlay-type":"","overlay-color":"","overlay-opacity":"","overlay-gradient":""},"mobile":{"background-color":"var(--ast-global-color-5)","background-image":"","background-repeat":"repeat","background-position":"center center","background-size":"auto","background-attachment":"scroll","background-type":"","background-media":"","overlay-type":"","overlay-color":"","overlay-opacity":"","overlay-gradient":""}}},"product_brand":[],"product_cat":[90],"product_tag":[],"class_list":{"0":"post-6128","1":"product","2":"type-product","3":"status-publish","4":"has-post-thumbnail","6":"product_cat-nozyce-do-zlomu","7":"desktop-align-left","8":"tablet-align-left","9":"mobile-align-left","11":"first","12":"instock","13":"shipping-taxable","14":"product-type-simple"},"_links":{"self":[{"href":"https:\/\/www.unitetopbalermachine.com\/pl\/wp-json\/wp\/v2\/product\/6128","targetHints":{"allow":["GET"]}}],"collection":[{"href":"https:\/\/www.unitetopbalermachine.com\/pl\/wp-json\/wp\/v2\/product"}],"about":[{"href":"https:\/\/www.unitetopbalermachine.com\/pl\/wp-json\/wp\/v2\/types\/product"}],"wp:featuredmedia":[{"embeddable":true,"href":"https:\/\/www.unitetopbalermachine.com\/pl\/wp-json\/wp\/v2\/media\/6129"}],"wp:attachment":[{"href":"https:\/\/www.unitetopbalermachine.com\/pl\/wp-json\/wp\/v2\/media?parent=6128"}],"wp:term":[{"taxonomy":"product_brand","embeddable":true,"href":"https:\/\/www.unitetopbalermachine.com\/pl\/wp-json\/wp\/v2\/product_brand?post=6128"},{"taxonomy":"product_cat","embeddable":true,"href":"https:\/\/www.unitetopbalermachine.com\/pl\/wp-json\/wp\/v2\/product_cat?post=6128"},{"taxonomy":"product_tag","embeddable":true,"href":"https:\/\/www.unitetopbalermachine.com\/pl\/wp-json\/wp\/v2\/product_tag?post=6128"}],"curies":[{"name":"wp","href":"https:\/\/api.w.org\/{rel}","templated":true}]}}