{"id":6119,"date":"2024-05-13T15:54:43","date_gmt":"2024-05-13T15:54:43","guid":{"rendered":"https:\/\/www.unitetopbalermachine.com\/product\/hydrauliczna-maszyna-do-przedzenia-na-goraco-serii-ny-na-sprzedaz\/"},"modified":"2024-09-26T09:25:32","modified_gmt":"2024-09-26T09:25:32","slug":"hydrauliczna-maszyna-do-przedzenia-na-goraco-serii-ny-na-sprzedaz","status":"publish","type":"product","link":"https:\/\/www.unitetopbalermachine.com\/pl\/product\/hydrauliczna-maszyna-do-przedzenia-na-goraco-serii-ny-na-sprzedaz.html","title":{"rendered":"Hydrauliczna maszyna do prz\u0119dzenia na gor\u0105co serii NY na sprzeda\u017c"},"content":{"rendered":"<h2>Czym jest maszyna do prz\u0119dzenia na gor\u0105co?<\/h2>\n<p><img fetchpriority=\"high\" decoding=\"async\" class=\"wp-image-2269 alignright\" src=\"https:\/\/www.unitetopbalermachine.com\/wp-content\/uploads\/2024\/05\/maxresdefault-1-e1715614182546.jpg\" alt=\"Maszyna do prz\u0119dzenia na gor\u0105co\" width=\"392\" height=\"221\" srcset=\"https:\/\/www.unitetopbalermachine.com\/wp-content\/uploads\/2024\/05\/maxresdefault-1-e1715614182546.jpg 1280w, https:\/\/www.unitetopbalermachine.com\/wp-content\/uploads\/2024\/05\/maxresdefault-1-e1715614182546-300x169.jpg 300w, https:\/\/www.unitetopbalermachine.com\/wp-content\/uploads\/2024\/05\/maxresdefault-1-e1715614182546-1024x576.jpg 1024w, https:\/\/www.unitetopbalermachine.com\/wp-content\/uploads\/2024\/05\/maxresdefault-1-e1715614182546-768x432.jpg 768w, https:\/\/www.unitetopbalermachine.com\/wp-content\/uploads\/2024\/05\/maxresdefault-1-e1715614182546-600x338.jpg 600w\" sizes=\"(max-width: 392px) 100vw, 392px\" \/><\/p>\n<p><strong>Obr\u00f3bka na gor\u0105co to proces<\/strong> obr\u00f3bki metali, kt\u00f3ry polega na obracaniu kawa\u0142ka metalu na tokarce, a jednocze\u015bnie na dzia\u0142aniu intensywnego ciep\u0142a z palnika na obrabiany przedmiot. Gdy metal osi\u0105gnie wysok\u0105 temperatur\u0119, staje si\u0119 plastyczny. W tym momencie nast\u0119puje kszta\u0142towanie, gdy specjalistyczne narz\u0119dzie na tokarce naciska na rozgrzan\u0105 powierzchni\u0119, powoduj\u0105c jej odkszta\u0142cenie lub zniekszta\u0142cenie podczas obrotu. Ta metoda umo\u017cliwia tworzenie z\u0142o\u017conych kszta\u0142t\u00f3w i kontur\u00f3w z precyzj\u0105. Ponadto cz\u0119\u015bci mo\u017cna p\u0142ynnie przechodzi\u0107 lub zw\u0119\u017ca\u0107 do mniejszej \u015brednicy przy minimalnej sile, co skutkuje bezszwowym wyko\u0144czeniem w punkcie przej\u015bcia.     <\/p>\n<h2>Zasada dzia\u0142ania<\/h2>\n<div class=\"ast-oembed-container \" style=\"height: 100%;\"><iframe title=\"NY-180 Hydraulic steel cylinder hot spinning necking-in machine\" width=\"500\" height=\"281\" src=\"https:\/\/www.youtube.com\/embed\/8PQoklGcfYE?feature=oembed\" frameborder=\"0\" allow=\"accelerometer; autoplay; clipboard-write; encrypted-media; gyroscope; picture-in-picture; web-share\" referrerpolicy=\"strict-origin-when-cross-origin\" allowfullscreen><\/iframe><\/div>\n<ul>\n<li>Umie\u015b\u0107 rury bezszwowe o okre\u015blonej \u015brednicy i d\u0142ugo\u015bci w g\u0142\u00f3wnym cylindrze wrzeciona.<\/li>\n<li>Wywieraj nacisk za pomoc\u0105 si\u0142ownika hydraulicznego, aby zacisn\u0105\u0107 rur\u0119 i szybko j\u0105 obr\u00f3ci\u0107.<\/li>\n<li>Podgrzej g\u0142owic\u0119 do temperatury termoplastycznej, a nast\u0119pnie manipuluj t\u0142okiem cylindra obrotu tak, aby przesun\u0105\u0107 z\u0119batk\u0119 do przodu, wprawiaj\u0105c w ruch obrotowy ko\u0142o z\u0119bate.<\/li>\n<li>W wyniku obrotu wa\u0142u przek\u0142adni, matryca zamykaj\u0105ca wyt\u0142acza rurk\u0119 ze stali termoplastycznej na powierzchni\u0119 o okre\u015blonym kszta\u0142cie.<\/li>\n<\/ul>\n<h2>Aplikacja<\/h2>\n<p> Nadaje si\u0119 do masowej produkcji zbiornik\u00f3w ci\u015bnieniowych, takich jak: ma\u0142e i \u015brednie butle na ga\u015bnice, r\u00f3\u017cnorodne zbiorniki ci\u015bnieniowe, skrzynki zbiorcze kot\u0142\u00f3w itp. <\/p>\n<h2>Jakie materia\u0142y nadaj\u0105 si\u0119 do prz\u0119dzenia na gor\u0105co?<\/h2>\n<p> Obr\u00f3bka na gor\u0105co jest stosowana g\u0142\u00f3wnie w przypadku aluminium, stali i stop\u00f3w. Wyb\u00f3r materia\u0142u zale\u017cy od zastosowania i po\u017c\u0105danych w\u0142a\u015bciwo\u015bci produktu ko\u0144cowego.  <\/p>\n<h2 class=\"fl-icon-wrap\">Specyfikacje<\/h2>\n<table border=\"1\" cellspacing=\"0\">\n<tbody>\n<tr>\n<td valign=\"top\" width=\"85\">Model<\/td>\n<td valign=\"top\" width=\"127\">Pr\u0119dko\u015b\u0107 wrzeciona (obr.\/min)<\/td>\n<td valign=\"top\" width=\"130\"> Si\u0142ownik zaciskowy (KN)<\/td>\n<td valign=\"top\" width=\"189\">Cylinder zamykaj\u0105cy i miel\u0105cy (KN)<\/td>\n<td valign=\"top\" width=\"85\">Moc (kW)<\/td>\n<\/tr>\n<tr>\n<td valign=\"top\" width=\"85\">NY-180<\/td>\n<td valign=\"top\" width=\"127\">350-400<\/td>\n<td valign=\"top\" width=\"130\">110<\/td>\n<td valign=\"top\" width=\"189\">60<\/td>\n<td valign=\"top\" width=\"85\">22<\/td>\n<\/tr>\n<tr>\n<td valign=\"top\" width=\"85\">NY-219<\/td>\n<td valign=\"top\" width=\"127\">350<\/td>\n<td valign=\"top\" width=\"130\">180<\/td>\n<td valign=\"top\" width=\"189\">60<\/td>\n<td valign=\"top\" width=\"85\">37<\/td>\n<\/tr>\n<tr>\n<td valign=\"top\" width=\"85\">NY-299<\/td>\n<td valign=\"top\" width=\"127\">320<\/td>\n<td valign=\"top\" width=\"130\">415<\/td>\n<td valign=\"top\" width=\"189\">76<\/td>\n<td valign=\"top\" width=\"85\">74<\/td>\n<\/tr>\n<\/tbody>\n<\/table>\n<p><img decoding=\"async\" class=\"size-full wp-image-2320 aligncenter\" src=\"https:\/\/www.unitetopbalermachine.com\/wp-content\/uploads\/2024\/05\/1-1.jpg\" alt=\"Maszyny do prz\u0119dzenia na gor\u0105co\" width=\"1440\" height=\"1080\" srcset=\"https:\/\/www.unitetopbalermachine.com\/wp-content\/uploads\/2024\/05\/1-1.jpg 1440w, https:\/\/www.unitetopbalermachine.com\/wp-content\/uploads\/2024\/05\/1-1-300x225.jpg 300w, https:\/\/www.unitetopbalermachine.com\/wp-content\/uploads\/2024\/05\/1-1-1024x768.jpg 1024w, https:\/\/www.unitetopbalermachine.com\/wp-content\/uploads\/2024\/05\/1-1-768x576.jpg 768w, https:\/\/www.unitetopbalermachine.com\/wp-content\/uploads\/2024\/05\/1-1-600x450.jpg 600w\" sizes=\"(max-width: 1440px) 100vw, 1440px\" \/> <img decoding=\"async\" class=\"size-full wp-image-2321 aligncenter\" src=\"https:\/\/www.unitetopbalermachine.com\/wp-content\/uploads\/2024\/05\/2.jpg\" alt=\"Maszyny do prz\u0119dzenia na gor\u0105co na sprzeda\u017c\" width=\"1440\" height=\"1080\" srcset=\"https:\/\/www.unitetopbalermachine.com\/wp-content\/uploads\/2024\/05\/2.jpg 1440w, https:\/\/www.unitetopbalermachine.com\/wp-content\/uploads\/2024\/05\/2-300x225.jpg 300w, https:\/\/www.unitetopbalermachine.com\/wp-content\/uploads\/2024\/05\/2-1024x768.jpg 1024w, https:\/\/www.unitetopbalermachine.com\/wp-content\/uploads\/2024\/05\/2-768x576.jpg 768w, https:\/\/www.unitetopbalermachine.com\/wp-content\/uploads\/2024\/05\/2-600x450.jpg 600w\" sizes=\"(max-width: 1440px) 100vw, 1440px\" \/><\/p>\n","protected":false},"excerpt":{"rendered":"<ul>\n<li>Maszyna prz\u0119dz\u0105ca na gor\u0105co serii NY jest dost\u0119pna w trzech specyfikacjach: NY-180, NY-219 i NY-299.<\/li>\n<li>Wyposa\u017cony w funkcje zacisku hydraulicznego i obrotu hydraulicznego<\/li>\n<li>Niepowtarzalny design, najnowocze\u015bniejsza technologia.<\/li>\n<li>Stosowano je do przetwarzania butli z ciek\u0142ym tlenem, rur kolektorowych kot\u0142\u00f3w i przewod\u00f3w.<\/li>\n<li>Tryby pracy: Dost\u0119pne s\u0105 tryby r\u0119czny i p\u00f3\u0142automatyczny.<\/li>\n<li>Szczeg\u00f3lnie polecane dla producent\u00f3w ga\u015bnic.<\/li>\n<\/ul>\n<h4>Rozmiar butelek stalowych<\/h4>\n<p>&nbsp;<\/p>\n<table border=\"1\" cellspacing=\"0\">\n<tbody>\n<tr>\n<td valign=\"top\" width=\"90\">Model<\/td>\n<td valign=\"top\" width=\"127\">Zakres \u015brednic<\/td>\n<td valign=\"top\" width=\"130\">Najkr\u00f3tszy (mm)<\/td>\n<td valign=\"top\" width=\"130\">Najd\u0142u\u017cszy (mm)<\/td>\n<\/tr>\n<tr>\n<td valign=\"top\" width=\"90\">NY-180<\/td>\n<td valign=\"top\" width=\"127\">\u03c6120-180<\/td>\n<td valign=\"top\" width=\"130\">260-400<\/td>\n<td valign=\"top\" width=\"130\">1400<\/td>\n<\/tr>\n<tr>\n<td valign=\"top\" width=\"90\">NY-219<\/td>\n<td valign=\"top\" width=\"127\">\u03c6219<\/td>\n<td valign=\"top\" width=\"130\">400<\/td>\n<td valign=\"top\" width=\"130\">1900<\/td>\n<\/tr>\n<tr>\n<td valign=\"top\" width=\"90\">NY-299<\/td>\n<td valign=\"top\" width=\"127\">\u03c6299<\/td>\n<td valign=\"top\" width=\"130\">450<\/td>\n<td valign=\"top\" width=\"130\">2100<\/td>\n<\/tr>\n<\/tbody>\n<\/table>\n","protected":false},"featured_media":6120,"template":"","meta":{"site-sidebar-layout":"default","site-content-layout":"","ast-site-content-layout":"default","site-content-style":"default","site-sidebar-style":"default","ast-global-header-display":"","ast-banner-title-visibility":"","ast-main-header-display":"","ast-hfb-above-header-display":"","ast-hfb-below-header-display":"","ast-hfb-mobile-header-display":"","site-post-title":"","ast-breadcrumbs-content":"","ast-featured-img":"","footer-sml-layout":"","theme-transparent-header-meta":"default","adv-header-id-meta":"","stick-header-meta":"","header-above-stick-meta":"","header-main-stick-meta":"","header-below-stick-meta":"","astra-migrate-meta-layouts":"set","ast-page-background-enabled":"default","ast-page-background-meta":{"desktop":{"background-color":"var(--ast-global-color-4)","background-image":"","background-repeat":"repeat","background-position":"center center","background-size":"auto","background-attachment":"scroll","background-type":"","background-media":"","overlay-type":"","overlay-color":"","overlay-opacity":"","overlay-gradient":""},"tablet":{"background-color":"","background-image":"","background-repeat":"repeat","background-position":"center center","background-size":"auto","background-attachment":"scroll","background-type":"","background-media":"","overlay-type":"","overlay-color":"","overlay-opacity":"","overlay-gradient":""},"mobile":{"background-color":"","background-image":"","background-repeat":"repeat","background-position":"center center","background-size":"auto","background-attachment":"scroll","background-type":"","background-media":"","overlay-type":"","overlay-color":"","overlay-opacity":"","overlay-gradient":""}},"ast-content-background-meta":{"desktop":{"background-color":"var(--ast-global-color-5)","background-image":"","background-repeat":"repeat","background-position":"center center","background-size":"auto","background-attachment":"scroll","background-type":"","background-media":"","overlay-type":"","overlay-color":"","overlay-opacity":"","overlay-gradient":""},"tablet":{"background-color":"var(--ast-global-color-5)","background-image":"","background-repeat":"repeat","background-position":"center center","background-size":"auto","background-attachment":"scroll","background-type":"","background-media":"","overlay-type":"","overlay-color":"","overlay-opacity":"","overlay-gradient":""},"mobile":{"background-color":"var(--ast-global-color-5)","background-image":"","background-repeat":"repeat","background-position":"center center","background-size":"auto","background-attachment":"scroll","background-type":"","background-media":"","overlay-type":"","overlay-color":"","overlay-opacity":"","overlay-gradient":""}}},"product_brand":[],"product_cat":[91],"product_tag":[],"class_list":{"0":"post-6119","1":"product","2":"type-product","3":"status-publish","4":"has-post-thumbnail","6":"product_cat-bez-kategorii","7":"desktop-align-left","8":"tablet-align-left","9":"mobile-align-left","11":"first","12":"instock","13":"shipping-taxable","14":"product-type-simple"},"_links":{"self":[{"href":"https:\/\/www.unitetopbalermachine.com\/pl\/wp-json\/wp\/v2\/product\/6119","targetHints":{"allow":["GET"]}}],"collection":[{"href":"https:\/\/www.unitetopbalermachine.com\/pl\/wp-json\/wp\/v2\/product"}],"about":[{"href":"https:\/\/www.unitetopbalermachine.com\/pl\/wp-json\/wp\/v2\/types\/product"}],"wp:featuredmedia":[{"embeddable":true,"href":"https:\/\/www.unitetopbalermachine.com\/pl\/wp-json\/wp\/v2\/media\/6120"}],"wp:attachment":[{"href":"https:\/\/www.unitetopbalermachine.com\/pl\/wp-json\/wp\/v2\/media?parent=6119"}],"wp:term":[{"taxonomy":"product_brand","embeddable":true,"href":"https:\/\/www.unitetopbalermachine.com\/pl\/wp-json\/wp\/v2\/product_brand?post=6119"},{"taxonomy":"product_cat","embeddable":true,"href":"https:\/\/www.unitetopbalermachine.com\/pl\/wp-json\/wp\/v2\/product_cat?post=6119"},{"taxonomy":"product_tag","embeddable":true,"href":"https:\/\/www.unitetopbalermachine.com\/pl\/wp-json\/wp\/v2\/product_tag?post=6119"}],"curies":[{"name":"wp","href":"https:\/\/api.w.org\/{rel}","templated":true}]}}