{"id":6108,"date":"2024-05-06T11:58:33","date_gmt":"2024-05-06T11:58:33","guid":{"rendered":"https:\/\/www.unitetopbalermachine.com\/product\/seria-q91y-hydrauliczna-maszyna-do-ciecia-bramowego-o-duzej-wytrzymalosci\/"},"modified":"2025-03-10T02:03:09","modified_gmt":"2025-03-10T02:03:09","slug":"seria-q91y-hydrauliczna-maszyna-do-ciecia-bramowego-o-duzej-wytrzymalosci","status":"publish","type":"product","link":"https:\/\/www.unitetopbalermachine.com\/pl\/product\/seria-q91y-hydrauliczna-maszyna-do-ciecia-bramowego-o-duzej-wytrzymalosci.html","title":{"rendered":"Seria Q91Y Hydrauliczna maszyna do ci\u0119cia bramowego o du\u017cej wytrzyma\u0142o\u015bci"},"content":{"rendered":"<h2>Specyfikacja produktu<\/h2>\n<table border=\"1\" cellspacing=\"0\">\n<tbody>\n<tr>\n<td valign=\"top\" width=\"103\">\n<p align=\"center\">Model<\/p>\n<\/td>\n<td valign=\"top\" width=\"122\">Maksymalna si\u0142a ci\u0119cia (tony)<\/td>\n<td valign=\"top\" width=\"158\">\n<p align=\"center\">Rozmiar komory (mm)<\/p>\n<\/td>\n<td valign=\"top\" width=\"92\">D\u0142ugo\u015b\u0107 ostrza (mm)<\/td>\n<td valign=\"top\" width=\"112\">\n<p align=\"center\">Wydajno\u015b\u0107 (T\/H)<\/p>\n<\/td>\n<td valign=\"top\" width=\"134\">Cz\u0119stotliwo\u015b\u0107 \u015bcinania (razy\/min)<\/td>\n<td valign=\"top\" width=\"66\">\n<p align=\"center\">Moc (kW)<\/p>\n<\/td>\n<\/tr>\n<tr>\n<td valign=\"top\" width=\"103\">\n<p align=\"center\">Q91Y-2500<\/p>\n<\/td>\n<td valign=\"top\" width=\"122\">\n<p align=\"center\">250<\/p>\n<\/td>\n<td valign=\"top\" width=\"158\">\n<p align=\"center\">3000\u00d71200\u00d7900<\/p>\n<\/td>\n<td valign=\"top\" width=\"92\">\n<p align=\"center\">1200<\/p>\n<\/td>\n<td valign=\"top\" width=\"112\">\n<p align=\"center\">2-3T<\/p>\n<\/td>\n<td valign=\"top\" width=\"134\">\n<p align=\"center\">3-5<\/p>\n<\/td>\n<td valign=\"top\" width=\"66\">\n<p align=\"center\">2\u00d730<\/p>\n<\/td>\n<\/tr>\n<tr>\n<td valign=\"top\" width=\"103\">\n<p align=\"center\">Q91Y-3150<\/p>\n<\/td>\n<td valign=\"top\" width=\"122\">\n<p align=\"center\">315<\/p>\n<\/td>\n<td valign=\"top\" width=\"158\">\n<p align=\"center\">5000\u00d71400\u00d71200<\/p>\n<\/td>\n<td valign=\"top\" width=\"92\">\n<p align=\"center\">1400<\/p>\n<\/td>\n<td valign=\"top\" width=\"112\">\n<p align=\"center\">3-4T<\/p>\n<\/td>\n<td valign=\"top\" width=\"134\">\n<p align=\"center\">3-5<\/p>\n<\/td>\n<td valign=\"top\" width=\"66\">\n<p align=\"center\">45+22<\/p>\n<\/td>\n<\/tr>\n<tr>\n<td valign=\"top\" width=\"103\">\n<p align=\"center\">Q91Y-4000<\/p>\n<\/td>\n<td valign=\"top\" width=\"122\">\n<p align=\"center\">400<\/p>\n<\/td>\n<td valign=\"top\" width=\"158\">\n<p align=\"center\">6000\u00d71400\u00d71200<\/p>\n<\/td>\n<td valign=\"top\" width=\"92\">\n<p align=\"center\">1400<\/p>\n<\/td>\n<td valign=\"top\" width=\"112\">\n<p align=\"center\">5-6T<\/p>\n<\/td>\n<td valign=\"top\" width=\"134\">\n<p align=\"center\">3-5<\/p>\n<\/td>\n<td valign=\"top\" width=\"66\">\n<p align=\"center\">2\u00d745<\/p>\n<\/td>\n<\/tr>\n<tr>\n<td valign=\"top\" width=\"103\">\n<p align=\"center\">Q91Y-5000<\/p>\n<\/td>\n<td valign=\"top\" width=\"122\">\n<p align=\"center\">500<\/p>\n<\/td>\n<td valign=\"top\" width=\"158\">\n<p align=\"center\">6000\u00d71600\u00d7900<\/p>\n<\/td>\n<td valign=\"top\" width=\"92\">\n<p align=\"center\">1600<\/p>\n<\/td>\n<td valign=\"top\" width=\"112\">\n<p align=\"center\">6-8T<\/p>\n<\/td>\n<td valign=\"top\" width=\"134\">\n<p align=\"center\">3-5<\/p>\n<\/td>\n<td valign=\"top\" width=\"66\">\n<p align=\"center\">3\u00d745<\/p>\n<\/td>\n<\/tr>\n<tr>\n<td valign=\"top\" width=\"103\">\n<p align=\"center\">Q91Y-6300<\/p>\n<\/td>\n<td valign=\"top\" width=\"122\">\n<p align=\"center\">630<\/p>\n<\/td>\n<td valign=\"top\" width=\"158\">\n<p align=\"center\">8000\u00d71800\u00d71200<\/p>\n<\/td>\n<td valign=\"top\" width=\"92\">\n<p align=\"center\">1800<\/p>\n<\/td>\n<td valign=\"top\" width=\"112\">\n<p align=\"center\">12-15T<\/p>\n<\/td>\n<td valign=\"top\" width=\"134\">\n<p align=\"center\">3-5<\/p>\n<\/td>\n<td valign=\"top\" width=\"66\">\n<p align=\"center\">4\u00d745<\/p>\n<\/td>\n<\/tr>\n<tr>\n<td valign=\"top\" width=\"103\">\n<p align=\"center\">Q91Y-8000<\/p>\n<\/td>\n<td valign=\"top\" width=\"122\">\n<p align=\"center\">800<\/p>\n<\/td>\n<td valign=\"top\" width=\"158\">\n<p align=\"center\">8000\u00d71800\u00d71200<\/p>\n<\/td>\n<td valign=\"top\" width=\"92\">\n<p align=\"center\">1800<\/p>\n<\/td>\n<td valign=\"top\" width=\"112\">\n<p align=\"center\">16-18T<\/p>\n<\/td>\n<td valign=\"top\" width=\"134\">\n<p align=\"center\">3-5<\/p>\n<\/td>\n<td valign=\"top\" width=\"66\">\n<p align=\"center\">5\u00d745<\/p>\n<\/td>\n<\/tr>\n<tr>\n<td valign=\"top\" width=\"103\">\n<p align=\"center\">Q91Y-10000<\/p>\n<\/td>\n<td valign=\"top\" width=\"122\">\n<p align=\"center\">1000<\/p>\n<\/td>\n<td valign=\"top\" width=\"158\">\n<p align=\"center\">8000\u00d71800\u00d71200<\/p>\n<\/td>\n<td valign=\"top\" width=\"92\">\n<p align=\"center\">1800<\/p>\n<\/td>\n<td valign=\"top\" width=\"112\">\n<p align=\"center\">18-22T<\/p>\n<\/td>\n<td valign=\"top\" width=\"134\">\n<p align=\"center\">3-5<\/p>\n<\/td>\n<td valign=\"top\" width=\"66\">\n<p align=\"center\">6\u00d745<\/p>\n<\/td>\n<\/tr>\n<tr>\n<td valign=\"top\" width=\"103\">\n<p align=\"center\">Q91Y-12500<\/p>\n<\/td>\n<td valign=\"top\" width=\"122\">\n<p align=\"center\">1250<\/p>\n<\/td>\n<td valign=\"top\" width=\"158\">\n<p align=\"center\">10000\u00d72000\u00d71400<\/p>\n<\/td>\n<td valign=\"top\" width=\"92\">\n<p align=\"center\">2000<\/p>\n<\/td>\n<td valign=\"top\" width=\"112\">\n<p align=\"center\">20-25T<\/p>\n<\/td>\n<td valign=\"top\" width=\"134\">\n<p align=\"center\">3-5<\/p>\n<\/td>\n<td valign=\"top\" width=\"66\">\n<p align=\"center\">7\u00d745<\/p>\n<\/td>\n<\/tr>\n<\/tbody>\n<\/table>\n<h2>Wideo z procesu ci\u0119cia<\/h2>\n<div class=\"ast-oembed-container \" style=\"height: 100%;\"><iframe title=\"Q91Y heavy duty scrap metal shear machine\" width=\"500\" height=\"281\" src=\"https:\/\/www.youtube.com\/embed\/tC2AMSLZOd0?feature=oembed\" frameborder=\"0\" allow=\"accelerometer; autoplay; clipboard-write; encrypted-media; gyroscope; picture-in-picture; web-share\" referrerpolicy=\"strict-origin-when-cross-origin\" allowfullscreen><\/iframe><\/div>\n<h2>Aplikacje<\/h2>\n<p>Ci\u0119\u017ckie no\u017cyce bramowe s\u0105 kluczowe dla wydajnego transportu i przetwarzania materia\u0142\u00f3w w wielu bran\u017cach. Oto g\u0142\u00f3wne bran\u017ce, w kt\u00f3rych no\u017cyce bramowe s\u0105 szeroko stosowane:<\/p>\n<ol>\n<li><strong>Recykling z\u0142omu<\/strong>: No\u017cyce bramowe odgrywaj\u0105 kluczow\u0105 rol\u0119 w zak\u0142adach recyklingu, gdzie wykorzystuje si\u0119 je do ci\u0119cia i przygotowywania du\u017cych kawa\u0142k\u00f3w z\u0142omu do recyklingu lub odsprzeda\u017cy.<\/li>\n<li><strong>Motoryzacja<\/strong>: Stosowany do demonta\u017cu starych i nieu\u017cytecznych pojazd\u00f3w, rozcinania cz\u0119\u015bci metalowych, takich jak ramy i panele nadwozia, w celu poddania ich recyklingowi.<\/li>\n<li><strong>Budownictwo i rozbi\u00f3rki<\/strong>: Pomaga w zarz\u0105dzaniu materia\u0142ami odpadowymi poprzez ci\u0119cie belek metalowych, rur i innych odpad\u00f3w budowlanych, u\u0142atwiaj\u0105c recykling i utylizacj\u0119.<\/li>\n<li><strong>Produkcja: <\/strong> W sektorach produkcyjnych, zw\u0142aszcza tych zwi\u0105zanych z obr\u00f3bk\u0105 metali, no\u017cyce bramowe pomagaj\u0105 odcina\u0107 nadmiarowe lub niechciane cz\u0119\u015bci metalowe.<\/li>\n<li><strong>Budowa i naprawa statk\u00f3w<\/strong>: Przydatne przy przecinaniu grubych p\u0142yt metalowych i belek podczas budowy lub demonta\u017cu statk\u00f3w.<\/li>\n<li><strong>Przemys\u0142 kolejowy<\/strong>: Zatrudnieni przy ci\u0119ciu szyn i innych cz\u0119\u015bci metalowych podczas konserwacji i demonta\u017cu tor\u00f3w kolejowych.<\/li>\n<\/ol>\n<h2>Dostawcy kooperatywni<\/h2>\n<p><img fetchpriority=\"high\" decoding=\"async\" class=\"wp-image-1707 aligncenter\" src=\"https:\/\/www.unitetopbalermachine.com\/wp-content\/uploads\/2024\/05\/COOPERATIVE-SUPPLIERS-1024x256.jpg\" alt=\"DOSTAWCY SP\u00d3\u0141DZIELNI\" width=\"701\" height=\"175\" srcset=\"https:\/\/www.unitetopbalermachine.com\/wp-content\/uploads\/2024\/05\/COOPERATIVE-SUPPLIERS-1024x256.jpg 1024w, https:\/\/www.unitetopbalermachine.com\/wp-content\/uploads\/2024\/05\/COOPERATIVE-SUPPLIERS-600x150.jpg 600w, https:\/\/www.unitetopbalermachine.com\/wp-content\/uploads\/2024\/05\/COOPERATIVE-SUPPLIERS-300x75.jpg 300w, https:\/\/www.unitetopbalermachine.com\/wp-content\/uploads\/2024\/05\/COOPERATIVE-SUPPLIERS-768x192.jpg 768w, https:\/\/www.unitetopbalermachine.com\/wp-content\/uploads\/2024\/05\/COOPERATIVE-SUPPLIERS.jpg 1200w\" sizes=\"(max-width: 701px) 100vw, 701px\" \/><\/p>\n","protected":false},"excerpt":{"rendered":"<ul>\n<li>No\u017cyce bramowe posiadaj\u0105 solidn\u0105, spawan\u0105 konstrukcj\u0119 z blachy stalowej, poddawan\u0105 sztucznemu starzeniu i wy\u017carzaniu w celu zmniejszenia napr\u0119\u017ce\u0144 spawalniczych, co gwarantuje wysok\u0105 precyzj\u0119 i stabilno\u015b\u0107.<\/li>\n<li>Ostrza wykonane z trwa\u0142ej stali narz\u0119dziowej zapewniaj\u0105 d\u0142u\u017csz\u0105 \u017cywotno\u015b\u0107 i trwa\u0142o\u015b\u0107.<\/li>\n<li>Luz ostrza jest regulowany, co zwi\u0119ksza dok\u0142adno\u015b\u0107 pracy maszyny i wyd\u0142u\u017ca \u017cywotno\u015b\u0107 ostrza.<\/li>\n<li>Skrzynia materia\u0142owa no\u017cyc bramowych jest wykonana ze spawanej stali konstrukcyjnej i wy\u0142o\u017cona p\u0142yt\u0105 stalow\u0105 NM500, co zapewnia doskona\u0142\u0105 odporno\u015b\u0107 na zu\u017cycie. Posiada g\u0142owic\u0119 pchaj\u0105c\u0105 nap\u0119dzan\u0105 przez dedykowany uk\u0142ad hydrauliczny, zapewniaj\u0105c p\u0142ynn\u0105, automatyczn\u0105 funkcjonalno\u015b\u0107 i niezawodn\u0105 ochron\u0119 przed przeci\u0105\u017ceniem.<\/li>\n<li>Uk\u0142ad hydrauliczny maszyny jest unikalnie zaprojektowany z prawami w\u0142asno\u015bci. Obejmuje obw\u00f3d r\u00f3\u017cnicowy w g\u0142\u00f3wnym cylindrze \u015bcinaj\u0105cym w celu zwi\u0119kszenia efektywno\u015bci energii kinetycznej, z kompaktow\u0105 konstrukcj\u0105, kt\u00f3ra zmniejsza po\u0142\u0105czenia hydrauliczne i nagrzewanie si\u0119 uk\u0142adu, zapewniaj\u0105c niezawodn\u0105 wydajno\u015b\u0107.<\/li>\n<li>Zbiornik oleju zaprojektowano z rozmys\u0142em, ma du\u017c\u0105 obj\u0119to\u015b\u0107 i wysok\u0105 sztywno\u015b\u0107 konstrukcyjn\u0105. Przegroda oddziela porty powrotny i ss\u0105cy oleju, co skutecznie minimalizuje nagrzewanie si\u0119 oleju hydraulicznego.<\/li>\n<\/ul>\n","protected":false},"featured_media":6109,"template":"","meta":{"site-sidebar-layout":"default","site-content-layout":"","ast-site-content-layout":"default","site-content-style":"default","site-sidebar-style":"default","ast-global-header-display":"","ast-banner-title-visibility":"","ast-main-header-display":"","ast-hfb-above-header-display":"","ast-hfb-below-header-display":"","ast-hfb-mobile-header-display":"","site-post-title":"","ast-breadcrumbs-content":"","ast-featured-img":"","footer-sml-layout":"","theme-transparent-header-meta":"default","adv-header-id-meta":"","stick-header-meta":"","header-above-stick-meta":"","header-main-stick-meta":"","header-below-stick-meta":"","astra-migrate-meta-layouts":"set","ast-page-background-enabled":"default","ast-page-background-meta":{"desktop":{"background-color":"var(--ast-global-color-4)","background-image":"","background-repeat":"repeat","background-position":"center center","background-size":"auto","background-attachment":"scroll","background-type":"","background-media":"","overlay-type":"","overlay-color":"","overlay-opacity":"","overlay-gradient":""},"tablet":{"background-color":"","background-image":"","background-repeat":"repeat","background-position":"center center","background-size":"auto","background-attachment":"scroll","background-type":"","background-media":"","overlay-type":"","overlay-color":"","overlay-opacity":"","overlay-gradient":""},"mobile":{"background-color":"","background-image":"","background-repeat":"repeat","background-position":"center center","background-size":"auto","background-attachment":"scroll","background-type":"","background-media":"","overlay-type":"","overlay-color":"","overlay-opacity":"","overlay-gradient":""}},"ast-content-background-meta":{"desktop":{"background-color":"var(--ast-global-color-5)","background-image":"","background-repeat":"repeat","background-position":"center center","background-size":"auto","background-attachment":"scroll","background-type":"","background-media":"","overlay-type":"","overlay-color":"","overlay-opacity":"","overlay-gradient":""},"tablet":{"background-color":"var(--ast-global-color-5)","background-image":"","background-repeat":"repeat","background-position":"center center","background-size":"auto","background-attachment":"scroll","background-type":"","background-media":"","overlay-type":"","overlay-color":"","overlay-opacity":"","overlay-gradient":""},"mobile":{"background-color":"var(--ast-global-color-5)","background-image":"","background-repeat":"repeat","background-position":"center center","background-size":"auto","background-attachment":"scroll","background-type":"","background-media":"","overlay-type":"","overlay-color":"","overlay-opacity":"","overlay-gradient":""}}},"product_brand":[],"product_cat":[90],"product_tag":[],"class_list":{"0":"post-6108","1":"product","2":"type-product","3":"status-publish","4":"has-post-thumbnail","6":"product_cat-nozyce-do-zlomu","7":"desktop-align-left","8":"tablet-align-left","9":"mobile-align-left","11":"first","12":"instock","13":"shipping-taxable","14":"product-type-simple"},"_links":{"self":[{"href":"https:\/\/www.unitetopbalermachine.com\/pl\/wp-json\/wp\/v2\/product\/6108","targetHints":{"allow":["GET"]}}],"collection":[{"href":"https:\/\/www.unitetopbalermachine.com\/pl\/wp-json\/wp\/v2\/product"}],"about":[{"href":"https:\/\/www.unitetopbalermachine.com\/pl\/wp-json\/wp\/v2\/types\/product"}],"wp:featuredmedia":[{"embeddable":true,"href":"https:\/\/www.unitetopbalermachine.com\/pl\/wp-json\/wp\/v2\/media\/6109"}],"wp:attachment":[{"href":"https:\/\/www.unitetopbalermachine.com\/pl\/wp-json\/wp\/v2\/media?parent=6108"}],"wp:term":[{"taxonomy":"product_brand","embeddable":true,"href":"https:\/\/www.unitetopbalermachine.com\/pl\/wp-json\/wp\/v2\/product_brand?post=6108"},{"taxonomy":"product_cat","embeddable":true,"href":"https:\/\/www.unitetopbalermachine.com\/pl\/wp-json\/wp\/v2\/product_cat?post=6108"},{"taxonomy":"product_tag","embeddable":true,"href":"https:\/\/www.unitetopbalermachine.com\/pl\/wp-json\/wp\/v2\/product_tag?post=6108"}],"curies":[{"name":"wp","href":"https:\/\/api.w.org\/{rel}","templated":true}]}}