{"id":6105,"date":"2024-05-07T13:16:20","date_gmt":"2024-05-07T13:16:20","guid":{"rendered":"https:\/\/www.unitetopbalermachine.com\/product\/hbb-4800-zgniatarka-samochodowa\/"},"modified":"2024-12-13T02:51:12","modified_gmt":"2024-12-13T02:51:12","slug":"hbb-4800-zgniatarka-samochodowa","status":"publish","type":"product","link":"https:\/\/www.unitetopbalermachine.com\/pl\/product\/hbb-4800-zgniatarka-samochodowa.html","title":{"rendered":"HBB-4800 Zgniatarka samochodowa"},"content":{"rendered":"<h2 class=\"page_title\" style=\"text-align: center;\">Hydrauliczna prasa samochodowa\/drewniana z chwytakami do z\u0142omu<\/h2>\n<p><img fetchpriority=\"high\" decoding=\"async\" class=\"wp-image-1200 aligncenter\" src=\"https:\/\/www.unitetopbalermachine.com\/wp-content\/uploads\/2024\/04\/Car-Balers.webp\" alt=\"Prasy samochodowe\" width=\"689\" height=\"517\" srcset=\"https:\/\/www.unitetopbalermachine.com\/wp-content\/uploads\/2024\/04\/Car-Balers.webp 1024w, https:\/\/www.unitetopbalermachine.com\/wp-content\/uploads\/2024\/04\/Car-Balers-600x450.webp 600w, https:\/\/www.unitetopbalermachine.com\/wp-content\/uploads\/2024\/04\/Car-Balers-300x225.webp 300w, https:\/\/www.unitetopbalermachine.com\/wp-content\/uploads\/2024\/04\/Car-Balers-768x576.webp 768w\" sizes=\"(max-width: 689px) 100vw, 689px\" \/><\/p>\n<h3><\/h3>\n<h3>Cechy<\/h3>\n<ul>\n<li><strong>Cicha i wydajna: <\/strong> prasa do belowania samochod\u00f3w jest wyposa\u017cona w nap\u0119d hydrauliczny zapewniaj\u0105cy cich\u0105 prac\u0119, du\u017c\u0105 pr\u0119dko\u015b\u0107 wyt\u0142aczania i si\u0142\u0119 niezb\u0119dn\u0105 do uzyskania sp\u00f3jnych blok\u00f3w metalu.<\/li>\n<li><strong>Trwa\u0142a konstrukcja<\/strong>: Wykonana ze standaryzowanych p\u0142yt stalowych i spawana zaawansowanymi metodami, co zapewnia trwa\u0142o\u015b\u0107, nisk\u0105 awaryjno\u015b\u0107 i d\u0142ug\u0105 \u017cywotno\u015b\u0107.<\/li>\n<li><strong>Opcje ch\u0142odzenia<\/strong>: Oferuje opcjonalny uk\u0142ad ch\u0142odzenia, w wariantach ch\u0142odzonych wod\u0105 lub powietrzem, w celu wyd\u0142u\u017cenia ci\u0105g\u0142ej pracy i zmniejszenia liczby awarii.<\/li>\n<li><strong>Doskona\u0142e uszczelnienie<\/strong>: Cylinder wyposa\u017cono w importowany pier\u015bcie\u0144 GRAI zapewniaj\u0105cy doskona\u0142e uszczelnienie i odporno\u015b\u0107 na wysokie ci\u015bnienie.<\/li>\n<li><strong>Kompaktowa konstrukcja<\/strong>: Zaprojektowana z my\u015bl\u0105 o \u0142atwej instalacji bez konieczno\u015bci stosowania sta\u0142ego fundamentu. Posiada tryb automatyczny zapewniaj\u0105cy prost\u0105 obs\u0142ug\u0119.<\/li>\n<li><strong>Wyt\u0142aczanie na zimno<\/strong>: Wykorzystuje technologi\u0119 maj\u0105c\u0105 na celu zachowanie integralno\u015bci metalu i optymalizacj\u0119 wykorzystania materia\u0142\u00f3w.<\/li>\n<li><strong>Wysoka wydajno\u015b\u0107<\/strong>: Wi\u0119ksza wydajno\u015b\u0107 ni\u017c tradycyjne metody m\u0142otkowania lub pakowania mechanicznego.<\/li>\n<\/ul>\n<h2><\/h2>\n<h3>Jak dzia\u0142a zag\u0119szczarka samochodowa?<\/h3>\n<p style=\"text-align: center;\"><iframe title=\"Odtwarzacz wideo YouTube\" src=\"https:\/\/www.youtube.com\/embed\/w9cMSOcRoLA?si=-8vQJXZyRehomNDb\" width=\"560\" height=\"315\" frameborder=\"0\" allowfullscreen=\"allowfullscreen\" data-mce-fragment=\"1\"><\/iframe><\/p>\n<ul>\n<li><strong>Przygotowanie:<\/strong> Sprawd\u017a po\u0142o\u017cenie zag\u0119szczarki samochodowej i jej funkcjonalno\u015b\u0107, a nast\u0119pnie oczy\u015b\u0107 otaczaj\u0105cy obszar.<\/li>\n<li><strong>Za\u0142adunek<\/strong>: Prawid\u0142owo u\u0142\u00f3\u017c z\u0142omowane karoserie samochodowe lub elementy metalowe w obszarze roboczym prasy.<\/li>\n<li><strong>Ustawienia parametr\u00f3w<\/strong>: Dostosuj ci\u015bnienie i czas kompresji na podstawie rodzaju i rozmiaru materia\u0142u.<\/li>\n<li><strong>Rozpocz\u0119cie dzia\u0142ania: <\/strong> Uruchom zag\u0119szczark\u0119 samochodow\u0105 r\u0119cznie lub automatycznie i monitoruj problemy.<\/li>\n<li><strong>Kompresja<\/strong>: Stosowanie ci\u015bnienia hydraulicznego w celu sprasowania z\u0142omu w ciasne bele przy zachowaniu stabilno\u015bci.<\/li>\n<li><b>Roz\u0142adunek<\/b>: Po zag\u0119szczeniu zatrzymaj maszyn\u0119 i usu\u0144 bele za pomoc\u0105 <strong><a href=\"https:\/\/www.unitetopbalermachine.com\/scrap-grabs.html\">chwytanie sk\u00f3rki pomara\u0144czowej<\/a><\/strong>.<\/li>\n<li><b>Czyszczenie i konserwacja: <\/b> Wyczy\u015b\u0107 zag\u0119szczark\u0119 samochod\u00f3w i obszar wok\u00f3\u0142 niej oraz wykonaj niezb\u0119dne prace konserwacyjne, aby zapewni\u0107 jej d\u0142ugotrwa\u0142\u0105 funkcjonalno\u015b\u0107.<\/li>\n<\/ul>\n<p>&nbsp;<\/p>\n<h3>Opcje<\/h3>\n<p>Wybieraj\u0105c pras\u0119 samochodow\u0105, mo\u017cesz wybra\u0107 pomi\u0119dzy chwytakiem sta\u0142ym a chwytakiem koparkowym, w zale\u017cno\u015bci od potrzeb.<\/p>\n<p><img decoding=\"async\" class=\"aligncenter wp-image-2001 size-full\" src=\"https:\/\/www.unitetopbalermachine.com\/wp-content\/uploads\/2024\/05\/Excavator-Scrap-Grapple-vs-fixed.jpg\" alt=\"Chwytak do z\u0142omu\" width=\"726\" height=\"326\" srcset=\"https:\/\/www.unitetopbalermachine.com\/wp-content\/uploads\/2024\/05\/Excavator-Scrap-Grapple-vs-fixed.jpg 726w, https:\/\/www.unitetopbalermachine.com\/wp-content\/uploads\/2024\/05\/Excavator-Scrap-Grapple-vs-fixed-300x135.jpg 300w, https:\/\/www.unitetopbalermachine.com\/wp-content\/uploads\/2024\/05\/Excavator-Scrap-Grapple-vs-fixed-600x269.jpg 600w\" sizes=\"(max-width: 726px) 100vw, 726px\" \/><\/p>\n<h3><\/h3>\n<h3>Dostawcy kooperatywni<\/h3>\n<p><img decoding=\"async\" class=\"wp-image-1707 aligncenter\" src=\"https:\/\/www.unitetopbalermachine.com\/wp-content\/uploads\/2024\/05\/COOPERATIVE-SUPPLIERS-1024x256.jpg\" alt=\"DOSTAWCY SP\u00d3\u0141DZIELNI\" width=\"701\" height=\"175\" srcset=\"https:\/\/www.unitetopbalermachine.com\/wp-content\/uploads\/2024\/05\/COOPERATIVE-SUPPLIERS-1024x256.jpg 1024w, https:\/\/www.unitetopbalermachine.com\/wp-content\/uploads\/2024\/05\/COOPERATIVE-SUPPLIERS-600x150.jpg 600w, https:\/\/www.unitetopbalermachine.com\/wp-content\/uploads\/2024\/05\/COOPERATIVE-SUPPLIERS-300x75.jpg 300w, https:\/\/www.unitetopbalermachine.com\/wp-content\/uploads\/2024\/05\/COOPERATIVE-SUPPLIERS-768x192.jpg 768w, https:\/\/www.unitetopbalermachine.com\/wp-content\/uploads\/2024\/05\/COOPERATIVE-SUPPLIERS.jpg 1200w\" sizes=\"(max-width: 701px) 100vw, 701px\" \/><\/p>\n","protected":false},"excerpt":{"rendered":"<p>Maszyna do zag\u0119szczania samochod\u00f3w jest r\u00f3wnie\u017c znana jako prasa samochodowa, prasa do wyr\u0119bu samochod\u00f3w lub kruszarka samochodowa. Jest to wytrzyma\u0142y sprz\u0119t zaprojektowany do kompresji z\u0142omowanych samochod\u00f3w na mniejsze bloki w celu \u0142atwiejszego transportu i recyklingu. Ta maszyna wykorzystuje mocny uk\u0142ad hydrauliczny, kt\u00f3ry jest w stanie wydajnie kompresowa\u0107 metal, znacznie zmniejszaj\u0105c obj\u0119to\u015b\u0107 z\u0142omowanych samochod\u00f3w. Konstrukcja hydraulicznej prasy do z\u0142omu samochodowego jest wytrzyma\u0142a i wytrzymuje wysokie ci\u015bnienie, zapewniaj\u0105c bezpiecze\u0144stwo i stabilno\u015b\u0107 podczas procesu kompresji.<\/p>\n<table border=\"1\" cellspacing=\"0\">\n<tbody>\n<tr>\n<td valign=\"top\" width=\"225\">Model<\/td>\n<td valign=\"top\" width=\"225\">HBB-4800<\/td>\n<\/tr>\n<tr>\n<td valign=\"top\" width=\"225\">Ci\u015bnienie hydrauliczne<\/td>\n<td valign=\"top\" width=\"225\">100-250 ton<\/td>\n<\/tr>\n<tr>\n<td valign=\"top\" width=\"225\">Rozmiar beli<\/td>\n<td valign=\"top\" width=\"225\">870\u00d7670 mm \u00d7 zmienna d\u0142ugo\u015b\u0107<\/td>\n<\/tr>\n<tr>\n<td valign=\"top\" width=\"225\">Rozmiar komory<\/td>\n<td valign=\"top\" width=\"225\">4800\u00d71720 mm<\/td>\n<\/tr>\n<tr>\n<td valign=\"top\" width=\"225\">Spos\u00f3b wyprowadzania beli<\/td>\n<td valign=\"top\" width=\"225\">Zabierz bel\u0119 za pomoc\u0105 maszyny chwytakowej<\/td>\n<\/tr>\n<tr>\n<td valign=\"top\" width=\"225\">Kolor<\/td>\n<td valign=\"top\" width=\"225\">Niestandardowy<\/td>\n<\/tr>\n<tr>\n<td valign=\"top\" width=\"225\">Dzia\u0142anie<\/td>\n<td valign=\"top\" width=\"225\">Automatyczne sterowanie PLC<\/td>\n<\/tr>\n<\/tbody>\n<\/table>\n<p>&nbsp;<\/p>\n","protected":false},"featured_media":6106,"template":"","meta":{"site-sidebar-layout":"default","site-content-layout":"","ast-site-content-layout":"default","site-content-style":"default","site-sidebar-style":"default","ast-global-header-display":"","ast-banner-title-visibility":"","ast-main-header-display":"","ast-hfb-above-header-display":"","ast-hfb-below-header-display":"","ast-hfb-mobile-header-display":"","site-post-title":"","ast-breadcrumbs-content":"","ast-featured-img":"","footer-sml-layout":"","theme-transparent-header-meta":"default","adv-header-id-meta":"","stick-header-meta":"","header-above-stick-meta":"","header-main-stick-meta":"","header-below-stick-meta":"","astra-migrate-meta-layouts":"set","ast-page-background-enabled":"default","ast-page-background-meta":{"desktop":{"background-color":"var(--ast-global-color-4)","background-image":"","background-repeat":"repeat","background-position":"center center","background-size":"auto","background-attachment":"scroll","background-type":"","background-media":"","overlay-type":"","overlay-color":"","overlay-opacity":"","overlay-gradient":""},"tablet":{"background-color":"","background-image":"","background-repeat":"repeat","background-position":"center center","background-size":"auto","background-attachment":"scroll","background-type":"","background-media":"","overlay-type":"","overlay-color":"","overlay-opacity":"","overlay-gradient":""},"mobile":{"background-color":"","background-image":"","background-repeat":"repeat","background-position":"center center","background-size":"auto","background-attachment":"scroll","background-type":"","background-media":"","overlay-type":"","overlay-color":"","overlay-opacity":"","overlay-gradient":""}},"ast-content-background-meta":{"desktop":{"background-color":"var(--ast-global-color-5)","background-image":"","background-repeat":"repeat","background-position":"center center","background-size":"auto","background-attachment":"scroll","background-type":"","background-media":"","overlay-type":"","overlay-color":"","overlay-opacity":"","overlay-gradient":""},"tablet":{"background-color":"var(--ast-global-color-5)","background-image":"","background-repeat":"repeat","background-position":"center center","background-size":"auto","background-attachment":"scroll","background-type":"","background-media":"","overlay-type":"","overlay-color":"","overlay-opacity":"","overlay-gradient":""},"mobile":{"background-color":"var(--ast-global-color-5)","background-image":"","background-repeat":"repeat","background-position":"center center","background-size":"auto","background-attachment":"scroll","background-type":"","background-media":"","overlay-type":"","overlay-color":"","overlay-opacity":"","overlay-gradient":""}}},"product_brand":[],"product_cat":[89],"product_tag":[],"class_list":{"0":"post-6105","1":"product","2":"type-product","3":"status-publish","4":"has-post-thumbnail","6":"product_cat-prasa-do-zlomu","7":"desktop-align-left","8":"tablet-align-left","9":"mobile-align-left","11":"first","12":"instock","13":"shipping-taxable","14":"product-type-simple"},"_links":{"self":[{"href":"https:\/\/www.unitetopbalermachine.com\/pl\/wp-json\/wp\/v2\/product\/6105","targetHints":{"allow":["GET"]}}],"collection":[{"href":"https:\/\/www.unitetopbalermachine.com\/pl\/wp-json\/wp\/v2\/product"}],"about":[{"href":"https:\/\/www.unitetopbalermachine.com\/pl\/wp-json\/wp\/v2\/types\/product"}],"wp:featuredmedia":[{"embeddable":true,"href":"https:\/\/www.unitetopbalermachine.com\/pl\/wp-json\/wp\/v2\/media\/6106"}],"wp:attachment":[{"href":"https:\/\/www.unitetopbalermachine.com\/pl\/wp-json\/wp\/v2\/media?parent=6105"}],"wp:term":[{"taxonomy":"product_brand","embeddable":true,"href":"https:\/\/www.unitetopbalermachine.com\/pl\/wp-json\/wp\/v2\/product_brand?post=6105"},{"taxonomy":"product_cat","embeddable":true,"href":"https:\/\/www.unitetopbalermachine.com\/pl\/wp-json\/wp\/v2\/product_cat?post=6105"},{"taxonomy":"product_tag","embeddable":true,"href":"https:\/\/www.unitetopbalermachine.com\/pl\/wp-json\/wp\/v2\/product_tag?post=6105"}],"curies":[{"name":"wp","href":"https:\/\/api.w.org\/{rel}","templated":true}]}}