{"id":12748,"date":"2025-03-13T01:06:24","date_gmt":"2025-03-13T01:06:24","guid":{"rendered":"https:\/\/www.unitetopbalermachine.com\/product\/wytrzymala-hydrauliczna-maszyna-do-belowania-zlomu-hbs\/"},"modified":"2025-07-28T02:05:24","modified_gmt":"2025-07-28T02:05:24","slug":"wytrzymala-hydrauliczna-maszyna-do-belowania-zlomu-hbs","status":"publish","type":"product","link":"https:\/\/www.unitetopbalermachine.com\/pl\/wytrzymala-hydrauliczna-maszyna-do-belowania-zlomu.html","title":{"rendered":"Wytrzyma\u0142a hydrauliczna maszyna do belowania z\u0142omu"},"content":{"rendered":"<h2>Opis produktu<\/h2>\n<p>Te hydrauliczne no\u017cyce do z\u0142omu idealnie nadaj\u0105 si\u0119 do przetwarzania r\u00f3\u017cnych rodzaj\u00f3w materia\u0142\u00f3w z\u0142omowych, co czyni je niezb\u0119dnymi urz\u0105dzeniami w zak\u0142adach recyklingu metali, hutach stali i przemys\u0142owych sk\u0142adowiskach z\u0142omu.<\/p>\n<p>Maszyna dzia\u0142a na zasadzie prasowania kawa\u0142k\u00f3w metalu w dw\u00f3ch lub trzech wymiarach za pomoc\u0105 pokrywy prasuj\u0105cej, skrzyd\u0142a i popychacza podaj\u0105cego, a nast\u0119pnie ci\u0119cia lub \u0142amania ich na \u0142atwe do obr\u00f3bki rozmiary.<\/p>\n<h3>G\u0142\u00f3wne mo\u017cliwo\u015bci:<\/h3>\n<p><strong>Wst\u0119pne kompresowanie i ci\u0119cie z\u0142omu<\/strong><br \/>\nDu\u017ce materia\u0142y z\u0142omowe s\u0105 skutecznie zag\u0119szczane przed ci\u0119ciem, co maksymalizuje wydajno\u015b\u0107 przetwarzania i zmniejsza obj\u0119to\u015b\u0107 materia\u0142u, u\u0142atwiaj\u0105c jego przenoszenie i transport.<\/p>\n<p><strong>Pr\u0119ty i profile ci\u0119te<\/strong><br \/>\nMetalowe pr\u0119ty, belki i profile konstrukcyjne s\u0105 precyzyjnie ci\u0119te na r\u00f3wne d\u0142ugo\u015bci, co zapewnia czyste i dok\u0142adne ci\u0119cia w celu dalszego recyklingu lub ponownego wykorzystania.<\/p>\n<p><strong>Lekki z\u0142om w opakowaniu<\/strong><br \/>\nLekkie materia\u0142y z\u0142omowe s\u0105 zag\u0119szczane w celu zwi\u0119kszenia wydajno\u015bci magazynowania i logistyki, co zwi\u0119ksza g\u0119sto\u015b\u0107 z\u0142omu, a tym samym czyni transport bardziej op\u0142acalnym.<\/p>\n<p><strong>Wyciskanie i ci\u0119cie karoserii samochodowych<\/strong><br \/>\nDu\u017ce z\u0142omowanie samochodowe jest skutecznie prasowane i ci\u0119te, co u\u0142atwia proces recyklingu poprzez rozdrabnianie konstrukcji pojazd\u00f3w na mniejsze, \u0142atwiejsze w obs\u0142udze cz\u0119\u015bci.<\/p>\n<h2>Dane techniczne<\/h2>\n<table>\n<tbody>\n<tr>\n<td rowspan=\"2\" width=\"13.1800%\">Model<\/td>\n<td width=\"14.9200%\">Maksymalna si\u0142a ci\u0119cia<\/td>\n<td width=\"13.0800%\">Otw\u00f3r podawania<\/td>\n<td width=\"10.5600%\">Rozmiar beli<\/td>\n<td width=\"10.1800%\">D\u0142ugo\u015b\u0107 ostrza<\/td>\n<td width=\"12.8800%\">Tempo produkcji<\/td>\n<td width=\"14.3000%\">Cz\u0119stotliwo\u015b\u0107 ci\u0119cia<\/td>\n<td width=\"10.8000%\">Silnik g\u0142\u00f3wny<\/td>\n<\/tr>\n<tr>\n<td width=\"14.9200%\">(tona)<\/td>\n<td width=\"13.0800%\">(mm)<\/td>\n<td width=\"10.5600%\">(mm)<\/td>\n<td width=\"10.1800%\">(mm)<\/td>\n<td width=\"12.8800%\">(tona\/godz.)<\/td>\n<td width=\"14.3000%\">(razy\/min)<\/td>\n<td width=\"10.8000%\">(kW)<\/td>\n<\/tr>\n<tr>\n<td width=\"13.1800%\">LT-HBS-500<\/td>\n<td width=\"14.9200%\">500<\/td>\n<td width=\"13.0800%\">4800\u00d72240<\/td>\n<td width=\"10.5600%\">650\u00d7550<\/td>\n<td width=\"10.1800%\">750<\/td>\n<td width=\"12.8800%\">5.5-15<\/td>\n<td rowspan=\"2\" width=\"14.3000%\">3-4<\/td>\n<td width=\"10.8000%\">(2+1)\u00d790<\/td>\n<\/tr>\n<tr>\n<td width=\"13.1800%\">LT-HBS-630<\/td>\n<td width=\"14.9200%\">600<\/td>\n<td width=\"13.0800%\">6000\u00d72500<\/td>\n<td width=\"10.5600%\">720\u00d7650<\/td>\n<td width=\"10.1800%\">880<\/td>\n<td width=\"12.8800%\">8.0-22.0<\/td>\n<td width=\"10.8000%\">(3+1)\u00d790<\/td>\n<\/tr>\n<\/tbody>\n<\/table>\n","protected":false},"excerpt":{"rendered":"<p>Nasza wytrzyma\u0142a hydrauliczna prasa do belowania z\u0142omu zapewnia wysok\u0105 wydajno\u015b\u0107 przetwarzania r\u00f3\u017cnego rodzaju z\u0142omu metalowego dzi\u0119ki mocnym mechanizmom wst\u0119pnego \u015bciskania i ci\u0119cia.<\/p>\n<p>Skutecznie radzi sobie z r\u00f3\u017cnorodnymi materia\u0142ami, od pr\u0119t\u00f3w i profili po karoserie samochodowe, zapewniaj\u0105c precyzyjne i r\u00f3wnomierne ci\u0119cie. Wytrzyma\u0142y uk\u0142ad hydrauliczny zapewnia du\u017c\u0105 si\u0142\u0119 ci\u0119cia, umo\u017cliwiaj\u0105c szybk\u0105 i niezawodn\u0105 prac\u0119, a jednocze\u015bnie redukuj\u0105c obj\u0119to\u015b\u0107 materia\u0142u, co u\u0142atwia jego przenoszenie.<\/p>\n<p>Dzi\u0119ki automatycznemu sterowaniu i trwa\u0142ej konstrukcji urz\u0105dzenie zwi\u0119ksza wydajno\u015b\u0107 i gwarantuje d\u0142ugotrwa\u0142\u0105 sprawno\u015b\u0107 w wymagaj\u0105cych zastosowaniach zwi\u0105zanych z recyklingiem z\u0142omu.<\/p>\n<ul>\n<li>Pot\u0119\u017cna hydrauliczna si\u0142a ci\u0119cia<\/li>\n<li>Wytrzyma\u0142a i trwa\u0142a konstrukcja<\/li>\n<li>Wszechstronne przetwarzanie z\u0142omu<\/li>\n<li>Wydajno\u015b\u0107 produkcji od 5,5 do 22 ton na godzin\u0119<\/li>\n<\/ul>\n","protected":false},"featured_media":11143,"template":"","meta":{"site-sidebar-layout":"default","site-content-layout":"","ast-site-content-layout":"default","site-content-style":"default","site-sidebar-style":"default","ast-global-header-display":"","ast-banner-title-visibility":"","ast-main-header-display":"","ast-hfb-above-header-display":"","ast-hfb-below-header-display":"","ast-hfb-mobile-header-display":"","site-post-title":"","ast-breadcrumbs-content":"","ast-featured-img":"","footer-sml-layout":"","theme-transparent-header-meta":"default","adv-header-id-meta":"","stick-header-meta":"","header-above-stick-meta":"","header-main-stick-meta":"","header-below-stick-meta":"","astra-migrate-meta-layouts":"set","ast-page-background-enabled":"default","ast-page-background-meta":{"desktop":{"background-color":"var(--ast-global-color-4)","background-image":"","background-repeat":"repeat","background-position":"center center","background-size":"auto","background-attachment":"scroll","background-type":"","background-media":"","overlay-type":"","overlay-color":"","overlay-opacity":"","overlay-gradient":""},"tablet":{"background-color":"","background-image":"","background-repeat":"repeat","background-position":"center center","background-size":"auto","background-attachment":"scroll","background-type":"","background-media":"","overlay-type":"","overlay-color":"","overlay-opacity":"","overlay-gradient":""},"mobile":{"background-color":"","background-image":"","background-repeat":"repeat","background-position":"center center","background-size":"auto","background-attachment":"scroll","background-type":"","background-media":"","overlay-type":"","overlay-color":"","overlay-opacity":"","overlay-gradient":""}},"ast-content-background-meta":{"desktop":{"background-color":"var(--ast-global-color-5)","background-image":"","background-repeat":"repeat","background-position":"center center","background-size":"auto","background-attachment":"scroll","background-type":"","background-media":"","overlay-type":"","overlay-color":"","overlay-opacity":"","overlay-gradient":""},"tablet":{"background-color":"var(--ast-global-color-5)","background-image":"","background-repeat":"repeat","background-position":"center center","background-size":"auto","background-attachment":"scroll","background-type":"","background-media":"","overlay-type":"","overlay-color":"","overlay-opacity":"","overlay-gradient":""},"mobile":{"background-color":"var(--ast-global-color-5)","background-image":"","background-repeat":"repeat","background-position":"center center","background-size":"auto","background-attachment":"scroll","background-type":"","background-media":"","overlay-type":"","overlay-color":"","overlay-opacity":"","overlay-gradient":""}}},"product_brand":[],"product_cat":[90],"product_tag":[],"class_list":{"0":"post-12748","1":"product","2":"type-product","3":"status-publish","4":"has-post-thumbnail","6":"product_cat-nozyce-do-zlomu","7":"desktop-align-left","8":"tablet-align-left","9":"mobile-align-left","11":"first","12":"instock","13":"shipping-taxable","14":"product-type-simple"},"_links":{"self":[{"href":"https:\/\/www.unitetopbalermachine.com\/pl\/wp-json\/wp\/v2\/product\/12748","targetHints":{"allow":["GET"]}}],"collection":[{"href":"https:\/\/www.unitetopbalermachine.com\/pl\/wp-json\/wp\/v2\/product"}],"about":[{"href":"https:\/\/www.unitetopbalermachine.com\/pl\/wp-json\/wp\/v2\/types\/product"}],"wp:featuredmedia":[{"embeddable":true,"href":"https:\/\/www.unitetopbalermachine.com\/pl\/wp-json\/wp\/v2\/media\/11143"}],"wp:attachment":[{"href":"https:\/\/www.unitetopbalermachine.com\/pl\/wp-json\/wp\/v2\/media?parent=12748"}],"wp:term":[{"taxonomy":"product_brand","embeddable":true,"href":"https:\/\/www.unitetopbalermachine.com\/pl\/wp-json\/wp\/v2\/product_brand?post=12748"},{"taxonomy":"product_cat","embeddable":true,"href":"https:\/\/www.unitetopbalermachine.com\/pl\/wp-json\/wp\/v2\/product_cat?post=12748"},{"taxonomy":"product_tag","embeddable":true,"href":"https:\/\/www.unitetopbalermachine.com\/pl\/wp-json\/wp\/v2\/product_tag?post=12748"}],"curies":[{"name":"wp","href":"https:\/\/api.w.org\/{rel}","templated":true}]}}