{"id":12725,"date":"2025-03-13T01:05:19","date_gmt":"2025-03-13T01:05:19","guid":{"rendered":"https:\/\/www.unitetopbalermachine.com\/product\/maszyna-do-rozdrabniania-bel-zlomu-hydraulicznego-serii-cbj\/"},"modified":"2025-07-25T10:26:49","modified_gmt":"2025-07-25T10:26:49","slug":"maszyna-do-rozdrabniania-bel-zlomu-hydraulicznego-serii-cbj","status":"publish","type":"product","link":"https:\/\/www.unitetopbalermachine.com\/pl\/maszyna-do-rozdrabniania-bel-zlomu-hydraulicznego-serii-cbj.html","title":{"rendered":"Maszyna do rozdrabniania bel z\u0142omu hydraulicznego serii CBJ"},"content":{"rendered":"<h2>Wprowadzenie do produktu<\/h2>\n<p>Hydrauliczna maszyna do rozdrabniania bel z\u0142omu serii CBJ przeznaczona jest dla firm zajmuj\u0105cych si\u0119 odzyskiem metali, zak\u0142ad\u00f3w przetwarzaj\u0105cych z\u0142om stalowy, przedsi\u0119biorstw zajmuj\u0105cych si\u0119 wytopem i odlewnictwem. Jej celem jest poprawa jako\u015bci produkcji z\u0142omu \u017celaznego i stalowego oraz zapewnienie wysokiej jako\u015bci wykwalifikowanej produkcji wsadu przy u\u017cyciu profesjonalnego sprz\u0119tu.<\/p>\n<p>Hydrauliczna rozdrabniarka bel z\u0142omu serii CBJ, znana r\u00f3wnie\u017c jako maszyna do rozdrabniania blok\u00f3w pras, to nowa generacja profesjonalnego demonta\u017cu bel z\u0142omu, rodzaj urz\u0105dzenia testowego. Hydrauliczna rozdrabniarka bel z\u0142omu serii CBJ wykrywa zanieczyszczenia w bloku opakowania u\u017cytkownika, aby zapewni\u0107 zawarto\u015b\u0107 z\u0142omu stalowego, jako\u015b\u0107 produkt\u00f3w ze z\u0142omu stalowego i utrzyma\u0107 stabilno\u015b\u0107 rynku z\u0142omu stalowego. Hydrauliczna rozdrabniarka bel z\u0142omu serii CBJ jest szeroko stosowana w przemy\u015ble stalowym, hutniczym, hutnictwie, portowym i innych ga\u0142\u0119ziach przemys\u0142u.<\/p>\n<h3>Cechy<\/h3>\n<ul>\n<li>Maszyny do rozdrabniania bel z\u0142omu hydraulicznego serii CBJ wyst\u0119puj\u0105 w r\u00f3\u017cnych specyfikacjach i modelach, kt\u00f3re mog\u0105 spe\u0142ni\u0107 potrzeby r\u00f3\u017cnych klient\u00f3w.<\/li>\n<li>Mo\u017cna doda\u0107 r\u00f3\u017cnorodne maszyny zgodnie z wymaganiami klienta.<\/li>\n<li>Maszyny do rozdrabniania bel z\u0142omu hydraulicznego serii CBJ nie wymagaj\u0105 naprawy ani instalacji.<\/li>\n<li>Prosta obs\u0142uga PLC, du\u017ca stabilno\u015b\u0107, wysoki wsp\u00f3\u0142czynnik bezpiecze\u0144stwa, ca\u0142kowita separacja.<\/li>\n<li>Hydrauliczna rozdrabniarka do bel z\u0142omu serii CBJ charakteryzuje si\u0119 niskim poziomem ha\u0142asu i brakiem wibracji.<\/li>\n<li>Wysoki stopie\u0144 automatyzacji, wysoka produktywno\u015b\u0107.<\/li>\n<li>Podczas obs\u0142ugi hydraulicznej rozdrabniarki do bel z\u0142omu serii CBJ nie nale\u017cy naprawia\u0107 ani dotyka\u0107 ruchomych cz\u0119\u015bci, ani dociska\u0107 materia\u0142u w pojemniku r\u0119kami lub stopami.<\/li>\n<\/ul>\n<h3>Zasada dzia\u0142ania<\/h3>\n<p>Hydrauliczna prasa do bel z\u0142omu serii CBJ wykorzystuje hydrauliczn\u0105 pomp\u0119 t\u0142okow\u0105 do dostarczania oleju do zintegrowanego obiegu olejowego, kt\u00f3ry nast\u0119pnie, za pomoc\u0105 rozdzielonego zaworu r\u0119cznego, przesy\u0142a olej do si\u0142ownika hydraulicznego, generuj\u0105c w ten spos\u00f3b moc. W zale\u017cno\u015bci od warunk\u00f3w, ci\u015bnienie mo\u017cna regulowa\u0107 do wymaganego poziomu (manometr wskazuje warto\u015b\u0107). Aby rozdzieli\u0107 pras\u0119 hydrauliczn\u0105, nale\u017cy chwyci\u0107 manipulator hydrauliczny i \u015bcisn\u0105\u0107 go. Nast\u0119pnie, za pomoc\u0105 wielokrotnej dekompozycji, rozdzieli\u0107 bele.<\/p>\n<h3>G\u0142\u00f3wne sk\u0142adniki<\/h3>\n<p>Hydrauliczna maszyna do rozbijania bel z\u0142omu serii CBJ sk\u0142ada si\u0119 z silnika, zbiornika oleju, pompy olejowej, manipulatora, belki motylkowej, uk\u0142adu hydraulicznego i silnika g\u0142\u00f3wnego.<\/p>\n<table class=\"table0313\">\n<tbody>\n<tr>\n<td><img fetchpriority=\"high\" decoding=\"async\" class=\"alignnone size-full wp-image-11224\" src=\"https:\/\/www.unitetopbalermachine.com\/wp-content\/uploads\/2025\/03\/Scrap-Bale-Breaker.jpg\" alt=\"Rozbijarka bel z\u0142omu\" width=\"600\" height=\"337\" srcset=\"https:\/\/www.unitetopbalermachine.com\/wp-content\/uploads\/2025\/03\/Scrap-Bale-Breaker.jpg 600w, https:\/\/www.unitetopbalermachine.com\/wp-content\/uploads\/2025\/03\/Scrap-Bale-Breaker-300x169.jpg 300w\" sizes=\"(max-width: 600px) 100vw, 600px\" \/><\/td>\n<td>1. \u0141atwiejsze rozpakowanie<br \/>\nW hydraulicznych rozdrabniaczach bel z\u0142omu serii CBJ zastosowano bardziej naukow\u0105 konstrukcj\u0119 haka i pazura. Pazury haka lepiej wcinaj\u0105 si\u0119 w opakowanie, dzi\u0119ki czemu rozpakowywanie jest \u0142atwiejsze.<\/td>\n<\/tr>\n<tr>\n<td>2. Wymienne ostrze g\u0142owicy pazura<br \/>\nW g\u0142owicy pazura zastosowano wymienne ostrze ze stali stopowej o wysokiej wytrzyma\u0142o\u015bci, co zwi\u0119ksza odporno\u015b\u0107 na zu\u017cycie i wyd\u0142u\u017ca \u017cywotno\u015b\u0107 pazura haka.<\/td>\n<td><img decoding=\"async\" class=\"alignnone size-full wp-image-11236\" src=\"https:\/\/www.unitetopbalermachine.com\/wp-content\/uploads\/2025\/03\/Scrap-Bale-Breaker-Claw-Head-Blade.jpg\" alt=\"Ostrze g\u0142owicy pazura rozdrabniacza bel z\u0142omu\" width=\"600\" height=\"329\" srcset=\"https:\/\/www.unitetopbalermachine.com\/wp-content\/uploads\/2025\/03\/Scrap-Bale-Breaker-Claw-Head-Blade.jpg 600w, https:\/\/www.unitetopbalermachine.com\/wp-content\/uploads\/2025\/03\/Scrap-Bale-Breaker-Claw-Head-Blade-300x165.jpg 300w\" sizes=\"(max-width: 600px) 100vw, 600px\" \/><\/td>\n<\/tr>\n<tr>\n<td><img decoding=\"async\" class=\"alignnone size-full wp-image-11248\" src=\"https:\/\/www.unitetopbalermachine.com\/wp-content\/uploads\/2025\/03\/Scrap-Bale-Breaker-Machine-Guide-Rail.jpg\" alt=\"Szyna prowadz\u0105ca maszyny do rozdrabniania bel z\u0142omu\" width=\"600\" height=\"324\" srcset=\"https:\/\/www.unitetopbalermachine.com\/wp-content\/uploads\/2025\/03\/Scrap-Bale-Breaker-Machine-Guide-Rail.jpg 600w, https:\/\/www.unitetopbalermachine.com\/wp-content\/uploads\/2025\/03\/Scrap-Bale-Breaker-Machine-Guide-Rail-300x162.jpg 300w\" sizes=\"(max-width: 600px) 100vw, 600px\" \/><\/td>\n<td>3. Konstrukcja odporna na zu\u017cycie kluczowych cz\u0119\u015bci, szyny prowadz\u0105cej<br \/>\nZgodnie z charakterystyk\u0105 zu\u017cycia szyny prowadz\u0105cej i innych istotnych cz\u0119\u015bci ramy, na ramie zamontowano p\u0142yt\u0119 ze stali stopowej o wysokiej wytrzyma\u0142o\u015bci i odporno\u015bci na zu\u017cycie.<\/td>\n<\/tr>\n<\/tbody>\n<\/table>\n<h2>Dane techniczne<\/h2>\n<table class=\"border:0 !important;\">\n<tbody>\n<tr>\n<td><strong>Model<\/strong><\/td>\n<td><strong>Ci\u015bnienie nominalne (tony)<\/strong><\/td>\n<td><strong>Rozmiar wyjmowanej beli (mm)<\/strong><\/td>\n<td><strong>Moc (kW)<\/strong><\/td>\n<\/tr>\n<tr>\n<td>CBJ-1200<\/td>\n<td>120<\/td>\n<td>\u2264 600 x 600<\/td>\n<td>18.5<\/td>\n<\/tr>\n<tr>\n<td>CBJ-1600<\/td>\n<td>160<\/td>\n<td>\u2264 800 x 800<\/td>\n<td>22<\/td>\n<\/tr>\n<tr>\n<td>CBJ-3150<\/td>\n<td>315<\/td>\n<td>\u2264 800 x 800<\/td>\n<td>45<\/td>\n<\/tr>\n<\/tbody>\n<\/table>\n<h2>Aplikacje<\/h2>\n<p><img loading=\"lazy\" decoding=\"async\" class=\"alignnone size-full wp-image-11430\" src=\"https:\/\/www.unitetopbalermachine.com\/wp-content\/uploads\/2025\/03\/Hydraulic-Scrap-Bale-Breaker-Machine-Applications.jpg\" alt=\"Zastosowania hydraulicznej maszyny do rozbijania bel z\u0142omu\" width=\"1200\" height=\"202\" srcset=\"https:\/\/www.unitetopbalermachine.com\/wp-content\/uploads\/2025\/03\/Hydraulic-Scrap-Bale-Breaker-Machine-Applications.jpg 1200w, https:\/\/www.unitetopbalermachine.com\/wp-content\/uploads\/2025\/03\/Hydraulic-Scrap-Bale-Breaker-Machine-Applications-300x51.jpg 300w, https:\/\/www.unitetopbalermachine.com\/wp-content\/uploads\/2025\/03\/Hydraulic-Scrap-Bale-Breaker-Machine-Applications-1024x172.jpg 1024w, https:\/\/www.unitetopbalermachine.com\/wp-content\/uploads\/2025\/03\/Hydraulic-Scrap-Bale-Breaker-Machine-Applications-768x129.jpg 768w, https:\/\/www.unitetopbalermachine.com\/wp-content\/uploads\/2025\/03\/Hydraulic-Scrap-Bale-Breaker-Machine-Applications-600x101.jpg 600w\" sizes=\"(max-width: 1200px) 100vw, 1200px\" \/><\/p>\n<h2>Dostawcy kooperatywni<\/h2>\n<p><img loading=\"lazy\" decoding=\"async\" class=\"alignnone size-full wp-image-1707\" src=\"https:\/\/www.unitetopbalermachine.com\/wp-content\/uploads\/2024\/05\/COOPERATIVE-SUPPLIERS.jpg\" alt=\"DOSTAWCY SP\u00d3\u0141DZIELNI\" width=\"1200\" height=\"300\" srcset=\"https:\/\/www.unitetopbalermachine.com\/wp-content\/uploads\/2024\/05\/COOPERATIVE-SUPPLIERS.jpg 1200w, https:\/\/www.unitetopbalermachine.com\/wp-content\/uploads\/2024\/05\/COOPERATIVE-SUPPLIERS-600x150.jpg 600w, https:\/\/www.unitetopbalermachine.com\/wp-content\/uploads\/2024\/05\/COOPERATIVE-SUPPLIERS-300x75.jpg 300w, https:\/\/www.unitetopbalermachine.com\/wp-content\/uploads\/2024\/05\/COOPERATIVE-SUPPLIERS-1024x256.jpg 1024w, https:\/\/www.unitetopbalermachine.com\/wp-content\/uploads\/2024\/05\/COOPERATIVE-SUPPLIERS-768x192.jpg 768w\" sizes=\"(max-width: 1200px) 100vw, 1200px\" \/><\/p>\n<h2>Obejrzyj w akcji hydrauliczn\u0105 rozdrabniark\u0119 do bel z\u0142omu serii CBJ!<\/h2>\n<div class=\"ast-oembed-container \" style=\"height: 100%;\"><iframe title=\"CBJ Series hydraulic scrap bale breaker machine\" width=\"500\" height=\"281\" src=\"https:\/\/www.youtube.com\/embed\/HTI9-rj-4lY?feature=oembed\" frameborder=\"0\" allow=\"accelerometer; autoplay; clipboard-write; encrypted-media; gyroscope; picture-in-picture; web-share\" referrerpolicy=\"strict-origin-when-cross-origin\" allowfullscreen><\/iframe><\/div>\n<style>.table0313{border:none;}.table0313 td{border:none;}<\/style>\n","protected":false},"excerpt":{"rendered":"<p>Hydrauliczna kruszarka do bel z\u0142omu serii CBJ poprawia jako\u015b\u0107 z\u0142omu w zak\u0142adach odzysku metali, hutach i hutach, pe\u0142ni\u0105c funkcj\u0119 profesjonalnej maszyny do demonta\u017cu i testowania.<\/p>\n<p><strong>Funkcja:<\/strong> Hydrauliczna maszyna do rozdrabniania bel z\u0142omu serii CBJ zosta\u0142a zaprojektowana specjalnie do rozdrabniania bel uzyskanych ze zu\u017cytych pojazd\u00f3w lub z\u0142omu stalowego.<\/p>\n<p><strong>Wymagania dotycz\u0105ce bloku bel z\u0142omu:<\/strong> maksymalne wymiary 2000 mm (d\u0142.) \u00d7 800 mm (szer.) \u00d7 800 mm (wys.) przy g\u0119sto\u015bci nieprzekraczaj\u0105cej 2,5 tony\/m\u00b3.<\/p>\n<ul>\n<li>Mocny uk\u0142ad hydrauliczny<\/li>\n<li>Zmniejsza koszty pracy<\/li>\n<li>Obs\u0142uguje r\u00f3\u017cne rozmiary bel<\/li>\n<li>Ci\u015bnienie nominalne: 120~315 ton<\/li>\n<\/ul>\n","protected":false},"featured_media":11399,"template":"","meta":{"site-sidebar-layout":"default","site-content-layout":"","ast-site-content-layout":"default","site-content-style":"default","site-sidebar-style":"default","ast-global-header-display":"","ast-banner-title-visibility":"","ast-main-header-display":"","ast-hfb-above-header-display":"","ast-hfb-below-header-display":"","ast-hfb-mobile-header-display":"","site-post-title":"","ast-breadcrumbs-content":"","ast-featured-img":"","footer-sml-layout":"","theme-transparent-header-meta":"default","adv-header-id-meta":"","stick-header-meta":"","header-above-stick-meta":"","header-main-stick-meta":"","header-below-stick-meta":"","astra-migrate-meta-layouts":"set","ast-page-background-enabled":"default","ast-page-background-meta":{"desktop":{"background-color":"var(--ast-global-color-4)","background-image":"","background-repeat":"repeat","background-position":"center center","background-size":"auto","background-attachment":"scroll","background-type":"","background-media":"","overlay-type":"","overlay-color":"","overlay-opacity":"","overlay-gradient":""},"tablet":{"background-color":"","background-image":"","background-repeat":"repeat","background-position":"center center","background-size":"auto","background-attachment":"scroll","background-type":"","background-media":"","overlay-type":"","overlay-color":"","overlay-opacity":"","overlay-gradient":""},"mobile":{"background-color":"","background-image":"","background-repeat":"repeat","background-position":"center center","background-size":"auto","background-attachment":"scroll","background-type":"","background-media":"","overlay-type":"","overlay-color":"","overlay-opacity":"","overlay-gradient":""}},"ast-content-background-meta":{"desktop":{"background-color":"var(--ast-global-color-5)","background-image":"","background-repeat":"repeat","background-position":"center center","background-size":"auto","background-attachment":"scroll","background-type":"","background-media":"","overlay-type":"","overlay-color":"","overlay-opacity":"","overlay-gradient":""},"tablet":{"background-color":"var(--ast-global-color-5)","background-image":"","background-repeat":"repeat","background-position":"center center","background-size":"auto","background-attachment":"scroll","background-type":"","background-media":"","overlay-type":"","overlay-color":"","overlay-opacity":"","overlay-gradient":""},"mobile":{"background-color":"var(--ast-global-color-5)","background-image":"","background-repeat":"repeat","background-position":"center center","background-size":"auto","background-attachment":"scroll","background-type":"","background-media":"","overlay-type":"","overlay-color":"","overlay-opacity":"","overlay-gradient":""}}},"product_brand":[],"product_cat":[187],"product_tag":[],"class_list":{"0":"post-12725","1":"product","2":"type-product","3":"status-publish","4":"has-post-thumbnail","6":"product_cat-maszyna-do-rozbijania-bel-zlomu","7":"desktop-align-left","8":"tablet-align-left","9":"mobile-align-left","11":"first","12":"instock","13":"shipping-taxable","14":"product-type-simple"},"_links":{"self":[{"href":"https:\/\/www.unitetopbalermachine.com\/pl\/wp-json\/wp\/v2\/product\/12725","targetHints":{"allow":["GET"]}}],"collection":[{"href":"https:\/\/www.unitetopbalermachine.com\/pl\/wp-json\/wp\/v2\/product"}],"about":[{"href":"https:\/\/www.unitetopbalermachine.com\/pl\/wp-json\/wp\/v2\/types\/product"}],"wp:featuredmedia":[{"embeddable":true,"href":"https:\/\/www.unitetopbalermachine.com\/pl\/wp-json\/wp\/v2\/media\/11399"}],"wp:attachment":[{"href":"https:\/\/www.unitetopbalermachine.com\/pl\/wp-json\/wp\/v2\/media?parent=12725"}],"wp:term":[{"taxonomy":"product_brand","embeddable":true,"href":"https:\/\/www.unitetopbalermachine.com\/pl\/wp-json\/wp\/v2\/product_brand?post=12725"},{"taxonomy":"product_cat","embeddable":true,"href":"https:\/\/www.unitetopbalermachine.com\/pl\/wp-json\/wp\/v2\/product_cat?post=12725"},{"taxonomy":"product_tag","embeddable":true,"href":"https:\/\/www.unitetopbalermachine.com\/pl\/wp-json\/wp\/v2\/product_tag?post=12725"}],"curies":[{"name":"wp","href":"https:\/\/api.w.org\/{rel}","templated":true}]}}