{"id":12709,"date":"2025-03-13T01:05:47","date_gmt":"2025-03-13T01:05:47","guid":{"rendered":"https:\/\/www.unitetopbalermachine.com\/product\/linie-do-niszczenia-zlomu-serii-psx\/"},"modified":"2026-03-18T10:35:00","modified_gmt":"2026-03-18T10:35:00","slug":"linie-do-niszczenia-zlomu-serii-psx","status":"publish","type":"product","link":"https:\/\/www.unitetopbalermachine.com\/pl\/linie-do-niszczenia-zlomu-serii-psx.html","title":{"rendered":"Linie do niszczenia z\u0142omu serii PSX"},"content":{"rendered":"<h2>Cechy<\/h2>\n<p>1. Wyposa\u017cone w systemy redukcji py\u0142u, ha\u0142asu i ch\u0142odzenia, aby spe\u0142ni\u0107 mi\u0119dzy innymi normy \u015brodowiskowe projektu.<\/p>\n<p>2. Aby spe\u0142ni\u0107 wymagania dotycz\u0105ce bezpiecznej i efektywnej produkcji, system mo\u017ce zosta\u0107 wyposa\u017cony w kompleksowy system monitoringu wideo, zautomatyzowany zintegrowany system sterowania oraz zdalny system obs\u0142ugi i konserwacji.<\/p>\n<p>3. Elementy wyposa\u017cenia s\u0105 wszechstronne i \u0142atwe w konserwacji, a g\u0142\u00f3wna struktura urz\u0105dzenia wyr\u00f3\u017cnia si\u0119 niezale\u017cn\u0105 konstrukcj\u0105.<\/p>\n<p>4. Konstrukcja podaj\u0105ca p\u0142yt\u0119 \u0142a\u0144cuchow\u0105, jej ruch i wydajno\u015b\u0107 operacyjna s\u0105 udoskonalone dzi\u0119ki silnikowi hydraulicznemu o du\u017cym momencie obrotowym, kt\u00f3ry nap\u0119dza rolk\u0119 napinaj\u0105c\u0105. Zu\u017cywa on r\u00f3wnie\u017c mniej energii.<\/p>\n<h2>Dane techniczne<\/h2>\n<table>\n<tbody>\n<tr>\n<td>Model<\/td>\n<td>&nbsp;<\/p>\n<p>Szeroko\u015b\u0107 otworu podaj\u0105cego (mm)<\/p>\n<p>&nbsp;<\/td>\n<td>&nbsp;<\/p>\n<p>Moc maszyny (kW\/KM)<\/td>\n<td>&nbsp;<\/p>\n<p>Wydajno\u015b\u0107 (t\/h)<\/td>\n<\/tr>\n<tr>\n<td>PSX-90<\/td>\n<td>1000<\/td>\n<td>90 (120)<\/td>\n<td>2-3<\/td>\n<\/tr>\n<tr>\n<td>PSX-160<\/td>\n<td>1200<\/td>\n<td>160(212)<\/td>\n<td>4-6<\/td>\n<\/tr>\n<tr>\n<td>PSX-400<\/td>\n<td>1400<\/td>\n<td>400(535)<\/td>\n<td>6-10<\/td>\n<\/tr>\n<tr>\n<td>PSX-500<\/td>\n<td>1600<\/td>\n<td>500(670)<\/td>\n<td>12-18<\/td>\n<\/tr>\n<tr>\n<td>PSX-700<\/td>\n<td rowspan=\"3\">2200<\/td>\n<td>750(1000)<\/td>\n<td>15-20<\/td>\n<\/tr>\n<tr>\n<td>PSX-900<\/td>\n<td>900(1200)<\/td>\n<td>20-25<\/td>\n<\/tr>\n<tr>\n<td>PSX-1200<\/td>\n<td>1200(1600)<\/td>\n<td>25-30<\/td>\n<\/tr>\n<tr>\n<td>PSX-1500<\/td>\n<td>2500<\/td>\n<td>1500(2000)<\/td>\n<td>30-50<\/td>\n<\/tr>\n<tr>\n<td>PSX-2250<\/td>\n<td><\/td>\n<td>2250(3000)<\/td>\n<td>50-70<\/td>\n<\/tr>\n<\/tbody>\n<\/table>\n<h2>Konkretny proces operacyjny<\/h2>\n<p><strong>1. Karmienie i wst\u0119pne sortowanie<\/strong><br \/>\nZ\u0142om, w tym z\u0142omowane karoserie samochodowe, blacha bia\u0142a i stare urz\u0105dzenia gospodarstwa domowego, jest podawany do rozdrabniacza za pomoc\u0105 przeno\u015bnika ta\u015bmowego lub chwytaka. Du\u017ce lub niebezpieczne materia\u0142y s\u0105 wst\u0119pnie sortowane r\u0119cznie lub mechanicznie, aby zapewni\u0107 bezpieczne przetwarzanie i unikn\u0105\u0107 uszkodzenia sprz\u0119tu.<\/p>\n<p><strong>2. Rozdrabnianie wst\u0119pne<\/strong><br \/>\nZ\u0142om jest kierowany do komory rozdrabniaj\u0105cej, gdzie szybko obracaj\u0105ce si\u0119 m\u0142oty krusz\u0105 i rozrywaj\u0105 materia\u0142. Si\u0142a uderzenia rozbija z\u0142om na mniejsze fragmenty, jednocze\u015bnie usuwaj\u0105c pow\u0142oki i zanieczyszczenia powierzchniowe.<\/p>\n<p><strong>3. Separacja magnetyczna<\/strong><br \/>\nPo rozdrobnieniu, przetworzony z\u0142om przechodzi przez wydajny separator magnetyczny. Ten etap skutecznie oddziela materia\u0142y \u017celazne od element\u00f3w nie\u017celaznych, zapewniaj\u0105c, \u017ce z\u0142om stalowy spe\u0142nia wymagania czysto\u015bci wymagane w procesie produkcji stali.<\/p>\n<p><strong>4. Optymalizacja g\u0119sto\u015bci i rozmiaru<\/strong><br \/>\nRozdrobniony materia\u0142 poddawany jest dalszej obr\u00f3bce w celu zwi\u0119kszenia jego g\u0119sto\u015bci i jednorodno\u015bci. Dodatkowe mechanizmy walcowania lub prasowania mog\u0105 by\u0107 stosowane w celu uzyskania wymaganego ci\u0119\u017caru w\u0142a\u015bciwego, dzi\u0119ki czemu z\u0142om jest bardziej odpowiedni do za\u0142adunku w piecu.<\/p>\n<p><strong>5. Zbieranie kurzu i pozosta\u0142o\u015bci<\/strong><br \/>\nZaawansowany system odpylania wychwytuje drobne cz\u0105steczki i zanieczyszczenia powstaj\u0105ce podczas niszczenia dokument\u00f3w, zapewniaj\u0105c zgodno\u015b\u0107 z przepisami ochrony \u015brodowiska i zapobiegaj\u0105c zagro\u017ceniom w miejscu pracy. Lekkie materia\u0142y, takie jak tworzywa sztuczne, pianki i resztki tkanin, s\u0105 oddzielane i usuwane.<\/p>\n<p><strong>6. Sortowanie metali nie\u017celaznych<\/strong><br \/>\nDzi\u0119ki separatorom wiropr\u0105dowym i klasyfikatorom powietrznym metale nie\u017celazne, takie jak aluminium i mied\u017a, s\u0105 oddzielane od rozdrobnionego z\u0142omu, co pozwala na maksymalny odzysk materia\u0142u i redukcj\u0119 odpad\u00f3w.<\/p>\n<p><strong>7. Wyj\u015bcie i przechowywanie<\/strong><br \/>\nOstatecznie przetworzony z\u0142om trafia na przeno\u015bnik ta\u015bmowy w celu jego odbioru i sk\u0142adowania. Wysokiej jako\u015bci z\u0142om stalowy, wolny od zanieczyszcze\u0144 i o jednorodnej g\u0119sto\u015bci, jest gotowy do bezpo\u015bredniego wykorzystania w piecach elektrycznych lub do dalszych proces\u00f3w rafinacji.<\/p>\n<p><strong>8. Kontrola jako\u015bci i inspekcja<\/strong><br \/>\nPrzed wysy\u0142k\u0105 lub za\u0142adunkiem do pieca, rozdrobniony z\u0142om poddawany jest kontroli jako\u015bci. Monitorowane s\u0105 parametry takie jak g\u0119sto\u015b\u0107, czysto\u015b\u0107 i poziom zanieczyszcze\u0144, aby spe\u0142ni\u0107 specyfikacje huty dotycz\u0105ce \u201emateria\u0142u drobnego do pieca\u201d.<\/p>\n","protected":false},"excerpt":{"rendered":"<p>Nasza seria linii do rozdrabniania z\u0142omu PSX zosta\u0142a stworzona w celu przekszta\u0142cania materia\u0142\u00f3w odpadowych, takich jak puste puszki, blachy, karoserie samochodowe i urz\u0105dzenia, w wysokiej jako\u015bci stal.<\/p>\n<p>Dzi\u0119ki rozdrabnianiu maszyna usuwa pow\u0142ok\u0119, zwi\u0119ksza g\u0119sto\u015b\u0107 materia\u0142\u00f3w i ich zdolno\u015b\u0107 rozpuszczania, a tak\u017ce zapobiega ich eksplozji, co pozwala na uzyskanie dobrych wsad\u00f3w do piec\u00f3w hutniczych.<\/p>\n<ul>\n<li>Rolka nap\u0119dzana hydraulicznie<\/li>\n<li>System Ochrony \u015arodowiska<\/li>\n<li>Automatyczne zdalne sterowanie<\/li>\n<li>\u0141atwa konserwacja<\/li>\n<li>Wydajno\u015b\u0107 produkcji od 2 do 70 ton na godzin\u0119<\/li>\n<\/ul>\n","protected":false},"featured_media":11339,"template":"","meta":{"site-sidebar-layout":"default","site-content-layout":"","ast-site-content-layout":"default","site-content-style":"default","site-sidebar-style":"default","ast-global-header-display":"","ast-banner-title-visibility":"","ast-main-header-display":"","ast-hfb-above-header-display":"","ast-hfb-below-header-display":"","ast-hfb-mobile-header-display":"","site-post-title":"","ast-breadcrumbs-content":"","ast-featured-img":"","footer-sml-layout":"","theme-transparent-header-meta":"default","adv-header-id-meta":"","stick-header-meta":"","header-above-stick-meta":"","header-main-stick-meta":"","header-below-stick-meta":"","astra-migrate-meta-layouts":"set","ast-page-background-enabled":"default","ast-page-background-meta":{"desktop":{"background-color":"var(--ast-global-color-4)","background-image":"","background-repeat":"repeat","background-position":"center center","background-size":"auto","background-attachment":"scroll","background-type":"","background-media":"","overlay-type":"","overlay-color":"","overlay-opacity":"","overlay-gradient":""},"tablet":{"background-color":"","background-image":"","background-repeat":"repeat","background-position":"center center","background-size":"auto","background-attachment":"scroll","background-type":"","background-media":"","overlay-type":"","overlay-color":"","overlay-opacity":"","overlay-gradient":""},"mobile":{"background-color":"","background-image":"","background-repeat":"repeat","background-position":"center center","background-size":"auto","background-attachment":"scroll","background-type":"","background-media":"","overlay-type":"","overlay-color":"","overlay-opacity":"","overlay-gradient":""}},"ast-content-background-meta":{"desktop":{"background-color":"var(--ast-global-color-5)","background-image":"","background-repeat":"repeat","background-position":"center center","background-size":"auto","background-attachment":"scroll","background-type":"","background-media":"","overlay-type":"","overlay-color":"","overlay-opacity":"","overlay-gradient":""},"tablet":{"background-color":"var(--ast-global-color-5)","background-image":"","background-repeat":"repeat","background-position":"center center","background-size":"auto","background-attachment":"scroll","background-type":"","background-media":"","overlay-type":"","overlay-color":"","overlay-opacity":"","overlay-gradient":""},"mobile":{"background-color":"var(--ast-global-color-5)","background-image":"","background-repeat":"repeat","background-position":"center center","background-size":"auto","background-attachment":"scroll","background-type":"","background-media":"","overlay-type":"","overlay-color":"","overlay-opacity":"","overlay-gradient":""}}},"product_brand":[],"product_cat":[175],"product_tag":[],"class_list":{"0":"post-12709","1":"product","2":"type-product","3":"status-publish","4":"has-post-thumbnail","6":"product_cat-linie-do-niszczenia-zlomu","7":"desktop-align-left","8":"tablet-align-left","9":"mobile-align-left","11":"first","12":"instock","13":"shipping-taxable","14":"product-type-simple"},"_links":{"self":[{"href":"https:\/\/www.unitetopbalermachine.com\/pl\/wp-json\/wp\/v2\/product\/12709","targetHints":{"allow":["GET"]}}],"collection":[{"href":"https:\/\/www.unitetopbalermachine.com\/pl\/wp-json\/wp\/v2\/product"}],"about":[{"href":"https:\/\/www.unitetopbalermachine.com\/pl\/wp-json\/wp\/v2\/types\/product"}],"wp:featuredmedia":[{"embeddable":true,"href":"https:\/\/www.unitetopbalermachine.com\/pl\/wp-json\/wp\/v2\/media\/11339"}],"wp:attachment":[{"href":"https:\/\/www.unitetopbalermachine.com\/pl\/wp-json\/wp\/v2\/media?parent=12709"}],"wp:term":[{"taxonomy":"product_brand","embeddable":true,"href":"https:\/\/www.unitetopbalermachine.com\/pl\/wp-json\/wp\/v2\/product_brand?post=12709"},{"taxonomy":"product_cat","embeddable":true,"href":"https:\/\/www.unitetopbalermachine.com\/pl\/wp-json\/wp\/v2\/product_cat?post=12709"},{"taxonomy":"product_tag","embeddable":true,"href":"https:\/\/www.unitetopbalermachine.com\/pl\/wp-json\/wp\/v2\/product_tag?post=12709"}],"curies":[{"name":"wp","href":"https:\/\/api.w.org\/{rel}","templated":true}]}}