{"id":12690,"date":"2025-03-13T01:04:45","date_gmt":"2025-03-13T01:04:45","guid":{"rendered":"https:\/\/www.unitetopbalermachine.com\/product\/automatyczna-maszyna-do-rozdrabniania-metalu-serii-spj\/"},"modified":"2026-03-18T08:39:28","modified_gmt":"2026-03-18T08:39:28","slug":"automatyczna-maszyna-do-rozdrabniania-metalu-serii-spj","status":"publish","type":"product","link":"https:\/\/www.unitetopbalermachine.com\/pl\/automatyczna-maszyna-do-rozdrabniania-metalu-serii-spj.html","title":{"rendered":"Automatyczna maszyna do rozdrabniania metalu serii SPJ"},"content":{"rendered":"<h2>Szczeg\u00f3\u0142y produktu<\/h2>\n<p>Rozdrabniacz do metalu to niezwykle wszechstronne i wielofunkcyjne urz\u0105dzenie, zaprojektowane w oparciu o znormalizowan\u0105 konstrukcj\u0119 modu\u0142ow\u0105, kt\u00f3ra zapewnia doskona\u0142\u0105 wymienno\u015b\u0107 cz\u0119\u015bci. Wyposa\u017cony jest w ostrza pomocnicze wykonane z precyzyjnie kutej stali, co zwi\u0119ksza jego trwa\u0142o\u015b\u0107 i wydajno\u015b\u0107 ci\u0119cia. <\/p>\n<p>Jej g\u0142\u00f3wnym zadaniem jest rozdrabnianie i zgniatanie du\u017cych element\u00f3w metalowych, w tym ponadgabarytowych beczek i niepor\u0119cznych odpad\u00f3w metalowych, dzi\u0119ki czemu staj\u0105 si\u0119 one bardziej zwarte, co u\u0142atwia ich transport i recykling. Poprzez rozdrabnianie materia\u0142\u00f3w do wymaganego rozmiaru arkuszy zwi\u0119ksza si\u0119 g\u0119sto\u015b\u0107 ich u\u0142o\u017cenia, co u\u0142atwia obs\u0142ug\u0119 i ponowne wykorzystanie. Dzi\u0119ki eleganckiemu wygl\u0105dowi, solidnej konstrukcji i kompaktowej budowie maszyna nie tylko zwi\u0119ksza wydajno\u015b\u0107 przetwarzania i skuteczno\u015b\u0107 rozdrabniania, ale tak\u017ce poszerza zakres swoich zastosowa\u0144.  <\/p>\n<p>Rozdrabniarka, szeroko stosowana do rozdrabniania z\u0142omu, pomaga zoptymalizowa\u0107 g\u0119sto\u015b\u0107 nasypow\u0105, co u\u0142atwia logistyk\u0119 i recykling. Jest szczeg\u00f3lnie skuteczna w przetwarzaniu wiader po farbie, beczek po oleju nap\u0119dowym, cienkich blach, karoserii samochodowych, sprasowanych blok\u00f3w metalowych oraz z\u0142omu blaszanego. Ostrza wykonane s\u0105 z wysokowytrzyma\u0142ej stali stopowej, co zapewnia wyj\u0105tkow\u0105 odporno\u015b\u0107 na zu\u017cycie i trwa\u0142o\u015b\u0107, dzi\u0119ki czemu maszyna sprawdza si\u0119 w d\u0142ugotrwa\u0142ej, intensywnej eksploatacji.  <\/p>\n<h3>Funkcje<\/h3>\n<p>1. Solidne ostrze ruchome zwi\u0119ksza wydajno\u015b\u0107 rozdrabniania, a odlew ze stali stopowej zapewnia wytrzyma\u0142o\u015b\u0107 i d\u0142u\u017csz\u0105 \u017cywotno\u015b\u0107.<\/p>\n<p>2. Gruba p\u0142yta ramy wytrzymuje du\u017ce momenty obrotowe, zapewniaj\u0105c wyj\u0105tkow\u0105 wytrzyma\u0142o\u015b\u0107 i stabilno\u015b\u0107.<\/p>\n<p>3. Wyposa\u017cony w mikrokomputerowy (PLC) system automatycznego sterowania, umo\u017cliwiaj\u0105cy uruchamianie, zatrzymywanie, zmian\u0119 kierunku obrot\u00f3w oraz zabezpieczenie przed przeci\u0105\u017ceniem z funkcj\u0105 automatycznego cofania.<\/p>\n<p>4. Nasza rozdrabniarka do metalu pracuje z nisk\u0105 pr\u0119dko\u015bci\u0105 obrotow\u0105 i du\u017cym momentem obrotowym, generuj\u0105c minimalny ha\u0142as i py\u0142, a jednocze\u015bnie spe\u0142niaj\u0105c normy ochrony \u015brodowiska.<\/p>\n<p>5. Zaprojektowany z my\u015bl\u0105 o \u0142atwej regulacji, niskich kosztach konserwacji i d\u0142ugoterminowej op\u0142acalno\u015bci.<\/p>\n<p>6. Grubo\u015b\u0107 narz\u0119dzia i liczb\u0119 z\u0119b\u00f3w no\u017ca mo\u017cna dostosowa\u0107 do r\u00f3\u017cnych wymaga\u0144 zwi\u0105zanych z obr\u00f3bk\u0105 materia\u0142\u00f3w.<\/p>\n<h2>Zasada dzia\u0142ania rozdrabniarki do metalu<\/h2>\n<p>Materia\u0142 jest podawany do rozdrabniarki znajduj\u0105cej si\u0119 wewn\u0105trz skrzyni, a nast\u0119pnie rozdrabniany na ma\u0142e kawa\u0142ki, tak aby spe\u0142nia\u0142 wymagania stawiane w dolnej cz\u0119\u015bci skrzyni, po tym jak ostrze rozdrabniaj\u0105ce podda\u0142o go rozrywaniu, wyciskaniu, \u015bcinaniu oraz innym kompleksowym dzia\u0142aniom.<\/p>\n<p>Opracowanie rozdrabniarki do metalu nie tylko pozwala rozwi\u0105za\u0107 problem zajmowania du\u017cej powierzchni przez u\u0142o\u017cone w stosy materia\u0142y poprzez ich przetworzenie, ale tak\u017ce u\u0142atwia transport i recykling. Najwa\u017cniejszymi elementami tego procesu s\u0105 g\u0142owica tn\u0105ca i silnik; rozdrabniarka do metalu rozrywa materia\u0142y metalowe, dlatego wymagania dotycz\u0105ce twardo\u015bci i odporno\u015bci na zu\u017cycie g\u0142owicy tn\u0105cej s\u0105 szczeg\u00f3lnie wysokie; je\u015bli nie zostan\u0105 one spe\u0142nione, maszyna ulegnie uszkodzeniu. <\/p>\n<h2>Szczeg\u00f3\u0142y dotycz\u0105ce rozdrabniacza metalu<\/h2>\n<table class=\"table03132\">\n<tbody>\n<tr>\n<td><img fetchpriority=\"high\" decoding=\"async\" class=\"alignnone size-full wp-image-11261\" src=\"https:\/\/www.unitetopbalermachine.com\/wp-content\/uploads\/2025\/03\/Metal-Shredder-Machine-Blade.jpg\" alt=\"Ostrze do rozdrabniacza metalu\" width=\"600\" height=\"450\" srcset=\"https:\/\/www.unitetopbalermachine.com\/wp-content\/uploads\/2025\/03\/Metal-Shredder-Machine-Blade.jpg 600w, https:\/\/www.unitetopbalermachine.com\/wp-content\/uploads\/2025\/03\/Metal-Shredder-Machine-Blade-300x225.jpg 300w\" sizes=\"(max-width: 600px) 100vw, 600px\" \/><\/td>\n<td>1. Ostrze do rozdrabniacza metalu<br \/>\nMo\u017cemy dostosowa\u0107 ostrze do rozdrabniacza metalu do Pa\u0144stwa potrzeb, uwzgl\u0119dniaj\u0105c rodzaj surowca, z kt\u00f3rego wykonany jest rozdrabniacz.<\/td>\n<\/tr>\n<tr>\n<td><img decoding=\"async\" class=\"alignnone size-full wp-image-11273\" src=\"https:\/\/www.unitetopbalermachine.com\/wp-content\/uploads\/2025\/03\/Metal-Shredder-Machine-Control-Button.jpg\" alt=\"Przycisk steruj\u0105cy rozdrabniaczem metalu\" width=\"600\" height=\"661\" srcset=\"https:\/\/www.unitetopbalermachine.com\/wp-content\/uploads\/2025\/03\/Metal-Shredder-Machine-Control-Button.jpg 600w, https:\/\/www.unitetopbalermachine.com\/wp-content\/uploads\/2025\/03\/Metal-Shredder-Machine-Control-Button-272x300.jpg 272w\" sizes=\"(max-width: 600px) 100vw, 600px\" \/><\/td>\n<td>2. Przycisk sterowania<br \/>\nNasza metalowa rozdrabniarka jest wyposa\u017cona w automatyczny system sterowania, co sprawia, \u017ce jest wygodniejsza w obs\u0142udze i \u0142atwa w konserwacji.<\/td>\n<\/tr>\n<tr>\n<td><img decoding=\"async\" class=\"alignnone size-full wp-image-11285\" src=\"https:\/\/www.unitetopbalermachine.com\/wp-content\/uploads\/2025\/03\/Small-All-In-One-Metal-Shredder-Machine.jpg\" alt=\"Ma\u0142a metalowa niszczarka typu \u201ewszystko w jednym\u201d\" width=\"600\" height=\"453\" srcset=\"https:\/\/www.unitetopbalermachine.com\/wp-content\/uploads\/2025\/03\/Small-All-In-One-Metal-Shredder-Machine.jpg 600w, https:\/\/www.unitetopbalermachine.com\/wp-content\/uploads\/2025\/03\/Small-All-In-One-Metal-Shredder-Machine-300x227.jpg 300w\" sizes=\"(max-width: 600px) 100vw, 600px\" \/><\/td>\n<td>3. Urz\u0105dzenie wielofunkcyjne<br \/>\nNasza niewielka, wielofunkcyjna niszczarka do metalu charakteryzuje si\u0119 specjaln\u0105 konstrukcj\u0105, zajmuje niewiele miejsca oraz posiada funkcje zapewniaj\u0105ce bezpiecze\u0144stwo i wygod\u0119.<\/td>\n<\/tr>\n<\/tbody>\n<\/table>\n<h2>Nasze modele rozdrabniaczy do metalu<\/h2>\n<p><img loading=\"lazy\" decoding=\"async\" class=\"size-full wp-image-14322 aligncenter\" src=\"https:\/\/www.unitetopbalermachine.com\/wp-content\/uploads\/2025\/03\/Metal-Shredder-Types.jpg\" alt=\"Rodzaje rozdrabniaczy do metalu\" width=\"900\" height=\"600\" srcset=\"https:\/\/www.unitetopbalermachine.com\/wp-content\/uploads\/2025\/03\/Metal-Shredder-Types.jpg 900w, https:\/\/www.unitetopbalermachine.com\/wp-content\/uploads\/2025\/03\/Metal-Shredder-Types-300x200.jpg 300w, https:\/\/www.unitetopbalermachine.com\/wp-content\/uploads\/2025\/03\/Metal-Shredder-Types-768x512.jpg 768w, https:\/\/www.unitetopbalermachine.com\/wp-content\/uploads\/2025\/03\/Metal-Shredder-Types-600x400.jpg 600w\" sizes=\"(max-width: 900px) 100vw, 900px\" \/><\/p>\n<h3>Jednowa\u0142owa rozdrabniarka do metalu<\/h3>\n<ul>\n<li>Zoptymalizowany do przetwarzania odpad\u00f3w o niewielkiej i \u015bredniej obj\u0119to\u015bci, zapewniaj\u0105cy sta\u0142\u0105 wydajno\u015b\u0107 rozdrabniania.<\/li>\n<li>\u0141atwa konserwacja dzi\u0119ki wymiennym ostrzom, co pozwala ograniczy\u0107 przestoje do minimum.<\/li>\n<li>Energooszcz\u0119dna konstrukcja pozwala obni\u017cy\u0107 koszty eksploatacji bez utraty funkcjonalno\u015bci.<\/li>\n<\/ul>\n<h3>Dwuwa\u0142owa rozdrabniarka do metalu<\/h3>\n<ul>\n<li>Radzi sobie z wi\u0119kszymi i twardszymi odpadami, zapewniaj\u0105c wy\u017csz\u0105 wydajno\u015b\u0107.<\/li>\n<li>Podw\u00f3jne wirniki zapewniaj\u0105 r\u00f3wnomierne rozdrabnianie i ograniczaj\u0105 ryzyko zacinania si\u0119 materia\u0142u.<\/li>\n<li>Solidna konstrukcja przystosowana do ci\u0105g\u0142ej, intensywnej eksploatacji w warunkach przemys\u0142owych.<\/li>\n<\/ul>\n<h3>Mobilna rozdrabniarka do metalu<\/h3>\n<ul>\n<li>Elastyczna instalacja umo\u017cliwia prac\u0119 w wielu lokalizacjach lub w warunkach tymczasowych.<\/li>\n<li>Kompaktowa konstrukcja zapewniaj\u0105ca mobilno\u015b\u0107 do przetwarzania z\u0142omu na miejscu.<\/li>\n<li>Szybka konfiguracja i transport ograniczaj\u0105 przestoje oraz koszty logistyczne.<\/li>\n<\/ul>\n<h3>Przemys\u0142owa niszczarka do ci\u0119\u017ckich zastosowa\u0144<\/h3>\n<ul>\n<li>Zaprojektowane z my\u015bl\u0105 o ci\u0105g\u0142ym recyklingu du\u017cych ilo\u015bci metalu w warunkach przemys\u0142owych.<\/li>\n<li>Wzmocniony wirnik i rama s\u0105 odporne na ekstremalne zu\u017cycie.<\/li>\n<li>Mo\u017cliwo\u015b\u0107 dostosowania rozmiaru produktu ko\u0144cowego do wymagaj\u0105cych potrzeb dalszego przetwarzania.<\/li>\n<\/ul>\n<h2>Zastosowania<\/h2>\n<p>Rozdrabniacze metalu znajduj\u0105 zastosowanie w wielu ga\u0142\u0119ziach przemys\u0142u, zwi\u0119kszaj\u0105c wydajno\u015b\u0107 recyklingu i obni\u017caj\u0105c koszty zwi\u0105zane z utylizacj\u0105 odpad\u00f3w.<\/p>\n<ul>\n<li><strong>Recykling samochod\u00f3w:<\/strong> Rozdrabnianie karoserii, podwozi i element\u00f3w metalowych w celu odzyskania z\u0142omu.<\/li>\n<li><strong>Przetwarzanie kabli i przewod\u00f3w elektrycznych:<\/strong> Efektywne przetwarzanie z\u0142omu z kabli miedzianych, aluminiowych i mieszanych.<\/li>\n<li><strong>Z\u0142om stalowy, aluminiowy i miedziany:<\/strong> Rozdrabnia du\u017ce ilo\u015bci z\u0142omu przemys\u0142owego na kawa\u0142ki o jednolitej wielko\u015bci w celu dalszego przetworzenia.<\/li>\n<li><strong>Recykling odpad\u00f3w elektronicznych:<\/strong> Zapewnia bezpieczne przetwarzanie zu\u017cytego sprz\u0119tu elektronicznego, w tym komputer\u00f3w, urz\u0105dze\u0144 AGD i podzespo\u0142\u00f3w elektronicznych.<\/li>\n<li><strong>Ograniczanie ilo\u015bci odpad\u00f3w przemys\u0142owych i odlewniczych:<\/strong> Optymalizacja gospodarki odpadami metalowymi w fabrykach, odlewniach i zak\u0142adach obr\u00f3bki metali.<\/li>\n<\/ul>\n<p><img loading=\"lazy\" decoding=\"async\" class=\"size-full wp-image-11454 aligncenter\" src=\"https:\/\/www.unitetopbalermachine.com\/wp-content\/uploads\/2025\/03\/SPJ-Series-Automatic-Control-Metal-Shredder-Machine-Applications.jpg\" alt=\"Zastosowania automatycznej niszczarki do metalu serii SPJ\" width=\"800\" height=\"490\" srcset=\"https:\/\/www.unitetopbalermachine.com\/wp-content\/uploads\/2025\/03\/SPJ-Series-Automatic-Control-Metal-Shredder-Machine-Applications.jpg 800w, https:\/\/www.unitetopbalermachine.com\/wp-content\/uploads\/2025\/03\/SPJ-Series-Automatic-Control-Metal-Shredder-Machine-Applications-300x184.jpg 300w, https:\/\/www.unitetopbalermachine.com\/wp-content\/uploads\/2025\/03\/SPJ-Series-Automatic-Control-Metal-Shredder-Machine-Applications-768x470.jpg 768w, https:\/\/www.unitetopbalermachine.com\/wp-content\/uploads\/2025\/03\/SPJ-Series-Automatic-Control-Metal-Shredder-Machine-Applications-600x368.jpg 600w\" sizes=\"(max-width: 800px) 100vw, 800px\" \/><\/p>\n<h2>Parametry techniczne<\/h2>\n<table>\n<tbody>\n<tr>\n<td><strong>Model<\/strong><\/td>\n<td><strong>\u015arednica ostrza (mm)<\/strong><\/td>\n<td><strong>Wymiary komory (mm)<\/strong><\/td>\n<td><strong>Wydajno\u015b\u0107 (kg\/h)<\/strong><\/td>\n<td><strong>Moc (kW)<\/strong><\/td>\n<td><strong>Wymiary maszyny (mm)<\/strong><\/td>\n<td><strong>Waga (kg)<\/strong><\/td>\n<\/tr>\n<tr>\n<td>SPJ-600<\/td>\n<td>260<\/td>\n<td>600\u00d7550<\/td>\n<td>800-500<\/td>\n<td>15<\/td>\n<td>1800\u00d71300\u00d71700<\/td>\n<td>2850<\/td>\n<\/tr>\n<tr>\n<td>SPJ-800<\/td>\n<td>300<\/td>\n<td>800\u00d7600<\/td>\n<td>500-800<\/td>\n<td>37<\/td>\n<td>2800\u00d71800\u00d72100<\/td>\n<td>4200<\/td>\n<\/tr>\n<tr>\n<td>SPJ-1000<\/td>\n<td>350<\/td>\n<td>1000\u00d7700<\/td>\n<td>800-1500<\/td>\n<td>45<\/td>\n<td>2800\u00d72000\u00d72100<\/td>\n<td>6500<\/td>\n<\/tr>\n<tr>\n<td>SPJ-1200<\/td>\n<td>400<\/td>\n<td>1200\u00d7900<\/td>\n<td>1500-2500<\/td>\n<td>55<\/td>\n<td>2800\u00d72500\u00d72100<\/td>\n<td>7800<\/td>\n<\/tr>\n<tr>\n<td>SPJ-1400<\/td>\n<td>450<\/td>\n<td>1400\u00d7900<\/td>\n<td>2500-4000<\/td>\n<td>75<\/td>\n<td>2800\u00d72800\u00d72100<\/td>\n<td>9600<\/td>\n<\/tr>\n<tr>\n<td>SPJ-1600<\/td>\n<td>500<\/td>\n<td>1600\u00d71000<\/td>\n<td>4000-6000<\/td>\n<td>90<\/td>\n<td>3000\u00d72800\u00d72100<\/td>\n<td>12500<\/td>\n<\/tr>\n<\/tbody>\n<\/table>\n<h2>Dostawcy wsp\u00f3\u0142pracuj\u0105cy<\/h2>\n<p><img loading=\"lazy\" decoding=\"async\" class=\"size-full wp-image-11297 aligncenter\" src=\"https:\/\/www.unitetopbalermachine.com\/wp-content\/uploads\/2025\/03\/Cooperative-Suppliers.jpg\" alt=\"Dostawcy wsp\u00f3\u0142pracuj\u0105cy\" width=\"900\" height=\"422\" srcset=\"https:\/\/www.unitetopbalermachine.com\/wp-content\/uploads\/2025\/03\/Cooperative-Suppliers.jpg 900w, https:\/\/www.unitetopbalermachine.com\/wp-content\/uploads\/2025\/03\/Cooperative-Suppliers-300x141.jpg 300w, https:\/\/www.unitetopbalermachine.com\/wp-content\/uploads\/2025\/03\/Cooperative-Suppliers-768x360.jpg 768w, https:\/\/www.unitetopbalermachine.com\/wp-content\/uploads\/2025\/03\/Cooperative-Suppliers-600x281.jpg 600w\" sizes=\"(max-width: 900px) 100vw, 900px\" \/><\/p>\n<h2>Opakowanie<\/h2>\n<p>Do zabezpieczenia naszej rozdrabniarki do metalu z serii SPJ u\u017cyjemy folii owijaj\u0105cej lub opakowa\u0144 drewnianych; przed za\u0142adowaniem do kontenera zapewnimy jej odpowiedni\u0105 ochron\u0119.<\/p>\n<p><img loading=\"lazy\" decoding=\"async\" class=\"alignnone size-full wp-image-11442\" src=\"https:\/\/www.unitetopbalermachine.com\/wp-content\/uploads\/2025\/03\/SPJ-Series-Automatic-Control-Metal-Shredder-Machine-Packaging.jpg\" alt=\"Opakowanie automatycznej niszczarki do metalu serii SPJ\" width=\"1200\" height=\"298\" srcset=\"https:\/\/www.unitetopbalermachine.com\/wp-content\/uploads\/2025\/03\/SPJ-Series-Automatic-Control-Metal-Shredder-Machine-Packaging.jpg 1200w, https:\/\/www.unitetopbalermachine.com\/wp-content\/uploads\/2025\/03\/SPJ-Series-Automatic-Control-Metal-Shredder-Machine-Packaging-300x75.jpg 300w, https:\/\/www.unitetopbalermachine.com\/wp-content\/uploads\/2025\/03\/SPJ-Series-Automatic-Control-Metal-Shredder-Machine-Packaging-1024x254.jpg 1024w, https:\/\/www.unitetopbalermachine.com\/wp-content\/uploads\/2025\/03\/SPJ-Series-Automatic-Control-Metal-Shredder-Machine-Packaging-768x191.jpg 768w, https:\/\/www.unitetopbalermachine.com\/wp-content\/uploads\/2025\/03\/SPJ-Series-Automatic-Control-Metal-Shredder-Machine-Packaging-600x149.jpg 600w\" sizes=\"(max-width: 1200px) 100vw, 1200px\" \/><\/p>\n<h2>Zobacz, jak dzia\u0142a rozdrabniarka do z\u0142omu!<\/h2>\n<div class=\"ast-oembed-container \" style=\"height: 100%;\"><iframe title=\"Chinese Manufacture Automatic Control SPJ Series metal shredder machine\" width=\"500\" height=\"375\" src=\"https:\/\/www.youtube.com\/embed\/tsPp8oBwaP4?feature=oembed\" frameborder=\"0\" allow=\"accelerometer; autoplay; clipboard-write; encrypted-media; gyroscope; picture-in-picture; web-share\" referrerpolicy=\"strict-origin-when-cross-origin\" allowfullscreen><\/iframe><\/div>\n<style>.table03132{border:none;}.table03132 td{border:none;}<\/style>\n","protected":false},"excerpt":{"rendered":"<p>Nasza rozdrabniarka do metalu skutecznie przetwarza r\u00f3\u017cnorodne wyroby metalowe, w tym \u017celazo, puszki (aluminiowe i blaszane), wiadra po farbie i inne. Oferujemy badania materia\u0142\u00f3w przy u\u017cyciu przygotowanych przez nas surowc\u00f3w, aby zapewni\u0107 optymaln\u0105 wydajno\u015b\u0107. <\/p>\n<p>Dzi\u0119ki ponad 25-letniemu do\u015bwiadczeniu w produkcji zrealizowali\u015bmy ponad 3000 indywidualnych rozwi\u0105za\u0144 w zakresie recyklingu z\u0142omu, dostosowanych do r\u00f3\u017cnorodnych potrzeb bran\u017cowych.<\/p>\n<ul>\n<li>Modu\u0142owa konstrukcja, \u0142atwa konserwacja<\/li>\n<li>Ostrza ze stopu o wysokiej wytrzyma\u0142o\u015bci<\/li>\n<li>System automatycznego sterowania PLC<\/li>\n<li>Cicha praca, wysoki moment obrotowy<\/li>\n<li>Mo\u017cliwo\u015b\u0107 dostosowania do r\u00f3\u017cnych materia\u0142\u00f3w<\/li>\n<\/ul>\n","protected":false},"featured_media":11326,"template":"","meta":{"site-sidebar-layout":"default","site-content-layout":"","ast-site-content-layout":"default","site-content-style":"default","site-sidebar-style":"default","ast-global-header-display":"","ast-banner-title-visibility":"","ast-main-header-display":"","ast-hfb-above-header-display":"","ast-hfb-below-header-display":"","ast-hfb-mobile-header-display":"","site-post-title":"","ast-breadcrumbs-content":"","ast-featured-img":"","footer-sml-layout":"","theme-transparent-header-meta":"default","adv-header-id-meta":"","stick-header-meta":"","header-above-stick-meta":"","header-main-stick-meta":"","header-below-stick-meta":"","astra-migrate-meta-layouts":"set","ast-page-background-enabled":"default","ast-page-background-meta":{"desktop":{"background-color":"var(--ast-global-color-4)","background-image":"","background-repeat":"repeat","background-position":"center center","background-size":"auto","background-attachment":"scroll","background-type":"","background-media":"","overlay-type":"","overlay-color":"","overlay-opacity":"","overlay-gradient":""},"tablet":{"background-color":"","background-image":"","background-repeat":"repeat","background-position":"center center","background-size":"auto","background-attachment":"scroll","background-type":"","background-media":"","overlay-type":"","overlay-color":"","overlay-opacity":"","overlay-gradient":""},"mobile":{"background-color":"","background-image":"","background-repeat":"repeat","background-position":"center center","background-size":"auto","background-attachment":"scroll","background-type":"","background-media":"","overlay-type":"","overlay-color":"","overlay-opacity":"","overlay-gradient":""}},"ast-content-background-meta":{"desktop":{"background-color":"var(--ast-global-color-5)","background-image":"","background-repeat":"repeat","background-position":"center center","background-size":"auto","background-attachment":"scroll","background-type":"","background-media":"","overlay-type":"","overlay-color":"","overlay-opacity":"","overlay-gradient":""},"tablet":{"background-color":"var(--ast-global-color-5)","background-image":"","background-repeat":"repeat","background-position":"center center","background-size":"auto","background-attachment":"scroll","background-type":"","background-media":"","overlay-type":"","overlay-color":"","overlay-opacity":"","overlay-gradient":""},"mobile":{"background-color":"var(--ast-global-color-5)","background-image":"","background-repeat":"repeat","background-position":"center center","background-size":"auto","background-attachment":"scroll","background-type":"","background-media":"","overlay-type":"","overlay-color":"","overlay-opacity":"","overlay-gradient":""}}},"product_brand":[],"product_cat":[169],"product_tag":[],"class_list":{"0":"post-12690","1":"product","2":"type-product","3":"status-publish","4":"has-post-thumbnail","6":"product_cat-maszyna-do-rozdrabniania-metali","7":"desktop-align-left","8":"tablet-align-left","9":"mobile-align-left","11":"first","12":"instock","13":"shipping-taxable","14":"product-type-simple"},"_links":{"self":[{"href":"https:\/\/www.unitetopbalermachine.com\/pl\/wp-json\/wp\/v2\/product\/12690","targetHints":{"allow":["GET"]}}],"collection":[{"href":"https:\/\/www.unitetopbalermachine.com\/pl\/wp-json\/wp\/v2\/product"}],"about":[{"href":"https:\/\/www.unitetopbalermachine.com\/pl\/wp-json\/wp\/v2\/types\/product"}],"wp:featuredmedia":[{"embeddable":true,"href":"https:\/\/www.unitetopbalermachine.com\/pl\/wp-json\/wp\/v2\/media\/11326"}],"wp:attachment":[{"href":"https:\/\/www.unitetopbalermachine.com\/pl\/wp-json\/wp\/v2\/media?parent=12690"}],"wp:term":[{"taxonomy":"product_brand","embeddable":true,"href":"https:\/\/www.unitetopbalermachine.com\/pl\/wp-json\/wp\/v2\/product_brand?post=12690"},{"taxonomy":"product_cat","embeddable":true,"href":"https:\/\/www.unitetopbalermachine.com\/pl\/wp-json\/wp\/v2\/product_cat?post=12690"},{"taxonomy":"product_tag","embeddable":true,"href":"https:\/\/www.unitetopbalermachine.com\/pl\/wp-json\/wp\/v2\/product_tag?post=12690"}],"curies":[{"name":"wp","href":"https:\/\/api.w.org\/{rel}","templated":true}]}}