{"id":6083,"date":"2024-06-06T03:49:20","date_gmt":"2024-06-06T03:49:20","guid":{"rendered":"https:\/\/www.unitetopbalermachine.com\/polityka-prywatnosci\/"},"modified":"2024-09-26T03:32:59","modified_gmt":"2024-09-26T03:32:59","slug":"polityka-prywatnosci","status":"publish","type":"page","link":"https:\/\/www.unitetopbalermachine.com\/pl\/polityka-prywatnosci\/","title":{"rendered":"Polityka prywatno\u015bci"},"content":{"rendered":"<p>Witamy w Unite Top! Je\u015bli odwiedzisz nasz sklep, oznacza to, \u017ce automatycznie akceptujesz wszystkie te warunki. Przeczytaj uwa\u017cnie wszystkie informacje dotycz\u0105ce naszych wytycznych, warunk\u00f3w i um\u00f3w.<\/p>\n<p>Bardzo wa\u017cne jest, aby dba\u0107 o informacje, poniewa\u017c \u017cyjemy w spo\u0142ecze\u0144stwie informacyjnym i nie mo\u017cna lekcewa\u017cy\u0107 sposobu, w jaki informacje b\u0119d\u0105 wykorzystywane i udost\u0119pniane.<\/p>\n<p>Zaufanie jest kamieniem w\u0119gielnym przyja\u017ani i doceniamy Twoj\u0105 decyzj\u0119 o wyborze naszego sklepu. Dajemy Ci pe\u0142ny dost\u0119p do r\u00f3\u017cnych typ\u00f3w informacji dotycz\u0105cych Twojego konta.<\/p>\n<p>Ponadto pami\u0119taj, \u017ce nasza strona internetowa zawiera liczne znaki towarowe, kt\u00f3re mog\u0105 nale\u017ce\u0107 zar\u00f3wno do naszej firmy, jak i firm zewn\u0119trznych.<\/p>\n<p>U\u017cywanie logo, ikon i nazw us\u0142ug jest zabronione w jakikolwiek spos\u00f3b, kt\u00f3ry mo\u017ce powodowa\u0107 zamieszanie w\u015br\u00f3d naszych klient\u00f3w i b\u0119dzie uwa\u017cane za naruszenie prawa autorskiego.<\/p>\n<p>Zastrzegamy sobie prawo do wprowadzania zmian w niniejszych warunkach w dowolnym momencie bez wcze\u015bniejszego powiadomienia.<\/p>\n<p>Korzystaj\u0105c z tej strony internetowej, zgadzasz si\u0119 na warunki najnowszej wersji niniejszej Polityki prywatno\u015bci. Przeczytaj nasze Warunki korzystania, aby zrozumie\u0107 og\u00f3lne zasady korzystania z tej strony internetowej. Z wyj\u0105tkiem zapis\u00f3w zawartych w innych wy\u0142\u0105czeniach odpowiedzialno\u015bci, politykach, Warunkach korzystania lub innych powiadomieniach na tej stronie internetowej, niniejsza Polityka prywatno\u015bci i Warunki korzystania stanowi\u0105 pe\u0142n\u0105 umow\u0119 mi\u0119dzy Tob\u0105 a Unite Top.com w odniesieniu do korzystania z tej strony internetowej. Mo\u017cesz podlega\u0107 dodatkowym warunkom, kt\u00f3re mog\u0105 mie\u0107 zastosowanie, gdy uzyskujesz dost\u0119p do okre\u015blonych us\u0142ug lub materia\u0142\u00f3w w okre\u015blonych obszarach tej strony internetowej lub poprzez klikni\u0119cie linku z tej strony internetowej.<\/p>\n<h2><span style=\"color: #b90000;\">Wprowadzenie<\/span><\/h2>\n<p>Informacje, kt\u00f3re otrzymujemy i spos\u00f3b, w jaki je wykorzystujemy, zale\u017c\u0105 od tego, co robisz podczas odwiedzania naszej witryny. Gromadzimy i wykorzystujemy Twoje informacje nieosobowe (informacje, kt\u00f3re nie pozwalaj\u0105 na Twoj\u0105 identyfikacj\u0119) inaczej ni\u017c Twoje informacje osobiste.<\/p>\n<p>Co to s\u0105 informacje nieosobowe?<\/p>\n<p>Informacje nieosobowe to informacje, kt\u00f3re zbieramy za po\u015brednictwem tej witryny, kt\u00f3re nie identyfikuj\u0105 nas jako osoby fizycznej. Mo\u017ce zawiera\u0107 informacje takie jak:<\/p>\n<ul>\n<li>typ u\u017cywanego oprogramowania przegl\u0105darki internetowej (na przyk\u0142ad Netscape Navigator lub Internet Explorer)<\/li>\n<li>nazwa domeny, z kt\u00f3rej uzyskujesz dost\u0119p do Internetu<\/li>\n<li>adres internetowy witryny, z kt\u00f3rej bezpo\u015brednio po\u0142\u0105czy\u0142e\u015b si\u0119 z nasz\u0105 witryn\u0105<\/li>\n<li>data i godzina uzyskania dost\u0119pu do naszej witryny<\/li>\n<li>kt\u00f3re strony odwiedzi\u0142e\u015b w naszej witrynie<\/li>\n<li>terminy wyszukiwania, kt\u00f3rych u\u017cywasz<\/li>\n<li>linki, w kt\u00f3re klikasz<\/li>\n<li>dane osobowe, kt\u00f3re zosta\u0142y przekszta\u0142cone w nieosobowe lub zanonimizowane (tj. informacje, kt\u00f3re nie odzwierciedlaj\u0105 ju\u017c ani nie odnosz\u0105 si\u0119 do indywidualnie identyfikowalnego u\u017cytkownika)<\/li>\n<\/ul>\n<p>Je\u015bli odwiedzasz nasz\u0105 witryn\u0119, aby przeczyta\u0107 lub pobra\u0107 informacje, takie jak informacje o stanie zdrowia lub o jednym z naszych produkt\u00f3w, mo\u017cemy zbiera\u0107 pewne nieosobowe informacje o Tobie z Twojego komputera. Informacje te s\u0105 zbierane z przegl\u0105darki internetowej Twojego komputera: Je\u015bli tylko czytasz lub pobierasz informacje na naszej stronie internetowej, nie zbieramy ani nie poznajemy Twojego imienia, adresu e-mail, adresu domowego ani innych danych osobowych o Tobie. Mo\u017cemy umie\u015bci\u0107 plik tekstowy zwany plikiem cookie w plikach przegl\u0105darki Twojego komputera podczas wizyty. Plik cookie mo\u017ce zosta\u0107 zapisany na dysku twardym Twojego komputera. Informacje, kt\u00f3re zbieramy za pomoc\u0105 plik\u00f3w cookie, s\u0105 informacjami nieosobowymi. Zawsze mo\u017cesz odrzuci\u0107 nasze pliki cookie, je\u015bli Twoja przegl\u0105darka na to pozwala, ale niekt\u00f3re cz\u0119\u015bci naszej witryny mog\u0105 nie dzia\u0142a\u0107 prawid\u0142owo, je\u015bli to zrobisz. Nie pozwolimy stronom trzecim, z wyj\u0105tkiem firm, kt\u00f3re zatrudniamy do wykonywania us\u0142ug lub funkcji w naszym imieniu, na umieszczanie plik\u00f3w cookie na naszej stronie internetowej.<\/p>\n<h2><span style=\"color: #b90000;\">Co Unite Top.com robi z informacjami nieosobowymi?<\/span><\/h2>\n<p>Poniewa\u017c informacje nieosobowe nie mog\u0105 Ci\u0119 zidentyfikowa\u0107 ani by\u0107 z Tob\u0105 w \u017caden spos\u00f3b powi\u0105zane, nie ma \u017cadnych ogranicze\u0144 co do sposob\u00f3w, w jakie mo\u017cemy u\u017cywa\u0107 lub udost\u0119pnia\u0107 informacje nieosobowe. Zawsze szukamy sposob\u00f3w, aby lepiej Ci s\u0142u\u017cy\u0107 i ulepsza\u0107 t\u0119 witryn\u0119. B\u0119dziemy u\u017cywa\u0107 informacji nieosobowych od Ciebie, aby pom\u00f3c nam uczyni\u0107 t\u0119 witryn\u0119 bardziej u\u017cyteczn\u0105 dla odwiedzaj\u0105cych. B\u0119dziemy r\u00f3wnie\u017c u\u017cywa\u0107 informacji nieosobowych do innych cel\u00f3w biznesowych. Na przyk\u0142ad mo\u017cemy u\u017cywa\u0107 informacji nieosobowych lub zbiorczych informacji nieosobowych, aby:<\/p>\n<p>tworzy\u0107 raporty do u\u017cytku wewn\u0119trznego w celu opracowywania program\u00f3w, produkt\u00f3w, us\u0142ug lub tre\u015bci<br \/>\ndostosowywa\u0107 informacje lub us\u0142ugi, kt\u00f3re Ci\u0119 interesuj\u0105<br \/>\nudost\u0119pnia\u0107 je lub sprzedawa\u0107 osobom trzecim<br \/>\ndostarcza\u0107 zbiorczych \u201estatystyk ruchu\u201d i \u201ewska\u017anik\u00f3w odpowiedzi\u201d osobom trzecim<\/p>\n<h3><\/h3>\n<h2><span style=\"color: #b90000;\">Czym s\u0105 dane osobowe?<\/span><\/h2>\n<p>Dane osobowe to informacje, kt\u00f3re zbieramy za po\u015brednictwem tej witryny internetowej, kt\u00f3rych mo\u017cemy u\u017cy\u0107 do konkretnej identyfikacji u\u017cytkownika, takie jak:<\/p>\n<ul>\n<li>imi\u0119 i nazwisko<\/li>\n<li>numer telefonu<\/li>\n<li>adres e-mail<\/li>\n<li>numer seryjny urz\u0105dzenia medycznego<\/li>\n<li>dane dotycz\u0105ce zdrowia<\/li>\n<li>data urodzenia<\/li>\n<\/ul>\n<p>W niekt\u00f3rych miejscach tej witryny internetowej masz mo\u017cliwo\u015b\u0107 przes\u0142ania nam danych osobowych o sobie, wybrania otrzymywania okre\u015blonych informacji lub wzi\u0119cia udzia\u0142u w aktywno\u015bci. Na przyk\u0142ad mo\u017cesz wype\u0142ni\u0107 formularz rejestracyjny, ankiet\u0119 lub formularz e-mailowy i mo\u017cesz wybra\u0107 otrzymywanie materia\u0142\u00f3w edukacyjnych na temat naszych produkt\u00f3w i terapii.<\/p>\n<p>Mo\u017cesz r\u00f3wnie\u017c zezwoli\u0107 nam na personalizacj\u0119 Twoich wizyt na stronie internetowej, w takim przypadku poprosimy Ci\u0119 o okre\u015blone dane osobowe, aby Twoje wizyty na naszej stronie internetowej by\u0142y dla Ciebie bardziej przydatne. Gdy te informacje zostan\u0105 po\u0142\u0105czone z nieosobowymi informacjami, kt\u00f3re zbieramy za pomoc\u0105 plik\u00f3w cookie (opisanych powy\u017cej), b\u0119dziemy w stanie stwierdzi\u0107, \u017ce odwiedzi\u0142e\u015b nasz\u0105 stron\u0119 internetow\u0105 wcze\u015bniej i mo\u017cemy spersonalizowa\u0107 Tw\u00f3j dost\u0119p do naszej strony internetowej, na przyk\u0142ad informuj\u0105c Ci\u0119 o nowych funkcjach, kt\u00f3re mog\u0105 Ci\u0119 zainteresowa\u0107.<\/p>\n<h3><\/h3>\n<h2><span style=\"color: #b90000;\">W jaki spos\u00f3b Unite Top.com przechowuje i wykorzystuje dane osobowe?<\/span><\/h2>\n<p>Mo\u017cemy przechowywa\u0107 i wykorzystywa\u0107 dane osobowe, kt\u00f3re zbieramy od Ciebie za po\u015brednictwem tej witryny, aby zapewni\u0107 Ci dost\u0119p do tej witryny. Ponadto mo\u017cemy przechowywa\u0107 i wykorzystywa\u0107 Twoje dane osobowe:<\/p>\n<ul>\n<li>aby odpowiada\u0107 na Twoje pro\u015bby<\/li>\n<li>aby personalizowa\u0107 Tw\u00f3j dost\u0119p do naszej witryny, na przyk\u0142ad informuj\u0105c Ci\u0119 o nowych funkcjach, kt\u00f3re mog\u0105 Ci\u0119 zainteresowa\u0107<\/li>\n<li>aby tworzy\u0107 zapisy, w tym zapisy Twoich danych osobowych<\/li>\n<li>aby kontaktowa\u0107 si\u0119 z Tob\u0105 w celu przekazania informacji, kt\u00f3re mog\u0105 Ci\u0119 zainteresowa\u0107, w tym informacji o badaniach klinicznych oraz o naszych i innych produktach i us\u0142ugach<\/li>\n<li>aby przeprowadza\u0107 analizy oraz bada\u0107, rozwija\u0107 i ulepsza\u0107 programy, produkty, us\u0142ugi i tre\u015bci<\/li>\n<li>aby usuwa\u0107 Twoje identyfikatory osobiste (Twoje imi\u0119, adres e-mail, numer ubezpieczenia spo\u0142ecznego itp.). W takim przypadku nie b\u0119dziesz ju\u017c identyfikowany jako<\/li>\n<li>pojedyncza, unikalna osoba. Po zanonimizowaniu informacji staj\u0105 si\u0119 one informacjami nieosobowymi i mo\u017cemy traktowa\u0107 je jak inne informacje nieosobowe. aby egzekwowa\u0107 niniejsz\u0105 Polityk\u0119 prywatno\u015bci i inne zasady dotycz\u0105ce korzystania z tej witryny<\/li>\n<li>aby chroni\u0107 nasze prawa lub w\u0142asno\u015b\u0107<\/li>\n<li>aby chroni\u0107 czyje\u015b zdrowie, bezpiecze\u0144stwo lub dobrostan<\/li>\n<li>aby przestrzega\u0107 prawa lub przepis\u00f3w, nakazu s\u0105dowego lub innych proces\u00f3w prawnych<\/li>\n<\/ul>\n<p>Nie mamy metody przegl\u0105dania danych osobowych lub nieosobowych zebranych za po\u015brednictwem tej witryny.<\/p>\n<h3><\/h3>\n<h2><span style=\"color: #b90000;\">Czy Unite Top.com kiedykolwiek udost\u0119pnia dane osobowe osobom trzecim?<\/span><\/h2>\n<p>Unite Top.com nie udost\u0119pni Twoich danych osobowych zebranych z tej witryny internetowej osobom trzecim bez Twojej zgody, z wyj\u0105tkiem przypadk\u00f3w okre\u015blonych w niniejszej Polityce prywatno\u015bci.<\/p>\n<p>W ramach zwyk\u0142ej dzia\u0142alno\u015bci mo\u017cemy udost\u0119pnia\u0107 niekt\u00f3re dane osobowe firmom, kt\u00f3re zatrudniamy do wykonywania us\u0142ug lub funkcji w naszym imieniu. We wszystkich przypadkach, w kt\u00f3rych udost\u0119pniamy Twoje dane osobowe osobom trzecim, nie upowa\u017cniamy ich do przechowywania, ujawniania ani wykorzystywania Twoich danych innym osobom, z wyj\u0105tkiem cel\u00f3w \u015bwiadczenia us\u0142ug, o kt\u00f3re je poprosili\u015bmy. Nie b\u0119dziemy sprzedawa\u0107, wymienia\u0107 ani publikowa\u0107 Twoich danych osobowych, z wyj\u0105tkiem przypadk\u00f3w sprzeda\u017cy, fuzji, rozwi\u0105zania lub przej\u0119cia przedsi\u0119biorstwa.<\/p>\n<p>Mo\u017cemy by\u0107 prawnie zobowi\u0105zani do ujawnienia Twoich danych osobowych w odpowiedzi na nakaz s\u0105dowy, wezwanie, nakaz przeszukania, prawo lub rozporz\u0105dzenie. Mo\u017cemy wsp\u00f3\u0142pracowa\u0107 z organami \u015bcigania w celu zbadania i \u015bcigania os\u00f3b odwiedzaj\u0105cych witryn\u0119, kt\u00f3re naruszaj\u0105 nasze zasady lub podejmuj\u0105 zachowania szkodliwe dla innych odwiedzaj\u0105cych (lub niezgodne z prawem).<\/p>\n<h2><span style=\"color: #b90000;\">A co z prywatno\u015bci\u0105 na innych witrynach internetowych?<\/span><\/h2>\n<p>Ta strona internetowa mo\u017ce zawiera\u0107 linki do innych stron internetowych. Niekt\u00f3re z tych stron internetowych mog\u0105 by\u0107 obs\u0142ugiwane przez Unite Top, a niekt\u00f3re przez osoby trzecie. Udost\u0119pniamy linki dla Twojej wygody, ale nie sprawdzamy, nie kontrolujemy ani nie monitorujemy praktyk prywatno\u015bci stron internetowych obs\u0142ugiwanych przez inne osoby. Niniejsze O\u015bwiadczenie o ochronie prywatno\u015bci nie ma zastosowania do \u017cadnej innej strony internetowej, nawet innych stron internetowych Unite Top.com. Nie ponosimy odpowiedzialno\u015bci za dzia\u0142anie stron internetowych obs\u0142ugiwanych przez osoby trzecie ani za Twoje relacje biznesowe z nimi. Dlatego za ka\u017cdym razem, gdy opuszczasz t\u0119 stron\u0119 internetow\u0105, zalecamy zapoznanie si\u0119 z praktykami prywatno\u015bci ka\u017cdej strony internetowej i wyci\u0105gni\u0119cie w\u0142asnych wniosk\u00f3w dotycz\u0105cych adekwatno\u015bci tych praktyk.<\/p>\n<h2><span style=\"color: #b90000;\">Czy Unite Top.com kiedykolwiek komunikuje si\u0119 bezpo\u015brednio z osobami odwiedzaj\u0105cymi t\u0119 stron\u0119 internetow\u0105?<\/span><\/h2>\n<p>Mo\u017cemy okresowo kontaktowa\u0107 si\u0119 z Tob\u0105 za po\u015brednictwem poczty e-mail, poczty tradycyjnej lub telefonicznej, je\u015bli wyrazisz zgod\u0119 na taki kontakt, aby przekaza\u0107 informacje dotycz\u0105ce program\u00f3w, produkt\u00f3w, us\u0142ug i tre\u015bci, kt\u00f3re mog\u0105 Ci\u0119 zainteresowa\u0107. Ponadto niekt\u00f3re funkcje tej strony internetowej umo\u017cliwiaj\u0105 Ci komunikowanie si\u0119 z nami za pomoc\u0105 formularza online. Je\u015bli Twoja komunikacja wymaga od nas odpowiedzi, wy\u015blemy Ci odpowied\u017a e-mailem. Odpowied\u017a e-mailowa lub potwierdzenie mo\u017ce zawiera\u0107 Twoje dane osobowe, w tym dane osobowe dotycz\u0105ce Twojego zdrowia, Twoje imi\u0119 i nazwisko, adres itp. Nie mo\u017cemy zagwarantowa\u0107, \u017ce nasze wiadomo\u015bci e-mail do Ciebie b\u0119d\u0105 bezpieczne przed nieautoryzowanym przechwyceniem.<\/p>\n<h2><span style=\"color: #b90000;\">A co z bezpiecze\u0144stwem witryny?<\/span><\/h2>\n<p>Bezpiecze\u0144stwo jest dla nas bardzo wa\u017cne. Rozumiemy r\u00f3wnie\u017c, \u017ce bezpiecze\u0144stwo jest wa\u017cne dla Ciebie. Podejmujemy rozs\u0105dne kroki w celu ochrony Twoich danych osobowych przed utrat\u0105, niew\u0142a\u015bciwym wykorzystaniem i nieautoryzowanym dost\u0119pem, ujawnieniem, zmian\u0105 lub zniszczeniem. Powiniene\u015b pami\u0119ta\u0107, \u017ce \u017cadna transmisja internetowa nie jest w 100% bezpieczna ani wolna od b\u0142\u0119d\u00f3w. W szczeg\u00f3lno\u015bci wiadomo\u015bci e-mail wysy\u0142ane do lub z tej witryny mog\u0105 nie by\u0107 bezpieczne, dlatego powiniene\u015b zachowa\u0107 szczeg\u00f3ln\u0105 ostro\u017cno\u015b\u0107 przy podejmowaniu decyzji, jakie informacje wysy\u0142asz do nas za po\u015brednictwem poczty e-mail.<\/p>\n","protected":false},"excerpt":{"rendered":"<p>Witamy w Unite Top! Je\u015bli odwiedzisz nasz sklep, oznacza to, \u017ce automatycznie akceptujesz wszystkie te warunki. Przeczytaj uwa\u017cnie wszystkie informacje dotycz\u0105ce naszych wytycznych, warunk\u00f3w i um\u00f3w. Bardzo wa\u017cne jest, aby dba\u0107 o informacje, poniewa\u017c \u017cyjemy w spo\u0142ecze\u0144stwie informacyjnym i nie mo\u017cna lekcewa\u017cy\u0107 sposobu, w jaki informacje b\u0119d\u0105 wykorzystywane i udost\u0119pniane. Zaufanie jest kamieniem w\u0119gielnym przyja\u017ani [&hellip;]<\/p>\n","protected":false},"author":1,"featured_media":0,"parent":0,"menu_order":0,"comment_status":"closed","ping_status":"closed","template":"","meta":{"site-sidebar-layout":"default","site-content-layout":"","ast-site-content-layout":"default","site-content-style":"default","site-sidebar-style":"default","ast-global-header-display":"","ast-banner-title-visibility":"","ast-main-header-display":"","ast-hfb-above-header-display":"","ast-hfb-below-header-display":"","ast-hfb-mobile-header-display":"","site-post-title":"","ast-breadcrumbs-content":"","ast-featured-img":"","footer-sml-layout":"","theme-transparent-header-meta":"default","adv-header-id-meta":"","stick-header-meta":"","header-above-stick-meta":"","header-main-stick-meta":"","header-below-stick-meta":"","astra-migrate-meta-layouts":"set","ast-page-background-enabled":"default","ast-page-background-meta":{"desktop":{"background-color":"var(--ast-global-color-4)","background-image":"","background-repeat":"repeat","background-position":"center center","background-size":"auto","background-attachment":"scroll","background-type":"","background-media":"","overlay-type":"","overlay-color":"","overlay-opacity":"","overlay-gradient":""},"tablet":{"background-color":"","background-image":"","background-repeat":"repeat","background-position":"center center","background-size":"auto","background-attachment":"scroll","background-type":"","background-media":"","overlay-type":"","overlay-color":"","overlay-opacity":"","overlay-gradient":""},"mobile":{"background-color":"","background-image":"","background-repeat":"repeat","background-position":"center center","background-size":"auto","background-attachment":"scroll","background-type":"","background-media":"","overlay-type":"","overlay-color":"","overlay-opacity":"","overlay-gradient":""}},"ast-content-background-meta":{"desktop":{"background-color":"var(--ast-global-color-5)","background-image":"","background-repeat":"repeat","background-position":"center center","background-size":"auto","background-attachment":"scroll","background-type":"","background-media":"","overlay-type":"","overlay-color":"","overlay-opacity":"","overlay-gradient":""},"tablet":{"background-color":"var(--ast-global-color-5)","background-image":"","background-repeat":"repeat","background-position":"center center","background-size":"auto","background-attachment":"scroll","background-type":"","background-media":"","overlay-type":"","overlay-color":"","overlay-opacity":"","overlay-gradient":""},"mobile":{"background-color":"var(--ast-global-color-5)","background-image":"","background-repeat":"repeat","background-position":"center center","background-size":"auto","background-attachment":"scroll","background-type":"","background-media":"","overlay-type":"","overlay-color":"","overlay-opacity":"","overlay-gradient":""}},"footnotes":""},"class_list":["post-6083","page","type-page","status-publish","hentry"],"_links":{"self":[{"href":"https:\/\/www.unitetopbalermachine.com\/pl\/wp-json\/wp\/v2\/pages\/6083","targetHints":{"allow":["GET"]}}],"collection":[{"href":"https:\/\/www.unitetopbalermachine.com\/pl\/wp-json\/wp\/v2\/pages"}],"about":[{"href":"https:\/\/www.unitetopbalermachine.com\/pl\/wp-json\/wp\/v2\/types\/page"}],"author":[{"embeddable":true,"href":"https:\/\/www.unitetopbalermachine.com\/pl\/wp-json\/wp\/v2\/users\/1"}],"replies":[{"embeddable":true,"href":"https:\/\/www.unitetopbalermachine.com\/pl\/wp-json\/wp\/v2\/comments?post=6083"}],"version-history":[{"count":2,"href":"https:\/\/www.unitetopbalermachine.com\/pl\/wp-json\/wp\/v2\/pages\/6083\/revisions"}],"predecessor-version":[{"id":6086,"href":"https:\/\/www.unitetopbalermachine.com\/pl\/wp-json\/wp\/v2\/pages\/6083\/revisions\/6086"}],"wp:attachment":[{"href":"https:\/\/www.unitetopbalermachine.com\/pl\/wp-json\/wp\/v2\/media?parent=6083"}],"curies":[{"name":"wp","href":"https:\/\/api.w.org\/{rel}","templated":true}]}}