{"id":12708,"date":"2025-03-13T01:05:47","date_gmt":"2025-03-13T01:05:47","guid":{"rendered":"https:\/\/www.unitetopbalermachine.com\/product\/linee-di-triturazione-rottami-serie-psx\/"},"modified":"2026-03-18T10:33:14","modified_gmt":"2026-03-18T10:33:14","slug":"linee-di-triturazione-rottami-serie-psx","status":"publish","type":"product","link":"https:\/\/www.unitetopbalermachine.com\/it\/linee-di-triturazione-rottami-serie-psx.html","title":{"rendered":"Linee di triturazione rottami serie PSX"},"content":{"rendered":"<h2>Caratteristiche<\/h2>\n<p>1. Dotato di sistemi per l&#8217;abbattimento di polvere, rumore e spruzzi di raffreddamento, tra le altre cose, per soddisfare gli standard ambientali del progetto.<\/p>\n<p>2. Per soddisfare i requisiti di una produzione sicura ed efficace, il sistema pu\u00f2 essere dotato di un sistema di videosorveglianza completo in rete, di un sistema di controllo integrato automatizzato e di un sistema di gestione e manutenzione a distanza.<\/p>\n<p>3. Gli accessori dell&#8217;attrezzatura sono molto versatili e facili da manutenere, mentre la struttura centrale del dispositivo ha il vantaggio distintivo di essere progettata in modo indipendente.<\/p>\n<p>4. La struttura di alimentazione della piastra della catena, il movimento e l&#8217;efficienza operativa sono tutti migliorati dal motore idraulico ad alta coppia che aziona il rullo di precarico. Inoltre, consuma meno energia.<\/p>\n<h2>Specifiche tecniche<\/h2>\n<table>\n<tbody>\n<tr>\n<td>Modello<\/td>\n<td>&nbsp;<\/p>\n<p>Larghezza dell&#8217;apertura di alimentazione (mm)<\/p>\n<p>&nbsp;<\/td>\n<td>&nbsp;<\/p>\n<p>Potenza della macchina (kw\/HP)<\/td>\n<td>&nbsp;<\/p>\n<p>Capacit\u00e0 (t\/h)<\/td>\n<\/tr>\n<tr>\n<td>PSX-90<\/td>\n<td>1000<\/td>\n<td>90 (120)<\/td>\n<td>2-3<\/td>\n<\/tr>\n<tr>\n<td>PSX-160<\/td>\n<td>1200<\/td>\n<td>160(212)<\/td>\n<td>4-6<\/td>\n<\/tr>\n<tr>\n<td>PSX-400<\/td>\n<td>1400<\/td>\n<td>400(535)<\/td>\n<td>6-10<\/td>\n<\/tr>\n<tr>\n<td>PSX-500<\/td>\n<td>1600<\/td>\n<td>500(670)<\/td>\n<td>12-18<\/td>\n<\/tr>\n<tr>\n<td>PSX-700<\/td>\n<td rowspan=\"3\">2200<\/td>\n<td>750(1000)<\/td>\n<td>15-20<\/td>\n<\/tr>\n<tr>\n<td>PSX-900<\/td>\n<td>900(1200)<\/td>\n<td>20-25<\/td>\n<\/tr>\n<tr>\n<td>PSX-1200<\/td>\n<td>1200(1600)<\/td>\n<td>25-30<\/td>\n<\/tr>\n<tr>\n<td>PSX-1500<\/td>\n<td>2500<\/td>\n<td>1500(2000)<\/td>\n<td>30-50<\/td>\n<\/tr>\n<tr>\n<td>PSX-2250<\/td>\n<td><\/td>\n<td>2250(3000)<\/td>\n<td>50-70<\/td>\n<\/tr>\n<\/tbody>\n<\/table>\n<h2>Processo operativo specifico<\/h2>\n<p><strong>1. Alimentazione e pre-selezione<\/strong><br \/>\nI materiali di scarto, tra cui carrozzerie di automobili, lamiere e vecchi elettrodomestici, vengono introdotti nel trituratore tramite un sistema di trasporto o una benna mordente. I materiali di grandi dimensioni o pericolosi vengono preselezionati manualmente o meccanicamente per garantire una lavorazione sicura ed evitare danni alle apparecchiature.<\/p>\n<p><strong>2. Triturazione primaria<\/strong><br \/>\nI rottami vengono convogliati nella camera di triturazione primaria, dove martelli rotanti ad alta velocit\u00e0 frantumano e lacerano i materiali. La forza d&#8217;impatto scompone i rottami in frammenti pi\u00f9 piccoli, rimuovendo contemporaneamente rivestimenti e contaminanti superficiali.<\/p>\n<p><strong>3. Separazione magnetica<\/strong><br \/>\nDopo la frantumazione, il rottame lavorato passa attraverso un potente separatore magnetico. Questa fase rimuove efficacemente i materiali ferrosi dai componenti non ferrosi, garantendo che il rottame d&#8217;acciaio soddisfi i requisiti di purezza per la produzione di acciaio.<\/p>\n<p><strong>4. Ottimizzazione della densit\u00e0 e delle dimensioni<\/strong><br \/>\nIl materiale triturato viene ulteriormente lavorato per aumentarne la densit\u00e0 e l&#8217;uniformit\u00e0. Ulteriori meccanismi di laminazione o pressatura possono essere utilizzati per raggiungere il peso specifico desiderato, rendendo il rottame pi\u00f9 idoneo al caricamento in forno.<\/p>\n<p><strong>5. Raccolta di polvere e residui<\/strong><br \/>\nUn sistema avanzato di aspirazione delle polveri cattura le particelle fini e le impurit\u00e0 generate durante la triturazione, garantendo il rispetto delle normative ambientali e prevenendo i rischi sul posto di lavoro. I materiali leggeri come plastica, schiume e residui di tessuto vengono separati e rimossi.<\/p>\n<p><strong>6. Selezione dei metalli non ferrosi<\/strong><br \/>\nAttraverso separatori a correnti parassite e classificatori ad aria, i metalli non ferrosi come alluminio e rame vengono separati dal flusso di rottami frantumati, garantendo il massimo recupero del materiale e riducendo gli sprechi.<\/p>\n<p><strong>7. Output e archiviazione<\/strong><br \/>\nIl rottame finale lavorato viene scaricato su un sistema di trasporto per la raccolta e lo stoccaggio. Il rottame di acciaio di alta qualit\u00e0, ora privo di contaminanti e con densit\u00e0 uniforme, \u00e8 pronto per l&#8217;utilizzo diretto in forni elettrici o per ulteriori processi di raffinazione.<\/p>\n<p><strong>8. Controllo qualit\u00e0 e ispezione<\/strong><br \/>\nPrima della spedizione o del caricamento in forno, il rottame frantumato viene sottoposto a controlli di qualit\u00e0. Parametri come densit\u00e0, purezza e livelli di contaminazione vengono monitorati per soddisfare le specifiche dell&#8217;acciaieria relative al &#8220;materiale fine immesso in forno&#8221;.<\/p>\n","protected":false},"excerpt":{"rendered":"<p>Le nostre linee di triturazione dei rottami della serie PSX sono progettate per trasformare materiali di scarto come lattine vuote, lamiere, carrozzerie di automobili ed elettrodomestici in acciaio di alta qualit\u00e0.<\/p>\n<p>Triturando, la macchina rimuover\u00e0 il rivestimento, aumenter\u00e0 la densit\u00e0 e il potere dissolvente dei materiali e ne impedir\u00e0 l&#8217;esplosione, garantendo cos\u00ec alle acciaierie buone cariche per i forni.<\/p>\n<ul>\n<li>Rullo a comando idraulico<\/li>\n<li>Sistema di protezione ambientale<\/li>\n<li>Controllo remoto automatizzato<\/li>\n<li>Facile manutenzione<\/li>\n<li>Efficienza produttiva da 2 a 70 tonnellate all&#8217;ora<\/li>\n<\/ul>\n","protected":false},"featured_media":11338,"template":"","meta":{"site-sidebar-layout":"default","site-content-layout":"","ast-site-content-layout":"default","site-content-style":"default","site-sidebar-style":"default","ast-global-header-display":"","ast-banner-title-visibility":"","ast-main-header-display":"","ast-hfb-above-header-display":"","ast-hfb-below-header-display":"","ast-hfb-mobile-header-display":"","site-post-title":"","ast-breadcrumbs-content":"","ast-featured-img":"","footer-sml-layout":"","theme-transparent-header-meta":"default","adv-header-id-meta":"","stick-header-meta":"","header-above-stick-meta":"","header-main-stick-meta":"","header-below-stick-meta":"","astra-migrate-meta-layouts":"set","ast-page-background-enabled":"default","ast-page-background-meta":{"desktop":{"background-color":"var(--ast-global-color-4)","background-image":"","background-repeat":"repeat","background-position":"center center","background-size":"auto","background-attachment":"scroll","background-type":"","background-media":"","overlay-type":"","overlay-color":"","overlay-opacity":"","overlay-gradient":""},"tablet":{"background-color":"","background-image":"","background-repeat":"repeat","background-position":"center center","background-size":"auto","background-attachment":"scroll","background-type":"","background-media":"","overlay-type":"","overlay-color":"","overlay-opacity":"","overlay-gradient":""},"mobile":{"background-color":"","background-image":"","background-repeat":"repeat","background-position":"center center","background-size":"auto","background-attachment":"scroll","background-type":"","background-media":"","overlay-type":"","overlay-color":"","overlay-opacity":"","overlay-gradient":""}},"ast-content-background-meta":{"desktop":{"background-color":"var(--ast-global-color-5)","background-image":"","background-repeat":"repeat","background-position":"center center","background-size":"auto","background-attachment":"scroll","background-type":"","background-media":"","overlay-type":"","overlay-color":"","overlay-opacity":"","overlay-gradient":""},"tablet":{"background-color":"var(--ast-global-color-5)","background-image":"","background-repeat":"repeat","background-position":"center center","background-size":"auto","background-attachment":"scroll","background-type":"","background-media":"","overlay-type":"","overlay-color":"","overlay-opacity":"","overlay-gradient":""},"mobile":{"background-color":"var(--ast-global-color-5)","background-image":"","background-repeat":"repeat","background-position":"center center","background-size":"auto","background-attachment":"scroll","background-type":"","background-media":"","overlay-type":"","overlay-color":"","overlay-opacity":"","overlay-gradient":""}}},"product_brand":[],"product_cat":[174],"product_tag":[],"class_list":{"0":"post-12708","1":"product","2":"type-product","3":"status-publish","4":"has-post-thumbnail","6":"product_cat-linee-di-triturazione-dei-rottami","7":"desktop-align-left","8":"tablet-align-left","9":"mobile-align-left","11":"first","12":"instock","13":"shipping-taxable","14":"product-type-simple"},"_links":{"self":[{"href":"https:\/\/www.unitetopbalermachine.com\/it\/wp-json\/wp\/v2\/product\/12708","targetHints":{"allow":["GET"]}}],"collection":[{"href":"https:\/\/www.unitetopbalermachine.com\/it\/wp-json\/wp\/v2\/product"}],"about":[{"href":"https:\/\/www.unitetopbalermachine.com\/it\/wp-json\/wp\/v2\/types\/product"}],"wp:featuredmedia":[{"embeddable":true,"href":"https:\/\/www.unitetopbalermachine.com\/it\/wp-json\/wp\/v2\/media\/11338"}],"wp:attachment":[{"href":"https:\/\/www.unitetopbalermachine.com\/it\/wp-json\/wp\/v2\/media?parent=12708"}],"wp:term":[{"taxonomy":"product_brand","embeddable":true,"href":"https:\/\/www.unitetopbalermachine.com\/it\/wp-json\/wp\/v2\/product_brand?post=12708"},{"taxonomy":"product_cat","embeddable":true,"href":"https:\/\/www.unitetopbalermachine.com\/it\/wp-json\/wp\/v2\/product_cat?post=12708"},{"taxonomy":"product_tag","embeddable":true,"href":"https:\/\/www.unitetopbalermachine.com\/it\/wp-json\/wp\/v2\/product_tag?post=12708"}],"curies":[{"name":"wp","href":"https:\/\/api.w.org\/{rel}","templated":true}]}}