{"id":12689,"date":"2025-03-13T01:04:45","date_gmt":"2025-03-13T01:04:45","guid":{"rendered":"https:\/\/www.unitetopbalermachine.com\/product\/macchina-trituratrice-di-metalli-a-controllo-automatico-serie-spj\/"},"modified":"2026-03-18T08:28:58","modified_gmt":"2026-03-18T08:28:58","slug":"macchina-trituratrice-di-metalli-a-controllo-automatico-serie-spj","status":"publish","type":"product","link":"https:\/\/www.unitetopbalermachine.com\/it\/macchina-trituratrice-di-metalli-a-controllo-automatico-serie-spj.html","title":{"rendered":"Macchina trituratrice di metalli a controllo automatico serie SPJ"},"content":{"rendered":"<h2>Dettagli del prodotto<\/h2>\n<p>Il trituratore per metalli \u00e8 un dispositivo altamente versatile e multifunzionale, progettato con una struttura modulare standardizzata che garantisce un&#8217;eccellente intercambiabilit\u00e0 dei componenti. \u00c8 dotato di lame ausiliarie realizzate in acciaio forgiato a stampo di precisione, che ne migliorano la durata e le prestazioni di taglio. <\/p>\n<p>La sua funzione principale \u00e8 quella di triturare e compattare materiali metallici di grandi dimensioni, tra cui fusti fuori misura e rifiuti metallici ingombranti, rendendoli pi\u00f9 compatti per garantire un trasporto e un riciclaggio efficienti. Riducendo i materiali alle dimensioni richieste, aumenta la densit\u00e0 di stoccaggio, facilitando la movimentazione e il riutilizzo. Grazie al design elegante, alla struttura robusta e alle dimensioni compatte, la macchina non solo aumenta la capacit\u00e0 di lavorazione e l&#8217;efficienza di triturazione, ma amplia anche la sua gamma di applicazioni.  <\/p>\n<p>Ampiamente utilizzato per la frantumazione dei rottami metallici, il trituratore contribuisce a ottimizzare la densit\u00e0 apparente, semplificando cos\u00ec la logistica e il riciclaggio. \u00c8 particolarmente efficace nel trattamento di secchi di vernice, fusti di gasolio, lamiere sottili, carrozzerie di automobili, blocchi di metallo compresso e scarti di lamiera. Le lame sono realizzate in acciaio legato ad alta resistenza, garantendo un&#8217;eccezionale resistenza all&#8217;usura e una lunga durata, che rendono la macchina affidabile per operazioni gravose a lungo termine.  <\/p>\n<h3>Caratteristiche<\/h3>\n<p>1. La robusta lama mobile migliora l&#8217;efficienza di frantumazione, mentre la fusione in acciaio legato garantisce resistenza e una maggiore durata.<\/p>\n<p>2. La robusta piastra del telaio resiste a coppie elevate, garantendo resistenza e stabilit\u00e0 eccezionali.<\/p>\n<p>3. Dotato di un sistema di controllo automatico a microprocessore (PLC), che consente l&#8217;avvio, l&#8217;arresto, l&#8217;inversione di marcia e la protezione da sovraccarico con funzione di inversione automatica.<\/p>\n<p>4. Il nostro trituratore per metalli funziona a bassa velocit\u00e0 con una coppia elevata, generando rumori e polveri minimi e rispettando al contempo le norme di tutela ambientale.<\/p>\n<p>5. Progettato per garantire facilit\u00e0 di regolazione, bassi costi di manutenzione e convenienza a lungo termine.<\/p>\n<p>6. Lo spessore dell&#8217;utensile e il numero di denti della lama possono essere personalizzati in base alle diverse esigenze di lavorazione dei materiali.<\/p>\n<h2>Principio di funzionamento di un trituratore per metalli<\/h2>\n<p>Il materiale viene inserito nella trituratrice all&#8217;interno della cabina, dove viene sminuzzato in piccoli pezzi per soddisfare i requisiti della parte inferiore della cabina, dopo che la lama di triturazione lo ha lacerato, estruso, tagliato e sottoposto ad altre operazioni complete.<\/p>\n<p>Lo sviluppo del trituratore per metalli non solo risolve il problema dell&#8217;accumulo di grandi quantit\u00e0 di materiale grazie alla lavorazione, ma ne facilita anche il trasporto e il riciclaggio. Le parti pi\u00f9 importanti del processo sono la testa di taglio e il motore; il trituratore per metalli sminuzza i materiali metallici e i requisiti relativi alla durezza e alla resistenza all&#8217;usura della testa di taglio sono particolarmente elevati; se tali requisiti non vengono soddisfatti, la macchina subir\u00e0 dei danni. <\/p>\n<h2>Dettagli sul trituratore di metalli<\/h2>\n<table class=\"table03132\">\n<tbody>\n<tr>\n<td><img fetchpriority=\"high\" decoding=\"async\" class=\"alignnone size-full wp-image-11261\" src=\"https:\/\/www.unitetopbalermachine.com\/wp-content\/uploads\/2025\/03\/Metal-Shredder-Machine-Blade.jpg\" alt=\"Lama per trituratore di metalli\" width=\"600\" height=\"450\" srcset=\"https:\/\/www.unitetopbalermachine.com\/wp-content\/uploads\/2025\/03\/Metal-Shredder-Machine-Blade.jpg 600w, https:\/\/www.unitetopbalermachine.com\/wp-content\/uploads\/2025\/03\/Metal-Shredder-Machine-Blade-300x225.jpg 300w\" sizes=\"(max-width: 600px) 100vw, 600px\" \/><\/td>\n<td>1. Lama per trituratore di metalli<br \/>\nPossiamo personalizzare la lama per il vostro trituratore di metalli in base al tipo di materiale da triturare.<\/td>\n<\/tr>\n<tr>\n<td><img decoding=\"async\" class=\"alignnone size-full wp-image-11273\" src=\"https:\/\/www.unitetopbalermachine.com\/wp-content\/uploads\/2025\/03\/Metal-Shredder-Machine-Control-Button.jpg\" alt=\"Pulsante di comando del trituratore di metalli\" width=\"600\" height=\"661\" srcset=\"https:\/\/www.unitetopbalermachine.com\/wp-content\/uploads\/2025\/03\/Metal-Shredder-Machine-Control-Button.jpg 600w, https:\/\/www.unitetopbalermachine.com\/wp-content\/uploads\/2025\/03\/Metal-Shredder-Machine-Control-Button-272x300.jpg 272w\" sizes=\"(max-width: 600px) 100vw, 600px\" \/><\/td>\n<td>2. Pulsante di comando<br \/>\nIl nostro trituratore di metalli \u00e8 dotato di un sistema di controllo automatico che ne semplifica l&#8217;utilizzo e ne facilita la manutenzione.<\/td>\n<\/tr>\n<tr>\n<td><img decoding=\"async\" class=\"alignnone size-full wp-image-11285\" src=\"https:\/\/www.unitetopbalermachine.com\/wp-content\/uploads\/2025\/03\/Small-All-In-One-Metal-Shredder-Machine.jpg\" alt=\"Piccolo distruggidocumenti metallico tutto in uno\" width=\"600\" height=\"453\" srcset=\"https:\/\/www.unitetopbalermachine.com\/wp-content\/uploads\/2025\/03\/Small-All-In-One-Metal-Shredder-Machine.jpg 600w, https:\/\/www.unitetopbalermachine.com\/wp-content\/uploads\/2025\/03\/Small-All-In-One-Metal-Shredder-Machine-300x227.jpg 300w\" sizes=\"(max-width: 600px) 100vw, 600px\" \/><\/td>\n<td>3. Macchina multifunzione<br \/>\nLa nostra piccola trituratrice metallica multifunzione presenta un design speciale, occupa poco spazio ed \u00e8 dotata di caratteristiche che ne garantiscono la sicurezza e la praticit\u00e0.<\/td>\n<\/tr>\n<\/tbody>\n<\/table>\n<h2>I nostri modelli di trituratori per metalli<\/h2>\n<p><img loading=\"lazy\" decoding=\"async\" class=\"size-full wp-image-14322 aligncenter\" src=\"https:\/\/www.unitetopbalermachine.com\/wp-content\/uploads\/2025\/03\/Metal-Shredder-Types.jpg\" alt=\"Tipi di trituratori per metalli\" width=\"900\" height=\"600\" srcset=\"https:\/\/www.unitetopbalermachine.com\/wp-content\/uploads\/2025\/03\/Metal-Shredder-Types.jpg 900w, https:\/\/www.unitetopbalermachine.com\/wp-content\/uploads\/2025\/03\/Metal-Shredder-Types-300x200.jpg 300w, https:\/\/www.unitetopbalermachine.com\/wp-content\/uploads\/2025\/03\/Metal-Shredder-Types-768x512.jpg 768w, https:\/\/www.unitetopbalermachine.com\/wp-content\/uploads\/2025\/03\/Metal-Shredder-Types-600x400.jpg 600w\" sizes=\"(max-width: 900px) 100vw, 900px\" \/><\/p>\n<h3>Trituratore di metalli monoalbero<\/h3>\n<ul>\n<li>Ottimizzato per scarti di peso leggero o medio, garantisce un&#8217;efficienza di triturazione costante.<\/li>\n<li>Facile manutenzione grazie alle lame sostituibili, per tempi di fermo minimi.<\/li>\n<li>Il design a basso consumo energetico riduce i costi di gestione senza compromettere la funzionalit\u00e0.<\/li>\n<\/ul>\n<h3>Trituratore di metalli a doppio albero<\/h3>\n<ul>\n<li>Gestisce rottami pi\u00f9 grandi e resistenti con una maggiore capacit\u00e0 produttiva.<\/li>\n<li>I due rotori garantiscono una triturazione uniforme e riducono il rischio di inceppamenti.<\/li>\n<li>Struttura robusta, adatta a un impiego industriale intensivo e continuativo.<\/li>\n<\/ul>\n<h3>Trituratore mobile per metalli<\/h3>\n<ul>\n<li>La flessibilit\u00e0 di installazione consente l&#8217;utilizzo in pi\u00f9 sedi o in configurazioni temporanee.<\/li>\n<li>Design compatto e maneggevole per il trattamento dei rottami in loco.<\/li>\n<li>L&#8217;installazione rapida e la facilit\u00e0 di trasporto riducono i tempi di inattivit\u00e0 e i costi logistici.<\/li>\n<\/ul>\n<h3>Trituratore industriale per impieghi gravosi<\/h3>\n<ul>\n<li>Progettato per il riciclaggio continuo di grandi quantit\u00e0 di metallo in ambienti industriali.<\/li>\n<li>Il rotore e il telaio rinforzati resistono all&#8217;usura estrema.<\/li>\n<li>Dimensioni di uscita personalizzabili per soddisfare i requisiti pi\u00f9 esigenti delle fasi di lavorazione successive.<\/li>\n<\/ul>\n<h2>Applicazioni<\/h2>\n<p>I trituratori di metalli trovano impiego in diversi settori industriali, migliorando l&#8217;efficienza del riciclaggio e riducendo i costi di gestione dei rifiuti.<\/p>\n<ul>\n<li><strong>Riciclaggio automobilistico:<\/strong> Frantumazione di carrozzerie, telai e componenti metallici per il recupero dei rottami.<\/li>\n<li><strong>Lavorazione di cavi e fili elettrici:<\/strong> Lavorazione efficiente di rottami di cavi in rame, alluminio e misti.<\/li>\n<li><strong>Rottami di acciaio, alluminio e rame:<\/strong> Riduce i grandi rottami industriali in pezzi di dimensioni uniformi per la successiva lavorazione.<\/li>\n<li><strong>Riciclaggio dei rifiuti elettronici:<\/strong> Gestisce in modo sicuro i rifiuti elettronici, inclusi computer, elettrodomestici e componenti elettronici.<\/li>\n<li><strong>Riduzione dei rifiuti industriali e di fonderia:<\/strong> Ottimizza la gestione dei rifiuti metallici per fabbriche, fonderie e impianti di lavorazione dei metalli.<\/li>\n<\/ul>\n<p><img loading=\"lazy\" decoding=\"async\" class=\"size-full wp-image-11454 aligncenter\" src=\"https:\/\/www.unitetopbalermachine.com\/wp-content\/uploads\/2025\/03\/SPJ-Series-Automatic-Control-Metal-Shredder-Machine-Applications.jpg\" alt=\"Applicazioni della trituratrice automatica per metalli della serie SPJ\" width=\"800\" height=\"490\" srcset=\"https:\/\/www.unitetopbalermachine.com\/wp-content\/uploads\/2025\/03\/SPJ-Series-Automatic-Control-Metal-Shredder-Machine-Applications.jpg 800w, https:\/\/www.unitetopbalermachine.com\/wp-content\/uploads\/2025\/03\/SPJ-Series-Automatic-Control-Metal-Shredder-Machine-Applications-300x184.jpg 300w, https:\/\/www.unitetopbalermachine.com\/wp-content\/uploads\/2025\/03\/SPJ-Series-Automatic-Control-Metal-Shredder-Machine-Applications-768x470.jpg 768w, https:\/\/www.unitetopbalermachine.com\/wp-content\/uploads\/2025\/03\/SPJ-Series-Automatic-Control-Metal-Shredder-Machine-Applications-600x368.jpg 600w\" sizes=\"(max-width: 800px) 100vw, 800px\" \/><\/p>\n<h2>Parametri tecnici<\/h2>\n<table>\n<tbody>\n<tr>\n<td><strong>Modello<\/strong><\/td>\n<td><strong>Diametro delle lame (mm)<\/strong><\/td>\n<td><strong>Dimensioni della camera (mm)<\/strong><\/td>\n<td><strong>Capacit\u00e0 (kg\/h)<\/strong><\/td>\n<td><strong>Potenza (kw)<\/strong><\/td>\n<td><strong>Dimensioni della macchina (mm)<\/strong><\/td>\n<td><strong>Peso (kg)<\/strong><\/td>\n<\/tr>\n<tr>\n<td>SPJ-600<\/td>\n<td>260<\/td>\n<td>600\u00d7550<\/td>\n<td>800-500<\/td>\n<td>15<\/td>\n<td>1800\u00d71300\u00d71700<\/td>\n<td>2850<\/td>\n<\/tr>\n<tr>\n<td>SPJ-800<\/td>\n<td>300<\/td>\n<td>800\u00d7600<\/td>\n<td>500-800<\/td>\n<td>37<\/td>\n<td>2800\u00d71800\u00d72100<\/td>\n<td>4200<\/td>\n<\/tr>\n<tr>\n<td>SPJ-1000<\/td>\n<td>350<\/td>\n<td>1000\u00d7700<\/td>\n<td>800-1500<\/td>\n<td>45<\/td>\n<td>2800\u00d72000\u00d72100<\/td>\n<td>6500<\/td>\n<\/tr>\n<tr>\n<td>SPJ-1200<\/td>\n<td>400<\/td>\n<td>1200\u00d7900<\/td>\n<td>1500-2500<\/td>\n<td>55<\/td>\n<td>2800\u00d72500\u00d72100<\/td>\n<td>7800<\/td>\n<\/tr>\n<tr>\n<td>SPJ-1400<\/td>\n<td>450<\/td>\n<td>1400\u00d7900<\/td>\n<td>2500-4000<\/td>\n<td>75<\/td>\n<td>2800\u00d72800\u00d72100<\/td>\n<td>9600<\/td>\n<\/tr>\n<tr>\n<td>SPJ-1600<\/td>\n<td>500<\/td>\n<td>1600\u00d71000<\/td>\n<td>4000-6000<\/td>\n<td>90<\/td>\n<td>3000\u00d72800\u00d72100<\/td>\n<td>12500<\/td>\n<\/tr>\n<\/tbody>\n<\/table>\n<h2>Fornitori associati<\/h2>\n<p><img loading=\"lazy\" decoding=\"async\" class=\"size-full wp-image-11297 aligncenter\" src=\"https:\/\/www.unitetopbalermachine.com\/wp-content\/uploads\/2025\/03\/Cooperative-Suppliers.jpg\" alt=\"Fornitori associati\" width=\"900\" height=\"422\" srcset=\"https:\/\/www.unitetopbalermachine.com\/wp-content\/uploads\/2025\/03\/Cooperative-Suppliers.jpg 900w, https:\/\/www.unitetopbalermachine.com\/wp-content\/uploads\/2025\/03\/Cooperative-Suppliers-300x141.jpg 300w, https:\/\/www.unitetopbalermachine.com\/wp-content\/uploads\/2025\/03\/Cooperative-Suppliers-768x360.jpg 768w, https:\/\/www.unitetopbalermachine.com\/wp-content\/uploads\/2025\/03\/Cooperative-Suppliers-600x281.jpg 600w\" sizes=\"(max-width: 900px) 100vw, 900px\" \/><\/p>\n<h2>Imballaggio<\/h2>\n<p>Utilizzeremo imballaggi in pellicola avvolta o imballaggi in legno per proteggere il nostro trituratore di metalli della serie SPJ; provvederemo a imballarlo adeguatamente prima di caricarlo nel container.<\/p>\n<p><img loading=\"lazy\" decoding=\"async\" class=\"alignnone size-full wp-image-11442\" src=\"https:\/\/www.unitetopbalermachine.com\/wp-content\/uploads\/2025\/03\/SPJ-Series-Automatic-Control-Metal-Shredder-Machine-Packaging.jpg\" alt=\"Confezionamento della trituratrice automatica per metalli serie SPJ\" width=\"1200\" height=\"298\" srcset=\"https:\/\/www.unitetopbalermachine.com\/wp-content\/uploads\/2025\/03\/SPJ-Series-Automatic-Control-Metal-Shredder-Machine-Packaging.jpg 1200w, https:\/\/www.unitetopbalermachine.com\/wp-content\/uploads\/2025\/03\/SPJ-Series-Automatic-Control-Metal-Shredder-Machine-Packaging-300x75.jpg 300w, https:\/\/www.unitetopbalermachine.com\/wp-content\/uploads\/2025\/03\/SPJ-Series-Automatic-Control-Metal-Shredder-Machine-Packaging-1024x254.jpg 1024w, https:\/\/www.unitetopbalermachine.com\/wp-content\/uploads\/2025\/03\/SPJ-Series-Automatic-Control-Metal-Shredder-Machine-Packaging-768x191.jpg 768w, https:\/\/www.unitetopbalermachine.com\/wp-content\/uploads\/2025\/03\/SPJ-Series-Automatic-Control-Metal-Shredder-Machine-Packaging-600x149.jpg 600w\" sizes=\"(max-width: 1200px) 100vw, 1200px\" \/><\/p>\n<h2>Guarda la trituratrice per rottami metallici in azione!<\/h2>\n<div class=\"ast-oembed-container \" style=\"height: 100%;\"><iframe title=\"Chinese Manufacture Automatic Control SPJ Series metal shredder machine\" width=\"500\" height=\"375\" src=\"https:\/\/www.youtube.com\/embed\/tsPp8oBwaP4?feature=oembed\" frameborder=\"0\" allow=\"accelerometer; autoplay; clipboard-write; encrypted-media; gyroscope; picture-in-picture; web-share\" referrerpolicy=\"strict-origin-when-cross-origin\" allowfullscreen><\/iframe><\/div>\n<style>.table03132{border:none;}.table03132 td{border:none;}<\/style>\n","protected":false},"excerpt":{"rendered":"<p>Il nostro trituratore per metalli tratta in modo efficiente vari prodotti metallici, tra cui ferro, lattine (di alluminio e di latta), secchi di vernice e altro ancora. Offriamo test sui materiali con le nostre materie prime preparate per garantire prestazioni ottimali. <\/p>\n<p>Con oltre 25 anni di esperienza nel settore, abbiamo fornito pi\u00f9 di 3.000 soluzioni personalizzate per il riciclaggio dei rottami metallici, studiate su misura per soddisfare le diverse esigenze del settore.<\/p>\n<ul>\n<li>Design modulare, facile manutenzione<\/li>\n<li>Lame in lega ad alta resistenza<\/li>\n<li>Sistema di controllo automatico PLC<\/li>\n<li>Bassa rumorosit\u00e0, coppia elevata<\/li>\n<li>Personalizzabile per diversi materiali<\/li>\n<\/ul>\n","protected":false},"featured_media":11325,"template":"","meta":{"site-sidebar-layout":"default","site-content-layout":"","ast-site-content-layout":"default","site-content-style":"default","site-sidebar-style":"default","ast-global-header-display":"","ast-banner-title-visibility":"","ast-main-header-display":"","ast-hfb-above-header-display":"","ast-hfb-below-header-display":"","ast-hfb-mobile-header-display":"","site-post-title":"","ast-breadcrumbs-content":"","ast-featured-img":"","footer-sml-layout":"","theme-transparent-header-meta":"default","adv-header-id-meta":"","stick-header-meta":"","header-above-stick-meta":"","header-main-stick-meta":"","header-below-stick-meta":"","astra-migrate-meta-layouts":"set","ast-page-background-enabled":"default","ast-page-background-meta":{"desktop":{"background-color":"var(--ast-global-color-4)","background-image":"","background-repeat":"repeat","background-position":"center center","background-size":"auto","background-attachment":"scroll","background-type":"","background-media":"","overlay-type":"","overlay-color":"","overlay-opacity":"","overlay-gradient":""},"tablet":{"background-color":"","background-image":"","background-repeat":"repeat","background-position":"center center","background-size":"auto","background-attachment":"scroll","background-type":"","background-media":"","overlay-type":"","overlay-color":"","overlay-opacity":"","overlay-gradient":""},"mobile":{"background-color":"","background-image":"","background-repeat":"repeat","background-position":"center center","background-size":"auto","background-attachment":"scroll","background-type":"","background-media":"","overlay-type":"","overlay-color":"","overlay-opacity":"","overlay-gradient":""}},"ast-content-background-meta":{"desktop":{"background-color":"var(--ast-global-color-5)","background-image":"","background-repeat":"repeat","background-position":"center center","background-size":"auto","background-attachment":"scroll","background-type":"","background-media":"","overlay-type":"","overlay-color":"","overlay-opacity":"","overlay-gradient":""},"tablet":{"background-color":"var(--ast-global-color-5)","background-image":"","background-repeat":"repeat","background-position":"center center","background-size":"auto","background-attachment":"scroll","background-type":"","background-media":"","overlay-type":"","overlay-color":"","overlay-opacity":"","overlay-gradient":""},"mobile":{"background-color":"var(--ast-global-color-5)","background-image":"","background-repeat":"repeat","background-position":"center center","background-size":"auto","background-attachment":"scroll","background-type":"","background-media":"","overlay-type":"","overlay-color":"","overlay-opacity":"","overlay-gradient":""}}},"product_brand":[],"product_cat":[168],"product_tag":[],"class_list":{"0":"post-12689","1":"product","2":"type-product","3":"status-publish","4":"has-post-thumbnail","6":"product_cat-macchina-trituratrice-di-metalli","7":"desktop-align-left","8":"tablet-align-left","9":"mobile-align-left","11":"first","12":"instock","13":"shipping-taxable","14":"product-type-simple"},"_links":{"self":[{"href":"https:\/\/www.unitetopbalermachine.com\/it\/wp-json\/wp\/v2\/product\/12689","targetHints":{"allow":["GET"]}}],"collection":[{"href":"https:\/\/www.unitetopbalermachine.com\/it\/wp-json\/wp\/v2\/product"}],"about":[{"href":"https:\/\/www.unitetopbalermachine.com\/it\/wp-json\/wp\/v2\/types\/product"}],"wp:featuredmedia":[{"embeddable":true,"href":"https:\/\/www.unitetopbalermachine.com\/it\/wp-json\/wp\/v2\/media\/11325"}],"wp:attachment":[{"href":"https:\/\/www.unitetopbalermachine.com\/it\/wp-json\/wp\/v2\/media?parent=12689"}],"wp:term":[{"taxonomy":"product_brand","embeddable":true,"href":"https:\/\/www.unitetopbalermachine.com\/it\/wp-json\/wp\/v2\/product_brand?post=12689"},{"taxonomy":"product_cat","embeddable":true,"href":"https:\/\/www.unitetopbalermachine.com\/it\/wp-json\/wp\/v2\/product_cat?post=12689"},{"taxonomy":"product_tag","embeddable":true,"href":"https:\/\/www.unitetopbalermachine.com\/it\/wp-json\/wp\/v2\/product_tag?post=12689"}],"curies":[{"name":"wp","href":"https:\/\/api.w.org\/{rel}","templated":true}]}}