{"id":3111,"date":"2024-05-07T13:16:20","date_gmt":"2024-05-07T13:16:20","guid":{"rendered":"https:\/\/www.unitetopbalermachine.com\/product\/compacteur-de-voiture-hbb-4800\/"},"modified":"2024-12-13T02:45:18","modified_gmt":"2024-12-13T02:45:18","slug":"compacteur-de-voiture-hbb-4800","status":"publish","type":"product","link":"https:\/\/www.unitetopbalermachine.com\/fr\/product\/compacteur-de-voiture-hbb-4800.html","title":{"rendered":"Compacteur de voiture HBB-4800"},"content":{"rendered":"<h2 class=\"page_title\" style=\"text-align: center;\">Presse \u00e0 balles hydraulique pour voiture avec pinces \u00e0 ferraille<\/h2>\n<p><img fetchpriority=\"high\" decoding=\"async\" class=\"wp-image-1200 aligncenter\" src=\"https:\/\/www.unitetopbalermachine.com\/wp-content\/uploads\/2024\/04\/Car-Balers.webp\" alt=\"Presses \u00e0 balles pour voitures\" width=\"689\" height=\"517\" srcset=\"https:\/\/www.unitetopbalermachine.com\/wp-content\/uploads\/2024\/04\/Car-Balers.webp 1024w, https:\/\/www.unitetopbalermachine.com\/wp-content\/uploads\/2024\/04\/Car-Balers-600x450.webp 600w, https:\/\/www.unitetopbalermachine.com\/wp-content\/uploads\/2024\/04\/Car-Balers-300x225.webp 300w, https:\/\/www.unitetopbalermachine.com\/wp-content\/uploads\/2024\/04\/Car-Balers-768x576.webp 768w\" sizes=\"(max-width: 689px) 100vw, 689px\" \/><\/p>\n<h3><\/h3>\n<h3>Caract\u00e9ristiques<\/h3>\n<ul>\n<li><strong>Silencieux et efficace :<\/strong> la presse \u00e0 balles pour voitures est dot\u00e9e d&rsquo;un entra\u00eenement hydraulique pour un fonctionnement silencieux, de vitesses d&rsquo;extrusion rapides et d&rsquo;une force vitale pour les blocs m\u00e9talliques coh\u00e9sifs.<\/li>\n<li><strong>Construction durable<\/strong> : construit \u00e0 partir de plaques d&rsquo;acier standardis\u00e9es avec soudage avanc\u00e9 pour une durabilit\u00e9, de faibles taux de d\u00e9faillance et une longue dur\u00e9e de vie.<\/li>\n<li><strong>Options de refroidissement<\/strong> : offre un syst\u00e8me de refroidissement en option, dans des variantes refroidies \u00e0 l&rsquo;eau ou \u00e0 l&rsquo;air, pour am\u00e9liorer le fonctionnement continu et r\u00e9duire les pannes.<\/li>\n<li><strong>\u00c9tanch\u00e9it\u00e9 sup\u00e9rieure<\/strong> : \u00e9quip\u00e9 d&rsquo;un anneau GRAI import\u00e9 dans le cylindre pour une \u00e9tanch\u00e9it\u00e9 sup\u00e9rieure et une r\u00e9sistance \u00e0 haute pression.<\/li>\n<li><strong>Conception compacte<\/strong> : con\u00e7u pour une installation facile sans fondation fixe et comprend un mode automatique pour un fonctionnement simple.<\/li>\n<li><strong>Extrusion \u00e0 froid<\/strong> : utilise la technologie pour pr\u00e9server l\u2019int\u00e9grit\u00e9 du m\u00e9tal et optimiser l\u2019utilisation des mat\u00e9riaux.<\/li>\n<li><strong>Haute efficacit\u00e9<\/strong> : plus efficace que les m\u00e9thodes traditionnelles de martelage ou d\u2019emballage m\u00e9canique.<\/li>\n<\/ul>\n<h2><\/h2>\n<h3>Comment fonctionne un compacteur de voiture ?<\/h3>\n<p style=\"text-align: center;\"><iframe title=\"Lecteur vid\u00e9o YouTube\" src=\"https:\/\/www.youtube.com\/embed\/w9cMSOcRoLA?si=-8vQJXZyRehomNDb\" width=\"560\" height=\"315\" frameborder=\"0\" allowfullscreen=\"allowfullscreen\" data-mce-fragment=\"1\"><\/iframe><\/p>\n<ul>\n<li><strong>Pr\u00e9paration : <\/strong> Assurez-vous du positionnement du compacteur de voiture et du fonctionnement des composants, puis nettoyez la zone environnante.<\/li>\n<li><strong>Chargement<\/strong> : Positionner correctement les carrosseries de ferraille ou les pi\u00e8ces m\u00e9talliques dans la zone de travail de la presse.<\/li>\n<li><strong>R\u00e9glage des param\u00e8tres<\/strong> : ajustez la pression et le temps de compression en fonction du type et de la taille du mat\u00e9riau.<\/li>\n<li><strong>D\u00e9marrage de l&rsquo;op\u00e9ration : <\/strong> activez le compacteur de voiture, manuellement ou automatiquement, et surveillez les probl\u00e8mes.<\/li>\n<li><strong>Compression<\/strong> : appliquez une pression hydraulique pour compacter les d\u00e9chets en balles serr\u00e9es, en maintenant la stabilit\u00e9.<\/li>\n<li><b>D\u00e9chargement: <\/b>arr\u00eatez la machine apr\u00e8s la compression et retirez les balles \u00e0 l&rsquo;aide des <strong><a href=\"https:\/\/www.unitetopbalermachine.com\/scrap-grabs.html\">pinces \u00e0 \u00e9corces d&rsquo;orange<\/a><\/strong>.<\/li>\n<li><b>Nettoyage et entretien : <\/b> nettoyez le compacteur de voiture et la zone et effectuez l&rsquo;entretien n\u00e9cessaire pour une fonctionnalit\u00e9 \u00e0 long terme.<\/li>\n<\/ul>\n<h3><\/h3>\n<h3>Possibilit\u00e9s<\/h3>\n<p>Lors du choix d&rsquo;une presse \u00e0 balles pour voiture, vous pouvez choisir entre une pince \u00e0 ferraille fixe et une pelle pour compl\u00e9ter l&rsquo;op\u00e9ration.<\/p>\n<p><img decoding=\"async\" class=\"aligncenter wp-image-2001 size-full\" src=\"https:\/\/www.unitetopbalermachine.com\/wp-content\/uploads\/2024\/05\/Excavator-Scrap-Grapple-vs-fixed.jpg\" alt=\"Grappin \u00e0 ferraille\" width=\"726\" height=\"326\" srcset=\"https:\/\/www.unitetopbalermachine.com\/wp-content\/uploads\/2024\/05\/Excavator-Scrap-Grapple-vs-fixed.jpg 726w, https:\/\/www.unitetopbalermachine.com\/wp-content\/uploads\/2024\/05\/Excavator-Scrap-Grapple-vs-fixed-300x135.jpg 300w, https:\/\/www.unitetopbalermachine.com\/wp-content\/uploads\/2024\/05\/Excavator-Scrap-Grapple-vs-fixed-600x269.jpg 600w\" sizes=\"(max-width: 726px) 100vw, 726px\" \/><\/p>\n<h3><\/h3>\n<h3>Fournisseurs coop\u00e9ratifs<\/h3>\n<p><img decoding=\"async\" class=\"wp-image-1707 aligncenter\" src=\"https:\/\/www.unitetopbalermachine.com\/wp-content\/uploads\/2024\/05\/COOPERATIVE-SUPPLIERS-1024x256.jpg\" alt=\"Fournisseurs coop\u00e9ratifs\" width=\"701\" height=\"175\" srcset=\"https:\/\/www.unitetopbalermachine.com\/wp-content\/uploads\/2024\/05\/COOPERATIVE-SUPPLIERS-1024x256.jpg 1024w, https:\/\/www.unitetopbalermachine.com\/wp-content\/uploads\/2024\/05\/COOPERATIVE-SUPPLIERS-600x150.jpg 600w, https:\/\/www.unitetopbalermachine.com\/wp-content\/uploads\/2024\/05\/COOPERATIVE-SUPPLIERS-300x75.jpg 300w, https:\/\/www.unitetopbalermachine.com\/wp-content\/uploads\/2024\/05\/COOPERATIVE-SUPPLIERS-768x192.jpg 768w, https:\/\/www.unitetopbalermachine.com\/wp-content\/uploads\/2024\/05\/COOPERATIVE-SUPPLIERS.jpg 1200w\" sizes=\"(max-width: 701px) 100vw, 701px\" \/><\/p>\n","protected":false},"excerpt":{"rendered":"<p>Le compacteur de voiture est \u00e9galement connu sous le nom d&rsquo;enregistreur de voiture, de broyeur de voiture ou de presse \u00e0 balles de voiture.<br \/>\nIl s&rsquo;agit d&rsquo;un \u00e9quipement robuste con\u00e7u pour compresser les voitures mises au rebut en blocs plus petits pour un transport et un recyclage plus accessibles.<br \/>\nCette machine utilise un syst\u00e8me hydraulique puissant capable de comprimer efficacement le m\u00e9tal, r\u00e9duisant ainsi consid\u00e9rablement le volume des d\u00e9chets de wagons.<br \/>\nLa structure de la presse \u00e0 ferraille hydraulique pour voitures est robuste et capable de r\u00e9sister \u00e0 des niveaux de pression \u00e9lev\u00e9s, garantissant s\u00e9curit\u00e9 et stabilit\u00e9 pendant le processus de compression.<\/p>\n<table border=\"1\" cellspacing=\"0\">\n<tbody>\n<tr>\n<td valign=\"top\" width=\"225\">Mod\u00e8le<\/td>\n<td valign=\"top\" width=\"225\">HBB-4800<\/td>\n<\/tr>\n<tr>\n<td valign=\"top\" width=\"225\">Pression hydraulique<\/td>\n<td valign=\"top\" width=\"225\">100-250 tonnes<\/td>\n<\/tr>\n<tr>\n<td valign=\"top\" width=\"225\">Taille de la balle<\/td>\n<td valign=\"top\" width=\"225\">870 \u00d7 670 mm \u00d7 longueur variable<\/td>\n<\/tr>\n<tr>\n<td valign=\"top\" width=\"225\">Taille de la chambre<\/td>\n<td valign=\"top\" width=\"225\">4800\u00d71720 mm<\/td>\n<\/tr>\n<tr>\n<td valign=\"top\" width=\"225\">Voie de sortie de la balle<\/td>\n<td valign=\"top\" width=\"225\">Prendre la balle avec la machine \u00e0 pince<\/td>\n<\/tr>\n<tr>\n<td valign=\"top\" width=\"225\">Couleur<\/td>\n<td valign=\"top\" width=\"225\">Personnalis\u00e9<\/td>\n<\/tr>\n<tr>\n<td valign=\"top\" width=\"225\">Fonctionnement<\/td>\n<td valign=\"top\" width=\"225\">Contr\u00f4le PLC automatique<\/td>\n<\/tr>\n<\/tbody>\n<\/table>\n<p>&nbsp;<\/p>\n","protected":false},"featured_media":2809,"template":"","meta":{"site-sidebar-layout":"default","site-content-layout":"","ast-site-content-layout":"default","site-content-style":"default","site-sidebar-style":"default","ast-global-header-display":"","ast-banner-title-visibility":"","ast-main-header-display":"","ast-hfb-above-header-display":"","ast-hfb-below-header-display":"","ast-hfb-mobile-header-display":"","site-post-title":"","ast-breadcrumbs-content":"","ast-featured-img":"","footer-sml-layout":"","theme-transparent-header-meta":"default","adv-header-id-meta":"","stick-header-meta":"","header-above-stick-meta":"","header-main-stick-meta":"","header-below-stick-meta":"","astra-migrate-meta-layouts":"set","ast-page-background-enabled":"default","ast-page-background-meta":{"desktop":{"background-color":"var(--ast-global-color-4)","background-image":"","background-repeat":"repeat","background-position":"center center","background-size":"auto","background-attachment":"scroll","background-type":"","background-media":"","overlay-type":"","overlay-color":"","overlay-opacity":"","overlay-gradient":""},"tablet":{"background-color":"","background-image":"","background-repeat":"repeat","background-position":"center center","background-size":"auto","background-attachment":"scroll","background-type":"","background-media":"","overlay-type":"","overlay-color":"","overlay-opacity":"","overlay-gradient":""},"mobile":{"background-color":"","background-image":"","background-repeat":"repeat","background-position":"center center","background-size":"auto","background-attachment":"scroll","background-type":"","background-media":"","overlay-type":"","overlay-color":"","overlay-opacity":"","overlay-gradient":""}},"ast-content-background-meta":{"desktop":{"background-color":"var(--ast-global-color-5)","background-image":"","background-repeat":"repeat","background-position":"center center","background-size":"auto","background-attachment":"scroll","background-type":"","background-media":"","overlay-type":"","overlay-color":"","overlay-opacity":"","overlay-gradient":""},"tablet":{"background-color":"var(--ast-global-color-5)","background-image":"","background-repeat":"repeat","background-position":"center center","background-size":"auto","background-attachment":"scroll","background-type":"","background-media":"","overlay-type":"","overlay-color":"","overlay-opacity":"","overlay-gradient":""},"mobile":{"background-color":"var(--ast-global-color-5)","background-image":"","background-repeat":"repeat","background-position":"center center","background-size":"auto","background-attachment":"scroll","background-type":"","background-media":"","overlay-type":"","overlay-color":"","overlay-opacity":"","overlay-gradient":""}}},"product_brand":[],"product_cat":[43],"product_tag":[],"class_list":{"0":"post-3111","1":"product","2":"type-product","3":"status-publish","4":"has-post-thumbnail","6":"product_cat-presse-a-ferraille","7":"desktop-align-left","8":"tablet-align-left","9":"mobile-align-left","11":"first","12":"instock","13":"shipping-taxable","14":"product-type-simple"},"_links":{"self":[{"href":"https:\/\/www.unitetopbalermachine.com\/fr\/wp-json\/wp\/v2\/product\/3111","targetHints":{"allow":["GET"]}}],"collection":[{"href":"https:\/\/www.unitetopbalermachine.com\/fr\/wp-json\/wp\/v2\/product"}],"about":[{"href":"https:\/\/www.unitetopbalermachine.com\/fr\/wp-json\/wp\/v2\/types\/product"}],"wp:featuredmedia":[{"embeddable":true,"href":"https:\/\/www.unitetopbalermachine.com\/fr\/wp-json\/wp\/v2\/media\/2809"}],"wp:attachment":[{"href":"https:\/\/www.unitetopbalermachine.com\/fr\/wp-json\/wp\/v2\/media?parent=3111"}],"wp:term":[{"taxonomy":"product_brand","embeddable":true,"href":"https:\/\/www.unitetopbalermachine.com\/fr\/wp-json\/wp\/v2\/product_brand?post=3111"},{"taxonomy":"product_cat","embeddable":true,"href":"https:\/\/www.unitetopbalermachine.com\/fr\/wp-json\/wp\/v2\/product_cat?post=3111"},{"taxonomy":"product_tag","embeddable":true,"href":"https:\/\/www.unitetopbalermachine.com\/fr\/wp-json\/wp\/v2\/product_tag?post=3111"}],"curies":[{"name":"wp","href":"https:\/\/api.w.org\/{rel}","templated":true}]}}