{"id":3107,"date":"2024-05-06T05:38:29","date_gmt":"2024-05-06T05:38:29","guid":{"rendered":"https:\/\/www.unitetopbalermachine.com\/product\/cisaille-crocodile-hydraulique-serie-q43\/"},"modified":"2025-07-23T09:21:19","modified_gmt":"2025-07-23T09:21:19","slug":"cisaille-crocodile-hydraulique-serie-q43","status":"publish","type":"product","link":"https:\/\/www.unitetopbalermachine.com\/fr\/product\/cisaille-crocodile-hydraulique-serie-q43.html","title":{"rendered":"Cisaille Crocodile Hydraulique S\u00e9rie Q43"},"content":{"rendered":"<h2 class=\"page_title\">Machine de Cisaillement Crocodile Hydraulique pour Ferraille S\u00e9rie Q43<\/h2>\n<p style=\"text-align: center;\"> <iframe title=\"Lecteur vid\u00e9o YouTube\" src=\"https:\/\/www.youtube.com\/embed\/54J_ySjnjaw?si=k5JnzYdT_ot-5unv\" width=\"560\" height=\"315\" frameborder=\"0\" allowfullscreen=\"allowfullscreen\"><\/iframe><\/p>\n<h2>Composants cl\u00e9s d&rsquo;une cisaille crocodile hydraulique<\/h2>\n<p>La lame de coupe, la plaque de presse, les cylindres, le moteur, la pompe, le r\u00e9servoir d&rsquo;huile, la vanne et le bo\u00eetier de commande \u00e9lectrique sont tous inclus dans notre cisaille crocodile hydraulique.<\/p>\n<p><img fetchpriority=\"high\" decoding=\"async\" class=\"wp-image-1629 aligncenter\" src=\"https:\/\/www.unitetopbalermachine.com\/wp-content\/uploads\/2024\/05\/20220520144013_46021-1024x611.jpg\" alt=\"Cisaille Crocodile Hydraulique\" width=\"692\" height=\"413\" srcset=\"https:\/\/www.unitetopbalermachine.com\/wp-content\/uploads\/2024\/05\/20220520144013_46021-1024x611.jpg 1024w, https:\/\/www.unitetopbalermachine.com\/wp-content\/uploads\/2024\/05\/20220520144013_46021-600x358.jpg 600w, https:\/\/www.unitetopbalermachine.com\/wp-content\/uploads\/2024\/05\/20220520144013_46021-300x179.jpg 300w, https:\/\/www.unitetopbalermachine.com\/wp-content\/uploads\/2024\/05\/20220520144013_46021-768x459.jpg 768w, https:\/\/www.unitetopbalermachine.com\/wp-content\/uploads\/2024\/05\/20220520144013_46021.jpg 1298w\" sizes=\"(max-width: 692px) 100vw, 692px\" \/><\/p>\n<p><strong>Lame de coupe<\/strong><br \/>\nLame robuste con\u00e7ue pour un cisaillement puissant et pr\u00e9cis du m\u00e9tal avec une excellente r\u00e9sistance \u00e0 l&rsquo;usure et une longue dur\u00e9e de vie.<\/p>\n<p><strong>Plaque de presse<\/strong><br \/>\nFixe fermement les d\u00e9chets pendant le cisaillement, emp\u00eachant le d\u00e9placement et assurant la stabilit\u00e9 de la coupe et la s\u00e9curit\u00e9 de l&rsquo;op\u00e9rateur.<\/p>\n<p><strong>Cylindre de presse<\/strong><br \/>\nApplique une force hydraulique vers le bas pour entra\u00eener la plaque de presse, maintenant fermement le mat\u00e9riau en place avant la coupe.<\/p>\n<p><strong>Cylindre de coupe<\/strong><br \/>\nActive la lame de coupe avec une pression \u00e9lev\u00e9e, assurant un mouvement efficace et constant pour le cisaillement de divers types de m\u00e9taux.<\/p>\n<p><strong>R\u00e9servoir d&rsquo;huile<\/strong><br \/>\nStocke et fournit de l&rsquo;huile hydraulique au syst\u00e8me, garantissant des performances fluides, stables et continues de la machine.<\/p>\n<p><strong>Soupape<\/strong><br \/>\nR\u00e9gule la direction et la pression du flux de fluide hydraulique, contr\u00f4lant \u00e0 la fois les fonctions de presse et de cylindre de coupe.<\/p>\n<p><strong>Moteur<\/strong><br \/>\nEntra\u00eene la pompe hydraulique pour faire fonctionner la machine en convertissant l&rsquo;\u00e9nergie \u00e9lectrique en puissance m\u00e9canique.<\/p>\n<p><strong>Coffret \u00e9lectrique<\/strong><br \/>\nAbrite le syst\u00e8me de contr\u00f4le \u00e9lectrique, permettant l&rsquo;automatisation, les verrouillages de s\u00e9curit\u00e9 et le fonctionnement coordonn\u00e9 de la machine.<\/p>\n<p><strong>Pompe<\/strong><br \/>\nFournit de l&rsquo;huile hydraulique sous pression aux cylindres, permettant des op\u00e9rations de cisaillement et de pressage solides et efficaces.<\/p>\n<h2>Principales caract\u00e9ristiques de la cisaille crocodile hydraulique<\/h2>\n<p>Notre cisaille crocodile hydraulique est construite avec de l&rsquo;acier \u00e0 haute r\u00e9sistance et un cadre soud\u00e9 de type caisson, garantissant une r\u00e9sistance aux chocs et une durabilit\u00e9 exceptionnelles pour des op\u00e9rations intensives continues.<\/p>\n<table class=\"table0610\">\n<tbody>\n<tr>\n<td width=\"284\"><img decoding=\"async\" class=\"alignnone size-full wp-image-12226\" src=\"https:\/\/www.unitetopbalermachine.com\/wp-content\/uploads\/2025\/06\/Metal-Baler-Guide-Sleeve-Rust-Proof-Treatment.webp\" alt=\"Manchon de guidage de presse \u00e0 balles en m\u00e9tal trait\u00e9 antirouille\" width=\"600\" height=\"380\" srcset=\"https:\/\/www.unitetopbalermachine.com\/wp-content\/uploads\/2025\/06\/Metal-Baler-Guide-Sleeve-Rust-Proof-Treatment.webp 600w, https:\/\/www.unitetopbalermachine.com\/wp-content\/uploads\/2025\/06\/Metal-Baler-Guide-Sleeve-Rust-Proof-Treatment-300x190.webp 300w\" sizes=\"(max-width: 600px) 100vw, 600px\" \/><\/td>\n<td width=\"284\"><strong>Manchons de guidage antirouille<\/strong><\/p>\n<p>Un traitement anticorrosion sp\u00e9cial am\u00e9liore la durabilit\u00e9 \u00e0 long terme et le bon fonctionnement dans des conditions de travail difficiles.<\/td>\n<\/tr>\n<tr>\n<td width=\"284\"><strong>Manchons en cuivre \u00e0 la place des bagues d&rsquo;\u00e9tanch\u00e9it\u00e9<\/strong><\/p>\n<p>Am\u00e9lior\u00e9 avec des manchons en cuivre pour am\u00e9liorer consid\u00e9rablement la r\u00e9sistance \u00e0 l&rsquo;usure et les performances d&rsquo;\u00e9tanch\u00e9it\u00e9, r\u00e9duisant ainsi la fr\u00e9quence de maintenance.<\/td>\n<td width=\"284\"><img decoding=\"async\" class=\"alignnone size-full wp-image-12238\" src=\"https:\/\/www.unitetopbalermachine.com\/wp-content\/uploads\/2025\/06\/Copper-Sleeve-Instead-of-Sealing-Ring-in-Metal-Baler-Assembly.webp\" alt=\"Manchon en cuivre au lieu d'une bague d'\u00e9tanch\u00e9it\u00e9 dans un ensemble presse \u00e0 balles m\u00e9tallique\" width=\"600\" height=\"380\" srcset=\"https:\/\/www.unitetopbalermachine.com\/wp-content\/uploads\/2025\/06\/Copper-Sleeve-Instead-of-Sealing-Ring-in-Metal-Baler-Assembly.webp 600w, https:\/\/www.unitetopbalermachine.com\/wp-content\/uploads\/2025\/06\/Copper-Sleeve-Instead-of-Sealing-Ring-in-Metal-Baler-Assembly-300x190.webp 300w\" sizes=\"(max-width: 600px) 100vw, 600px\" \/><\/td>\n<\/tr>\n<tr>\n<td width=\"284\"><img loading=\"lazy\" decoding=\"async\" class=\"alignnone size-full wp-image-12262\" src=\"https:\/\/www.unitetopbalermachine.com\/wp-content\/uploads\/2025\/06\/Multiple-Security-Protection.webp\" alt=\"Protection de s\u00e9curit\u00e9 multiple\" width=\"600\" height=\"380\" srcset=\"https:\/\/www.unitetopbalermachine.com\/wp-content\/uploads\/2025\/06\/Multiple-Security-Protection.webp 600w, https:\/\/www.unitetopbalermachine.com\/wp-content\/uploads\/2025\/06\/Multiple-Security-Protection-300x190.webp 300w\" sizes=\"(max-width: 600px) 100vw, 600px\" \/><\/td>\n<td width=\"284\"><strong>Protections de s\u00e9curit\u00e9 compl\u00e8tes<\/strong><\/p>\n<p>Int\u00e9gr\u00e9 avec des boutons de commande manuels, des bo\u00eetiers de protection et des interrupteurs d&rsquo;arr\u00eat d&rsquo;urgence pour garantir un fonctionnement s\u00fbr et sans erreur.<\/td>\n<\/tr>\n<\/tbody>\n<\/table>\n<style>.table0610{border:none;} .table0610 td{border:none;}<\/style>\n<h2>Sp\u00e9cifications du produit<\/h2>\n<table border=\"1\" cellspacing=\"0\">\n<tbody>\n<tr>\n<td valign=\"top\" width=\"80\">\n<p align=\"center\">Mod\u00e8le<\/p>\n<\/td>\n<td valign=\"top\" width=\"119\">Force de coupe maximale (tonne)<\/td>\n<td valign=\"top\" width=\"92\">Longueur de la lame (mm)<\/td>\n<td valign=\"top\" width=\"112\">Taille de coupe maximale (mm)<\/td>\n<td valign=\"top\" width=\"134\">Fr\u00e9quence de cisaillement (fois\/min)<\/td>\n<td valign=\"top\" width=\"66\">\n<p align=\"center\">Puissance (kw)<\/p>\n<\/td>\n<\/tr>\n<tr>\n<td valign=\"top\" width=\"80\">\n<p align=\"center\">Q43-630<\/p>\n<\/td>\n<td valign=\"top\" width=\"119\">\n<p align=\"center\">63<\/p>\n<\/td>\n<td valign=\"top\" width=\"92\">\n<p align=\"center\">600\/800<\/p>\n<\/td>\n<td valign=\"top\" width=\"112\">\n<p align=\"center\">35&#215;35 \u03c640<\/p>\n<\/td>\n<td valign=\"top\" width=\"134\">\n<p align=\"center\">10-12<\/p>\n<\/td>\n<td valign=\"top\" width=\"66\">\n<p align=\"center\">7.5<\/p>\n<\/td>\n<\/tr>\n<tr>\n<td valign=\"top\" width=\"80\">\n<p align=\"center\">Q43-1200<\/p>\n<\/td>\n<td valign=\"top\" width=\"119\">\n<p align=\"center\">120<\/p>\n<\/td>\n<td valign=\"top\" width=\"92\">\n<p align=\"center\">600\/800<\/p>\n<\/td>\n<td valign=\"top\" width=\"112\">\n<p align=\"center\">50&#215;50 \u03c655<\/p>\n<\/td>\n<td valign=\"top\" width=\"134\">\n<p align=\"center\">10-12<\/p>\n<\/td>\n<td valign=\"top\" width=\"66\">\n<p align=\"center\">15<\/p>\n<\/td>\n<\/tr>\n<tr>\n<td valign=\"top\" width=\"80\">\n<p align=\"center\">Q43-1600<\/p>\n<\/td>\n<td valign=\"top\" width=\"119\">\n<p align=\"center\">160<\/p>\n<\/td>\n<td valign=\"top\" width=\"92\">\n<p align=\"center\">700\/800<\/p>\n<\/td>\n<td valign=\"top\" width=\"112\">\n<p align=\"center\">55&#215;55 \u03c663<\/p>\n<\/td>\n<td valign=\"top\" width=\"134\">\n<p align=\"center\">8-10<\/p>\n<\/td>\n<td valign=\"top\" width=\"66\">\n<p align=\"center\">18.5<\/p>\n<\/td>\n<\/tr>\n<tr>\n<td valign=\"top\" width=\"80\">\n<p align=\"center\">Q43-2000<\/p>\n<\/td>\n<td valign=\"top\" width=\"119\">\n<p align=\"center\">200<\/p>\n<\/td>\n<td valign=\"top\" width=\"92\">\n<p align=\"center\">800\/1000<\/p>\n<\/td>\n<td valign=\"top\" width=\"112\">\n<p align=\"center\">65&#215;65 \u03c670<\/p>\n<\/td>\n<td valign=\"top\" width=\"134\">\n<p align=\"center\">8-10<\/p>\n<\/td>\n<td valign=\"top\" width=\"66\">\n<p align=\"center\">22<\/p>\n<\/td>\n<\/tr>\n<tr>\n<td valign=\"top\" width=\"80\">\n<p align=\"center\">Q43-2500<\/p>\n<\/td>\n<td valign=\"top\" width=\"119\">\n<p align=\"center\">250<\/p>\n<\/td>\n<td valign=\"top\" width=\"92\">\n<p align=\"center\">1000\/1200<\/p>\n<\/td>\n<td valign=\"top\" width=\"112\">\n<p align=\"center\">70&#215;70 \u03c680<\/p>\n<\/td>\n<td valign=\"top\" width=\"134\">\n<p align=\"center\">6-8<\/p>\n<\/td>\n<td valign=\"top\" width=\"66\">\n<p align=\"center\">2&#215;15<\/p>\n<\/td>\n<\/tr>\n<tr>\n<td valign=\"top\" width=\"80\">\n<p align=\"center\">Q43-3150<\/p>\n<\/td>\n<td valign=\"top\" width=\"119\">\n<p align=\"center\">315<\/p>\n<\/td>\n<td valign=\"top\" width=\"92\">\n<p align=\"center\">1200<\/p>\n<\/td>\n<td valign=\"top\" width=\"112\">\n<p align=\"center\">75&#215;75 \u03c685<\/p>\n<\/td>\n<td valign=\"top\" width=\"134\">\n<p align=\"center\">6-8<\/p>\n<\/td>\n<td valign=\"top\" width=\"66\">\n<p align=\"center\">2&#215;18.5<\/p>\n<\/td>\n<\/tr>\n<tr>\n<td valign=\"top\" width=\"80\">\n<p align=\"center\">Q43-4000<\/p>\n<\/td>\n<td valign=\"top\" width=\"119\">\n<p align=\"center\">400<\/p>\n<\/td>\n<td valign=\"top\" width=\"92\">\n<p align=\"center\">1200\/1500<\/p>\n<\/td>\n<td valign=\"top\" width=\"112\">\n<p align=\"center\">90&#215;90 \u03c6100<\/p>\n<\/td>\n<td valign=\"top\" width=\"134\">\n<p align=\"center\">4-8<\/p>\n<\/td>\n<td valign=\"top\" width=\"66\">\n<p align=\"center\">2&#215;22<\/p>\n<\/td>\n<\/tr>\n<tr>\n<td valign=\"top\" width=\"80\">\n<p align=\"center\">Q43-5000<\/p>\n<\/td>\n<td valign=\"top\" width=\"119\">\n<p align=\"center\">500<\/p>\n<\/td>\n<td valign=\"top\" width=\"92\">\n<p align=\"center\">1600<\/p>\n<\/td>\n<td valign=\"top\" width=\"112\">\n<p align=\"center\">100&#215;100 \u03c6100<\/p>\n<\/td>\n<td valign=\"top\" width=\"134\">\n<p align=\"center\">4-8<\/p>\n<\/td>\n<td valign=\"top\" width=\"66\">\n<p align=\"center\">2&#215;30<\/p>\n<\/td>\n<\/tr>\n<tr>\n<td valign=\"top\" width=\"80\">\n<p align=\"center\">Q43-6000<\/p>\n<\/td>\n<td valign=\"top\" width=\"119\">\n<p align=\"center\">600<\/p>\n<\/td>\n<td valign=\"top\" width=\"92\">\n<p align=\"center\">1600\/1800<\/p>\n<\/td>\n<td valign=\"top\" width=\"112\">\n<p align=\"center\">110&#215;110 \u03c6120<\/p>\n<\/td>\n<td valign=\"top\" width=\"134\">\n<p align=\"center\">4-8<\/p>\n<\/td>\n<td valign=\"top\" width=\"66\">\n<p align=\"center\">2&#215;45<\/p>\n<\/td>\n<\/tr>\n<\/tbody>\n<\/table>\n<h2>Applications<\/h2>\n<p>Les cisailles crocodiles hydrauliques pour ferraille sont polyvalentes et sont utilis\u00e9es dans divers contextes en raison de leur conception robuste et de leur fonctionnement efficace.<\/p>\n<p>Voici quelques applications typiques :<\/p>\n<ol>\n<li><strong>Parcs \u00e0 ferraille<\/strong> : Les cisailles crocodiles sont essentielles dans les parcs \u00e0 ferraille pour couper le m\u00e9tal \u00e0 des tailles g\u00e9rables avant le traitement ou l&rsquo;exp\u00e9dition.<\/li>\n<li><strong>Installations de recyclage<\/strong> : elles aident au recyclage en divisant les d\u00e9chets m\u00e9talliques en morceaux plus petits, facilitant ainsi la manipulation et le traitement de divers m\u00e9taux.<\/li>\n<li><strong>D\u00e9mant\u00e8lement automobile<\/strong> : utilis\u00e9 dans l&rsquo;industrie automobile, notamment pour le d\u00e9montage de v\u00e9hicules anciens ou endommag\u00e9s afin de s\u00e9parer les diff\u00e9rents composants m\u00e9talliques.<\/li>\n<li><strong>Chantiers de construction:<\/strong> ces <a href=\"https:\/\/www.unitetopbalermachine.com\/fr\/machine-de-cisaillement-hydraulique-des-metaux.html\">cisailles \u00e0 m\u00e9taux<\/a> sont utiles pour couper des barres d&rsquo;armature, des poutres en acier et d&rsquo;autres mat\u00e9riaux de construction m\u00e9talliques sur site pour une \u00e9limination ou un recyclage plus simple.<\/li>\n<li><strong>Usines de fabrication<\/strong> : elles aident \u00e0 \u00e9liminer les pi\u00e8ces et mat\u00e9riaux exc\u00e9dentaires dans les processus de fabrication, contribuant ainsi \u00e0 maintenir l\u2019efficacit\u00e9 et \u00e0 r\u00e9duire les d\u00e9chets.<\/li>\n<li><strong>Ateliers de fabrication de m\u00e9taux<\/strong> : utilis\u00e9s pour la d\u00e9coupe pr\u00e9cise de t\u00f4les, de barres et d&rsquo;autres formes \u00e0 des dimensions sp\u00e9cifiques requises dans la fabrication sur mesure.<\/li>\n<li><strong>Fonderies<\/strong> : Utile pour couper de gros morceaux et chutes de m\u00e9tal en tailles plus petites et pr\u00eates \u00e0 \u00eatre utilis\u00e9es au four.<\/li>\n<li><strong>D\u00e9molition navale<\/strong> : Utilis\u00e9 pour d\u00e9manteler les navires, en coupant efficacement des plaques et des structures m\u00e9talliques \u00e9paisses.<\/li>\n<\/ol>\n<h2>Fournisseurs coop\u00e9ratifs<\/h2>\n<p>Nos cisailles crocodiles hydrauliques pour ferraille sont dot\u00e9es de composants personnalis\u00e9s et de haute qualit\u00e9 provenant de marques mondiales renomm\u00e9es.<br \/>\nNous entretenons un partenariat depuis dix ans avec des fournisseurs de premier plan tels que Siemens, NOK Omron, Schneider, Chint et Mitsubishi, garantissant des performances et une fiabilit\u00e9 sup\u00e9rieures. <\/p>\n<p><img loading=\"lazy\" decoding=\"async\" class=\"wp-image-1707 aligncenter\" src=\"https:\/\/www.unitetopbalermachine.com\/wp-content\/uploads\/2024\/05\/COOPERATIVE-SUPPLIERS-1024x256.jpg\" alt=\"Fournisseurs coop\u00e9ratifs\" width=\"701\" height=\"175\" srcset=\"https:\/\/www.unitetopbalermachine.com\/wp-content\/uploads\/2024\/05\/COOPERATIVE-SUPPLIERS-1024x256.jpg 1024w, https:\/\/www.unitetopbalermachine.com\/wp-content\/uploads\/2024\/05\/COOPERATIVE-SUPPLIERS-600x150.jpg 600w, https:\/\/www.unitetopbalermachine.com\/wp-content\/uploads\/2024\/05\/COOPERATIVE-SUPPLIERS-300x75.jpg 300w, https:\/\/www.unitetopbalermachine.com\/wp-content\/uploads\/2024\/05\/COOPERATIVE-SUPPLIERS-768x192.jpg 768w, https:\/\/www.unitetopbalermachine.com\/wp-content\/uploads\/2024\/05\/COOPERATIVE-SUPPLIERS.jpg 1200w\" sizes=\"(max-width: 701px) 100vw, 701px\" \/><\/p>\n<p>&nbsp;<\/p>\n","protected":false},"excerpt":{"rendered":"<ul>\n<li>Utilisez un entra\u00eenement hydraulique pour le fonctionnement, offrant des avantages tels qu&rsquo;une taille compacte, un poids l\u00e9ger, un faible bruit et un mouvement fluide par rapport aux cisailles m\u00e9caniques traditionnelles.<\/li>\n<li>Les longueurs de lame varient de 400 mm \u00e0 1 800 mm avec des forces de cisaillement comprises entre 63 et 600 tonnes, ce qui les rend adapt\u00e9es \u00e0 la coupe de divers mat\u00e9riaux, y compris les ferraille de voitures pour les lames de plus de 700 mm.<\/li>\n<li>Peut \u00eatre contr\u00f4l\u00e9 manuellement ou programm\u00e9 via PLC pour un fonctionnement automatique.<\/li>\n<li>Les options d&rsquo;alimentation incluent l&rsquo;\u00e9lectricit\u00e9 ou le diesel, qui sont portables et capables de fonctionner sans source d&rsquo;alimentation fixe.<\/li>\n<\/ul>\n<table border=\"1\" cellspacing=\"0\">\n<tbody>\n<tr>\n<td valign=\"top\" width=\"225\">mod\u00e8le<\/td>\n<td valign=\"top\" width=\"225\">s\u00e9rie Q43<\/td>\n<\/tr>\n<tr>\n<td valign=\"top\" width=\"225\">Force de coupe maximale<\/td>\n<td valign=\"top\" width=\"225\">63-600 tonnes<\/td>\n<\/tr>\n<tr>\n<td valign=\"top\" width=\"225\">Longueur de la lame<\/td>\n<td valign=\"top\" width=\"225\">600-1800mm<\/td>\n<\/tr>\n<tr>\n<td valign=\"top\" width=\"225\">Moteur<\/td>\n<td valign=\"top\" width=\"225\">7,5kw-90kw<\/td>\n<\/tr>\n<tr>\n<td valign=\"top\" width=\"225\">Couleur<\/td>\n<td valign=\"top\" width=\"225\">Personnalis\u00e9<\/td>\n<\/tr>\n<tr>\n<td valign=\"top\" width=\"225\">Op\u00e9ration<\/td>\n<td valign=\"top\" width=\"225\">Contr\u00f4le manuel<\/td>\n<\/tr>\n<\/tbody>\n<\/table>\n<p>&nbsp;<\/p>\n","protected":false},"featured_media":2818,"template":"","meta":{"site-sidebar-layout":"default","site-content-layout":"","ast-site-content-layout":"default","site-content-style":"default","site-sidebar-style":"default","ast-global-header-display":"","ast-banner-title-visibility":"","ast-main-header-display":"","ast-hfb-above-header-display":"","ast-hfb-below-header-display":"","ast-hfb-mobile-header-display":"","site-post-title":"","ast-breadcrumbs-content":"","ast-featured-img":"","footer-sml-layout":"","theme-transparent-header-meta":"default","adv-header-id-meta":"","stick-header-meta":"","header-above-stick-meta":"","header-main-stick-meta":"","header-below-stick-meta":"","astra-migrate-meta-layouts":"set","ast-page-background-enabled":"default","ast-page-background-meta":{"desktop":{"background-color":"var(--ast-global-color-4)","background-image":"","background-repeat":"repeat","background-position":"center center","background-size":"auto","background-attachment":"scroll","background-type":"","background-media":"","overlay-type":"","overlay-color":"","overlay-opacity":"","overlay-gradient":""},"tablet":{"background-color":"","background-image":"","background-repeat":"repeat","background-position":"center center","background-size":"auto","background-attachment":"scroll","background-type":"","background-media":"","overlay-type":"","overlay-color":"","overlay-opacity":"","overlay-gradient":""},"mobile":{"background-color":"","background-image":"","background-repeat":"repeat","background-position":"center center","background-size":"auto","background-attachment":"scroll","background-type":"","background-media":"","overlay-type":"","overlay-color":"","overlay-opacity":"","overlay-gradient":""}},"ast-content-background-meta":{"desktop":{"background-color":"var(--ast-global-color-5)","background-image":"","background-repeat":"repeat","background-position":"center center","background-size":"auto","background-attachment":"scroll","background-type":"","background-media":"","overlay-type":"","overlay-color":"","overlay-opacity":"","overlay-gradient":""},"tablet":{"background-color":"var(--ast-global-color-5)","background-image":"","background-repeat":"repeat","background-position":"center center","background-size":"auto","background-attachment":"scroll","background-type":"","background-media":"","overlay-type":"","overlay-color":"","overlay-opacity":"","overlay-gradient":""},"mobile":{"background-color":"var(--ast-global-color-5)","background-image":"","background-repeat":"repeat","background-position":"center center","background-size":"auto","background-attachment":"scroll","background-type":"","background-media":"","overlay-type":"","overlay-color":"","overlay-opacity":"","overlay-gradient":""}}},"product_brand":[],"product_cat":[44],"product_tag":[],"class_list":{"0":"post-3107","1":"product","2":"type-product","3":"status-publish","4":"has-post-thumbnail","6":"product_cat-cisaille-a-ferraille","7":"desktop-align-left","8":"tablet-align-left","9":"mobile-align-left","11":"first","12":"instock","13":"shipping-taxable","14":"product-type-simple"},"_links":{"self":[{"href":"https:\/\/www.unitetopbalermachine.com\/fr\/wp-json\/wp\/v2\/product\/3107","targetHints":{"allow":["GET"]}}],"collection":[{"href":"https:\/\/www.unitetopbalermachine.com\/fr\/wp-json\/wp\/v2\/product"}],"about":[{"href":"https:\/\/www.unitetopbalermachine.com\/fr\/wp-json\/wp\/v2\/types\/product"}],"wp:featuredmedia":[{"embeddable":true,"href":"https:\/\/www.unitetopbalermachine.com\/fr\/wp-json\/wp\/v2\/media\/2818"}],"wp:attachment":[{"href":"https:\/\/www.unitetopbalermachine.com\/fr\/wp-json\/wp\/v2\/media?parent=3107"}],"wp:term":[{"taxonomy":"product_brand","embeddable":true,"href":"https:\/\/www.unitetopbalermachine.com\/fr\/wp-json\/wp\/v2\/product_brand?post=3107"},{"taxonomy":"product_cat","embeddable":true,"href":"https:\/\/www.unitetopbalermachine.com\/fr\/wp-json\/wp\/v2\/product_cat?post=3107"},{"taxonomy":"product_tag","embeddable":true,"href":"https:\/\/www.unitetopbalermachine.com\/fr\/wp-json\/wp\/v2\/product_tag?post=3107"}],"curies":[{"name":"wp","href":"https:\/\/api.w.org\/{rel}","templated":true}]}}