{"id":3105,"date":"2024-05-06T10:21:47","date_gmt":"2024-05-06T10:21:47","guid":{"rendered":"https:\/\/www.unitetopbalermachine.com\/product\/cisaille-a-guillotine-hydraulique-serie-q15\/"},"modified":"2024-09-23T03:15:08","modified_gmt":"2024-09-23T03:15:08","slug":"cisaille-a-guillotine-hydraulique-serie-q15","status":"publish","type":"product","link":"https:\/\/www.unitetopbalermachine.com\/fr\/product\/cisaille-a-guillotine-hydraulique-serie-q15.html","title":{"rendered":"Cisaille \u00e0 guillotine hydraulique s\u00e9rie Q15"},"content":{"rendered":"<h3>Sp\u00e9cifications du produit<\/h3>\n<table border=\"1\" cellspacing=\"0\">\n<tbody>\n<tr>\n<td valign=\"top\" width=\"80\">\n<p align=\"center\">Mod\u00e8le<\/p>\n<\/td>\n<td style=\"text-align: center;\" valign=\"top\" width=\"119\">Force nominale (kn\/tonne)<\/td>\n<td style=\"text-align: center;\" valign=\"top\" width=\"92\">Longueur de la lame (mm)<\/td>\n<td style=\"text-align: center;\" valign=\"top\" width=\"112\">Taille de coupe maximale (mm)<\/td>\n<td style=\"text-align: center;\" valign=\"top\" width=\"134\">Fr\u00e9quence de cisaillement (fois\/min)<\/td>\n<td valign=\"top\" width=\"66\">\n<p style=\"text-align: center;\" align=\"center\">Puissance (kw)<\/p>\n<\/td>\n<\/tr>\n<tr>\n<td valign=\"top\" width=\"80\">\n<p align=\"center\">Q15-630<\/p>\n<\/td>\n<td valign=\"top\" width=\"119\">\n<p align=\"center\">630\/63<\/p>\n<\/td>\n<td valign=\"top\" width=\"92\">\n<p align=\"center\">600<\/p>\n<\/td>\n<td valign=\"top\" width=\"112\">\n<p align=\"center\">8*600<\/p>\n<\/td>\n<td valign=\"top\" width=\"134\">\n<p align=\"center\">4-7<\/p>\n<\/td>\n<td valign=\"top\" width=\"66\">\n<p align=\"center\">11<\/p>\n<\/td>\n<\/tr>\n<tr>\n<td valign=\"top\" width=\"80\">\n<p align=\"center\">Q15-1250<\/p>\n<\/td>\n<td valign=\"top\" width=\"119\">\n<p align=\"center\">1250\/125<\/p>\n<\/td>\n<td valign=\"top\" width=\"92\">\n<p align=\"center\">800\/1200<\/p>\n<\/td>\n<td valign=\"top\" width=\"112\">\n<p align=\"center\">18*800\/1200<\/p>\n<\/td>\n<td valign=\"top\" width=\"134\">\n<p align=\"center\">5-10<\/p>\n<\/td>\n<td valign=\"top\" width=\"66\">\n<p align=\"center\">15<\/p>\n<\/td>\n<\/tr>\n<tr>\n<td valign=\"top\" width=\"80\">\n<p align=\"center\">Q15-1600<\/p>\n<\/td>\n<td valign=\"top\" width=\"119\">\n<p align=\"center\">1600\/160<\/p>\n<\/td>\n<td valign=\"top\" width=\"92\">\n<p align=\"center\">1200<\/p>\n<\/td>\n<td valign=\"top\" width=\"112\">\n<p align=\"center\">20*1200<\/p>\n<\/td>\n<td valign=\"top\" width=\"134\">\n<p align=\"center\">5-10<\/p>\n<\/td>\n<td valign=\"top\" width=\"66\">\n<p align=\"center\">18.5<\/p>\n<\/td>\n<\/tr>\n<tr>\n<td valign=\"top\" width=\"80\">\n<p align=\"center\">Q15-2000<\/p>\n<\/td>\n<td valign=\"top\" width=\"119\">\n<p align=\"center\">2000\/200<\/p>\n<\/td>\n<td valign=\"top\" width=\"92\">\n<p align=\"center\">1200<\/p>\n<\/td>\n<td valign=\"top\" width=\"112\">\n<p align=\"center\">25*1200<\/p>\n<\/td>\n<td valign=\"top\" width=\"134\">\n<p align=\"center\">5-10<\/p>\n<\/td>\n<td valign=\"top\" width=\"66\">\n<p align=\"center\">22<\/p>\n<\/td>\n<\/tr>\n<tr>\n<td valign=\"top\" width=\"80\">\n<p align=\"center\">Q15-2500<\/p>\n<\/td>\n<td valign=\"top\" width=\"119\">\n<p align=\"center\">2500\/250<\/p>\n<\/td>\n<td valign=\"top\" width=\"92\">\n<p align=\"center\">1200<\/p>\n<\/td>\n<td valign=\"top\" width=\"112\">\n<p align=\"center\">28*1200<\/p>\n<\/td>\n<td valign=\"top\" width=\"134\">\n<p align=\"center\">5-10<\/p>\n<\/td>\n<td valign=\"top\" width=\"66\">\n<p align=\"center\">37<\/p>\n<\/td>\n<\/tr>\n<tr>\n<td valign=\"top\" width=\"80\">\n<p align=\"center\">Q15-3150<\/p>\n<\/td>\n<td valign=\"top\" width=\"119\">\n<p align=\"center\">3150\/315<\/p>\n<\/td>\n<td valign=\"top\" width=\"92\">\n<p align=\"center\">1200\/1500<\/p>\n<\/td>\n<td valign=\"top\" width=\"112\">\n<p align=\"center\">32*1200\/1500<\/p>\n<\/td>\n<td valign=\"top\" width=\"134\">\n<p align=\"center\">4-8<\/p>\n<\/td>\n<td valign=\"top\" width=\"66\">\n<p align=\"center\">37<\/p>\n<\/td>\n<\/tr>\n<tr>\n<td valign=\"top\" width=\"80\">\n<p align=\"center\">Q15-4000<\/p>\n<\/td>\n<td valign=\"top\" width=\"119\">\n<p align=\"center\">4000\/400<\/p>\n<\/td>\n<td valign=\"top\" width=\"92\">\n<p align=\"center\">1200\/1800<\/p>\n<\/td>\n<td valign=\"top\" width=\"112\">\n<p align=\"center\">35*1200\/1800<\/p>\n<\/td>\n<td valign=\"top\" width=\"134\">\n<p align=\"center\">5-10<\/p>\n<\/td>\n<td valign=\"top\" width=\"66\">\n<p align=\"center\">44<\/p>\n<\/td>\n<\/tr>\n<tr>\n<td valign=\"top\" width=\"80\">\n<p align=\"center\">Q15-5000<\/p>\n<\/td>\n<td valign=\"top\" width=\"119\">\n<p align=\"center\">5000\/500<\/p>\n<\/td>\n<td valign=\"top\" width=\"92\">\n<p align=\"center\">1200\/2000<\/p>\n<\/td>\n<td valign=\"top\" width=\"112\">\n<p align=\"center\">40*1200\/2000<\/p>\n<\/td>\n<td valign=\"top\" width=\"134\">\n<p align=\"center\">5-10<\/p>\n<\/td>\n<td valign=\"top\" width=\"66\">\n<p align=\"center\">74<\/p>\n<\/td>\n<\/tr>\n<tr>\n<td valign=\"top\" width=\"80\">\n<p align=\"center\">Q15-6300<\/p>\n<\/td>\n<td valign=\"top\" width=\"119\">\n<p align=\"center\">6300\/630<\/p>\n<\/td>\n<td valign=\"top\" width=\"92\">\n<p align=\"center\">900<\/p>\n<\/td>\n<td valign=\"top\" width=\"112\">\n<p align=\"center\">45*900<\/p>\n<\/td>\n<td valign=\"top\" width=\"134\">\n<p align=\"center\">6-10<\/p>\n<\/td>\n<td valign=\"top\" width=\"66\">\n<p align=\"center\">90<\/p>\n<\/td>\n<\/tr>\n<\/tbody>\n<\/table>\n<h3>Applications<\/h3>\n<p> La <strong>cisaille guillotine hydraulique <\/strong> a de nombreuses applications dans diverses industries en raison de sa capacit\u00e9 \u00e0 couper avec pr\u00e9cision des t\u00f4les \u00e9paisses et lourdes. Voici quelques-unes des principales industries dans lesquelles la cisaille \u00e0 guillotine hydraulique est couramment utilis\u00e9e : <\/p>\n<ol>\n<li><strong>Fabrication<\/strong> : largement employ\u00e9 dans la fabrication de produits m\u00e9talliques, o\u00f9 une d\u00e9coupe pr\u00e9cise des feuilles et des plaques est requise.<\/li>\n<li><strong>Automobile<\/strong> : Utilis\u00e9 dans l\u2019industrie automobile pour couper le m\u00e9tal destin\u00e9 aux pi\u00e8ces de carrosserie et autres composants structurels des v\u00e9hicules.<\/li>\n<li><strong>Construction navale<\/strong> : vitale pour couper les plaques d\u2019acier et autres mat\u00e9riaux utilis\u00e9s dans la construction et la r\u00e9paration des navires.<\/li>\n<li><strong>Construction<\/strong> : Aide \u00e0 couper l\u2019acier de construction pour les b\u00e2timents et autres infrastructures, y compris les poutres et les barres d\u2019armature.<\/li>\n<li><strong>A\u00e9rospatiale<\/strong> : Utilis\u00e9 pour couper des alliages et des m\u00e9taux \u00e0 haute r\u00e9sistance afin de fabriquer des pi\u00e8ces d\u2019avion.<\/li>\n<li><strong>Fabrication de m\u00e9taux <\/strong> : partie int\u00e9grante des ateliers qui personnalisent les ouvrages en m\u00e9tal, aidant \u00e0 couper les mat\u00e9riaux selon des sp\u00e9cifications exactes pour divers projets.<\/li>\n<li><strong>Recyclage<\/strong> : Utilis\u00e9 dans les installations de recyclage des m\u00e9taux pour couper et pr\u00e9parer la ferraille en vue du traitement et de la revente.<\/li>\n<li><strong>Industrie ferroviaire<\/strong> : Aide \u00e0 couper et \u00e0 fa\u00e7onner les m\u00e9taux utilis\u00e9s dans la construction et l&rsquo;entretien des voies ferr\u00e9es et des machines.<\/li>\n<\/ol>\n<h3>Fournisseurs coop\u00e9ratifs<\/h3>\n<p><img fetchpriority=\"high\" decoding=\"async\" class=\"wp-image-1707 aligncenter\" src=\"https:\/\/www.unitetopbalermachine.com\/wp-content\/uploads\/2024\/05\/COOPERATIVE-SUPPLIERS-1024x256.jpg\" alt=\"Fournisseurs coop\u00e9ratifs\" width=\"701\" height=\"175\" srcset=\"https:\/\/www.unitetopbalermachine.com\/wp-content\/uploads\/2024\/05\/COOPERATIVE-SUPPLIERS-1024x256.jpg 1024w, https:\/\/www.unitetopbalermachine.com\/wp-content\/uploads\/2024\/05\/COOPERATIVE-SUPPLIERS-600x150.jpg 600w, https:\/\/www.unitetopbalermachine.com\/wp-content\/uploads\/2024\/05\/COOPERATIVE-SUPPLIERS-300x75.jpg 300w, https:\/\/www.unitetopbalermachine.com\/wp-content\/uploads\/2024\/05\/COOPERATIVE-SUPPLIERS-768x192.jpg 768w, https:\/\/www.unitetopbalermachine.com\/wp-content\/uploads\/2024\/05\/COOPERATIVE-SUPPLIERS.jpg 1200w\" sizes=\"(max-width: 701px) 100vw, 701px\" \/><\/p>\n<div id=\"highlighter--hover-tools\" style=\"display: none;\">\n<div id=\"highlighter--hover-tools--container\">\n<div class=\"highlighter--icon highlighter--icon-copy\" title=\"Copie\"><\/div>\n<div class=\"highlighter--icon highlighter--icon-change-color\" title=\"Changer de couleur\"><\/div>\n<div class=\"highlighter--icon highlighter--icon-delete\" title=\"Supprimer\"><\/div>\n<\/div>\n<\/div>\n<div id=\"highlighter--hover-tools\" style=\"display: none;\">\n<div id=\"highlighter--hover-tools--container\">\n<div class=\"highlighter--icon highlighter--icon-copy\" title=\"Copie\"><\/div>\n<div class=\"highlighter--icon highlighter--icon-change-color\" title=\"Changer de couleur\"><\/div>\n<div class=\"highlighter--icon highlighter--icon-delete\" title=\"Supprimer\"><\/div>\n<\/div>\n<\/div>\n","protected":false},"excerpt":{"rendered":"<ol>\n<li>Dispose d&rsquo;un entra\u00eenement hydraulique pour un fonctionnement simple et un entretien facile.<\/li>\n<li>Offre diverses options de force de cisaillement et de longueurs de lame pour r\u00e9pondre aux diff\u00e9rents besoins de coupe.<\/li>\n<li>Ne n\u00e9cessite aucun boulon de pied et peut \u00eatre propuls\u00e9 par un moteur diesel en option.<\/li>\n<li>Les longueurs de lame incluent 600 mm, 800 mm et 900 mm.<\/li>\n<li>Fournit douze niveaux de force de cisaillement, allant de 120 \u00e0 500 tonnes.<\/li>\n<\/ol>\n<table border=\"1\" cellspacing=\"0\">\n<tbody>\n<tr>\n<td valign=\"top\" width=\"225\">Mod\u00e8le<\/td>\n<td valign=\"top\" width=\"225\">S\u00e9rie Q15<\/td>\n<\/tr>\n<tr>\n<td valign=\"top\" width=\"225\">Force de coupe maximale<\/td>\n<td valign=\"top\" width=\"225\">120-500 tonnes<\/td>\n<\/tr>\n<tr>\n<td valign=\"top\" width=\"225\">Longueur de la lame<\/td>\n<td valign=\"top\" width=\"225\">600-900mm<\/td>\n<\/tr>\n<tr>\n<td valign=\"top\" width=\"225\">Taille de coupe<\/td>\n<td valign=\"top\" width=\"225\">18*500-45*700mm<\/td>\n<\/tr>\n<tr>\n<td valign=\"top\" width=\"225\">Moteur<\/td>\n<td valign=\"top\" width=\"225\">15kw-60kw<\/td>\n<\/tr>\n<tr>\n<td valign=\"top\" width=\"225\">Couleur<\/td>\n<td valign=\"top\" width=\"225\">Personnalis\u00e9<\/td>\n<\/tr>\n<tr>\n<td valign=\"top\" width=\"225\">Fonctionnement<\/td>\n<td valign=\"top\" width=\"225\">Contr\u00f4le manuel<\/td>\n<\/tr>\n<\/tbody>\n<\/table>\n","protected":false},"featured_media":3966,"template":"","meta":{"site-sidebar-layout":"default","site-content-layout":"","ast-site-content-layout":"default","site-content-style":"default","site-sidebar-style":"default","ast-global-header-display":"","ast-banner-title-visibility":"","ast-main-header-display":"","ast-hfb-above-header-display":"","ast-hfb-below-header-display":"","ast-hfb-mobile-header-display":"","site-post-title":"","ast-breadcrumbs-content":"","ast-featured-img":"","footer-sml-layout":"","theme-transparent-header-meta":"default","adv-header-id-meta":"","stick-header-meta":"","header-above-stick-meta":"","header-main-stick-meta":"","header-below-stick-meta":"","astra-migrate-meta-layouts":"default","ast-page-background-enabled":"default","ast-page-background-meta":{"desktop":{"background-color":"var(--ast-global-color-4)","background-image":"","background-repeat":"repeat","background-position":"center center","background-size":"auto","background-attachment":"scroll","background-type":"","background-media":"","overlay-type":"","overlay-color":"","overlay-opacity":"","overlay-gradient":""},"tablet":{"background-color":"","background-image":"","background-repeat":"repeat","background-position":"center center","background-size":"auto","background-attachment":"scroll","background-type":"","background-media":"","overlay-type":"","overlay-color":"","overlay-opacity":"","overlay-gradient":""},"mobile":{"background-color":"","background-image":"","background-repeat":"repeat","background-position":"center center","background-size":"auto","background-attachment":"scroll","background-type":"","background-media":"","overlay-type":"","overlay-color":"","overlay-opacity":"","overlay-gradient":""}},"ast-content-background-meta":{"desktop":{"background-color":"var(--ast-global-color-5)","background-image":"","background-repeat":"repeat","background-position":"center center","background-size":"auto","background-attachment":"scroll","background-type":"","background-media":"","overlay-type":"","overlay-color":"","overlay-opacity":"","overlay-gradient":""},"tablet":{"background-color":"var(--ast-global-color-5)","background-image":"","background-repeat":"repeat","background-position":"center center","background-size":"auto","background-attachment":"scroll","background-type":"","background-media":"","overlay-type":"","overlay-color":"","overlay-opacity":"","overlay-gradient":""},"mobile":{"background-color":"var(--ast-global-color-5)","background-image":"","background-repeat":"repeat","background-position":"center center","background-size":"auto","background-attachment":"scroll","background-type":"","background-media":"","overlay-type":"","overlay-color":"","overlay-opacity":"","overlay-gradient":""}}},"product_brand":[],"product_cat":[44],"product_tag":[],"class_list":{"0":"post-3105","1":"product","2":"type-product","3":"status-publish","4":"has-post-thumbnail","6":"product_cat-cisaille-a-ferraille","7":"desktop-align-left","8":"tablet-align-left","9":"mobile-align-left","11":"first","12":"instock","13":"shipping-taxable","14":"product-type-simple"},"_links":{"self":[{"href":"https:\/\/www.unitetopbalermachine.com\/fr\/wp-json\/wp\/v2\/product\/3105","targetHints":{"allow":["GET"]}}],"collection":[{"href":"https:\/\/www.unitetopbalermachine.com\/fr\/wp-json\/wp\/v2\/product"}],"about":[{"href":"https:\/\/www.unitetopbalermachine.com\/fr\/wp-json\/wp\/v2\/types\/product"}],"wp:featuredmedia":[{"embeddable":true,"href":"https:\/\/www.unitetopbalermachine.com\/fr\/wp-json\/wp\/v2\/media\/3966"}],"wp:attachment":[{"href":"https:\/\/www.unitetopbalermachine.com\/fr\/wp-json\/wp\/v2\/media?parent=3105"}],"wp:term":[{"taxonomy":"product_brand","embeddable":true,"href":"https:\/\/www.unitetopbalermachine.com\/fr\/wp-json\/wp\/v2\/product_brand?post=3105"},{"taxonomy":"product_cat","embeddable":true,"href":"https:\/\/www.unitetopbalermachine.com\/fr\/wp-json\/wp\/v2\/product_cat?post=3105"},{"taxonomy":"product_tag","embeddable":true,"href":"https:\/\/www.unitetopbalermachine.com\/fr\/wp-json\/wp\/v2\/product_tag?post=3105"}],"curies":[{"name":"wp","href":"https:\/\/api.w.org\/{rel}","templated":true}]}}