{"id":11975,"date":"2025-04-09T02:45:48","date_gmt":"2025-04-09T02:45:48","guid":{"rendered":"https:\/\/www.unitetopbalermachine.com\/product\/presse-a-balles-hydraulique-mobile-a-commande-automatique-pour-ferraille-serie-y81m\/"},"modified":"2025-04-21T03:03:21","modified_gmt":"2025-04-21T03:03:21","slug":"presse-a-balles-hydraulique-mobile-a-commande-automatique-pour-ferraille-serie-y81m","status":"publish","type":"product","link":"https:\/\/www.unitetopbalermachine.com\/fr\/presse-a-balles-hydraulique-mobile-a-commande-automatique-pour-ferraille-serie-y81m.html","title":{"rendered":"Presse \u00e0 balles hydraulique mobile \u00e0 commande automatique pour ferraille s\u00e9rie Y81M"},"content":{"rendered":"<h2>Pr\u00e9sentation du produit<\/h2>\n<p>La nouvelle g\u00e9n\u00e9ration de presses \u00e0 balles mobiles utilise une semi-remorque comme support mobile et est \u00e9quip\u00e9e d&rsquo;un syst\u00e8me de v\u00e9rin principal t\u00e9lescopique haute performance, brisant les limites des op\u00e9rations fixes traditionnelles et combinant parfaitement des capacit\u00e9s de mise en balles efficaces avec une mobilit\u00e9 flexible !<\/p>\n<p>Qu&rsquo;il s&rsquo;agisse de recyclage des d\u00e9chets, de compression des d\u00e9chets industriels ou de besoins de mise en balles de m\u00e9tal, vous n&rsquo;avez besoin que d&rsquo;un seul appareil pour effectuer des op\u00e9rations \u00e0 tout moment et n&rsquo;importe o\u00f9, \u00e9conomisant ainsi du temps, des efforts et des co\u00fbts !<\/p>\n<h2>Principaux avantages<\/h2>\n<p><img fetchpriority=\"high\" decoding=\"async\" class=\"size-full wp-image-11955 aligncenter\" src=\"https:\/\/www.unitetopbalermachine.com\/wp-content\/uploads\/2025\/04\/Y81M-Mobile-Hydraulic-Scrap-Metal-Baler-1.jpg\" alt=\"Presse \u00e0 balles hydraulique mobile pour ferraille Y81M\" width=\"1200\" height=\"526\" srcset=\"https:\/\/www.unitetopbalermachine.com\/wp-content\/uploads\/2025\/04\/Y81M-Mobile-Hydraulic-Scrap-Metal-Baler-1.jpg 1200w, https:\/\/www.unitetopbalermachine.com\/wp-content\/uploads\/2025\/04\/Y81M-Mobile-Hydraulic-Scrap-Metal-Baler-1-300x132.jpg 300w, https:\/\/www.unitetopbalermachine.com\/wp-content\/uploads\/2025\/04\/Y81M-Mobile-Hydraulic-Scrap-Metal-Baler-1-1024x449.jpg 1024w, https:\/\/www.unitetopbalermachine.com\/wp-content\/uploads\/2025\/04\/Y81M-Mobile-Hydraulic-Scrap-Metal-Baler-1-768x337.jpg 768w, https:\/\/www.unitetopbalermachine.com\/wp-content\/uploads\/2025\/04\/Y81M-Mobile-Hydraulic-Scrap-Metal-Baler-1-600x263.jpg 600w\" sizes=\"(max-width: 1200px) 100vw, 1200px\" \/><\/p>\n<p><strong>Op\u00e9ration mobile, couverture compl\u00e8te<\/strong><\/p>\n<ul>\n<li>Avec une conception de ch\u00e2ssis semi-remorque, cette machine est conforme aux normes de transport routier, permettant un transfert rapide et \u00e9liminant le besoin d&rsquo;un site fixe.<\/li>\n<li>Il offre une couverture op\u00e9rationnelle \u00e0 l&rsquo;\u00e9chelle nationale, id\u00e9ale pour le traitement de la ferraille sur les chantiers de construction et les services mobiles pour les usines de traitement des m\u00e9taux.<\/li>\n<\/ul>\n<p><strong>Puissant v\u00e9rin principal t\u00e9lescopique<\/strong><\/p>\n<ul>\n<li>\u00c9quip\u00e9 d&rsquo;un v\u00e9rin hydraulique t\u00e9lescopique de haute pr\u00e9cision, il offre une pouss\u00e9e importante et une longue course. L&rsquo;efficacit\u00e9 de compression est augment\u00e9e de 30 %, permettant de r\u00e9pondre sans effort aux exigences d&#8217;emballage haute densit\u00e9.<\/li>\n<li>Le syst\u00e8me hydraulique intelligent maintient une pression stable et contr\u00f4lable, garantissant une compacit\u00e9 d&#8217;emballage constante et r\u00e9duisant le risque de mat\u00e9riaux en vrac.<\/li>\n<\/ul>\n<p><strong>Conception modulaire, adaptation flexible<\/strong><\/p>\n<ul>\n<li>Le module de presse sup\u00e9rieur est personnalisable, permettant une configuration de tonnage de pression \u00e0 la demande (50 \u00e0 5 000 tonnes).<\/li>\n<li>La conception de la structure ouverte facilite l&rsquo;entretien, tandis que les composants cl\u00e9s sont r\u00e9sistants \u00e0 l&rsquo;usure et aux chocs, prolongeant la dur\u00e9e de vie de 50 %.<\/li>\n<\/ul>\n<p><strong>Contr\u00f4le intelligent, s\u00fbr et efficace<\/strong><\/p>\n<ul>\n<li>Le syst\u00e8me dispose d&rsquo;une interface de commande \u00e9lectronique \u00e0 un seul bouton qui est simple, intuitive et prend en charge la surveillance \u00e0 distance et le diagnostic des pannes.<\/li>\n<li>Plusieurs mesures de s\u00e9curit\u00e9, notamment une protection contre les surcharges hydrauliques, un freinage d&rsquo;urgence et un support anti-basculement, garantissent un fonctionnement s\u00fbr.<\/li>\n<\/ul>\n<h2>Points forts techniques<\/h2>\n<p><strong>Ch\u00e2ssis de semi-remorque<\/strong><\/p>\n<ul>\n<li>Conforme aux normes nationales de transport routier, le syst\u00e8me de freinage ABS standard convient \u00e0 diverses t\u00eates de tracteur.<\/li>\n<li>L&rsquo;unit\u00e9 est pr\u00eate \u00e0 fonctionner sur le site de transfert sans n\u00e9cessiter de chargement ou de d\u00e9chargement suppl\u00e9mentaire.<\/li>\n<\/ul>\n<p><strong>Structure du cylindre principal t\u00e9lescopique<\/strong><\/p>\n<ul>\n<li>Dot\u00e9 d&rsquo;une conception de cylindre t\u00e9lescopique, il offre une course de compression plus longue, une capacit\u00e9 de traitement unique accrue et une fr\u00e9quence de fonctionnement r\u00e9duite.<\/li>\n<li>Les joints de cylindre sont fabriqu\u00e9s \u00e0 partir de mat\u00e9riaux import\u00e9s, r\u00e9sistants \u00e0 la haute pression et \u00e0 la temp\u00e9rature, \u00e9liminant efficacement le risque de fuite d&rsquo;huile.<\/li>\n<\/ul>\n<p><strong>\u00c9conomie d&rsquo;\u00e9nergie et protection de l&rsquo;environnement<\/strong><\/p>\n<ul>\n<li>Le syst\u00e8me hydraulique \u00e0 faible bruit satisfait aux crit\u00e8res de protection de l&rsquo;environnement en fonctionnant \u00e0 \u2264 75 dB.<\/li>\n<li>Un groupe \u00e9lectrog\u00e8ne ou une alimentation externe en option permet un fonctionnement dans des environnements sans \u00e9lectricit\u00e9.<\/li>\n<\/ul>\n<h2>Comment fonctionne une presse \u00e0 balles mobile pour ferraille ?<\/h2>\n<div class=\"ast-oembed-container \" style=\"height: 100%;\"><iframe title=\"Y81M mobile baler for scrap metal recycling\" width=\"500\" height=\"281\" src=\"https:\/\/www.youtube.com\/embed\/QsryQpbWRrg?feature=oembed\" frameborder=\"0\" allow=\"accelerometer; autoplay; clipboard-write; encrypted-media; gyroscope; picture-in-picture; web-share\" referrerpolicy=\"strict-origin-when-cross-origin\" allowfullscreen><\/iframe><\/div>\n<h2>Sc\u00e9narios d&rsquo;application<\/h2>\n<ul>\n<li><strong>Domaine industriel :<\/strong> compression et r\u00e9duction de volume de mat\u00e9riaux recyclables tels que ferraille, plastique, cartons, mousse, etc.<\/li>\n<li><strong>Domaine de la protection de l&rsquo;environnement :<\/strong> traitement par compression mobile de ferraille et de d\u00e9chets d&rsquo;appareils \u00e9lectrom\u00e9nagers pour r\u00e9duire les co\u00fbts de transport.<\/li>\n<\/ul>\n<h2>Nos services complets<\/h2>\n<ul>\n<li>Une \u00e9quipe professionnelle pour fournir des solutions personnalis\u00e9es.<\/li>\n<li>Assistance technique apr\u00e8s-vente 24h\/24.<\/li>\n<li>Garantie d&rsquo;un an pour l&rsquo;ensemble de la machine, maintenance \u00e0 vie pour les composants principaux.<\/li>\n<\/ul>\n<h2>Fournisseurs coop\u00e9ratifs<\/h2>\n<p><img decoding=\"async\" class=\"alignnone size-full wp-image-1707\" src=\"https:\/\/www.unitetopbalermachine.com\/wp-content\/uploads\/2024\/05\/COOPERATIVE-SUPPLIERS.jpg\" alt=\"Fournisseurs coop\u00e9ratifs\" width=\"1200\" height=\"300\" srcset=\"https:\/\/www.unitetopbalermachine.com\/wp-content\/uploads\/2024\/05\/COOPERATIVE-SUPPLIERS.jpg 1200w, https:\/\/www.unitetopbalermachine.com\/wp-content\/uploads\/2024\/05\/COOPERATIVE-SUPPLIERS-600x150.jpg 600w, https:\/\/www.unitetopbalermachine.com\/wp-content\/uploads\/2024\/05\/COOPERATIVE-SUPPLIERS-300x75.jpg 300w, https:\/\/www.unitetopbalermachine.com\/wp-content\/uploads\/2024\/05\/COOPERATIVE-SUPPLIERS-1024x256.jpg 1024w, https:\/\/www.unitetopbalermachine.com\/wp-content\/uploads\/2024\/05\/COOPERATIVE-SUPPLIERS-768x192.jpg 768w\" sizes=\"(max-width: 1200px) 100vw, 1200px\" \/><\/p>\n","protected":false},"excerpt":{"rendered":"<p>Avec plus de 25 ans d&rsquo;exp\u00e9rience en production, nous avons fourni des solutions de recyclage de ferraille personnalis\u00e9es pour plus de 3 000 ensembles.<\/p>\n<table>\n<tbody>\n<tr>\n<td>Lieu d&rsquo;origine<\/td>\n<td>JIANGYIN, CHINA<\/td>\n<\/tr>\n<tr>\n<td>Mod\u00e8le<\/td>\n<td>S\u00e9rie Y81M<\/td>\n<\/tr>\n<tr>\n<td>Pression hydraulique<\/td>\n<td>250 tonnes<\/td>\n<\/tr>\n<tr>\n<td>Taille des balles<\/td>\n<td>500 * 500 mm ou personnalis\u00e9<\/td>\n<\/tr>\n<tr>\n<td>Taille de la chambre<\/td>\n<td>2500*1750*1000 mm ou personnalis\u00e9<\/td>\n<\/tr>\n<tr>\n<td>Sortie de balle<\/td>\n<td>Transf\u00e9rer la balle vers l&rsquo;avant<\/p>\n<p>D\u00e9mouler la balle<\/p>\n<p>Pousser la balle vers l&rsquo;ext\u00e9rieur<\/td>\n<\/tr>\n<tr>\n<td>Couleur<\/td>\n<td>Personnalis\u00e9<\/td>\n<\/tr>\n<tr>\n<td>Op\u00e9ration<\/td>\n<td>Contr\u00f4le manuel ou PLC<\/td>\n<\/tr>\n<\/tbody>\n<\/table>\n","protected":false},"featured_media":11908,"template":"","meta":{"site-sidebar-layout":"default","site-content-layout":"","ast-site-content-layout":"default","site-content-style":"default","site-sidebar-style":"default","ast-global-header-display":"","ast-banner-title-visibility":"","ast-main-header-display":"","ast-hfb-above-header-display":"","ast-hfb-below-header-display":"","ast-hfb-mobile-header-display":"","site-post-title":"","ast-breadcrumbs-content":"","ast-featured-img":"","footer-sml-layout":"","theme-transparent-header-meta":"default","adv-header-id-meta":"","stick-header-meta":"","header-above-stick-meta":"","header-main-stick-meta":"","header-below-stick-meta":"","astra-migrate-meta-layouts":"set","ast-page-background-enabled":"default","ast-page-background-meta":{"desktop":{"background-color":"var(--ast-global-color-4)","background-image":"","background-repeat":"repeat","background-position":"center center","background-size":"auto","background-attachment":"scroll","background-type":"","background-media":"","overlay-type":"","overlay-color":"","overlay-opacity":"","overlay-gradient":""},"tablet":{"background-color":"","background-image":"","background-repeat":"repeat","background-position":"center center","background-size":"auto","background-attachment":"scroll","background-type":"","background-media":"","overlay-type":"","overlay-color":"","overlay-opacity":"","overlay-gradient":""},"mobile":{"background-color":"","background-image":"","background-repeat":"repeat","background-position":"center center","background-size":"auto","background-attachment":"scroll","background-type":"","background-media":"","overlay-type":"","overlay-color":"","overlay-opacity":"","overlay-gradient":""}},"ast-content-background-meta":{"desktop":{"background-color":"var(--ast-global-color-5)","background-image":"","background-repeat":"repeat","background-position":"center center","background-size":"auto","background-attachment":"scroll","background-type":"","background-media":"","overlay-type":"","overlay-color":"","overlay-opacity":"","overlay-gradient":""},"tablet":{"background-color":"var(--ast-global-color-5)","background-image":"","background-repeat":"repeat","background-position":"center center","background-size":"auto","background-attachment":"scroll","background-type":"","background-media":"","overlay-type":"","overlay-color":"","overlay-opacity":"","overlay-gradient":""},"mobile":{"background-color":"var(--ast-global-color-5)","background-image":"","background-repeat":"repeat","background-position":"center center","background-size":"auto","background-attachment":"scroll","background-type":"","background-media":"","overlay-type":"","overlay-color":"","overlay-opacity":"","overlay-gradient":""}}},"product_brand":[],"product_cat":[43],"product_tag":[],"class_list":{"0":"post-11975","1":"product","2":"type-product","3":"status-publish","4":"has-post-thumbnail","6":"product_cat-presse-a-ferraille","7":"desktop-align-left","8":"tablet-align-left","9":"mobile-align-left","11":"first","12":"instock","13":"shipping-taxable","14":"product-type-simple"},"_links":{"self":[{"href":"https:\/\/www.unitetopbalermachine.com\/fr\/wp-json\/wp\/v2\/product\/11975","targetHints":{"allow":["GET"]}}],"collection":[{"href":"https:\/\/www.unitetopbalermachine.com\/fr\/wp-json\/wp\/v2\/product"}],"about":[{"href":"https:\/\/www.unitetopbalermachine.com\/fr\/wp-json\/wp\/v2\/types\/product"}],"wp:featuredmedia":[{"embeddable":true,"href":"https:\/\/www.unitetopbalermachine.com\/fr\/wp-json\/wp\/v2\/media\/11908"}],"wp:attachment":[{"href":"https:\/\/www.unitetopbalermachine.com\/fr\/wp-json\/wp\/v2\/media?parent=11975"}],"wp:term":[{"taxonomy":"product_brand","embeddable":true,"href":"https:\/\/www.unitetopbalermachine.com\/fr\/wp-json\/wp\/v2\/product_brand?post=11975"},{"taxonomy":"product_cat","embeddable":true,"href":"https:\/\/www.unitetopbalermachine.com\/fr\/wp-json\/wp\/v2\/product_cat?post=11975"},{"taxonomy":"product_tag","embeddable":true,"href":"https:\/\/www.unitetopbalermachine.com\/fr\/wp-json\/wp\/v2\/product_tag?post=11975"}],"curies":[{"name":"wp","href":"https:\/\/api.w.org\/{rel}","templated":true}]}}