{"id":11553,"date":"2025-03-13T01:03:40","date_gmt":"2025-03-13T01:03:40","guid":{"rendered":"https:\/\/www.unitetopbalermachine.com\/product\/presse-a-balles-hydraulique-serie-ydj\/"},"modified":"2025-04-08T02:43:07","modified_gmt":"2025-04-08T02:43:07","slug":"presse-a-balles-hydraulique-serie-ydj","status":"publish","type":"product","link":"https:\/\/www.unitetopbalermachine.com\/fr\/presse-a-balles-hydraulique-serie-ydj.html","title":{"rendered":"Presse \u00e0 balles hydraulique s\u00e9rie YDJ"},"content":{"rendered":"<h2>Sp\u00e9cifications techniques<\/h2>\n<table>\n<tbody>\n<tr>\n<td>Mod\u00e8le<\/td>\n<td>Force de coupe maximale (tonnes)<\/td>\n<td>Taille de la bo\u00eete de presse (mm)<\/td>\n<td>Section de balle (mm)<\/td>\n<td>Fr\u00e9quence de cisaillement (fois\/min)<\/td>\n<td>Puissance (kw)<\/td>\n<\/tr>\n<tr>\n<td>YDJ-4000<\/td>\n<td>400<\/td>\n<td>4000x1500x800<\/td>\n<td>500&#215;400<\/td>\n<td>4-7<\/td>\n<td>2&#215;45<\/td>\n<\/tr>\n<tr>\n<td>YDJ-5000<\/td>\n<td>500<\/td>\n<td>5000x2000x900<\/td>\n<td>650&#215;500<\/td>\n<td>4-7<\/td>\n<td>3&#215;45<\/td>\n<\/tr>\n<tr>\n<td>YDJ-6300<\/td>\n<td>630<\/td>\n<td>6000x2200x1200<\/td>\n<td>720&#215;650<\/td>\n<td>4-7<\/td>\n<td>6&#215;45<\/td>\n<\/tr>\n<\/tbody>\n<\/table>\n<h2>Composants cl\u00e9s<\/h2>\n<p><img fetchpriority=\"high\" decoding=\"async\" class=\"alignnone size-full wp-image-11490\" src=\"https:\/\/www.unitetopbalermachine.com\/wp-content\/uploads\/2025\/03\/YDJ-Series-Hydraulic-Baler-Shear-Machine-Key-Components.jpg\" alt=\"Composants cl\u00e9s de la presse \u00e0 balles hydraulique de la s\u00e9rie YDJ\" width=\"1200\" height=\"537\" srcset=\"https:\/\/www.unitetopbalermachine.com\/wp-content\/uploads\/2025\/03\/YDJ-Series-Hydraulic-Baler-Shear-Machine-Key-Components.jpg 1200w, https:\/\/www.unitetopbalermachine.com\/wp-content\/uploads\/2025\/03\/YDJ-Series-Hydraulic-Baler-Shear-Machine-Key-Components-300x134.jpg 300w, https:\/\/www.unitetopbalermachine.com\/wp-content\/uploads\/2025\/03\/YDJ-Series-Hydraulic-Baler-Shear-Machine-Key-Components-1024x458.jpg 1024w, https:\/\/www.unitetopbalermachine.com\/wp-content\/uploads\/2025\/03\/YDJ-Series-Hydraulic-Baler-Shear-Machine-Key-Components-768x344.jpg 768w, https:\/\/www.unitetopbalermachine.com\/wp-content\/uploads\/2025\/03\/YDJ-Series-Hydraulic-Baler-Shear-Machine-Key-Components-600x269.jpg 600w\" sizes=\"(max-width: 1200px) 100vw, 1200px\" \/><\/p>\n<p>Notre machine de cisaillement hydraulique \u00e0 balles de la s\u00e9rie YDJ int\u00e8gre des syst\u00e8mes hydrauliques, \u00e9lectriques et m\u00e9caniques avanc\u00e9s pour garantir un traitement efficace et fiable des m\u00e9taux.<\/p>\n<ul>\n<li><strong>Syst\u00e8me hydraulique : <\/strong> Comprend des vannes hydrauliques, des pompes et des cylindres haute pression qui fournissent des forces de cisaillement et de pressage puissantes avec un contr\u00f4le pr\u00e9cis.<\/li>\n<li><strong>Lubrification et surveillance :<\/strong> \u00c9quip\u00e9 d&rsquo;un syst\u00e8me de lubrification automatis\u00e9 et de capteurs de pression pour optimiser le fonctionnement de la machine et prolonger sa dur\u00e9e de vie.<\/li>\n<li><strong>Syst\u00e8me de contr\u00f4le :<\/strong> le contr\u00f4le PLC avanc\u00e9 et les servomoteurs garantissent une automatisation transparente, une efficacit\u00e9 \u00e9lev\u00e9e et des performances stables.<\/li>\n<li><strong>S\u00e9curit\u00e9 et protection :<\/strong> comprend des fonctions d&rsquo;arr\u00eat d&rsquo;urgence, des soupapes de surpression et des bo\u00eetiers de protection pour un fonctionnement s\u00fbr.<\/li>\n<li><strong>Structure m\u00e9canique : <\/strong> des composants en acier robustes, des pi\u00e8ces usin\u00e9es avec pr\u00e9cision et des mat\u00e9riaux r\u00e9sistants \u00e0 l&rsquo;usure am\u00e9liorent la durabilit\u00e9 et les performances.<\/li>\n<\/ul>\n<h2>Applications<\/h2>\n<p>Notre cisaille \u00e0 balles hydraulique de la s\u00e9rie YDJ assure un traitement efficace des m\u00e9taux, id\u00e9al pour le recyclage des ferraille, la r\u00e9duction des d\u00e9chets et la r\u00e9cup\u00e9ration des mat\u00e9riaux.<\/p>\n<p><strong>Pr\u00e9charge et coupe<\/strong><br \/>\nPr\u00e9charge et coupe efficacement divers m\u00e9taux de r\u00e9cup\u00e9ration, optimisant le traitement pour le recyclage et r\u00e9duisant le volume de mat\u00e9riaux pour une manipulation plus facile.<\/p>\n<p><strong>Armature de cisaillement<\/strong><br \/>\nCisaille efficacement les structures m\u00e9talliques renforc\u00e9es, assurant une coupe pr\u00e9cise des mat\u00e9riaux \u00e9pais pour les applications de traitement et de recyclage des d\u00e9chets.<\/p>\n<p><strong>Mat\u00e9riau mince emball\u00e9<\/strong><br \/>\nCompacte et emballe les mat\u00e9riaux m\u00e9talliques minces, am\u00e9liorant l&rsquo;efficacit\u00e9 du stockage et la commodit\u00e9 du transport tout en maintenant la qualit\u00e9 du recyclage.<\/p>\n<p><strong>Compression, cisaillement de la carrosserie<\/strong><br \/>\ncomprime et cisaille des carrosseries enti\u00e8res, facilitant le processus de recyclage et r\u00e9duisant l&rsquo;encombrement pour une r\u00e9cup\u00e9ration efficace des mat\u00e9riaux.<\/p>\n<h2>Regardez la cisaille \u00e0 balles hydraulique de la s\u00e9rie YDJ pour couper le m\u00e9tal en action\u00a0!<\/h2>\n<div class=\"ast-oembed-container \" style=\"height: 100%;\"><iframe title=\"630 tons YDJ baler shear machine for scrap metal shear\" width=\"500\" height=\"281\" src=\"https:\/\/www.youtube.com\/embed\/Ir3TahMqm0o?feature=oembed\" frameborder=\"0\" allow=\"accelerometer; autoplay; clipboard-write; encrypted-media; gyroscope; picture-in-picture; web-share\" referrerpolicy=\"strict-origin-when-cross-origin\" allowfullscreen><\/iframe><\/div>\n","protected":false},"excerpt":{"rendered":"<p>Notre cisaille \u00e0 balles hydraulique de la s\u00e9rie YDJ offre de puissantes capacit\u00e9s de pr\u00e9chargement, de compression et de cisaillement, ce qui la rend id\u00e9ale pour traiter efficacement la ferraille.<\/p>\n<p>Con\u00e7u pour le cisaillement des renforts, la compression de la carrosserie et l&#8217;emballage de mat\u00e9riaux minces, il garantit des balles \u00e0 haute densit\u00e9 pour un transport et un recyclage optimis\u00e9s.<\/p>\n<p>Le syst\u00e8me hydraulique avanc\u00e9 offre un fonctionnement stable, une force de coupe \u00e9lev\u00e9e et des performances fiables, r\u00e9duisant les co\u00fbts de main-d&rsquo;\u0153uvre tout en am\u00e9liorant la productivit\u00e9.<\/p>\n<ul>\n<li>Capacit\u00e9 de force de coupe \u00e9lev\u00e9e<\/li>\n<li>Traitement polyvalent des mat\u00e9riaux<\/li>\n<li>Syst\u00e8me hydraulique robuste<\/li>\n<li>Taille de bo\u00eete de presse personnalisable<\/li>\n<\/ul>\n","protected":false},"featured_media":11188,"template":"","meta":{"site-sidebar-layout":"default","site-content-layout":"","ast-site-content-layout":"default","site-content-style":"default","site-sidebar-style":"default","ast-global-header-display":"","ast-banner-title-visibility":"","ast-main-header-display":"","ast-hfb-above-header-display":"","ast-hfb-below-header-display":"","ast-hfb-mobile-header-display":"","site-post-title":"","ast-breadcrumbs-content":"","ast-featured-img":"","footer-sml-layout":"","theme-transparent-header-meta":"default","adv-header-id-meta":"","stick-header-meta":"","header-above-stick-meta":"","header-main-stick-meta":"","header-below-stick-meta":"","astra-migrate-meta-layouts":"set","ast-page-background-enabled":"default","ast-page-background-meta":{"desktop":{"background-color":"var(--ast-global-color-4)","background-image":"","background-repeat":"repeat","background-position":"center center","background-size":"auto","background-attachment":"scroll","background-type":"","background-media":"","overlay-type":"","overlay-color":"","overlay-opacity":"","overlay-gradient":""},"tablet":{"background-color":"","background-image":"","background-repeat":"repeat","background-position":"center center","background-size":"auto","background-attachment":"scroll","background-type":"","background-media":"","overlay-type":"","overlay-color":"","overlay-opacity":"","overlay-gradient":""},"mobile":{"background-color":"","background-image":"","background-repeat":"repeat","background-position":"center center","background-size":"auto","background-attachment":"scroll","background-type":"","background-media":"","overlay-type":"","overlay-color":"","overlay-opacity":"","overlay-gradient":""}},"ast-content-background-meta":{"desktop":{"background-color":"var(--ast-global-color-5)","background-image":"","background-repeat":"repeat","background-position":"center center","background-size":"auto","background-attachment":"scroll","background-type":"","background-media":"","overlay-type":"","overlay-color":"","overlay-opacity":"","overlay-gradient":""},"tablet":{"background-color":"var(--ast-global-color-5)","background-image":"","background-repeat":"repeat","background-position":"center center","background-size":"auto","background-attachment":"scroll","background-type":"","background-media":"","overlay-type":"","overlay-color":"","overlay-opacity":"","overlay-gradient":""},"mobile":{"background-color":"var(--ast-global-color-5)","background-image":"","background-repeat":"repeat","background-position":"center center","background-size":"auto","background-attachment":"scroll","background-type":"","background-media":"","overlay-type":"","overlay-color":"","overlay-opacity":"","overlay-gradient":""}}},"product_brand":[],"product_cat":[44],"product_tag":[],"class_list":{"0":"post-11553","1":"product","2":"type-product","3":"status-publish","4":"has-post-thumbnail","6":"product_cat-cisaille-a-ferraille","7":"desktop-align-left","8":"tablet-align-left","9":"mobile-align-left","11":"first","12":"instock","13":"shipping-taxable","14":"product-type-simple"},"_links":{"self":[{"href":"https:\/\/www.unitetopbalermachine.com\/fr\/wp-json\/wp\/v2\/product\/11553","targetHints":{"allow":["GET"]}}],"collection":[{"href":"https:\/\/www.unitetopbalermachine.com\/fr\/wp-json\/wp\/v2\/product"}],"about":[{"href":"https:\/\/www.unitetopbalermachine.com\/fr\/wp-json\/wp\/v2\/types\/product"}],"wp:featuredmedia":[{"embeddable":true,"href":"https:\/\/www.unitetopbalermachine.com\/fr\/wp-json\/wp\/v2\/media\/11188"}],"wp:attachment":[{"href":"https:\/\/www.unitetopbalermachine.com\/fr\/wp-json\/wp\/v2\/media?parent=11553"}],"wp:term":[{"taxonomy":"product_brand","embeddable":true,"href":"https:\/\/www.unitetopbalermachine.com\/fr\/wp-json\/wp\/v2\/product_brand?post=11553"},{"taxonomy":"product_cat","embeddable":true,"href":"https:\/\/www.unitetopbalermachine.com\/fr\/wp-json\/wp\/v2\/product_cat?post=11553"},{"taxonomy":"product_tag","embeddable":true,"href":"https:\/\/www.unitetopbalermachine.com\/fr\/wp-json\/wp\/v2\/product_tag?post=11553"}],"curies":[{"name":"wp","href":"https:\/\/api.w.org\/{rel}","templated":true}]}}