{"id":11552,"date":"2025-03-13T01:04:10","date_gmt":"2025-03-13T01:04:10","guid":{"rendered":"https:\/\/www.unitetopbalermachine.com\/product\/cisaille-hydraulique-a-commande-automatique-pour-conteneurs-metalliques-de-la-serie-ws\/"},"modified":"2026-03-18T10:22:15","modified_gmt":"2026-03-18T10:22:15","slug":"cisaille-hydraulique-a-commande-automatique-pour-conteneurs-metalliques-de-la-serie-ws","status":"publish","type":"product","link":"https:\/\/www.unitetopbalermachine.com\/fr\/cisaille-hydraulique-a-commande-automatique-pour-conteneurs-metalliques-de-la-serie-ws.html","title":{"rendered":"Cisaille hydraulique \u00e0 commande automatique pour conteneurs m\u00e9talliques de la s\u00e9rie WS"},"content":{"rendered":"<h2>D\u00e9tail de la production<\/h2>\n<p>La cisaille hydraulique pour conteneurs m\u00e9talliques de la s\u00e9rie WS est tr\u00e8s utile au secteur du recyclage des m\u00e9taux. Chaque pays est confront\u00e9 \u00e0 la rar\u00e9faction des ressources. La meilleure approche en mati\u00e8re de recyclage est un enjeu majeur, tant dans les pays industrialis\u00e9s que dans les pays en d\u00e9veloppement. Afin de r\u00e9pondre aux besoins de nos clients, nous concevons une gamme de cisailles hydrauliques pour conteneurs m\u00e9talliques, sp\u00e9cialement con\u00e7ues pour le traitement de leurs d\u00e9chets m\u00e9talliques.<\/p>\n<p>Les cisailles hydrauliques pour conteneurs \u00e0 ferraille de la s\u00e9rie WS sont adapt\u00e9es aux industries de r\u00e9cup\u00e9ration et de traitement, de sid\u00e9rurgie de grande taille et de fusion de m\u00e9taux non ferreux. Ces cisailles peuvent couper une grande vari\u00e9t\u00e9 de formes m\u00e9talliques, notamment rondes, carr\u00e9es, en U, en corni\u00e8re, en I et en t\u00f4le, ainsi que tous types de structures m\u00e9talliques et de ferraille cisaill\u00e9e \u00e0 froid. Elles facilitent ainsi le conditionnement, le stockage et le transport, tout en permettant une fusion de charges qualifi\u00e9e.<\/p>\n<h3>Caract\u00e9ristiques<\/h3>\n<ul>\n<li>La cisaille hydraulique pour conteneurs de ferraille de la s\u00e9rie WS utilise un entra\u00eenement hydraulique.<\/li>\n<li>Par rapport aux cisailles m\u00e9caniques traditionnelles, notre cisaille hydraulique pour conteneurs de ferraille de la s\u00e9rie WS offre une conception compacte, une structure l\u00e9g\u00e8re, une faible inertie, un bruit r\u00e9duit et un fonctionnement fluide.<\/li>\n<li>Simple et s\u00fbre \u00e0 utiliser, la cisaille hydraulique pour conteneurs de ferraille de la s\u00e9rie WS permet un r\u00e9glage facile de la lame de cisaillement.<\/li>\n<li>La cisaille hydraulique pour conteneurs de ferraille de la s\u00e9rie WS est durable et augmente la productivit\u00e9.<\/li>\n<li>Le contr\u00f4le automatique PLC est simple \u00e0 utiliser et \u00e0 entretenir.<\/li>\n<li>La cisaille hydraulique pour conteneurs de ferraille de notre s\u00e9rie WS convient \u00e0 une vari\u00e9t\u00e9 de types de m\u00e9taux.<\/li>\n<\/ul>\n<h2>Applications<\/h2>\n<p><img fetchpriority=\"high\" decoding=\"async\" class=\"alignnone size-full wp-image-11466\" src=\"https:\/\/www.unitetopbalermachine.com\/wp-content\/uploads\/2025\/03\/Automatic-Control-Hydraulic-Scrap-Metal-Container-Shear-Machine-Applications.jpg\" alt=\"Applications de la cisaille hydraulique \u00e0 commande automatique pour conteneurs de ferraille\" width=\"1200\" height=\"205\" srcset=\"https:\/\/www.unitetopbalermachine.com\/wp-content\/uploads\/2025\/03\/Automatic-Control-Hydraulic-Scrap-Metal-Container-Shear-Machine-Applications.jpg 1200w, https:\/\/www.unitetopbalermachine.com\/wp-content\/uploads\/2025\/03\/Automatic-Control-Hydraulic-Scrap-Metal-Container-Shear-Machine-Applications-300x51.jpg 300w, https:\/\/www.unitetopbalermachine.com\/wp-content\/uploads\/2025\/03\/Automatic-Control-Hydraulic-Scrap-Metal-Container-Shear-Machine-Applications-1024x175.jpg 1024w, https:\/\/www.unitetopbalermachine.com\/wp-content\/uploads\/2025\/03\/Automatic-Control-Hydraulic-Scrap-Metal-Container-Shear-Machine-Applications-768x131.jpg 768w, https:\/\/www.unitetopbalermachine.com\/wp-content\/uploads\/2025\/03\/Automatic-Control-Hydraulic-Scrap-Metal-Container-Shear-Machine-Applications-600x103.jpg 600w\" sizes=\"(max-width: 1200px) 100vw, 1200px\" \/><\/p>\n<h2>Param\u00e8tres techniques<\/h2>\n<table>\n<tbody>\n<tr>\n<td><strong>Mod\u00e8le<\/strong><\/td>\n<td><strong>Force de coupe maximale (tonne)<\/strong><\/td>\n<td><strong>Longueur de la lame (mm)<\/strong><\/td>\n<td><strong>Hauteur de cisaillement (mm)<\/strong><\/td>\n<td><strong>Fr\u00e9quence de cisaillement (fois\/min)<\/strong><\/td>\n<td><strong>Puissance<\/strong> <strong> (kw)<\/strong><\/td>\n<\/tr>\n<tr>\n<td>WS-630<\/td>\n<td>630<\/td>\n<td>1400<\/td>\n<td>420\/300<\/td>\n<td>8-10<\/td>\n<td>110<\/td>\n<\/tr>\n<tr>\n<td>WS-800<\/td>\n<td>800<\/td>\n<td>1600<\/td>\n<td>420\/300<\/td>\n<td>12-18<\/td>\n<td>150<\/td>\n<\/tr>\n<tr>\n<td>WS-1000<\/td>\n<td>1000<\/td>\n<td>1600\/2100<\/td>\n<td>420\/500<\/td>\n<td>15-25<\/td>\n<td>275<\/td>\n<\/tr>\n<\/tbody>\n<\/table>\n<h2>Fournisseurs coop\u00e9ratifs<\/h2>\n<p><img decoding=\"async\" class=\"size-full wp-image-11297 aligncenter\" src=\"https:\/\/www.unitetopbalermachine.com\/wp-content\/uploads\/2025\/03\/Cooperative-Suppliers.jpg\" alt=\"Fournisseurs coop\u00e9ratifs\" width=\"900\" height=\"422\" srcset=\"https:\/\/www.unitetopbalermachine.com\/wp-content\/uploads\/2025\/03\/Cooperative-Suppliers.jpg 900w, https:\/\/www.unitetopbalermachine.com\/wp-content\/uploads\/2025\/03\/Cooperative-Suppliers-300x141.jpg 300w, https:\/\/www.unitetopbalermachine.com\/wp-content\/uploads\/2025\/03\/Cooperative-Suppliers-768x360.jpg 768w, https:\/\/www.unitetopbalermachine.com\/wp-content\/uploads\/2025\/03\/Cooperative-Suppliers-600x281.jpg 600w\" sizes=\"(max-width: 900px) 100vw, 900px\" \/><\/p>\n<h2>Regardez la machine de cisaillement et de mise en balles de conteneurs de ferraille hydraulique de la s\u00e9rie WS pour couper le m\u00e9tal en action !<\/h2>\n<div class=\"ast-oembed-container \" style=\"height: 100%;\"><iframe title=\"Chinese Manufacture Automatic Control WS Series Hydraulic Scrap Metal Container Shear Machine\" width=\"500\" height=\"281\" src=\"https:\/\/www.youtube.com\/embed\/QnC-QROUEIU?feature=oembed\" frameborder=\"0\" allow=\"accelerometer; autoplay; clipboard-write; encrypted-media; gyroscope; picture-in-picture; web-share\" referrerpolicy=\"strict-origin-when-cross-origin\" allowfullscreen><\/iframe><\/div>\n","protected":false},"excerpt":{"rendered":"<p>Avec plus de 25 ans d\u2019exp\u00e9rience en production, nous avons fourni plus de 3 000 solutions personnalis\u00e9es de recyclage de ferraille.<\/p>\n<table>\n<tbody>\n<tr>\n<td>Lieu d&rsquo;origine<\/td>\n<td>JIANGYIN, CHINA<\/td>\n<\/tr>\n<tr>\n<td>Mod\u00e8le<\/td>\n<td>WS-630<\/td>\n<\/tr>\n<tr>\n<td>Force de coupe maximale<\/td>\n<td>630 tonnes<\/td>\n<\/tr>\n<tr>\n<td>Longueur de la lame<\/td>\n<td>1400mm<\/td>\n<\/tr>\n<tr>\n<td>Moteur<\/td>\n<td>110kw<\/td>\n<\/tr>\n<tr>\n<td>Couleur<\/td>\n<td>Personnalis\u00e9<\/td>\n<\/tr>\n<tr>\n<td>Op\u00e9ration<\/td>\n<td>Contr\u00f4le automatique<\/td>\n<\/tr>\n<\/tbody>\n<\/table>\n","protected":false},"featured_media":11479,"template":"","meta":{"site-sidebar-layout":"default","site-content-layout":"","ast-site-content-layout":"default","site-content-style":"default","site-sidebar-style":"default","ast-global-header-display":"","ast-banner-title-visibility":"","ast-main-header-display":"","ast-hfb-above-header-display":"","ast-hfb-below-header-display":"","ast-hfb-mobile-header-display":"","site-post-title":"","ast-breadcrumbs-content":"","ast-featured-img":"","footer-sml-layout":"","theme-transparent-header-meta":"default","adv-header-id-meta":"","stick-header-meta":"","header-above-stick-meta":"","header-main-stick-meta":"","header-below-stick-meta":"","astra-migrate-meta-layouts":"set","ast-page-background-enabled":"default","ast-page-background-meta":{"desktop":{"background-color":"var(--ast-global-color-4)","background-image":"","background-repeat":"repeat","background-position":"center center","background-size":"auto","background-attachment":"scroll","background-type":"","background-media":"","overlay-type":"","overlay-color":"","overlay-opacity":"","overlay-gradient":""},"tablet":{"background-color":"","background-image":"","background-repeat":"repeat","background-position":"center center","background-size":"auto","background-attachment":"scroll","background-type":"","background-media":"","overlay-type":"","overlay-color":"","overlay-opacity":"","overlay-gradient":""},"mobile":{"background-color":"","background-image":"","background-repeat":"repeat","background-position":"center center","background-size":"auto","background-attachment":"scroll","background-type":"","background-media":"","overlay-type":"","overlay-color":"","overlay-opacity":"","overlay-gradient":""}},"ast-content-background-meta":{"desktop":{"background-color":"var(--ast-global-color-5)","background-image":"","background-repeat":"repeat","background-position":"center center","background-size":"auto","background-attachment":"scroll","background-type":"","background-media":"","overlay-type":"","overlay-color":"","overlay-opacity":"","overlay-gradient":""},"tablet":{"background-color":"var(--ast-global-color-5)","background-image":"","background-repeat":"repeat","background-position":"center center","background-size":"auto","background-attachment":"scroll","background-type":"","background-media":"","overlay-type":"","overlay-color":"","overlay-opacity":"","overlay-gradient":""},"mobile":{"background-color":"var(--ast-global-color-5)","background-image":"","background-repeat":"repeat","background-position":"center center","background-size":"auto","background-attachment":"scroll","background-type":"","background-media":"","overlay-type":"","overlay-color":"","overlay-opacity":"","overlay-gradient":""}}},"product_brand":[],"product_cat":[44],"product_tag":[],"class_list":{"0":"post-11552","1":"product","2":"type-product","3":"status-publish","4":"has-post-thumbnail","6":"product_cat-cisaille-a-ferraille","7":"desktop-align-left","8":"tablet-align-left","9":"mobile-align-left","11":"first","12":"instock","13":"shipping-taxable","14":"product-type-simple"},"_links":{"self":[{"href":"https:\/\/www.unitetopbalermachine.com\/fr\/wp-json\/wp\/v2\/product\/11552","targetHints":{"allow":["GET"]}}],"collection":[{"href":"https:\/\/www.unitetopbalermachine.com\/fr\/wp-json\/wp\/v2\/product"}],"about":[{"href":"https:\/\/www.unitetopbalermachine.com\/fr\/wp-json\/wp\/v2\/types\/product"}],"wp:featuredmedia":[{"embeddable":true,"href":"https:\/\/www.unitetopbalermachine.com\/fr\/wp-json\/wp\/v2\/media\/11479"}],"wp:attachment":[{"href":"https:\/\/www.unitetopbalermachine.com\/fr\/wp-json\/wp\/v2\/media?parent=11552"}],"wp:term":[{"taxonomy":"product_brand","embeddable":true,"href":"https:\/\/www.unitetopbalermachine.com\/fr\/wp-json\/wp\/v2\/product_brand?post=11552"},{"taxonomy":"product_cat","embeddable":true,"href":"https:\/\/www.unitetopbalermachine.com\/fr\/wp-json\/wp\/v2\/product_cat?post=11552"},{"taxonomy":"product_tag","embeddable":true,"href":"https:\/\/www.unitetopbalermachine.com\/fr\/wp-json\/wp\/v2\/product_tag?post=11552"}],"curies":[{"name":"wp","href":"https:\/\/api.w.org\/{rel}","templated":true}]}}