{"id":11551,"date":"2025-03-13T01:04:45","date_gmt":"2025-03-13T01:04:45","guid":{"rendered":"https:\/\/www.unitetopbalermachine.com\/product\/broyeur-de-metaux-a-commande-automatique-serie-spj\/"},"modified":"2026-03-18T07:49:54","modified_gmt":"2026-03-18T07:49:54","slug":"broyeur-de-metaux-a-commande-automatique-serie-spj","status":"publish","type":"product","link":"https:\/\/www.unitetopbalermachine.com\/fr\/broyeur-de-metaux-a-commande-automatique-serie-spj.html","title":{"rendered":"Broyeur de m\u00e9taux \u00e0 commande automatique s\u00e9rie SPJ"},"content":{"rendered":"<h2>D\u00e9tails du produit<\/h2>\n<p>Le broyeur de m\u00e9taux est un appareil extr\u00eamement polyvalent et multifonctionnel, con\u00e7u selon une structure modulaire standardis\u00e9e qui garantit une excellente interchangeabilit\u00e9 des pi\u00e8ces. Il est \u00e9quip\u00e9 de lames auxiliaires en acier forg\u00e9 de pr\u00e9cision, ce qui renforce sa durabilit\u00e9 et am\u00e9liore ses performances de coupe. <\/p>\n<p>Sa fonction principale consiste \u00e0 broyer et \u00e0 compacter des mat\u00e9riaux m\u00e9talliques volumineux, notamment des f\u00fbts hors gabarit et des d\u00e9chets m\u00e9talliques encombrants, afin de les rendre plus compacts pour un transport et un recyclage efficaces. En r\u00e9duisant les mat\u00e9riaux \u00e0 la taille de t\u00f4le requise, elle augmente la densit\u00e9 de stockage, ce qui facilite leur manutention et leur r\u00e9utilisation. Gr\u00e2ce \u00e0 son design \u00e9pur\u00e9, sa construction robuste et son encombrement r\u00e9duit, cette machine permet non seulement d&rsquo;augmenter la capacit\u00e9 de traitement et l&rsquo;efficacit\u00e9 du broyage, mais aussi d&rsquo;\u00e9largir son champ d&rsquo;application.  <\/p>\n<p>Largement utilis\u00e9 pour le broyage de ferraille, ce broyeur permet d&rsquo;optimiser la densit\u00e9 apparente afin de simplifier la logistique et le recyclage. Il est particuli\u00e8rement efficace pour le traitement des seaux de peinture, des f\u00fbts de gazole, des t\u00f4les fines, des carrosseries de voiture, des blocs de m\u00e9tal compress\u00e9s et des d\u00e9chets de t\u00f4le. Les lames sont fabriqu\u00e9es en acier alli\u00e9 \u00e0 haute r\u00e9sistance, ce qui garantit une r\u00e9sistance \u00e0 l&rsquo;usure et une durabilit\u00e9 exceptionnelles, rendant ainsi la machine fiable pour des op\u00e9rations intensives \u00e0 long terme.  <\/p>\n<h3>Caract\u00e9ristiques<\/h3>\n<p>1. La lame mobile robuste am\u00e9liore l&rsquo;efficacit\u00e9 du broyage, tandis que la pi\u00e8ce moul\u00e9e en acier alli\u00e9 garantit la durabilit\u00e9 et prolonge la dur\u00e9e de vie de l&rsquo;\u00e9quipement.<\/p>\n<p>2. La plaque de ch\u00e2ssis \u00e9paisse r\u00e9siste \u00e0 des couples \u00e9lev\u00e9s, offrant ainsi une r\u00e9sistance et une stabilit\u00e9 exceptionnelles.<\/p>\n<p>3. \u00c9quip\u00e9 d&rsquo;un syst\u00e8me de commande automatique \u00e0 microprocesseur (PLC), permettant le d\u00e9marrage, l&rsquo;arr\u00eat, l&rsquo;inversion de marche et la protection contre les surcharges, avec fonction d&rsquo;inversion automatique.<\/p>\n<p>4. Notre broyeur de m\u00e9taux fonctionne \u00e0 faible vitesse avec un couple \u00e9lev\u00e9, g\u00e9n\u00e9rant un minimum de bruit et de poussi\u00e8re tout en respectant les normes environnementales.<\/p>\n<p>5. Con\u00e7u pour faciliter les r\u00e9glages, r\u00e9duire les co\u00fbts d&rsquo;entretien et garantir une rentabilit\u00e9 \u00e0 long terme.<\/p>\n<p>6. L&rsquo;\u00e9paisseur de l&rsquo;outil et le nombre de dents peuvent \u00eatre adapt\u00e9s en fonction des diff\u00e9rentes exigences li\u00e9es au traitement des mat\u00e9riaux.<\/p>\n<h2>Principe de fonctionnement d&rsquo;un broyeur de m\u00e9taux<\/h2>\n<p>Le mat\u00e9riau est introduit dans le broyeur situ\u00e9 \u00e0 l&rsquo;int\u00e9rieur du caisson ; il est ensuite r\u00e9duit en petits morceaux afin de r\u00e9pondre aux exigences de la partie inf\u00e9rieure du caisson, apr\u00e8s avoir \u00e9t\u00e9 d\u00e9chiquet\u00e9, extrud\u00e9, cisaill\u00e9 et soumis \u00e0 d&rsquo;autres op\u00e9rations compl\u00e8tes par la lame de broyage.<\/p>\n<p>La mise au point du broyeur de m\u00e9taux permet non seulement de r\u00e9soudre le probl\u00e8me de l&rsquo;encombrement li\u00e9 \u00e0 l&#8217;empilement des mat\u00e9riaux gr\u00e2ce au traitement, mais facilite \u00e9galement leur transport et leur recyclage. Les \u00e9l\u00e9ments les plus critiques du processus sont la t\u00eate de coupe et le moteur ; le broyeur de m\u00e9taux d\u00e9chiquette les mat\u00e9riaux m\u00e9talliques, et les exigences en mati\u00e8re de duret\u00e9 et de r\u00e9sistance \u00e0 l&rsquo;usure de la t\u00eate de coupe sont particuli\u00e8rement \u00e9lev\u00e9es ; si ces exigences ne sont pas satisfaites, la machine sera endommag\u00e9e. <\/p>\n<h2>Caract\u00e9ristiques techniques du broyeur de m\u00e9taux<\/h2>\n<table class=\"table03132\">\n<tbody>\n<tr>\n<td><img fetchpriority=\"high\" decoding=\"async\" class=\"alignnone size-full wp-image-11261\" src=\"https:\/\/www.unitetopbalermachine.com\/wp-content\/uploads\/2025\/03\/Metal-Shredder-Machine-Blade.jpg\" alt=\"Lame pour broyeur de m\u00e9taux\" width=\"600\" height=\"450\" srcset=\"https:\/\/www.unitetopbalermachine.com\/wp-content\/uploads\/2025\/03\/Metal-Shredder-Machine-Blade.jpg 600w, https:\/\/www.unitetopbalermachine.com\/wp-content\/uploads\/2025\/03\/Metal-Shredder-Machine-Blade-300x225.jpg 300w\" sizes=\"(max-width: 600px) 100vw, 600px\" \/><\/td>\n<td>1. Lame pour broyeur de m\u00e9taux<br \/>\nNous pouvons personnaliser la lame de votre broyeur de m\u00e9taux en fonction du mat\u00e9riau utilis\u00e9 pour ce broyeur.<\/td>\n<\/tr>\n<tr>\n<td><img decoding=\"async\" class=\"alignnone size-full wp-image-11273\" src=\"https:\/\/www.unitetopbalermachine.com\/wp-content\/uploads\/2025\/03\/Metal-Shredder-Machine-Control-Button.jpg\" alt=\"Bouton de commande d'un broyeur de m\u00e9taux\" width=\"600\" height=\"661\" srcset=\"https:\/\/www.unitetopbalermachine.com\/wp-content\/uploads\/2025\/03\/Metal-Shredder-Machine-Control-Button.jpg 600w, https:\/\/www.unitetopbalermachine.com\/wp-content\/uploads\/2025\/03\/Metal-Shredder-Machine-Control-Button-272x300.jpg 272w\" sizes=\"(max-width: 600px) 100vw, 600px\" \/><\/td>\n<td>2. Bouton de commande<br \/>\nNotre broyeur de m\u00e9tal est \u00e9quip\u00e9 d&rsquo;un syst\u00e8me de commande automatique, ce qui le rend plus pratique \u00e0 utiliser et facilite son entretien.<\/td>\n<\/tr>\n<tr>\n<td><img decoding=\"async\" class=\"alignnone size-full wp-image-11285\" src=\"https:\/\/www.unitetopbalermachine.com\/wp-content\/uploads\/2025\/03\/Small-All-In-One-Metal-Shredder-Machine.jpg\" alt=\"Petite d\u00e9chiqueteuse m\u00e9tallique tout-en-un\" width=\"600\" height=\"453\" srcset=\"https:\/\/www.unitetopbalermachine.com\/wp-content\/uploads\/2025\/03\/Small-All-In-One-Metal-Shredder-Machine.jpg 600w, https:\/\/www.unitetopbalermachine.com\/wp-content\/uploads\/2025\/03\/Small-All-In-One-Metal-Shredder-Machine-300x227.jpg 300w\" sizes=\"(max-width: 600px) 100vw, 600px\" \/><\/td>\n<td>3. Machine tout-en-un<br \/>\nNotre petite d\u00e9chiqueteuse m\u00e9tallique tout-en-un b\u00e9n\u00e9ficie d&rsquo;une conception sp\u00e9ciale : elle occupe peu d&rsquo;espace et est dot\u00e9e de fonctions de s\u00e9curit\u00e9 et de commodit\u00e9.<\/td>\n<\/tr>\n<\/tbody>\n<\/table>\n<h2>Nos diff\u00e9rents mod\u00e8les de broyeurs de m\u00e9taux<\/h2>\n<p><img loading=\"lazy\" decoding=\"async\" class=\"size-full wp-image-14322 aligncenter\" src=\"https:\/\/www.unitetopbalermachine.com\/wp-content\/uploads\/2025\/03\/Metal-Shredder-Types.jpg\" alt=\"Types de broyeurs de m\u00e9taux\" width=\"900\" height=\"600\" srcset=\"https:\/\/www.unitetopbalermachine.com\/wp-content\/uploads\/2025\/03\/Metal-Shredder-Types.jpg 900w, https:\/\/www.unitetopbalermachine.com\/wp-content\/uploads\/2025\/03\/Metal-Shredder-Types-300x200.jpg 300w, https:\/\/www.unitetopbalermachine.com\/wp-content\/uploads\/2025\/03\/Metal-Shredder-Types-768x512.jpg 768w, https:\/\/www.unitetopbalermachine.com\/wp-content\/uploads\/2025\/03\/Metal-Shredder-Types-600x400.jpg 600w\" sizes=\"(max-width: 900px) 100vw, 900px\" \/><\/p>\n<h3>Broyeur de m\u00e9tal \u00e0 arbre unique<\/h3>\n<ul>\n<li>Con\u00e7u pour les d\u00e9chets l\u00e9gers \u00e0 moyens, il offre une efficacit\u00e9 de broyage constante.<\/li>\n<li>Entretien facile gr\u00e2ce \u00e0 des lames rempla\u00e7ables, pour un temps d&rsquo;arr\u00eat r\u00e9duit au minimum.<\/li>\n<li>Une conception \u00e9conome en \u00e9nergie permet de r\u00e9duire les co\u00fbts d&rsquo;exploitation sans compromettre la fonctionnalit\u00e9.<\/li>\n<\/ul>\n<h3>Broyeur m\u00e9tallique \u00e0 double arbre<\/h3>\n<ul>\n<li>Permet de traiter des d\u00e9chets plus volumineux et plus r\u00e9sistants, avec un d\u00e9bit plus \u00e9lev\u00e9.<\/li>\n<li>Les deux rotors garantissent un broyage homog\u00e8ne et r\u00e9duisent les risques de bourrage.<\/li>\n<li>Construction robuste adapt\u00e9e \u00e0 une utilisation industrielle intensive et continue.<\/li>\n<\/ul>\n<h3>Broyeur de m\u00e9taux mobile<\/h3>\n<ul>\n<li>La flexibilit\u00e9 d&rsquo;installation permet une utilisation sur plusieurs sites ou dans le cadre d&rsquo;installations temporaires.<\/li>\n<li>Conception compacte et mobile pour le traitement des d\u00e9chets sur site.<\/li>\n<li>Une installation et un transport rapides permettent de r\u00e9duire les temps d&rsquo;arr\u00eat et les co\u00fbts logistiques.<\/li>\n<\/ul>\n<h3>Broyeur industriel \u00e0 usage intensif<\/h3>\n<ul>\n<li>Con\u00e7ues pour le recyclage continu de grands volumes de m\u00e9taux dans des environnements industriels.<\/li>\n<li>Le rotor et le ch\u00e2ssis renforc\u00e9s r\u00e9sistent \u00e0 une usure extr\u00eame.<\/li>\n<li>Format de sortie personnalisable pour r\u00e9pondre aux exigences strictes des \u00e9tapes de traitement en aval.<\/li>\n<\/ul>\n<h2>Applications<\/h2>\n<p>Les broyeurs de m\u00e9taux sont utilis\u00e9s dans de nombreux secteurs, o\u00f9 ils permettent d&rsquo;am\u00e9liorer l&rsquo;efficacit\u00e9 du recyclage et de r\u00e9duire les co\u00fbts li\u00e9s au traitement des d\u00e9chets.<\/p>\n<ul>\n<li><strong>Recyclage automobile :<\/strong> Broyage des carrosseries, des ch\u00e2ssis et des composants m\u00e9talliques en vue de la r\u00e9cup\u00e9ration de ferraille.<\/li>\n<li><strong>Traitement des c\u00e2bles et fils \u00e9lectriques :<\/strong> Traite efficacement les d\u00e9chets de c\u00e2bles en cuivre, en aluminium et mixtes.<\/li>\n<li><strong>D\u00e9chets d&rsquo;acier, d&rsquo;aluminium et de cuivre :<\/strong> R\u00e9duit les gros d\u00e9chets industriels en morceaux de taille homog\u00e8ne en vue d&rsquo;un traitement ult\u00e9rieur.<\/li>\n<li><strong>Recyclage des d\u00e9chets \u00e9lectroniques :<\/strong> Traite en toute s\u00e9curit\u00e9 les d\u00e9chets \u00e9lectroniques, notamment les ordinateurs, les appareils \u00e9lectrom\u00e9nagers et les composants \u00e9lectroniques.<\/li>\n<li><strong>R\u00e9duction des d\u00e9chets industriels et de fonderie :<\/strong> Optimise la gestion des d\u00e9chets m\u00e9talliques pour les usines, les fonderies et les installations de transformation des m\u00e9taux.<\/li>\n<\/ul>\n<p><img loading=\"lazy\" decoding=\"async\" class=\"size-full wp-image-11454 aligncenter\" src=\"https:\/\/www.unitetopbalermachine.com\/wp-content\/uploads\/2025\/03\/SPJ-Series-Automatic-Control-Metal-Shredder-Machine-Applications.jpg\" alt=\"Applications de la d\u00e9chiqueteuse m\u00e9tallique \u00e0 commande automatique de la s\u00e9rie SPJ\" width=\"800\" height=\"490\" srcset=\"https:\/\/www.unitetopbalermachine.com\/wp-content\/uploads\/2025\/03\/SPJ-Series-Automatic-Control-Metal-Shredder-Machine-Applications.jpg 800w, https:\/\/www.unitetopbalermachine.com\/wp-content\/uploads\/2025\/03\/SPJ-Series-Automatic-Control-Metal-Shredder-Machine-Applications-300x184.jpg 300w, https:\/\/www.unitetopbalermachine.com\/wp-content\/uploads\/2025\/03\/SPJ-Series-Automatic-Control-Metal-Shredder-Machine-Applications-768x470.jpg 768w, https:\/\/www.unitetopbalermachine.com\/wp-content\/uploads\/2025\/03\/SPJ-Series-Automatic-Control-Metal-Shredder-Machine-Applications-600x368.jpg 600w\" sizes=\"(max-width: 800px) 100vw, 800px\" \/><\/p>\n<h2>Caract\u00e9ristiques techniques<\/h2>\n<table>\n<tbody>\n<tr>\n<td><strong>Mod\u00e8le<\/strong><\/td>\n<td><strong>Diam\u00e8tre des lames (mm)<\/strong><\/td>\n<td><strong>Dimensions de la chambre (mm)<\/strong><\/td>\n<td><strong>Capacit\u00e9 (kg\/h)<\/strong><\/td>\n<td><strong>Pouvoir(kw)<\/strong><\/td>\n<td><strong>Dimensions de la machine (mm)<\/strong><\/td>\n<td><strong>Poids (kg)<\/strong><\/td>\n<\/tr>\n<tr>\n<td>SPJ-600<\/td>\n<td>260<\/td>\n<td>600\u00d7550<\/td>\n<td>800-500<\/td>\n<td>15<\/td>\n<td>1800\u00d71300\u00d71700<\/td>\n<td>2850<\/td>\n<\/tr>\n<tr>\n<td>SPJ-800<\/td>\n<td>300<\/td>\n<td>800\u00d7600<\/td>\n<td>500-800<\/td>\n<td>37<\/td>\n<td>2800\u00d71800\u00d72100<\/td>\n<td>4200<\/td>\n<\/tr>\n<tr>\n<td>SPJ-1000<\/td>\n<td>350<\/td>\n<td>1000\u00d7700<\/td>\n<td>800-1500<\/td>\n<td>45<\/td>\n<td>2800\u00d72000\u00d72100<\/td>\n<td>6500<\/td>\n<\/tr>\n<tr>\n<td>SPJ-1200<\/td>\n<td>400<\/td>\n<td>1200\u00d7900<\/td>\n<td>1500-2500<\/td>\n<td>55<\/td>\n<td>2800\u00d72500\u00d72100<\/td>\n<td>7800<\/td>\n<\/tr>\n<tr>\n<td>SPJ-1400<\/td>\n<td>450<\/td>\n<td>1400\u00d7900<\/td>\n<td>2500-4000<\/td>\n<td>75<\/td>\n<td>2800\u00d72800\u00d72100<\/td>\n<td>9600<\/td>\n<\/tr>\n<tr>\n<td>SPJ-1600<\/td>\n<td>500<\/td>\n<td>1600\u00d71000<\/td>\n<td>4000-6000<\/td>\n<td>90<\/td>\n<td>3000\u00d72800\u00d72100<\/td>\n<td>12500<\/td>\n<\/tr>\n<\/tbody>\n<\/table>\n<h2>Fournisseurs coop\u00e9ratifs<\/h2>\n<p><img loading=\"lazy\" decoding=\"async\" class=\"size-full wp-image-11297 aligncenter\" src=\"https:\/\/www.unitetopbalermachine.com\/wp-content\/uploads\/2025\/03\/Cooperative-Suppliers.jpg\" alt=\"Fournisseurs coop\u00e9ratifs\" width=\"900\" height=\"422\" srcset=\"https:\/\/www.unitetopbalermachine.com\/wp-content\/uploads\/2025\/03\/Cooperative-Suppliers.jpg 900w, https:\/\/www.unitetopbalermachine.com\/wp-content\/uploads\/2025\/03\/Cooperative-Suppliers-300x141.jpg 300w, https:\/\/www.unitetopbalermachine.com\/wp-content\/uploads\/2025\/03\/Cooperative-Suppliers-768x360.jpg 768w, https:\/\/www.unitetopbalermachine.com\/wp-content\/uploads\/2025\/03\/Cooperative-Suppliers-600x281.jpg 600w\" sizes=\"(max-width: 900px) 100vw, 900px\" \/><\/p>\n<h2>Emballage<\/h2>\n<p>Nous utiliserons un emballage sous film \u00e9tirable ou un emballage en bois pour prot\u00e9ger notre broyeur de m\u00e9taux de la s\u00e9rie SPJ ; nous veillerons \u00e0 bien prot\u00e9ger notre broyeur de m\u00e9taux de la s\u00e9rie SPJ avant de le charger dans le conteneur.<\/p>\n<p><img loading=\"lazy\" decoding=\"async\" class=\"alignnone size-full wp-image-11442\" src=\"https:\/\/www.unitetopbalermachine.com\/wp-content\/uploads\/2025\/03\/SPJ-Series-Automatic-Control-Metal-Shredder-Machine-Packaging.jpg\" alt=\"Machine de broyage de m\u00e9taux \u00e0 commande automatique de la s\u00e9rie SPJ - Emballage\" width=\"1200\" height=\"298\" srcset=\"https:\/\/www.unitetopbalermachine.com\/wp-content\/uploads\/2025\/03\/SPJ-Series-Automatic-Control-Metal-Shredder-Machine-Packaging.jpg 1200w, https:\/\/www.unitetopbalermachine.com\/wp-content\/uploads\/2025\/03\/SPJ-Series-Automatic-Control-Metal-Shredder-Machine-Packaging-300x75.jpg 300w, https:\/\/www.unitetopbalermachine.com\/wp-content\/uploads\/2025\/03\/SPJ-Series-Automatic-Control-Metal-Shredder-Machine-Packaging-1024x254.jpg 1024w, https:\/\/www.unitetopbalermachine.com\/wp-content\/uploads\/2025\/03\/SPJ-Series-Automatic-Control-Metal-Shredder-Machine-Packaging-768x191.jpg 768w, https:\/\/www.unitetopbalermachine.com\/wp-content\/uploads\/2025\/03\/SPJ-Series-Automatic-Control-Metal-Shredder-Machine-Packaging-600x149.jpg 600w\" sizes=\"(max-width: 1200px) 100vw, 1200px\" \/><\/p>\n<h2>D\u00e9couvrez le broyeur de ferraille en action !<\/h2>\n<div class=\"ast-oembed-container \" style=\"height: 100%;\"><iframe title=\"Chinese Manufacture Automatic Control SPJ Series metal shredder machine\" width=\"500\" height=\"375\" src=\"https:\/\/www.youtube.com\/embed\/tsPp8oBwaP4?feature=oembed\" frameborder=\"0\" allow=\"accelerometer; autoplay; clipboard-write; encrypted-media; gyroscope; picture-in-picture; web-share\" referrerpolicy=\"strict-origin-when-cross-origin\" allowfullscreen><\/iframe><\/div>\n<style>.table03132{border:none;}.table03132 td{border:none;}<\/style>\n","protected":false},"excerpt":{"rendered":"<p>Notre broyeur de m\u00e9taux traite efficacement divers produits m\u00e9talliques, notamment le fer, les bo\u00eetes (en aluminium ou en fer blanc), les seaux de peinture, etc. Nous proposons des essais sur les mat\u00e9riaux \u00e0 partir de nos mati\u00e8res premi\u00e8res pr\u00e9par\u00e9es afin de garantir des performances optimales. <\/p>\n<p>Forts de plus de 25 ans d&rsquo;exp\u00e9rience dans le domaine de la production, nous avons fourni plus de 3 000 solutions sur mesure pour le recyclage de la ferraille, adapt\u00e9es aux besoins vari\u00e9s de l&rsquo;industrie.<\/p>\n<ul>\n<li>Conception modulaire, entretien facile<\/li>\n<li>Lames en alliage \u00e0 haute r\u00e9sistance<\/li>\n<li>Syst\u00e8me de commande automatique \u00e0 API<\/li>\n<li>Faible niveau sonore, couple \u00e9lev\u00e9<\/li>\n<li>Adaptable \u00e0 divers mat\u00e9riaux<\/li>\n<\/ul>\n","protected":false},"featured_media":11322,"template":"","meta":{"site-sidebar-layout":"default","site-content-layout":"","ast-site-content-layout":"default","site-content-style":"default","site-sidebar-style":"default","ast-global-header-display":"","ast-banner-title-visibility":"","ast-main-header-display":"","ast-hfb-above-header-display":"","ast-hfb-below-header-display":"","ast-hfb-mobile-header-display":"","site-post-title":"","ast-breadcrumbs-content":"","ast-featured-img":"","footer-sml-layout":"","theme-transparent-header-meta":"default","adv-header-id-meta":"","stick-header-meta":"","header-above-stick-meta":"","header-main-stick-meta":"","header-below-stick-meta":"","astra-migrate-meta-layouts":"set","ast-page-background-enabled":"default","ast-page-background-meta":{"desktop":{"background-color":"var(--ast-global-color-4)","background-image":"","background-repeat":"repeat","background-position":"center center","background-size":"auto","background-attachment":"scroll","background-type":"","background-media":"","overlay-type":"","overlay-color":"","overlay-opacity":"","overlay-gradient":""},"tablet":{"background-color":"","background-image":"","background-repeat":"repeat","background-position":"center center","background-size":"auto","background-attachment":"scroll","background-type":"","background-media":"","overlay-type":"","overlay-color":"","overlay-opacity":"","overlay-gradient":""},"mobile":{"background-color":"","background-image":"","background-repeat":"repeat","background-position":"center center","background-size":"auto","background-attachment":"scroll","background-type":"","background-media":"","overlay-type":"","overlay-color":"","overlay-opacity":"","overlay-gradient":""}},"ast-content-background-meta":{"desktop":{"background-color":"var(--ast-global-color-5)","background-image":"","background-repeat":"repeat","background-position":"center center","background-size":"auto","background-attachment":"scroll","background-type":"","background-media":"","overlay-type":"","overlay-color":"","overlay-opacity":"","overlay-gradient":""},"tablet":{"background-color":"var(--ast-global-color-5)","background-image":"","background-repeat":"repeat","background-position":"center center","background-size":"auto","background-attachment":"scroll","background-type":"","background-media":"","overlay-type":"","overlay-color":"","overlay-opacity":"","overlay-gradient":""},"mobile":{"background-color":"var(--ast-global-color-5)","background-image":"","background-repeat":"repeat","background-position":"center center","background-size":"auto","background-attachment":"scroll","background-type":"","background-media":"","overlay-type":"","overlay-color":"","overlay-opacity":"","overlay-gradient":""}}},"product_brand":[],"product_cat":[159],"product_tag":[],"class_list":{"0":"post-11551","1":"product","2":"type-product","3":"status-publish","4":"has-post-thumbnail","6":"product_cat-machine-de-dechiquetage-de-metaux","7":"desktop-align-left","8":"tablet-align-left","9":"mobile-align-left","11":"first","12":"instock","13":"shipping-taxable","14":"product-type-simple"},"_links":{"self":[{"href":"https:\/\/www.unitetopbalermachine.com\/fr\/wp-json\/wp\/v2\/product\/11551","targetHints":{"allow":["GET"]}}],"collection":[{"href":"https:\/\/www.unitetopbalermachine.com\/fr\/wp-json\/wp\/v2\/product"}],"about":[{"href":"https:\/\/www.unitetopbalermachine.com\/fr\/wp-json\/wp\/v2\/types\/product"}],"wp:featuredmedia":[{"embeddable":true,"href":"https:\/\/www.unitetopbalermachine.com\/fr\/wp-json\/wp\/v2\/media\/11322"}],"wp:attachment":[{"href":"https:\/\/www.unitetopbalermachine.com\/fr\/wp-json\/wp\/v2\/media?parent=11551"}],"wp:term":[{"taxonomy":"product_brand","embeddable":true,"href":"https:\/\/www.unitetopbalermachine.com\/fr\/wp-json\/wp\/v2\/product_brand?post=11551"},{"taxonomy":"product_cat","embeddable":true,"href":"https:\/\/www.unitetopbalermachine.com\/fr\/wp-json\/wp\/v2\/product_cat?post=11551"},{"taxonomy":"product_tag","embeddable":true,"href":"https:\/\/www.unitetopbalermachine.com\/fr\/wp-json\/wp\/v2\/product_tag?post=11551"}],"curies":[{"name":"wp","href":"https:\/\/api.w.org\/{rel}","templated":true}]}}