{"id":11550,"date":"2025-03-13T01:05:19","date_gmt":"2025-03-13T01:05:19","guid":{"rendered":"https:\/\/www.unitetopbalermachine.com\/product\/broyeur-de-balles-hydraulique-serie-cbj\/"},"modified":"2025-03-18T07:41:41","modified_gmt":"2025-03-18T07:41:41","slug":"broyeur-de-balles-hydraulique-serie-cbj","status":"publish","type":"product","link":"https:\/\/www.unitetopbalermachine.com\/fr\/broyeur-de-balles-hydraulique-serie-cbj.html","title":{"rendered":"Broyeur de balles hydraulique s\u00e9rie CBJ"},"content":{"rendered":"<h2>Pr\u00e9sentation du produit<\/h2>\n<p>CBJ series hydraulic scrap bale breaker machine is suitable for metal recovery companies, scrap steel plants, smelting and casting enterprises, to improve the quality of scrap iron and steel production, to provide high-quality qualified charge production of professional equipment.<\/p>\n<p>La machine hydraulique de d\u00e9molition de balles de ferraille de la s\u00e9rie CBJ, \u00e9galement appel\u00e9e machine de d\u00e9molition de blocs de presse, est un \u00e9quipement de nouvelle g\u00e9n\u00e9ration pour le d\u00e9mant\u00e8lement professionnel des balles de ferraille et un \u00e9quipement de test. Elle permet de d\u00e9tecter les impuret\u00e9s dans les blocs d&#8217;emballage de l&rsquo;utilisateur, de garantir la teneur en ferraille, de garantir la qualit\u00e9 des produits en ferraille et de maintenir la stabilit\u00e9 du march\u00e9 de la ferraille. Elle est largement utilis\u00e9e dans les industries sid\u00e9rurgiques, m\u00e9tallurgiques, sid\u00e9rurgiques, portuaires et autres.<\/p>\n<h3>Caract\u00e9ristiques<\/h3>\n<ul>\n<li>La machine de broyage de balles de ferraille hydraulique de la s\u00e9rie CBJ a diff\u00e9rentes sp\u00e9cifications et mod\u00e8les, qui peuvent r\u00e9pondre aux besoins de diff\u00e9rents clients.<\/li>\n<li>Une vari\u00e9t\u00e9 de machines peut \u00eatre ajout\u00e9e selon les exigences du client.<\/li>\n<li>La machine de broyage de balles de ferraille hydraulique de la s\u00e9rie CBJ n&rsquo;a pas besoin d&rsquo;\u00eatre r\u00e9par\u00e9e et install\u00e9e.<\/li>\n<li>Fonctionnement PLC simple, forte stabilit\u00e9, facteur de s\u00e9curit\u00e9 \u00e9lev\u00e9, s\u00e9paration compl\u00e8te.<\/li>\n<li>La machine de broyage de balles de ferraille hydraulique de la s\u00e9rie CBJ a un faible bruit et aucune vibration.<\/li>\n<li>Haut degr\u00e9 d&rsquo;automatisation, productivit\u00e9 \u00e9lev\u00e9e.<\/li>\n<li>Pendant le fonctionnement de la machine de broyage de balles de ferraille hydraulique de la s\u00e9rie CBJ, ne r\u00e9parez pas, ne touchez pas les pi\u00e8ces mobiles, n&rsquo;appuyez pas sur le mat\u00e9riau dans la bo\u00eete \u00e0 mat\u00e9riaux avec vos mains ou vos pieds.<\/li>\n<\/ul>\n<h3>Principe de fonctionnement<\/h3>\n<p>La presse hydraulique de la s\u00e9rie CBJ utilise une pompe \u00e0 piston hydraulique pour alimenter le circuit d&rsquo;huile int\u00e9gr\u00e9. Ce dernier, via une vanne manuelle, transf\u00e8re l&rsquo;huile au v\u00e9rin hydraulique afin de produire de la puissance. La pression peut \u00eatre ajust\u00e9e selon les conditions r\u00e9elles (le manom\u00e8tre l&rsquo;indique). Pour s\u00e9parer la presse hydraulique, saisissez le manipulateur hydraulique et actionnez-le. Ensuite, utilisez la d\u00e9composition multiple pour d\u00e9sassembler les balles.<\/p>\n<h3>Composants principaux<\/h3>\n<p>La machine hydraulique de broyage de balles de ferraille de la s\u00e9rie CBJ est compos\u00e9e d&rsquo;un moteur, d&rsquo;un r\u00e9servoir d&rsquo;huile, d&rsquo;une pompe \u00e0 huile, d&rsquo;un manipulateur, d&rsquo;une poutre papillon, d&rsquo;un syst\u00e8me hydraulique et d&rsquo;un moteur principal.<\/p>\n<table class=\"table0313\">\n<tbody>\n<tr>\n<td><img fetchpriority=\"high\" decoding=\"async\" class=\"alignnone size-full wp-image-11224\" src=\"https:\/\/www.unitetopbalermachine.com\/wp-content\/uploads\/2025\/03\/Scrap-Bale-Breaker.jpg\" alt=\"Broyeur de balles de ferraille\" width=\"600\" height=\"337\" srcset=\"https:\/\/www.unitetopbalermachine.com\/wp-content\/uploads\/2025\/03\/Scrap-Bale-Breaker.jpg 600w, https:\/\/www.unitetopbalermachine.com\/wp-content\/uploads\/2025\/03\/Scrap-Bale-Breaker-300x169.jpg 300w\" sizes=\"(max-width: 600px) 100vw, 600px\" \/><\/td>\n<td>1. Plus facile \u00e0 d\u00e9baller<br \/>\nLa machine de broyage de balles de ferraille hydraulique de la s\u00e9rie CBJ a adopt\u00e9 une structure de crochet et de griffe plus scientifique, les griffes du crochet coupent mieux l&#8217;emballage, ce qui facilite le d\u00e9ballage.<\/td>\n<\/tr>\n<tr>\n<td>2. Lame \u00e0 t\u00eate de griffe rempla\u00e7able<br \/>\nUne lame en acier alli\u00e9 haute r\u00e9sistance rempla\u00e7able est utilis\u00e9e sur la t\u00eate de la griffe, pour am\u00e9liorer la r\u00e9sistance \u00e0 l&rsquo;usure et la dur\u00e9e de vie de la griffe du crochet.<\/td>\n<td><img decoding=\"async\" class=\"alignnone size-full wp-image-11236\" src=\"https:\/\/www.unitetopbalermachine.com\/wp-content\/uploads\/2025\/03\/Scrap-Bale-Breaker-Claw-Head-Blade.jpg\" alt=\"Lame \u00e0 t\u00eate de griffe pour broyeur de balles de ferraille\" width=\"600\" height=\"329\" srcset=\"https:\/\/www.unitetopbalermachine.com\/wp-content\/uploads\/2025\/03\/Scrap-Bale-Breaker-Claw-Head-Blade.jpg 600w, https:\/\/www.unitetopbalermachine.com\/wp-content\/uploads\/2025\/03\/Scrap-Bale-Breaker-Claw-Head-Blade-300x165.jpg 300w\" sizes=\"(max-width: 600px) 100vw, 600px\" \/><\/td>\n<\/tr>\n<tr>\n<td><img decoding=\"async\" class=\"alignnone size-full wp-image-11248\" src=\"https:\/\/www.unitetopbalermachine.com\/wp-content\/uploads\/2025\/03\/Scrap-Bale-Breaker-Machine-Guide-Rail.jpg\" alt=\"Rail de guidage de la machine \u00e0 briser les balles de ferraille\" width=\"600\" height=\"324\" srcset=\"https:\/\/www.unitetopbalermachine.com\/wp-content\/uploads\/2025\/03\/Scrap-Bale-Breaker-Machine-Guide-Rail.jpg 600w, https:\/\/www.unitetopbalermachine.com\/wp-content\/uploads\/2025\/03\/Scrap-Bale-Breaker-Machine-Guide-Rail-300x162.jpg 300w\" sizes=\"(max-width: 600px) 100vw, 600px\" \/><\/td>\n<td>3. Conception r\u00e9sistante \u00e0 l&rsquo;usure des pi\u00e8ces cl\u00e9s, rail de guidage<br \/>\nSelon les caract\u00e9ristiques d&rsquo;usure du rail de guidage et d&rsquo;autres pi\u00e8ces concern\u00e9es du cadre, la plaque d&rsquo;acier alli\u00e9 r\u00e9sistant \u00e0 l&rsquo;usure \u00e0 haute r\u00e9sistance est install\u00e9e sur le cadre.<\/td>\n<\/tr>\n<\/tbody>\n<\/table>\n<h2>Sp\u00e9cifications techniques<\/h2>\n<table class=\"border:0 !important;\">\n<tbody>\n<tr>\n<td><strong>Mod\u00e8le<\/strong><\/td>\n<td><strong>Pression nominale (tonne)<\/strong><\/td>\n<td><strong>Taille de la balle amovible (mm)<\/strong><\/td>\n<td><strong>Puissance (KW)<\/strong><\/td>\n<\/tr>\n<tr>\n<td>CBJ-1200<\/td>\n<td>120<\/td>\n<td>\u2264 600 x 600<\/td>\n<td>18.5<\/td>\n<\/tr>\n<tr>\n<td>CBJ-1600<\/td>\n<td>160<\/td>\n<td>\u2264 800 x 800<\/td>\n<td>22<\/td>\n<\/tr>\n<tr>\n<td>CBJ-3150<\/td>\n<td>315<\/td>\n<td>\u2264 800 x 800<\/td>\n<td>45<\/td>\n<\/tr>\n<\/tbody>\n<\/table>\n<h2>Applications<\/h2>\n<p><img loading=\"lazy\" decoding=\"async\" class=\"alignnone size-full wp-image-11430\" src=\"https:\/\/www.unitetopbalermachine.com\/wp-content\/uploads\/2025\/03\/Hydraulic-Scrap-Bale-Breaker-Machine-Applications.jpg\" alt=\"Applications de la machine hydraulique de broyage de balles de ferraille\" width=\"1200\" height=\"202\" srcset=\"https:\/\/www.unitetopbalermachine.com\/wp-content\/uploads\/2025\/03\/Hydraulic-Scrap-Bale-Breaker-Machine-Applications.jpg 1200w, https:\/\/www.unitetopbalermachine.com\/wp-content\/uploads\/2025\/03\/Hydraulic-Scrap-Bale-Breaker-Machine-Applications-300x51.jpg 300w, https:\/\/www.unitetopbalermachine.com\/wp-content\/uploads\/2025\/03\/Hydraulic-Scrap-Bale-Breaker-Machine-Applications-1024x172.jpg 1024w, https:\/\/www.unitetopbalermachine.com\/wp-content\/uploads\/2025\/03\/Hydraulic-Scrap-Bale-Breaker-Machine-Applications-768x129.jpg 768w, https:\/\/www.unitetopbalermachine.com\/wp-content\/uploads\/2025\/03\/Hydraulic-Scrap-Bale-Breaker-Machine-Applications-600x101.jpg 600w\" sizes=\"(max-width: 1200px) 100vw, 1200px\" \/><\/p>\n<h2>Fournisseurs coop\u00e9ratifs<\/h2>\n<p><img loading=\"lazy\" decoding=\"async\" class=\"alignnone size-full wp-image-1707\" src=\"https:\/\/www.unitetopbalermachine.com\/wp-content\/uploads\/2024\/05\/COOPERATIVE-SUPPLIERS.jpg\" alt=\"Fournisseurs coop\u00e9ratifs\" width=\"1200\" height=\"300\" srcset=\"https:\/\/www.unitetopbalermachine.com\/wp-content\/uploads\/2024\/05\/COOPERATIVE-SUPPLIERS.jpg 1200w, https:\/\/www.unitetopbalermachine.com\/wp-content\/uploads\/2024\/05\/COOPERATIVE-SUPPLIERS-600x150.jpg 600w, https:\/\/www.unitetopbalermachine.com\/wp-content\/uploads\/2024\/05\/COOPERATIVE-SUPPLIERS-300x75.jpg 300w, https:\/\/www.unitetopbalermachine.com\/wp-content\/uploads\/2024\/05\/COOPERATIVE-SUPPLIERS-1024x256.jpg 1024w, https:\/\/www.unitetopbalermachine.com\/wp-content\/uploads\/2024\/05\/COOPERATIVE-SUPPLIERS-768x192.jpg 768w\" sizes=\"(max-width: 1200px) 100vw, 1200px\" \/><\/p>\n<h2>Regardez la machine de broyage de balles de ferraille hydraulique de la s\u00e9rie CBJ en action !<\/h2>\n<div class=\"ast-oembed-container \" style=\"height: 100%;\"><iframe title=\"CBJ Series hydraulic scrap bale breaker machine\" width=\"500\" height=\"281\" src=\"https:\/\/www.youtube.com\/embed\/HTI9-rj-4lY?feature=oembed\" frameborder=\"0\" allow=\"accelerometer; autoplay; clipboard-write; encrypted-media; gyroscope; picture-in-picture; web-share\" referrerpolicy=\"strict-origin-when-cross-origin\" allowfullscreen><\/iframe><\/div>\n<style>.table0313{border:none;}.table0313 td{border:none;}<\/style>\n","protected":false},"excerpt":{"rendered":"<p>Le brise-balles hydraulique de la s\u00e9rie CBJ am\u00e9liore la qualit\u00e9 de la ferraille pour la r\u00e9cup\u00e9ration des m\u00e9taux, les aci\u00e9ries et la fusion, servant de machine de d\u00e9montage et de test professionnelle.<\/p>\n<p><strong>Fonction :<\/strong> La machine hydraulique de broyage de balles de ferraille de la s\u00e9rie CBJ est sp\u00e9cialement con\u00e7ue pour briser les balles comprim\u00e9es provenant de v\u00e9hicules usag\u00e9s ou de ferraille.<\/p>\n<p><strong>Exigences pour les blocs de balles de ferraille :<\/strong> dimensions maximales de 2000 mm (L) \u00d7 800 mm (l) \u00d7 800 mm (H), avec une densit\u00e9 ne d\u00e9passant pas 2,5 tonnes\/m\u00b3.<\/p>\n<ul>\n<li>Syst\u00e8me hydraulique puissant<\/li>\n<li>R\u00e9duit les co\u00fbts de main-d&rsquo;\u0153uvre<\/li>\n<li>G\u00e8re diff\u00e9rentes tailles de balles<\/li>\n<li>Pression nominale : 120 \u00e0 315 tonnes<\/li>\n<\/ul>\n","protected":false},"featured_media":11395,"template":"","meta":{"site-sidebar-layout":"default","site-content-layout":"","ast-site-content-layout":"default","site-content-style":"default","site-sidebar-style":"default","ast-global-header-display":"","ast-banner-title-visibility":"","ast-main-header-display":"","ast-hfb-above-header-display":"","ast-hfb-below-header-display":"","ast-hfb-mobile-header-display":"","site-post-title":"","ast-breadcrumbs-content":"","ast-featured-img":"","footer-sml-layout":"","theme-transparent-header-meta":"default","adv-header-id-meta":"","stick-header-meta":"","header-above-stick-meta":"","header-main-stick-meta":"","header-below-stick-meta":"","astra-migrate-meta-layouts":"set","ast-page-background-enabled":"default","ast-page-background-meta":{"desktop":{"background-color":"var(--ast-global-color-4)","background-image":"","background-repeat":"repeat","background-position":"center center","background-size":"auto","background-attachment":"scroll","background-type":"","background-media":"","overlay-type":"","overlay-color":"","overlay-opacity":"","overlay-gradient":""},"tablet":{"background-color":"","background-image":"","background-repeat":"repeat","background-position":"center center","background-size":"auto","background-attachment":"scroll","background-type":"","background-media":"","overlay-type":"","overlay-color":"","overlay-opacity":"","overlay-gradient":""},"mobile":{"background-color":"","background-image":"","background-repeat":"repeat","background-position":"center center","background-size":"auto","background-attachment":"scroll","background-type":"","background-media":"","overlay-type":"","overlay-color":"","overlay-opacity":"","overlay-gradient":""}},"ast-content-background-meta":{"desktop":{"background-color":"var(--ast-global-color-5)","background-image":"","background-repeat":"repeat","background-position":"center center","background-size":"auto","background-attachment":"scroll","background-type":"","background-media":"","overlay-type":"","overlay-color":"","overlay-opacity":"","overlay-gradient":""},"tablet":{"background-color":"var(--ast-global-color-5)","background-image":"","background-repeat":"repeat","background-position":"center center","background-size":"auto","background-attachment":"scroll","background-type":"","background-media":"","overlay-type":"","overlay-color":"","overlay-opacity":"","overlay-gradient":""},"mobile":{"background-color":"var(--ast-global-color-5)","background-image":"","background-repeat":"repeat","background-position":"center center","background-size":"auto","background-attachment":"scroll","background-type":"","background-media":"","overlay-type":"","overlay-color":"","overlay-opacity":"","overlay-gradient":""}}},"product_brand":[],"product_cat":[158],"product_tag":[],"class_list":{"0":"post-11550","1":"product","2":"type-product","3":"status-publish","4":"has-post-thumbnail","6":"product_cat-machine-a-briser-les-balles-de-ferraille","7":"desktop-align-left","8":"tablet-align-left","9":"mobile-align-left","11":"first","12":"instock","13":"shipping-taxable","14":"product-type-simple"},"_links":{"self":[{"href":"https:\/\/www.unitetopbalermachine.com\/fr\/wp-json\/wp\/v2\/product\/11550","targetHints":{"allow":["GET"]}}],"collection":[{"href":"https:\/\/www.unitetopbalermachine.com\/fr\/wp-json\/wp\/v2\/product"}],"about":[{"href":"https:\/\/www.unitetopbalermachine.com\/fr\/wp-json\/wp\/v2\/types\/product"}],"wp:featuredmedia":[{"embeddable":true,"href":"https:\/\/www.unitetopbalermachine.com\/fr\/wp-json\/wp\/v2\/media\/11395"}],"wp:attachment":[{"href":"https:\/\/www.unitetopbalermachine.com\/fr\/wp-json\/wp\/v2\/media?parent=11550"}],"wp:term":[{"taxonomy":"product_brand","embeddable":true,"href":"https:\/\/www.unitetopbalermachine.com\/fr\/wp-json\/wp\/v2\/product_brand?post=11550"},{"taxonomy":"product_cat","embeddable":true,"href":"https:\/\/www.unitetopbalermachine.com\/fr\/wp-json\/wp\/v2\/product_cat?post=11550"},{"taxonomy":"product_tag","embeddable":true,"href":"https:\/\/www.unitetopbalermachine.com\/fr\/wp-json\/wp\/v2\/product_tag?post=11550"}],"curies":[{"name":"wp","href":"https:\/\/api.w.org\/{rel}","templated":true}]}}