{"id":11549,"date":"2025-03-13T01:05:47","date_gmt":"2025-03-13T01:05:47","guid":{"rendered":"https:\/\/www.unitetopbalermachine.com\/product\/lignes-de-broyage-de-ferraille-de-la-serie-psx\/"},"modified":"2026-03-18T10:31:44","modified_gmt":"2026-03-18T10:31:44","slug":"lignes-de-broyage-de-ferraille-de-la-serie-psx","status":"publish","type":"product","link":"https:\/\/www.unitetopbalermachine.com\/fr\/lignes-de-broyage-de-ferraille-de-la-serie-psx.html","title":{"rendered":"Lignes de broyage de ferraille de la s\u00e9rie PSX"},"content":{"rendered":"<h2>Caract\u00e9ristiques<\/h2>\n<p>1. \u00c9quip\u00e9 de syst\u00e8mes de pulv\u00e9risation de poussi\u00e8re, de bruit et de refroidissement, entre autres, pour r\u00e9pondre aux normes environnementales du projet.<\/p>\n<p>2. Afin de r\u00e9pondre aux exigences d&rsquo;une production s\u00fbre et efficace, le syst\u00e8me peut \u00eatre \u00e9quip\u00e9 d&rsquo;un syst\u00e8me de vid\u00e9osurveillance en r\u00e9seau complet, d&rsquo;un syst\u00e8me de contr\u00f4le int\u00e9gr\u00e9 automatis\u00e9 et d&rsquo;un syst\u00e8me d&rsquo;exploitation et de maintenance \u00e0 distance.<\/p>\n<p>3. Les accessoires de l&rsquo;\u00e9quipement ont une bonne polyvalence et sont faciles \u00e0 entretenir, et la structure de base de l&rsquo;appareil pr\u00e9sente l&rsquo;avantage distinctif d&rsquo;une conception ind\u00e9pendante.<\/p>\n<p>4. La structure d&rsquo;alimentation de la cha\u00eene, son mouvement et son efficacit\u00e9 op\u00e9rationnelle sont optimis\u00e9s par le moteur hydraulique \u00e0 couple \u00e9lev\u00e9 qui alimente le rouleau de pr\u00e9charge. Il consomme \u00e9galement moins d&rsquo;\u00e9nergie.<\/p>\n<h2>Sp\u00e9cifications techniques<\/h2>\n<table>\n<tbody>\n<tr>\n<td>Mod\u00e8le<\/td>\n<td>&nbsp;<\/p>\n<p>Largeur de l&rsquo;ouverture d&rsquo;alimentation (mm)<\/p>\n<p>&nbsp;<\/td>\n<td>&nbsp;<\/p>\n<p>Puissance de la machine (kW\/HP)<\/td>\n<td>&nbsp;<\/p>\n<p>Capacit\u00e9 (t\/h)<\/td>\n<\/tr>\n<tr>\n<td>PSX-90<\/td>\n<td>1000<\/td>\n<td>90 (120)<\/td>\n<td>2-3<\/td>\n<\/tr>\n<tr>\n<td>PSX-160<\/td>\n<td>1200<\/td>\n<td>160(212)<\/td>\n<td>4-6<\/td>\n<\/tr>\n<tr>\n<td>PSX-400<\/td>\n<td>1400<\/td>\n<td>400(535)<\/td>\n<td>6-10<\/td>\n<\/tr>\n<tr>\n<td>PSX-500<\/td>\n<td>1600<\/td>\n<td>500(670)<\/td>\n<td>12-18<\/td>\n<\/tr>\n<tr>\n<td>PSX-700<\/td>\n<td rowspan=\"3\">2200<\/td>\n<td>750(1000)<\/td>\n<td>15-20<\/td>\n<\/tr>\n<tr>\n<td>PSX-900<\/td>\n<td>900(1200)<\/td>\n<td>20-25<\/td>\n<\/tr>\n<tr>\n<td>PSX-1200<\/td>\n<td>1200(1600)<\/td>\n<td>25-30<\/td>\n<\/tr>\n<tr>\n<td>PSX-1500<\/td>\n<td>2500<\/td>\n<td>1500(2000)<\/td>\n<td>30-50<\/td>\n<\/tr>\n<tr>\n<td>PSX-2250<\/td>\n<td><\/td>\n<td>2250(3000)<\/td>\n<td>50-70<\/td>\n<\/tr>\n<\/tbody>\n<\/table>\n<h2>Processus d&rsquo;op\u00e9ration sp\u00e9cifique<\/h2>\n<p><strong>1. Alimentation et pr\u00e9-tri<\/strong><br \/>\nLes mat\u00e9riaux de rebut, notamment les carrosseries de voitures, le fer blanc et les vieux appareils \u00e9lectrom\u00e9nagers, sont introduits dans le broyeur via un syst\u00e8me de convoyeur ou une benne preneuse. Les mat\u00e9riaux volumineux ou dangereux sont pr\u00e9-tri\u00e9s manuellement ou m\u00e9caniquement afin de garantir un traitement s\u00fbr et d&rsquo;\u00e9viter d&rsquo;endommager les \u00e9quipements.<\/p>\n<p><strong>2. D\u00e9chiquetage primaire<\/strong><br \/>\nLes d\u00e9chets sont dirig\u00e9s vers la chambre de broyage primaire, o\u00f9 des marteaux rotatifs \u00e0 grande vitesse broient et d\u00e9chirent les mat\u00e9riaux. La force d&rsquo;impact d\u00e9compose les d\u00e9chets en fragments plus petits tout en \u00e9liminant les rev\u00eatements et les contaminants de surface.<\/p>\n<p><strong>3. S\u00e9paration magn\u00e9tique<\/strong><br \/>\nApr\u00e8s le broyage, la ferraille trait\u00e9e passe par un puissant s\u00e9parateur magn\u00e9tique. Cette \u00e9tape s\u00e9pare efficacement les mat\u00e9riaux ferreux des composants non ferreux, garantissant ainsi que la ferraille d&rsquo;acier r\u00e9pond aux exigences de puret\u00e9 requises pour la fabrication de l&rsquo;acier.<\/p>\n<p><strong>4. Optimisation de la densit\u00e9 et de la taille<\/strong><br \/>\nLes mat\u00e9riaux d\u00e9chiquet\u00e9s subissent un traitement suppl\u00e9mentaire pour accro\u00eetre leur densit\u00e9 et leur uniformit\u00e9. Des m\u00e9canismes de laminage ou de pressage suppl\u00e9mentaires peuvent \u00eatre utilis\u00e9s pour atteindre la densit\u00e9 volumique requise, rendant ainsi les d\u00e9chets plus aptes au chargement au four.<\/p>\n<p><strong>5. Collecte des poussi\u00e8res et des r\u00e9sidus<\/strong><br \/>\nUn syst\u00e8me avanc\u00e9 de d\u00e9poussi\u00e9rage capture les particules fines et les impuret\u00e9s g\u00e9n\u00e9r\u00e9es lors du broyage, garantissant ainsi le respect des normes environnementales et pr\u00e9venant les risques professionnels. Les mat\u00e9riaux l\u00e9gers tels que les plastiques, les mousses et les r\u00e9sidus de tissus sont s\u00e9par\u00e9s et \u00e9limin\u00e9s.<\/p>\n<p><strong>6. Tri des m\u00e9taux non ferreux<\/strong><br \/>\nGr\u00e2ce aux s\u00e9parateurs \u00e0 courants de Foucault et aux classificateurs \u00e0 air, les m\u00e9taux non ferreux comme l&rsquo;aluminium et le cuivre sont s\u00e9par\u00e9s du flux de ferraille d\u00e9chiquet\u00e9e, garantissant une r\u00e9cup\u00e9ration maximale des mat\u00e9riaux et r\u00e9duisant les d\u00e9chets.<\/p>\n<p><strong>7. Sortie et stockage<\/strong><br \/>\nLa ferraille finale trait\u00e9e est d\u00e9charg\u00e9e sur un syst\u00e8me de convoyage pour \u00eatre collect\u00e9e et stock\u00e9e. La ferraille de haute qualit\u00e9, d\u00e9sormais exempte de contaminants et de densit\u00e9 uniforme, est pr\u00eate \u00e0 \u00eatre utilis\u00e9e directement dans des fours \u00e9lectriques ou pour d&rsquo;autres proc\u00e9d\u00e9s de raffinage.<\/p>\n<p><strong>8. Contr\u00f4le de la qualit\u00e9 et inspection<\/strong><br \/>\nAvant exp\u00e9dition ou chargement au four, les ferrailles d\u00e9chiquet\u00e9es sont soumises \u00e0 des contr\u00f4les qualit\u00e9. Des param\u00e8tres tels que la densit\u00e9, la puret\u00e9 et les niveaux de contamination sont surveill\u00e9s afin de respecter les sp\u00e9cifications de l&rsquo;aci\u00e9rie concernant l&rsquo;introduction de mati\u00e8res fines dans le four.<\/p>\n","protected":false},"excerpt":{"rendered":"<p>Nos lignes de broyage de ferraille de la s\u00e9rie PSX sont con\u00e7ues pour transformer des d\u00e9chets tels que des canettes vides, des plaques d&rsquo;\u00e9tain, des carrosseries d&rsquo;automobiles et des appareils \u00e9lectrom\u00e9nagers en acier de haute qualit\u00e9.<\/p>\n<p>En d\u00e9chiquetant, la machine enl\u00e8vera le rev\u00eatement, augmentera la densit\u00e9 et le pouvoir de dissolution des mat\u00e9riaux et les emp\u00eachera d&rsquo;exploser, ce qui fournira aux aci\u00e9ries de bonnes charges de four.<\/p>\n<ul>\n<li>Rouleau \u00e0 entra\u00eenement hydraulique<\/li>\n<li>Syst\u00e8me de protection de l&rsquo;environnement<\/li>\n<li>T\u00e9l\u00e9commande automatis\u00e9e<\/li>\n<li>Entretien facile<\/li>\n<li>Efficacit\u00e9 de production de 2 \u00e0 70 tonnes par heure<\/li>\n<\/ul>\n","protected":false},"featured_media":11335,"template":"","meta":{"site-sidebar-layout":"default","site-content-layout":"","ast-site-content-layout":"default","site-content-style":"default","site-sidebar-style":"default","ast-global-header-display":"","ast-banner-title-visibility":"","ast-main-header-display":"","ast-hfb-above-header-display":"","ast-hfb-below-header-display":"","ast-hfb-mobile-header-display":"","site-post-title":"","ast-breadcrumbs-content":"","ast-featured-img":"","footer-sml-layout":"","theme-transparent-header-meta":"default","adv-header-id-meta":"","stick-header-meta":"","header-above-stick-meta":"","header-main-stick-meta":"","header-below-stick-meta":"","astra-migrate-meta-layouts":"set","ast-page-background-enabled":"default","ast-page-background-meta":{"desktop":{"background-color":"var(--ast-global-color-4)","background-image":"","background-repeat":"repeat","background-position":"center center","background-size":"auto","background-attachment":"scroll","background-type":"","background-media":"","overlay-type":"","overlay-color":"","overlay-opacity":"","overlay-gradient":""},"tablet":{"background-color":"","background-image":"","background-repeat":"repeat","background-position":"center center","background-size":"auto","background-attachment":"scroll","background-type":"","background-media":"","overlay-type":"","overlay-color":"","overlay-opacity":"","overlay-gradient":""},"mobile":{"background-color":"","background-image":"","background-repeat":"repeat","background-position":"center center","background-size":"auto","background-attachment":"scroll","background-type":"","background-media":"","overlay-type":"","overlay-color":"","overlay-opacity":"","overlay-gradient":""}},"ast-content-background-meta":{"desktop":{"background-color":"var(--ast-global-color-5)","background-image":"","background-repeat":"repeat","background-position":"center center","background-size":"auto","background-attachment":"scroll","background-type":"","background-media":"","overlay-type":"","overlay-color":"","overlay-opacity":"","overlay-gradient":""},"tablet":{"background-color":"var(--ast-global-color-5)","background-image":"","background-repeat":"repeat","background-position":"center center","background-size":"auto","background-attachment":"scroll","background-type":"","background-media":"","overlay-type":"","overlay-color":"","overlay-opacity":"","overlay-gradient":""},"mobile":{"background-color":"var(--ast-global-color-5)","background-image":"","background-repeat":"repeat","background-position":"center center","background-size":"auto","background-attachment":"scroll","background-type":"","background-media":"","overlay-type":"","overlay-color":"","overlay-opacity":"","overlay-gradient":""}}},"product_brand":[],"product_cat":[157],"product_tag":[],"class_list":{"0":"post-11549","1":"product","2":"type-product","3":"status-publish","4":"has-post-thumbnail","6":"product_cat-lignes-de-broyage-de-ferraille","7":"desktop-align-left","8":"tablet-align-left","9":"mobile-align-left","11":"first","12":"instock","13":"shipping-taxable","14":"product-type-simple"},"_links":{"self":[{"href":"https:\/\/www.unitetopbalermachine.com\/fr\/wp-json\/wp\/v2\/product\/11549","targetHints":{"allow":["GET"]}}],"collection":[{"href":"https:\/\/www.unitetopbalermachine.com\/fr\/wp-json\/wp\/v2\/product"}],"about":[{"href":"https:\/\/www.unitetopbalermachine.com\/fr\/wp-json\/wp\/v2\/types\/product"}],"wp:featuredmedia":[{"embeddable":true,"href":"https:\/\/www.unitetopbalermachine.com\/fr\/wp-json\/wp\/v2\/media\/11335"}],"wp:attachment":[{"href":"https:\/\/www.unitetopbalermachine.com\/fr\/wp-json\/wp\/v2\/media?parent=11549"}],"wp:term":[{"taxonomy":"product_brand","embeddable":true,"href":"https:\/\/www.unitetopbalermachine.com\/fr\/wp-json\/wp\/v2\/product_brand?post=11549"},{"taxonomy":"product_cat","embeddable":true,"href":"https:\/\/www.unitetopbalermachine.com\/fr\/wp-json\/wp\/v2\/product_cat?post=11549"},{"taxonomy":"product_tag","embeddable":true,"href":"https:\/\/www.unitetopbalermachine.com\/fr\/wp-json\/wp\/v2\/product_tag?post=11549"}],"curies":[{"name":"wp","href":"https:\/\/api.w.org\/{rel}","templated":true}]}}