{"id":11548,"date":"2025-03-13T01:06:24","date_gmt":"2025-03-13T01:06:24","guid":{"rendered":"https:\/\/www.unitetopbalermachine.com\/product\/cisaille-hydraulique-robuste-pour-balles-de-ferraille-hbs\/"},"modified":"2025-03-18T07:21:16","modified_gmt":"2025-03-18T07:21:16","slug":"cisaille-hydraulique-robuste-pour-balles-de-ferraille-hbs","status":"publish","type":"product","link":"https:\/\/www.unitetopbalermachine.com\/fr\/cisaille-hydraulique-robuste-pour-balles-de-ferraille-hbs.html","title":{"rendered":"Cisaille hydraulique robuste pour balles de ferraille (HBS)"},"content":{"rendered":"<h2>Description du produit<\/h2>\n<p>Cette cisaille \u00e0 ferraille hydraulique est id\u00e9ale pour traiter diff\u00e9rents types de mat\u00e9riaux de rebut, ce qui en fait une machine essentielle pour les installations de recyclage des m\u00e9taux, les aci\u00e9ries et les parcs \u00e0 ferraille industriels.<\/p>\n<p>La machine fonctionne en pressant des pi\u00e8ces m\u00e9talliques en deux ou trois dimensions \u00e0 l&rsquo;aide d&rsquo;un couvercle de pressage, d&rsquo;une aile et d&rsquo;un poussoir d&rsquo;alimentation, puis en les coupant ou en les cassant en tailles g\u00e9rables.<\/p>\n<h3>Principales capacit\u00e9s :<\/h3>\n<p><strong>Pr\u00e9-compresser et couper les d\u00e9chets<\/strong><br \/>\nLes mat\u00e9riaux de rebut volumineux sont efficacement compact\u00e9s avant la d\u00e9coupe, maximisant ainsi l&rsquo;efficacit\u00e9 du traitement et r\u00e9duisant le volume de mat\u00e9riaux pour une manipulation et un transport plus faciles.<\/p>\n<p><strong>Barres et profil\u00e9s coup\u00e9s<\/strong><br \/>\nLes barres m\u00e9talliques, les poutres et les profil\u00e9s structurels sont coup\u00e9s avec pr\u00e9cision en longueurs uniformes, garantissant des coupes nettes et pr\u00e9cises pour un recyclage ou une r\u00e9utilisation ult\u00e9rieurs.<\/p>\n<p><strong>Paquet de ferraille l\u00e9g\u00e8re<\/strong><br \/>\nLes mat\u00e9riaux de rebut l\u00e9gers sont compact\u00e9s pour am\u00e9liorer l&rsquo;efficacit\u00e9 du stockage et de la logistique, augmentant ainsi la densit\u00e9 des d\u00e9chets pour rendre le transport plus rentable.<\/p>\n<p><strong>Presser et couper les carrosseries de voitures<\/strong><br \/>\nLes gros d\u00e9bris automobiles sont efficacement comprim\u00e9s et coup\u00e9s, ce qui facilite le processus de recyclage en r\u00e9duisant les structures des v\u00e9hicules en morceaux plus petits et plus faciles \u00e0 g\u00e9rer.<\/p>\n<h2>Sp\u00e9cifications techniques<\/h2>\n<table>\n<tbody>\n<tr>\n<td rowspan=\"2\" width=\"13.1800%\">Mod\u00e8le<\/td>\n<td width=\"14.9200%\">Force de coupe maximale<\/td>\n<td width=\"13.0800%\">Ouverture d&rsquo;alimentation<\/td>\n<td width=\"10.5600%\">Taille des balles<\/td>\n<td width=\"10.1800%\">Longueur de la lame<\/td>\n<td width=\"12.8800%\">Taux de production<\/td>\n<td width=\"14.3000%\">Fr\u00e9quence de coupe<\/td>\n<td width=\"10.8000%\">Moteur principal<\/td>\n<\/tr>\n<tr>\n<td width=\"14.9200%\">(tonne)<\/td>\n<td width=\"13.0800%\">(mm)<\/td>\n<td width=\"10.5600%\">(mm)<\/td>\n<td width=\"10.1800%\">(mm)<\/td>\n<td width=\"12.8800%\">(tonne\/h)<\/td>\n<td width=\"14.3000%\">(fois\/min)<\/td>\n<td width=\"10.8000%\">(kW)<\/td>\n<\/tr>\n<tr>\n<td width=\"13.1800%\">LT-HBS-500<\/td>\n<td width=\"14.9200%\">500<\/td>\n<td width=\"13.0800%\">4800\u00d72240<\/td>\n<td width=\"10.5600%\">650\u00d7550<\/td>\n<td width=\"10.1800%\">750<\/td>\n<td width=\"12.8800%\">5.5-15<\/td>\n<td rowspan=\"2\" width=\"14.3000%\">3-4<\/td>\n<td width=\"10.8000%\">(2+1)\u00d790<\/td>\n<\/tr>\n<tr>\n<td width=\"13.1800%\">LT-HBS-630<\/td>\n<td width=\"14.9200%\">600<\/td>\n<td width=\"13.0800%\">6000\u00d72500<\/td>\n<td width=\"10.5600%\">720\u00d7650<\/td>\n<td width=\"10.1800%\">880<\/td>\n<td width=\"12.8800%\">8.0-22.0<\/td>\n<td width=\"10.8000%\">(3+1)\u00d790<\/td>\n<\/tr>\n<\/tbody>\n<\/table>\n","protected":false},"excerpt":{"rendered":"<p>Notre cisaille \u00e0 balles hydraulique robuste offre une grande efficacit\u00e9 dans le traitement de divers d\u00e9chets m\u00e9talliques gr\u00e2ce \u00e0 de puissants m\u00e9canismes de pr\u00e9-compression et de coupe.<\/p>\n<p>Elle traite efficacement divers mat\u00e9riaux, des barres et profil\u00e9s aux carrosseries, assurant un cisaillage pr\u00e9cis et constant. Son syst\u00e8me hydraulique robuste offre une force de coupe importante, permettant un fonctionnement rapide et fiable tout en r\u00e9duisant le volume de mat\u00e9riau pour une manipulation plus ais\u00e9e.<\/p>\n<p>Gr\u00e2ce \u00e0 des commandes automatis\u00e9es et \u00e0 une construction durable, il am\u00e9liore la productivit\u00e9 et garantit des performances \u00e0 long terme dans les applications exigeantes de recyclage de ferraille.<\/p>\n<ul>\n<li>Force de coupe hydraulique puissante<\/li>\n<li>Construction robuste et durable<\/li>\n<li>Manutention polyvalente de mat\u00e9riaux de rebut<\/li>\n<li>Efficacit\u00e9 de production de 5,5 \u00e0 22 tonnes par heure<\/li>\n<\/ul>\n","protected":false},"featured_media":11139,"template":"","meta":{"site-sidebar-layout":"default","site-content-layout":"","ast-site-content-layout":"default","site-content-style":"default","site-sidebar-style":"default","ast-global-header-display":"","ast-banner-title-visibility":"","ast-main-header-display":"","ast-hfb-above-header-display":"","ast-hfb-below-header-display":"","ast-hfb-mobile-header-display":"","site-post-title":"","ast-breadcrumbs-content":"","ast-featured-img":"","footer-sml-layout":"","theme-transparent-header-meta":"default","adv-header-id-meta":"","stick-header-meta":"","header-above-stick-meta":"","header-main-stick-meta":"","header-below-stick-meta":"","astra-migrate-meta-layouts":"set","ast-page-background-enabled":"default","ast-page-background-meta":{"desktop":{"background-color":"var(--ast-global-color-4)","background-image":"","background-repeat":"repeat","background-position":"center center","background-size":"auto","background-attachment":"scroll","background-type":"","background-media":"","overlay-type":"","overlay-color":"","overlay-opacity":"","overlay-gradient":""},"tablet":{"background-color":"","background-image":"","background-repeat":"repeat","background-position":"center center","background-size":"auto","background-attachment":"scroll","background-type":"","background-media":"","overlay-type":"","overlay-color":"","overlay-opacity":"","overlay-gradient":""},"mobile":{"background-color":"","background-image":"","background-repeat":"repeat","background-position":"center center","background-size":"auto","background-attachment":"scroll","background-type":"","background-media":"","overlay-type":"","overlay-color":"","overlay-opacity":"","overlay-gradient":""}},"ast-content-background-meta":{"desktop":{"background-color":"var(--ast-global-color-5)","background-image":"","background-repeat":"repeat","background-position":"center center","background-size":"auto","background-attachment":"scroll","background-type":"","background-media":"","overlay-type":"","overlay-color":"","overlay-opacity":"","overlay-gradient":""},"tablet":{"background-color":"var(--ast-global-color-5)","background-image":"","background-repeat":"repeat","background-position":"center center","background-size":"auto","background-attachment":"scroll","background-type":"","background-media":"","overlay-type":"","overlay-color":"","overlay-opacity":"","overlay-gradient":""},"mobile":{"background-color":"var(--ast-global-color-5)","background-image":"","background-repeat":"repeat","background-position":"center center","background-size":"auto","background-attachment":"scroll","background-type":"","background-media":"","overlay-type":"","overlay-color":"","overlay-opacity":"","overlay-gradient":""}}},"product_brand":[],"product_cat":[44],"product_tag":[],"class_list":{"0":"post-11548","1":"product","2":"type-product","3":"status-publish","4":"has-post-thumbnail","6":"product_cat-cisaille-a-ferraille","7":"desktop-align-left","8":"tablet-align-left","9":"mobile-align-left","11":"first","12":"instock","13":"shipping-taxable","14":"product-type-simple"},"_links":{"self":[{"href":"https:\/\/www.unitetopbalermachine.com\/fr\/wp-json\/wp\/v2\/product\/11548","targetHints":{"allow":["GET"]}}],"collection":[{"href":"https:\/\/www.unitetopbalermachine.com\/fr\/wp-json\/wp\/v2\/product"}],"about":[{"href":"https:\/\/www.unitetopbalermachine.com\/fr\/wp-json\/wp\/v2\/types\/product"}],"wp:featuredmedia":[{"embeddable":true,"href":"https:\/\/www.unitetopbalermachine.com\/fr\/wp-json\/wp\/v2\/media\/11139"}],"wp:attachment":[{"href":"https:\/\/www.unitetopbalermachine.com\/fr\/wp-json\/wp\/v2\/media?parent=11548"}],"wp:term":[{"taxonomy":"product_brand","embeddable":true,"href":"https:\/\/www.unitetopbalermachine.com\/fr\/wp-json\/wp\/v2\/product_brand?post=11548"},{"taxonomy":"product_cat","embeddable":true,"href":"https:\/\/www.unitetopbalermachine.com\/fr\/wp-json\/wp\/v2\/product_cat?post=11548"},{"taxonomy":"product_tag","embeddable":true,"href":"https:\/\/www.unitetopbalermachine.com\/fr\/wp-json\/wp\/v2\/product_tag?post=11548"}],"curies":[{"name":"wp","href":"https:\/\/api.w.org\/{rel}","templated":true}]}}